{"id":1108,"date":"2024-04-26T10:12:16","date_gmt":"2024-04-26T07:12:16","guid":{"rendered":"https:\/\/www.rsrmoto.ee\/?post_type=product&#038;p=1108"},"modified":"2024-05-16T14:19:35","modified_gmt":"2024-05-16T11:19:35","slug":"rachel-graphite-1520-waders","status":"publish","type":"product","link":"https:\/\/rsrmoto.ee\/en\/product\/rachel-graphite-1520-waders\/","title":{"rendered":"RACHEL &#8220;Graphite 1520&#8221; kahlamisp\u00fcksid"},"content":{"rendered":"<p>Ideaalne sobivuse, kaitse ja stiili kombinatsioon, mis on l\u00e4bim\u00f5eldult loodud naistele. Stiilse ja \u00f5hukese siluetiga Racheli kahlajad sobivad naistele ja tagavad optimaalse mugavuse ja j\u00f5udluse teie v\u00e4liseiklustel.<\/p>\n<p>&nbsp;<\/p>","protected":false},"excerpt":{"rendered":"<p>Vastupidav neljakihiline HARD-TEX\u00ae membraaniga kangas<br \/>\nMustust h\u00fclgav TEFLON\u2122 kate<br \/>\nK\u00f5ik \u00f5mblused ja t\u00f5mblukud on kindlalt teibitud<br \/>\nErgonoomiline p\u00f5lvel\u00f5ige<br \/>\nSpetsiaalne disain, mis sobib naistele<br \/>\nElastsed traksid ja YKK pandlaga v\u00f6\u00f6<br \/>\nSuur veekindel rinnatasku tugeva YKK lukuga<br \/>\nVeekindla lukuga lahtik\u00e4iv sisetasku<br \/>\nKuivatussilmused<br \/>\nSisseehitatud mugavad 0,16 tolli (4 mm) neopreenist papud tugevdatud tallaga<br \/>\n3M helkurelemendid<br \/>\nKaasas on veekindel nutitelefoni kott<\/p>","protected":false},"featured_media":1119,"template":"","meta":[],"product_brand":[],"product_cat":[109,23,35],"product_tag":[],"class_list":{"0":"post-1108","1":"product","2":"type-product","3":"status-publish","4":"has-post-thumbnail","6":"product_cat-kahlamispuksid-naistele","7":"product_cat-naistele","8":"product_cat-puksid-naistele","10":"first","11":"instock","12":"taxable","13":"shipping-taxable","14":"purchasable","15":"product-type-simple"},"ct_brands":[],"yoast_head":"<!-- This site is optimized with the Yoast SEO plugin v27.3 - https:\/\/yoast.com\/product\/yoast-seo-wordpress\/ -->\n<title>RACHEL &quot;Graphite 1520&quot; kahlamisp\u00fcksid - RSR Moto<\/title>\n<meta name=\"robots\" content=\"index, follow, max-snippet:-1, max-image-preview:large, max-video-preview:-1\" \/>\n<link rel=\"canonical\" href=\"https:\/\/rsrmoto.ee\/en\/product\/rachel-graphite-1520-waders\/\" \/>\n<meta property=\"og:locale\" content=\"en_GB\" \/>\n<meta property=\"og:type\" content=\"article\" \/>\n<meta property=\"og:title\" content=\"RACHEL &quot;Graphite 1520&quot; kahlamisp\u00fcksid - RSR Moto\" \/>\n<meta property=\"og:description\" content=\"Vastupidav neljakihiline HARD-TEX\u00ae membraaniga kangas Mustust h\u00fclgav TEFLON\u2122 kate K\u00f5ik \u00f5mblused ja t\u00f5mblukud on kindlalt teibitud Ergonoomiline p\u00f5lvel\u00f5ige Spetsiaalne disain, mis sobib naistele Elastsed traksid ja YKK pandlaga v\u00f6\u00f6 Suur veekindel rinnatasku tugeva YKK lukuga Veekindla lukuga lahtik\u00e4iv sisetasku Kuivatussilmused Sisseehitatud mugavad 0,16 tolli (4 mm) neopreenist papud tugevdatud tallaga 3M helkurelemendid Kaasas on veekindel nutitelefoni kott\" \/>\n<meta property=\"og:url\" content=\"https:\/\/rsrmoto.ee\/en\/product\/rachel-graphite-1520-waders\/\" \/>\n<meta property=\"og:site_name\" content=\"RSR Moto\" \/>\n<meta property=\"article:modified_time\" content=\"2024-05-16T11:19:35+00:00\" \/>\n<meta property=\"og:image\" content=\"https:\/\/rsrmoto.ee\/wp-content\/uploads\/2024\/04\/62507hdrbq3y05tx8hzrccd97hx8oei2.webp\" \/>\n\t<meta property=\"og:image:width\" content=\"1000\" \/>\n\t<meta property=\"og:image:height\" content=\"1000\" \/>\n\t<meta property=\"og:image:type\" content=\"image\/webp\" \/>\n<meta name=\"twitter:card\" content=\"summary_large_image\" \/>\n<script type=\"application\/ld+json\" class=\"yoast-schema-graph\">{\"@context\":\"https:\\\/\\\/schema.org\",\"@graph\":[{\"@type\":\"WebPage\",\"@id\":\"https:\\\/\\\/rsrmoto.ee\\\/toode\\\/rachel-graphite-1520-waders\\\/\",\"url\":\"https:\\\/\\\/rsrmoto.ee\\\/toode\\\/rachel-graphite-1520-waders\\\/\",\"name\":\"RACHEL \\\"Graphite 1520\\\" kahlamisp\u00fcksid - RSR Moto\",\"isPartOf\":{\"@id\":\"https:\\\/\\\/rsrmoto.ee\\\/#website\"},\"primaryImageOfPage\":{\"@id\":\"https:\\\/\\\/rsrmoto.ee\\\/toode\\\/rachel-graphite-1520-waders\\\/#primaryimage\"},\"image\":{\"@id\":\"https:\\\/\\\/rsrmoto.ee\\\/toode\\\/rachel-graphite-1520-waders\\\/#primaryimage\"},\"thumbnailUrl\":\"https:\\\/\\\/rsrmoto.ee\\\/wp-content\\\/uploads\\\/2024\\\/04\\\/62507hdrbq3y05tx8hzrccd97hx8oei2.webp\",\"datePublished\":\"2024-04-26T07:12:16+00:00\",\"dateModified\":\"2024-05-16T11:19:35+00:00\",\"breadcrumb\":{\"@id\":\"https:\\\/\\\/rsrmoto.ee\\\/toode\\\/rachel-graphite-1520-waders\\\/#breadcrumb\"},\"inLanguage\":\"en-GB\",\"potentialAction\":[{\"@type\":\"ReadAction\",\"target\":[\"https:\\\/\\\/rsrmoto.ee\\\/toode\\\/rachel-graphite-1520-waders\\\/\"]}]},{\"@type\":\"ImageObject\",\"inLanguage\":\"en-GB\",\"@id\":\"https:\\\/\\\/rsrmoto.ee\\\/toode\\\/rachel-graphite-1520-waders\\\/#primaryimage\",\"url\":\"https:\\\/\\\/rsrmoto.ee\\\/wp-content\\\/uploads\\\/2024\\\/04\\\/62507hdrbq3y05tx8hzrccd97hx8oei2.webp\",\"contentUrl\":\"https:\\\/\\\/rsrmoto.ee\\\/wp-content\\\/uploads\\\/2024\\\/04\\\/62507hdrbq3y05tx8hzrccd97hx8oei2.webp\",\"width\":1000,\"height\":1000},{\"@type\":\"BreadcrumbList\",\"@id\":\"https:\\\/\\\/rsrmoto.ee\\\/toode\\\/rachel-graphite-1520-waders\\\/#breadcrumb\",\"itemListElement\":[{\"@type\":\"ListItem\",\"position\":1,\"name\":\"Esileht\",\"item\":\"https:\\\/\\\/rsrmoto.ee\\\/\"},{\"@type\":\"ListItem\",\"position\":2,\"name\":\"Pood\",\"item\":\"https:\\\/\\\/rsrmoto.ee\\\/pood\\\/\"},{\"@type\":\"ListItem\",\"position\":3,\"name\":\"RACHEL &#8220;Graphite 1520&#8221; kahlamisp\u00fcksid\"}]},{\"@type\":\"WebSite\",\"@id\":\"https:\\\/\\\/rsrmoto.ee\\\/#website\",\"url\":\"https:\\\/\\\/rsrmoto.ee\\\/\",\"name\":\"RSR Moto\",\"description\":\"Kvalitseetsed matka- ja kalastusriided\",\"publisher\":{\"@id\":\"https:\\\/\\\/rsrmoto.ee\\\/#organization\"},\"potentialAction\":[{\"@type\":\"SearchAction\",\"target\":{\"@type\":\"EntryPoint\",\"urlTemplate\":\"https:\\\/\\\/rsrmoto.ee\\\/?s={search_term_string}\"},\"query-input\":{\"@type\":\"PropertyValueSpecification\",\"valueRequired\":true,\"valueName\":\"search_term_string\"}}],\"inLanguage\":\"en-GB\"},{\"@type\":\"Organization\",\"@id\":\"https:\\\/\\\/rsrmoto.ee\\\/#organization\",\"name\":\"RSR Moto\",\"url\":\"https:\\\/\\\/rsrmoto.ee\\\/\",\"logo\":{\"@type\":\"ImageObject\",\"inLanguage\":\"en-GB\",\"@id\":\"https:\\\/\\\/rsrmoto.ee\\\/#\\\/schema\\\/logo\\\/image\\\/\",\"url\":\"https:\\\/\\\/www.rsrmoto.ee\\\/wp-content\\\/uploads\\\/2024\\\/05\\\/mountain-300x300-1.png\",\"contentUrl\":\"https:\\\/\\\/www.rsrmoto.ee\\\/wp-content\\\/uploads\\\/2024\\\/05\\\/mountain-300x300-1.png\",\"width\":300,\"height\":300,\"caption\":\"RSR Moto\"},\"image\":{\"@id\":\"https:\\\/\\\/rsrmoto.ee\\\/#\\\/schema\\\/logo\\\/image\\\/\"}}]}<\/script>\n<!-- \/ Yoast SEO plugin. -->","yoast_head_json":{"title":"RACHEL \"Graphite 1520\" kahlamisp\u00fcksid - RSR Moto","robots":{"index":"index","follow":"follow","max-snippet":"max-snippet:-1","max-image-preview":"max-image-preview:large","max-video-preview":"max-video-preview:-1"},"canonical":"https:\/\/rsrmoto.ee\/en\/product\/rachel-graphite-1520-waders\/","og_locale":"en_GB","og_type":"article","og_title":"RACHEL \"Graphite 1520\" kahlamisp\u00fcksid - RSR Moto","og_description":"Vastupidav neljakihiline HARD-TEX\u00ae membraaniga kangas Mustust h\u00fclgav TEFLON\u2122 kate K\u00f5ik \u00f5mblused ja t\u00f5mblukud on kindlalt teibitud Ergonoomiline p\u00f5lvel\u00f5ige Spetsiaalne disain, mis sobib naistele Elastsed traksid ja YKK pandlaga v\u00f6\u00f6 Suur veekindel rinnatasku tugeva YKK lukuga Veekindla lukuga lahtik\u00e4iv sisetasku Kuivatussilmused Sisseehitatud mugavad 0,16 tolli (4 mm) neopreenist papud tugevdatud tallaga 3M helkurelemendid Kaasas on veekindel nutitelefoni kott","og_url":"https:\/\/rsrmoto.ee\/en\/product\/rachel-graphite-1520-waders\/","og_site_name":"RSR Moto","article_modified_time":"2024-05-16T11:19:35+00:00","og_image":[{"width":1000,"height":1000,"url":"https:\/\/rsrmoto.ee\/wp-content\/uploads\/2024\/04\/62507hdrbq3y05tx8hzrccd97hx8oei2.webp","type":"image\/webp"}],"twitter_card":"summary_large_image","schema":{"@context":"https:\/\/schema.org","@graph":[{"@type":"WebPage","@id":"https:\/\/rsrmoto.ee\/toode\/rachel-graphite-1520-waders\/","url":"https:\/\/rsrmoto.ee\/toode\/rachel-graphite-1520-waders\/","name":"RACHEL \"Graphite 1520\" kahlamisp\u00fcksid - RSR Moto","isPartOf":{"@id":"https:\/\/rsrmoto.ee\/#website"},"primaryImageOfPage":{"@id":"https:\/\/rsrmoto.ee\/toode\/rachel-graphite-1520-waders\/#primaryimage"},"image":{"@id":"https:\/\/rsrmoto.ee\/toode\/rachel-graphite-1520-waders\/#primaryimage"},"thumbnailUrl":"https:\/\/rsrmoto.ee\/wp-content\/uploads\/2024\/04\/62507hdrbq3y05tx8hzrccd97hx8oei2.webp","datePublished":"2024-04-26T07:12:16+00:00","dateModified":"2024-05-16T11:19:35+00:00","breadcrumb":{"@id":"https:\/\/rsrmoto.ee\/toode\/rachel-graphite-1520-waders\/#breadcrumb"},"inLanguage":"en-GB","potentialAction":[{"@type":"ReadAction","target":["https:\/\/rsrmoto.ee\/toode\/rachel-graphite-1520-waders\/"]}]},{"@type":"ImageObject","inLanguage":"en-GB","@id":"https:\/\/rsrmoto.ee\/toode\/rachel-graphite-1520-waders\/#primaryimage","url":"https:\/\/rsrmoto.ee\/wp-content\/uploads\/2024\/04\/62507hdrbq3y05tx8hzrccd97hx8oei2.webp","contentUrl":"https:\/\/rsrmoto.ee\/wp-content\/uploads\/2024\/04\/62507hdrbq3y05tx8hzrccd97hx8oei2.webp","width":1000,"height":1000},{"@type":"BreadcrumbList","@id":"https:\/\/rsrmoto.ee\/toode\/rachel-graphite-1520-waders\/#breadcrumb","itemListElement":[{"@type":"ListItem","position":1,"name":"Esileht","item":"https:\/\/rsrmoto.ee\/"},{"@type":"ListItem","position":2,"name":"Pood","item":"https:\/\/rsrmoto.ee\/pood\/"},{"@type":"ListItem","position":3,"name":"RACHEL &#8220;Graphite 1520&#8221; kahlamisp\u00fcksid"}]},{"@type":"WebSite","@id":"https:\/\/rsrmoto.ee\/#website","url":"https:\/\/rsrmoto.ee\/","name":"RSR Moto","description":"Kvalitseetsed matka- ja kalastusriided","publisher":{"@id":"https:\/\/rsrmoto.ee\/#organization"},"potentialAction":[{"@type":"SearchAction","target":{"@type":"EntryPoint","urlTemplate":"https:\/\/rsrmoto.ee\/?s={search_term_string}"},"query-input":{"@type":"PropertyValueSpecification","valueRequired":true,"valueName":"search_term_string"}}],"inLanguage":"en-GB"},{"@type":"Organization","@id":"https:\/\/rsrmoto.ee\/#organization","name":"RSR Moto","url":"https:\/\/rsrmoto.ee\/","logo":{"@type":"ImageObject","inLanguage":"en-GB","@id":"https:\/\/rsrmoto.ee\/#\/schema\/logo\/image\/","url":"https:\/\/www.rsrmoto.ee\/wp-content\/uploads\/2024\/05\/mountain-300x300-1.png","contentUrl":"https:\/\/www.rsrmoto.ee\/wp-content\/uploads\/2024\/05\/mountain-300x300-1.png","width":300,"height":300,"caption":"RSR Moto"},"image":{"@id":"https:\/\/rsrmoto.ee\/#\/schema\/logo\/image\/"}}]}},"_links":{"self":[{"href":"https:\/\/rsrmoto.ee\/en\/wp-json\/wp\/v2\/product\/1108","targetHints":{"allow":["GET"]}}],"collection":[{"href":"https:\/\/rsrmoto.ee\/en\/wp-json\/wp\/v2\/product"}],"about":[{"href":"https:\/\/rsrmoto.ee\/en\/wp-json\/wp\/v2\/types\/product"}],"wp:featuredmedia":[{"embeddable":true,"href":"https:\/\/rsrmoto.ee\/en\/wp-json\/wp\/v2\/media\/1119"}],"wp:attachment":[{"href":"https:\/\/rsrmoto.ee\/en\/wp-json\/wp\/v2\/media?parent=1108"}],"wp:term":[{"taxonomy":"product_brand","embeddable":true,"href":"https:\/\/rsrmoto.ee\/en\/wp-json\/wp\/v2\/product_brand?post=1108"},{"taxonomy":"product_cat","embeddable":true,"href":"https:\/\/rsrmoto.ee\/en\/wp-json\/wp\/v2\/product_cat?post=1108"},{"taxonomy":"product_tag","embeddable":true,"href":"https:\/\/rsrmoto.ee\/en\/wp-json\/wp\/v2\/product_tag?post=1108"}],"curies":[{"name":"wp","href":"https:\/\/api.w.org\/{rel}","templated":true}]}}