{"id":1269,"date":"2024-05-06T12:04:05","date_gmt":"2024-05-06T09:04:05","guid":{"rendered":"https:\/\/www.rsrmoto.ee\/?post_type=product&#038;p=1269"},"modified":"2024-05-16T13:52:48","modified_gmt":"2024-05-16T10:52:48","slug":"suit-thor-graphite","status":"publish","type":"product","link":"https:\/\/rsrmoto.ee\/en\/product\/suit-thor-graphite\/","title":{"rendered":"Komplekt &#8220;Thor Graphite&#8221;"},"content":{"rendered":"<p>Vastupidav membraankangas<\/p>\n<p>Usaldusv\u00e4\u00e4rne mustust h\u00fclgav kate<\/p>\n<p>3M helkurelemendid<\/p>","protected":false},"excerpt":{"rendered":"<p>See \u00fclikond on m\u00f5eldud \u00f5ues\u00f5pradele, kes tegelevad erinevate seikluslike tegevustega. See mitmek\u00fclgne \u00fclikond koosneb mugavatest pudip\u00f5lledest ja funktsionaalsest jakist. \u00dclikond on varustatud isoleeritud k\u00f5rge selja ja reguleeritavate traksidega, samal ajal kui jopel on tugev eesmine t\u00f5mblukk, magnetiline tormiklapp, usaldusv\u00e4\u00e4rsed k\u00e4tised ja eemaldatav kapuuts.<\/p>","protected":false},"featured_media":1270,"template":"","meta":[],"product_brand":[],"product_cat":[26,15,47],"product_tag":[],"class_list":{"0":"post-1269","1":"product","2":"type-product","3":"status-publish","4":"has-post-thumbnail","6":"product_cat-komplektid","7":"product_cat-meestele","8":"product_cat-vihmariided","10":"first","11":"instock","12":"taxable","13":"shipping-taxable","14":"purchasable","15":"product-type-variable"},"ct_brands":[],"yoast_head":"<!-- This site is optimized with the Yoast SEO plugin v27.3 - https:\/\/yoast.com\/product\/yoast-seo-wordpress\/ -->\n<title>Komplekt &quot;Thor Graphite&quot; - RSR Moto<\/title>\n<meta name=\"robots\" content=\"index, follow, max-snippet:-1, max-image-preview:large, max-video-preview:-1\" \/>\n<link rel=\"canonical\" href=\"https:\/\/rsrmoto.ee\/en\/product\/suit-thor-graphite\/\" \/>\n<meta property=\"og:locale\" content=\"en_GB\" \/>\n<meta property=\"og:type\" content=\"article\" \/>\n<meta property=\"og:title\" content=\"Komplekt &quot;Thor Graphite&quot; - RSR Moto\" \/>\n<meta property=\"og:description\" content=\"See \u00fclikond on m\u00f5eldud \u00f5ues\u00f5pradele, kes tegelevad erinevate seikluslike tegevustega. See mitmek\u00fclgne \u00fclikond koosneb mugavatest pudip\u00f5lledest ja funktsionaalsest jakist. \u00dclikond on varustatud isoleeritud k\u00f5rge selja ja reguleeritavate traksidega, samal ajal kui jopel on tugev eesmine t\u00f5mblukk, magnetiline tormiklapp, usaldusv\u00e4\u00e4rsed k\u00e4tised ja eemaldatav kapuuts.\" \/>\n<meta property=\"og:url\" content=\"https:\/\/rsrmoto.ee\/en\/product\/suit-thor-graphite\/\" \/>\n<meta property=\"og:site_name\" content=\"RSR Moto\" \/>\n<meta property=\"article:modified_time\" content=\"2024-05-16T10:52:48+00:00\" \/>\n<meta property=\"og:image\" content=\"https:\/\/rsrmoto.ee\/wp-content\/uploads\/2024\/05\/80ad12fe1cac46dfefa4b3d7879fd6b9.webp\" \/>\n\t<meta property=\"og:image:width\" content=\"1000\" \/>\n\t<meta property=\"og:image:height\" content=\"1000\" \/>\n\t<meta property=\"og:image:type\" content=\"image\/webp\" \/>\n<meta name=\"twitter:card\" content=\"summary_large_image\" \/>\n<script type=\"application\/ld+json\" class=\"yoast-schema-graph\">{\"@context\":\"https:\\\/\\\/schema.org\",\"@graph\":[{\"@type\":\"WebPage\",\"@id\":\"https:\\\/\\\/rsrmoto.ee\\\/toode\\\/suit-thor-graphite\\\/\",\"url\":\"https:\\\/\\\/rsrmoto.ee\\\/toode\\\/suit-thor-graphite\\\/\",\"name\":\"Komplekt \\\"Thor Graphite\\\" - RSR Moto\",\"isPartOf\":{\"@id\":\"https:\\\/\\\/rsrmoto.ee\\\/#website\"},\"primaryImageOfPage\":{\"@id\":\"https:\\\/\\\/rsrmoto.ee\\\/toode\\\/suit-thor-graphite\\\/#primaryimage\"},\"image\":{\"@id\":\"https:\\\/\\\/rsrmoto.ee\\\/toode\\\/suit-thor-graphite\\\/#primaryimage\"},\"thumbnailUrl\":\"https:\\\/\\\/rsrmoto.ee\\\/wp-content\\\/uploads\\\/2024\\\/05\\\/80ad12fe1cac46dfefa4b3d7879fd6b9.webp\",\"datePublished\":\"2024-05-06T09:04:05+00:00\",\"dateModified\":\"2024-05-16T10:52:48+00:00\",\"breadcrumb\":{\"@id\":\"https:\\\/\\\/rsrmoto.ee\\\/toode\\\/suit-thor-graphite\\\/#breadcrumb\"},\"inLanguage\":\"en-GB\",\"potentialAction\":[{\"@type\":\"ReadAction\",\"target\":[\"https:\\\/\\\/rsrmoto.ee\\\/toode\\\/suit-thor-graphite\\\/\"]}]},{\"@type\":\"ImageObject\",\"inLanguage\":\"en-GB\",\"@id\":\"https:\\\/\\\/rsrmoto.ee\\\/toode\\\/suit-thor-graphite\\\/#primaryimage\",\"url\":\"https:\\\/\\\/rsrmoto.ee\\\/wp-content\\\/uploads\\\/2024\\\/05\\\/80ad12fe1cac46dfefa4b3d7879fd6b9.webp\",\"contentUrl\":\"https:\\\/\\\/rsrmoto.ee\\\/wp-content\\\/uploads\\\/2024\\\/05\\\/80ad12fe1cac46dfefa4b3d7879fd6b9.webp\",\"width\":1000,\"height\":1000},{\"@type\":\"BreadcrumbList\",\"@id\":\"https:\\\/\\\/rsrmoto.ee\\\/toode\\\/suit-thor-graphite\\\/#breadcrumb\",\"itemListElement\":[{\"@type\":\"ListItem\",\"position\":1,\"name\":\"Esileht\",\"item\":\"https:\\\/\\\/rsrmoto.ee\\\/\"},{\"@type\":\"ListItem\",\"position\":2,\"name\":\"Pood\",\"item\":\"https:\\\/\\\/rsrmoto.ee\\\/pood\\\/\"},{\"@type\":\"ListItem\",\"position\":3,\"name\":\"Komplekt &#8220;Thor Graphite&#8221;\"}]},{\"@type\":\"WebSite\",\"@id\":\"https:\\\/\\\/rsrmoto.ee\\\/#website\",\"url\":\"https:\\\/\\\/rsrmoto.ee\\\/\",\"name\":\"RSR Moto\",\"description\":\"Kvalitseetsed matka- ja kalastusriided\",\"publisher\":{\"@id\":\"https:\\\/\\\/rsrmoto.ee\\\/#organization\"},\"potentialAction\":[{\"@type\":\"SearchAction\",\"target\":{\"@type\":\"EntryPoint\",\"urlTemplate\":\"https:\\\/\\\/rsrmoto.ee\\\/?s={search_term_string}\"},\"query-input\":{\"@type\":\"PropertyValueSpecification\",\"valueRequired\":true,\"valueName\":\"search_term_string\"}}],\"inLanguage\":\"en-GB\"},{\"@type\":\"Organization\",\"@id\":\"https:\\\/\\\/rsrmoto.ee\\\/#organization\",\"name\":\"RSR Moto\",\"url\":\"https:\\\/\\\/rsrmoto.ee\\\/\",\"logo\":{\"@type\":\"ImageObject\",\"inLanguage\":\"en-GB\",\"@id\":\"https:\\\/\\\/rsrmoto.ee\\\/#\\\/schema\\\/logo\\\/image\\\/\",\"url\":\"https:\\\/\\\/www.rsrmoto.ee\\\/wp-content\\\/uploads\\\/2024\\\/05\\\/mountain-300x300-1.png\",\"contentUrl\":\"https:\\\/\\\/www.rsrmoto.ee\\\/wp-content\\\/uploads\\\/2024\\\/05\\\/mountain-300x300-1.png\",\"width\":300,\"height\":300,\"caption\":\"RSR Moto\"},\"image\":{\"@id\":\"https:\\\/\\\/rsrmoto.ee\\\/#\\\/schema\\\/logo\\\/image\\\/\"}}]}<\/script>\n<!-- \/ Yoast SEO plugin. -->","yoast_head_json":{"title":"Komplekt \"Thor Graphite\" - RSR Moto","robots":{"index":"index","follow":"follow","max-snippet":"max-snippet:-1","max-image-preview":"max-image-preview:large","max-video-preview":"max-video-preview:-1"},"canonical":"https:\/\/rsrmoto.ee\/en\/product\/suit-thor-graphite\/","og_locale":"en_GB","og_type":"article","og_title":"Komplekt \"Thor Graphite\" - RSR Moto","og_description":"See \u00fclikond on m\u00f5eldud \u00f5ues\u00f5pradele, kes tegelevad erinevate seikluslike tegevustega. See mitmek\u00fclgne \u00fclikond koosneb mugavatest pudip\u00f5lledest ja funktsionaalsest jakist. \u00dclikond on varustatud isoleeritud k\u00f5rge selja ja reguleeritavate traksidega, samal ajal kui jopel on tugev eesmine t\u00f5mblukk, magnetiline tormiklapp, usaldusv\u00e4\u00e4rsed k\u00e4tised ja eemaldatav kapuuts.","og_url":"https:\/\/rsrmoto.ee\/en\/product\/suit-thor-graphite\/","og_site_name":"RSR Moto","article_modified_time":"2024-05-16T10:52:48+00:00","og_image":[{"width":1000,"height":1000,"url":"https:\/\/rsrmoto.ee\/wp-content\/uploads\/2024\/05\/80ad12fe1cac46dfefa4b3d7879fd6b9.webp","type":"image\/webp"}],"twitter_card":"summary_large_image","schema":{"@context":"https:\/\/schema.org","@graph":[{"@type":"WebPage","@id":"https:\/\/rsrmoto.ee\/toode\/suit-thor-graphite\/","url":"https:\/\/rsrmoto.ee\/toode\/suit-thor-graphite\/","name":"Komplekt \"Thor Graphite\" - RSR Moto","isPartOf":{"@id":"https:\/\/rsrmoto.ee\/#website"},"primaryImageOfPage":{"@id":"https:\/\/rsrmoto.ee\/toode\/suit-thor-graphite\/#primaryimage"},"image":{"@id":"https:\/\/rsrmoto.ee\/toode\/suit-thor-graphite\/#primaryimage"},"thumbnailUrl":"https:\/\/rsrmoto.ee\/wp-content\/uploads\/2024\/05\/80ad12fe1cac46dfefa4b3d7879fd6b9.webp","datePublished":"2024-05-06T09:04:05+00:00","dateModified":"2024-05-16T10:52:48+00:00","breadcrumb":{"@id":"https:\/\/rsrmoto.ee\/toode\/suit-thor-graphite\/#breadcrumb"},"inLanguage":"en-GB","potentialAction":[{"@type":"ReadAction","target":["https:\/\/rsrmoto.ee\/toode\/suit-thor-graphite\/"]}]},{"@type":"ImageObject","inLanguage":"en-GB","@id":"https:\/\/rsrmoto.ee\/toode\/suit-thor-graphite\/#primaryimage","url":"https:\/\/rsrmoto.ee\/wp-content\/uploads\/2024\/05\/80ad12fe1cac46dfefa4b3d7879fd6b9.webp","contentUrl":"https:\/\/rsrmoto.ee\/wp-content\/uploads\/2024\/05\/80ad12fe1cac46dfefa4b3d7879fd6b9.webp","width":1000,"height":1000},{"@type":"BreadcrumbList","@id":"https:\/\/rsrmoto.ee\/toode\/suit-thor-graphite\/#breadcrumb","itemListElement":[{"@type":"ListItem","position":1,"name":"Esileht","item":"https:\/\/rsrmoto.ee\/"},{"@type":"ListItem","position":2,"name":"Pood","item":"https:\/\/rsrmoto.ee\/pood\/"},{"@type":"ListItem","position":3,"name":"Komplekt &#8220;Thor Graphite&#8221;"}]},{"@type":"WebSite","@id":"https:\/\/rsrmoto.ee\/#website","url":"https:\/\/rsrmoto.ee\/","name":"RSR Moto","description":"Kvalitseetsed matka- ja kalastusriided","publisher":{"@id":"https:\/\/rsrmoto.ee\/#organization"},"potentialAction":[{"@type":"SearchAction","target":{"@type":"EntryPoint","urlTemplate":"https:\/\/rsrmoto.ee\/?s={search_term_string}"},"query-input":{"@type":"PropertyValueSpecification","valueRequired":true,"valueName":"search_term_string"}}],"inLanguage":"en-GB"},{"@type":"Organization","@id":"https:\/\/rsrmoto.ee\/#organization","name":"RSR Moto","url":"https:\/\/rsrmoto.ee\/","logo":{"@type":"ImageObject","inLanguage":"en-GB","@id":"https:\/\/rsrmoto.ee\/#\/schema\/logo\/image\/","url":"https:\/\/www.rsrmoto.ee\/wp-content\/uploads\/2024\/05\/mountain-300x300-1.png","contentUrl":"https:\/\/www.rsrmoto.ee\/wp-content\/uploads\/2024\/05\/mountain-300x300-1.png","width":300,"height":300,"caption":"RSR Moto"},"image":{"@id":"https:\/\/rsrmoto.ee\/#\/schema\/logo\/image\/"}}]}},"_links":{"self":[{"href":"https:\/\/rsrmoto.ee\/en\/wp-json\/wp\/v2\/product\/1269","targetHints":{"allow":["GET"]}}],"collection":[{"href":"https:\/\/rsrmoto.ee\/en\/wp-json\/wp\/v2\/product"}],"about":[{"href":"https:\/\/rsrmoto.ee\/en\/wp-json\/wp\/v2\/types\/product"}],"wp:featuredmedia":[{"embeddable":true,"href":"https:\/\/rsrmoto.ee\/en\/wp-json\/wp\/v2\/media\/1270"}],"wp:attachment":[{"href":"https:\/\/rsrmoto.ee\/en\/wp-json\/wp\/v2\/media?parent=1269"}],"wp:term":[{"taxonomy":"product_brand","embeddable":true,"href":"https:\/\/rsrmoto.ee\/en\/wp-json\/wp\/v2\/product_brand?post=1269"},{"taxonomy":"product_cat","embeddable":true,"href":"https:\/\/rsrmoto.ee\/en\/wp-json\/wp\/v2\/product_cat?post=1269"},{"taxonomy":"product_tag","embeddable":true,"href":"https:\/\/rsrmoto.ee\/en\/wp-json\/wp\/v2\/product_tag?post=1269"}],"curies":[{"name":"wp","href":"https:\/\/api.w.org\/{rel}","templated":true}]}}