{"id":1315,"date":"2024-05-06T12:23:14","date_gmt":"2024-05-06T09:23:14","guid":{"rendered":"https:\/\/www.rsrmoto.ee\/?post_type=product&#038;p=1315"},"modified":"2024-05-16T16:15:08","modified_gmt":"2024-05-16T13:15:08","slug":"suit-atlas-graphite","status":"publish","type":"product","link":"https:\/\/rsrmoto.ee\/en\/product\/suit-atlas-graphite\/","title":{"rendered":"Komplekt &#8220;Atlas&#8221; Must"},"content":{"rendered":"<p>Nii jope kui ka p\u00fcksid on soojustatud Thermalrate&#8217;iga. Kombineeritud mikrofliisist voodriga, mis tagab v\u00f5rratu mugavuse, hoiab see \u00fclikond end mugavalt isegi k\u00f5ige jahedamatel temperatuuridel. Lisaks pakuvad mugavalt paigutatud taskud, sealhulgas suusapassi varrukatasku, piisavalt hoiuruumi teie h\u00e4davajalike asjade jaoks.<\/p>","protected":false},"excerpt":{"rendered":"<p>FINNTRAIL Atlas on kaheosaline \u00fclikond \u00fclima talvekaitsega. Just see, mida vajate v\u00e4liseiklusteks, suusatamiseks, mootorsaaniga s\u00f5itmiseks v\u00f5i muuks tegevuseks talve nautimiseks.<\/p>\n<p>See suure j\u00f5udlusega \u00fclikond on valmistatud vastupidavast Ripstop materjalist ja HARD-TEX membraankangast ning on loodud taluma kuni -20 \u2103 temperatuuri. T\u00e4ielikult suletud \u00f5mblused ja veekindlad t\u00f5mblukud tagavad, et j\u00e4\u00e4te kuivaks, olenemata sellest, mida. \u00dclikonnal on ka peegeldavad elemendid, mis tagavad n\u00e4htavuse ja ohutuse v\u00e4hese valgusega tingimustes.<\/p>\n<p>\u00dclikonnal on tugevdatud alad peamistes kohtades, nagu puusad ja rinnahoidja alumine pool. Enam ei pea muretsema \u00fclikonna kulumise p\u00e4rast! See \u00fclikond, mis on valmistatud liigendatud l\u00f5ikega, et suurendada liikuvust, tagab piiramatu liikumise ja paindlikkuse.<\/p>","protected":false},"featured_media":3867,"template":"","meta":[],"product_brand":[],"product_cat":[26,15],"product_tag":[],"class_list":{"0":"post-1315","1":"product","2":"type-product","3":"status-publish","4":"has-post-thumbnail","6":"product_cat-komplektid","7":"product_cat-meestele","9":"first","10":"instock","11":"taxable","12":"shipping-taxable","13":"purchasable","14":"product-type-variable"},"ct_brands":[],"yoast_head":"<!-- This site is optimized with the Yoast SEO plugin v27.3 - https:\/\/yoast.com\/product\/yoast-seo-wordpress\/ -->\n<title>Komplekt &quot;Atlas&quot; Must - RSR Moto<\/title>\n<meta name=\"robots\" content=\"index, follow, max-snippet:-1, max-image-preview:large, max-video-preview:-1\" \/>\n<link rel=\"canonical\" href=\"https:\/\/rsrmoto.ee\/en\/product\/suit-atlas-graphite\/\" \/>\n<meta property=\"og:locale\" content=\"en_GB\" \/>\n<meta property=\"og:type\" content=\"article\" \/>\n<meta property=\"og:title\" content=\"Komplekt &quot;Atlas&quot; Must - RSR Moto\" \/>\n<meta property=\"og:description\" content=\"FINNTRAIL Atlas on kaheosaline \u00fclikond \u00fclima talvekaitsega. Just see, mida vajate v\u00e4liseiklusteks, suusatamiseks, mootorsaaniga s\u00f5itmiseks v\u00f5i muuks tegevuseks talve nautimiseks.  See suure j\u00f5udlusega \u00fclikond on valmistatud vastupidavast Ripstop materjalist ja HARD-TEX membraankangast ning on loodud taluma kuni -20 \u2103 temperatuuri. T\u00e4ielikult suletud \u00f5mblused ja veekindlad t\u00f5mblukud tagavad, et j\u00e4\u00e4te kuivaks, olenemata sellest, mida. \u00dclikonnal on ka peegeldavad elemendid, mis tagavad n\u00e4htavuse ja ohutuse v\u00e4hese valgusega tingimustes.  \u00dclikonnal on tugevdatud alad peamistes kohtades, nagu puusad ja rinnahoidja alumine pool. Enam ei pea muretsema \u00fclikonna kulumise p\u00e4rast! See \u00fclikond, mis on valmistatud liigendatud l\u00f5ikega, et suurendada liikuvust, tagab piiramatu liikumise ja paindlikkuse.\" \/>\n<meta property=\"og:url\" content=\"https:\/\/rsrmoto.ee\/en\/product\/suit-atlas-graphite\/\" \/>\n<meta property=\"og:site_name\" content=\"RSR Moto\" \/>\n<meta property=\"article:modified_time\" content=\"2024-05-16T13:15:08+00:00\" \/>\n<meta property=\"og:image\" content=\"https:\/\/rsrmoto.ee\/wp-content\/uploads\/2024\/05\/o5553l2w0q4mkydojm8ogi8cfc4h4rh7-1.png\" \/>\n\t<meta property=\"og:image:width\" content=\"600\" \/>\n\t<meta property=\"og:image:height\" content=\"600\" \/>\n\t<meta property=\"og:image:type\" content=\"image\/png\" \/>\n<meta name=\"twitter:card\" content=\"summary_large_image\" \/>\n<meta name=\"twitter:label1\" content=\"Estimated reading time\" \/>\n\t<meta name=\"twitter:data1\" content=\"1 minute\" \/>\n<script type=\"application\/ld+json\" class=\"yoast-schema-graph\">{\"@context\":\"https:\\\/\\\/schema.org\",\"@graph\":[{\"@type\":\"WebPage\",\"@id\":\"https:\\\/\\\/rsrmoto.ee\\\/toode\\\/suit-atlas-graphite\\\/\",\"url\":\"https:\\\/\\\/rsrmoto.ee\\\/toode\\\/suit-atlas-graphite\\\/\",\"name\":\"Komplekt \\\"Atlas\\\" Must - RSR Moto\",\"isPartOf\":{\"@id\":\"https:\\\/\\\/rsrmoto.ee\\\/#website\"},\"primaryImageOfPage\":{\"@id\":\"https:\\\/\\\/rsrmoto.ee\\\/toode\\\/suit-atlas-graphite\\\/#primaryimage\"},\"image\":{\"@id\":\"https:\\\/\\\/rsrmoto.ee\\\/toode\\\/suit-atlas-graphite\\\/#primaryimage\"},\"thumbnailUrl\":\"https:\\\/\\\/rsrmoto.ee\\\/wp-content\\\/uploads\\\/2024\\\/05\\\/o5553l2w0q4mkydojm8ogi8cfc4h4rh7-1.png\",\"datePublished\":\"2024-05-06T09:23:14+00:00\",\"dateModified\":\"2024-05-16T13:15:08+00:00\",\"breadcrumb\":{\"@id\":\"https:\\\/\\\/rsrmoto.ee\\\/toode\\\/suit-atlas-graphite\\\/#breadcrumb\"},\"inLanguage\":\"en-GB\",\"potentialAction\":[{\"@type\":\"ReadAction\",\"target\":[\"https:\\\/\\\/rsrmoto.ee\\\/toode\\\/suit-atlas-graphite\\\/\"]}]},{\"@type\":\"ImageObject\",\"inLanguage\":\"en-GB\",\"@id\":\"https:\\\/\\\/rsrmoto.ee\\\/toode\\\/suit-atlas-graphite\\\/#primaryimage\",\"url\":\"https:\\\/\\\/rsrmoto.ee\\\/wp-content\\\/uploads\\\/2024\\\/05\\\/o5553l2w0q4mkydojm8ogi8cfc4h4rh7-1.png\",\"contentUrl\":\"https:\\\/\\\/rsrmoto.ee\\\/wp-content\\\/uploads\\\/2024\\\/05\\\/o5553l2w0q4mkydojm8ogi8cfc4h4rh7-1.png\",\"width\":600,\"height\":600,\"caption\":\"RSRmoto\"},{\"@type\":\"BreadcrumbList\",\"@id\":\"https:\\\/\\\/rsrmoto.ee\\\/toode\\\/suit-atlas-graphite\\\/#breadcrumb\",\"itemListElement\":[{\"@type\":\"ListItem\",\"position\":1,\"name\":\"Esileht\",\"item\":\"https:\\\/\\\/rsrmoto.ee\\\/\"},{\"@type\":\"ListItem\",\"position\":2,\"name\":\"Pood\",\"item\":\"https:\\\/\\\/rsrmoto.ee\\\/pood\\\/\"},{\"@type\":\"ListItem\",\"position\":3,\"name\":\"Komplekt &#8220;Atlas&#8221; Must\"}]},{\"@type\":\"WebSite\",\"@id\":\"https:\\\/\\\/rsrmoto.ee\\\/#website\",\"url\":\"https:\\\/\\\/rsrmoto.ee\\\/\",\"name\":\"RSR Moto\",\"description\":\"Kvalitseetsed matka- ja kalastusriided\",\"publisher\":{\"@id\":\"https:\\\/\\\/rsrmoto.ee\\\/#organization\"},\"potentialAction\":[{\"@type\":\"SearchAction\",\"target\":{\"@type\":\"EntryPoint\",\"urlTemplate\":\"https:\\\/\\\/rsrmoto.ee\\\/?s={search_term_string}\"},\"query-input\":{\"@type\":\"PropertyValueSpecification\",\"valueRequired\":true,\"valueName\":\"search_term_string\"}}],\"inLanguage\":\"en-GB\"},{\"@type\":\"Organization\",\"@id\":\"https:\\\/\\\/rsrmoto.ee\\\/#organization\",\"name\":\"RSR Moto\",\"url\":\"https:\\\/\\\/rsrmoto.ee\\\/\",\"logo\":{\"@type\":\"ImageObject\",\"inLanguage\":\"en-GB\",\"@id\":\"https:\\\/\\\/rsrmoto.ee\\\/#\\\/schema\\\/logo\\\/image\\\/\",\"url\":\"https:\\\/\\\/www.rsrmoto.ee\\\/wp-content\\\/uploads\\\/2024\\\/05\\\/mountain-300x300-1.png\",\"contentUrl\":\"https:\\\/\\\/www.rsrmoto.ee\\\/wp-content\\\/uploads\\\/2024\\\/05\\\/mountain-300x300-1.png\",\"width\":300,\"height\":300,\"caption\":\"RSR Moto\"},\"image\":{\"@id\":\"https:\\\/\\\/rsrmoto.ee\\\/#\\\/schema\\\/logo\\\/image\\\/\"}}]}<\/script>\n<!-- \/ Yoast SEO plugin. -->","yoast_head_json":{"title":"Komplekt \"Atlas\" Must - RSR Moto","robots":{"index":"index","follow":"follow","max-snippet":"max-snippet:-1","max-image-preview":"max-image-preview:large","max-video-preview":"max-video-preview:-1"},"canonical":"https:\/\/rsrmoto.ee\/en\/product\/suit-atlas-graphite\/","og_locale":"en_GB","og_type":"article","og_title":"Komplekt \"Atlas\" Must - RSR Moto","og_description":"FINNTRAIL Atlas on kaheosaline \u00fclikond \u00fclima talvekaitsega. Just see, mida vajate v\u00e4liseiklusteks, suusatamiseks, mootorsaaniga s\u00f5itmiseks v\u00f5i muuks tegevuseks talve nautimiseks.  See suure j\u00f5udlusega \u00fclikond on valmistatud vastupidavast Ripstop materjalist ja HARD-TEX membraankangast ning on loodud taluma kuni -20 \u2103 temperatuuri. T\u00e4ielikult suletud \u00f5mblused ja veekindlad t\u00f5mblukud tagavad, et j\u00e4\u00e4te kuivaks, olenemata sellest, mida. \u00dclikonnal on ka peegeldavad elemendid, mis tagavad n\u00e4htavuse ja ohutuse v\u00e4hese valgusega tingimustes.  \u00dclikonnal on tugevdatud alad peamistes kohtades, nagu puusad ja rinnahoidja alumine pool. Enam ei pea muretsema \u00fclikonna kulumise p\u00e4rast! See \u00fclikond, mis on valmistatud liigendatud l\u00f5ikega, et suurendada liikuvust, tagab piiramatu liikumise ja paindlikkuse.","og_url":"https:\/\/rsrmoto.ee\/en\/product\/suit-atlas-graphite\/","og_site_name":"RSR Moto","article_modified_time":"2024-05-16T13:15:08+00:00","og_image":[{"width":600,"height":600,"url":"https:\/\/rsrmoto.ee\/wp-content\/uploads\/2024\/05\/o5553l2w0q4mkydojm8ogi8cfc4h4rh7-1.png","type":"image\/png"}],"twitter_card":"summary_large_image","twitter_misc":{"Estimated reading time":"1 minute"},"schema":{"@context":"https:\/\/schema.org","@graph":[{"@type":"WebPage","@id":"https:\/\/rsrmoto.ee\/toode\/suit-atlas-graphite\/","url":"https:\/\/rsrmoto.ee\/toode\/suit-atlas-graphite\/","name":"Komplekt \"Atlas\" Must - RSR Moto","isPartOf":{"@id":"https:\/\/rsrmoto.ee\/#website"},"primaryImageOfPage":{"@id":"https:\/\/rsrmoto.ee\/toode\/suit-atlas-graphite\/#primaryimage"},"image":{"@id":"https:\/\/rsrmoto.ee\/toode\/suit-atlas-graphite\/#primaryimage"},"thumbnailUrl":"https:\/\/rsrmoto.ee\/wp-content\/uploads\/2024\/05\/o5553l2w0q4mkydojm8ogi8cfc4h4rh7-1.png","datePublished":"2024-05-06T09:23:14+00:00","dateModified":"2024-05-16T13:15:08+00:00","breadcrumb":{"@id":"https:\/\/rsrmoto.ee\/toode\/suit-atlas-graphite\/#breadcrumb"},"inLanguage":"en-GB","potentialAction":[{"@type":"ReadAction","target":["https:\/\/rsrmoto.ee\/toode\/suit-atlas-graphite\/"]}]},{"@type":"ImageObject","inLanguage":"en-GB","@id":"https:\/\/rsrmoto.ee\/toode\/suit-atlas-graphite\/#primaryimage","url":"https:\/\/rsrmoto.ee\/wp-content\/uploads\/2024\/05\/o5553l2w0q4mkydojm8ogi8cfc4h4rh7-1.png","contentUrl":"https:\/\/rsrmoto.ee\/wp-content\/uploads\/2024\/05\/o5553l2w0q4mkydojm8ogi8cfc4h4rh7-1.png","width":600,"height":600,"caption":"RSRmoto"},{"@type":"BreadcrumbList","@id":"https:\/\/rsrmoto.ee\/toode\/suit-atlas-graphite\/#breadcrumb","itemListElement":[{"@type":"ListItem","position":1,"name":"Esileht","item":"https:\/\/rsrmoto.ee\/"},{"@type":"ListItem","position":2,"name":"Pood","item":"https:\/\/rsrmoto.ee\/pood\/"},{"@type":"ListItem","position":3,"name":"Komplekt &#8220;Atlas&#8221; Must"}]},{"@type":"WebSite","@id":"https:\/\/rsrmoto.ee\/#website","url":"https:\/\/rsrmoto.ee\/","name":"RSR Moto","description":"Kvalitseetsed matka- ja kalastusriided","publisher":{"@id":"https:\/\/rsrmoto.ee\/#organization"},"potentialAction":[{"@type":"SearchAction","target":{"@type":"EntryPoint","urlTemplate":"https:\/\/rsrmoto.ee\/?s={search_term_string}"},"query-input":{"@type":"PropertyValueSpecification","valueRequired":true,"valueName":"search_term_string"}}],"inLanguage":"en-GB"},{"@type":"Organization","@id":"https:\/\/rsrmoto.ee\/#organization","name":"RSR Moto","url":"https:\/\/rsrmoto.ee\/","logo":{"@type":"ImageObject","inLanguage":"en-GB","@id":"https:\/\/rsrmoto.ee\/#\/schema\/logo\/image\/","url":"https:\/\/www.rsrmoto.ee\/wp-content\/uploads\/2024\/05\/mountain-300x300-1.png","contentUrl":"https:\/\/www.rsrmoto.ee\/wp-content\/uploads\/2024\/05\/mountain-300x300-1.png","width":300,"height":300,"caption":"RSR Moto"},"image":{"@id":"https:\/\/rsrmoto.ee\/#\/schema\/logo\/image\/"}}]}},"_links":{"self":[{"href":"https:\/\/rsrmoto.ee\/en\/wp-json\/wp\/v2\/product\/1315","targetHints":{"allow":["GET"]}}],"collection":[{"href":"https:\/\/rsrmoto.ee\/en\/wp-json\/wp\/v2\/product"}],"about":[{"href":"https:\/\/rsrmoto.ee\/en\/wp-json\/wp\/v2\/types\/product"}],"wp:featuredmedia":[{"embeddable":true,"href":"https:\/\/rsrmoto.ee\/en\/wp-json\/wp\/v2\/media\/3867"}],"wp:attachment":[{"href":"https:\/\/rsrmoto.ee\/en\/wp-json\/wp\/v2\/media?parent=1315"}],"wp:term":[{"taxonomy":"product_brand","embeddable":true,"href":"https:\/\/rsrmoto.ee\/en\/wp-json\/wp\/v2\/product_brand?post=1315"},{"taxonomy":"product_cat","embeddable":true,"href":"https:\/\/rsrmoto.ee\/en\/wp-json\/wp\/v2\/product_cat?post=1315"},{"taxonomy":"product_tag","embeddable":true,"href":"https:\/\/rsrmoto.ee\/en\/wp-json\/wp\/v2\/product_tag?post=1315"}],"curies":[{"name":"wp","href":"https:\/\/api.w.org\/{rel}","templated":true}]}}