{"id":1327,"date":"2024-05-06T12:27:28","date_gmt":"2024-05-06T09:27:28","guid":{"rendered":"https:\/\/www.rsrmoto.ee\/?post_type=product&#038;p=1327"},"modified":"2024-05-16T11:36:52","modified_gmt":"2024-05-16T08:36:52","slug":"suit-atlas-w-pink","status":"publish","type":"product","link":"https:\/\/rsrmoto.ee\/en\/product\/suit-atlas-w-pink\/","title":{"rendered":"Atlas W Roosa komplekt"},"content":{"rendered":"<p>Nii jope kui ka p\u00fcksid on soojustatud Thermalrate&#8217;iga. Kombineeritud mikrofli voodriga, mis annab v\u00f5rratu mugavuse, hoiab see \u00fclikond end isegi k\u00f5ige jahedamatel temperatuuridel. Lisaks on vaja paigutada taskud, suusapassi varrukatasku, piisavalt hoiuruumi teie vajalike asjade jaoks.<\/p>","protected":false},"excerpt":{"rendered":"<p>FINNTRAIL Atlas on kaheosaline \u00fclikond \u00fclima talvekaitsega. Just see, mida vajate v\u00e4liseiklusteks, suusatamiseks, mootorsaaniga s\u00f5itmiseks v\u00f5i muuks tegevuseks talve nautimiseks.<\/p>\n<p>See suure j\u00f5udlusega \u00fclikond on valmistatud vastupidavast Ripstop materjalist ja HARD-TEX membraanigast ning on loodud taluma kuni -20 \u2103 temperatuurini. T\u00e4ielikult suletud \u00f5mblused ja veekindlad t\u00f5mblukud tagavad, et j\u00e4\u00e4te kuivaks, olenemata sellest, mida. \u00dclikonnal on ka peegeldavad elemendid, mis tagavad n\u00e4htavuse ja ohutuse v\u00e4hese valgusega tingimustes.<\/p>\n<p>\u00dclikonnal on tugevdatud alad peamistes kohtades, nagu puusad ja rinnahoidja alumine pool. Enam ei pea muretsema \u00fclikonna kulumise p\u00e4rast! See \u00fclikond, mis on valmistatud liigendatud l\u00f5ikega, et liikuvust, tagab piiramatu liikumise ja paindlikkuse.<\/p>","protected":false},"featured_media":3767,"template":"","meta":[],"product_brand":[],"product_cat":[34,23],"product_tag":[],"class_list":{"0":"post-1327","1":"product","2":"type-product","3":"status-publish","4":"has-post-thumbnail","6":"product_cat-komplektid-naistele","7":"product_cat-naistele","9":"first","10":"instock","11":"taxable","12":"shipping-taxable","13":"purchasable","14":"product-type-variable"},"ct_brands":[],"yoast_head":"<!-- This site is optimized with the Yoast SEO plugin v27.3 - https:\/\/yoast.com\/product\/yoast-seo-wordpress\/ -->\n<title>Atlas W Roosa komplekt - RSR Moto<\/title>\n<meta name=\"robots\" content=\"index, follow, max-snippet:-1, max-image-preview:large, max-video-preview:-1\" \/>\n<link rel=\"canonical\" href=\"https:\/\/rsrmoto.ee\/en\/product\/suit-atlas-w-pink\/\" \/>\n<meta property=\"og:locale\" content=\"en_GB\" \/>\n<meta property=\"og:type\" content=\"article\" \/>\n<meta property=\"og:title\" content=\"Atlas W Roosa komplekt - RSR Moto\" \/>\n<meta property=\"og:description\" content=\"FINNTRAIL Atlas on kaheosaline \u00fclikond \u00fclima talvekaitsega. Just see, mida vajate v\u00e4liseiklusteks, suusatamiseks, mootorsaaniga s\u00f5itmiseks v\u00f5i muuks tegevuseks talve nautimiseks.  See suure j\u00f5udlusega \u00fclikond on valmistatud vastupidavast Ripstop materjalist ja HARD-TEX membraanigast ning on loodud taluma kuni -20 \u2103 temperatuurini. T\u00e4ielikult suletud \u00f5mblused ja veekindlad t\u00f5mblukud tagavad, et j\u00e4\u00e4te kuivaks, olenemata sellest, mida. \u00dclikonnal on ka peegeldavad elemendid, mis tagavad n\u00e4htavuse ja ohutuse v\u00e4hese valgusega tingimustes.  \u00dclikonnal on tugevdatud alad peamistes kohtades, nagu puusad ja rinnahoidja alumine pool. Enam ei pea muretsema \u00fclikonna kulumise p\u00e4rast! See \u00fclikond, mis on valmistatud liigendatud l\u00f5ikega, et liikuvust, tagab piiramatu liikumise ja paindlikkuse.\" \/>\n<meta property=\"og:url\" content=\"https:\/\/rsrmoto.ee\/en\/product\/suit-atlas-w-pink\/\" \/>\n<meta property=\"og:site_name\" content=\"RSR Moto\" \/>\n<meta property=\"article:modified_time\" content=\"2024-05-16T08:36:52+00:00\" \/>\n<meta property=\"og:image\" content=\"https:\/\/rsrmoto.ee\/wp-content\/uploads\/2024\/05\/j376avpsvx4p7znh9uqepc0swkpeath9-600x900-1.png\" \/>\n\t<meta property=\"og:image:width\" content=\"600\" \/>\n\t<meta property=\"og:image:height\" content=\"600\" \/>\n\t<meta property=\"og:image:type\" content=\"image\/png\" \/>\n<meta name=\"twitter:card\" content=\"summary_large_image\" \/>\n<script type=\"application\/ld+json\" class=\"yoast-schema-graph\">{\"@context\":\"https:\\\/\\\/schema.org\",\"@graph\":[{\"@type\":\"WebPage\",\"@id\":\"https:\\\/\\\/rsrmoto.ee\\\/toode\\\/suit-atlas-w-pink\\\/\",\"url\":\"https:\\\/\\\/rsrmoto.ee\\\/toode\\\/suit-atlas-w-pink\\\/\",\"name\":\"Atlas W Roosa komplekt - RSR Moto\",\"isPartOf\":{\"@id\":\"https:\\\/\\\/rsrmoto.ee\\\/#website\"},\"primaryImageOfPage\":{\"@id\":\"https:\\\/\\\/rsrmoto.ee\\\/toode\\\/suit-atlas-w-pink\\\/#primaryimage\"},\"image\":{\"@id\":\"https:\\\/\\\/rsrmoto.ee\\\/toode\\\/suit-atlas-w-pink\\\/#primaryimage\"},\"thumbnailUrl\":\"https:\\\/\\\/rsrmoto.ee\\\/wp-content\\\/uploads\\\/2024\\\/05\\\/j376avpsvx4p7znh9uqepc0swkpeath9-600x900-1.png\",\"datePublished\":\"2024-05-06T09:27:28+00:00\",\"dateModified\":\"2024-05-16T08:36:52+00:00\",\"breadcrumb\":{\"@id\":\"https:\\\/\\\/rsrmoto.ee\\\/toode\\\/suit-atlas-w-pink\\\/#breadcrumb\"},\"inLanguage\":\"en-GB\",\"potentialAction\":[{\"@type\":\"ReadAction\",\"target\":[\"https:\\\/\\\/rsrmoto.ee\\\/toode\\\/suit-atlas-w-pink\\\/\"]}]},{\"@type\":\"ImageObject\",\"inLanguage\":\"en-GB\",\"@id\":\"https:\\\/\\\/rsrmoto.ee\\\/toode\\\/suit-atlas-w-pink\\\/#primaryimage\",\"url\":\"https:\\\/\\\/rsrmoto.ee\\\/wp-content\\\/uploads\\\/2024\\\/05\\\/j376avpsvx4p7znh9uqepc0swkpeath9-600x900-1.png\",\"contentUrl\":\"https:\\\/\\\/rsrmoto.ee\\\/wp-content\\\/uploads\\\/2024\\\/05\\\/j376avpsvx4p7znh9uqepc0swkpeath9-600x900-1.png\",\"width\":600,\"height\":600,\"caption\":\"Kvalitseetsed matka- ja kalastusriided\"},{\"@type\":\"BreadcrumbList\",\"@id\":\"https:\\\/\\\/rsrmoto.ee\\\/toode\\\/suit-atlas-w-pink\\\/#breadcrumb\",\"itemListElement\":[{\"@type\":\"ListItem\",\"position\":1,\"name\":\"Esileht\",\"item\":\"https:\\\/\\\/rsrmoto.ee\\\/\"},{\"@type\":\"ListItem\",\"position\":2,\"name\":\"Pood\",\"item\":\"https:\\\/\\\/rsrmoto.ee\\\/pood\\\/\"},{\"@type\":\"ListItem\",\"position\":3,\"name\":\"Atlas W Roosa komplekt\"}]},{\"@type\":\"WebSite\",\"@id\":\"https:\\\/\\\/rsrmoto.ee\\\/#website\",\"url\":\"https:\\\/\\\/rsrmoto.ee\\\/\",\"name\":\"RSR Moto\",\"description\":\"Kvalitseetsed matka- ja kalastusriided\",\"publisher\":{\"@id\":\"https:\\\/\\\/rsrmoto.ee\\\/#organization\"},\"potentialAction\":[{\"@type\":\"SearchAction\",\"target\":{\"@type\":\"EntryPoint\",\"urlTemplate\":\"https:\\\/\\\/rsrmoto.ee\\\/?s={search_term_string}\"},\"query-input\":{\"@type\":\"PropertyValueSpecification\",\"valueRequired\":true,\"valueName\":\"search_term_string\"}}],\"inLanguage\":\"en-GB\"},{\"@type\":\"Organization\",\"@id\":\"https:\\\/\\\/rsrmoto.ee\\\/#organization\",\"name\":\"RSR Moto\",\"url\":\"https:\\\/\\\/rsrmoto.ee\\\/\",\"logo\":{\"@type\":\"ImageObject\",\"inLanguage\":\"en-GB\",\"@id\":\"https:\\\/\\\/rsrmoto.ee\\\/#\\\/schema\\\/logo\\\/image\\\/\",\"url\":\"https:\\\/\\\/www.rsrmoto.ee\\\/wp-content\\\/uploads\\\/2024\\\/05\\\/mountain-300x300-1.png\",\"contentUrl\":\"https:\\\/\\\/www.rsrmoto.ee\\\/wp-content\\\/uploads\\\/2024\\\/05\\\/mountain-300x300-1.png\",\"width\":300,\"height\":300,\"caption\":\"RSR Moto\"},\"image\":{\"@id\":\"https:\\\/\\\/rsrmoto.ee\\\/#\\\/schema\\\/logo\\\/image\\\/\"}}]}<\/script>\n<!-- \/ Yoast SEO plugin. -->","yoast_head_json":{"title":"Atlas W Roosa komplekt - RSR Moto","robots":{"index":"index","follow":"follow","max-snippet":"max-snippet:-1","max-image-preview":"max-image-preview:large","max-video-preview":"max-video-preview:-1"},"canonical":"https:\/\/rsrmoto.ee\/en\/product\/suit-atlas-w-pink\/","og_locale":"en_GB","og_type":"article","og_title":"Atlas W Roosa komplekt - RSR Moto","og_description":"FINNTRAIL Atlas on kaheosaline \u00fclikond \u00fclima talvekaitsega. Just see, mida vajate v\u00e4liseiklusteks, suusatamiseks, mootorsaaniga s\u00f5itmiseks v\u00f5i muuks tegevuseks talve nautimiseks.  See suure j\u00f5udlusega \u00fclikond on valmistatud vastupidavast Ripstop materjalist ja HARD-TEX membraanigast ning on loodud taluma kuni -20 \u2103 temperatuurini. T\u00e4ielikult suletud \u00f5mblused ja veekindlad t\u00f5mblukud tagavad, et j\u00e4\u00e4te kuivaks, olenemata sellest, mida. \u00dclikonnal on ka peegeldavad elemendid, mis tagavad n\u00e4htavuse ja ohutuse v\u00e4hese valgusega tingimustes.  \u00dclikonnal on tugevdatud alad peamistes kohtades, nagu puusad ja rinnahoidja alumine pool. Enam ei pea muretsema \u00fclikonna kulumise p\u00e4rast! See \u00fclikond, mis on valmistatud liigendatud l\u00f5ikega, et liikuvust, tagab piiramatu liikumise ja paindlikkuse.","og_url":"https:\/\/rsrmoto.ee\/en\/product\/suit-atlas-w-pink\/","og_site_name":"RSR Moto","article_modified_time":"2024-05-16T08:36:52+00:00","og_image":[{"width":600,"height":600,"url":"https:\/\/rsrmoto.ee\/wp-content\/uploads\/2024\/05\/j376avpsvx4p7znh9uqepc0swkpeath9-600x900-1.png","type":"image\/png"}],"twitter_card":"summary_large_image","schema":{"@context":"https:\/\/schema.org","@graph":[{"@type":"WebPage","@id":"https:\/\/rsrmoto.ee\/toode\/suit-atlas-w-pink\/","url":"https:\/\/rsrmoto.ee\/toode\/suit-atlas-w-pink\/","name":"Atlas W Roosa komplekt - RSR Moto","isPartOf":{"@id":"https:\/\/rsrmoto.ee\/#website"},"primaryImageOfPage":{"@id":"https:\/\/rsrmoto.ee\/toode\/suit-atlas-w-pink\/#primaryimage"},"image":{"@id":"https:\/\/rsrmoto.ee\/toode\/suit-atlas-w-pink\/#primaryimage"},"thumbnailUrl":"https:\/\/rsrmoto.ee\/wp-content\/uploads\/2024\/05\/j376avpsvx4p7znh9uqepc0swkpeath9-600x900-1.png","datePublished":"2024-05-06T09:27:28+00:00","dateModified":"2024-05-16T08:36:52+00:00","breadcrumb":{"@id":"https:\/\/rsrmoto.ee\/toode\/suit-atlas-w-pink\/#breadcrumb"},"inLanguage":"en-GB","potentialAction":[{"@type":"ReadAction","target":["https:\/\/rsrmoto.ee\/toode\/suit-atlas-w-pink\/"]}]},{"@type":"ImageObject","inLanguage":"en-GB","@id":"https:\/\/rsrmoto.ee\/toode\/suit-atlas-w-pink\/#primaryimage","url":"https:\/\/rsrmoto.ee\/wp-content\/uploads\/2024\/05\/j376avpsvx4p7znh9uqepc0swkpeath9-600x900-1.png","contentUrl":"https:\/\/rsrmoto.ee\/wp-content\/uploads\/2024\/05\/j376avpsvx4p7znh9uqepc0swkpeath9-600x900-1.png","width":600,"height":600,"caption":"Kvalitseetsed matka- ja kalastusriided"},{"@type":"BreadcrumbList","@id":"https:\/\/rsrmoto.ee\/toode\/suit-atlas-w-pink\/#breadcrumb","itemListElement":[{"@type":"ListItem","position":1,"name":"Esileht","item":"https:\/\/rsrmoto.ee\/"},{"@type":"ListItem","position":2,"name":"Pood","item":"https:\/\/rsrmoto.ee\/pood\/"},{"@type":"ListItem","position":3,"name":"Atlas W Roosa komplekt"}]},{"@type":"WebSite","@id":"https:\/\/rsrmoto.ee\/#website","url":"https:\/\/rsrmoto.ee\/","name":"RSR Moto","description":"Kvalitseetsed matka- ja kalastusriided","publisher":{"@id":"https:\/\/rsrmoto.ee\/#organization"},"potentialAction":[{"@type":"SearchAction","target":{"@type":"EntryPoint","urlTemplate":"https:\/\/rsrmoto.ee\/?s={search_term_string}"},"query-input":{"@type":"PropertyValueSpecification","valueRequired":true,"valueName":"search_term_string"}}],"inLanguage":"en-GB"},{"@type":"Organization","@id":"https:\/\/rsrmoto.ee\/#organization","name":"RSR Moto","url":"https:\/\/rsrmoto.ee\/","logo":{"@type":"ImageObject","inLanguage":"en-GB","@id":"https:\/\/rsrmoto.ee\/#\/schema\/logo\/image\/","url":"https:\/\/www.rsrmoto.ee\/wp-content\/uploads\/2024\/05\/mountain-300x300-1.png","contentUrl":"https:\/\/www.rsrmoto.ee\/wp-content\/uploads\/2024\/05\/mountain-300x300-1.png","width":300,"height":300,"caption":"RSR Moto"},"image":{"@id":"https:\/\/rsrmoto.ee\/#\/schema\/logo\/image\/"}}]}},"_links":{"self":[{"href":"https:\/\/rsrmoto.ee\/en\/wp-json\/wp\/v2\/product\/1327","targetHints":{"allow":["GET"]}}],"collection":[{"href":"https:\/\/rsrmoto.ee\/en\/wp-json\/wp\/v2\/product"}],"about":[{"href":"https:\/\/rsrmoto.ee\/en\/wp-json\/wp\/v2\/types\/product"}],"wp:featuredmedia":[{"embeddable":true,"href":"https:\/\/rsrmoto.ee\/en\/wp-json\/wp\/v2\/media\/3767"}],"wp:attachment":[{"href":"https:\/\/rsrmoto.ee\/en\/wp-json\/wp\/v2\/media?parent=1327"}],"wp:term":[{"taxonomy":"product_brand","embeddable":true,"href":"https:\/\/rsrmoto.ee\/en\/wp-json\/wp\/v2\/product_brand?post=1327"},{"taxonomy":"product_cat","embeddable":true,"href":"https:\/\/rsrmoto.ee\/en\/wp-json\/wp\/v2\/product_cat?post=1327"},{"taxonomy":"product_tag","embeddable":true,"href":"https:\/\/rsrmoto.ee\/en\/wp-json\/wp\/v2\/product_tag?post=1327"}],"curies":[{"name":"wp","href":"https:\/\/api.w.org\/{rel}","templated":true}]}}