{"id":1345,"date":"2024-05-06T12:33:20","date_gmt":"2024-05-06T09:33:20","guid":{"rendered":"https:\/\/www.rsrmoto.ee\/?post_type=product&#038;p=1345"},"modified":"2024-05-16T13:51:33","modified_gmt":"2024-05-16T10:51:33","slug":"suit-excalibur-darkgrey","status":"publish","type":"product","link":"https:\/\/rsrmoto.ee\/en\/product\/suit-excalibur-darkgrey\/","title":{"rendered":"Komplekt &#8220;Excalibur&#8221; Tume hall"},"content":{"rendered":"<p>Rinnap\u00fckstel on kolm taskut: reietasku, millel on kaitsev Velcro klapp, ja kaks veekindlate lukuga k\u00fcljetaskut. Sise\u00f5mblus on tugevdatud spetsiaalse Cordura materjaliga, pakkudes t\u00e4iendavat vastupidavust. Reguleeritavad traksid \u00fclikonna k\u00f5rgel seljaosal tagavad t\u00e4iusliku istuvuse ja mugavuse aktiivsel liikumisel. Lisaks v\u00f5imaldab reguleeritav v\u00f6\u00f6koht v\u00f5imalikult mugavat istuvust. L\u00f5puks on \u00f6ise ohutuse tagamiseks lisatud 3M helkurelemendid.<\/p>","protected":false},"excerpt":{"rendered":"<p>Excalibur \u00fclikond on disainitud kasutades tipptehnoloogiaid, et pakkuda maksimaalset mugavust v\u00e4litegevuste ajal.<\/p>\n<p>4-kihiline HARD-TEX membraaniga materjal pakub 100% kaitset vee ja tuule eest. DWR-kattega kaitsekilbid kleepuva muda vastu; muda ei j\u00e4ta j\u00e4lgi ega triipe. Kangastruktuur tagab mugavuse ka 24-tunnise tugeva vihma ja m\u00e4rja lume ajal. Liigendatud l\u00f5ige arvestab inimkeha anatoomiat ja pakub k\u00f5iki liigutusi.<\/p>\n<p>Jopel on neli taskut: mahukas rinnatasku, kaks veekindla YKK t\u00f5mblukuga k\u00fcljetaskut ja sisetasku vidinate jaoks. Reguleeritav kapuuts tagab ideaalse sobivuse ja seda saab h\u00f5lpsasti vastavalt soovile reguleerida. Kaelarihm on valmistatud pehmest mikrofliisist, mis hoiab \u00e4ra l\u00f5ua h\u00f5\u00f5rdumise ja annab lisasoojust. Kahesuunaline kahe klapiga YKK t\u00f5mblukk kaitseb tuule ja vee eest, samas kui reguleeritavad Lycra mansetid hoiavad mustuse eemal.<\/p>","protected":false},"featured_media":1346,"template":"","meta":[],"product_brand":[],"product_cat":[26,15],"product_tag":[],"class_list":{"0":"post-1345","1":"product","2":"type-product","3":"status-publish","4":"has-post-thumbnail","6":"product_cat-komplektid","7":"product_cat-meestele","9":"first","10":"instock","11":"taxable","12":"shipping-taxable","13":"purchasable","14":"product-type-variable"},"ct_brands":[],"yoast_head":"<!-- This site is optimized with the Yoast SEO plugin v27.3 - https:\/\/yoast.com\/product\/yoast-seo-wordpress\/ -->\n<title>Komplekt &quot;Excalibur&quot; Tume hall - RSR Moto<\/title>\n<meta name=\"robots\" content=\"index, follow, max-snippet:-1, max-image-preview:large, max-video-preview:-1\" \/>\n<link rel=\"canonical\" href=\"https:\/\/rsrmoto.ee\/en\/product\/suit-excalibur-darkgrey\/\" \/>\n<meta property=\"og:locale\" content=\"en_GB\" \/>\n<meta property=\"og:type\" content=\"article\" \/>\n<meta property=\"og:title\" content=\"Komplekt &quot;Excalibur&quot; Tume hall - RSR Moto\" \/>\n<meta property=\"og:description\" content=\"Excalibur \u00fclikond on disainitud kasutades tipptehnoloogiaid, et pakkuda maksimaalset mugavust v\u00e4litegevuste ajal.  4-kihiline HARD-TEX membraaniga materjal pakub 100% kaitset vee ja tuule eest. DWR-kattega kaitsekilbid kleepuva muda vastu; muda ei j\u00e4ta j\u00e4lgi ega triipe. Kangastruktuur tagab mugavuse ka 24-tunnise tugeva vihma ja m\u00e4rja lume ajal. Liigendatud l\u00f5ige arvestab inimkeha anatoomiat ja pakub k\u00f5iki liigutusi.  Jopel on neli taskut: mahukas rinnatasku, kaks veekindla YKK t\u00f5mblukuga k\u00fcljetaskut ja sisetasku vidinate jaoks. Reguleeritav kapuuts tagab ideaalse sobivuse ja seda saab h\u00f5lpsasti vastavalt soovile reguleerida. Kaelarihm on valmistatud pehmest mikrofliisist, mis hoiab \u00e4ra l\u00f5ua h\u00f5\u00f5rdumise ja annab lisasoojust. Kahesuunaline kahe klapiga YKK t\u00f5mblukk kaitseb tuule ja vee eest, samas kui reguleeritavad Lycra mansetid hoiavad mustuse eemal.\" \/>\n<meta property=\"og:url\" content=\"https:\/\/rsrmoto.ee\/en\/product\/suit-excalibur-darkgrey\/\" \/>\n<meta property=\"og:site_name\" content=\"RSR Moto\" \/>\n<meta property=\"article:modified_time\" content=\"2024-05-16T10:51:33+00:00\" \/>\n<meta property=\"og:image\" content=\"https:\/\/rsrmoto.ee\/wp-content\/uploads\/2024\/05\/mlex8ofgwk2njjsc2553kcvbw31ldv2s.webp\" \/>\n\t<meta property=\"og:image:width\" content=\"1000\" \/>\n\t<meta property=\"og:image:height\" content=\"1000\" \/>\n\t<meta property=\"og:image:type\" content=\"image\/webp\" \/>\n<meta name=\"twitter:card\" content=\"summary_large_image\" \/>\n<script type=\"application\/ld+json\" class=\"yoast-schema-graph\">{\"@context\":\"https:\\\/\\\/schema.org\",\"@graph\":[{\"@type\":\"WebPage\",\"@id\":\"https:\\\/\\\/rsrmoto.ee\\\/toode\\\/suit-excalibur-darkgrey\\\/\",\"url\":\"https:\\\/\\\/rsrmoto.ee\\\/toode\\\/suit-excalibur-darkgrey\\\/\",\"name\":\"Komplekt \\\"Excalibur\\\" Tume hall - RSR Moto\",\"isPartOf\":{\"@id\":\"https:\\\/\\\/rsrmoto.ee\\\/#website\"},\"primaryImageOfPage\":{\"@id\":\"https:\\\/\\\/rsrmoto.ee\\\/toode\\\/suit-excalibur-darkgrey\\\/#primaryimage\"},\"image\":{\"@id\":\"https:\\\/\\\/rsrmoto.ee\\\/toode\\\/suit-excalibur-darkgrey\\\/#primaryimage\"},\"thumbnailUrl\":\"https:\\\/\\\/rsrmoto.ee\\\/wp-content\\\/uploads\\\/2024\\\/05\\\/mlex8ofgwk2njjsc2553kcvbw31ldv2s.webp\",\"datePublished\":\"2024-05-06T09:33:20+00:00\",\"dateModified\":\"2024-05-16T10:51:33+00:00\",\"breadcrumb\":{\"@id\":\"https:\\\/\\\/rsrmoto.ee\\\/toode\\\/suit-excalibur-darkgrey\\\/#breadcrumb\"},\"inLanguage\":\"en-GB\",\"potentialAction\":[{\"@type\":\"ReadAction\",\"target\":[\"https:\\\/\\\/rsrmoto.ee\\\/toode\\\/suit-excalibur-darkgrey\\\/\"]}]},{\"@type\":\"ImageObject\",\"inLanguage\":\"en-GB\",\"@id\":\"https:\\\/\\\/rsrmoto.ee\\\/toode\\\/suit-excalibur-darkgrey\\\/#primaryimage\",\"url\":\"https:\\\/\\\/rsrmoto.ee\\\/wp-content\\\/uploads\\\/2024\\\/05\\\/mlex8ofgwk2njjsc2553kcvbw31ldv2s.webp\",\"contentUrl\":\"https:\\\/\\\/rsrmoto.ee\\\/wp-content\\\/uploads\\\/2024\\\/05\\\/mlex8ofgwk2njjsc2553kcvbw31ldv2s.webp\",\"width\":1000,\"height\":1000},{\"@type\":\"BreadcrumbList\",\"@id\":\"https:\\\/\\\/rsrmoto.ee\\\/toode\\\/suit-excalibur-darkgrey\\\/#breadcrumb\",\"itemListElement\":[{\"@type\":\"ListItem\",\"position\":1,\"name\":\"Esileht\",\"item\":\"https:\\\/\\\/rsrmoto.ee\\\/\"},{\"@type\":\"ListItem\",\"position\":2,\"name\":\"Pood\",\"item\":\"https:\\\/\\\/rsrmoto.ee\\\/pood\\\/\"},{\"@type\":\"ListItem\",\"position\":3,\"name\":\"Komplekt &#8220;Excalibur&#8221; Tume hall\"}]},{\"@type\":\"WebSite\",\"@id\":\"https:\\\/\\\/rsrmoto.ee\\\/#website\",\"url\":\"https:\\\/\\\/rsrmoto.ee\\\/\",\"name\":\"RSR Moto\",\"description\":\"Kvalitseetsed matka- ja kalastusriided\",\"publisher\":{\"@id\":\"https:\\\/\\\/rsrmoto.ee\\\/#organization\"},\"potentialAction\":[{\"@type\":\"SearchAction\",\"target\":{\"@type\":\"EntryPoint\",\"urlTemplate\":\"https:\\\/\\\/rsrmoto.ee\\\/?s={search_term_string}\"},\"query-input\":{\"@type\":\"PropertyValueSpecification\",\"valueRequired\":true,\"valueName\":\"search_term_string\"}}],\"inLanguage\":\"en-GB\"},{\"@type\":\"Organization\",\"@id\":\"https:\\\/\\\/rsrmoto.ee\\\/#organization\",\"name\":\"RSR Moto\",\"url\":\"https:\\\/\\\/rsrmoto.ee\\\/\",\"logo\":{\"@type\":\"ImageObject\",\"inLanguage\":\"en-GB\",\"@id\":\"https:\\\/\\\/rsrmoto.ee\\\/#\\\/schema\\\/logo\\\/image\\\/\",\"url\":\"https:\\\/\\\/www.rsrmoto.ee\\\/wp-content\\\/uploads\\\/2024\\\/05\\\/mountain-300x300-1.png\",\"contentUrl\":\"https:\\\/\\\/www.rsrmoto.ee\\\/wp-content\\\/uploads\\\/2024\\\/05\\\/mountain-300x300-1.png\",\"width\":300,\"height\":300,\"caption\":\"RSR Moto\"},\"image\":{\"@id\":\"https:\\\/\\\/rsrmoto.ee\\\/#\\\/schema\\\/logo\\\/image\\\/\"}}]}<\/script>\n<!-- \/ Yoast SEO plugin. -->","yoast_head_json":{"title":"Komplekt \"Excalibur\" Tume hall - RSR Moto","robots":{"index":"index","follow":"follow","max-snippet":"max-snippet:-1","max-image-preview":"max-image-preview:large","max-video-preview":"max-video-preview:-1"},"canonical":"https:\/\/rsrmoto.ee\/en\/product\/suit-excalibur-darkgrey\/","og_locale":"en_GB","og_type":"article","og_title":"Komplekt \"Excalibur\" Tume hall - RSR Moto","og_description":"Excalibur \u00fclikond on disainitud kasutades tipptehnoloogiaid, et pakkuda maksimaalset mugavust v\u00e4litegevuste ajal.  4-kihiline HARD-TEX membraaniga materjal pakub 100% kaitset vee ja tuule eest. DWR-kattega kaitsekilbid kleepuva muda vastu; muda ei j\u00e4ta j\u00e4lgi ega triipe. Kangastruktuur tagab mugavuse ka 24-tunnise tugeva vihma ja m\u00e4rja lume ajal. Liigendatud l\u00f5ige arvestab inimkeha anatoomiat ja pakub k\u00f5iki liigutusi.  Jopel on neli taskut: mahukas rinnatasku, kaks veekindla YKK t\u00f5mblukuga k\u00fcljetaskut ja sisetasku vidinate jaoks. Reguleeritav kapuuts tagab ideaalse sobivuse ja seda saab h\u00f5lpsasti vastavalt soovile reguleerida. Kaelarihm on valmistatud pehmest mikrofliisist, mis hoiab \u00e4ra l\u00f5ua h\u00f5\u00f5rdumise ja annab lisasoojust. Kahesuunaline kahe klapiga YKK t\u00f5mblukk kaitseb tuule ja vee eest, samas kui reguleeritavad Lycra mansetid hoiavad mustuse eemal.","og_url":"https:\/\/rsrmoto.ee\/en\/product\/suit-excalibur-darkgrey\/","og_site_name":"RSR Moto","article_modified_time":"2024-05-16T10:51:33+00:00","og_image":[{"width":1000,"height":1000,"url":"https:\/\/rsrmoto.ee\/wp-content\/uploads\/2024\/05\/mlex8ofgwk2njjsc2553kcvbw31ldv2s.webp","type":"image\/webp"}],"twitter_card":"summary_large_image","schema":{"@context":"https:\/\/schema.org","@graph":[{"@type":"WebPage","@id":"https:\/\/rsrmoto.ee\/toode\/suit-excalibur-darkgrey\/","url":"https:\/\/rsrmoto.ee\/toode\/suit-excalibur-darkgrey\/","name":"Komplekt \"Excalibur\" Tume hall - RSR Moto","isPartOf":{"@id":"https:\/\/rsrmoto.ee\/#website"},"primaryImageOfPage":{"@id":"https:\/\/rsrmoto.ee\/toode\/suit-excalibur-darkgrey\/#primaryimage"},"image":{"@id":"https:\/\/rsrmoto.ee\/toode\/suit-excalibur-darkgrey\/#primaryimage"},"thumbnailUrl":"https:\/\/rsrmoto.ee\/wp-content\/uploads\/2024\/05\/mlex8ofgwk2njjsc2553kcvbw31ldv2s.webp","datePublished":"2024-05-06T09:33:20+00:00","dateModified":"2024-05-16T10:51:33+00:00","breadcrumb":{"@id":"https:\/\/rsrmoto.ee\/toode\/suit-excalibur-darkgrey\/#breadcrumb"},"inLanguage":"en-GB","potentialAction":[{"@type":"ReadAction","target":["https:\/\/rsrmoto.ee\/toode\/suit-excalibur-darkgrey\/"]}]},{"@type":"ImageObject","inLanguage":"en-GB","@id":"https:\/\/rsrmoto.ee\/toode\/suit-excalibur-darkgrey\/#primaryimage","url":"https:\/\/rsrmoto.ee\/wp-content\/uploads\/2024\/05\/mlex8ofgwk2njjsc2553kcvbw31ldv2s.webp","contentUrl":"https:\/\/rsrmoto.ee\/wp-content\/uploads\/2024\/05\/mlex8ofgwk2njjsc2553kcvbw31ldv2s.webp","width":1000,"height":1000},{"@type":"BreadcrumbList","@id":"https:\/\/rsrmoto.ee\/toode\/suit-excalibur-darkgrey\/#breadcrumb","itemListElement":[{"@type":"ListItem","position":1,"name":"Esileht","item":"https:\/\/rsrmoto.ee\/"},{"@type":"ListItem","position":2,"name":"Pood","item":"https:\/\/rsrmoto.ee\/pood\/"},{"@type":"ListItem","position":3,"name":"Komplekt &#8220;Excalibur&#8221; Tume hall"}]},{"@type":"WebSite","@id":"https:\/\/rsrmoto.ee\/#website","url":"https:\/\/rsrmoto.ee\/","name":"RSR Moto","description":"Kvalitseetsed matka- ja kalastusriided","publisher":{"@id":"https:\/\/rsrmoto.ee\/#organization"},"potentialAction":[{"@type":"SearchAction","target":{"@type":"EntryPoint","urlTemplate":"https:\/\/rsrmoto.ee\/?s={search_term_string}"},"query-input":{"@type":"PropertyValueSpecification","valueRequired":true,"valueName":"search_term_string"}}],"inLanguage":"en-GB"},{"@type":"Organization","@id":"https:\/\/rsrmoto.ee\/#organization","name":"RSR Moto","url":"https:\/\/rsrmoto.ee\/","logo":{"@type":"ImageObject","inLanguage":"en-GB","@id":"https:\/\/rsrmoto.ee\/#\/schema\/logo\/image\/","url":"https:\/\/www.rsrmoto.ee\/wp-content\/uploads\/2024\/05\/mountain-300x300-1.png","contentUrl":"https:\/\/www.rsrmoto.ee\/wp-content\/uploads\/2024\/05\/mountain-300x300-1.png","width":300,"height":300,"caption":"RSR Moto"},"image":{"@id":"https:\/\/rsrmoto.ee\/#\/schema\/logo\/image\/"}}]}},"_links":{"self":[{"href":"https:\/\/rsrmoto.ee\/en\/wp-json\/wp\/v2\/product\/1345","targetHints":{"allow":["GET"]}}],"collection":[{"href":"https:\/\/rsrmoto.ee\/en\/wp-json\/wp\/v2\/product"}],"about":[{"href":"https:\/\/rsrmoto.ee\/en\/wp-json\/wp\/v2\/types\/product"}],"wp:featuredmedia":[{"embeddable":true,"href":"https:\/\/rsrmoto.ee\/en\/wp-json\/wp\/v2\/media\/1346"}],"wp:attachment":[{"href":"https:\/\/rsrmoto.ee\/en\/wp-json\/wp\/v2\/media?parent=1345"}],"wp:term":[{"taxonomy":"product_brand","embeddable":true,"href":"https:\/\/rsrmoto.ee\/en\/wp-json\/wp\/v2\/product_brand?post=1345"},{"taxonomy":"product_cat","embeddable":true,"href":"https:\/\/rsrmoto.ee\/en\/wp-json\/wp\/v2\/product_cat?post=1345"},{"taxonomy":"product_tag","embeddable":true,"href":"https:\/\/rsrmoto.ee\/en\/wp-json\/wp\/v2\/product_tag?post=1345"}],"curies":[{"name":"wp","href":"https:\/\/api.w.org\/{rel}","templated":true}]}}