{"id":1357,"date":"2024-05-06T12:37:19","date_gmt":"2024-05-06T09:37:19","guid":{"rendered":"https:\/\/www.rsrmoto.ee\/?post_type=product&#038;p=1357"},"modified":"2024-05-16T13:49:49","modified_gmt":"2024-05-16T10:49:49","slug":"suit-sierra-red","status":"publish","type":"product","link":"https:\/\/rsrmoto.ee\/en\/product\/suit-sierra-red\/","title":{"rendered":"Sierra Punane komplekt"},"content":{"rendered":"<ul>\n<li>Vastupidav 2,5-kihiline HARD-TEX\u00ae membraaniga RIPSTOP kangas<\/li>\n<li>DWR kate<\/li>\n<li>K\u00f5ik \u00f5mblused ja t\u00f5mblukud on kindlalt teibitud<\/li>\n<li>Kahes suunas reguleeritav kapuuts<\/li>\n<li>Kahesuunaline ees t\u00f5mblukk tormiklapiga<\/li>\n<li>Kaks suurt v\u00e4listaskut ja \u00fcks sisetasku jopel, kaks taskut p\u00fckstel<\/li>\n<li>Ergonoomiline p\u00f5lvel\u00f5ige<\/li>\n<li>Vooder v\u00f5rksisustustega<\/li>\n<li>3\u041c helkurelemendid<\/li>\n<\/ul>","protected":false},"excerpt":{"rendered":"<p>\u00dclikerge \u00fclikond, mis on loodud seiklushimulistele naistele, kes armastavad \u00f5ues viibimist. P\u00fcksid ja jakk on kohandatud naisfiguuri silumiseks, tagades stiilse v\u00e4limuse mugavust kahjustamata. Olenemata sellest, kas tegemist on igap\u00e4evase kandmise v\u00f5i v\u00e4litegevusega, on see \u00fclikond ideaalne valik. Olge oma j\u00e4rgmisel seiklusel mugav ja moekas.<\/p>","protected":false},"featured_media":1358,"template":"","meta":[],"product_brand":[],"product_cat":[34,23],"product_tag":[],"class_list":{"0":"post-1357","1":"product","2":"type-product","3":"status-publish","4":"has-post-thumbnail","6":"product_cat-komplektid-naistele","7":"product_cat-naistele","9":"first","10":"instock","11":"taxable","12":"shipping-taxable","13":"purchasable","14":"product-type-variable"},"ct_brands":[],"yoast_head":"<!-- This site is optimized with the Yoast SEO plugin v27.3 - https:\/\/yoast.com\/product\/yoast-seo-wordpress\/ -->\n<title>Sierra Punane komplekt - RSR Moto<\/title>\n<meta name=\"robots\" content=\"index, follow, max-snippet:-1, max-image-preview:large, max-video-preview:-1\" \/>\n<link rel=\"canonical\" href=\"https:\/\/rsrmoto.ee\/en\/product\/suit-sierra-red\/\" \/>\n<meta property=\"og:locale\" content=\"en_GB\" \/>\n<meta property=\"og:type\" content=\"article\" \/>\n<meta property=\"og:title\" content=\"Sierra Punane komplekt - RSR Moto\" \/>\n<meta property=\"og:description\" content=\"\u00dclikerge \u00fclikond, mis on loodud seiklushimulistele naistele, kes armastavad \u00f5ues viibimist. P\u00fcksid ja jakk on kohandatud naisfiguuri silumiseks, tagades stiilse v\u00e4limuse mugavust kahjustamata. Olenemata sellest, kas tegemist on igap\u00e4evase kandmise v\u00f5i v\u00e4litegevusega, on see \u00fclikond ideaalne valik. Olge oma j\u00e4rgmisel seiklusel mugav ja moekas.\" \/>\n<meta property=\"og:url\" content=\"https:\/\/rsrmoto.ee\/en\/product\/suit-sierra-red\/\" \/>\n<meta property=\"og:site_name\" content=\"RSR Moto\" \/>\n<meta property=\"article:modified_time\" content=\"2024-05-16T10:49:49+00:00\" \/>\n<meta property=\"og:image\" content=\"https:\/\/rsrmoto.ee\/wp-content\/uploads\/2024\/05\/g13atukpda6hg3x0ullj59zw7ou9ydr6.webp\" \/>\n\t<meta property=\"og:image:width\" content=\"1000\" \/>\n\t<meta property=\"og:image:height\" content=\"1000\" \/>\n\t<meta property=\"og:image:type\" content=\"image\/webp\" \/>\n<meta name=\"twitter:card\" content=\"summary_large_image\" \/>\n<script type=\"application\/ld+json\" class=\"yoast-schema-graph\">{\"@context\":\"https:\\\/\\\/schema.org\",\"@graph\":[{\"@type\":\"WebPage\",\"@id\":\"https:\\\/\\\/rsrmoto.ee\\\/toode\\\/suit-sierra-red\\\/\",\"url\":\"https:\\\/\\\/rsrmoto.ee\\\/toode\\\/suit-sierra-red\\\/\",\"name\":\"Sierra Punane komplekt - RSR Moto\",\"isPartOf\":{\"@id\":\"https:\\\/\\\/rsrmoto.ee\\\/#website\"},\"primaryImageOfPage\":{\"@id\":\"https:\\\/\\\/rsrmoto.ee\\\/toode\\\/suit-sierra-red\\\/#primaryimage\"},\"image\":{\"@id\":\"https:\\\/\\\/rsrmoto.ee\\\/toode\\\/suit-sierra-red\\\/#primaryimage\"},\"thumbnailUrl\":\"https:\\\/\\\/rsrmoto.ee\\\/wp-content\\\/uploads\\\/2024\\\/05\\\/g13atukpda6hg3x0ullj59zw7ou9ydr6.webp\",\"datePublished\":\"2024-05-06T09:37:19+00:00\",\"dateModified\":\"2024-05-16T10:49:49+00:00\",\"breadcrumb\":{\"@id\":\"https:\\\/\\\/rsrmoto.ee\\\/toode\\\/suit-sierra-red\\\/#breadcrumb\"},\"inLanguage\":\"en-GB\",\"potentialAction\":[{\"@type\":\"ReadAction\",\"target\":[\"https:\\\/\\\/rsrmoto.ee\\\/toode\\\/suit-sierra-red\\\/\"]}]},{\"@type\":\"ImageObject\",\"inLanguage\":\"en-GB\",\"@id\":\"https:\\\/\\\/rsrmoto.ee\\\/toode\\\/suit-sierra-red\\\/#primaryimage\",\"url\":\"https:\\\/\\\/rsrmoto.ee\\\/wp-content\\\/uploads\\\/2024\\\/05\\\/g13atukpda6hg3x0ullj59zw7ou9ydr6.webp\",\"contentUrl\":\"https:\\\/\\\/rsrmoto.ee\\\/wp-content\\\/uploads\\\/2024\\\/05\\\/g13atukpda6hg3x0ullj59zw7ou9ydr6.webp\",\"width\":1000,\"height\":1000},{\"@type\":\"BreadcrumbList\",\"@id\":\"https:\\\/\\\/rsrmoto.ee\\\/toode\\\/suit-sierra-red\\\/#breadcrumb\",\"itemListElement\":[{\"@type\":\"ListItem\",\"position\":1,\"name\":\"Esileht\",\"item\":\"https:\\\/\\\/rsrmoto.ee\\\/\"},{\"@type\":\"ListItem\",\"position\":2,\"name\":\"Pood\",\"item\":\"https:\\\/\\\/rsrmoto.ee\\\/pood\\\/\"},{\"@type\":\"ListItem\",\"position\":3,\"name\":\"Sierra Punane komplekt\"}]},{\"@type\":\"WebSite\",\"@id\":\"https:\\\/\\\/rsrmoto.ee\\\/#website\",\"url\":\"https:\\\/\\\/rsrmoto.ee\\\/\",\"name\":\"RSR Moto\",\"description\":\"Kvalitseetsed matka- ja kalastusriided\",\"publisher\":{\"@id\":\"https:\\\/\\\/rsrmoto.ee\\\/#organization\"},\"potentialAction\":[{\"@type\":\"SearchAction\",\"target\":{\"@type\":\"EntryPoint\",\"urlTemplate\":\"https:\\\/\\\/rsrmoto.ee\\\/?s={search_term_string}\"},\"query-input\":{\"@type\":\"PropertyValueSpecification\",\"valueRequired\":true,\"valueName\":\"search_term_string\"}}],\"inLanguage\":\"en-GB\"},{\"@type\":\"Organization\",\"@id\":\"https:\\\/\\\/rsrmoto.ee\\\/#organization\",\"name\":\"RSR Moto\",\"url\":\"https:\\\/\\\/rsrmoto.ee\\\/\",\"logo\":{\"@type\":\"ImageObject\",\"inLanguage\":\"en-GB\",\"@id\":\"https:\\\/\\\/rsrmoto.ee\\\/#\\\/schema\\\/logo\\\/image\\\/\",\"url\":\"https:\\\/\\\/www.rsrmoto.ee\\\/wp-content\\\/uploads\\\/2024\\\/05\\\/mountain-300x300-1.png\",\"contentUrl\":\"https:\\\/\\\/www.rsrmoto.ee\\\/wp-content\\\/uploads\\\/2024\\\/05\\\/mountain-300x300-1.png\",\"width\":300,\"height\":300,\"caption\":\"RSR Moto\"},\"image\":{\"@id\":\"https:\\\/\\\/rsrmoto.ee\\\/#\\\/schema\\\/logo\\\/image\\\/\"}}]}<\/script>\n<!-- \/ Yoast SEO plugin. -->","yoast_head_json":{"title":"Sierra Punane komplekt - RSR Moto","robots":{"index":"index","follow":"follow","max-snippet":"max-snippet:-1","max-image-preview":"max-image-preview:large","max-video-preview":"max-video-preview:-1"},"canonical":"https:\/\/rsrmoto.ee\/en\/product\/suit-sierra-red\/","og_locale":"en_GB","og_type":"article","og_title":"Sierra Punane komplekt - RSR Moto","og_description":"\u00dclikerge \u00fclikond, mis on loodud seiklushimulistele naistele, kes armastavad \u00f5ues viibimist. P\u00fcksid ja jakk on kohandatud naisfiguuri silumiseks, tagades stiilse v\u00e4limuse mugavust kahjustamata. Olenemata sellest, kas tegemist on igap\u00e4evase kandmise v\u00f5i v\u00e4litegevusega, on see \u00fclikond ideaalne valik. Olge oma j\u00e4rgmisel seiklusel mugav ja moekas.","og_url":"https:\/\/rsrmoto.ee\/en\/product\/suit-sierra-red\/","og_site_name":"RSR Moto","article_modified_time":"2024-05-16T10:49:49+00:00","og_image":[{"width":1000,"height":1000,"url":"https:\/\/rsrmoto.ee\/wp-content\/uploads\/2024\/05\/g13atukpda6hg3x0ullj59zw7ou9ydr6.webp","type":"image\/webp"}],"twitter_card":"summary_large_image","schema":{"@context":"https:\/\/schema.org","@graph":[{"@type":"WebPage","@id":"https:\/\/rsrmoto.ee\/toode\/suit-sierra-red\/","url":"https:\/\/rsrmoto.ee\/toode\/suit-sierra-red\/","name":"Sierra Punane komplekt - RSR Moto","isPartOf":{"@id":"https:\/\/rsrmoto.ee\/#website"},"primaryImageOfPage":{"@id":"https:\/\/rsrmoto.ee\/toode\/suit-sierra-red\/#primaryimage"},"image":{"@id":"https:\/\/rsrmoto.ee\/toode\/suit-sierra-red\/#primaryimage"},"thumbnailUrl":"https:\/\/rsrmoto.ee\/wp-content\/uploads\/2024\/05\/g13atukpda6hg3x0ullj59zw7ou9ydr6.webp","datePublished":"2024-05-06T09:37:19+00:00","dateModified":"2024-05-16T10:49:49+00:00","breadcrumb":{"@id":"https:\/\/rsrmoto.ee\/toode\/suit-sierra-red\/#breadcrumb"},"inLanguage":"en-GB","potentialAction":[{"@type":"ReadAction","target":["https:\/\/rsrmoto.ee\/toode\/suit-sierra-red\/"]}]},{"@type":"ImageObject","inLanguage":"en-GB","@id":"https:\/\/rsrmoto.ee\/toode\/suit-sierra-red\/#primaryimage","url":"https:\/\/rsrmoto.ee\/wp-content\/uploads\/2024\/05\/g13atukpda6hg3x0ullj59zw7ou9ydr6.webp","contentUrl":"https:\/\/rsrmoto.ee\/wp-content\/uploads\/2024\/05\/g13atukpda6hg3x0ullj59zw7ou9ydr6.webp","width":1000,"height":1000},{"@type":"BreadcrumbList","@id":"https:\/\/rsrmoto.ee\/toode\/suit-sierra-red\/#breadcrumb","itemListElement":[{"@type":"ListItem","position":1,"name":"Esileht","item":"https:\/\/rsrmoto.ee\/"},{"@type":"ListItem","position":2,"name":"Pood","item":"https:\/\/rsrmoto.ee\/pood\/"},{"@type":"ListItem","position":3,"name":"Sierra Punane komplekt"}]},{"@type":"WebSite","@id":"https:\/\/rsrmoto.ee\/#website","url":"https:\/\/rsrmoto.ee\/","name":"RSR Moto","description":"Kvalitseetsed matka- ja kalastusriided","publisher":{"@id":"https:\/\/rsrmoto.ee\/#organization"},"potentialAction":[{"@type":"SearchAction","target":{"@type":"EntryPoint","urlTemplate":"https:\/\/rsrmoto.ee\/?s={search_term_string}"},"query-input":{"@type":"PropertyValueSpecification","valueRequired":true,"valueName":"search_term_string"}}],"inLanguage":"en-GB"},{"@type":"Organization","@id":"https:\/\/rsrmoto.ee\/#organization","name":"RSR Moto","url":"https:\/\/rsrmoto.ee\/","logo":{"@type":"ImageObject","inLanguage":"en-GB","@id":"https:\/\/rsrmoto.ee\/#\/schema\/logo\/image\/","url":"https:\/\/www.rsrmoto.ee\/wp-content\/uploads\/2024\/05\/mountain-300x300-1.png","contentUrl":"https:\/\/www.rsrmoto.ee\/wp-content\/uploads\/2024\/05\/mountain-300x300-1.png","width":300,"height":300,"caption":"RSR Moto"},"image":{"@id":"https:\/\/rsrmoto.ee\/#\/schema\/logo\/image\/"}}]}},"_links":{"self":[{"href":"https:\/\/rsrmoto.ee\/en\/wp-json\/wp\/v2\/product\/1357","targetHints":{"allow":["GET"]}}],"collection":[{"href":"https:\/\/rsrmoto.ee\/en\/wp-json\/wp\/v2\/product"}],"about":[{"href":"https:\/\/rsrmoto.ee\/en\/wp-json\/wp\/v2\/types\/product"}],"wp:featuredmedia":[{"embeddable":true,"href":"https:\/\/rsrmoto.ee\/en\/wp-json\/wp\/v2\/media\/1358"}],"wp:attachment":[{"href":"https:\/\/rsrmoto.ee\/en\/wp-json\/wp\/v2\/media?parent=1357"}],"wp:term":[{"taxonomy":"product_brand","embeddable":true,"href":"https:\/\/rsrmoto.ee\/en\/wp-json\/wp\/v2\/product_brand?post=1357"},{"taxonomy":"product_cat","embeddable":true,"href":"https:\/\/rsrmoto.ee\/en\/wp-json\/wp\/v2\/product_cat?post=1357"},{"taxonomy":"product_tag","embeddable":true,"href":"https:\/\/rsrmoto.ee\/en\/wp-json\/wp\/v2\/product_tag?post=1357"}],"curies":[{"name":"wp","href":"https:\/\/api.w.org\/{rel}","templated":true}]}}