{"id":1370,"date":"2024-05-06T12:39:55","date_gmt":"2024-05-06T09:39:55","guid":{"rendered":"https:\/\/www.rsrmoto.ee\/?post_type=product&#038;p=1370"},"modified":"2024-05-16T13:52:52","modified_gmt":"2024-05-16T10:52:52","slug":"suit-tournament-graphite","status":"publish","type":"product","link":"https:\/\/rsrmoto.ee\/en\/product\/suit-tournament-graphite\/","title":{"rendered":"Komplekt &#8220;Tournament Graphite&#8221;"},"content":{"rendered":"<p>Turniiri rinnat\u00fckk<br \/>\nP\u00fckstel on kokku viis taskut, sealhulgas kaks lukuga, kaks vooderdatud sooja materjaliga, et hoida k\u00e4ed soojas, ja \u00fcks plaastritasku koos t\u00f6\u00f6riistakambriga. Kesksel YKK t\u00f5mblukul on klapp ja sisemine kaitsekiht, mis kaitseb bakterite ja mustuse eest. Rinnahoidjal on reguleeritavad traksid ja v\u00f6\u00f6rihm, mis tagavad mugava istuvuse. \u00dclikond on varustatud ka 3M helkurelementidega, mis pakuvad turvalisust \u00f6\u00f6sel.<\/p>","protected":false},"excerpt":{"rendered":"<p>Tournamenti \u00fclikond on loodud t\u00e4iustatud tehnoloogiaga, et pakkuda professionaalsetele kaluritele \u00fclimat mugavust vihmase ja tuulise ilmaga paadist v\u00f5i jahilt kalastades.<\/p>\n<p>Turniiri jope<br \/>\n4-kihiline HARD-TEX membraaniga materjal kaitseb t\u00e4ielikult vee ja tuule eest. Jope kilpide DWR-kate kleepuva muda vastu; muda ei j\u00e4ta \u00fclikonnale j\u00e4lgi ega triipe. Kangastruktuur tagab mugavuse ka 24-tunnise tugeva vihma ja m\u00e4rja lume ajal. Liigendatud l\u00f5ikega piklik jope arvestab inimkeha anatoomiat ja pakub k\u00f5iki liigutusi. Keskne kahesuunaline YKK t\u00f5mblukk kahe klapi ja magnetkinnitustega tagab kaitse vee ja tuule eest. Jopel on kokku viis taskut, sealhulgas kaks veekindlate lukuga rinna- ja kaks k\u00fcljetaskut ning \u00fcks lukuga sisetasku. Reguleeritav kapuuts tagab ideaalse sobivuse ja seda saab h\u00f5lpsasti vastavalt soovile reguleerida. Jopel on pehme mikrofliisist krae, mis annab lisasoojust ja hoiab \u00e4ra l\u00f5ua h\u00f5\u00f5rdumise. Varrukad on kujundatud neopreenist k\u00e4tistega, mis istuvad h\u00e4sti kehaga ja mida saab h\u00f5lpsasti soovitud istuvusega reguleerida. Lisaks saab jopel olevaid kummeeritud elemente kasutada p\u00fc\u00fcgivahendite ja v\u00e4ikeste t\u00f6\u00f6riistade kinnitamiseks.<\/p>\n<p>&nbsp;<\/p>","protected":false},"featured_media":1371,"template":"","meta":[],"product_brand":[],"product_cat":[26,15],"product_tag":[],"class_list":{"0":"post-1370","1":"product","2":"type-product","3":"status-publish","4":"has-post-thumbnail","6":"product_cat-komplektid","7":"product_cat-meestele","9":"first","10":"instock","11":"taxable","12":"shipping-taxable","13":"purchasable","14":"product-type-variable"},"ct_brands":[],"yoast_head":"<!-- This site is optimized with the Yoast SEO plugin v27.4 - https:\/\/yoast.com\/product\/yoast-seo-wordpress\/ -->\n<title>Komplekt &quot;Tournament Graphite&quot; - RSR Moto<\/title>\n<meta name=\"robots\" content=\"index, follow, max-snippet:-1, max-image-preview:large, max-video-preview:-1\" \/>\n<link rel=\"canonical\" href=\"https:\/\/rsrmoto.ee\/en\/product\/suit-tournament-graphite\/\" \/>\n<meta property=\"og:locale\" content=\"en_GB\" \/>\n<meta property=\"og:type\" content=\"article\" \/>\n<meta property=\"og:title\" content=\"Komplekt &quot;Tournament Graphite&quot; - RSR Moto\" \/>\n<meta property=\"og:description\" content=\"Tournamenti \u00fclikond on loodud t\u00e4iustatud tehnoloogiaga, et pakkuda professionaalsetele kaluritele \u00fclimat mugavust vihmase ja tuulise ilmaga paadist v\u00f5i jahilt kalastades.  Turniiri jope 4-kihiline HARD-TEX membraaniga materjal kaitseb t\u00e4ielikult vee ja tuule eest. Jope kilpide DWR-kate kleepuva muda vastu; muda ei j\u00e4ta \u00fclikonnale j\u00e4lgi ega triipe. Kangastruktuur tagab mugavuse ka 24-tunnise tugeva vihma ja m\u00e4rja lume ajal. Liigendatud l\u00f5ikega piklik jope arvestab inimkeha anatoomiat ja pakub k\u00f5iki liigutusi. Keskne kahesuunaline YKK t\u00f5mblukk kahe klapi ja magnetkinnitustega tagab kaitse vee ja tuule eest. Jopel on kokku viis taskut, sealhulgas kaks veekindlate lukuga rinna- ja kaks k\u00fcljetaskut ning \u00fcks lukuga sisetasku. Reguleeritav kapuuts tagab ideaalse sobivuse ja seda saab h\u00f5lpsasti vastavalt soovile reguleerida. Jopel on pehme mikrofliisist krae, mis annab lisasoojust ja hoiab \u00e4ra l\u00f5ua h\u00f5\u00f5rdumise. Varrukad on kujundatud neopreenist k\u00e4tistega, mis istuvad h\u00e4sti kehaga ja mida saab h\u00f5lpsasti soovitud istuvusega reguleerida. Lisaks saab jopel olevaid kummeeritud elemente kasutada p\u00fc\u00fcgivahendite ja v\u00e4ikeste t\u00f6\u00f6riistade kinnitamiseks.  &nbsp;\" \/>\n<meta property=\"og:url\" content=\"https:\/\/rsrmoto.ee\/en\/product\/suit-tournament-graphite\/\" \/>\n<meta property=\"og:site_name\" content=\"RSR Moto\" \/>\n<meta property=\"article:modified_time\" content=\"2024-05-16T10:52:52+00:00\" \/>\n<meta property=\"og:image\" content=\"https:\/\/rsrmoto.ee\/wp-content\/uploads\/2024\/05\/anmmjaxm7k1eddt8z41394lbo3j6bmch.jpg\" \/>\n\t<meta property=\"og:image:width\" content=\"1000\" \/>\n\t<meta property=\"og:image:height\" content=\"1000\" \/>\n\t<meta property=\"og:image:type\" content=\"image\/jpeg\" \/>\n<meta name=\"twitter:card\" content=\"summary_large_image\" \/>\n<script type=\"application\/ld+json\" class=\"yoast-schema-graph\">{\"@context\":\"https:\\\/\\\/schema.org\",\"@graph\":[{\"@type\":\"WebPage\",\"@id\":\"https:\\\/\\\/rsrmoto.ee\\\/toode\\\/suit-tournament-graphite\\\/\",\"url\":\"https:\\\/\\\/rsrmoto.ee\\\/toode\\\/suit-tournament-graphite\\\/\",\"name\":\"Komplekt \\\"Tournament Graphite\\\" - RSR Moto\",\"isPartOf\":{\"@id\":\"https:\\\/\\\/rsrmoto.ee\\\/#website\"},\"primaryImageOfPage\":{\"@id\":\"https:\\\/\\\/rsrmoto.ee\\\/toode\\\/suit-tournament-graphite\\\/#primaryimage\"},\"image\":{\"@id\":\"https:\\\/\\\/rsrmoto.ee\\\/toode\\\/suit-tournament-graphite\\\/#primaryimage\"},\"thumbnailUrl\":\"https:\\\/\\\/rsrmoto.ee\\\/wp-content\\\/uploads\\\/2024\\\/05\\\/anmmjaxm7k1eddt8z41394lbo3j6bmch.jpg\",\"datePublished\":\"2024-05-06T09:39:55+00:00\",\"dateModified\":\"2024-05-16T10:52:52+00:00\",\"breadcrumb\":{\"@id\":\"https:\\\/\\\/rsrmoto.ee\\\/toode\\\/suit-tournament-graphite\\\/#breadcrumb\"},\"inLanguage\":\"en-GB\",\"potentialAction\":[{\"@type\":\"ReadAction\",\"target\":[\"https:\\\/\\\/rsrmoto.ee\\\/toode\\\/suit-tournament-graphite\\\/\"]}]},{\"@type\":\"ImageObject\",\"inLanguage\":\"en-GB\",\"@id\":\"https:\\\/\\\/rsrmoto.ee\\\/toode\\\/suit-tournament-graphite\\\/#primaryimage\",\"url\":\"https:\\\/\\\/rsrmoto.ee\\\/wp-content\\\/uploads\\\/2024\\\/05\\\/anmmjaxm7k1eddt8z41394lbo3j6bmch.jpg\",\"contentUrl\":\"https:\\\/\\\/rsrmoto.ee\\\/wp-content\\\/uploads\\\/2024\\\/05\\\/anmmjaxm7k1eddt8z41394lbo3j6bmch.jpg\",\"width\":1000,\"height\":1000},{\"@type\":\"BreadcrumbList\",\"@id\":\"https:\\\/\\\/rsrmoto.ee\\\/toode\\\/suit-tournament-graphite\\\/#breadcrumb\",\"itemListElement\":[{\"@type\":\"ListItem\",\"position\":1,\"name\":\"Esileht\",\"item\":\"https:\\\/\\\/rsrmoto.ee\\\/\"},{\"@type\":\"ListItem\",\"position\":2,\"name\":\"Pood\",\"item\":\"https:\\\/\\\/rsrmoto.ee\\\/pood\\\/\"},{\"@type\":\"ListItem\",\"position\":3,\"name\":\"Komplekt &#8220;Tournament Graphite&#8221;\"}]},{\"@type\":\"WebSite\",\"@id\":\"https:\\\/\\\/rsrmoto.ee\\\/#website\",\"url\":\"https:\\\/\\\/rsrmoto.ee\\\/\",\"name\":\"RSR Moto\",\"description\":\"Kvalitseetsed matka- ja kalastusriided\",\"publisher\":{\"@id\":\"https:\\\/\\\/rsrmoto.ee\\\/#organization\"},\"potentialAction\":[{\"@type\":\"SearchAction\",\"target\":{\"@type\":\"EntryPoint\",\"urlTemplate\":\"https:\\\/\\\/rsrmoto.ee\\\/?s={search_term_string}\"},\"query-input\":{\"@type\":\"PropertyValueSpecification\",\"valueRequired\":true,\"valueName\":\"search_term_string\"}}],\"inLanguage\":\"en-GB\"},{\"@type\":\"Organization\",\"@id\":\"https:\\\/\\\/rsrmoto.ee\\\/#organization\",\"name\":\"RSR Moto\",\"url\":\"https:\\\/\\\/rsrmoto.ee\\\/\",\"logo\":{\"@type\":\"ImageObject\",\"inLanguage\":\"en-GB\",\"@id\":\"https:\\\/\\\/rsrmoto.ee\\\/#\\\/schema\\\/logo\\\/image\\\/\",\"url\":\"https:\\\/\\\/www.rsrmoto.ee\\\/wp-content\\\/uploads\\\/2024\\\/05\\\/mountain-300x300-1.png\",\"contentUrl\":\"https:\\\/\\\/www.rsrmoto.ee\\\/wp-content\\\/uploads\\\/2024\\\/05\\\/mountain-300x300-1.png\",\"width\":300,\"height\":300,\"caption\":\"RSR Moto\"},\"image\":{\"@id\":\"https:\\\/\\\/rsrmoto.ee\\\/#\\\/schema\\\/logo\\\/image\\\/\"}}]}<\/script>\n<!-- \/ Yoast SEO plugin. -->","yoast_head_json":{"title":"Komplekt \"Tournament Graphite\" - RSR Moto","robots":{"index":"index","follow":"follow","max-snippet":"max-snippet:-1","max-image-preview":"max-image-preview:large","max-video-preview":"max-video-preview:-1"},"canonical":"https:\/\/rsrmoto.ee\/en\/product\/suit-tournament-graphite\/","og_locale":"en_GB","og_type":"article","og_title":"Komplekt \"Tournament Graphite\" - RSR Moto","og_description":"Tournamenti \u00fclikond on loodud t\u00e4iustatud tehnoloogiaga, et pakkuda professionaalsetele kaluritele \u00fclimat mugavust vihmase ja tuulise ilmaga paadist v\u00f5i jahilt kalastades.  Turniiri jope 4-kihiline HARD-TEX membraaniga materjal kaitseb t\u00e4ielikult vee ja tuule eest. Jope kilpide DWR-kate kleepuva muda vastu; muda ei j\u00e4ta \u00fclikonnale j\u00e4lgi ega triipe. Kangastruktuur tagab mugavuse ka 24-tunnise tugeva vihma ja m\u00e4rja lume ajal. Liigendatud l\u00f5ikega piklik jope arvestab inimkeha anatoomiat ja pakub k\u00f5iki liigutusi. Keskne kahesuunaline YKK t\u00f5mblukk kahe klapi ja magnetkinnitustega tagab kaitse vee ja tuule eest. Jopel on kokku viis taskut, sealhulgas kaks veekindlate lukuga rinna- ja kaks k\u00fcljetaskut ning \u00fcks lukuga sisetasku. Reguleeritav kapuuts tagab ideaalse sobivuse ja seda saab h\u00f5lpsasti vastavalt soovile reguleerida. Jopel on pehme mikrofliisist krae, mis annab lisasoojust ja hoiab \u00e4ra l\u00f5ua h\u00f5\u00f5rdumise. Varrukad on kujundatud neopreenist k\u00e4tistega, mis istuvad h\u00e4sti kehaga ja mida saab h\u00f5lpsasti soovitud istuvusega reguleerida. Lisaks saab jopel olevaid kummeeritud elemente kasutada p\u00fc\u00fcgivahendite ja v\u00e4ikeste t\u00f6\u00f6riistade kinnitamiseks.  &nbsp;","og_url":"https:\/\/rsrmoto.ee\/en\/product\/suit-tournament-graphite\/","og_site_name":"RSR Moto","article_modified_time":"2024-05-16T10:52:52+00:00","og_image":[{"width":1000,"height":1000,"url":"https:\/\/rsrmoto.ee\/wp-content\/uploads\/2024\/05\/anmmjaxm7k1eddt8z41394lbo3j6bmch.jpg","type":"image\/jpeg"}],"twitter_card":"summary_large_image","schema":{"@context":"https:\/\/schema.org","@graph":[{"@type":"WebPage","@id":"https:\/\/rsrmoto.ee\/toode\/suit-tournament-graphite\/","url":"https:\/\/rsrmoto.ee\/toode\/suit-tournament-graphite\/","name":"Komplekt \"Tournament Graphite\" - RSR Moto","isPartOf":{"@id":"https:\/\/rsrmoto.ee\/#website"},"primaryImageOfPage":{"@id":"https:\/\/rsrmoto.ee\/toode\/suit-tournament-graphite\/#primaryimage"},"image":{"@id":"https:\/\/rsrmoto.ee\/toode\/suit-tournament-graphite\/#primaryimage"},"thumbnailUrl":"https:\/\/rsrmoto.ee\/wp-content\/uploads\/2024\/05\/anmmjaxm7k1eddt8z41394lbo3j6bmch.jpg","datePublished":"2024-05-06T09:39:55+00:00","dateModified":"2024-05-16T10:52:52+00:00","breadcrumb":{"@id":"https:\/\/rsrmoto.ee\/toode\/suit-tournament-graphite\/#breadcrumb"},"inLanguage":"en-GB","potentialAction":[{"@type":"ReadAction","target":["https:\/\/rsrmoto.ee\/toode\/suit-tournament-graphite\/"]}]},{"@type":"ImageObject","inLanguage":"en-GB","@id":"https:\/\/rsrmoto.ee\/toode\/suit-tournament-graphite\/#primaryimage","url":"https:\/\/rsrmoto.ee\/wp-content\/uploads\/2024\/05\/anmmjaxm7k1eddt8z41394lbo3j6bmch.jpg","contentUrl":"https:\/\/rsrmoto.ee\/wp-content\/uploads\/2024\/05\/anmmjaxm7k1eddt8z41394lbo3j6bmch.jpg","width":1000,"height":1000},{"@type":"BreadcrumbList","@id":"https:\/\/rsrmoto.ee\/toode\/suit-tournament-graphite\/#breadcrumb","itemListElement":[{"@type":"ListItem","position":1,"name":"Esileht","item":"https:\/\/rsrmoto.ee\/"},{"@type":"ListItem","position":2,"name":"Pood","item":"https:\/\/rsrmoto.ee\/pood\/"},{"@type":"ListItem","position":3,"name":"Komplekt &#8220;Tournament Graphite&#8221;"}]},{"@type":"WebSite","@id":"https:\/\/rsrmoto.ee\/#website","url":"https:\/\/rsrmoto.ee\/","name":"RSR Moto","description":"Kvalitseetsed matka- ja kalastusriided","publisher":{"@id":"https:\/\/rsrmoto.ee\/#organization"},"potentialAction":[{"@type":"SearchAction","target":{"@type":"EntryPoint","urlTemplate":"https:\/\/rsrmoto.ee\/?s={search_term_string}"},"query-input":{"@type":"PropertyValueSpecification","valueRequired":true,"valueName":"search_term_string"}}],"inLanguage":"en-GB"},{"@type":"Organization","@id":"https:\/\/rsrmoto.ee\/#organization","name":"RSR Moto","url":"https:\/\/rsrmoto.ee\/","logo":{"@type":"ImageObject","inLanguage":"en-GB","@id":"https:\/\/rsrmoto.ee\/#\/schema\/logo\/image\/","url":"https:\/\/www.rsrmoto.ee\/wp-content\/uploads\/2024\/05\/mountain-300x300-1.png","contentUrl":"https:\/\/www.rsrmoto.ee\/wp-content\/uploads\/2024\/05\/mountain-300x300-1.png","width":300,"height":300,"caption":"RSR Moto"},"image":{"@id":"https:\/\/rsrmoto.ee\/#\/schema\/logo\/image\/"}}]}},"_links":{"self":[{"href":"https:\/\/rsrmoto.ee\/en\/wp-json\/wp\/v2\/product\/1370","targetHints":{"allow":["GET"]}}],"collection":[{"href":"https:\/\/rsrmoto.ee\/en\/wp-json\/wp\/v2\/product"}],"about":[{"href":"https:\/\/rsrmoto.ee\/en\/wp-json\/wp\/v2\/types\/product"}],"wp:featuredmedia":[{"embeddable":true,"href":"https:\/\/rsrmoto.ee\/en\/wp-json\/wp\/v2\/media\/1371"}],"wp:attachment":[{"href":"https:\/\/rsrmoto.ee\/en\/wp-json\/wp\/v2\/media?parent=1370"}],"wp:term":[{"taxonomy":"product_brand","embeddable":true,"href":"https:\/\/rsrmoto.ee\/en\/wp-json\/wp\/v2\/product_brand?post=1370"},{"taxonomy":"product_cat","embeddable":true,"href":"https:\/\/rsrmoto.ee\/en\/wp-json\/wp\/v2\/product_cat?post=1370"},{"taxonomy":"product_tag","embeddable":true,"href":"https:\/\/rsrmoto.ee\/en\/wp-json\/wp\/v2\/product_tag?post=1370"}],"curies":[{"name":"wp","href":"https:\/\/api.w.org\/{rel}","templated":true}]}}