{"id":1409,"date":"2024-05-06T12:48:22","date_gmt":"2024-05-06T09:48:22","guid":{"rendered":"https:\/\/www.rsrmoto.ee\/?post_type=product&#038;p=1409"},"modified":"2024-05-16T13:41:21","modified_gmt":"2024-05-16T10:41:21","slug":"pants-expert-graphite","status":"publish","type":"product","link":"https:\/\/rsrmoto.ee\/en\/product\/pants-expert-graphite\/","title":{"rendered":"P\u00fcksid &#8220;Expert Graphite&#8221;"},"content":{"rendered":"<ul>\n<li>Neljakihiline HARD-TEX\u00ae kangas ekstra tugevdatud v\u00e4liskihiga<\/li>\n<li>DWR kate<\/li>\n<li>K\u00f5ik \u00f5mblused ja t\u00f5mblukud on kindlalt teibitud<\/li>\n<li>Anatoomiline l\u00f5ige<\/li>\n<li>Kaks takjaga taskut<\/li>\n<li>Aasad v\u00f6\u00f6 jaoks<\/li>\n<li>3M helkurelemendid<\/li>\n<li>K\u00fcljel reguleeritavad veekindlad t\u00f5mblukud<\/li>\n<\/ul>","protected":false},"excerpt":{"rendered":"<p>Universaalsed veekindlad p\u00fcksid, mis on kohandatud t\u00e4itma \u00f5ues toimuvate tegevuste n\u00f5udmisi iga ilmaga. K\u00f5rgema seljaosaga, mis tagab parema katvuse liikumise ajal, pakuvad need p\u00fcksid maksimaalset kaitset. Anatoomiline l\u00f5ige ja reguleeritav v\u00f6\u00f6koht tagavad suurep\u00e4rase istuvuse ja v\u00f5rratu mugavuse.<\/p>","protected":false},"featured_media":1410,"template":"","meta":[],"product_brand":[],"product_cat":[15,27],"product_tag":[],"class_list":{"0":"post-1409","1":"product","2":"type-product","3":"status-publish","4":"has-post-thumbnail","6":"product_cat-meestele","7":"product_cat-puksid","9":"first","10":"instock","11":"taxable","12":"shipping-taxable","13":"purchasable","14":"product-type-variable","15":"has-default-attributes"},"ct_brands":[],"yoast_head":"<!-- This site is optimized with the Yoast SEO plugin v27.3 - https:\/\/yoast.com\/product\/yoast-seo-wordpress\/ -->\n<title>P\u00fcksid &quot;Expert Graphite&quot; - RSR Moto<\/title>\n<meta name=\"robots\" content=\"index, follow, max-snippet:-1, max-image-preview:large, max-video-preview:-1\" \/>\n<link rel=\"canonical\" href=\"https:\/\/rsrmoto.ee\/en\/product\/pants-expert-graphite\/\" \/>\n<meta property=\"og:locale\" content=\"en_GB\" \/>\n<meta property=\"og:type\" content=\"article\" \/>\n<meta property=\"og:title\" content=\"P\u00fcksid &quot;Expert Graphite&quot; - RSR Moto\" \/>\n<meta property=\"og:description\" content=\"Universaalsed veekindlad p\u00fcksid, mis on kohandatud t\u00e4itma \u00f5ues toimuvate tegevuste n\u00f5udmisi iga ilmaga. K\u00f5rgema seljaosaga, mis tagab parema katvuse liikumise ajal, pakuvad need p\u00fcksid maksimaalset kaitset. Anatoomiline l\u00f5ige ja reguleeritav v\u00f6\u00f6koht tagavad suurep\u00e4rase istuvuse ja v\u00f5rratu mugavuse.\" \/>\n<meta property=\"og:url\" content=\"https:\/\/rsrmoto.ee\/en\/product\/pants-expert-graphite\/\" \/>\n<meta property=\"og:site_name\" content=\"RSR Moto\" \/>\n<meta property=\"article:modified_time\" content=\"2024-05-16T10:41:21+00:00\" \/>\n<meta property=\"og:image\" content=\"https:\/\/rsrmoto.ee\/wp-content\/uploads\/2024\/05\/d7b4c93009494038c8388883e74ebfbb.webp\" \/>\n\t<meta property=\"og:image:width\" content=\"1000\" \/>\n\t<meta property=\"og:image:height\" content=\"1000\" \/>\n\t<meta property=\"og:image:type\" content=\"image\/webp\" \/>\n<meta name=\"twitter:card\" content=\"summary_large_image\" \/>\n<script type=\"application\/ld+json\" class=\"yoast-schema-graph\">{\"@context\":\"https:\\\/\\\/schema.org\",\"@graph\":[{\"@type\":\"WebPage\",\"@id\":\"https:\\\/\\\/rsrmoto.ee\\\/toode\\\/pants-expert-graphite\\\/\",\"url\":\"https:\\\/\\\/rsrmoto.ee\\\/toode\\\/pants-expert-graphite\\\/\",\"name\":\"P\u00fcksid \\\"Expert Graphite\\\" - RSR Moto\",\"isPartOf\":{\"@id\":\"https:\\\/\\\/rsrmoto.ee\\\/#website\"},\"primaryImageOfPage\":{\"@id\":\"https:\\\/\\\/rsrmoto.ee\\\/toode\\\/pants-expert-graphite\\\/#primaryimage\"},\"image\":{\"@id\":\"https:\\\/\\\/rsrmoto.ee\\\/toode\\\/pants-expert-graphite\\\/#primaryimage\"},\"thumbnailUrl\":\"https:\\\/\\\/rsrmoto.ee\\\/wp-content\\\/uploads\\\/2024\\\/05\\\/d7b4c93009494038c8388883e74ebfbb.webp\",\"datePublished\":\"2024-05-06T09:48:22+00:00\",\"dateModified\":\"2024-05-16T10:41:21+00:00\",\"breadcrumb\":{\"@id\":\"https:\\\/\\\/rsrmoto.ee\\\/toode\\\/pants-expert-graphite\\\/#breadcrumb\"},\"inLanguage\":\"en-GB\",\"potentialAction\":[{\"@type\":\"ReadAction\",\"target\":[\"https:\\\/\\\/rsrmoto.ee\\\/toode\\\/pants-expert-graphite\\\/\"]}]},{\"@type\":\"ImageObject\",\"inLanguage\":\"en-GB\",\"@id\":\"https:\\\/\\\/rsrmoto.ee\\\/toode\\\/pants-expert-graphite\\\/#primaryimage\",\"url\":\"https:\\\/\\\/rsrmoto.ee\\\/wp-content\\\/uploads\\\/2024\\\/05\\\/d7b4c93009494038c8388883e74ebfbb.webp\",\"contentUrl\":\"https:\\\/\\\/rsrmoto.ee\\\/wp-content\\\/uploads\\\/2024\\\/05\\\/d7b4c93009494038c8388883e74ebfbb.webp\",\"width\":1000,\"height\":1000},{\"@type\":\"BreadcrumbList\",\"@id\":\"https:\\\/\\\/rsrmoto.ee\\\/toode\\\/pants-expert-graphite\\\/#breadcrumb\",\"itemListElement\":[{\"@type\":\"ListItem\",\"position\":1,\"name\":\"Esileht\",\"item\":\"https:\\\/\\\/rsrmoto.ee\\\/\"},{\"@type\":\"ListItem\",\"position\":2,\"name\":\"Pood\",\"item\":\"https:\\\/\\\/rsrmoto.ee\\\/pood\\\/\"},{\"@type\":\"ListItem\",\"position\":3,\"name\":\"P\u00fcksid &#8220;Expert Graphite&#8221;\"}]},{\"@type\":\"WebSite\",\"@id\":\"https:\\\/\\\/rsrmoto.ee\\\/#website\",\"url\":\"https:\\\/\\\/rsrmoto.ee\\\/\",\"name\":\"RSR Moto\",\"description\":\"Kvalitseetsed matka- ja kalastusriided\",\"publisher\":{\"@id\":\"https:\\\/\\\/rsrmoto.ee\\\/#organization\"},\"potentialAction\":[{\"@type\":\"SearchAction\",\"target\":{\"@type\":\"EntryPoint\",\"urlTemplate\":\"https:\\\/\\\/rsrmoto.ee\\\/?s={search_term_string}\"},\"query-input\":{\"@type\":\"PropertyValueSpecification\",\"valueRequired\":true,\"valueName\":\"search_term_string\"}}],\"inLanguage\":\"en-GB\"},{\"@type\":\"Organization\",\"@id\":\"https:\\\/\\\/rsrmoto.ee\\\/#organization\",\"name\":\"RSR Moto\",\"url\":\"https:\\\/\\\/rsrmoto.ee\\\/\",\"logo\":{\"@type\":\"ImageObject\",\"inLanguage\":\"en-GB\",\"@id\":\"https:\\\/\\\/rsrmoto.ee\\\/#\\\/schema\\\/logo\\\/image\\\/\",\"url\":\"https:\\\/\\\/www.rsrmoto.ee\\\/wp-content\\\/uploads\\\/2024\\\/05\\\/mountain-300x300-1.png\",\"contentUrl\":\"https:\\\/\\\/www.rsrmoto.ee\\\/wp-content\\\/uploads\\\/2024\\\/05\\\/mountain-300x300-1.png\",\"width\":300,\"height\":300,\"caption\":\"RSR Moto\"},\"image\":{\"@id\":\"https:\\\/\\\/rsrmoto.ee\\\/#\\\/schema\\\/logo\\\/image\\\/\"}}]}<\/script>\n<!-- \/ Yoast SEO plugin. -->","yoast_head_json":{"title":"P\u00fcksid \"Expert Graphite\" - RSR Moto","robots":{"index":"index","follow":"follow","max-snippet":"max-snippet:-1","max-image-preview":"max-image-preview:large","max-video-preview":"max-video-preview:-1"},"canonical":"https:\/\/rsrmoto.ee\/en\/product\/pants-expert-graphite\/","og_locale":"en_GB","og_type":"article","og_title":"P\u00fcksid \"Expert Graphite\" - RSR Moto","og_description":"Universaalsed veekindlad p\u00fcksid, mis on kohandatud t\u00e4itma \u00f5ues toimuvate tegevuste n\u00f5udmisi iga ilmaga. K\u00f5rgema seljaosaga, mis tagab parema katvuse liikumise ajal, pakuvad need p\u00fcksid maksimaalset kaitset. Anatoomiline l\u00f5ige ja reguleeritav v\u00f6\u00f6koht tagavad suurep\u00e4rase istuvuse ja v\u00f5rratu mugavuse.","og_url":"https:\/\/rsrmoto.ee\/en\/product\/pants-expert-graphite\/","og_site_name":"RSR Moto","article_modified_time":"2024-05-16T10:41:21+00:00","og_image":[{"width":1000,"height":1000,"url":"https:\/\/rsrmoto.ee\/wp-content\/uploads\/2024\/05\/d7b4c93009494038c8388883e74ebfbb.webp","type":"image\/webp"}],"twitter_card":"summary_large_image","schema":{"@context":"https:\/\/schema.org","@graph":[{"@type":"WebPage","@id":"https:\/\/rsrmoto.ee\/toode\/pants-expert-graphite\/","url":"https:\/\/rsrmoto.ee\/toode\/pants-expert-graphite\/","name":"P\u00fcksid \"Expert Graphite\" - RSR Moto","isPartOf":{"@id":"https:\/\/rsrmoto.ee\/#website"},"primaryImageOfPage":{"@id":"https:\/\/rsrmoto.ee\/toode\/pants-expert-graphite\/#primaryimage"},"image":{"@id":"https:\/\/rsrmoto.ee\/toode\/pants-expert-graphite\/#primaryimage"},"thumbnailUrl":"https:\/\/rsrmoto.ee\/wp-content\/uploads\/2024\/05\/d7b4c93009494038c8388883e74ebfbb.webp","datePublished":"2024-05-06T09:48:22+00:00","dateModified":"2024-05-16T10:41:21+00:00","breadcrumb":{"@id":"https:\/\/rsrmoto.ee\/toode\/pants-expert-graphite\/#breadcrumb"},"inLanguage":"en-GB","potentialAction":[{"@type":"ReadAction","target":["https:\/\/rsrmoto.ee\/toode\/pants-expert-graphite\/"]}]},{"@type":"ImageObject","inLanguage":"en-GB","@id":"https:\/\/rsrmoto.ee\/toode\/pants-expert-graphite\/#primaryimage","url":"https:\/\/rsrmoto.ee\/wp-content\/uploads\/2024\/05\/d7b4c93009494038c8388883e74ebfbb.webp","contentUrl":"https:\/\/rsrmoto.ee\/wp-content\/uploads\/2024\/05\/d7b4c93009494038c8388883e74ebfbb.webp","width":1000,"height":1000},{"@type":"BreadcrumbList","@id":"https:\/\/rsrmoto.ee\/toode\/pants-expert-graphite\/#breadcrumb","itemListElement":[{"@type":"ListItem","position":1,"name":"Esileht","item":"https:\/\/rsrmoto.ee\/"},{"@type":"ListItem","position":2,"name":"Pood","item":"https:\/\/rsrmoto.ee\/pood\/"},{"@type":"ListItem","position":3,"name":"P\u00fcksid &#8220;Expert Graphite&#8221;"}]},{"@type":"WebSite","@id":"https:\/\/rsrmoto.ee\/#website","url":"https:\/\/rsrmoto.ee\/","name":"RSR Moto","description":"Kvalitseetsed matka- ja kalastusriided","publisher":{"@id":"https:\/\/rsrmoto.ee\/#organization"},"potentialAction":[{"@type":"SearchAction","target":{"@type":"EntryPoint","urlTemplate":"https:\/\/rsrmoto.ee\/?s={search_term_string}"},"query-input":{"@type":"PropertyValueSpecification","valueRequired":true,"valueName":"search_term_string"}}],"inLanguage":"en-GB"},{"@type":"Organization","@id":"https:\/\/rsrmoto.ee\/#organization","name":"RSR Moto","url":"https:\/\/rsrmoto.ee\/","logo":{"@type":"ImageObject","inLanguage":"en-GB","@id":"https:\/\/rsrmoto.ee\/#\/schema\/logo\/image\/","url":"https:\/\/www.rsrmoto.ee\/wp-content\/uploads\/2024\/05\/mountain-300x300-1.png","contentUrl":"https:\/\/www.rsrmoto.ee\/wp-content\/uploads\/2024\/05\/mountain-300x300-1.png","width":300,"height":300,"caption":"RSR Moto"},"image":{"@id":"https:\/\/rsrmoto.ee\/#\/schema\/logo\/image\/"}}]}},"_links":{"self":[{"href":"https:\/\/rsrmoto.ee\/en\/wp-json\/wp\/v2\/product\/1409","targetHints":{"allow":["GET"]}}],"collection":[{"href":"https:\/\/rsrmoto.ee\/en\/wp-json\/wp\/v2\/product"}],"about":[{"href":"https:\/\/rsrmoto.ee\/en\/wp-json\/wp\/v2\/types\/product"}],"wp:featuredmedia":[{"embeddable":true,"href":"https:\/\/rsrmoto.ee\/en\/wp-json\/wp\/v2\/media\/1410"}],"wp:attachment":[{"href":"https:\/\/rsrmoto.ee\/en\/wp-json\/wp\/v2\/media?parent=1409"}],"wp:term":[{"taxonomy":"product_brand","embeddable":true,"href":"https:\/\/rsrmoto.ee\/en\/wp-json\/wp\/v2\/product_brand?post=1409"},{"taxonomy":"product_cat","embeddable":true,"href":"https:\/\/rsrmoto.ee\/en\/wp-json\/wp\/v2\/product_cat?post=1409"},{"taxonomy":"product_tag","embeddable":true,"href":"https:\/\/rsrmoto.ee\/en\/wp-json\/wp\/v2\/product_tag?post=1409"}],"curies":[{"name":"wp","href":"https:\/\/api.w.org\/{rel}","templated":true}]}}