{"id":1422,"date":"2024-05-06T12:51:59","date_gmt":"2024-05-06T09:51:59","guid":{"rendered":"https:\/\/www.rsrmoto.ee\/?post_type=product&#038;p=1422"},"modified":"2024-05-16T11:52:04","modified_gmt":"2024-05-16T08:52:04","slug":"jacket-speedmaster-camoarmy","status":"publish","type":"product","link":"https:\/\/rsrmoto.ee\/en\/product\/jacket-speedmaster-camoarmy\/","title":{"rendered":"Jope &#8220;Speedmaster CamoArmy&#8221;"},"content":{"rendered":"<ul>\n<li>Viiekihiline HARD-TEX\u00ae membraaniga kangas<\/li>\n<li>K\u00f5ik \u00f5mblused ja t\u00f5mblukud on kindlalt teibitud<\/li>\n<li>Tugevdatud sisemine s\u00e4\u00e4re, p\u00f5lve ja jalgevahe<\/li>\n<li>Mustust h\u00fclgav Teflon\u2122 kate<\/li>\n<li>Ergonoomiline p\u00f5lvel\u00f5ige<\/li>\n<li>Sisseehitatud eemaldatavad s\u00e4\u00e4re-\/p\u00f5lvekaitsmed<\/li>\n<li>Elastsed traksid ja YKK pandlaga v\u00f6\u00f6<\/li>\n<li>Uus suur veekindel rinnatasku tugeva YKK lukuga<\/li>\n<li>Veekindla lukuga lahtik\u00e4iv sisetasku<\/li>\n<li>Kuivatussilmused<\/li>\n<li>Sisseehitatud mugavad 0,16 tolli (4 mm) neopreenist papud tugevdatud tallaga<\/li>\n<li>3M helkurelemendid<\/li>\n<li>Kaasas on veekindel nutitelefoni kott<\/li>\n<\/ul>","protected":false},"excerpt":{"rendered":"<p>Speedmasteri kahlajad on t\u00e4iustatud disaini, ohutuse ja funktsionaalsuse kehastus. Need on v\u00e4lja t\u00f6\u00f6tatud k\u00f5igile \u00f5ues\u00f5pradele, kes soovivad oma potentsiaali vallandada, teades, et neil on \u00fclim kaitse, mugavus ja mugavus. T\u00e4iendava tugevdusega v\u00f5tmepiirkondades ja sisemiste eemaldatavate p\u00f5lvekaitsmetega tagavad kahlajad suurep\u00e4rase kaitse elementide vastu ja v\u00f5imaldavad teil enesekindlalt navigeerida raskel maastikul.<\/p>\n<p>VEEKINDLUS 25 000 mm<br \/>\nHINGAV KANGAS 7 000 g\/m\u00b2\/24h<\/p>","protected":false},"featured_media":1423,"template":"","meta":[],"product_brand":[],"product_cat":[15,16,27],"product_tag":[],"class_list":{"0":"post-1422","1":"product","2":"type-product","3":"status-publish","4":"has-post-thumbnail","6":"product_cat-meestele","7":"product_cat-metsarajale","8":"product_cat-puksid","10":"first","11":"instock","12":"taxable","13":"shipping-taxable","14":"purchasable","15":"product-type-variable"},"ct_brands":[],"yoast_head":"<!-- This site is optimized with the Yoast SEO plugin v27.3 - https:\/\/yoast.com\/product\/yoast-seo-wordpress\/ -->\n<title>Jope &quot;Speedmaster CamoArmy&quot; - RSR Moto<\/title>\n<meta name=\"robots\" content=\"index, follow, max-snippet:-1, max-image-preview:large, max-video-preview:-1\" \/>\n<link rel=\"canonical\" href=\"https:\/\/rsrmoto.ee\/en\/product\/jacket-speedmaster-camoarmy\/\" \/>\n<meta property=\"og:locale\" content=\"en_GB\" \/>\n<meta property=\"og:type\" content=\"article\" \/>\n<meta property=\"og:title\" content=\"Jope &quot;Speedmaster CamoArmy&quot; - RSR Moto\" \/>\n<meta property=\"og:description\" content=\"Speedmasteri kahlajad on t\u00e4iustatud disaini, ohutuse ja funktsionaalsuse kehastus. Need on v\u00e4lja t\u00f6\u00f6tatud k\u00f5igile \u00f5ues\u00f5pradele, kes soovivad oma potentsiaali vallandada, teades, et neil on \u00fclim kaitse, mugavus ja mugavus. T\u00e4iendava tugevdusega v\u00f5tmepiirkondades ja sisemiste eemaldatavate p\u00f5lvekaitsmetega tagavad kahlajad suurep\u00e4rase kaitse elementide vastu ja v\u00f5imaldavad teil enesekindlalt navigeerida raskel maastikul.  VEEKINDLUS 25 000 mm HINGAV KANGAS 7 000 g\/m\u00b2\/24h\" \/>\n<meta property=\"og:url\" content=\"https:\/\/rsrmoto.ee\/en\/product\/jacket-speedmaster-camoarmy\/\" \/>\n<meta property=\"og:site_name\" content=\"RSR Moto\" \/>\n<meta property=\"article:modified_time\" content=\"2024-05-16T08:52:04+00:00\" \/>\n<meta property=\"og:image\" content=\"https:\/\/rsrmoto.ee\/wp-content\/uploads\/2024\/05\/gfns00qjyfqyc50s79ffcu80z8fwnhdd.jpg\" \/>\n\t<meta property=\"og:image:width\" content=\"1000\" \/>\n\t<meta property=\"og:image:height\" content=\"1000\" \/>\n\t<meta property=\"og:image:type\" content=\"image\/jpeg\" \/>\n<meta name=\"twitter:card\" content=\"summary_large_image\" \/>\n<script type=\"application\/ld+json\" class=\"yoast-schema-graph\">{\"@context\":\"https:\\\/\\\/schema.org\",\"@graph\":[{\"@type\":\"WebPage\",\"@id\":\"https:\\\/\\\/rsrmoto.ee\\\/toode\\\/jacket-speedmaster-camoarmy\\\/\",\"url\":\"https:\\\/\\\/rsrmoto.ee\\\/toode\\\/jacket-speedmaster-camoarmy\\\/\",\"name\":\"Jope \\\"Speedmaster CamoArmy\\\" - RSR Moto\",\"isPartOf\":{\"@id\":\"https:\\\/\\\/rsrmoto.ee\\\/#website\"},\"primaryImageOfPage\":{\"@id\":\"https:\\\/\\\/rsrmoto.ee\\\/toode\\\/jacket-speedmaster-camoarmy\\\/#primaryimage\"},\"image\":{\"@id\":\"https:\\\/\\\/rsrmoto.ee\\\/toode\\\/jacket-speedmaster-camoarmy\\\/#primaryimage\"},\"thumbnailUrl\":\"https:\\\/\\\/rsrmoto.ee\\\/wp-content\\\/uploads\\\/2024\\\/05\\\/gfns00qjyfqyc50s79ffcu80z8fwnhdd.jpg\",\"datePublished\":\"2024-05-06T09:51:59+00:00\",\"dateModified\":\"2024-05-16T08:52:04+00:00\",\"breadcrumb\":{\"@id\":\"https:\\\/\\\/rsrmoto.ee\\\/toode\\\/jacket-speedmaster-camoarmy\\\/#breadcrumb\"},\"inLanguage\":\"en-GB\",\"potentialAction\":[{\"@type\":\"ReadAction\",\"target\":[\"https:\\\/\\\/rsrmoto.ee\\\/toode\\\/jacket-speedmaster-camoarmy\\\/\"]}]},{\"@type\":\"ImageObject\",\"inLanguage\":\"en-GB\",\"@id\":\"https:\\\/\\\/rsrmoto.ee\\\/toode\\\/jacket-speedmaster-camoarmy\\\/#primaryimage\",\"url\":\"https:\\\/\\\/rsrmoto.ee\\\/wp-content\\\/uploads\\\/2024\\\/05\\\/gfns00qjyfqyc50s79ffcu80z8fwnhdd.jpg\",\"contentUrl\":\"https:\\\/\\\/rsrmoto.ee\\\/wp-content\\\/uploads\\\/2024\\\/05\\\/gfns00qjyfqyc50s79ffcu80z8fwnhdd.jpg\",\"width\":1000,\"height\":1000},{\"@type\":\"BreadcrumbList\",\"@id\":\"https:\\\/\\\/rsrmoto.ee\\\/toode\\\/jacket-speedmaster-camoarmy\\\/#breadcrumb\",\"itemListElement\":[{\"@type\":\"ListItem\",\"position\":1,\"name\":\"Esileht\",\"item\":\"https:\\\/\\\/rsrmoto.ee\\\/\"},{\"@type\":\"ListItem\",\"position\":2,\"name\":\"Pood\",\"item\":\"https:\\\/\\\/rsrmoto.ee\\\/pood\\\/\"},{\"@type\":\"ListItem\",\"position\":3,\"name\":\"Jope &#8220;Speedmaster CamoArmy&#8221;\"}]},{\"@type\":\"WebSite\",\"@id\":\"https:\\\/\\\/rsrmoto.ee\\\/#website\",\"url\":\"https:\\\/\\\/rsrmoto.ee\\\/\",\"name\":\"RSR Moto\",\"description\":\"Kvalitseetsed matka- ja kalastusriided\",\"publisher\":{\"@id\":\"https:\\\/\\\/rsrmoto.ee\\\/#organization\"},\"potentialAction\":[{\"@type\":\"SearchAction\",\"target\":{\"@type\":\"EntryPoint\",\"urlTemplate\":\"https:\\\/\\\/rsrmoto.ee\\\/?s={search_term_string}\"},\"query-input\":{\"@type\":\"PropertyValueSpecification\",\"valueRequired\":true,\"valueName\":\"search_term_string\"}}],\"inLanguage\":\"en-GB\"},{\"@type\":\"Organization\",\"@id\":\"https:\\\/\\\/rsrmoto.ee\\\/#organization\",\"name\":\"RSR Moto\",\"url\":\"https:\\\/\\\/rsrmoto.ee\\\/\",\"logo\":{\"@type\":\"ImageObject\",\"inLanguage\":\"en-GB\",\"@id\":\"https:\\\/\\\/rsrmoto.ee\\\/#\\\/schema\\\/logo\\\/image\\\/\",\"url\":\"https:\\\/\\\/www.rsrmoto.ee\\\/wp-content\\\/uploads\\\/2024\\\/05\\\/mountain-300x300-1.png\",\"contentUrl\":\"https:\\\/\\\/www.rsrmoto.ee\\\/wp-content\\\/uploads\\\/2024\\\/05\\\/mountain-300x300-1.png\",\"width\":300,\"height\":300,\"caption\":\"RSR Moto\"},\"image\":{\"@id\":\"https:\\\/\\\/rsrmoto.ee\\\/#\\\/schema\\\/logo\\\/image\\\/\"}}]}<\/script>\n<!-- \/ Yoast SEO plugin. -->","yoast_head_json":{"title":"Jope \"Speedmaster CamoArmy\" - RSR Moto","robots":{"index":"index","follow":"follow","max-snippet":"max-snippet:-1","max-image-preview":"max-image-preview:large","max-video-preview":"max-video-preview:-1"},"canonical":"https:\/\/rsrmoto.ee\/en\/product\/jacket-speedmaster-camoarmy\/","og_locale":"en_GB","og_type":"article","og_title":"Jope \"Speedmaster CamoArmy\" - RSR Moto","og_description":"Speedmasteri kahlajad on t\u00e4iustatud disaini, ohutuse ja funktsionaalsuse kehastus. Need on v\u00e4lja t\u00f6\u00f6tatud k\u00f5igile \u00f5ues\u00f5pradele, kes soovivad oma potentsiaali vallandada, teades, et neil on \u00fclim kaitse, mugavus ja mugavus. T\u00e4iendava tugevdusega v\u00f5tmepiirkondades ja sisemiste eemaldatavate p\u00f5lvekaitsmetega tagavad kahlajad suurep\u00e4rase kaitse elementide vastu ja v\u00f5imaldavad teil enesekindlalt navigeerida raskel maastikul.  VEEKINDLUS 25 000 mm HINGAV KANGAS 7 000 g\/m\u00b2\/24h","og_url":"https:\/\/rsrmoto.ee\/en\/product\/jacket-speedmaster-camoarmy\/","og_site_name":"RSR Moto","article_modified_time":"2024-05-16T08:52:04+00:00","og_image":[{"width":1000,"height":1000,"url":"https:\/\/rsrmoto.ee\/wp-content\/uploads\/2024\/05\/gfns00qjyfqyc50s79ffcu80z8fwnhdd.jpg","type":"image\/jpeg"}],"twitter_card":"summary_large_image","schema":{"@context":"https:\/\/schema.org","@graph":[{"@type":"WebPage","@id":"https:\/\/rsrmoto.ee\/toode\/jacket-speedmaster-camoarmy\/","url":"https:\/\/rsrmoto.ee\/toode\/jacket-speedmaster-camoarmy\/","name":"Jope \"Speedmaster CamoArmy\" - RSR Moto","isPartOf":{"@id":"https:\/\/rsrmoto.ee\/#website"},"primaryImageOfPage":{"@id":"https:\/\/rsrmoto.ee\/toode\/jacket-speedmaster-camoarmy\/#primaryimage"},"image":{"@id":"https:\/\/rsrmoto.ee\/toode\/jacket-speedmaster-camoarmy\/#primaryimage"},"thumbnailUrl":"https:\/\/rsrmoto.ee\/wp-content\/uploads\/2024\/05\/gfns00qjyfqyc50s79ffcu80z8fwnhdd.jpg","datePublished":"2024-05-06T09:51:59+00:00","dateModified":"2024-05-16T08:52:04+00:00","breadcrumb":{"@id":"https:\/\/rsrmoto.ee\/toode\/jacket-speedmaster-camoarmy\/#breadcrumb"},"inLanguage":"en-GB","potentialAction":[{"@type":"ReadAction","target":["https:\/\/rsrmoto.ee\/toode\/jacket-speedmaster-camoarmy\/"]}]},{"@type":"ImageObject","inLanguage":"en-GB","@id":"https:\/\/rsrmoto.ee\/toode\/jacket-speedmaster-camoarmy\/#primaryimage","url":"https:\/\/rsrmoto.ee\/wp-content\/uploads\/2024\/05\/gfns00qjyfqyc50s79ffcu80z8fwnhdd.jpg","contentUrl":"https:\/\/rsrmoto.ee\/wp-content\/uploads\/2024\/05\/gfns00qjyfqyc50s79ffcu80z8fwnhdd.jpg","width":1000,"height":1000},{"@type":"BreadcrumbList","@id":"https:\/\/rsrmoto.ee\/toode\/jacket-speedmaster-camoarmy\/#breadcrumb","itemListElement":[{"@type":"ListItem","position":1,"name":"Esileht","item":"https:\/\/rsrmoto.ee\/"},{"@type":"ListItem","position":2,"name":"Pood","item":"https:\/\/rsrmoto.ee\/pood\/"},{"@type":"ListItem","position":3,"name":"Jope &#8220;Speedmaster CamoArmy&#8221;"}]},{"@type":"WebSite","@id":"https:\/\/rsrmoto.ee\/#website","url":"https:\/\/rsrmoto.ee\/","name":"RSR Moto","description":"Kvalitseetsed matka- ja kalastusriided","publisher":{"@id":"https:\/\/rsrmoto.ee\/#organization"},"potentialAction":[{"@type":"SearchAction","target":{"@type":"EntryPoint","urlTemplate":"https:\/\/rsrmoto.ee\/?s={search_term_string}"},"query-input":{"@type":"PropertyValueSpecification","valueRequired":true,"valueName":"search_term_string"}}],"inLanguage":"en-GB"},{"@type":"Organization","@id":"https:\/\/rsrmoto.ee\/#organization","name":"RSR Moto","url":"https:\/\/rsrmoto.ee\/","logo":{"@type":"ImageObject","inLanguage":"en-GB","@id":"https:\/\/rsrmoto.ee\/#\/schema\/logo\/image\/","url":"https:\/\/www.rsrmoto.ee\/wp-content\/uploads\/2024\/05\/mountain-300x300-1.png","contentUrl":"https:\/\/www.rsrmoto.ee\/wp-content\/uploads\/2024\/05\/mountain-300x300-1.png","width":300,"height":300,"caption":"RSR Moto"},"image":{"@id":"https:\/\/rsrmoto.ee\/#\/schema\/logo\/image\/"}}]}},"_links":{"self":[{"href":"https:\/\/rsrmoto.ee\/en\/wp-json\/wp\/v2\/product\/1422","targetHints":{"allow":["GET"]}}],"collection":[{"href":"https:\/\/rsrmoto.ee\/en\/wp-json\/wp\/v2\/product"}],"about":[{"href":"https:\/\/rsrmoto.ee\/en\/wp-json\/wp\/v2\/types\/product"}],"wp:featuredmedia":[{"embeddable":true,"href":"https:\/\/rsrmoto.ee\/en\/wp-json\/wp\/v2\/media\/1423"}],"wp:attachment":[{"href":"https:\/\/rsrmoto.ee\/en\/wp-json\/wp\/v2\/media?parent=1422"}],"wp:term":[{"taxonomy":"product_brand","embeddable":true,"href":"https:\/\/rsrmoto.ee\/en\/wp-json\/wp\/v2\/product_brand?post=1422"},{"taxonomy":"product_cat","embeddable":true,"href":"https:\/\/rsrmoto.ee\/en\/wp-json\/wp\/v2\/product_cat?post=1422"},{"taxonomy":"product_tag","embeddable":true,"href":"https:\/\/rsrmoto.ee\/en\/wp-json\/wp\/v2\/product_tag?post=1422"}],"curies":[{"name":"wp","href":"https:\/\/api.w.org\/{rel}","templated":true}]}}