{"id":1438,"date":"2024-05-06T12:54:58","date_gmt":"2024-05-06T09:54:58","guid":{"rendered":"https:\/\/www.rsrmoto.ee\/?post_type=product&#038;p=1438"},"modified":"2024-05-16T11:52:07","modified_gmt":"2024-05-16T08:52:07","slug":"jacket-speedmaster-graphite","status":"publish","type":"product","link":"https:\/\/rsrmoto.ee\/en\/product\/jacket-speedmaster-graphite\/","title":{"rendered":"Jope &#8220;Speedmaster Graphite&#8221;"},"content":{"rendered":"<ul>\n<li>Vastupidav neljakihiline HARD-TEX\u00ae membraaniga kangas<\/li>\n<li>DWR kate<\/li>\n<li>K\u00f5ik \u00f5mblused ja t\u00f5mblukud on kindlalt teibitud<\/li>\n<li>Velcro asemel kl\u00f5psatusega magnetklapp<\/li>\n<li>Ees vee- ja mudakindel t\u00f5mblukk<\/li>\n<li>100% veekindlad mansetid takistavad vee sissep\u00e4\u00e4su<\/li>\n<li>Kaks suurt veekindlat taskut tugevate YKK lukuga<\/li>\n<li>Kaks veekindlat sisetaskut<\/li>\n<li>3M helkurelemendid<\/li>\n<li>Eemaldatav lukuga kapuuts<\/li>\n<li>Elastne v\u00f6\u00f6<\/li>\n<li>D-r\u00f5ngad tapmisl\u00fcliti kaelapaela ja tarvikute kinnitamiseks<\/li>\n<\/ul>","protected":false},"excerpt":{"rendered":"<p>T\u00e4iustatud veekindel jope, mis on loodud taluma ekstreemseid tingimusi ja pakkuma suurep\u00e4rast kaitset ilmastikutingimuste eest. Enam ei pea muretsema vee imbumise p\u00e4rast, kuna sellel jopel on veekindlad t\u00f5mblukud, magnetklapp, teibitud \u00f5mblused ja tihedalt liibuvad neopreenist k\u00e4tised, mis loovad l\u00e4bimatu barj\u00e4\u00e4ri.<\/p>","protected":false},"featured_media":1439,"template":"","meta":[],"product_brand":[],"product_cat":[28,15],"product_tag":[],"class_list":{"0":"post-1438","1":"product","2":"type-product","3":"status-publish","4":"has-post-thumbnail","6":"product_cat-jakid","7":"product_cat-meestele","9":"first","10":"instock","11":"taxable","12":"shipping-taxable","13":"purchasable","14":"product-type-variable"},"ct_brands":[],"yoast_head":"<!-- This site is optimized with the Yoast SEO plugin v27.3 - https:\/\/yoast.com\/product\/yoast-seo-wordpress\/ -->\n<title>Jope &quot;Speedmaster Graphite&quot; - RSR Moto<\/title>\n<meta name=\"robots\" content=\"index, follow, max-snippet:-1, max-image-preview:large, max-video-preview:-1\" \/>\n<link rel=\"canonical\" href=\"https:\/\/rsrmoto.ee\/en\/product\/jacket-speedmaster-graphite\/\" \/>\n<meta property=\"og:locale\" content=\"en_GB\" \/>\n<meta property=\"og:type\" content=\"article\" \/>\n<meta property=\"og:title\" content=\"Jope &quot;Speedmaster Graphite&quot; - RSR Moto\" \/>\n<meta property=\"og:description\" content=\"T\u00e4iustatud veekindel jope, mis on loodud taluma ekstreemseid tingimusi ja pakkuma suurep\u00e4rast kaitset ilmastikutingimuste eest. Enam ei pea muretsema vee imbumise p\u00e4rast, kuna sellel jopel on veekindlad t\u00f5mblukud, magnetklapp, teibitud \u00f5mblused ja tihedalt liibuvad neopreenist k\u00e4tised, mis loovad l\u00e4bimatu barj\u00e4\u00e4ri.\" \/>\n<meta property=\"og:url\" content=\"https:\/\/rsrmoto.ee\/en\/product\/jacket-speedmaster-graphite\/\" \/>\n<meta property=\"og:site_name\" content=\"RSR Moto\" \/>\n<meta property=\"article:modified_time\" content=\"2024-05-16T08:52:07+00:00\" \/>\n<meta property=\"og:image\" content=\"https:\/\/rsrmoto.ee\/wp-content\/uploads\/2024\/05\/0d42u1g7iuf37ypefqr05fvdnijh0st0.webp\" \/>\n\t<meta property=\"og:image:width\" content=\"1000\" \/>\n\t<meta property=\"og:image:height\" content=\"1000\" \/>\n\t<meta property=\"og:image:type\" content=\"image\/webp\" \/>\n<meta name=\"twitter:card\" content=\"summary_large_image\" \/>\n<script type=\"application\/ld+json\" class=\"yoast-schema-graph\">{\"@context\":\"https:\\\/\\\/schema.org\",\"@graph\":[{\"@type\":\"WebPage\",\"@id\":\"https:\\\/\\\/rsrmoto.ee\\\/toode\\\/jacket-speedmaster-graphite\\\/\",\"url\":\"https:\\\/\\\/rsrmoto.ee\\\/toode\\\/jacket-speedmaster-graphite\\\/\",\"name\":\"Jope \\\"Speedmaster Graphite\\\" - RSR Moto\",\"isPartOf\":{\"@id\":\"https:\\\/\\\/rsrmoto.ee\\\/#website\"},\"primaryImageOfPage\":{\"@id\":\"https:\\\/\\\/rsrmoto.ee\\\/toode\\\/jacket-speedmaster-graphite\\\/#primaryimage\"},\"image\":{\"@id\":\"https:\\\/\\\/rsrmoto.ee\\\/toode\\\/jacket-speedmaster-graphite\\\/#primaryimage\"},\"thumbnailUrl\":\"https:\\\/\\\/rsrmoto.ee\\\/wp-content\\\/uploads\\\/2024\\\/05\\\/0d42u1g7iuf37ypefqr05fvdnijh0st0.webp\",\"datePublished\":\"2024-05-06T09:54:58+00:00\",\"dateModified\":\"2024-05-16T08:52:07+00:00\",\"breadcrumb\":{\"@id\":\"https:\\\/\\\/rsrmoto.ee\\\/toode\\\/jacket-speedmaster-graphite\\\/#breadcrumb\"},\"inLanguage\":\"en-GB\",\"potentialAction\":[{\"@type\":\"ReadAction\",\"target\":[\"https:\\\/\\\/rsrmoto.ee\\\/toode\\\/jacket-speedmaster-graphite\\\/\"]}]},{\"@type\":\"ImageObject\",\"inLanguage\":\"en-GB\",\"@id\":\"https:\\\/\\\/rsrmoto.ee\\\/toode\\\/jacket-speedmaster-graphite\\\/#primaryimage\",\"url\":\"https:\\\/\\\/rsrmoto.ee\\\/wp-content\\\/uploads\\\/2024\\\/05\\\/0d42u1g7iuf37ypefqr05fvdnijh0st0.webp\",\"contentUrl\":\"https:\\\/\\\/rsrmoto.ee\\\/wp-content\\\/uploads\\\/2024\\\/05\\\/0d42u1g7iuf37ypefqr05fvdnijh0st0.webp\",\"width\":1000,\"height\":1000},{\"@type\":\"BreadcrumbList\",\"@id\":\"https:\\\/\\\/rsrmoto.ee\\\/toode\\\/jacket-speedmaster-graphite\\\/#breadcrumb\",\"itemListElement\":[{\"@type\":\"ListItem\",\"position\":1,\"name\":\"Esileht\",\"item\":\"https:\\\/\\\/rsrmoto.ee\\\/\"},{\"@type\":\"ListItem\",\"position\":2,\"name\":\"Pood\",\"item\":\"https:\\\/\\\/rsrmoto.ee\\\/pood\\\/\"},{\"@type\":\"ListItem\",\"position\":3,\"name\":\"Jope &#8220;Speedmaster Graphite&#8221;\"}]},{\"@type\":\"WebSite\",\"@id\":\"https:\\\/\\\/rsrmoto.ee\\\/#website\",\"url\":\"https:\\\/\\\/rsrmoto.ee\\\/\",\"name\":\"RSR Moto\",\"description\":\"Kvalitseetsed matka- ja kalastusriided\",\"publisher\":{\"@id\":\"https:\\\/\\\/rsrmoto.ee\\\/#organization\"},\"potentialAction\":[{\"@type\":\"SearchAction\",\"target\":{\"@type\":\"EntryPoint\",\"urlTemplate\":\"https:\\\/\\\/rsrmoto.ee\\\/?s={search_term_string}\"},\"query-input\":{\"@type\":\"PropertyValueSpecification\",\"valueRequired\":true,\"valueName\":\"search_term_string\"}}],\"inLanguage\":\"en-GB\"},{\"@type\":\"Organization\",\"@id\":\"https:\\\/\\\/rsrmoto.ee\\\/#organization\",\"name\":\"RSR Moto\",\"url\":\"https:\\\/\\\/rsrmoto.ee\\\/\",\"logo\":{\"@type\":\"ImageObject\",\"inLanguage\":\"en-GB\",\"@id\":\"https:\\\/\\\/rsrmoto.ee\\\/#\\\/schema\\\/logo\\\/image\\\/\",\"url\":\"https:\\\/\\\/www.rsrmoto.ee\\\/wp-content\\\/uploads\\\/2024\\\/05\\\/mountain-300x300-1.png\",\"contentUrl\":\"https:\\\/\\\/www.rsrmoto.ee\\\/wp-content\\\/uploads\\\/2024\\\/05\\\/mountain-300x300-1.png\",\"width\":300,\"height\":300,\"caption\":\"RSR Moto\"},\"image\":{\"@id\":\"https:\\\/\\\/rsrmoto.ee\\\/#\\\/schema\\\/logo\\\/image\\\/\"}}]}<\/script>\n<!-- \/ Yoast SEO plugin. -->","yoast_head_json":{"title":"Jope \"Speedmaster Graphite\" - RSR Moto","robots":{"index":"index","follow":"follow","max-snippet":"max-snippet:-1","max-image-preview":"max-image-preview:large","max-video-preview":"max-video-preview:-1"},"canonical":"https:\/\/rsrmoto.ee\/en\/product\/jacket-speedmaster-graphite\/","og_locale":"en_GB","og_type":"article","og_title":"Jope \"Speedmaster Graphite\" - RSR Moto","og_description":"T\u00e4iustatud veekindel jope, mis on loodud taluma ekstreemseid tingimusi ja pakkuma suurep\u00e4rast kaitset ilmastikutingimuste eest. Enam ei pea muretsema vee imbumise p\u00e4rast, kuna sellel jopel on veekindlad t\u00f5mblukud, magnetklapp, teibitud \u00f5mblused ja tihedalt liibuvad neopreenist k\u00e4tised, mis loovad l\u00e4bimatu barj\u00e4\u00e4ri.","og_url":"https:\/\/rsrmoto.ee\/en\/product\/jacket-speedmaster-graphite\/","og_site_name":"RSR Moto","article_modified_time":"2024-05-16T08:52:07+00:00","og_image":[{"width":1000,"height":1000,"url":"https:\/\/rsrmoto.ee\/wp-content\/uploads\/2024\/05\/0d42u1g7iuf37ypefqr05fvdnijh0st0.webp","type":"image\/webp"}],"twitter_card":"summary_large_image","schema":{"@context":"https:\/\/schema.org","@graph":[{"@type":"WebPage","@id":"https:\/\/rsrmoto.ee\/toode\/jacket-speedmaster-graphite\/","url":"https:\/\/rsrmoto.ee\/toode\/jacket-speedmaster-graphite\/","name":"Jope \"Speedmaster Graphite\" - RSR Moto","isPartOf":{"@id":"https:\/\/rsrmoto.ee\/#website"},"primaryImageOfPage":{"@id":"https:\/\/rsrmoto.ee\/toode\/jacket-speedmaster-graphite\/#primaryimage"},"image":{"@id":"https:\/\/rsrmoto.ee\/toode\/jacket-speedmaster-graphite\/#primaryimage"},"thumbnailUrl":"https:\/\/rsrmoto.ee\/wp-content\/uploads\/2024\/05\/0d42u1g7iuf37ypefqr05fvdnijh0st0.webp","datePublished":"2024-05-06T09:54:58+00:00","dateModified":"2024-05-16T08:52:07+00:00","breadcrumb":{"@id":"https:\/\/rsrmoto.ee\/toode\/jacket-speedmaster-graphite\/#breadcrumb"},"inLanguage":"en-GB","potentialAction":[{"@type":"ReadAction","target":["https:\/\/rsrmoto.ee\/toode\/jacket-speedmaster-graphite\/"]}]},{"@type":"ImageObject","inLanguage":"en-GB","@id":"https:\/\/rsrmoto.ee\/toode\/jacket-speedmaster-graphite\/#primaryimage","url":"https:\/\/rsrmoto.ee\/wp-content\/uploads\/2024\/05\/0d42u1g7iuf37ypefqr05fvdnijh0st0.webp","contentUrl":"https:\/\/rsrmoto.ee\/wp-content\/uploads\/2024\/05\/0d42u1g7iuf37ypefqr05fvdnijh0st0.webp","width":1000,"height":1000},{"@type":"BreadcrumbList","@id":"https:\/\/rsrmoto.ee\/toode\/jacket-speedmaster-graphite\/#breadcrumb","itemListElement":[{"@type":"ListItem","position":1,"name":"Esileht","item":"https:\/\/rsrmoto.ee\/"},{"@type":"ListItem","position":2,"name":"Pood","item":"https:\/\/rsrmoto.ee\/pood\/"},{"@type":"ListItem","position":3,"name":"Jope &#8220;Speedmaster Graphite&#8221;"}]},{"@type":"WebSite","@id":"https:\/\/rsrmoto.ee\/#website","url":"https:\/\/rsrmoto.ee\/","name":"RSR Moto","description":"Kvalitseetsed matka- ja kalastusriided","publisher":{"@id":"https:\/\/rsrmoto.ee\/#organization"},"potentialAction":[{"@type":"SearchAction","target":{"@type":"EntryPoint","urlTemplate":"https:\/\/rsrmoto.ee\/?s={search_term_string}"},"query-input":{"@type":"PropertyValueSpecification","valueRequired":true,"valueName":"search_term_string"}}],"inLanguage":"en-GB"},{"@type":"Organization","@id":"https:\/\/rsrmoto.ee\/#organization","name":"RSR Moto","url":"https:\/\/rsrmoto.ee\/","logo":{"@type":"ImageObject","inLanguage":"en-GB","@id":"https:\/\/rsrmoto.ee\/#\/schema\/logo\/image\/","url":"https:\/\/www.rsrmoto.ee\/wp-content\/uploads\/2024\/05\/mountain-300x300-1.png","contentUrl":"https:\/\/www.rsrmoto.ee\/wp-content\/uploads\/2024\/05\/mountain-300x300-1.png","width":300,"height":300,"caption":"RSR Moto"},"image":{"@id":"https:\/\/rsrmoto.ee\/#\/schema\/logo\/image\/"}}]}},"_links":{"self":[{"href":"https:\/\/rsrmoto.ee\/en\/wp-json\/wp\/v2\/product\/1438","targetHints":{"allow":["GET"]}}],"collection":[{"href":"https:\/\/rsrmoto.ee\/en\/wp-json\/wp\/v2\/product"}],"about":[{"href":"https:\/\/rsrmoto.ee\/en\/wp-json\/wp\/v2\/types\/product"}],"wp:featuredmedia":[{"embeddable":true,"href":"https:\/\/rsrmoto.ee\/en\/wp-json\/wp\/v2\/media\/1439"}],"wp:attachment":[{"href":"https:\/\/rsrmoto.ee\/en\/wp-json\/wp\/v2\/media?parent=1438"}],"wp:term":[{"taxonomy":"product_brand","embeddable":true,"href":"https:\/\/rsrmoto.ee\/en\/wp-json\/wp\/v2\/product_brand?post=1438"},{"taxonomy":"product_cat","embeddable":true,"href":"https:\/\/rsrmoto.ee\/en\/wp-json\/wp\/v2\/product_cat?post=1438"},{"taxonomy":"product_tag","embeddable":true,"href":"https:\/\/rsrmoto.ee\/en\/wp-json\/wp\/v2\/product_tag?post=1438"}],"curies":[{"name":"wp","href":"https:\/\/api.w.org\/{rel}","templated":true}]}}