{"id":1485,"date":"2024-05-06T13:07:28","date_gmt":"2024-05-06T10:07:28","guid":{"rendered":"https:\/\/www.rsrmoto.ee\/?post_type=product&#038;p=1485"},"modified":"2024-05-16T11:48:56","modified_gmt":"2024-05-16T08:48:56","slug":"jacket-apex-red","status":"publish","type":"product","link":"https:\/\/rsrmoto.ee\/en\/product\/jacket-apex-red\/","title":{"rendered":"Jope &#8220;Apex&#8221; Punane"},"content":{"rendered":"<ul>\n<li>Kolmekihiline HARD-TEX\u00ae membraaniga kangas<\/li>\n<li>DWR kate<\/li>\n<li>Kapuutsiga topp<\/li>\n<li>Tuulekinnitus eesmise t\u00f5mbluku all<\/li>\n<li>Kaks suurt lukuga rinnataskut<\/li>\n<li>Elastsed k\u00e4tised takistavad tuule sattumist varrukatesse<\/li>\n<li>Kerge ja pakitav<\/li>\n<li>Kontrastsed t\u00f5mblukud ja br\u00e4ndilogod<\/li>\n<\/ul>","protected":false},"excerpt":{"rendered":"<p>Kerge mitmek\u00fclgne jope, mis on loodud spetsiaalselt \u00f5ueharrastajatele ja kalastajatele. Tuulekindlast ja vetth\u00fclgavast materjalist tihendatud \u00f5mblustega jope tagab olulise kaitse teie reiside ajal ilmastikuolude eest. Sellel on elastsed k\u00e4tised, mitmek\u00fclgne p\u00fcstkrae, mis on h\u00f5lpsasti kapuutsiks muudetav, ja stiilsed kaubam\u00e4rgiga logod. Jope sobib nii meestele kui naistele ning oma kompaktse disaini t\u00f5ttu on see ideaalne loodusega tutvumiseks.<\/p>\n<p>VEEKINDLUS 15 000 mm<br \/>\nHINGAV KANGAS 7 000 g\/m\u00b2\/24h<\/p>","protected":false},"featured_media":1486,"template":"","meta":[],"product_brand":[],"product_cat":[28,15],"product_tag":[],"class_list":{"0":"post-1485","1":"product","2":"type-product","3":"status-publish","4":"has-post-thumbnail","6":"product_cat-jakid","7":"product_cat-meestele","9":"first","10":"instock","11":"taxable","12":"shipping-taxable","13":"purchasable","14":"product-type-variable"},"ct_brands":[],"yoast_head":"<!-- This site is optimized with the Yoast SEO plugin v27.3 - https:\/\/yoast.com\/product\/yoast-seo-wordpress\/ -->\n<title>Jope &quot;Apex&quot; Punane - RSR Moto<\/title>\n<meta name=\"robots\" content=\"index, follow, max-snippet:-1, max-image-preview:large, max-video-preview:-1\" \/>\n<link rel=\"canonical\" href=\"https:\/\/rsrmoto.ee\/en\/product\/jacket-apex-red\/\" \/>\n<meta property=\"og:locale\" content=\"en_GB\" \/>\n<meta property=\"og:type\" content=\"article\" \/>\n<meta property=\"og:title\" content=\"Jope &quot;Apex&quot; Punane - RSR Moto\" \/>\n<meta property=\"og:description\" content=\"Kerge mitmek\u00fclgne jope, mis on loodud spetsiaalselt \u00f5ueharrastajatele ja kalastajatele. Tuulekindlast ja vetth\u00fclgavast materjalist tihendatud \u00f5mblustega jope tagab olulise kaitse teie reiside ajal ilmastikuolude eest. Sellel on elastsed k\u00e4tised, mitmek\u00fclgne p\u00fcstkrae, mis on h\u00f5lpsasti kapuutsiks muudetav, ja stiilsed kaubam\u00e4rgiga logod. Jope sobib nii meestele kui naistele ning oma kompaktse disaini t\u00f5ttu on see ideaalne loodusega tutvumiseks.  VEEKINDLUS 15 000 mm HINGAV KANGAS 7 000 g\/m\u00b2\/24h\" \/>\n<meta property=\"og:url\" content=\"https:\/\/rsrmoto.ee\/en\/product\/jacket-apex-red\/\" \/>\n<meta property=\"og:site_name\" content=\"RSR Moto\" \/>\n<meta property=\"article:modified_time\" content=\"2024-05-16T08:48:56+00:00\" \/>\n<meta property=\"og:image\" content=\"https:\/\/rsrmoto.ee\/wp-content\/uploads\/2024\/05\/qwt52owf40hy4by0utwsslwu0y4b95ah.webp\" \/>\n\t<meta property=\"og:image:width\" content=\"1000\" \/>\n\t<meta property=\"og:image:height\" content=\"1000\" \/>\n\t<meta property=\"og:image:type\" content=\"image\/webp\" \/>\n<meta name=\"twitter:card\" content=\"summary_large_image\" \/>\n<script type=\"application\/ld+json\" class=\"yoast-schema-graph\">{\"@context\":\"https:\\\/\\\/schema.org\",\"@graph\":[{\"@type\":\"WebPage\",\"@id\":\"https:\\\/\\\/rsrmoto.ee\\\/toode\\\/jacket-apex-red\\\/\",\"url\":\"https:\\\/\\\/rsrmoto.ee\\\/toode\\\/jacket-apex-red\\\/\",\"name\":\"Jope \\\"Apex\\\" Punane - RSR Moto\",\"isPartOf\":{\"@id\":\"https:\\\/\\\/rsrmoto.ee\\\/#website\"},\"primaryImageOfPage\":{\"@id\":\"https:\\\/\\\/rsrmoto.ee\\\/toode\\\/jacket-apex-red\\\/#primaryimage\"},\"image\":{\"@id\":\"https:\\\/\\\/rsrmoto.ee\\\/toode\\\/jacket-apex-red\\\/#primaryimage\"},\"thumbnailUrl\":\"https:\\\/\\\/rsrmoto.ee\\\/wp-content\\\/uploads\\\/2024\\\/05\\\/qwt52owf40hy4by0utwsslwu0y4b95ah.webp\",\"datePublished\":\"2024-05-06T10:07:28+00:00\",\"dateModified\":\"2024-05-16T08:48:56+00:00\",\"breadcrumb\":{\"@id\":\"https:\\\/\\\/rsrmoto.ee\\\/toode\\\/jacket-apex-red\\\/#breadcrumb\"},\"inLanguage\":\"en-GB\",\"potentialAction\":[{\"@type\":\"ReadAction\",\"target\":[\"https:\\\/\\\/rsrmoto.ee\\\/toode\\\/jacket-apex-red\\\/\"]}]},{\"@type\":\"ImageObject\",\"inLanguage\":\"en-GB\",\"@id\":\"https:\\\/\\\/rsrmoto.ee\\\/toode\\\/jacket-apex-red\\\/#primaryimage\",\"url\":\"https:\\\/\\\/rsrmoto.ee\\\/wp-content\\\/uploads\\\/2024\\\/05\\\/qwt52owf40hy4by0utwsslwu0y4b95ah.webp\",\"contentUrl\":\"https:\\\/\\\/rsrmoto.ee\\\/wp-content\\\/uploads\\\/2024\\\/05\\\/qwt52owf40hy4by0utwsslwu0y4b95ah.webp\",\"width\":1000,\"height\":1000},{\"@type\":\"BreadcrumbList\",\"@id\":\"https:\\\/\\\/rsrmoto.ee\\\/toode\\\/jacket-apex-red\\\/#breadcrumb\",\"itemListElement\":[{\"@type\":\"ListItem\",\"position\":1,\"name\":\"Esileht\",\"item\":\"https:\\\/\\\/rsrmoto.ee\\\/\"},{\"@type\":\"ListItem\",\"position\":2,\"name\":\"Pood\",\"item\":\"https:\\\/\\\/rsrmoto.ee\\\/pood\\\/\"},{\"@type\":\"ListItem\",\"position\":3,\"name\":\"Jope &#8220;Apex&#8221; Punane\"}]},{\"@type\":\"WebSite\",\"@id\":\"https:\\\/\\\/rsrmoto.ee\\\/#website\",\"url\":\"https:\\\/\\\/rsrmoto.ee\\\/\",\"name\":\"RSR Moto\",\"description\":\"Kvalitseetsed matka- ja kalastusriided\",\"publisher\":{\"@id\":\"https:\\\/\\\/rsrmoto.ee\\\/#organization\"},\"potentialAction\":[{\"@type\":\"SearchAction\",\"target\":{\"@type\":\"EntryPoint\",\"urlTemplate\":\"https:\\\/\\\/rsrmoto.ee\\\/?s={search_term_string}\"},\"query-input\":{\"@type\":\"PropertyValueSpecification\",\"valueRequired\":true,\"valueName\":\"search_term_string\"}}],\"inLanguage\":\"en-GB\"},{\"@type\":\"Organization\",\"@id\":\"https:\\\/\\\/rsrmoto.ee\\\/#organization\",\"name\":\"RSR Moto\",\"url\":\"https:\\\/\\\/rsrmoto.ee\\\/\",\"logo\":{\"@type\":\"ImageObject\",\"inLanguage\":\"en-GB\",\"@id\":\"https:\\\/\\\/rsrmoto.ee\\\/#\\\/schema\\\/logo\\\/image\\\/\",\"url\":\"https:\\\/\\\/www.rsrmoto.ee\\\/wp-content\\\/uploads\\\/2024\\\/05\\\/mountain-300x300-1.png\",\"contentUrl\":\"https:\\\/\\\/www.rsrmoto.ee\\\/wp-content\\\/uploads\\\/2024\\\/05\\\/mountain-300x300-1.png\",\"width\":300,\"height\":300,\"caption\":\"RSR Moto\"},\"image\":{\"@id\":\"https:\\\/\\\/rsrmoto.ee\\\/#\\\/schema\\\/logo\\\/image\\\/\"}}]}<\/script>\n<!-- \/ Yoast SEO plugin. -->","yoast_head_json":{"title":"Jope \"Apex\" Punane - RSR Moto","robots":{"index":"index","follow":"follow","max-snippet":"max-snippet:-1","max-image-preview":"max-image-preview:large","max-video-preview":"max-video-preview:-1"},"canonical":"https:\/\/rsrmoto.ee\/en\/product\/jacket-apex-red\/","og_locale":"en_GB","og_type":"article","og_title":"Jope \"Apex\" Punane - RSR Moto","og_description":"Kerge mitmek\u00fclgne jope, mis on loodud spetsiaalselt \u00f5ueharrastajatele ja kalastajatele. Tuulekindlast ja vetth\u00fclgavast materjalist tihendatud \u00f5mblustega jope tagab olulise kaitse teie reiside ajal ilmastikuolude eest. Sellel on elastsed k\u00e4tised, mitmek\u00fclgne p\u00fcstkrae, mis on h\u00f5lpsasti kapuutsiks muudetav, ja stiilsed kaubam\u00e4rgiga logod. Jope sobib nii meestele kui naistele ning oma kompaktse disaini t\u00f5ttu on see ideaalne loodusega tutvumiseks.  VEEKINDLUS 15 000 mm HINGAV KANGAS 7 000 g\/m\u00b2\/24h","og_url":"https:\/\/rsrmoto.ee\/en\/product\/jacket-apex-red\/","og_site_name":"RSR Moto","article_modified_time":"2024-05-16T08:48:56+00:00","og_image":[{"width":1000,"height":1000,"url":"https:\/\/rsrmoto.ee\/wp-content\/uploads\/2024\/05\/qwt52owf40hy4by0utwsslwu0y4b95ah.webp","type":"image\/webp"}],"twitter_card":"summary_large_image","schema":{"@context":"https:\/\/schema.org","@graph":[{"@type":"WebPage","@id":"https:\/\/rsrmoto.ee\/toode\/jacket-apex-red\/","url":"https:\/\/rsrmoto.ee\/toode\/jacket-apex-red\/","name":"Jope \"Apex\" Punane - RSR Moto","isPartOf":{"@id":"https:\/\/rsrmoto.ee\/#website"},"primaryImageOfPage":{"@id":"https:\/\/rsrmoto.ee\/toode\/jacket-apex-red\/#primaryimage"},"image":{"@id":"https:\/\/rsrmoto.ee\/toode\/jacket-apex-red\/#primaryimage"},"thumbnailUrl":"https:\/\/rsrmoto.ee\/wp-content\/uploads\/2024\/05\/qwt52owf40hy4by0utwsslwu0y4b95ah.webp","datePublished":"2024-05-06T10:07:28+00:00","dateModified":"2024-05-16T08:48:56+00:00","breadcrumb":{"@id":"https:\/\/rsrmoto.ee\/toode\/jacket-apex-red\/#breadcrumb"},"inLanguage":"en-GB","potentialAction":[{"@type":"ReadAction","target":["https:\/\/rsrmoto.ee\/toode\/jacket-apex-red\/"]}]},{"@type":"ImageObject","inLanguage":"en-GB","@id":"https:\/\/rsrmoto.ee\/toode\/jacket-apex-red\/#primaryimage","url":"https:\/\/rsrmoto.ee\/wp-content\/uploads\/2024\/05\/qwt52owf40hy4by0utwsslwu0y4b95ah.webp","contentUrl":"https:\/\/rsrmoto.ee\/wp-content\/uploads\/2024\/05\/qwt52owf40hy4by0utwsslwu0y4b95ah.webp","width":1000,"height":1000},{"@type":"BreadcrumbList","@id":"https:\/\/rsrmoto.ee\/toode\/jacket-apex-red\/#breadcrumb","itemListElement":[{"@type":"ListItem","position":1,"name":"Esileht","item":"https:\/\/rsrmoto.ee\/"},{"@type":"ListItem","position":2,"name":"Pood","item":"https:\/\/rsrmoto.ee\/pood\/"},{"@type":"ListItem","position":3,"name":"Jope &#8220;Apex&#8221; Punane"}]},{"@type":"WebSite","@id":"https:\/\/rsrmoto.ee\/#website","url":"https:\/\/rsrmoto.ee\/","name":"RSR Moto","description":"Kvalitseetsed matka- ja kalastusriided","publisher":{"@id":"https:\/\/rsrmoto.ee\/#organization"},"potentialAction":[{"@type":"SearchAction","target":{"@type":"EntryPoint","urlTemplate":"https:\/\/rsrmoto.ee\/?s={search_term_string}"},"query-input":{"@type":"PropertyValueSpecification","valueRequired":true,"valueName":"search_term_string"}}],"inLanguage":"en-GB"},{"@type":"Organization","@id":"https:\/\/rsrmoto.ee\/#organization","name":"RSR Moto","url":"https:\/\/rsrmoto.ee\/","logo":{"@type":"ImageObject","inLanguage":"en-GB","@id":"https:\/\/rsrmoto.ee\/#\/schema\/logo\/image\/","url":"https:\/\/www.rsrmoto.ee\/wp-content\/uploads\/2024\/05\/mountain-300x300-1.png","contentUrl":"https:\/\/www.rsrmoto.ee\/wp-content\/uploads\/2024\/05\/mountain-300x300-1.png","width":300,"height":300,"caption":"RSR Moto"},"image":{"@id":"https:\/\/rsrmoto.ee\/#\/schema\/logo\/image\/"}}]}},"_links":{"self":[{"href":"https:\/\/rsrmoto.ee\/en\/wp-json\/wp\/v2\/product\/1485","targetHints":{"allow":["GET"]}}],"collection":[{"href":"https:\/\/rsrmoto.ee\/en\/wp-json\/wp\/v2\/product"}],"about":[{"href":"https:\/\/rsrmoto.ee\/en\/wp-json\/wp\/v2\/types\/product"}],"wp:featuredmedia":[{"embeddable":true,"href":"https:\/\/rsrmoto.ee\/en\/wp-json\/wp\/v2\/media\/1486"}],"wp:attachment":[{"href":"https:\/\/rsrmoto.ee\/en\/wp-json\/wp\/v2\/media?parent=1485"}],"wp:term":[{"taxonomy":"product_brand","embeddable":true,"href":"https:\/\/rsrmoto.ee\/en\/wp-json\/wp\/v2\/product_brand?post=1485"},{"taxonomy":"product_cat","embeddable":true,"href":"https:\/\/rsrmoto.ee\/en\/wp-json\/wp\/v2\/product_cat?post=1485"},{"taxonomy":"product_tag","embeddable":true,"href":"https:\/\/rsrmoto.ee\/en\/wp-json\/wp\/v2\/product_tag?post=1485"}],"curies":[{"name":"wp","href":"https:\/\/api.w.org\/{rel}","templated":true}]}}