{"id":1496,"date":"2024-05-06T13:10:11","date_gmt":"2024-05-06T10:10:11","guid":{"rendered":"https:\/\/www.rsrmoto.ee\/?post_type=product&#038;p=1496"},"modified":"2024-05-16T11:48:52","modified_gmt":"2024-05-16T08:48:52","slug":"jacket-apex-grey","status":"publish","type":"product","link":"https:\/\/rsrmoto.ee\/en\/product\/jacket-apex-grey\/","title":{"rendered":"Jope &#8220;Apex&#8221; Hall"},"content":{"rendered":"<ul>\n<li>Kolmekihiline HARD-TEX\u00ae membraaniga kangas<\/li>\n<li>DWR kate<\/li>\n<li>Kapuutsiga topp<\/li>\n<li>Tuulekinnitus eesmise t\u00f5mbluku all<\/li>\n<li>Kaks suurt lukuga rinnataskut<\/li>\n<li>Elastsed k\u00e4tised takistavad tuule sattumist varrukatesse<\/li>\n<li>Kerge ja pakitav<\/li>\n<li>Kontrastsed t\u00f5mblukud ja br\u00e4ndilogod<\/li>\n<\/ul>","protected":false},"excerpt":{"rendered":"<p>Kerge jakk, mis on m\u00f5eldud \u00f5ue harrastajatele. Tuule- ja vetth\u00fclgavast kangast ning suletud \u00f5mblustega jope pakub olulist kaitset teie ekspeditsioonidel esinevate elementide vastu. Sellel on elastsed k\u00e4tised, mitmek\u00fclgne p\u00fcstkrae, mis muutub kergesti kapuutsiks, ja kaubam\u00e4rgiga logod, mis pakuvad rafineeritust. See jope, mis on loodud pakkuma nii mugavust kui ka stiili, sobib nii meestele kui naistele. Selle kompaktne pakkimisv\u00f5ime muudab selle ideaalseks kaaslaseks igaks seikluseks, mille ette v\u00f5tate.<\/p>","protected":false},"featured_media":1497,"template":"","meta":[],"product_brand":[],"product_cat":[28,15],"product_tag":[],"class_list":{"0":"post-1496","1":"product","2":"type-product","3":"status-publish","4":"has-post-thumbnail","6":"product_cat-jakid","7":"product_cat-meestele","9":"first","10":"instock","11":"taxable","12":"shipping-taxable","13":"purchasable","14":"product-type-variable"},"ct_brands":[],"yoast_head":"<!-- This site is optimized with the Yoast SEO plugin v27.3 - https:\/\/yoast.com\/product\/yoast-seo-wordpress\/ -->\n<title>Jope &quot;Apex&quot; Hall - RSR Moto<\/title>\n<meta name=\"robots\" content=\"index, follow, max-snippet:-1, max-image-preview:large, max-video-preview:-1\" \/>\n<link rel=\"canonical\" href=\"https:\/\/rsrmoto.ee\/en\/product\/jacket-apex-grey\/\" \/>\n<meta property=\"og:locale\" content=\"en_GB\" \/>\n<meta property=\"og:type\" content=\"article\" \/>\n<meta property=\"og:title\" content=\"Jope &quot;Apex&quot; Hall - RSR Moto\" \/>\n<meta property=\"og:description\" content=\"Kerge jakk, mis on m\u00f5eldud \u00f5ue harrastajatele. Tuule- ja vetth\u00fclgavast kangast ning suletud \u00f5mblustega jope pakub olulist kaitset teie ekspeditsioonidel esinevate elementide vastu. Sellel on elastsed k\u00e4tised, mitmek\u00fclgne p\u00fcstkrae, mis muutub kergesti kapuutsiks, ja kaubam\u00e4rgiga logod, mis pakuvad rafineeritust. See jope, mis on loodud pakkuma nii mugavust kui ka stiili, sobib nii meestele kui naistele. Selle kompaktne pakkimisv\u00f5ime muudab selle ideaalseks kaaslaseks igaks seikluseks, mille ette v\u00f5tate.\" \/>\n<meta property=\"og:url\" content=\"https:\/\/rsrmoto.ee\/en\/product\/jacket-apex-grey\/\" \/>\n<meta property=\"og:site_name\" content=\"RSR Moto\" \/>\n<meta property=\"article:modified_time\" content=\"2024-05-16T08:48:52+00:00\" \/>\n<meta property=\"og:image\" content=\"https:\/\/rsrmoto.ee\/wp-content\/uploads\/2024\/05\/dklmja0d5lww1t79d2ajprgnjv4kz1sn.webp\" \/>\n\t<meta property=\"og:image:width\" content=\"1000\" \/>\n\t<meta property=\"og:image:height\" content=\"1000\" \/>\n\t<meta property=\"og:image:type\" content=\"image\/webp\" \/>\n<meta name=\"twitter:card\" content=\"summary_large_image\" \/>\n<script type=\"application\/ld+json\" class=\"yoast-schema-graph\">{\"@context\":\"https:\\\/\\\/schema.org\",\"@graph\":[{\"@type\":\"WebPage\",\"@id\":\"https:\\\/\\\/rsrmoto.ee\\\/toode\\\/jacket-apex-grey\\\/\",\"url\":\"https:\\\/\\\/rsrmoto.ee\\\/toode\\\/jacket-apex-grey\\\/\",\"name\":\"Jope \\\"Apex\\\" Hall - RSR Moto\",\"isPartOf\":{\"@id\":\"https:\\\/\\\/rsrmoto.ee\\\/#website\"},\"primaryImageOfPage\":{\"@id\":\"https:\\\/\\\/rsrmoto.ee\\\/toode\\\/jacket-apex-grey\\\/#primaryimage\"},\"image\":{\"@id\":\"https:\\\/\\\/rsrmoto.ee\\\/toode\\\/jacket-apex-grey\\\/#primaryimage\"},\"thumbnailUrl\":\"https:\\\/\\\/rsrmoto.ee\\\/wp-content\\\/uploads\\\/2024\\\/05\\\/dklmja0d5lww1t79d2ajprgnjv4kz1sn.webp\",\"datePublished\":\"2024-05-06T10:10:11+00:00\",\"dateModified\":\"2024-05-16T08:48:52+00:00\",\"breadcrumb\":{\"@id\":\"https:\\\/\\\/rsrmoto.ee\\\/toode\\\/jacket-apex-grey\\\/#breadcrumb\"},\"inLanguage\":\"en-GB\",\"potentialAction\":[{\"@type\":\"ReadAction\",\"target\":[\"https:\\\/\\\/rsrmoto.ee\\\/toode\\\/jacket-apex-grey\\\/\"]}]},{\"@type\":\"ImageObject\",\"inLanguage\":\"en-GB\",\"@id\":\"https:\\\/\\\/rsrmoto.ee\\\/toode\\\/jacket-apex-grey\\\/#primaryimage\",\"url\":\"https:\\\/\\\/rsrmoto.ee\\\/wp-content\\\/uploads\\\/2024\\\/05\\\/dklmja0d5lww1t79d2ajprgnjv4kz1sn.webp\",\"contentUrl\":\"https:\\\/\\\/rsrmoto.ee\\\/wp-content\\\/uploads\\\/2024\\\/05\\\/dklmja0d5lww1t79d2ajprgnjv4kz1sn.webp\",\"width\":1000,\"height\":1000},{\"@type\":\"BreadcrumbList\",\"@id\":\"https:\\\/\\\/rsrmoto.ee\\\/toode\\\/jacket-apex-grey\\\/#breadcrumb\",\"itemListElement\":[{\"@type\":\"ListItem\",\"position\":1,\"name\":\"Esileht\",\"item\":\"https:\\\/\\\/rsrmoto.ee\\\/\"},{\"@type\":\"ListItem\",\"position\":2,\"name\":\"Pood\",\"item\":\"https:\\\/\\\/rsrmoto.ee\\\/pood\\\/\"},{\"@type\":\"ListItem\",\"position\":3,\"name\":\"Jope &#8220;Apex&#8221; Hall\"}]},{\"@type\":\"WebSite\",\"@id\":\"https:\\\/\\\/rsrmoto.ee\\\/#website\",\"url\":\"https:\\\/\\\/rsrmoto.ee\\\/\",\"name\":\"RSR Moto\",\"description\":\"Kvalitseetsed matka- ja kalastusriided\",\"publisher\":{\"@id\":\"https:\\\/\\\/rsrmoto.ee\\\/#organization\"},\"potentialAction\":[{\"@type\":\"SearchAction\",\"target\":{\"@type\":\"EntryPoint\",\"urlTemplate\":\"https:\\\/\\\/rsrmoto.ee\\\/?s={search_term_string}\"},\"query-input\":{\"@type\":\"PropertyValueSpecification\",\"valueRequired\":true,\"valueName\":\"search_term_string\"}}],\"inLanguage\":\"en-GB\"},{\"@type\":\"Organization\",\"@id\":\"https:\\\/\\\/rsrmoto.ee\\\/#organization\",\"name\":\"RSR Moto\",\"url\":\"https:\\\/\\\/rsrmoto.ee\\\/\",\"logo\":{\"@type\":\"ImageObject\",\"inLanguage\":\"en-GB\",\"@id\":\"https:\\\/\\\/rsrmoto.ee\\\/#\\\/schema\\\/logo\\\/image\\\/\",\"url\":\"https:\\\/\\\/www.rsrmoto.ee\\\/wp-content\\\/uploads\\\/2024\\\/05\\\/mountain-300x300-1.png\",\"contentUrl\":\"https:\\\/\\\/www.rsrmoto.ee\\\/wp-content\\\/uploads\\\/2024\\\/05\\\/mountain-300x300-1.png\",\"width\":300,\"height\":300,\"caption\":\"RSR Moto\"},\"image\":{\"@id\":\"https:\\\/\\\/rsrmoto.ee\\\/#\\\/schema\\\/logo\\\/image\\\/\"}}]}<\/script>\n<!-- \/ Yoast SEO plugin. -->","yoast_head_json":{"title":"Jope \"Apex\" Hall - RSR Moto","robots":{"index":"index","follow":"follow","max-snippet":"max-snippet:-1","max-image-preview":"max-image-preview:large","max-video-preview":"max-video-preview:-1"},"canonical":"https:\/\/rsrmoto.ee\/en\/product\/jacket-apex-grey\/","og_locale":"en_GB","og_type":"article","og_title":"Jope \"Apex\" Hall - RSR Moto","og_description":"Kerge jakk, mis on m\u00f5eldud \u00f5ue harrastajatele. Tuule- ja vetth\u00fclgavast kangast ning suletud \u00f5mblustega jope pakub olulist kaitset teie ekspeditsioonidel esinevate elementide vastu. Sellel on elastsed k\u00e4tised, mitmek\u00fclgne p\u00fcstkrae, mis muutub kergesti kapuutsiks, ja kaubam\u00e4rgiga logod, mis pakuvad rafineeritust. See jope, mis on loodud pakkuma nii mugavust kui ka stiili, sobib nii meestele kui naistele. Selle kompaktne pakkimisv\u00f5ime muudab selle ideaalseks kaaslaseks igaks seikluseks, mille ette v\u00f5tate.","og_url":"https:\/\/rsrmoto.ee\/en\/product\/jacket-apex-grey\/","og_site_name":"RSR Moto","article_modified_time":"2024-05-16T08:48:52+00:00","og_image":[{"width":1000,"height":1000,"url":"https:\/\/rsrmoto.ee\/wp-content\/uploads\/2024\/05\/dklmja0d5lww1t79d2ajprgnjv4kz1sn.webp","type":"image\/webp"}],"twitter_card":"summary_large_image","schema":{"@context":"https:\/\/schema.org","@graph":[{"@type":"WebPage","@id":"https:\/\/rsrmoto.ee\/toode\/jacket-apex-grey\/","url":"https:\/\/rsrmoto.ee\/toode\/jacket-apex-grey\/","name":"Jope \"Apex\" Hall - RSR Moto","isPartOf":{"@id":"https:\/\/rsrmoto.ee\/#website"},"primaryImageOfPage":{"@id":"https:\/\/rsrmoto.ee\/toode\/jacket-apex-grey\/#primaryimage"},"image":{"@id":"https:\/\/rsrmoto.ee\/toode\/jacket-apex-grey\/#primaryimage"},"thumbnailUrl":"https:\/\/rsrmoto.ee\/wp-content\/uploads\/2024\/05\/dklmja0d5lww1t79d2ajprgnjv4kz1sn.webp","datePublished":"2024-05-06T10:10:11+00:00","dateModified":"2024-05-16T08:48:52+00:00","breadcrumb":{"@id":"https:\/\/rsrmoto.ee\/toode\/jacket-apex-grey\/#breadcrumb"},"inLanguage":"en-GB","potentialAction":[{"@type":"ReadAction","target":["https:\/\/rsrmoto.ee\/toode\/jacket-apex-grey\/"]}]},{"@type":"ImageObject","inLanguage":"en-GB","@id":"https:\/\/rsrmoto.ee\/toode\/jacket-apex-grey\/#primaryimage","url":"https:\/\/rsrmoto.ee\/wp-content\/uploads\/2024\/05\/dklmja0d5lww1t79d2ajprgnjv4kz1sn.webp","contentUrl":"https:\/\/rsrmoto.ee\/wp-content\/uploads\/2024\/05\/dklmja0d5lww1t79d2ajprgnjv4kz1sn.webp","width":1000,"height":1000},{"@type":"BreadcrumbList","@id":"https:\/\/rsrmoto.ee\/toode\/jacket-apex-grey\/#breadcrumb","itemListElement":[{"@type":"ListItem","position":1,"name":"Esileht","item":"https:\/\/rsrmoto.ee\/"},{"@type":"ListItem","position":2,"name":"Pood","item":"https:\/\/rsrmoto.ee\/pood\/"},{"@type":"ListItem","position":3,"name":"Jope &#8220;Apex&#8221; Hall"}]},{"@type":"WebSite","@id":"https:\/\/rsrmoto.ee\/#website","url":"https:\/\/rsrmoto.ee\/","name":"RSR Moto","description":"Kvalitseetsed matka- ja kalastusriided","publisher":{"@id":"https:\/\/rsrmoto.ee\/#organization"},"potentialAction":[{"@type":"SearchAction","target":{"@type":"EntryPoint","urlTemplate":"https:\/\/rsrmoto.ee\/?s={search_term_string}"},"query-input":{"@type":"PropertyValueSpecification","valueRequired":true,"valueName":"search_term_string"}}],"inLanguage":"en-GB"},{"@type":"Organization","@id":"https:\/\/rsrmoto.ee\/#organization","name":"RSR Moto","url":"https:\/\/rsrmoto.ee\/","logo":{"@type":"ImageObject","inLanguage":"en-GB","@id":"https:\/\/rsrmoto.ee\/#\/schema\/logo\/image\/","url":"https:\/\/www.rsrmoto.ee\/wp-content\/uploads\/2024\/05\/mountain-300x300-1.png","contentUrl":"https:\/\/www.rsrmoto.ee\/wp-content\/uploads\/2024\/05\/mountain-300x300-1.png","width":300,"height":300,"caption":"RSR Moto"},"image":{"@id":"https:\/\/rsrmoto.ee\/#\/schema\/logo\/image\/"}}]}},"_links":{"self":[{"href":"https:\/\/rsrmoto.ee\/en\/wp-json\/wp\/v2\/product\/1496","targetHints":{"allow":["GET"]}}],"collection":[{"href":"https:\/\/rsrmoto.ee\/en\/wp-json\/wp\/v2\/product"}],"about":[{"href":"https:\/\/rsrmoto.ee\/en\/wp-json\/wp\/v2\/types\/product"}],"wp:featuredmedia":[{"embeddable":true,"href":"https:\/\/rsrmoto.ee\/en\/wp-json\/wp\/v2\/media\/1497"}],"wp:attachment":[{"href":"https:\/\/rsrmoto.ee\/en\/wp-json\/wp\/v2\/media?parent=1496"}],"wp:term":[{"taxonomy":"product_brand","embeddable":true,"href":"https:\/\/rsrmoto.ee\/en\/wp-json\/wp\/v2\/product_brand?post=1496"},{"taxonomy":"product_cat","embeddable":true,"href":"https:\/\/rsrmoto.ee\/en\/wp-json\/wp\/v2\/product_cat?post=1496"},{"taxonomy":"product_tag","embeddable":true,"href":"https:\/\/rsrmoto.ee\/en\/wp-json\/wp\/v2\/product_tag?post=1496"}],"curies":[{"name":"wp","href":"https:\/\/api.w.org\/{rel}","templated":true}]}}