{"id":1514,"date":"2024-05-06T13:13:58","date_gmt":"2024-05-06T10:13:58","guid":{"rendered":"https:\/\/www.rsrmoto.ee\/?post_type=product&#038;p=1514"},"modified":"2024-05-16T11:49:02","modified_gmt":"2024-05-16T08:49:02","slug":"jacket-coaster-khaki","status":"publish","type":"product","link":"https:\/\/rsrmoto.ee\/en\/product\/jacket-coaster-khaki\/","title":{"rendered":"Jope &#8220;Coaster&#8221; Roheline"},"content":{"rendered":"<ul>\n<li>Vastupidav neljakihiline HARD-TEX\u00ae membraaniga kangas<\/li>\n<li>DWR (Durable Water Repellent) viimistlus<\/li>\n<li>K\u00f5ik \u00f5mblused ja t\u00f5mblukud on kindlalt teibitud<\/li>\n<li>T\u00f5mblukuga suletav Velcro tormiklapiga<\/li>\n<li>Kaks suurt klapitaskut ja kaks fliisvoodriga k\u00e4tesoojendajataskut<\/li>\n<li>\u00dcks sisetasku<\/li>\n<li>3\u041c helkurelemendid<\/li>\n<\/ul>","protected":false},"excerpt":{"rendered":"<p>See klassikaline veekindel jope \u00fchendab endas stiili, p\u00f5hifunktsioonid ja veekindla j\u00f5udluse. Sellel on kaks avarat rinnataskut, mis pakuvad palju panipaika k\u00f5igi reisimise ja matkamise jaoks vajalike asjade jaoks.<\/p>","protected":false},"featured_media":1513,"template":"","meta":[],"product_brand":[],"product_cat":[28,15],"product_tag":[],"class_list":{"0":"post-1514","1":"product","2":"type-product","3":"status-publish","4":"has-post-thumbnail","6":"product_cat-jakid","7":"product_cat-meestele","9":"first","10":"instock","11":"taxable","12":"shipping-taxable","13":"purchasable","14":"product-type-variable"},"ct_brands":[],"yoast_head":"<!-- This site is optimized with the Yoast SEO plugin v27.3 - https:\/\/yoast.com\/product\/yoast-seo-wordpress\/ -->\n<title>Jope &quot;Coaster&quot; Roheline - RSR Moto<\/title>\n<meta name=\"robots\" content=\"index, follow, max-snippet:-1, max-image-preview:large, max-video-preview:-1\" \/>\n<link rel=\"canonical\" href=\"https:\/\/rsrmoto.ee\/en\/product\/jacket-coaster-khaki\/\" \/>\n<meta property=\"og:locale\" content=\"en_GB\" \/>\n<meta property=\"og:type\" content=\"article\" \/>\n<meta property=\"og:title\" content=\"Jope &quot;Coaster&quot; Roheline - RSR Moto\" \/>\n<meta property=\"og:description\" content=\"See klassikaline veekindel jope \u00fchendab endas stiili, p\u00f5hifunktsioonid ja veekindla j\u00f5udluse. Sellel on kaks avarat rinnataskut, mis pakuvad palju panipaika k\u00f5igi reisimise ja matkamise jaoks vajalike asjade jaoks.\" \/>\n<meta property=\"og:url\" content=\"https:\/\/rsrmoto.ee\/en\/product\/jacket-coaster-khaki\/\" \/>\n<meta property=\"og:site_name\" content=\"RSR Moto\" \/>\n<meta property=\"article:modified_time\" content=\"2024-05-16T08:49:02+00:00\" \/>\n<meta property=\"og:image\" content=\"https:\/\/rsrmoto.ee\/wp-content\/uploads\/2024\/05\/ge41vxiekfwaim3cwh1ynz26l6b155ik.webp\" \/>\n\t<meta property=\"og:image:width\" content=\"1000\" \/>\n\t<meta property=\"og:image:height\" content=\"1000\" \/>\n\t<meta property=\"og:image:type\" content=\"image\/webp\" \/>\n<meta name=\"twitter:card\" content=\"summary_large_image\" \/>\n<script type=\"application\/ld+json\" class=\"yoast-schema-graph\">{\"@context\":\"https:\\\/\\\/schema.org\",\"@graph\":[{\"@type\":\"WebPage\",\"@id\":\"https:\\\/\\\/rsrmoto.ee\\\/toode\\\/jacket-coaster-khaki\\\/\",\"url\":\"https:\\\/\\\/rsrmoto.ee\\\/toode\\\/jacket-coaster-khaki\\\/\",\"name\":\"Jope \\\"Coaster\\\" Roheline - RSR Moto\",\"isPartOf\":{\"@id\":\"https:\\\/\\\/rsrmoto.ee\\\/#website\"},\"primaryImageOfPage\":{\"@id\":\"https:\\\/\\\/rsrmoto.ee\\\/toode\\\/jacket-coaster-khaki\\\/#primaryimage\"},\"image\":{\"@id\":\"https:\\\/\\\/rsrmoto.ee\\\/toode\\\/jacket-coaster-khaki\\\/#primaryimage\"},\"thumbnailUrl\":\"https:\\\/\\\/rsrmoto.ee\\\/wp-content\\\/uploads\\\/2024\\\/05\\\/ge41vxiekfwaim3cwh1ynz26l6b155ik.webp\",\"datePublished\":\"2024-05-06T10:13:58+00:00\",\"dateModified\":\"2024-05-16T08:49:02+00:00\",\"breadcrumb\":{\"@id\":\"https:\\\/\\\/rsrmoto.ee\\\/toode\\\/jacket-coaster-khaki\\\/#breadcrumb\"},\"inLanguage\":\"en-GB\",\"potentialAction\":[{\"@type\":\"ReadAction\",\"target\":[\"https:\\\/\\\/rsrmoto.ee\\\/toode\\\/jacket-coaster-khaki\\\/\"]}]},{\"@type\":\"ImageObject\",\"inLanguage\":\"en-GB\",\"@id\":\"https:\\\/\\\/rsrmoto.ee\\\/toode\\\/jacket-coaster-khaki\\\/#primaryimage\",\"url\":\"https:\\\/\\\/rsrmoto.ee\\\/wp-content\\\/uploads\\\/2024\\\/05\\\/ge41vxiekfwaim3cwh1ynz26l6b155ik.webp\",\"contentUrl\":\"https:\\\/\\\/rsrmoto.ee\\\/wp-content\\\/uploads\\\/2024\\\/05\\\/ge41vxiekfwaim3cwh1ynz26l6b155ik.webp\",\"width\":1000,\"height\":1000},{\"@type\":\"BreadcrumbList\",\"@id\":\"https:\\\/\\\/rsrmoto.ee\\\/toode\\\/jacket-coaster-khaki\\\/#breadcrumb\",\"itemListElement\":[{\"@type\":\"ListItem\",\"position\":1,\"name\":\"Esileht\",\"item\":\"https:\\\/\\\/rsrmoto.ee\\\/\"},{\"@type\":\"ListItem\",\"position\":2,\"name\":\"Pood\",\"item\":\"https:\\\/\\\/rsrmoto.ee\\\/pood\\\/\"},{\"@type\":\"ListItem\",\"position\":3,\"name\":\"Jope &#8220;Coaster&#8221; Roheline\"}]},{\"@type\":\"WebSite\",\"@id\":\"https:\\\/\\\/rsrmoto.ee\\\/#website\",\"url\":\"https:\\\/\\\/rsrmoto.ee\\\/\",\"name\":\"RSR Moto\",\"description\":\"Kvalitseetsed matka- ja kalastusriided\",\"publisher\":{\"@id\":\"https:\\\/\\\/rsrmoto.ee\\\/#organization\"},\"potentialAction\":[{\"@type\":\"SearchAction\",\"target\":{\"@type\":\"EntryPoint\",\"urlTemplate\":\"https:\\\/\\\/rsrmoto.ee\\\/?s={search_term_string}\"},\"query-input\":{\"@type\":\"PropertyValueSpecification\",\"valueRequired\":true,\"valueName\":\"search_term_string\"}}],\"inLanguage\":\"en-GB\"},{\"@type\":\"Organization\",\"@id\":\"https:\\\/\\\/rsrmoto.ee\\\/#organization\",\"name\":\"RSR Moto\",\"url\":\"https:\\\/\\\/rsrmoto.ee\\\/\",\"logo\":{\"@type\":\"ImageObject\",\"inLanguage\":\"en-GB\",\"@id\":\"https:\\\/\\\/rsrmoto.ee\\\/#\\\/schema\\\/logo\\\/image\\\/\",\"url\":\"https:\\\/\\\/www.rsrmoto.ee\\\/wp-content\\\/uploads\\\/2024\\\/05\\\/mountain-300x300-1.png\",\"contentUrl\":\"https:\\\/\\\/www.rsrmoto.ee\\\/wp-content\\\/uploads\\\/2024\\\/05\\\/mountain-300x300-1.png\",\"width\":300,\"height\":300,\"caption\":\"RSR Moto\"},\"image\":{\"@id\":\"https:\\\/\\\/rsrmoto.ee\\\/#\\\/schema\\\/logo\\\/image\\\/\"}}]}<\/script>\n<!-- \/ Yoast SEO plugin. -->","yoast_head_json":{"title":"Jope \"Coaster\" Roheline - RSR Moto","robots":{"index":"index","follow":"follow","max-snippet":"max-snippet:-1","max-image-preview":"max-image-preview:large","max-video-preview":"max-video-preview:-1"},"canonical":"https:\/\/rsrmoto.ee\/en\/product\/jacket-coaster-khaki\/","og_locale":"en_GB","og_type":"article","og_title":"Jope \"Coaster\" Roheline - RSR Moto","og_description":"See klassikaline veekindel jope \u00fchendab endas stiili, p\u00f5hifunktsioonid ja veekindla j\u00f5udluse. Sellel on kaks avarat rinnataskut, mis pakuvad palju panipaika k\u00f5igi reisimise ja matkamise jaoks vajalike asjade jaoks.","og_url":"https:\/\/rsrmoto.ee\/en\/product\/jacket-coaster-khaki\/","og_site_name":"RSR Moto","article_modified_time":"2024-05-16T08:49:02+00:00","og_image":[{"width":1000,"height":1000,"url":"https:\/\/rsrmoto.ee\/wp-content\/uploads\/2024\/05\/ge41vxiekfwaim3cwh1ynz26l6b155ik.webp","type":"image\/webp"}],"twitter_card":"summary_large_image","schema":{"@context":"https:\/\/schema.org","@graph":[{"@type":"WebPage","@id":"https:\/\/rsrmoto.ee\/toode\/jacket-coaster-khaki\/","url":"https:\/\/rsrmoto.ee\/toode\/jacket-coaster-khaki\/","name":"Jope \"Coaster\" Roheline - RSR Moto","isPartOf":{"@id":"https:\/\/rsrmoto.ee\/#website"},"primaryImageOfPage":{"@id":"https:\/\/rsrmoto.ee\/toode\/jacket-coaster-khaki\/#primaryimage"},"image":{"@id":"https:\/\/rsrmoto.ee\/toode\/jacket-coaster-khaki\/#primaryimage"},"thumbnailUrl":"https:\/\/rsrmoto.ee\/wp-content\/uploads\/2024\/05\/ge41vxiekfwaim3cwh1ynz26l6b155ik.webp","datePublished":"2024-05-06T10:13:58+00:00","dateModified":"2024-05-16T08:49:02+00:00","breadcrumb":{"@id":"https:\/\/rsrmoto.ee\/toode\/jacket-coaster-khaki\/#breadcrumb"},"inLanguage":"en-GB","potentialAction":[{"@type":"ReadAction","target":["https:\/\/rsrmoto.ee\/toode\/jacket-coaster-khaki\/"]}]},{"@type":"ImageObject","inLanguage":"en-GB","@id":"https:\/\/rsrmoto.ee\/toode\/jacket-coaster-khaki\/#primaryimage","url":"https:\/\/rsrmoto.ee\/wp-content\/uploads\/2024\/05\/ge41vxiekfwaim3cwh1ynz26l6b155ik.webp","contentUrl":"https:\/\/rsrmoto.ee\/wp-content\/uploads\/2024\/05\/ge41vxiekfwaim3cwh1ynz26l6b155ik.webp","width":1000,"height":1000},{"@type":"BreadcrumbList","@id":"https:\/\/rsrmoto.ee\/toode\/jacket-coaster-khaki\/#breadcrumb","itemListElement":[{"@type":"ListItem","position":1,"name":"Esileht","item":"https:\/\/rsrmoto.ee\/"},{"@type":"ListItem","position":2,"name":"Pood","item":"https:\/\/rsrmoto.ee\/pood\/"},{"@type":"ListItem","position":3,"name":"Jope &#8220;Coaster&#8221; Roheline"}]},{"@type":"WebSite","@id":"https:\/\/rsrmoto.ee\/#website","url":"https:\/\/rsrmoto.ee\/","name":"RSR Moto","description":"Kvalitseetsed matka- ja kalastusriided","publisher":{"@id":"https:\/\/rsrmoto.ee\/#organization"},"potentialAction":[{"@type":"SearchAction","target":{"@type":"EntryPoint","urlTemplate":"https:\/\/rsrmoto.ee\/?s={search_term_string}"},"query-input":{"@type":"PropertyValueSpecification","valueRequired":true,"valueName":"search_term_string"}}],"inLanguage":"en-GB"},{"@type":"Organization","@id":"https:\/\/rsrmoto.ee\/#organization","name":"RSR Moto","url":"https:\/\/rsrmoto.ee\/","logo":{"@type":"ImageObject","inLanguage":"en-GB","@id":"https:\/\/rsrmoto.ee\/#\/schema\/logo\/image\/","url":"https:\/\/www.rsrmoto.ee\/wp-content\/uploads\/2024\/05\/mountain-300x300-1.png","contentUrl":"https:\/\/www.rsrmoto.ee\/wp-content\/uploads\/2024\/05\/mountain-300x300-1.png","width":300,"height":300,"caption":"RSR Moto"},"image":{"@id":"https:\/\/rsrmoto.ee\/#\/schema\/logo\/image\/"}}]}},"_links":{"self":[{"href":"https:\/\/rsrmoto.ee\/en\/wp-json\/wp\/v2\/product\/1514","targetHints":{"allow":["GET"]}}],"collection":[{"href":"https:\/\/rsrmoto.ee\/en\/wp-json\/wp\/v2\/product"}],"about":[{"href":"https:\/\/rsrmoto.ee\/en\/wp-json\/wp\/v2\/types\/product"}],"wp:featuredmedia":[{"embeddable":true,"href":"https:\/\/rsrmoto.ee\/en\/wp-json\/wp\/v2\/media\/1513"}],"wp:attachment":[{"href":"https:\/\/rsrmoto.ee\/en\/wp-json\/wp\/v2\/media?parent=1514"}],"wp:term":[{"taxonomy":"product_brand","embeddable":true,"href":"https:\/\/rsrmoto.ee\/en\/wp-json\/wp\/v2\/product_brand?post=1514"},{"taxonomy":"product_cat","embeddable":true,"href":"https:\/\/rsrmoto.ee\/en\/wp-json\/wp\/v2\/product_cat?post=1514"},{"taxonomy":"product_tag","embeddable":true,"href":"https:\/\/rsrmoto.ee\/en\/wp-json\/wp\/v2\/product_tag?post=1514"}],"curies":[{"name":"wp","href":"https:\/\/api.w.org\/{rel}","templated":true}]}}