{"id":1545,"date":"2024-05-08T14:48:23","date_gmt":"2024-05-08T11:48:23","guid":{"rendered":"https:\/\/www.rsrmoto.ee\/?post_type=product&#038;p=1545"},"modified":"2024-05-16T11:49:13","modified_gmt":"2024-05-16T08:49:13","slug":"jacket-greenwood-grey","status":"publish","type":"product","link":"https:\/\/rsrmoto.ee\/en\/product\/jacket-greenwood-grey\/","title":{"rendered":"Jope &#8220;GreenWood&#8221; Hall"},"content":{"rendered":"<p>Veekindel vihmajope seiklejatele, kes hindavad mitmek\u00fclgsust, kerget mugavust ja kaitset. Mugavate k\u00fcljetaskute ja veekindlate t\u00f5mblukkude abil saate oma h\u00e4davajalikke asju turvaliselt hoida. Sisemised mansetid pakuvad usaldusv\u00e4\u00e4rset veekaitset, hoides teid raske ilmaga kuivana.<\/p>\n<p>&nbsp;<\/p>","protected":false},"excerpt":{"rendered":"<p>Neljakihiline HARD-TEX\u00ae membraaniga kangas<br \/>\nDWR kate<br \/>\nK\u00f5ik \u00f5mblused ja t\u00f5mblukud on kindlalt teibitud<br \/>\nKahesuunaline YKK ees t\u00f5mblukk tormiklapiga<br \/>\nKolm tugevate veekindlate lukuga k\u00fcljetaskut<br \/>\n\u00dcks sisetasku<br \/>\nVarrukatesse vee imbumise eest kaitsvad sisemised mansetid<br \/>\n3M helkurelemendid<\/p>","protected":false},"featured_media":1552,"template":"","meta":[],"product_brand":[],"product_cat":[28,15],"product_tag":[],"class_list":{"0":"post-1545","1":"product","2":"type-product","3":"status-publish","4":"has-post-thumbnail","6":"product_cat-jakid","7":"product_cat-meestele","9":"first","10":"instock","11":"taxable","12":"shipping-taxable","13":"purchasable","14":"product-type-variable"},"ct_brands":[],"yoast_head":"<!-- This site is optimized with the Yoast SEO plugin v27.3 - https:\/\/yoast.com\/product\/yoast-seo-wordpress\/ -->\n<title>Jope &quot;GreenWood&quot; Hall - RSR Moto<\/title>\n<meta name=\"robots\" content=\"index, follow, max-snippet:-1, max-image-preview:large, max-video-preview:-1\" \/>\n<link rel=\"canonical\" href=\"https:\/\/rsrmoto.ee\/en\/product\/jacket-greenwood-grey\/\" \/>\n<meta property=\"og:locale\" content=\"en_GB\" \/>\n<meta property=\"og:type\" content=\"article\" \/>\n<meta property=\"og:title\" content=\"Jope &quot;GreenWood&quot; Hall - RSR Moto\" \/>\n<meta property=\"og:description\" content=\"Neljakihiline HARD-TEX\u00ae membraaniga kangas DWR kate K\u00f5ik \u00f5mblused ja t\u00f5mblukud on kindlalt teibitud Kahesuunaline YKK ees t\u00f5mblukk tormiklapiga Kolm tugevate veekindlate lukuga k\u00fcljetaskut \u00dcks sisetasku Varrukatesse vee imbumise eest kaitsvad sisemised mansetid 3M helkurelemendid\" \/>\n<meta property=\"og:url\" content=\"https:\/\/rsrmoto.ee\/en\/product\/jacket-greenwood-grey\/\" \/>\n<meta property=\"og:site_name\" content=\"RSR Moto\" \/>\n<meta property=\"article:modified_time\" content=\"2024-05-16T08:49:13+00:00\" \/>\n<meta property=\"og:image\" content=\"https:\/\/rsrmoto.ee\/wp-content\/uploads\/2024\/05\/05ydc3aw6a7o5wzl002xsviwmlav0wmj.webp\" \/>\n\t<meta property=\"og:image:width\" content=\"1000\" \/>\n\t<meta property=\"og:image:height\" content=\"1000\" \/>\n\t<meta property=\"og:image:type\" content=\"image\/webp\" \/>\n<meta name=\"twitter:card\" content=\"summary_large_image\" \/>\n<script type=\"application\/ld+json\" class=\"yoast-schema-graph\">{\"@context\":\"https:\\\/\\\/schema.org\",\"@graph\":[{\"@type\":\"WebPage\",\"@id\":\"https:\\\/\\\/rsrmoto.ee\\\/toode\\\/jacket-greenwood-grey\\\/\",\"url\":\"https:\\\/\\\/rsrmoto.ee\\\/toode\\\/jacket-greenwood-grey\\\/\",\"name\":\"Jope \\\"GreenWood\\\" Hall - RSR Moto\",\"isPartOf\":{\"@id\":\"https:\\\/\\\/rsrmoto.ee\\\/#website\"},\"primaryImageOfPage\":{\"@id\":\"https:\\\/\\\/rsrmoto.ee\\\/toode\\\/jacket-greenwood-grey\\\/#primaryimage\"},\"image\":{\"@id\":\"https:\\\/\\\/rsrmoto.ee\\\/toode\\\/jacket-greenwood-grey\\\/#primaryimage\"},\"thumbnailUrl\":\"https:\\\/\\\/rsrmoto.ee\\\/wp-content\\\/uploads\\\/2024\\\/05\\\/05ydc3aw6a7o5wzl002xsviwmlav0wmj.webp\",\"datePublished\":\"2024-05-08T11:48:23+00:00\",\"dateModified\":\"2024-05-16T08:49:13+00:00\",\"breadcrumb\":{\"@id\":\"https:\\\/\\\/rsrmoto.ee\\\/toode\\\/jacket-greenwood-grey\\\/#breadcrumb\"},\"inLanguage\":\"en-GB\",\"potentialAction\":[{\"@type\":\"ReadAction\",\"target\":[\"https:\\\/\\\/rsrmoto.ee\\\/toode\\\/jacket-greenwood-grey\\\/\"]}]},{\"@type\":\"ImageObject\",\"inLanguage\":\"en-GB\",\"@id\":\"https:\\\/\\\/rsrmoto.ee\\\/toode\\\/jacket-greenwood-grey\\\/#primaryimage\",\"url\":\"https:\\\/\\\/rsrmoto.ee\\\/wp-content\\\/uploads\\\/2024\\\/05\\\/05ydc3aw6a7o5wzl002xsviwmlav0wmj.webp\",\"contentUrl\":\"https:\\\/\\\/rsrmoto.ee\\\/wp-content\\\/uploads\\\/2024\\\/05\\\/05ydc3aw6a7o5wzl002xsviwmlav0wmj.webp\",\"width\":1000,\"height\":1000},{\"@type\":\"BreadcrumbList\",\"@id\":\"https:\\\/\\\/rsrmoto.ee\\\/toode\\\/jacket-greenwood-grey\\\/#breadcrumb\",\"itemListElement\":[{\"@type\":\"ListItem\",\"position\":1,\"name\":\"Esileht\",\"item\":\"https:\\\/\\\/rsrmoto.ee\\\/\"},{\"@type\":\"ListItem\",\"position\":2,\"name\":\"Pood\",\"item\":\"https:\\\/\\\/rsrmoto.ee\\\/pood\\\/\"},{\"@type\":\"ListItem\",\"position\":3,\"name\":\"Jope &#8220;GreenWood&#8221; Hall\"}]},{\"@type\":\"WebSite\",\"@id\":\"https:\\\/\\\/rsrmoto.ee\\\/#website\",\"url\":\"https:\\\/\\\/rsrmoto.ee\\\/\",\"name\":\"RSR Moto\",\"description\":\"Kvalitseetsed matka- ja kalastusriided\",\"publisher\":{\"@id\":\"https:\\\/\\\/rsrmoto.ee\\\/#organization\"},\"potentialAction\":[{\"@type\":\"SearchAction\",\"target\":{\"@type\":\"EntryPoint\",\"urlTemplate\":\"https:\\\/\\\/rsrmoto.ee\\\/?s={search_term_string}\"},\"query-input\":{\"@type\":\"PropertyValueSpecification\",\"valueRequired\":true,\"valueName\":\"search_term_string\"}}],\"inLanguage\":\"en-GB\"},{\"@type\":\"Organization\",\"@id\":\"https:\\\/\\\/rsrmoto.ee\\\/#organization\",\"name\":\"RSR Moto\",\"url\":\"https:\\\/\\\/rsrmoto.ee\\\/\",\"logo\":{\"@type\":\"ImageObject\",\"inLanguage\":\"en-GB\",\"@id\":\"https:\\\/\\\/rsrmoto.ee\\\/#\\\/schema\\\/logo\\\/image\\\/\",\"url\":\"https:\\\/\\\/www.rsrmoto.ee\\\/wp-content\\\/uploads\\\/2024\\\/05\\\/mountain-300x300-1.png\",\"contentUrl\":\"https:\\\/\\\/www.rsrmoto.ee\\\/wp-content\\\/uploads\\\/2024\\\/05\\\/mountain-300x300-1.png\",\"width\":300,\"height\":300,\"caption\":\"RSR Moto\"},\"image\":{\"@id\":\"https:\\\/\\\/rsrmoto.ee\\\/#\\\/schema\\\/logo\\\/image\\\/\"}}]}<\/script>\n<!-- \/ Yoast SEO plugin. -->","yoast_head_json":{"title":"Jope \"GreenWood\" Hall - RSR Moto","robots":{"index":"index","follow":"follow","max-snippet":"max-snippet:-1","max-image-preview":"max-image-preview:large","max-video-preview":"max-video-preview:-1"},"canonical":"https:\/\/rsrmoto.ee\/en\/product\/jacket-greenwood-grey\/","og_locale":"en_GB","og_type":"article","og_title":"Jope \"GreenWood\" Hall - RSR Moto","og_description":"Neljakihiline HARD-TEX\u00ae membraaniga kangas DWR kate K\u00f5ik \u00f5mblused ja t\u00f5mblukud on kindlalt teibitud Kahesuunaline YKK ees t\u00f5mblukk tormiklapiga Kolm tugevate veekindlate lukuga k\u00fcljetaskut \u00dcks sisetasku Varrukatesse vee imbumise eest kaitsvad sisemised mansetid 3M helkurelemendid","og_url":"https:\/\/rsrmoto.ee\/en\/product\/jacket-greenwood-grey\/","og_site_name":"RSR Moto","article_modified_time":"2024-05-16T08:49:13+00:00","og_image":[{"width":1000,"height":1000,"url":"https:\/\/rsrmoto.ee\/wp-content\/uploads\/2024\/05\/05ydc3aw6a7o5wzl002xsviwmlav0wmj.webp","type":"image\/webp"}],"twitter_card":"summary_large_image","schema":{"@context":"https:\/\/schema.org","@graph":[{"@type":"WebPage","@id":"https:\/\/rsrmoto.ee\/toode\/jacket-greenwood-grey\/","url":"https:\/\/rsrmoto.ee\/toode\/jacket-greenwood-grey\/","name":"Jope \"GreenWood\" Hall - RSR Moto","isPartOf":{"@id":"https:\/\/rsrmoto.ee\/#website"},"primaryImageOfPage":{"@id":"https:\/\/rsrmoto.ee\/toode\/jacket-greenwood-grey\/#primaryimage"},"image":{"@id":"https:\/\/rsrmoto.ee\/toode\/jacket-greenwood-grey\/#primaryimage"},"thumbnailUrl":"https:\/\/rsrmoto.ee\/wp-content\/uploads\/2024\/05\/05ydc3aw6a7o5wzl002xsviwmlav0wmj.webp","datePublished":"2024-05-08T11:48:23+00:00","dateModified":"2024-05-16T08:49:13+00:00","breadcrumb":{"@id":"https:\/\/rsrmoto.ee\/toode\/jacket-greenwood-grey\/#breadcrumb"},"inLanguage":"en-GB","potentialAction":[{"@type":"ReadAction","target":["https:\/\/rsrmoto.ee\/toode\/jacket-greenwood-grey\/"]}]},{"@type":"ImageObject","inLanguage":"en-GB","@id":"https:\/\/rsrmoto.ee\/toode\/jacket-greenwood-grey\/#primaryimage","url":"https:\/\/rsrmoto.ee\/wp-content\/uploads\/2024\/05\/05ydc3aw6a7o5wzl002xsviwmlav0wmj.webp","contentUrl":"https:\/\/rsrmoto.ee\/wp-content\/uploads\/2024\/05\/05ydc3aw6a7o5wzl002xsviwmlav0wmj.webp","width":1000,"height":1000},{"@type":"BreadcrumbList","@id":"https:\/\/rsrmoto.ee\/toode\/jacket-greenwood-grey\/#breadcrumb","itemListElement":[{"@type":"ListItem","position":1,"name":"Esileht","item":"https:\/\/rsrmoto.ee\/"},{"@type":"ListItem","position":2,"name":"Pood","item":"https:\/\/rsrmoto.ee\/pood\/"},{"@type":"ListItem","position":3,"name":"Jope &#8220;GreenWood&#8221; Hall"}]},{"@type":"WebSite","@id":"https:\/\/rsrmoto.ee\/#website","url":"https:\/\/rsrmoto.ee\/","name":"RSR Moto","description":"Kvalitseetsed matka- ja kalastusriided","publisher":{"@id":"https:\/\/rsrmoto.ee\/#organization"},"potentialAction":[{"@type":"SearchAction","target":{"@type":"EntryPoint","urlTemplate":"https:\/\/rsrmoto.ee\/?s={search_term_string}"},"query-input":{"@type":"PropertyValueSpecification","valueRequired":true,"valueName":"search_term_string"}}],"inLanguage":"en-GB"},{"@type":"Organization","@id":"https:\/\/rsrmoto.ee\/#organization","name":"RSR Moto","url":"https:\/\/rsrmoto.ee\/","logo":{"@type":"ImageObject","inLanguage":"en-GB","@id":"https:\/\/rsrmoto.ee\/#\/schema\/logo\/image\/","url":"https:\/\/www.rsrmoto.ee\/wp-content\/uploads\/2024\/05\/mountain-300x300-1.png","contentUrl":"https:\/\/www.rsrmoto.ee\/wp-content\/uploads\/2024\/05\/mountain-300x300-1.png","width":300,"height":300,"caption":"RSR Moto"},"image":{"@id":"https:\/\/rsrmoto.ee\/#\/schema\/logo\/image\/"}}]}},"_links":{"self":[{"href":"https:\/\/rsrmoto.ee\/en\/wp-json\/wp\/v2\/product\/1545","targetHints":{"allow":["GET"]}}],"collection":[{"href":"https:\/\/rsrmoto.ee\/en\/wp-json\/wp\/v2\/product"}],"about":[{"href":"https:\/\/rsrmoto.ee\/en\/wp-json\/wp\/v2\/types\/product"}],"wp:featuredmedia":[{"embeddable":true,"href":"https:\/\/rsrmoto.ee\/en\/wp-json\/wp\/v2\/media\/1552"}],"wp:attachment":[{"href":"https:\/\/rsrmoto.ee\/en\/wp-json\/wp\/v2\/media?parent=1545"}],"wp:term":[{"taxonomy":"product_brand","embeddable":true,"href":"https:\/\/rsrmoto.ee\/en\/wp-json\/wp\/v2\/product_brand?post=1545"},{"taxonomy":"product_cat","embeddable":true,"href":"https:\/\/rsrmoto.ee\/en\/wp-json\/wp\/v2\/product_cat?post=1545"},{"taxonomy":"product_tag","embeddable":true,"href":"https:\/\/rsrmoto.ee\/en\/wp-json\/wp\/v2\/product_tag?post=1545"}],"curies":[{"name":"wp","href":"https:\/\/api.w.org\/{rel}","templated":true}]}}