{"id":157,"date":"2020-03-16T09:02:10","date_gmt":"2020-03-16T09:02:10","guid":{"rendered":"https:\/\/demo.creativethemes.com\/blocksy\/modern-shop\/?post_type=product&#038;p=157"},"modified":"2024-06-13T15:25:12","modified_gmt":"2024-06-13T12:25:12","slug":"guard-darkgrey-2507-suit","status":"publish","type":"product","link":"https:\/\/rsrmoto.ee\/en\/product\/guard-darkgrey-2507-suit\/","title":{"rendered":"GUARD Tume hall 2507 kombinesoon"},"content":{"rendered":"<p>Kaitse\u00fclikond kaitseb vankriga v\u00f5i k\u00f5rvuti s\u00f5itmise ajal tolmu, mustuse ja tuule eest. R\u00f5hutavad \u00f5larihma detailid loovad stiilse ja funktsionaalse v\u00e4limuse, aidates sul silma paista. Selle \u00fclikonnaga olete valmis k\u00f5ige ekstreemsemateks v\u00e4ljakutseteks.<\/p>\n<p>Kerge, elastne ja hingav kangas koos Teflon\u00ae kattega ja RIPSTOP tehnoloogiaga tagab \u00fclikonna vastupidavuse ja kulumiskindluse. Ergonoomiline l\u00f5ige arvestab v\u00f5imalike liigutuste ja kehaasenditega, luues optimaalse sobivuse.<\/p>\n<p>&nbsp;<\/p>","protected":false},"excerpt":{"rendered":"<p>Elastsed siset\u00fckid alaseljas ja \u00f5lgades kohanduvad k\u00f5igi kehat\u00fc\u00fcpide ainulaadsete omadustega. Keskne topeltt\u00f5mblukk kaitseb niiskuse ja tuule eest. V\u00e4lised ja sisemised t\u00f5mblukuga rinnataskud hoiavad k\u00f5ik v\u00e4ikesed esemed v\u00f5i dokumendid s\u00f5idu ajal turvaliselt, kuid pakuvad siiski h\u00f5lpsat juurdep\u00e4\u00e4su. P\u00fcstkrae on loodud spetsiaalselt koos kiivriga kasutamiseks, pakkudes kaela kaitset ja mugavust. Kaenlaaluste piirkonnas asuvad tuulutusavad v\u00f5imaldavad intensiivsel tegevusel kehal hingata ja jahtuda, hoides \u00e4ra \u00fclekuumenemise ja tagades mugava s\u00f5idu. V\u00f6\u00f6kohal ja varrukatel takjakinnitustega reguleerimine reguleerib \u00fclikonna sobivust vastavalt keha individuaalsetele parameetritele. Helkurelemendid tagavad ohutuse \u00f6iste tegevuste ajal.<\/p>","protected":false},"featured_media":787,"template":"","meta":[],"product_brand":[],"product_cat":[26,15],"product_tag":[],"class_list":{"0":"post-157","1":"product","2":"type-product","3":"status-publish","4":"has-post-thumbnail","6":"product_cat-komplektid","7":"product_cat-meestele","9":"first","10":"instock","11":"taxable","12":"shipping-taxable","13":"purchasable","14":"product-type-simple"},"ct_brands":[],"yoast_head":"<!-- This site is optimized with the Yoast SEO plugin v27.3 - https:\/\/yoast.com\/product\/yoast-seo-wordpress\/ -->\n<title>GUARD Tume hall 2507 kombinesoon - RSR Moto<\/title>\n<meta name=\"robots\" content=\"index, follow, max-snippet:-1, max-image-preview:large, max-video-preview:-1\" \/>\n<link rel=\"canonical\" href=\"https:\/\/rsrmoto.ee\/en\/product\/guard-darkgrey-2507-suit\/\" \/>\n<meta property=\"og:locale\" content=\"en_GB\" \/>\n<meta property=\"og:type\" content=\"article\" \/>\n<meta property=\"og:title\" content=\"GUARD Tume hall 2507 kombinesoon - RSR Moto\" \/>\n<meta property=\"og:description\" content=\"Elastsed siset\u00fckid alaseljas ja \u00f5lgades kohanduvad k\u00f5igi kehat\u00fc\u00fcpide ainulaadsete omadustega. Keskne topeltt\u00f5mblukk kaitseb niiskuse ja tuule eest. V\u00e4lised ja sisemised t\u00f5mblukuga rinnataskud hoiavad k\u00f5ik v\u00e4ikesed esemed v\u00f5i dokumendid s\u00f5idu ajal turvaliselt, kuid pakuvad siiski h\u00f5lpsat juurdep\u00e4\u00e4su. P\u00fcstkrae on loodud spetsiaalselt koos kiivriga kasutamiseks, pakkudes kaela kaitset ja mugavust. Kaenlaaluste piirkonnas asuvad tuulutusavad v\u00f5imaldavad intensiivsel tegevusel kehal hingata ja jahtuda, hoides \u00e4ra \u00fclekuumenemise ja tagades mugava s\u00f5idu. V\u00f6\u00f6kohal ja varrukatel takjakinnitustega reguleerimine reguleerib \u00fclikonna sobivust vastavalt keha individuaalsetele parameetritele. Helkurelemendid tagavad ohutuse \u00f6iste tegevuste ajal.\" \/>\n<meta property=\"og:url\" content=\"https:\/\/rsrmoto.ee\/en\/product\/guard-darkgrey-2507-suit\/\" \/>\n<meta property=\"og:site_name\" content=\"RSR Moto\" \/>\n<meta property=\"article:modified_time\" content=\"2024-06-13T12:25:12+00:00\" \/>\n<meta property=\"og:image\" content=\"https:\/\/rsrmoto.ee\/wp-content\/uploads\/2020\/03\/wa8hevihkvxpj1pmggngc9uzp1e8c39v.webp\" \/>\n\t<meta property=\"og:image:width\" content=\"1000\" \/>\n\t<meta property=\"og:image:height\" content=\"1000\" \/>\n\t<meta property=\"og:image:type\" content=\"image\/webp\" \/>\n<meta name=\"twitter:card\" content=\"summary_large_image\" \/>\n<meta name=\"twitter:label1\" content=\"Estimated reading time\" \/>\n\t<meta name=\"twitter:data1\" content=\"1 minute\" \/>\n<script type=\"application\/ld+json\" class=\"yoast-schema-graph\">{\"@context\":\"https:\\\/\\\/schema.org\",\"@graph\":[{\"@type\":\"WebPage\",\"@id\":\"https:\\\/\\\/rsrmoto.ee\\\/toode\\\/guard-darkgrey-2507-suit\\\/\",\"url\":\"https:\\\/\\\/rsrmoto.ee\\\/toode\\\/guard-darkgrey-2507-suit\\\/\",\"name\":\"GUARD Tume hall 2507 kombinesoon - RSR Moto\",\"isPartOf\":{\"@id\":\"https:\\\/\\\/rsrmoto.ee\\\/#website\"},\"primaryImageOfPage\":{\"@id\":\"https:\\\/\\\/rsrmoto.ee\\\/toode\\\/guard-darkgrey-2507-suit\\\/#primaryimage\"},\"image\":{\"@id\":\"https:\\\/\\\/rsrmoto.ee\\\/toode\\\/guard-darkgrey-2507-suit\\\/#primaryimage\"},\"thumbnailUrl\":\"https:\\\/\\\/rsrmoto.ee\\\/wp-content\\\/uploads\\\/2020\\\/03\\\/wa8hevihkvxpj1pmggngc9uzp1e8c39v.webp\",\"datePublished\":\"2020-03-16T09:02:10+00:00\",\"dateModified\":\"2024-06-13T12:25:12+00:00\",\"breadcrumb\":{\"@id\":\"https:\\\/\\\/rsrmoto.ee\\\/toode\\\/guard-darkgrey-2507-suit\\\/#breadcrumb\"},\"inLanguage\":\"en-GB\",\"potentialAction\":[{\"@type\":\"ReadAction\",\"target\":[\"https:\\\/\\\/rsrmoto.ee\\\/toode\\\/guard-darkgrey-2507-suit\\\/\"]}]},{\"@type\":\"ImageObject\",\"inLanguage\":\"en-GB\",\"@id\":\"https:\\\/\\\/rsrmoto.ee\\\/toode\\\/guard-darkgrey-2507-suit\\\/#primaryimage\",\"url\":\"https:\\\/\\\/rsrmoto.ee\\\/wp-content\\\/uploads\\\/2020\\\/03\\\/wa8hevihkvxpj1pmggngc9uzp1e8c39v.webp\",\"contentUrl\":\"https:\\\/\\\/rsrmoto.ee\\\/wp-content\\\/uploads\\\/2020\\\/03\\\/wa8hevihkvxpj1pmggngc9uzp1e8c39v.webp\",\"width\":1000,\"height\":1000,\"caption\":\"RSR MOTO\"},{\"@type\":\"BreadcrumbList\",\"@id\":\"https:\\\/\\\/rsrmoto.ee\\\/toode\\\/guard-darkgrey-2507-suit\\\/#breadcrumb\",\"itemListElement\":[{\"@type\":\"ListItem\",\"position\":1,\"name\":\"Esileht\",\"item\":\"https:\\\/\\\/rsrmoto.ee\\\/\"},{\"@type\":\"ListItem\",\"position\":2,\"name\":\"Pood\",\"item\":\"https:\\\/\\\/rsrmoto.ee\\\/pood\\\/\"},{\"@type\":\"ListItem\",\"position\":3,\"name\":\"GUARD Tume hall 2507 kombinesoon\"}]},{\"@type\":\"WebSite\",\"@id\":\"https:\\\/\\\/rsrmoto.ee\\\/#website\",\"url\":\"https:\\\/\\\/rsrmoto.ee\\\/\",\"name\":\"RSR Moto\",\"description\":\"Kvalitseetsed matka- ja kalastusriided\",\"publisher\":{\"@id\":\"https:\\\/\\\/rsrmoto.ee\\\/#organization\"},\"potentialAction\":[{\"@type\":\"SearchAction\",\"target\":{\"@type\":\"EntryPoint\",\"urlTemplate\":\"https:\\\/\\\/rsrmoto.ee\\\/?s={search_term_string}\"},\"query-input\":{\"@type\":\"PropertyValueSpecification\",\"valueRequired\":true,\"valueName\":\"search_term_string\"}}],\"inLanguage\":\"en-GB\"},{\"@type\":\"Organization\",\"@id\":\"https:\\\/\\\/rsrmoto.ee\\\/#organization\",\"name\":\"RSR Moto\",\"url\":\"https:\\\/\\\/rsrmoto.ee\\\/\",\"logo\":{\"@type\":\"ImageObject\",\"inLanguage\":\"en-GB\",\"@id\":\"https:\\\/\\\/rsrmoto.ee\\\/#\\\/schema\\\/logo\\\/image\\\/\",\"url\":\"https:\\\/\\\/www.rsrmoto.ee\\\/wp-content\\\/uploads\\\/2024\\\/05\\\/mountain-300x300-1.png\",\"contentUrl\":\"https:\\\/\\\/www.rsrmoto.ee\\\/wp-content\\\/uploads\\\/2024\\\/05\\\/mountain-300x300-1.png\",\"width\":300,\"height\":300,\"caption\":\"RSR Moto\"},\"image\":{\"@id\":\"https:\\\/\\\/rsrmoto.ee\\\/#\\\/schema\\\/logo\\\/image\\\/\"}}]}<\/script>\n<!-- \/ Yoast SEO plugin. -->","yoast_head_json":{"title":"GUARD Tume hall 2507 kombinesoon - RSR Moto","robots":{"index":"index","follow":"follow","max-snippet":"max-snippet:-1","max-image-preview":"max-image-preview:large","max-video-preview":"max-video-preview:-1"},"canonical":"https:\/\/rsrmoto.ee\/en\/product\/guard-darkgrey-2507-suit\/","og_locale":"en_GB","og_type":"article","og_title":"GUARD Tume hall 2507 kombinesoon - RSR Moto","og_description":"Elastsed siset\u00fckid alaseljas ja \u00f5lgades kohanduvad k\u00f5igi kehat\u00fc\u00fcpide ainulaadsete omadustega. Keskne topeltt\u00f5mblukk kaitseb niiskuse ja tuule eest. V\u00e4lised ja sisemised t\u00f5mblukuga rinnataskud hoiavad k\u00f5ik v\u00e4ikesed esemed v\u00f5i dokumendid s\u00f5idu ajal turvaliselt, kuid pakuvad siiski h\u00f5lpsat juurdep\u00e4\u00e4su. P\u00fcstkrae on loodud spetsiaalselt koos kiivriga kasutamiseks, pakkudes kaela kaitset ja mugavust. Kaenlaaluste piirkonnas asuvad tuulutusavad v\u00f5imaldavad intensiivsel tegevusel kehal hingata ja jahtuda, hoides \u00e4ra \u00fclekuumenemise ja tagades mugava s\u00f5idu. V\u00f6\u00f6kohal ja varrukatel takjakinnitustega reguleerimine reguleerib \u00fclikonna sobivust vastavalt keha individuaalsetele parameetritele. Helkurelemendid tagavad ohutuse \u00f6iste tegevuste ajal.","og_url":"https:\/\/rsrmoto.ee\/en\/product\/guard-darkgrey-2507-suit\/","og_site_name":"RSR Moto","article_modified_time":"2024-06-13T12:25:12+00:00","og_image":[{"width":1000,"height":1000,"url":"https:\/\/rsrmoto.ee\/wp-content\/uploads\/2020\/03\/wa8hevihkvxpj1pmggngc9uzp1e8c39v.webp","type":"image\/webp"}],"twitter_card":"summary_large_image","twitter_misc":{"Estimated reading time":"1 minute"},"schema":{"@context":"https:\/\/schema.org","@graph":[{"@type":"WebPage","@id":"https:\/\/rsrmoto.ee\/toode\/guard-darkgrey-2507-suit\/","url":"https:\/\/rsrmoto.ee\/toode\/guard-darkgrey-2507-suit\/","name":"GUARD Tume hall 2507 kombinesoon - RSR Moto","isPartOf":{"@id":"https:\/\/rsrmoto.ee\/#website"},"primaryImageOfPage":{"@id":"https:\/\/rsrmoto.ee\/toode\/guard-darkgrey-2507-suit\/#primaryimage"},"image":{"@id":"https:\/\/rsrmoto.ee\/toode\/guard-darkgrey-2507-suit\/#primaryimage"},"thumbnailUrl":"https:\/\/rsrmoto.ee\/wp-content\/uploads\/2020\/03\/wa8hevihkvxpj1pmggngc9uzp1e8c39v.webp","datePublished":"2020-03-16T09:02:10+00:00","dateModified":"2024-06-13T12:25:12+00:00","breadcrumb":{"@id":"https:\/\/rsrmoto.ee\/toode\/guard-darkgrey-2507-suit\/#breadcrumb"},"inLanguage":"en-GB","potentialAction":[{"@type":"ReadAction","target":["https:\/\/rsrmoto.ee\/toode\/guard-darkgrey-2507-suit\/"]}]},{"@type":"ImageObject","inLanguage":"en-GB","@id":"https:\/\/rsrmoto.ee\/toode\/guard-darkgrey-2507-suit\/#primaryimage","url":"https:\/\/rsrmoto.ee\/wp-content\/uploads\/2020\/03\/wa8hevihkvxpj1pmggngc9uzp1e8c39v.webp","contentUrl":"https:\/\/rsrmoto.ee\/wp-content\/uploads\/2020\/03\/wa8hevihkvxpj1pmggngc9uzp1e8c39v.webp","width":1000,"height":1000,"caption":"RSR MOTO"},{"@type":"BreadcrumbList","@id":"https:\/\/rsrmoto.ee\/toode\/guard-darkgrey-2507-suit\/#breadcrumb","itemListElement":[{"@type":"ListItem","position":1,"name":"Esileht","item":"https:\/\/rsrmoto.ee\/"},{"@type":"ListItem","position":2,"name":"Pood","item":"https:\/\/rsrmoto.ee\/pood\/"},{"@type":"ListItem","position":3,"name":"GUARD Tume hall 2507 kombinesoon"}]},{"@type":"WebSite","@id":"https:\/\/rsrmoto.ee\/#website","url":"https:\/\/rsrmoto.ee\/","name":"RSR Moto","description":"Kvalitseetsed matka- ja kalastusriided","publisher":{"@id":"https:\/\/rsrmoto.ee\/#organization"},"potentialAction":[{"@type":"SearchAction","target":{"@type":"EntryPoint","urlTemplate":"https:\/\/rsrmoto.ee\/?s={search_term_string}"},"query-input":{"@type":"PropertyValueSpecification","valueRequired":true,"valueName":"search_term_string"}}],"inLanguage":"en-GB"},{"@type":"Organization","@id":"https:\/\/rsrmoto.ee\/#organization","name":"RSR Moto","url":"https:\/\/rsrmoto.ee\/","logo":{"@type":"ImageObject","inLanguage":"en-GB","@id":"https:\/\/rsrmoto.ee\/#\/schema\/logo\/image\/","url":"https:\/\/www.rsrmoto.ee\/wp-content\/uploads\/2024\/05\/mountain-300x300-1.png","contentUrl":"https:\/\/www.rsrmoto.ee\/wp-content\/uploads\/2024\/05\/mountain-300x300-1.png","width":300,"height":300,"caption":"RSR Moto"},"image":{"@id":"https:\/\/rsrmoto.ee\/#\/schema\/logo\/image\/"}}]}},"_links":{"self":[{"href":"https:\/\/rsrmoto.ee\/en\/wp-json\/wp\/v2\/product\/157","targetHints":{"allow":["GET"]}}],"collection":[{"href":"https:\/\/rsrmoto.ee\/en\/wp-json\/wp\/v2\/product"}],"about":[{"href":"https:\/\/rsrmoto.ee\/en\/wp-json\/wp\/v2\/types\/product"}],"wp:featuredmedia":[{"embeddable":true,"href":"https:\/\/rsrmoto.ee\/en\/wp-json\/wp\/v2\/media\/787"}],"wp:attachment":[{"href":"https:\/\/rsrmoto.ee\/en\/wp-json\/wp\/v2\/media?parent=157"}],"wp:term":[{"taxonomy":"product_brand","embeddable":true,"href":"https:\/\/rsrmoto.ee\/en\/wp-json\/wp\/v2\/product_brand?post=157"},{"taxonomy":"product_cat","embeddable":true,"href":"https:\/\/rsrmoto.ee\/en\/wp-json\/wp\/v2\/product_cat?post=157"},{"taxonomy":"product_tag","embeddable":true,"href":"https:\/\/rsrmoto.ee\/en\/wp-json\/wp\/v2\/product_tag?post=157"}],"curies":[{"name":"wp","href":"https:\/\/api.w.org\/{rel}","templated":true}]}}