{"id":1587,"date":"2024-05-08T15:00:42","date_gmt":"2024-05-08T12:00:42","guid":{"rendered":"https:\/\/www.rsrmoto.ee\/?post_type=product&#038;p=1587"},"modified":"2024-05-16T11:51:59","modified_gmt":"2024-05-16T08:51:59","slug":"jacket-rachel-petrol","status":"publish","type":"product","link":"https:\/\/rsrmoto.ee\/en\/product\/jacket-rachel-petrol\/","title":{"rendered":"Jope &#8220;Rachel Petrol&#8221;"},"content":{"rendered":"<p>Naiste veekindel jope Rachel on stiilne ja usaldusv\u00e4\u00e4rne kaaslane kartmatutele naissoost \u00f5uehuvilistele. See jope pakub esmaklassilist kaitset ja erakordset kvaliteeti. P\u00fcsige kuiv ja mugav igas olukorras, samal ajal kui niiskuskindlad taskud hoiavad teie olulised asjad k\u00e4ep\u00e4rast. Tugev eesmine t\u00f5mblukk ja reguleeritav kapuuts tagavad kindla istuvuse, muutes selle jope suurep\u00e4raseks naistele, kes kartmatult \u00f5ues k\u00e4ivad.<\/p>","protected":false},"excerpt":{"rendered":"<p>Vastupidav neljakihiline HARD-TEX\u00ae membraaniga kangas<br \/>\nDWR kate<br \/>\nK\u00f5ik \u00f5mblused ja t\u00f5mblukud on kindlalt teibitud<br \/>\nVelcro asemel kl\u00f5psatusega magnetklapp<br \/>\nKahesuunaline YKK t\u00f5mblukk ees<br \/>\nKaks suurt veekindlat taskut tugevate YKK lukuga<br \/>\n\u00dcks sisetasku<br \/>\n3M helkurelemendid<br \/>\nKahes suunas reguleeritav kapuuts<br \/>\nElastsed sisemised mansetid takistavad vee sissep\u00e4\u00e4su<\/p>","protected":false},"featured_media":1588,"template":"","meta":[],"product_brand":[],"product_cat":[32,23],"product_tag":[],"class_list":{"0":"post-1587","1":"product","2":"type-product","3":"status-publish","4":"has-post-thumbnail","6":"product_cat-jakid-naistele","7":"product_cat-naistele","9":"first","10":"instock","11":"taxable","12":"shipping-taxable","13":"purchasable","14":"product-type-variable"},"ct_brands":[],"yoast_head":"<!-- This site is optimized with the Yoast SEO plugin v27.3 - https:\/\/yoast.com\/product\/yoast-seo-wordpress\/ -->\n<title>Jope &quot;Rachel Petrol&quot; - RSR Moto<\/title>\n<meta name=\"robots\" content=\"index, follow, max-snippet:-1, max-image-preview:large, max-video-preview:-1\" \/>\n<link rel=\"canonical\" href=\"https:\/\/rsrmoto.ee\/en\/product\/jacket-rachel-petrol\/\" \/>\n<meta property=\"og:locale\" content=\"en_GB\" \/>\n<meta property=\"og:type\" content=\"article\" \/>\n<meta property=\"og:title\" content=\"Jope &quot;Rachel Petrol&quot; - RSR Moto\" \/>\n<meta property=\"og:description\" content=\"Vastupidav neljakihiline HARD-TEX\u00ae membraaniga kangas DWR kate K\u00f5ik \u00f5mblused ja t\u00f5mblukud on kindlalt teibitud Velcro asemel kl\u00f5psatusega magnetklapp Kahesuunaline YKK t\u00f5mblukk ees Kaks suurt veekindlat taskut tugevate YKK lukuga \u00dcks sisetasku 3M helkurelemendid Kahes suunas reguleeritav kapuuts Elastsed sisemised mansetid takistavad vee sissep\u00e4\u00e4su\" \/>\n<meta property=\"og:url\" content=\"https:\/\/rsrmoto.ee\/en\/product\/jacket-rachel-petrol\/\" \/>\n<meta property=\"og:site_name\" content=\"RSR Moto\" \/>\n<meta property=\"article:modified_time\" content=\"2024-05-16T08:51:59+00:00\" \/>\n<meta property=\"og:image\" content=\"https:\/\/rsrmoto.ee\/wp-content\/uploads\/2024\/05\/vpe6egien0tw2w3i8ze4zo1praqhvvxm.webp\" \/>\n\t<meta property=\"og:image:width\" content=\"1000\" \/>\n\t<meta property=\"og:image:height\" content=\"1000\" \/>\n\t<meta property=\"og:image:type\" content=\"image\/webp\" \/>\n<meta name=\"twitter:card\" content=\"summary_large_image\" \/>\n<script type=\"application\/ld+json\" class=\"yoast-schema-graph\">{\"@context\":\"https:\\\/\\\/schema.org\",\"@graph\":[{\"@type\":\"WebPage\",\"@id\":\"https:\\\/\\\/rsrmoto.ee\\\/toode\\\/jacket-rachel-petrol\\\/\",\"url\":\"https:\\\/\\\/rsrmoto.ee\\\/toode\\\/jacket-rachel-petrol\\\/\",\"name\":\"Jope \\\"Rachel Petrol\\\" - RSR Moto\",\"isPartOf\":{\"@id\":\"https:\\\/\\\/rsrmoto.ee\\\/#website\"},\"primaryImageOfPage\":{\"@id\":\"https:\\\/\\\/rsrmoto.ee\\\/toode\\\/jacket-rachel-petrol\\\/#primaryimage\"},\"image\":{\"@id\":\"https:\\\/\\\/rsrmoto.ee\\\/toode\\\/jacket-rachel-petrol\\\/#primaryimage\"},\"thumbnailUrl\":\"https:\\\/\\\/rsrmoto.ee\\\/wp-content\\\/uploads\\\/2024\\\/05\\\/vpe6egien0tw2w3i8ze4zo1praqhvvxm.webp\",\"datePublished\":\"2024-05-08T12:00:42+00:00\",\"dateModified\":\"2024-05-16T08:51:59+00:00\",\"breadcrumb\":{\"@id\":\"https:\\\/\\\/rsrmoto.ee\\\/toode\\\/jacket-rachel-petrol\\\/#breadcrumb\"},\"inLanguage\":\"en-GB\",\"potentialAction\":[{\"@type\":\"ReadAction\",\"target\":[\"https:\\\/\\\/rsrmoto.ee\\\/toode\\\/jacket-rachel-petrol\\\/\"]}]},{\"@type\":\"ImageObject\",\"inLanguage\":\"en-GB\",\"@id\":\"https:\\\/\\\/rsrmoto.ee\\\/toode\\\/jacket-rachel-petrol\\\/#primaryimage\",\"url\":\"https:\\\/\\\/rsrmoto.ee\\\/wp-content\\\/uploads\\\/2024\\\/05\\\/vpe6egien0tw2w3i8ze4zo1praqhvvxm.webp\",\"contentUrl\":\"https:\\\/\\\/rsrmoto.ee\\\/wp-content\\\/uploads\\\/2024\\\/05\\\/vpe6egien0tw2w3i8ze4zo1praqhvvxm.webp\",\"width\":1000,\"height\":1000},{\"@type\":\"BreadcrumbList\",\"@id\":\"https:\\\/\\\/rsrmoto.ee\\\/toode\\\/jacket-rachel-petrol\\\/#breadcrumb\",\"itemListElement\":[{\"@type\":\"ListItem\",\"position\":1,\"name\":\"Esileht\",\"item\":\"https:\\\/\\\/rsrmoto.ee\\\/\"},{\"@type\":\"ListItem\",\"position\":2,\"name\":\"Pood\",\"item\":\"https:\\\/\\\/rsrmoto.ee\\\/pood\\\/\"},{\"@type\":\"ListItem\",\"position\":3,\"name\":\"Jope &#8220;Rachel Petrol&#8221;\"}]},{\"@type\":\"WebSite\",\"@id\":\"https:\\\/\\\/rsrmoto.ee\\\/#website\",\"url\":\"https:\\\/\\\/rsrmoto.ee\\\/\",\"name\":\"RSR Moto\",\"description\":\"Kvalitseetsed matka- ja kalastusriided\",\"publisher\":{\"@id\":\"https:\\\/\\\/rsrmoto.ee\\\/#organization\"},\"potentialAction\":[{\"@type\":\"SearchAction\",\"target\":{\"@type\":\"EntryPoint\",\"urlTemplate\":\"https:\\\/\\\/rsrmoto.ee\\\/?s={search_term_string}\"},\"query-input\":{\"@type\":\"PropertyValueSpecification\",\"valueRequired\":true,\"valueName\":\"search_term_string\"}}],\"inLanguage\":\"en-GB\"},{\"@type\":\"Organization\",\"@id\":\"https:\\\/\\\/rsrmoto.ee\\\/#organization\",\"name\":\"RSR Moto\",\"url\":\"https:\\\/\\\/rsrmoto.ee\\\/\",\"logo\":{\"@type\":\"ImageObject\",\"inLanguage\":\"en-GB\",\"@id\":\"https:\\\/\\\/rsrmoto.ee\\\/#\\\/schema\\\/logo\\\/image\\\/\",\"url\":\"https:\\\/\\\/www.rsrmoto.ee\\\/wp-content\\\/uploads\\\/2024\\\/05\\\/mountain-300x300-1.png\",\"contentUrl\":\"https:\\\/\\\/www.rsrmoto.ee\\\/wp-content\\\/uploads\\\/2024\\\/05\\\/mountain-300x300-1.png\",\"width\":300,\"height\":300,\"caption\":\"RSR Moto\"},\"image\":{\"@id\":\"https:\\\/\\\/rsrmoto.ee\\\/#\\\/schema\\\/logo\\\/image\\\/\"}}]}<\/script>\n<!-- \/ Yoast SEO plugin. -->","yoast_head_json":{"title":"Jope \"Rachel Petrol\" - RSR Moto","robots":{"index":"index","follow":"follow","max-snippet":"max-snippet:-1","max-image-preview":"max-image-preview:large","max-video-preview":"max-video-preview:-1"},"canonical":"https:\/\/rsrmoto.ee\/en\/product\/jacket-rachel-petrol\/","og_locale":"en_GB","og_type":"article","og_title":"Jope \"Rachel Petrol\" - RSR Moto","og_description":"Vastupidav neljakihiline HARD-TEX\u00ae membraaniga kangas DWR kate K\u00f5ik \u00f5mblused ja t\u00f5mblukud on kindlalt teibitud Velcro asemel kl\u00f5psatusega magnetklapp Kahesuunaline YKK t\u00f5mblukk ees Kaks suurt veekindlat taskut tugevate YKK lukuga \u00dcks sisetasku 3M helkurelemendid Kahes suunas reguleeritav kapuuts Elastsed sisemised mansetid takistavad vee sissep\u00e4\u00e4su","og_url":"https:\/\/rsrmoto.ee\/en\/product\/jacket-rachel-petrol\/","og_site_name":"RSR Moto","article_modified_time":"2024-05-16T08:51:59+00:00","og_image":[{"width":1000,"height":1000,"url":"https:\/\/rsrmoto.ee\/wp-content\/uploads\/2024\/05\/vpe6egien0tw2w3i8ze4zo1praqhvvxm.webp","type":"image\/webp"}],"twitter_card":"summary_large_image","schema":{"@context":"https:\/\/schema.org","@graph":[{"@type":"WebPage","@id":"https:\/\/rsrmoto.ee\/toode\/jacket-rachel-petrol\/","url":"https:\/\/rsrmoto.ee\/toode\/jacket-rachel-petrol\/","name":"Jope \"Rachel Petrol\" - RSR Moto","isPartOf":{"@id":"https:\/\/rsrmoto.ee\/#website"},"primaryImageOfPage":{"@id":"https:\/\/rsrmoto.ee\/toode\/jacket-rachel-petrol\/#primaryimage"},"image":{"@id":"https:\/\/rsrmoto.ee\/toode\/jacket-rachel-petrol\/#primaryimage"},"thumbnailUrl":"https:\/\/rsrmoto.ee\/wp-content\/uploads\/2024\/05\/vpe6egien0tw2w3i8ze4zo1praqhvvxm.webp","datePublished":"2024-05-08T12:00:42+00:00","dateModified":"2024-05-16T08:51:59+00:00","breadcrumb":{"@id":"https:\/\/rsrmoto.ee\/toode\/jacket-rachel-petrol\/#breadcrumb"},"inLanguage":"en-GB","potentialAction":[{"@type":"ReadAction","target":["https:\/\/rsrmoto.ee\/toode\/jacket-rachel-petrol\/"]}]},{"@type":"ImageObject","inLanguage":"en-GB","@id":"https:\/\/rsrmoto.ee\/toode\/jacket-rachel-petrol\/#primaryimage","url":"https:\/\/rsrmoto.ee\/wp-content\/uploads\/2024\/05\/vpe6egien0tw2w3i8ze4zo1praqhvvxm.webp","contentUrl":"https:\/\/rsrmoto.ee\/wp-content\/uploads\/2024\/05\/vpe6egien0tw2w3i8ze4zo1praqhvvxm.webp","width":1000,"height":1000},{"@type":"BreadcrumbList","@id":"https:\/\/rsrmoto.ee\/toode\/jacket-rachel-petrol\/#breadcrumb","itemListElement":[{"@type":"ListItem","position":1,"name":"Esileht","item":"https:\/\/rsrmoto.ee\/"},{"@type":"ListItem","position":2,"name":"Pood","item":"https:\/\/rsrmoto.ee\/pood\/"},{"@type":"ListItem","position":3,"name":"Jope &#8220;Rachel Petrol&#8221;"}]},{"@type":"WebSite","@id":"https:\/\/rsrmoto.ee\/#website","url":"https:\/\/rsrmoto.ee\/","name":"RSR Moto","description":"Kvalitseetsed matka- ja kalastusriided","publisher":{"@id":"https:\/\/rsrmoto.ee\/#organization"},"potentialAction":[{"@type":"SearchAction","target":{"@type":"EntryPoint","urlTemplate":"https:\/\/rsrmoto.ee\/?s={search_term_string}"},"query-input":{"@type":"PropertyValueSpecification","valueRequired":true,"valueName":"search_term_string"}}],"inLanguage":"en-GB"},{"@type":"Organization","@id":"https:\/\/rsrmoto.ee\/#organization","name":"RSR Moto","url":"https:\/\/rsrmoto.ee\/","logo":{"@type":"ImageObject","inLanguage":"en-GB","@id":"https:\/\/rsrmoto.ee\/#\/schema\/logo\/image\/","url":"https:\/\/www.rsrmoto.ee\/wp-content\/uploads\/2024\/05\/mountain-300x300-1.png","contentUrl":"https:\/\/www.rsrmoto.ee\/wp-content\/uploads\/2024\/05\/mountain-300x300-1.png","width":300,"height":300,"caption":"RSR Moto"},"image":{"@id":"https:\/\/rsrmoto.ee\/#\/schema\/logo\/image\/"}}]}},"_links":{"self":[{"href":"https:\/\/rsrmoto.ee\/en\/wp-json\/wp\/v2\/product\/1587","targetHints":{"allow":["GET"]}}],"collection":[{"href":"https:\/\/rsrmoto.ee\/en\/wp-json\/wp\/v2\/product"}],"about":[{"href":"https:\/\/rsrmoto.ee\/en\/wp-json\/wp\/v2\/types\/product"}],"wp:featuredmedia":[{"embeddable":true,"href":"https:\/\/rsrmoto.ee\/en\/wp-json\/wp\/v2\/media\/1588"}],"wp:attachment":[{"href":"https:\/\/rsrmoto.ee\/en\/wp-json\/wp\/v2\/media?parent=1587"}],"wp:term":[{"taxonomy":"product_brand","embeddable":true,"href":"https:\/\/rsrmoto.ee\/en\/wp-json\/wp\/v2\/product_brand?post=1587"},{"taxonomy":"product_cat","embeddable":true,"href":"https:\/\/rsrmoto.ee\/en\/wp-json\/wp\/v2\/product_cat?post=1587"},{"taxonomy":"product_tag","embeddable":true,"href":"https:\/\/rsrmoto.ee\/en\/wp-json\/wp\/v2\/product_tag?post=1587"}],"curies":[{"name":"wp","href":"https:\/\/api.w.org\/{rel}","templated":true}]}}