{"id":159,"date":"2020-03-16T09:03:45","date_gmt":"2020-03-16T09:03:45","guid":{"rendered":"https:\/\/demo.creativethemes.com\/blocksy\/modern-shop\/?post_type=product&#038;p=159"},"modified":"2024-11-12T12:28:50","modified_gmt":"2024-11-12T10:28:50","slug":"powerman-22-camoarmy-3752-snowmobile-suit","status":"publish","type":"product","link":"https:\/\/rsrmoto.ee\/en\/product\/powerman-22-camoarmy-3752-snowmobile-suit\/","title":{"rendered":"POWERMAN 22 CamoArmy 3752 mootorsaani riided"},"content":{"rendered":"<p>Finntrail Powerman 22 \u00fclikond on m\u00f5eldud talviseks v\u00e4litegevuseks j\u00e4rsu pakasega, taludes kuni -25\u00b0C temperatuuri. Sellel soojal ja lumekindlal \u00fclikonnal on ainulaadne ergonoomiline l\u00f5ige mugavuse tagamiseks. Valmistatud uuest 2,5-kihilisest kulumiskindlast kangast, HARD-TEX membraanist ja Thermalrate isolatsioonist, pakub see suurep\u00e4rast kaitset k\u00fclma, k\u00fclma tuule ja niiskuse eest.<\/p>\n<p>Tugevdatud vastupidav materjal suure kulumispinnaga kohtades, nagu p\u00f5lved ja istmed, suurendab vastupidavust, samas kui tihendatud \u00f5mblused lisavad tugevust. Jopel on parema soojusvahetuse tagamiseks fliisvooder, eemaldatav kapuuts, h\u00fcgroskoopne mikrofliiskrae ja ventilatsioonis\u00fcsteem. Funktsionaalsuse ja mugavuse tagavad reguleeritav v\u00f6\u00f6koht, lumekindel seelik ja mitu taskut, sealhulgas p\u00f6idlavahedega sisemised Lycra mansetid.<\/p>\n<p>&nbsp;<\/p>","protected":false},"excerpt":{"rendered":"<p>Mikrofliisist seljavooder tagab t\u00e4iendava soojuse ja mugavuse. Pudip\u00f5llekombinesoonil on pikkuse reguleerimiseks traksid, mitu taskut, ergonoomiline p\u00f5lvel\u00f5ige, sisemised lumekindlad kedrid ja reguleeritav v\u00f6\u00f6koht. Loodud selleks, et hoida teid talviste seikluste ajal soojas ja kaitstuna.<\/p>","protected":false},"featured_media":821,"template":"","meta":[],"product_brand":[],"product_cat":[30,15,111],"product_tag":[],"class_list":{"0":"post-159","1":"product","2":"type-product","3":"status-publish","4":"has-post-thumbnail","6":"product_cat-lumi","7":"product_cat-meestele","8":"product_cat-mootorsaani-riided","10":"first","11":"outofstock","12":"sale","13":"taxable","14":"shipping-taxable","15":"purchasable","16":"product-type-simple"},"ct_brands":[],"yoast_head":"<!-- This site is optimized with the Yoast SEO plugin v27.4 - https:\/\/yoast.com\/product\/yoast-seo-wordpress\/ -->\n<title>POWERMAN 22 CamoArmy 3752 mootorsaani riided - RSR Moto<\/title>\n<meta name=\"robots\" content=\"index, follow, max-snippet:-1, max-image-preview:large, max-video-preview:-1\" \/>\n<link rel=\"canonical\" href=\"https:\/\/rsrmoto.ee\/en\/product\/powerman-22-camoarmy-3752-snowmobile-suit\/\" \/>\n<meta property=\"og:locale\" content=\"en_GB\" \/>\n<meta property=\"og:type\" content=\"article\" \/>\n<meta property=\"og:title\" content=\"POWERMAN 22 CamoArmy 3752 mootorsaani riided - RSR Moto\" \/>\n<meta property=\"og:description\" content=\"Mikrofliisist seljavooder tagab t\u00e4iendava soojuse ja mugavuse. Pudip\u00f5llekombinesoonil on pikkuse reguleerimiseks traksid, mitu taskut, ergonoomiline p\u00f5lvel\u00f5ige, sisemised lumekindlad kedrid ja reguleeritav v\u00f6\u00f6koht. Loodud selleks, et hoida teid talviste seikluste ajal soojas ja kaitstuna.\" \/>\n<meta property=\"og:url\" content=\"https:\/\/rsrmoto.ee\/en\/product\/powerman-22-camoarmy-3752-snowmobile-suit\/\" \/>\n<meta property=\"og:site_name\" content=\"RSR Moto\" \/>\n<meta property=\"article:modified_time\" content=\"2024-11-12T10:28:50+00:00\" \/>\n<meta property=\"og:image\" content=\"https:\/\/rsrmoto.ee\/wp-content\/uploads\/2020\/03\/84349bb2135b2688c2f764036c377474.webp\" \/>\n\t<meta property=\"og:image:width\" content=\"1000\" \/>\n\t<meta property=\"og:image:height\" content=\"1000\" \/>\n\t<meta property=\"og:image:type\" content=\"image\/webp\" \/>\n<meta name=\"twitter:card\" content=\"summary_large_image\" \/>\n<meta name=\"twitter:label1\" content=\"Estimated reading time\" \/>\n\t<meta name=\"twitter:data1\" content=\"1 minute\" \/>\n<script type=\"application\/ld+json\" class=\"yoast-schema-graph\">{\"@context\":\"https:\\\/\\\/schema.org\",\"@graph\":[{\"@type\":\"WebPage\",\"@id\":\"https:\\\/\\\/rsrmoto.ee\\\/toode\\\/powerman-22-camoarmy-3752-snowmobile-suit\\\/\",\"url\":\"https:\\\/\\\/rsrmoto.ee\\\/toode\\\/powerman-22-camoarmy-3752-snowmobile-suit\\\/\",\"name\":\"POWERMAN 22 CamoArmy 3752 mootorsaani riided - RSR Moto\",\"isPartOf\":{\"@id\":\"https:\\\/\\\/rsrmoto.ee\\\/#website\"},\"primaryImageOfPage\":{\"@id\":\"https:\\\/\\\/rsrmoto.ee\\\/toode\\\/powerman-22-camoarmy-3752-snowmobile-suit\\\/#primaryimage\"},\"image\":{\"@id\":\"https:\\\/\\\/rsrmoto.ee\\\/toode\\\/powerman-22-camoarmy-3752-snowmobile-suit\\\/#primaryimage\"},\"thumbnailUrl\":\"https:\\\/\\\/rsrmoto.ee\\\/wp-content\\\/uploads\\\/2020\\\/03\\\/84349bb2135b2688c2f764036c377474.webp\",\"datePublished\":\"2020-03-16T09:03:45+00:00\",\"dateModified\":\"2024-11-12T10:28:50+00:00\",\"breadcrumb\":{\"@id\":\"https:\\\/\\\/rsrmoto.ee\\\/toode\\\/powerman-22-camoarmy-3752-snowmobile-suit\\\/#breadcrumb\"},\"inLanguage\":\"en-GB\",\"potentialAction\":[{\"@type\":\"ReadAction\",\"target\":[\"https:\\\/\\\/rsrmoto.ee\\\/toode\\\/powerman-22-camoarmy-3752-snowmobile-suit\\\/\"]}]},{\"@type\":\"ImageObject\",\"inLanguage\":\"en-GB\",\"@id\":\"https:\\\/\\\/rsrmoto.ee\\\/toode\\\/powerman-22-camoarmy-3752-snowmobile-suit\\\/#primaryimage\",\"url\":\"https:\\\/\\\/rsrmoto.ee\\\/wp-content\\\/uploads\\\/2020\\\/03\\\/84349bb2135b2688c2f764036c377474.webp\",\"contentUrl\":\"https:\\\/\\\/rsrmoto.ee\\\/wp-content\\\/uploads\\\/2020\\\/03\\\/84349bb2135b2688c2f764036c377474.webp\",\"width\":1000,\"height\":1000},{\"@type\":\"BreadcrumbList\",\"@id\":\"https:\\\/\\\/rsrmoto.ee\\\/toode\\\/powerman-22-camoarmy-3752-snowmobile-suit\\\/#breadcrumb\",\"itemListElement\":[{\"@type\":\"ListItem\",\"position\":1,\"name\":\"Esileht\",\"item\":\"https:\\\/\\\/rsrmoto.ee\\\/\"},{\"@type\":\"ListItem\",\"position\":2,\"name\":\"Pood\",\"item\":\"https:\\\/\\\/rsrmoto.ee\\\/pood\\\/\"},{\"@type\":\"ListItem\",\"position\":3,\"name\":\"POWERMAN 22 CamoArmy 3752 mootorsaani riided\"}]},{\"@type\":\"WebSite\",\"@id\":\"https:\\\/\\\/rsrmoto.ee\\\/#website\",\"url\":\"https:\\\/\\\/rsrmoto.ee\\\/\",\"name\":\"RSR Moto\",\"description\":\"Kvalitseetsed matka- ja kalastusriided\",\"publisher\":{\"@id\":\"https:\\\/\\\/rsrmoto.ee\\\/#organization\"},\"potentialAction\":[{\"@type\":\"SearchAction\",\"target\":{\"@type\":\"EntryPoint\",\"urlTemplate\":\"https:\\\/\\\/rsrmoto.ee\\\/?s={search_term_string}\"},\"query-input\":{\"@type\":\"PropertyValueSpecification\",\"valueRequired\":true,\"valueName\":\"search_term_string\"}}],\"inLanguage\":\"en-GB\"},{\"@type\":\"Organization\",\"@id\":\"https:\\\/\\\/rsrmoto.ee\\\/#organization\",\"name\":\"RSR Moto\",\"url\":\"https:\\\/\\\/rsrmoto.ee\\\/\",\"logo\":{\"@type\":\"ImageObject\",\"inLanguage\":\"en-GB\",\"@id\":\"https:\\\/\\\/rsrmoto.ee\\\/#\\\/schema\\\/logo\\\/image\\\/\",\"url\":\"https:\\\/\\\/www.rsrmoto.ee\\\/wp-content\\\/uploads\\\/2024\\\/05\\\/mountain-300x300-1.png\",\"contentUrl\":\"https:\\\/\\\/www.rsrmoto.ee\\\/wp-content\\\/uploads\\\/2024\\\/05\\\/mountain-300x300-1.png\",\"width\":300,\"height\":300,\"caption\":\"RSR Moto\"},\"image\":{\"@id\":\"https:\\\/\\\/rsrmoto.ee\\\/#\\\/schema\\\/logo\\\/image\\\/\"}}]}<\/script>\n<!-- \/ Yoast SEO plugin. -->","yoast_head_json":{"title":"POWERMAN 22 CamoArmy 3752 mootorsaani riided - RSR Moto","robots":{"index":"index","follow":"follow","max-snippet":"max-snippet:-1","max-image-preview":"max-image-preview:large","max-video-preview":"max-video-preview:-1"},"canonical":"https:\/\/rsrmoto.ee\/en\/product\/powerman-22-camoarmy-3752-snowmobile-suit\/","og_locale":"en_GB","og_type":"article","og_title":"POWERMAN 22 CamoArmy 3752 mootorsaani riided - RSR Moto","og_description":"Mikrofliisist seljavooder tagab t\u00e4iendava soojuse ja mugavuse. Pudip\u00f5llekombinesoonil on pikkuse reguleerimiseks traksid, mitu taskut, ergonoomiline p\u00f5lvel\u00f5ige, sisemised lumekindlad kedrid ja reguleeritav v\u00f6\u00f6koht. Loodud selleks, et hoida teid talviste seikluste ajal soojas ja kaitstuna.","og_url":"https:\/\/rsrmoto.ee\/en\/product\/powerman-22-camoarmy-3752-snowmobile-suit\/","og_site_name":"RSR Moto","article_modified_time":"2024-11-12T10:28:50+00:00","og_image":[{"width":1000,"height":1000,"url":"https:\/\/rsrmoto.ee\/wp-content\/uploads\/2020\/03\/84349bb2135b2688c2f764036c377474.webp","type":"image\/webp"}],"twitter_card":"summary_large_image","twitter_misc":{"Estimated reading time":"1 minute"},"schema":{"@context":"https:\/\/schema.org","@graph":[{"@type":"WebPage","@id":"https:\/\/rsrmoto.ee\/toode\/powerman-22-camoarmy-3752-snowmobile-suit\/","url":"https:\/\/rsrmoto.ee\/toode\/powerman-22-camoarmy-3752-snowmobile-suit\/","name":"POWERMAN 22 CamoArmy 3752 mootorsaani riided - RSR Moto","isPartOf":{"@id":"https:\/\/rsrmoto.ee\/#website"},"primaryImageOfPage":{"@id":"https:\/\/rsrmoto.ee\/toode\/powerman-22-camoarmy-3752-snowmobile-suit\/#primaryimage"},"image":{"@id":"https:\/\/rsrmoto.ee\/toode\/powerman-22-camoarmy-3752-snowmobile-suit\/#primaryimage"},"thumbnailUrl":"https:\/\/rsrmoto.ee\/wp-content\/uploads\/2020\/03\/84349bb2135b2688c2f764036c377474.webp","datePublished":"2020-03-16T09:03:45+00:00","dateModified":"2024-11-12T10:28:50+00:00","breadcrumb":{"@id":"https:\/\/rsrmoto.ee\/toode\/powerman-22-camoarmy-3752-snowmobile-suit\/#breadcrumb"},"inLanguage":"en-GB","potentialAction":[{"@type":"ReadAction","target":["https:\/\/rsrmoto.ee\/toode\/powerman-22-camoarmy-3752-snowmobile-suit\/"]}]},{"@type":"ImageObject","inLanguage":"en-GB","@id":"https:\/\/rsrmoto.ee\/toode\/powerman-22-camoarmy-3752-snowmobile-suit\/#primaryimage","url":"https:\/\/rsrmoto.ee\/wp-content\/uploads\/2020\/03\/84349bb2135b2688c2f764036c377474.webp","contentUrl":"https:\/\/rsrmoto.ee\/wp-content\/uploads\/2020\/03\/84349bb2135b2688c2f764036c377474.webp","width":1000,"height":1000},{"@type":"BreadcrumbList","@id":"https:\/\/rsrmoto.ee\/toode\/powerman-22-camoarmy-3752-snowmobile-suit\/#breadcrumb","itemListElement":[{"@type":"ListItem","position":1,"name":"Esileht","item":"https:\/\/rsrmoto.ee\/"},{"@type":"ListItem","position":2,"name":"Pood","item":"https:\/\/rsrmoto.ee\/pood\/"},{"@type":"ListItem","position":3,"name":"POWERMAN 22 CamoArmy 3752 mootorsaani riided"}]},{"@type":"WebSite","@id":"https:\/\/rsrmoto.ee\/#website","url":"https:\/\/rsrmoto.ee\/","name":"RSR Moto","description":"Kvalitseetsed matka- ja kalastusriided","publisher":{"@id":"https:\/\/rsrmoto.ee\/#organization"},"potentialAction":[{"@type":"SearchAction","target":{"@type":"EntryPoint","urlTemplate":"https:\/\/rsrmoto.ee\/?s={search_term_string}"},"query-input":{"@type":"PropertyValueSpecification","valueRequired":true,"valueName":"search_term_string"}}],"inLanguage":"en-GB"},{"@type":"Organization","@id":"https:\/\/rsrmoto.ee\/#organization","name":"RSR Moto","url":"https:\/\/rsrmoto.ee\/","logo":{"@type":"ImageObject","inLanguage":"en-GB","@id":"https:\/\/rsrmoto.ee\/#\/schema\/logo\/image\/","url":"https:\/\/www.rsrmoto.ee\/wp-content\/uploads\/2024\/05\/mountain-300x300-1.png","contentUrl":"https:\/\/www.rsrmoto.ee\/wp-content\/uploads\/2024\/05\/mountain-300x300-1.png","width":300,"height":300,"caption":"RSR Moto"},"image":{"@id":"https:\/\/rsrmoto.ee\/#\/schema\/logo\/image\/"}}]}},"_links":{"self":[{"href":"https:\/\/rsrmoto.ee\/en\/wp-json\/wp\/v2\/product\/159","targetHints":{"allow":["GET"]}}],"collection":[{"href":"https:\/\/rsrmoto.ee\/en\/wp-json\/wp\/v2\/product"}],"about":[{"href":"https:\/\/rsrmoto.ee\/en\/wp-json\/wp\/v2\/types\/product"}],"wp:featuredmedia":[{"embeddable":true,"href":"https:\/\/rsrmoto.ee\/en\/wp-json\/wp\/v2\/media\/821"}],"wp:attachment":[{"href":"https:\/\/rsrmoto.ee\/en\/wp-json\/wp\/v2\/media?parent=159"}],"wp:term":[{"taxonomy":"product_brand","embeddable":true,"href":"https:\/\/rsrmoto.ee\/en\/wp-json\/wp\/v2\/product_brand?post=159"},{"taxonomy":"product_cat","embeddable":true,"href":"https:\/\/rsrmoto.ee\/en\/wp-json\/wp\/v2\/product_cat?post=159"},{"taxonomy":"product_tag","embeddable":true,"href":"https:\/\/rsrmoto.ee\/en\/wp-json\/wp\/v2\/product_tag?post=159"}],"curies":[{"name":"wp","href":"https:\/\/api.w.org\/{rel}","templated":true}]}}