{"id":1612,"date":"2024-05-08T15:05:03","date_gmt":"2024-05-08T12:05:03","guid":{"rendered":"https:\/\/www.rsrmoto.ee\/?post_type=product&#038;p=1612"},"modified":"2024-05-16T11:51:17","modified_gmt":"2024-05-16T08:51:17","slug":"jacket-nitro-khaki","status":"publish","type":"product","link":"https:\/\/rsrmoto.ee\/en\/product\/jacket-nitro-khaki\/","title":{"rendered":"Jope &#8220;Nitro&#8221; Roheline"},"content":{"rendered":"<p>Tuulekindel vetth\u00fclgav jope on m\u00f5eldud v\u00e4liseiklusteks. See hoiab sind kuivana ja keskendub oma tegevusele. Valmistatud 3-kihilisest SOFTSHELL materjalist pehme fliisvoodriga, pakub mugavust ja mitmek\u00fclgsust. Funktsioonide hulka kuuluvad mitu taskut, elastne soonik varrukatel ja kapuutsil ning tuulet\u00f5ke keskmise t\u00f5mbluku all. Sobib igap\u00e4evaseks kandmiseks ja k\u00fclmal ajal vahekihiks.<\/p>\n<p>VEEKINDLUS 7 000 mm<br \/>\nHINGAV KANGAS 10 000 g\/m\u00b2\/24h<\/p>","protected":false},"excerpt":{"rendered":"<p>3-kihiline SOFTSHELL materjal integreeritud membraani ja mikrofliisiga naha k\u00f5rval<br \/>\nDWR viimistlus<br \/>\nKeskmise t\u00f5mbluku all tuulet\u00f5ke<br \/>\n3 lukuga taskut: rinnatasku ja kaks sooja voodriga k\u00fcljetaskut<br \/>\nVarrukad ja kapuuts elastse soonikuga<\/p>","protected":false},"featured_media":1620,"template":"","meta":[],"product_brand":[],"product_cat":[28,15],"product_tag":[],"class_list":{"0":"post-1612","1":"product","2":"type-product","3":"status-publish","4":"has-post-thumbnail","6":"product_cat-jakid","7":"product_cat-meestele","9":"first","10":"instock","11":"taxable","12":"shipping-taxable","13":"purchasable","14":"product-type-variable"},"ct_brands":[],"yoast_head":"<!-- This site is optimized with the Yoast SEO plugin v27.3 - https:\/\/yoast.com\/product\/yoast-seo-wordpress\/ -->\n<title>Jope &quot;Nitro&quot; Roheline - RSR Moto<\/title>\n<meta name=\"robots\" content=\"index, follow, max-snippet:-1, max-image-preview:large, max-video-preview:-1\" \/>\n<link rel=\"canonical\" href=\"https:\/\/rsrmoto.ee\/en\/product\/jacket-nitro-khaki\/\" \/>\n<meta property=\"og:locale\" content=\"en_GB\" \/>\n<meta property=\"og:type\" content=\"article\" \/>\n<meta property=\"og:title\" content=\"Jope &quot;Nitro&quot; Roheline - RSR Moto\" \/>\n<meta property=\"og:description\" content=\"3-kihiline SOFTSHELL materjal integreeritud membraani ja mikrofliisiga naha k\u00f5rval DWR viimistlus Keskmise t\u00f5mbluku all tuulet\u00f5ke 3 lukuga taskut: rinnatasku ja kaks sooja voodriga k\u00fcljetaskut Varrukad ja kapuuts elastse soonikuga\" \/>\n<meta property=\"og:url\" content=\"https:\/\/rsrmoto.ee\/en\/product\/jacket-nitro-khaki\/\" \/>\n<meta property=\"og:site_name\" content=\"RSR Moto\" \/>\n<meta property=\"article:modified_time\" content=\"2024-05-16T08:51:17+00:00\" \/>\n<meta property=\"og:image\" content=\"https:\/\/rsrmoto.ee\/wp-content\/uploads\/2024\/05\/xma3f80v5063e49l7jfzm8xuur1vfdxl.webp\" \/>\n\t<meta property=\"og:image:width\" content=\"1000\" \/>\n\t<meta property=\"og:image:height\" content=\"1000\" \/>\n\t<meta property=\"og:image:type\" content=\"image\/webp\" \/>\n<meta name=\"twitter:card\" content=\"summary_large_image\" \/>\n<script type=\"application\/ld+json\" class=\"yoast-schema-graph\">{\"@context\":\"https:\\\/\\\/schema.org\",\"@graph\":[{\"@type\":\"WebPage\",\"@id\":\"https:\\\/\\\/rsrmoto.ee\\\/toode\\\/jacket-nitro-khaki\\\/\",\"url\":\"https:\\\/\\\/rsrmoto.ee\\\/toode\\\/jacket-nitro-khaki\\\/\",\"name\":\"Jope \\\"Nitro\\\" Roheline - RSR Moto\",\"isPartOf\":{\"@id\":\"https:\\\/\\\/rsrmoto.ee\\\/#website\"},\"primaryImageOfPage\":{\"@id\":\"https:\\\/\\\/rsrmoto.ee\\\/toode\\\/jacket-nitro-khaki\\\/#primaryimage\"},\"image\":{\"@id\":\"https:\\\/\\\/rsrmoto.ee\\\/toode\\\/jacket-nitro-khaki\\\/#primaryimage\"},\"thumbnailUrl\":\"https:\\\/\\\/rsrmoto.ee\\\/wp-content\\\/uploads\\\/2024\\\/05\\\/xma3f80v5063e49l7jfzm8xuur1vfdxl.webp\",\"datePublished\":\"2024-05-08T12:05:03+00:00\",\"dateModified\":\"2024-05-16T08:51:17+00:00\",\"breadcrumb\":{\"@id\":\"https:\\\/\\\/rsrmoto.ee\\\/toode\\\/jacket-nitro-khaki\\\/#breadcrumb\"},\"inLanguage\":\"en-GB\",\"potentialAction\":[{\"@type\":\"ReadAction\",\"target\":[\"https:\\\/\\\/rsrmoto.ee\\\/toode\\\/jacket-nitro-khaki\\\/\"]}]},{\"@type\":\"ImageObject\",\"inLanguage\":\"en-GB\",\"@id\":\"https:\\\/\\\/rsrmoto.ee\\\/toode\\\/jacket-nitro-khaki\\\/#primaryimage\",\"url\":\"https:\\\/\\\/rsrmoto.ee\\\/wp-content\\\/uploads\\\/2024\\\/05\\\/xma3f80v5063e49l7jfzm8xuur1vfdxl.webp\",\"contentUrl\":\"https:\\\/\\\/rsrmoto.ee\\\/wp-content\\\/uploads\\\/2024\\\/05\\\/xma3f80v5063e49l7jfzm8xuur1vfdxl.webp\",\"width\":1000,\"height\":1000},{\"@type\":\"BreadcrumbList\",\"@id\":\"https:\\\/\\\/rsrmoto.ee\\\/toode\\\/jacket-nitro-khaki\\\/#breadcrumb\",\"itemListElement\":[{\"@type\":\"ListItem\",\"position\":1,\"name\":\"Esileht\",\"item\":\"https:\\\/\\\/rsrmoto.ee\\\/\"},{\"@type\":\"ListItem\",\"position\":2,\"name\":\"Pood\",\"item\":\"https:\\\/\\\/rsrmoto.ee\\\/pood\\\/\"},{\"@type\":\"ListItem\",\"position\":3,\"name\":\"Jope &#8220;Nitro&#8221; Roheline\"}]},{\"@type\":\"WebSite\",\"@id\":\"https:\\\/\\\/rsrmoto.ee\\\/#website\",\"url\":\"https:\\\/\\\/rsrmoto.ee\\\/\",\"name\":\"RSR Moto\",\"description\":\"Kvalitseetsed matka- ja kalastusriided\",\"publisher\":{\"@id\":\"https:\\\/\\\/rsrmoto.ee\\\/#organization\"},\"potentialAction\":[{\"@type\":\"SearchAction\",\"target\":{\"@type\":\"EntryPoint\",\"urlTemplate\":\"https:\\\/\\\/rsrmoto.ee\\\/?s={search_term_string}\"},\"query-input\":{\"@type\":\"PropertyValueSpecification\",\"valueRequired\":true,\"valueName\":\"search_term_string\"}}],\"inLanguage\":\"en-GB\"},{\"@type\":\"Organization\",\"@id\":\"https:\\\/\\\/rsrmoto.ee\\\/#organization\",\"name\":\"RSR Moto\",\"url\":\"https:\\\/\\\/rsrmoto.ee\\\/\",\"logo\":{\"@type\":\"ImageObject\",\"inLanguage\":\"en-GB\",\"@id\":\"https:\\\/\\\/rsrmoto.ee\\\/#\\\/schema\\\/logo\\\/image\\\/\",\"url\":\"https:\\\/\\\/www.rsrmoto.ee\\\/wp-content\\\/uploads\\\/2024\\\/05\\\/mountain-300x300-1.png\",\"contentUrl\":\"https:\\\/\\\/www.rsrmoto.ee\\\/wp-content\\\/uploads\\\/2024\\\/05\\\/mountain-300x300-1.png\",\"width\":300,\"height\":300,\"caption\":\"RSR Moto\"},\"image\":{\"@id\":\"https:\\\/\\\/rsrmoto.ee\\\/#\\\/schema\\\/logo\\\/image\\\/\"}}]}<\/script>\n<!-- \/ Yoast SEO plugin. -->","yoast_head_json":{"title":"Jope \"Nitro\" Roheline - RSR Moto","robots":{"index":"index","follow":"follow","max-snippet":"max-snippet:-1","max-image-preview":"max-image-preview:large","max-video-preview":"max-video-preview:-1"},"canonical":"https:\/\/rsrmoto.ee\/en\/product\/jacket-nitro-khaki\/","og_locale":"en_GB","og_type":"article","og_title":"Jope \"Nitro\" Roheline - RSR Moto","og_description":"3-kihiline SOFTSHELL materjal integreeritud membraani ja mikrofliisiga naha k\u00f5rval DWR viimistlus Keskmise t\u00f5mbluku all tuulet\u00f5ke 3 lukuga taskut: rinnatasku ja kaks sooja voodriga k\u00fcljetaskut Varrukad ja kapuuts elastse soonikuga","og_url":"https:\/\/rsrmoto.ee\/en\/product\/jacket-nitro-khaki\/","og_site_name":"RSR Moto","article_modified_time":"2024-05-16T08:51:17+00:00","og_image":[{"width":1000,"height":1000,"url":"https:\/\/rsrmoto.ee\/wp-content\/uploads\/2024\/05\/xma3f80v5063e49l7jfzm8xuur1vfdxl.webp","type":"image\/webp"}],"twitter_card":"summary_large_image","schema":{"@context":"https:\/\/schema.org","@graph":[{"@type":"WebPage","@id":"https:\/\/rsrmoto.ee\/toode\/jacket-nitro-khaki\/","url":"https:\/\/rsrmoto.ee\/toode\/jacket-nitro-khaki\/","name":"Jope \"Nitro\" Roheline - RSR Moto","isPartOf":{"@id":"https:\/\/rsrmoto.ee\/#website"},"primaryImageOfPage":{"@id":"https:\/\/rsrmoto.ee\/toode\/jacket-nitro-khaki\/#primaryimage"},"image":{"@id":"https:\/\/rsrmoto.ee\/toode\/jacket-nitro-khaki\/#primaryimage"},"thumbnailUrl":"https:\/\/rsrmoto.ee\/wp-content\/uploads\/2024\/05\/xma3f80v5063e49l7jfzm8xuur1vfdxl.webp","datePublished":"2024-05-08T12:05:03+00:00","dateModified":"2024-05-16T08:51:17+00:00","breadcrumb":{"@id":"https:\/\/rsrmoto.ee\/toode\/jacket-nitro-khaki\/#breadcrumb"},"inLanguage":"en-GB","potentialAction":[{"@type":"ReadAction","target":["https:\/\/rsrmoto.ee\/toode\/jacket-nitro-khaki\/"]}]},{"@type":"ImageObject","inLanguage":"en-GB","@id":"https:\/\/rsrmoto.ee\/toode\/jacket-nitro-khaki\/#primaryimage","url":"https:\/\/rsrmoto.ee\/wp-content\/uploads\/2024\/05\/xma3f80v5063e49l7jfzm8xuur1vfdxl.webp","contentUrl":"https:\/\/rsrmoto.ee\/wp-content\/uploads\/2024\/05\/xma3f80v5063e49l7jfzm8xuur1vfdxl.webp","width":1000,"height":1000},{"@type":"BreadcrumbList","@id":"https:\/\/rsrmoto.ee\/toode\/jacket-nitro-khaki\/#breadcrumb","itemListElement":[{"@type":"ListItem","position":1,"name":"Esileht","item":"https:\/\/rsrmoto.ee\/"},{"@type":"ListItem","position":2,"name":"Pood","item":"https:\/\/rsrmoto.ee\/pood\/"},{"@type":"ListItem","position":3,"name":"Jope &#8220;Nitro&#8221; Roheline"}]},{"@type":"WebSite","@id":"https:\/\/rsrmoto.ee\/#website","url":"https:\/\/rsrmoto.ee\/","name":"RSR Moto","description":"Kvalitseetsed matka- ja kalastusriided","publisher":{"@id":"https:\/\/rsrmoto.ee\/#organization"},"potentialAction":[{"@type":"SearchAction","target":{"@type":"EntryPoint","urlTemplate":"https:\/\/rsrmoto.ee\/?s={search_term_string}"},"query-input":{"@type":"PropertyValueSpecification","valueRequired":true,"valueName":"search_term_string"}}],"inLanguage":"en-GB"},{"@type":"Organization","@id":"https:\/\/rsrmoto.ee\/#organization","name":"RSR Moto","url":"https:\/\/rsrmoto.ee\/","logo":{"@type":"ImageObject","inLanguage":"en-GB","@id":"https:\/\/rsrmoto.ee\/#\/schema\/logo\/image\/","url":"https:\/\/www.rsrmoto.ee\/wp-content\/uploads\/2024\/05\/mountain-300x300-1.png","contentUrl":"https:\/\/www.rsrmoto.ee\/wp-content\/uploads\/2024\/05\/mountain-300x300-1.png","width":300,"height":300,"caption":"RSR Moto"},"image":{"@id":"https:\/\/rsrmoto.ee\/#\/schema\/logo\/image\/"}}]}},"_links":{"self":[{"href":"https:\/\/rsrmoto.ee\/en\/wp-json\/wp\/v2\/product\/1612","targetHints":{"allow":["GET"]}}],"collection":[{"href":"https:\/\/rsrmoto.ee\/en\/wp-json\/wp\/v2\/product"}],"about":[{"href":"https:\/\/rsrmoto.ee\/en\/wp-json\/wp\/v2\/types\/product"}],"wp:featuredmedia":[{"embeddable":true,"href":"https:\/\/rsrmoto.ee\/en\/wp-json\/wp\/v2\/media\/1620"}],"wp:attachment":[{"href":"https:\/\/rsrmoto.ee\/en\/wp-json\/wp\/v2\/media?parent=1612"}],"wp:term":[{"taxonomy":"product_brand","embeddable":true,"href":"https:\/\/rsrmoto.ee\/en\/wp-json\/wp\/v2\/product_brand?post=1612"},{"taxonomy":"product_cat","embeddable":true,"href":"https:\/\/rsrmoto.ee\/en\/wp-json\/wp\/v2\/product_cat?post=1612"},{"taxonomy":"product_tag","embeddable":true,"href":"https:\/\/rsrmoto.ee\/en\/wp-json\/wp\/v2\/product_tag?post=1612"}],"curies":[{"name":"wp","href":"https:\/\/api.w.org\/{rel}","templated":true}]}}