{"id":164,"date":"2020-03-16T09:11:32","date_gmt":"2020-03-16T09:11:32","guid":{"rendered":"https:\/\/demo.creativethemes.com\/blocksy\/modern-shop\/?post_type=product&#038;p=164"},"modified":"2024-05-16T11:55:29","modified_gmt":"2024-05-16T08:55:29","slug":"lightsuit-khaki-3503-suit","status":"publish","type":"product","link":"https:\/\/rsrmoto.ee\/en\/product\/lightsuit-khaki-3503-suit\/","title":{"rendered":"LIGHTSUIT &#8220;Khaki 3503&#8221; Komplekt"},"content":{"rendered":"<p>\u00dclikerge ja veekindel LIGHTSUIT, mis sobib suurep\u00e4raselt \u00f5uehuvilistele m\u00e4rja ja s\u00fcnge ilmaga. See on valmistatud vastupidavast Ripstop-kangast ning sellel on HARD-TEX membraan ja DWR-kate, mis tagavad \u00fclima mugavuse ja kaitse. Selle anatoomiline l\u00f5ige ja liigendatud p\u00f5lved pakuvad liikumisvabadust, samal ajal kui jope niiskus- ja mudakindel eesmine t\u00f5mblukk, sisemised k\u00e4tised ja avarad taskud tagavad, et olete valmis k\u00f5igeks, mida loodus teile ette toob.<\/p>\n<p>&nbsp;<\/p>","protected":false},"excerpt":{"rendered":"<p>Vastupidav 2,5-kihiline HARD-TEX\u00ae membraaniga RIPSTOP kangas<br \/>\nDWR (Durable Water Repellent) viimistlus<br \/>\nKahes suunas reguleeritav kapuuts<br \/>\n5 taskut: 2 k\u00fcljetaskut ja 1 sisetasku jopel, 2 taskut p\u00fckstel<br \/>\nReguleeritavad varrukad ja p\u00fckste mansetid<br \/>\nV\u00f5rgustik ja h\u00fcgroskoopne mikrofliisvooder<br \/>\n3D liigendatud p\u00f5lved ja p\u00fckste ergonoomiline disain<br \/>\n3M helkurelemendid<\/p>","protected":false},"featured_media":792,"template":"","meta":[],"product_brand":[],"product_cat":[26,15],"product_tag":[],"class_list":{"0":"post-164","1":"product","2":"type-product","3":"status-publish","4":"has-post-thumbnail","6":"product_cat-komplektid","7":"product_cat-meestele","9":"first","10":"instock","11":"taxable","12":"shipping-taxable","13":"purchasable","14":"product-type-variable"},"ct_brands":[],"yoast_head":"<!-- This site is optimized with the Yoast SEO plugin v27.3 - https:\/\/yoast.com\/product\/yoast-seo-wordpress\/ -->\n<title>LIGHTSUIT &quot;Khaki 3503&quot; Komplekt - RSR Moto<\/title>\n<meta name=\"robots\" content=\"index, follow, max-snippet:-1, max-image-preview:large, max-video-preview:-1\" \/>\n<link rel=\"canonical\" href=\"https:\/\/rsrmoto.ee\/en\/product\/lightsuit-khaki-3503-suit\/\" \/>\n<meta property=\"og:locale\" content=\"en_GB\" \/>\n<meta property=\"og:type\" content=\"article\" \/>\n<meta property=\"og:title\" content=\"LIGHTSUIT &quot;Khaki 3503&quot; Komplekt - RSR Moto\" \/>\n<meta property=\"og:description\" content=\"Vastupidav 2,5-kihiline HARD-TEX\u00ae membraaniga RIPSTOP kangas DWR (Durable Water Repellent) viimistlus Kahes suunas reguleeritav kapuuts 5 taskut: 2 k\u00fcljetaskut ja 1 sisetasku jopel, 2 taskut p\u00fckstel Reguleeritavad varrukad ja p\u00fckste mansetid V\u00f5rgustik ja h\u00fcgroskoopne mikrofliisvooder 3D liigendatud p\u00f5lved ja p\u00fckste ergonoomiline disain 3M helkurelemendid\" \/>\n<meta property=\"og:url\" content=\"https:\/\/rsrmoto.ee\/en\/product\/lightsuit-khaki-3503-suit\/\" \/>\n<meta property=\"og:site_name\" content=\"RSR Moto\" \/>\n<meta property=\"article:modified_time\" content=\"2024-05-16T08:55:29+00:00\" \/>\n<meta property=\"og:image\" content=\"https:\/\/rsrmoto.ee\/wp-content\/uploads\/2020\/03\/uam7gbd6ry5uh78wsqhalrjevji6zeof.jpg\" \/>\n\t<meta property=\"og:image:width\" content=\"1000\" \/>\n\t<meta property=\"og:image:height\" content=\"1000\" \/>\n\t<meta property=\"og:image:type\" content=\"image\/jpeg\" \/>\n<meta name=\"twitter:card\" content=\"summary_large_image\" \/>\n<script type=\"application\/ld+json\" class=\"yoast-schema-graph\">{\"@context\":\"https:\\\/\\\/schema.org\",\"@graph\":[{\"@type\":\"WebPage\",\"@id\":\"https:\\\/\\\/rsrmoto.ee\\\/toode\\\/lightsuit-khaki-3503-suit\\\/\",\"url\":\"https:\\\/\\\/rsrmoto.ee\\\/toode\\\/lightsuit-khaki-3503-suit\\\/\",\"name\":\"LIGHTSUIT \\\"Khaki 3503\\\" Komplekt - RSR Moto\",\"isPartOf\":{\"@id\":\"https:\\\/\\\/rsrmoto.ee\\\/#website\"},\"primaryImageOfPage\":{\"@id\":\"https:\\\/\\\/rsrmoto.ee\\\/toode\\\/lightsuit-khaki-3503-suit\\\/#primaryimage\"},\"image\":{\"@id\":\"https:\\\/\\\/rsrmoto.ee\\\/toode\\\/lightsuit-khaki-3503-suit\\\/#primaryimage\"},\"thumbnailUrl\":\"https:\\\/\\\/rsrmoto.ee\\\/wp-content\\\/uploads\\\/2020\\\/03\\\/uam7gbd6ry5uh78wsqhalrjevji6zeof.jpg\",\"datePublished\":\"2020-03-16T09:11:32+00:00\",\"dateModified\":\"2024-05-16T08:55:29+00:00\",\"breadcrumb\":{\"@id\":\"https:\\\/\\\/rsrmoto.ee\\\/toode\\\/lightsuit-khaki-3503-suit\\\/#breadcrumb\"},\"inLanguage\":\"en-GB\",\"potentialAction\":[{\"@type\":\"ReadAction\",\"target\":[\"https:\\\/\\\/rsrmoto.ee\\\/toode\\\/lightsuit-khaki-3503-suit\\\/\"]}]},{\"@type\":\"ImageObject\",\"inLanguage\":\"en-GB\",\"@id\":\"https:\\\/\\\/rsrmoto.ee\\\/toode\\\/lightsuit-khaki-3503-suit\\\/#primaryimage\",\"url\":\"https:\\\/\\\/rsrmoto.ee\\\/wp-content\\\/uploads\\\/2020\\\/03\\\/uam7gbd6ry5uh78wsqhalrjevji6zeof.jpg\",\"contentUrl\":\"https:\\\/\\\/rsrmoto.ee\\\/wp-content\\\/uploads\\\/2020\\\/03\\\/uam7gbd6ry5uh78wsqhalrjevji6zeof.jpg\",\"width\":1000,\"height\":1000},{\"@type\":\"BreadcrumbList\",\"@id\":\"https:\\\/\\\/rsrmoto.ee\\\/toode\\\/lightsuit-khaki-3503-suit\\\/#breadcrumb\",\"itemListElement\":[{\"@type\":\"ListItem\",\"position\":1,\"name\":\"Esileht\",\"item\":\"https:\\\/\\\/rsrmoto.ee\\\/\"},{\"@type\":\"ListItem\",\"position\":2,\"name\":\"Pood\",\"item\":\"https:\\\/\\\/rsrmoto.ee\\\/pood\\\/\"},{\"@type\":\"ListItem\",\"position\":3,\"name\":\"LIGHTSUIT &#8220;Khaki 3503&#8221; Komplekt\"}]},{\"@type\":\"WebSite\",\"@id\":\"https:\\\/\\\/rsrmoto.ee\\\/#website\",\"url\":\"https:\\\/\\\/rsrmoto.ee\\\/\",\"name\":\"RSR Moto\",\"description\":\"Kvalitseetsed matka- ja kalastusriided\",\"publisher\":{\"@id\":\"https:\\\/\\\/rsrmoto.ee\\\/#organization\"},\"potentialAction\":[{\"@type\":\"SearchAction\",\"target\":{\"@type\":\"EntryPoint\",\"urlTemplate\":\"https:\\\/\\\/rsrmoto.ee\\\/?s={search_term_string}\"},\"query-input\":{\"@type\":\"PropertyValueSpecification\",\"valueRequired\":true,\"valueName\":\"search_term_string\"}}],\"inLanguage\":\"en-GB\"},{\"@type\":\"Organization\",\"@id\":\"https:\\\/\\\/rsrmoto.ee\\\/#organization\",\"name\":\"RSR Moto\",\"url\":\"https:\\\/\\\/rsrmoto.ee\\\/\",\"logo\":{\"@type\":\"ImageObject\",\"inLanguage\":\"en-GB\",\"@id\":\"https:\\\/\\\/rsrmoto.ee\\\/#\\\/schema\\\/logo\\\/image\\\/\",\"url\":\"https:\\\/\\\/www.rsrmoto.ee\\\/wp-content\\\/uploads\\\/2024\\\/05\\\/mountain-300x300-1.png\",\"contentUrl\":\"https:\\\/\\\/www.rsrmoto.ee\\\/wp-content\\\/uploads\\\/2024\\\/05\\\/mountain-300x300-1.png\",\"width\":300,\"height\":300,\"caption\":\"RSR Moto\"},\"image\":{\"@id\":\"https:\\\/\\\/rsrmoto.ee\\\/#\\\/schema\\\/logo\\\/image\\\/\"}}]}<\/script>\n<!-- \/ Yoast SEO plugin. -->","yoast_head_json":{"title":"LIGHTSUIT \"Khaki 3503\" Komplekt - RSR Moto","robots":{"index":"index","follow":"follow","max-snippet":"max-snippet:-1","max-image-preview":"max-image-preview:large","max-video-preview":"max-video-preview:-1"},"canonical":"https:\/\/rsrmoto.ee\/en\/product\/lightsuit-khaki-3503-suit\/","og_locale":"en_GB","og_type":"article","og_title":"LIGHTSUIT \"Khaki 3503\" Komplekt - RSR Moto","og_description":"Vastupidav 2,5-kihiline HARD-TEX\u00ae membraaniga RIPSTOP kangas DWR (Durable Water Repellent) viimistlus Kahes suunas reguleeritav kapuuts 5 taskut: 2 k\u00fcljetaskut ja 1 sisetasku jopel, 2 taskut p\u00fckstel Reguleeritavad varrukad ja p\u00fckste mansetid V\u00f5rgustik ja h\u00fcgroskoopne mikrofliisvooder 3D liigendatud p\u00f5lved ja p\u00fckste ergonoomiline disain 3M helkurelemendid","og_url":"https:\/\/rsrmoto.ee\/en\/product\/lightsuit-khaki-3503-suit\/","og_site_name":"RSR Moto","article_modified_time":"2024-05-16T08:55:29+00:00","og_image":[{"width":1000,"height":1000,"url":"https:\/\/rsrmoto.ee\/wp-content\/uploads\/2020\/03\/uam7gbd6ry5uh78wsqhalrjevji6zeof.jpg","type":"image\/jpeg"}],"twitter_card":"summary_large_image","schema":{"@context":"https:\/\/schema.org","@graph":[{"@type":"WebPage","@id":"https:\/\/rsrmoto.ee\/toode\/lightsuit-khaki-3503-suit\/","url":"https:\/\/rsrmoto.ee\/toode\/lightsuit-khaki-3503-suit\/","name":"LIGHTSUIT \"Khaki 3503\" Komplekt - RSR Moto","isPartOf":{"@id":"https:\/\/rsrmoto.ee\/#website"},"primaryImageOfPage":{"@id":"https:\/\/rsrmoto.ee\/toode\/lightsuit-khaki-3503-suit\/#primaryimage"},"image":{"@id":"https:\/\/rsrmoto.ee\/toode\/lightsuit-khaki-3503-suit\/#primaryimage"},"thumbnailUrl":"https:\/\/rsrmoto.ee\/wp-content\/uploads\/2020\/03\/uam7gbd6ry5uh78wsqhalrjevji6zeof.jpg","datePublished":"2020-03-16T09:11:32+00:00","dateModified":"2024-05-16T08:55:29+00:00","breadcrumb":{"@id":"https:\/\/rsrmoto.ee\/toode\/lightsuit-khaki-3503-suit\/#breadcrumb"},"inLanguage":"en-GB","potentialAction":[{"@type":"ReadAction","target":["https:\/\/rsrmoto.ee\/toode\/lightsuit-khaki-3503-suit\/"]}]},{"@type":"ImageObject","inLanguage":"en-GB","@id":"https:\/\/rsrmoto.ee\/toode\/lightsuit-khaki-3503-suit\/#primaryimage","url":"https:\/\/rsrmoto.ee\/wp-content\/uploads\/2020\/03\/uam7gbd6ry5uh78wsqhalrjevji6zeof.jpg","contentUrl":"https:\/\/rsrmoto.ee\/wp-content\/uploads\/2020\/03\/uam7gbd6ry5uh78wsqhalrjevji6zeof.jpg","width":1000,"height":1000},{"@type":"BreadcrumbList","@id":"https:\/\/rsrmoto.ee\/toode\/lightsuit-khaki-3503-suit\/#breadcrumb","itemListElement":[{"@type":"ListItem","position":1,"name":"Esileht","item":"https:\/\/rsrmoto.ee\/"},{"@type":"ListItem","position":2,"name":"Pood","item":"https:\/\/rsrmoto.ee\/pood\/"},{"@type":"ListItem","position":3,"name":"LIGHTSUIT &#8220;Khaki 3503&#8221; Komplekt"}]},{"@type":"WebSite","@id":"https:\/\/rsrmoto.ee\/#website","url":"https:\/\/rsrmoto.ee\/","name":"RSR Moto","description":"Kvalitseetsed matka- ja kalastusriided","publisher":{"@id":"https:\/\/rsrmoto.ee\/#organization"},"potentialAction":[{"@type":"SearchAction","target":{"@type":"EntryPoint","urlTemplate":"https:\/\/rsrmoto.ee\/?s={search_term_string}"},"query-input":{"@type":"PropertyValueSpecification","valueRequired":true,"valueName":"search_term_string"}}],"inLanguage":"en-GB"},{"@type":"Organization","@id":"https:\/\/rsrmoto.ee\/#organization","name":"RSR Moto","url":"https:\/\/rsrmoto.ee\/","logo":{"@type":"ImageObject","inLanguage":"en-GB","@id":"https:\/\/rsrmoto.ee\/#\/schema\/logo\/image\/","url":"https:\/\/www.rsrmoto.ee\/wp-content\/uploads\/2024\/05\/mountain-300x300-1.png","contentUrl":"https:\/\/www.rsrmoto.ee\/wp-content\/uploads\/2024\/05\/mountain-300x300-1.png","width":300,"height":300,"caption":"RSR Moto"},"image":{"@id":"https:\/\/rsrmoto.ee\/#\/schema\/logo\/image\/"}}]}},"_links":{"self":[{"href":"https:\/\/rsrmoto.ee\/en\/wp-json\/wp\/v2\/product\/164","targetHints":{"allow":["GET"]}}],"collection":[{"href":"https:\/\/rsrmoto.ee\/en\/wp-json\/wp\/v2\/product"}],"about":[{"href":"https:\/\/rsrmoto.ee\/en\/wp-json\/wp\/v2\/types\/product"}],"wp:featuredmedia":[{"embeddable":true,"href":"https:\/\/rsrmoto.ee\/en\/wp-json\/wp\/v2\/media\/792"}],"wp:attachment":[{"href":"https:\/\/rsrmoto.ee\/en\/wp-json\/wp\/v2\/media?parent=164"}],"wp:term":[{"taxonomy":"product_brand","embeddable":true,"href":"https:\/\/rsrmoto.ee\/en\/wp-json\/wp\/v2\/product_brand?post=164"},{"taxonomy":"product_cat","embeddable":true,"href":"https:\/\/rsrmoto.ee\/en\/wp-json\/wp\/v2\/product_cat?post=164"},{"taxonomy":"product_tag","embeddable":true,"href":"https:\/\/rsrmoto.ee\/en\/wp-json\/wp\/v2\/product_tag?post=164"}],"curies":[{"name":"wp","href":"https:\/\/api.w.org\/{rel}","templated":true}]}}