{"id":166,"date":"2020-03-16T09:14:43","date_gmt":"2020-03-16T09:14:43","guid":{"rendered":"https:\/\/demo.creativethemes.com\/blocksy\/modern-shop\/?post_type=product&#038;p=166"},"modified":"2024-05-16T11:29:53","modified_gmt":"2024-05-16T08:29:53","slug":"gt-darkgrey-3425-suit","status":"publish","type":"product","link":"https:\/\/rsrmoto.ee\/en\/product\/gt-darkgrey-3425-suit\/","title":{"rendered":"GT Tume hall 3425 komplekt"},"content":{"rendered":"<p>Uus veekindel \u00fclikond sobib suurep\u00e4raselt maastikus\u00f5itjatele ja vaba\u00f5huhuvilistele. K\u00f5rge v\u00f6\u00f6kohaga p\u00fckste ja reguleeritava n\u00f6\u00f6riga all\u00e4\u00e4rega jopel tagab see mugava istuvuse kogu p\u00e4eva kandmiseks iga ilmaga. Selle mitmek\u00fclgse \u00fclikonnaga p\u00fcsige v\u00e4litegevuste ajal kuiv ja kaitstud.<\/p>\n<p>&nbsp;<\/p>","protected":false},"excerpt":{"rendered":"<p>Vastupidav 2,5-kihiline HARD-TEX\u00ae membraaniga RIPSTOP kangas<br \/>\nDWR kate<br \/>\nK\u00f5ik \u00f5mblused ja t\u00f5mblukud on kindlalt teibitud<br \/>\nKahes suunas reguleeritava kapuutsi saab krae sisse voltida, kui seda ei kasutata<br \/>\nKahesuunaline ees t\u00f5mblukk tormiklapiga<br \/>\nKaks mahukat v\u00e4listaskut ja \u00fcks sisetasku jopel, \u00fcks tasku p\u00fckstel<br \/>\nReguleeritavad varrukad ja p\u00fckste mansetid<br \/>\nD-r\u00f5ngad kalastustarvikute kinnitamiseks<br \/>\nErgonoomiline p\u00f5lve ja varruka l\u00f5ige<br \/>\n3\u041c helkurelemendid<\/p>","protected":false},"featured_media":800,"template":"","meta":[],"product_brand":[],"product_cat":[26,15],"product_tag":[],"class_list":{"0":"post-166","1":"product","2":"type-product","3":"status-publish","4":"has-post-thumbnail","6":"product_cat-komplektid","7":"product_cat-meestele","9":"first","10":"instock","11":"taxable","12":"shipping-taxable","13":"purchasable","14":"product-type-variable"},"ct_brands":[],"yoast_head":"<!-- This site is optimized with the Yoast SEO plugin v27.3 - https:\/\/yoast.com\/product\/yoast-seo-wordpress\/ -->\n<title>GT Tume hall 3425 komplekt - RSR Moto<\/title>\n<meta name=\"robots\" content=\"index, follow, max-snippet:-1, max-image-preview:large, max-video-preview:-1\" \/>\n<link rel=\"canonical\" href=\"https:\/\/rsrmoto.ee\/en\/product\/gt-darkgrey-3425-suit\/\" \/>\n<meta property=\"og:locale\" content=\"en_GB\" \/>\n<meta property=\"og:type\" content=\"article\" \/>\n<meta property=\"og:title\" content=\"GT Tume hall 3425 komplekt - RSR Moto\" \/>\n<meta property=\"og:description\" content=\"Vastupidav 2,5-kihiline HARD-TEX\u00ae membraaniga RIPSTOP kangas DWR kate K\u00f5ik \u00f5mblused ja t\u00f5mblukud on kindlalt teibitud Kahes suunas reguleeritava kapuutsi saab krae sisse voltida, kui seda ei kasutata Kahesuunaline ees t\u00f5mblukk tormiklapiga Kaks mahukat v\u00e4listaskut ja \u00fcks sisetasku jopel, \u00fcks tasku p\u00fckstel Reguleeritavad varrukad ja p\u00fckste mansetid D-r\u00f5ngad kalastustarvikute kinnitamiseks Ergonoomiline p\u00f5lve ja varruka l\u00f5ige 3\u041c helkurelemendid\" \/>\n<meta property=\"og:url\" content=\"https:\/\/rsrmoto.ee\/en\/product\/gt-darkgrey-3425-suit\/\" \/>\n<meta property=\"og:site_name\" content=\"RSR Moto\" \/>\n<meta property=\"article:modified_time\" content=\"2024-05-16T08:29:53+00:00\" \/>\n<meta property=\"og:image\" content=\"https:\/\/rsrmoto.ee\/wp-content\/uploads\/2020\/03\/ypt90vz9kfpf3s2tmt887up55ongn626.webp\" \/>\n\t<meta property=\"og:image:width\" content=\"1000\" \/>\n\t<meta property=\"og:image:height\" content=\"1000\" \/>\n\t<meta property=\"og:image:type\" content=\"image\/webp\" \/>\n<meta name=\"twitter:card\" content=\"summary_large_image\" \/>\n<script type=\"application\/ld+json\" class=\"yoast-schema-graph\">{\"@context\":\"https:\\\/\\\/schema.org\",\"@graph\":[{\"@type\":\"WebPage\",\"@id\":\"https:\\\/\\\/rsrmoto.ee\\\/toode\\\/gt-darkgrey-3425-suit\\\/\",\"url\":\"https:\\\/\\\/rsrmoto.ee\\\/toode\\\/gt-darkgrey-3425-suit\\\/\",\"name\":\"GT Tume hall 3425 komplekt - RSR Moto\",\"isPartOf\":{\"@id\":\"https:\\\/\\\/rsrmoto.ee\\\/#website\"},\"primaryImageOfPage\":{\"@id\":\"https:\\\/\\\/rsrmoto.ee\\\/toode\\\/gt-darkgrey-3425-suit\\\/#primaryimage\"},\"image\":{\"@id\":\"https:\\\/\\\/rsrmoto.ee\\\/toode\\\/gt-darkgrey-3425-suit\\\/#primaryimage\"},\"thumbnailUrl\":\"https:\\\/\\\/rsrmoto.ee\\\/wp-content\\\/uploads\\\/2020\\\/03\\\/ypt90vz9kfpf3s2tmt887up55ongn626.webp\",\"datePublished\":\"2020-03-16T09:14:43+00:00\",\"dateModified\":\"2024-05-16T08:29:53+00:00\",\"breadcrumb\":{\"@id\":\"https:\\\/\\\/rsrmoto.ee\\\/toode\\\/gt-darkgrey-3425-suit\\\/#breadcrumb\"},\"inLanguage\":\"en-GB\",\"potentialAction\":[{\"@type\":\"ReadAction\",\"target\":[\"https:\\\/\\\/rsrmoto.ee\\\/toode\\\/gt-darkgrey-3425-suit\\\/\"]}]},{\"@type\":\"ImageObject\",\"inLanguage\":\"en-GB\",\"@id\":\"https:\\\/\\\/rsrmoto.ee\\\/toode\\\/gt-darkgrey-3425-suit\\\/#primaryimage\",\"url\":\"https:\\\/\\\/rsrmoto.ee\\\/wp-content\\\/uploads\\\/2020\\\/03\\\/ypt90vz9kfpf3s2tmt887up55ongn626.webp\",\"contentUrl\":\"https:\\\/\\\/rsrmoto.ee\\\/wp-content\\\/uploads\\\/2020\\\/03\\\/ypt90vz9kfpf3s2tmt887up55ongn626.webp\",\"width\":1000,\"height\":1000},{\"@type\":\"BreadcrumbList\",\"@id\":\"https:\\\/\\\/rsrmoto.ee\\\/toode\\\/gt-darkgrey-3425-suit\\\/#breadcrumb\",\"itemListElement\":[{\"@type\":\"ListItem\",\"position\":1,\"name\":\"Esileht\",\"item\":\"https:\\\/\\\/rsrmoto.ee\\\/\"},{\"@type\":\"ListItem\",\"position\":2,\"name\":\"Pood\",\"item\":\"https:\\\/\\\/rsrmoto.ee\\\/pood\\\/\"},{\"@type\":\"ListItem\",\"position\":3,\"name\":\"GT Tume hall 3425 komplekt\"}]},{\"@type\":\"WebSite\",\"@id\":\"https:\\\/\\\/rsrmoto.ee\\\/#website\",\"url\":\"https:\\\/\\\/rsrmoto.ee\\\/\",\"name\":\"RSR Moto\",\"description\":\"Kvalitseetsed matka- ja kalastusriided\",\"publisher\":{\"@id\":\"https:\\\/\\\/rsrmoto.ee\\\/#organization\"},\"potentialAction\":[{\"@type\":\"SearchAction\",\"target\":{\"@type\":\"EntryPoint\",\"urlTemplate\":\"https:\\\/\\\/rsrmoto.ee\\\/?s={search_term_string}\"},\"query-input\":{\"@type\":\"PropertyValueSpecification\",\"valueRequired\":true,\"valueName\":\"search_term_string\"}}],\"inLanguage\":\"en-GB\"},{\"@type\":\"Organization\",\"@id\":\"https:\\\/\\\/rsrmoto.ee\\\/#organization\",\"name\":\"RSR Moto\",\"url\":\"https:\\\/\\\/rsrmoto.ee\\\/\",\"logo\":{\"@type\":\"ImageObject\",\"inLanguage\":\"en-GB\",\"@id\":\"https:\\\/\\\/rsrmoto.ee\\\/#\\\/schema\\\/logo\\\/image\\\/\",\"url\":\"https:\\\/\\\/www.rsrmoto.ee\\\/wp-content\\\/uploads\\\/2024\\\/05\\\/mountain-300x300-1.png\",\"contentUrl\":\"https:\\\/\\\/www.rsrmoto.ee\\\/wp-content\\\/uploads\\\/2024\\\/05\\\/mountain-300x300-1.png\",\"width\":300,\"height\":300,\"caption\":\"RSR Moto\"},\"image\":{\"@id\":\"https:\\\/\\\/rsrmoto.ee\\\/#\\\/schema\\\/logo\\\/image\\\/\"}}]}<\/script>\n<!-- \/ Yoast SEO plugin. -->","yoast_head_json":{"title":"GT Tume hall 3425 komplekt - RSR Moto","robots":{"index":"index","follow":"follow","max-snippet":"max-snippet:-1","max-image-preview":"max-image-preview:large","max-video-preview":"max-video-preview:-1"},"canonical":"https:\/\/rsrmoto.ee\/en\/product\/gt-darkgrey-3425-suit\/","og_locale":"en_GB","og_type":"article","og_title":"GT Tume hall 3425 komplekt - RSR Moto","og_description":"Vastupidav 2,5-kihiline HARD-TEX\u00ae membraaniga RIPSTOP kangas DWR kate K\u00f5ik \u00f5mblused ja t\u00f5mblukud on kindlalt teibitud Kahes suunas reguleeritava kapuutsi saab krae sisse voltida, kui seda ei kasutata Kahesuunaline ees t\u00f5mblukk tormiklapiga Kaks mahukat v\u00e4listaskut ja \u00fcks sisetasku jopel, \u00fcks tasku p\u00fckstel Reguleeritavad varrukad ja p\u00fckste mansetid D-r\u00f5ngad kalastustarvikute kinnitamiseks Ergonoomiline p\u00f5lve ja varruka l\u00f5ige 3\u041c helkurelemendid","og_url":"https:\/\/rsrmoto.ee\/en\/product\/gt-darkgrey-3425-suit\/","og_site_name":"RSR Moto","article_modified_time":"2024-05-16T08:29:53+00:00","og_image":[{"width":1000,"height":1000,"url":"https:\/\/rsrmoto.ee\/wp-content\/uploads\/2020\/03\/ypt90vz9kfpf3s2tmt887up55ongn626.webp","type":"image\/webp"}],"twitter_card":"summary_large_image","schema":{"@context":"https:\/\/schema.org","@graph":[{"@type":"WebPage","@id":"https:\/\/rsrmoto.ee\/toode\/gt-darkgrey-3425-suit\/","url":"https:\/\/rsrmoto.ee\/toode\/gt-darkgrey-3425-suit\/","name":"GT Tume hall 3425 komplekt - RSR Moto","isPartOf":{"@id":"https:\/\/rsrmoto.ee\/#website"},"primaryImageOfPage":{"@id":"https:\/\/rsrmoto.ee\/toode\/gt-darkgrey-3425-suit\/#primaryimage"},"image":{"@id":"https:\/\/rsrmoto.ee\/toode\/gt-darkgrey-3425-suit\/#primaryimage"},"thumbnailUrl":"https:\/\/rsrmoto.ee\/wp-content\/uploads\/2020\/03\/ypt90vz9kfpf3s2tmt887up55ongn626.webp","datePublished":"2020-03-16T09:14:43+00:00","dateModified":"2024-05-16T08:29:53+00:00","breadcrumb":{"@id":"https:\/\/rsrmoto.ee\/toode\/gt-darkgrey-3425-suit\/#breadcrumb"},"inLanguage":"en-GB","potentialAction":[{"@type":"ReadAction","target":["https:\/\/rsrmoto.ee\/toode\/gt-darkgrey-3425-suit\/"]}]},{"@type":"ImageObject","inLanguage":"en-GB","@id":"https:\/\/rsrmoto.ee\/toode\/gt-darkgrey-3425-suit\/#primaryimage","url":"https:\/\/rsrmoto.ee\/wp-content\/uploads\/2020\/03\/ypt90vz9kfpf3s2tmt887up55ongn626.webp","contentUrl":"https:\/\/rsrmoto.ee\/wp-content\/uploads\/2020\/03\/ypt90vz9kfpf3s2tmt887up55ongn626.webp","width":1000,"height":1000},{"@type":"BreadcrumbList","@id":"https:\/\/rsrmoto.ee\/toode\/gt-darkgrey-3425-suit\/#breadcrumb","itemListElement":[{"@type":"ListItem","position":1,"name":"Esileht","item":"https:\/\/rsrmoto.ee\/"},{"@type":"ListItem","position":2,"name":"Pood","item":"https:\/\/rsrmoto.ee\/pood\/"},{"@type":"ListItem","position":3,"name":"GT Tume hall 3425 komplekt"}]},{"@type":"WebSite","@id":"https:\/\/rsrmoto.ee\/#website","url":"https:\/\/rsrmoto.ee\/","name":"RSR Moto","description":"Kvalitseetsed matka- ja kalastusriided","publisher":{"@id":"https:\/\/rsrmoto.ee\/#organization"},"potentialAction":[{"@type":"SearchAction","target":{"@type":"EntryPoint","urlTemplate":"https:\/\/rsrmoto.ee\/?s={search_term_string}"},"query-input":{"@type":"PropertyValueSpecification","valueRequired":true,"valueName":"search_term_string"}}],"inLanguage":"en-GB"},{"@type":"Organization","@id":"https:\/\/rsrmoto.ee\/#organization","name":"RSR Moto","url":"https:\/\/rsrmoto.ee\/","logo":{"@type":"ImageObject","inLanguage":"en-GB","@id":"https:\/\/rsrmoto.ee\/#\/schema\/logo\/image\/","url":"https:\/\/www.rsrmoto.ee\/wp-content\/uploads\/2024\/05\/mountain-300x300-1.png","contentUrl":"https:\/\/www.rsrmoto.ee\/wp-content\/uploads\/2024\/05\/mountain-300x300-1.png","width":300,"height":300,"caption":"RSR Moto"},"image":{"@id":"https:\/\/rsrmoto.ee\/#\/schema\/logo\/image\/"}}]}},"_links":{"self":[{"href":"https:\/\/rsrmoto.ee\/en\/wp-json\/wp\/v2\/product\/166","targetHints":{"allow":["GET"]}}],"collection":[{"href":"https:\/\/rsrmoto.ee\/en\/wp-json\/wp\/v2\/product"}],"about":[{"href":"https:\/\/rsrmoto.ee\/en\/wp-json\/wp\/v2\/types\/product"}],"wp:featuredmedia":[{"embeddable":true,"href":"https:\/\/rsrmoto.ee\/en\/wp-json\/wp\/v2\/media\/800"}],"wp:attachment":[{"href":"https:\/\/rsrmoto.ee\/en\/wp-json\/wp\/v2\/media?parent=166"}],"wp:term":[{"taxonomy":"product_brand","embeddable":true,"href":"https:\/\/rsrmoto.ee\/en\/wp-json\/wp\/v2\/product_brand?post=166"},{"taxonomy":"product_cat","embeddable":true,"href":"https:\/\/rsrmoto.ee\/en\/wp-json\/wp\/v2\/product_cat?post=166"},{"taxonomy":"product_tag","embeddable":true,"href":"https:\/\/rsrmoto.ee\/en\/wp-json\/wp\/v2\/product_tag?post=166"}],"curies":[{"name":"wp","href":"https:\/\/api.w.org\/{rel}","templated":true}]}}