{"id":1715,"date":"2024-05-08T15:24:40","date_gmt":"2024-05-08T12:24:40","guid":{"rendered":"https:\/\/www.rsrmoto.ee\/?post_type=product&#038;p=1715"},"modified":"2024-05-16T14:10:00","modified_gmt":"2024-05-16T11:10:00","slug":"waders-speedmaster-zip-camoarmy","status":"publish","type":"product","link":"https:\/\/rsrmoto.ee\/en\/product\/waders-speedmaster-zip-camoarmy\/","title":{"rendered":"Kahlamisp\u00fcksid &#8220;Speedmaster-Zip&#8221; CamoArmy"},"content":{"rendered":"<p>Speedmaster-Zip kahlajad on spetsiaalselt loodud selleks, et pakkuda \u00fclimat j\u00f5udlust ekstreemsetes v\u00e4litingimustes. N\u00f5udlikes keskkondades toimetulemiseks on tugevalt kulunud alad, nagu s\u00e4\u00e4rte alumine osa, p\u00f5lved ja iste, tugevdatud tugeva kangaga. \u00dclima kaitse tagamiseks on kahlajad varustatud sisemiste eemaldatavate p\u00f5lvekaitsmetega. See t\u00e4iustatud konstruktsioon tagab optimaalse vastupidavuse, v\u00f5imaldades teil enesekindlalt toime tulla n\u00f5udlike tingimustega.<\/p>\n<p>&nbsp;<\/p>","protected":false},"excerpt":{"rendered":"<p>Viiekihiline HARD-TEX\u00ae membraaniga kangas<br \/>\nK\u00f5ik \u00f5mblused ja t\u00f5mblukud on kindlalt teibitud<br \/>\nTugevdatud sisemine s\u00e4\u00e4re, p\u00f5lve ja jalgevahe<br \/>\nVeekindel TIZIP\u00ae t\u00f5mblukk<br \/>\nMustust h\u00fclgav Teflon\u2122 kate<br \/>\nErgonoomiline p\u00f5lvel\u00f5ige<br \/>\nSisseehitatud eemaldatavad s\u00e4\u00e4re-\/p\u00f5lvekaitsmed<br \/>\nElastsed traksid ja YKK pandlaga v\u00f6\u00f6<br \/>\nKaks v\u00e4limist veekindlat rinnataskut tugevate YKK lukuga<br \/>\nVeekindla lukuga lahtik\u00e4iv sisetasku<br \/>\nKuivatussilmused<br \/>\nSisseehitatud mugavad 0,16 tolli (4 mm) neopreenist papud tugevdatud tallaga<br \/>\n3M helkurelemendid<br \/>\nKaasas veekindel nutitelefoni kott<\/p>","protected":false},"featured_media":1741,"template":"","meta":[],"product_brand":[],"product_cat":[107,15],"product_tag":[],"class_list":{"0":"post-1715","1":"product","2":"type-product","3":"status-publish","4":"has-post-thumbnail","6":"product_cat-kahlamispuksid","7":"product_cat-meestele","9":"first","10":"instock","11":"taxable","12":"shipping-taxable","13":"purchasable","14":"product-type-variable"},"ct_brands":[],"yoast_head":"<!-- This site is optimized with the Yoast SEO plugin v27.3 - https:\/\/yoast.com\/product\/yoast-seo-wordpress\/ -->\n<title>Kahlamisp\u00fcksid &quot;Speedmaster-Zip&quot; CamoArmy - RSR Moto<\/title>\n<meta name=\"robots\" content=\"index, follow, max-snippet:-1, max-image-preview:large, max-video-preview:-1\" \/>\n<link rel=\"canonical\" href=\"https:\/\/rsrmoto.ee\/en\/product\/waders-speedmaster-zip-camoarmy\/\" \/>\n<meta property=\"og:locale\" content=\"en_GB\" \/>\n<meta property=\"og:type\" content=\"article\" \/>\n<meta property=\"og:title\" content=\"Kahlamisp\u00fcksid &quot;Speedmaster-Zip&quot; CamoArmy - RSR Moto\" \/>\n<meta property=\"og:description\" content=\"Viiekihiline HARD-TEX\u00ae membraaniga kangas K\u00f5ik \u00f5mblused ja t\u00f5mblukud on kindlalt teibitud Tugevdatud sisemine s\u00e4\u00e4re, p\u00f5lve ja jalgevahe Veekindel TIZIP\u00ae t\u00f5mblukk Mustust h\u00fclgav Teflon\u2122 kate Ergonoomiline p\u00f5lvel\u00f5ige Sisseehitatud eemaldatavad s\u00e4\u00e4re-\/p\u00f5lvekaitsmed Elastsed traksid ja YKK pandlaga v\u00f6\u00f6 Kaks v\u00e4limist veekindlat rinnataskut tugevate YKK lukuga Veekindla lukuga lahtik\u00e4iv sisetasku Kuivatussilmused Sisseehitatud mugavad 0,16 tolli (4 mm) neopreenist papud tugevdatud tallaga 3M helkurelemendid Kaasas veekindel nutitelefoni kott\" \/>\n<meta property=\"og:url\" content=\"https:\/\/rsrmoto.ee\/en\/product\/waders-speedmaster-zip-camoarmy\/\" \/>\n<meta property=\"og:site_name\" content=\"RSR Moto\" \/>\n<meta property=\"article:modified_time\" content=\"2024-05-16T11:10:00+00:00\" \/>\n<meta property=\"og:image\" content=\"https:\/\/rsrmoto.ee\/wp-content\/uploads\/2024\/05\/8fhcvv4sgxijw8ruocipxgvk84smysvn.webp\" \/>\n\t<meta property=\"og:image:width\" content=\"1000\" \/>\n\t<meta property=\"og:image:height\" content=\"1000\" \/>\n\t<meta property=\"og:image:type\" content=\"image\/webp\" \/>\n<meta name=\"twitter:card\" content=\"summary_large_image\" \/>\n<script type=\"application\/ld+json\" class=\"yoast-schema-graph\">{\"@context\":\"https:\\\/\\\/schema.org\",\"@graph\":[{\"@type\":\"WebPage\",\"@id\":\"https:\\\/\\\/rsrmoto.ee\\\/toode\\\/waders-speedmaster-zip-camoarmy\\\/\",\"url\":\"https:\\\/\\\/rsrmoto.ee\\\/toode\\\/waders-speedmaster-zip-camoarmy\\\/\",\"name\":\"Kahlamisp\u00fcksid \\\"Speedmaster-Zip\\\" CamoArmy - RSR Moto\",\"isPartOf\":{\"@id\":\"https:\\\/\\\/rsrmoto.ee\\\/#website\"},\"primaryImageOfPage\":{\"@id\":\"https:\\\/\\\/rsrmoto.ee\\\/toode\\\/waders-speedmaster-zip-camoarmy\\\/#primaryimage\"},\"image\":{\"@id\":\"https:\\\/\\\/rsrmoto.ee\\\/toode\\\/waders-speedmaster-zip-camoarmy\\\/#primaryimage\"},\"thumbnailUrl\":\"https:\\\/\\\/rsrmoto.ee\\\/wp-content\\\/uploads\\\/2024\\\/05\\\/8fhcvv4sgxijw8ruocipxgvk84smysvn.webp\",\"datePublished\":\"2024-05-08T12:24:40+00:00\",\"dateModified\":\"2024-05-16T11:10:00+00:00\",\"breadcrumb\":{\"@id\":\"https:\\\/\\\/rsrmoto.ee\\\/toode\\\/waders-speedmaster-zip-camoarmy\\\/#breadcrumb\"},\"inLanguage\":\"en-GB\",\"potentialAction\":[{\"@type\":\"ReadAction\",\"target\":[\"https:\\\/\\\/rsrmoto.ee\\\/toode\\\/waders-speedmaster-zip-camoarmy\\\/\"]}]},{\"@type\":\"ImageObject\",\"inLanguage\":\"en-GB\",\"@id\":\"https:\\\/\\\/rsrmoto.ee\\\/toode\\\/waders-speedmaster-zip-camoarmy\\\/#primaryimage\",\"url\":\"https:\\\/\\\/rsrmoto.ee\\\/wp-content\\\/uploads\\\/2024\\\/05\\\/8fhcvv4sgxijw8ruocipxgvk84smysvn.webp\",\"contentUrl\":\"https:\\\/\\\/rsrmoto.ee\\\/wp-content\\\/uploads\\\/2024\\\/05\\\/8fhcvv4sgxijw8ruocipxgvk84smysvn.webp\",\"width\":1000,\"height\":1000},{\"@type\":\"BreadcrumbList\",\"@id\":\"https:\\\/\\\/rsrmoto.ee\\\/toode\\\/waders-speedmaster-zip-camoarmy\\\/#breadcrumb\",\"itemListElement\":[{\"@type\":\"ListItem\",\"position\":1,\"name\":\"Esileht\",\"item\":\"https:\\\/\\\/rsrmoto.ee\\\/\"},{\"@type\":\"ListItem\",\"position\":2,\"name\":\"Pood\",\"item\":\"https:\\\/\\\/rsrmoto.ee\\\/pood\\\/\"},{\"@type\":\"ListItem\",\"position\":3,\"name\":\"Kahlamisp\u00fcksid &#8220;Speedmaster-Zip&#8221; CamoArmy\"}]},{\"@type\":\"WebSite\",\"@id\":\"https:\\\/\\\/rsrmoto.ee\\\/#website\",\"url\":\"https:\\\/\\\/rsrmoto.ee\\\/\",\"name\":\"RSR Moto\",\"description\":\"Kvalitseetsed matka- ja kalastusriided\",\"publisher\":{\"@id\":\"https:\\\/\\\/rsrmoto.ee\\\/#organization\"},\"potentialAction\":[{\"@type\":\"SearchAction\",\"target\":{\"@type\":\"EntryPoint\",\"urlTemplate\":\"https:\\\/\\\/rsrmoto.ee\\\/?s={search_term_string}\"},\"query-input\":{\"@type\":\"PropertyValueSpecification\",\"valueRequired\":true,\"valueName\":\"search_term_string\"}}],\"inLanguage\":\"en-GB\"},{\"@type\":\"Organization\",\"@id\":\"https:\\\/\\\/rsrmoto.ee\\\/#organization\",\"name\":\"RSR Moto\",\"url\":\"https:\\\/\\\/rsrmoto.ee\\\/\",\"logo\":{\"@type\":\"ImageObject\",\"inLanguage\":\"en-GB\",\"@id\":\"https:\\\/\\\/rsrmoto.ee\\\/#\\\/schema\\\/logo\\\/image\\\/\",\"url\":\"https:\\\/\\\/www.rsrmoto.ee\\\/wp-content\\\/uploads\\\/2024\\\/05\\\/mountain-300x300-1.png\",\"contentUrl\":\"https:\\\/\\\/www.rsrmoto.ee\\\/wp-content\\\/uploads\\\/2024\\\/05\\\/mountain-300x300-1.png\",\"width\":300,\"height\":300,\"caption\":\"RSR Moto\"},\"image\":{\"@id\":\"https:\\\/\\\/rsrmoto.ee\\\/#\\\/schema\\\/logo\\\/image\\\/\"}}]}<\/script>\n<!-- \/ Yoast SEO plugin. -->","yoast_head_json":{"title":"Kahlamisp\u00fcksid \"Speedmaster-Zip\" CamoArmy - RSR Moto","robots":{"index":"index","follow":"follow","max-snippet":"max-snippet:-1","max-image-preview":"max-image-preview:large","max-video-preview":"max-video-preview:-1"},"canonical":"https:\/\/rsrmoto.ee\/en\/product\/waders-speedmaster-zip-camoarmy\/","og_locale":"en_GB","og_type":"article","og_title":"Kahlamisp\u00fcksid \"Speedmaster-Zip\" CamoArmy - RSR Moto","og_description":"Viiekihiline HARD-TEX\u00ae membraaniga kangas K\u00f5ik \u00f5mblused ja t\u00f5mblukud on kindlalt teibitud Tugevdatud sisemine s\u00e4\u00e4re, p\u00f5lve ja jalgevahe Veekindel TIZIP\u00ae t\u00f5mblukk Mustust h\u00fclgav Teflon\u2122 kate Ergonoomiline p\u00f5lvel\u00f5ige Sisseehitatud eemaldatavad s\u00e4\u00e4re-\/p\u00f5lvekaitsmed Elastsed traksid ja YKK pandlaga v\u00f6\u00f6 Kaks v\u00e4limist veekindlat rinnataskut tugevate YKK lukuga Veekindla lukuga lahtik\u00e4iv sisetasku Kuivatussilmused Sisseehitatud mugavad 0,16 tolli (4 mm) neopreenist papud tugevdatud tallaga 3M helkurelemendid Kaasas veekindel nutitelefoni kott","og_url":"https:\/\/rsrmoto.ee\/en\/product\/waders-speedmaster-zip-camoarmy\/","og_site_name":"RSR Moto","article_modified_time":"2024-05-16T11:10:00+00:00","og_image":[{"width":1000,"height":1000,"url":"https:\/\/rsrmoto.ee\/wp-content\/uploads\/2024\/05\/8fhcvv4sgxijw8ruocipxgvk84smysvn.webp","type":"image\/webp"}],"twitter_card":"summary_large_image","schema":{"@context":"https:\/\/schema.org","@graph":[{"@type":"WebPage","@id":"https:\/\/rsrmoto.ee\/toode\/waders-speedmaster-zip-camoarmy\/","url":"https:\/\/rsrmoto.ee\/toode\/waders-speedmaster-zip-camoarmy\/","name":"Kahlamisp\u00fcksid \"Speedmaster-Zip\" CamoArmy - RSR Moto","isPartOf":{"@id":"https:\/\/rsrmoto.ee\/#website"},"primaryImageOfPage":{"@id":"https:\/\/rsrmoto.ee\/toode\/waders-speedmaster-zip-camoarmy\/#primaryimage"},"image":{"@id":"https:\/\/rsrmoto.ee\/toode\/waders-speedmaster-zip-camoarmy\/#primaryimage"},"thumbnailUrl":"https:\/\/rsrmoto.ee\/wp-content\/uploads\/2024\/05\/8fhcvv4sgxijw8ruocipxgvk84smysvn.webp","datePublished":"2024-05-08T12:24:40+00:00","dateModified":"2024-05-16T11:10:00+00:00","breadcrumb":{"@id":"https:\/\/rsrmoto.ee\/toode\/waders-speedmaster-zip-camoarmy\/#breadcrumb"},"inLanguage":"en-GB","potentialAction":[{"@type":"ReadAction","target":["https:\/\/rsrmoto.ee\/toode\/waders-speedmaster-zip-camoarmy\/"]}]},{"@type":"ImageObject","inLanguage":"en-GB","@id":"https:\/\/rsrmoto.ee\/toode\/waders-speedmaster-zip-camoarmy\/#primaryimage","url":"https:\/\/rsrmoto.ee\/wp-content\/uploads\/2024\/05\/8fhcvv4sgxijw8ruocipxgvk84smysvn.webp","contentUrl":"https:\/\/rsrmoto.ee\/wp-content\/uploads\/2024\/05\/8fhcvv4sgxijw8ruocipxgvk84smysvn.webp","width":1000,"height":1000},{"@type":"BreadcrumbList","@id":"https:\/\/rsrmoto.ee\/toode\/waders-speedmaster-zip-camoarmy\/#breadcrumb","itemListElement":[{"@type":"ListItem","position":1,"name":"Esileht","item":"https:\/\/rsrmoto.ee\/"},{"@type":"ListItem","position":2,"name":"Pood","item":"https:\/\/rsrmoto.ee\/pood\/"},{"@type":"ListItem","position":3,"name":"Kahlamisp\u00fcksid &#8220;Speedmaster-Zip&#8221; CamoArmy"}]},{"@type":"WebSite","@id":"https:\/\/rsrmoto.ee\/#website","url":"https:\/\/rsrmoto.ee\/","name":"RSR Moto","description":"Kvalitseetsed matka- ja kalastusriided","publisher":{"@id":"https:\/\/rsrmoto.ee\/#organization"},"potentialAction":[{"@type":"SearchAction","target":{"@type":"EntryPoint","urlTemplate":"https:\/\/rsrmoto.ee\/?s={search_term_string}"},"query-input":{"@type":"PropertyValueSpecification","valueRequired":true,"valueName":"search_term_string"}}],"inLanguage":"en-GB"},{"@type":"Organization","@id":"https:\/\/rsrmoto.ee\/#organization","name":"RSR Moto","url":"https:\/\/rsrmoto.ee\/","logo":{"@type":"ImageObject","inLanguage":"en-GB","@id":"https:\/\/rsrmoto.ee\/#\/schema\/logo\/image\/","url":"https:\/\/www.rsrmoto.ee\/wp-content\/uploads\/2024\/05\/mountain-300x300-1.png","contentUrl":"https:\/\/www.rsrmoto.ee\/wp-content\/uploads\/2024\/05\/mountain-300x300-1.png","width":300,"height":300,"caption":"RSR Moto"},"image":{"@id":"https:\/\/rsrmoto.ee\/#\/schema\/logo\/image\/"}}]}},"_links":{"self":[{"href":"https:\/\/rsrmoto.ee\/en\/wp-json\/wp\/v2\/product\/1715","targetHints":{"allow":["GET"]}}],"collection":[{"href":"https:\/\/rsrmoto.ee\/en\/wp-json\/wp\/v2\/product"}],"about":[{"href":"https:\/\/rsrmoto.ee\/en\/wp-json\/wp\/v2\/types\/product"}],"wp:featuredmedia":[{"embeddable":true,"href":"https:\/\/rsrmoto.ee\/en\/wp-json\/wp\/v2\/media\/1741"}],"wp:attachment":[{"href":"https:\/\/rsrmoto.ee\/en\/wp-json\/wp\/v2\/media?parent=1715"}],"wp:term":[{"taxonomy":"product_brand","embeddable":true,"href":"https:\/\/rsrmoto.ee\/en\/wp-json\/wp\/v2\/product_brand?post=1715"},{"taxonomy":"product_cat","embeddable":true,"href":"https:\/\/rsrmoto.ee\/en\/wp-json\/wp\/v2\/product_cat?post=1715"},{"taxonomy":"product_tag","embeddable":true,"href":"https:\/\/rsrmoto.ee\/en\/wp-json\/wp\/v2\/product_tag?post=1715"}],"curies":[{"name":"wp","href":"https:\/\/api.w.org\/{rel}","templated":true}]}}