{"id":1763,"date":"2024-05-08T15:32:55","date_gmt":"2024-05-08T12:32:55","guid":{"rendered":"https:\/\/www.rsrmoto.ee\/?post_type=product&#038;p=1763"},"modified":"2024-05-16T14:09:37","modified_gmt":"2024-05-16T11:09:37","slug":"waders-speedmaster-camoshadowblack","status":"publish","type":"product","link":"https:\/\/rsrmoto.ee\/en\/product\/waders-speedmaster-camoshadowblack\/","title":{"rendered":"Kahlamisp\u00fcksid &#8220;Speedmaster&#8221; Black"},"content":{"rendered":"<p>Need on FINNTRAILi valiku k\u00f5ige arenenumad kahlajad. Kahlajad on valmistatud vastupidavast viiekihilisest kangast, millel on HARD-TEX membraan, et taluda k\u00f5ige ekstreemsemaid keskkondi. Sisemiste eemaldatavate p\u00f5lvekaitsmetega tagavad need t\u00e4iendava kaitse l\u00f6\u00f6kide ja vigastuste eest. Tugevalt kuluvad kohad, nagu s\u00e4\u00e4rte alumine osa, p\u00f5lved ja iste, on t\u00e4iendavalt tugevdatud. Kahlamisel on ruumikas rinnatasku niiskuskindla mudakindla t\u00f5mblukuga, mis hoiab vajalikke asju. Ergonoomiline p\u00f5lvel\u00f5ige ei piira liikuvust nii istudes kui k\u00f5ndides. Kahlajad on varustatud YKK-pandlaga elastse v\u00f6\u00f6ga v\u00f6\u00f6koha reguleerimiseks, D-r\u00f5ngaste, kuivatusaasade ja helkurelementidega, mis tagavad turvalisuse pimedal ajal. Elastsed traksid on reguleeritava k\u00f5rgusega. K\u00f5ik \u00f5mblused ja t\u00f5mblukud on kindlalt teibitud. Kaasas on veekindel nutitelefonikott ja kandekott.<\/p>","protected":false},"excerpt":{"rendered":"<p>\u2022 Vastupidav viiekihiline HARD-TEX\u00ae membraaniga kangas<br \/>\n\u2022 Mustust h\u00fclgav TEFLON\u00ae kate<br \/>\n\u2022 K\u00f5ik \u00f5mblused ja t\u00f5mblukud on kindlalt teibitud<br \/>\n\u2022 Tugevdatud sisemine s\u00e4\u00e4re, p\u00f5lve ja jalgevahe<br \/>\n\u2022 Kulumiskindel<br \/>\n\u2022 Ergonoomiline p\u00f5lvel\u00f5ige<br \/>\n\u2022 Sisseehitatud eemaldatavad kaitsvad p\u00f5lvekaitsmed<br \/>\n\u2022 Tugeva lukuga suur veekindel rinnatasku<br \/>\n\u2022 T\u00e4iendav lahtik\u00e4iv tasku niiskuskindla lukuga<br \/>\n\u2022 Elastsed traksid ja YKK pandlaga v\u00f6\u00f6<br \/>\n\u2022 Kuivatusaasad<br \/>\n\u2022 Sisseehitatud 4 mm neopreenist papud tugevdatud tallaga<br \/>\n\u2022 Helkurelemendid<br \/>\n\u2022 Kaasas veekindel nutitelefoni kott<\/p>","protected":false},"featured_media":1774,"template":"","meta":[],"product_brand":[],"product_cat":[107,15],"product_tag":[],"class_list":{"0":"post-1763","1":"product","2":"type-product","3":"status-publish","4":"has-post-thumbnail","6":"product_cat-kahlamispuksid","7":"product_cat-meestele","9":"first","10":"instock","11":"taxable","12":"shipping-taxable","13":"purchasable","14":"product-type-variable"},"ct_brands":[],"yoast_head":"<!-- This site is optimized with the Yoast SEO plugin v27.3 - https:\/\/yoast.com\/product\/yoast-seo-wordpress\/ -->\n<title>Kahlamisp\u00fcksid &quot;Speedmaster&quot; Black - RSR Moto<\/title>\n<meta name=\"robots\" content=\"index, follow, max-snippet:-1, max-image-preview:large, max-video-preview:-1\" \/>\n<link rel=\"canonical\" href=\"https:\/\/rsrmoto.ee\/en\/product\/waders-speedmaster-camoshadowblack\/\" \/>\n<meta property=\"og:locale\" content=\"en_GB\" \/>\n<meta property=\"og:type\" content=\"article\" \/>\n<meta property=\"og:title\" content=\"Kahlamisp\u00fcksid &quot;Speedmaster&quot; Black - RSR Moto\" \/>\n<meta property=\"og:description\" content=\"\u2022 Vastupidav viiekihiline HARD-TEX\u00ae membraaniga kangas \u2022 Mustust h\u00fclgav TEFLON\u00ae kate \u2022 K\u00f5ik \u00f5mblused ja t\u00f5mblukud on kindlalt teibitud \u2022 Tugevdatud sisemine s\u00e4\u00e4re, p\u00f5lve ja jalgevahe \u2022 Kulumiskindel \u2022 Ergonoomiline p\u00f5lvel\u00f5ige \u2022 Sisseehitatud eemaldatavad kaitsvad p\u00f5lvekaitsmed \u2022 Tugeva lukuga suur veekindel rinnatasku \u2022 T\u00e4iendav lahtik\u00e4iv tasku niiskuskindla lukuga \u2022 Elastsed traksid ja YKK pandlaga v\u00f6\u00f6 \u2022 Kuivatusaasad \u2022 Sisseehitatud 4 mm neopreenist papud tugevdatud tallaga \u2022 Helkurelemendid \u2022 Kaasas veekindel nutitelefoni kott\" \/>\n<meta property=\"og:url\" content=\"https:\/\/rsrmoto.ee\/en\/product\/waders-speedmaster-camoshadowblack\/\" \/>\n<meta property=\"og:site_name\" content=\"RSR Moto\" \/>\n<meta property=\"article:modified_time\" content=\"2024-05-16T11:09:37+00:00\" \/>\n<meta property=\"og:image\" content=\"https:\/\/rsrmoto.ee\/wp-content\/uploads\/2024\/05\/37qhr9si0xa1tinkoks2169c4g55cngk.webp\" \/>\n\t<meta property=\"og:image:width\" content=\"1000\" \/>\n\t<meta property=\"og:image:height\" content=\"1000\" \/>\n\t<meta property=\"og:image:type\" content=\"image\/webp\" \/>\n<meta name=\"twitter:card\" content=\"summary_large_image\" \/>\n<meta name=\"twitter:label1\" content=\"Estimated reading time\" \/>\n\t<meta name=\"twitter:data1\" content=\"1 minute\" \/>\n<script type=\"application\/ld+json\" class=\"yoast-schema-graph\">{\"@context\":\"https:\\\/\\\/schema.org\",\"@graph\":[{\"@type\":\"WebPage\",\"@id\":\"https:\\\/\\\/rsrmoto.ee\\\/toode\\\/waders-speedmaster-camoshadowblack\\\/\",\"url\":\"https:\\\/\\\/rsrmoto.ee\\\/toode\\\/waders-speedmaster-camoshadowblack\\\/\",\"name\":\"Kahlamisp\u00fcksid \\\"Speedmaster\\\" Black - RSR Moto\",\"isPartOf\":{\"@id\":\"https:\\\/\\\/rsrmoto.ee\\\/#website\"},\"primaryImageOfPage\":{\"@id\":\"https:\\\/\\\/rsrmoto.ee\\\/toode\\\/waders-speedmaster-camoshadowblack\\\/#primaryimage\"},\"image\":{\"@id\":\"https:\\\/\\\/rsrmoto.ee\\\/toode\\\/waders-speedmaster-camoshadowblack\\\/#primaryimage\"},\"thumbnailUrl\":\"https:\\\/\\\/rsrmoto.ee\\\/wp-content\\\/uploads\\\/2024\\\/05\\\/37qhr9si0xa1tinkoks2169c4g55cngk.webp\",\"datePublished\":\"2024-05-08T12:32:55+00:00\",\"dateModified\":\"2024-05-16T11:09:37+00:00\",\"breadcrumb\":{\"@id\":\"https:\\\/\\\/rsrmoto.ee\\\/toode\\\/waders-speedmaster-camoshadowblack\\\/#breadcrumb\"},\"inLanguage\":\"en-GB\",\"potentialAction\":[{\"@type\":\"ReadAction\",\"target\":[\"https:\\\/\\\/rsrmoto.ee\\\/toode\\\/waders-speedmaster-camoshadowblack\\\/\"]}]},{\"@type\":\"ImageObject\",\"inLanguage\":\"en-GB\",\"@id\":\"https:\\\/\\\/rsrmoto.ee\\\/toode\\\/waders-speedmaster-camoshadowblack\\\/#primaryimage\",\"url\":\"https:\\\/\\\/rsrmoto.ee\\\/wp-content\\\/uploads\\\/2024\\\/05\\\/37qhr9si0xa1tinkoks2169c4g55cngk.webp\",\"contentUrl\":\"https:\\\/\\\/rsrmoto.ee\\\/wp-content\\\/uploads\\\/2024\\\/05\\\/37qhr9si0xa1tinkoks2169c4g55cngk.webp\",\"width\":1000,\"height\":1000},{\"@type\":\"BreadcrumbList\",\"@id\":\"https:\\\/\\\/rsrmoto.ee\\\/toode\\\/waders-speedmaster-camoshadowblack\\\/#breadcrumb\",\"itemListElement\":[{\"@type\":\"ListItem\",\"position\":1,\"name\":\"Esileht\",\"item\":\"https:\\\/\\\/rsrmoto.ee\\\/\"},{\"@type\":\"ListItem\",\"position\":2,\"name\":\"Pood\",\"item\":\"https:\\\/\\\/rsrmoto.ee\\\/pood\\\/\"},{\"@type\":\"ListItem\",\"position\":3,\"name\":\"Kahlamisp\u00fcksid &#8220;Speedmaster&#8221; Black\"}]},{\"@type\":\"WebSite\",\"@id\":\"https:\\\/\\\/rsrmoto.ee\\\/#website\",\"url\":\"https:\\\/\\\/rsrmoto.ee\\\/\",\"name\":\"RSR Moto\",\"description\":\"Kvalitseetsed matka- ja kalastusriided\",\"publisher\":{\"@id\":\"https:\\\/\\\/rsrmoto.ee\\\/#organization\"},\"potentialAction\":[{\"@type\":\"SearchAction\",\"target\":{\"@type\":\"EntryPoint\",\"urlTemplate\":\"https:\\\/\\\/rsrmoto.ee\\\/?s={search_term_string}\"},\"query-input\":{\"@type\":\"PropertyValueSpecification\",\"valueRequired\":true,\"valueName\":\"search_term_string\"}}],\"inLanguage\":\"en-GB\"},{\"@type\":\"Organization\",\"@id\":\"https:\\\/\\\/rsrmoto.ee\\\/#organization\",\"name\":\"RSR Moto\",\"url\":\"https:\\\/\\\/rsrmoto.ee\\\/\",\"logo\":{\"@type\":\"ImageObject\",\"inLanguage\":\"en-GB\",\"@id\":\"https:\\\/\\\/rsrmoto.ee\\\/#\\\/schema\\\/logo\\\/image\\\/\",\"url\":\"https:\\\/\\\/www.rsrmoto.ee\\\/wp-content\\\/uploads\\\/2024\\\/05\\\/mountain-300x300-1.png\",\"contentUrl\":\"https:\\\/\\\/www.rsrmoto.ee\\\/wp-content\\\/uploads\\\/2024\\\/05\\\/mountain-300x300-1.png\",\"width\":300,\"height\":300,\"caption\":\"RSR Moto\"},\"image\":{\"@id\":\"https:\\\/\\\/rsrmoto.ee\\\/#\\\/schema\\\/logo\\\/image\\\/\"}}]}<\/script>\n<!-- \/ Yoast SEO plugin. -->","yoast_head_json":{"title":"Kahlamisp\u00fcksid \"Speedmaster\" Black - RSR Moto","robots":{"index":"index","follow":"follow","max-snippet":"max-snippet:-1","max-image-preview":"max-image-preview:large","max-video-preview":"max-video-preview:-1"},"canonical":"https:\/\/rsrmoto.ee\/en\/product\/waders-speedmaster-camoshadowblack\/","og_locale":"en_GB","og_type":"article","og_title":"Kahlamisp\u00fcksid \"Speedmaster\" Black - RSR Moto","og_description":"\u2022 Vastupidav viiekihiline HARD-TEX\u00ae membraaniga kangas \u2022 Mustust h\u00fclgav TEFLON\u00ae kate \u2022 K\u00f5ik \u00f5mblused ja t\u00f5mblukud on kindlalt teibitud \u2022 Tugevdatud sisemine s\u00e4\u00e4re, p\u00f5lve ja jalgevahe \u2022 Kulumiskindel \u2022 Ergonoomiline p\u00f5lvel\u00f5ige \u2022 Sisseehitatud eemaldatavad kaitsvad p\u00f5lvekaitsmed \u2022 Tugeva lukuga suur veekindel rinnatasku \u2022 T\u00e4iendav lahtik\u00e4iv tasku niiskuskindla lukuga \u2022 Elastsed traksid ja YKK pandlaga v\u00f6\u00f6 \u2022 Kuivatusaasad \u2022 Sisseehitatud 4 mm neopreenist papud tugevdatud tallaga \u2022 Helkurelemendid \u2022 Kaasas veekindel nutitelefoni kott","og_url":"https:\/\/rsrmoto.ee\/en\/product\/waders-speedmaster-camoshadowblack\/","og_site_name":"RSR Moto","article_modified_time":"2024-05-16T11:09:37+00:00","og_image":[{"width":1000,"height":1000,"url":"https:\/\/rsrmoto.ee\/wp-content\/uploads\/2024\/05\/37qhr9si0xa1tinkoks2169c4g55cngk.webp","type":"image\/webp"}],"twitter_card":"summary_large_image","twitter_misc":{"Estimated reading time":"1 minute"},"schema":{"@context":"https:\/\/schema.org","@graph":[{"@type":"WebPage","@id":"https:\/\/rsrmoto.ee\/toode\/waders-speedmaster-camoshadowblack\/","url":"https:\/\/rsrmoto.ee\/toode\/waders-speedmaster-camoshadowblack\/","name":"Kahlamisp\u00fcksid \"Speedmaster\" Black - RSR Moto","isPartOf":{"@id":"https:\/\/rsrmoto.ee\/#website"},"primaryImageOfPage":{"@id":"https:\/\/rsrmoto.ee\/toode\/waders-speedmaster-camoshadowblack\/#primaryimage"},"image":{"@id":"https:\/\/rsrmoto.ee\/toode\/waders-speedmaster-camoshadowblack\/#primaryimage"},"thumbnailUrl":"https:\/\/rsrmoto.ee\/wp-content\/uploads\/2024\/05\/37qhr9si0xa1tinkoks2169c4g55cngk.webp","datePublished":"2024-05-08T12:32:55+00:00","dateModified":"2024-05-16T11:09:37+00:00","breadcrumb":{"@id":"https:\/\/rsrmoto.ee\/toode\/waders-speedmaster-camoshadowblack\/#breadcrumb"},"inLanguage":"en-GB","potentialAction":[{"@type":"ReadAction","target":["https:\/\/rsrmoto.ee\/toode\/waders-speedmaster-camoshadowblack\/"]}]},{"@type":"ImageObject","inLanguage":"en-GB","@id":"https:\/\/rsrmoto.ee\/toode\/waders-speedmaster-camoshadowblack\/#primaryimage","url":"https:\/\/rsrmoto.ee\/wp-content\/uploads\/2024\/05\/37qhr9si0xa1tinkoks2169c4g55cngk.webp","contentUrl":"https:\/\/rsrmoto.ee\/wp-content\/uploads\/2024\/05\/37qhr9si0xa1tinkoks2169c4g55cngk.webp","width":1000,"height":1000},{"@type":"BreadcrumbList","@id":"https:\/\/rsrmoto.ee\/toode\/waders-speedmaster-camoshadowblack\/#breadcrumb","itemListElement":[{"@type":"ListItem","position":1,"name":"Esileht","item":"https:\/\/rsrmoto.ee\/"},{"@type":"ListItem","position":2,"name":"Pood","item":"https:\/\/rsrmoto.ee\/pood\/"},{"@type":"ListItem","position":3,"name":"Kahlamisp\u00fcksid &#8220;Speedmaster&#8221; Black"}]},{"@type":"WebSite","@id":"https:\/\/rsrmoto.ee\/#website","url":"https:\/\/rsrmoto.ee\/","name":"RSR Moto","description":"Kvalitseetsed matka- ja kalastusriided","publisher":{"@id":"https:\/\/rsrmoto.ee\/#organization"},"potentialAction":[{"@type":"SearchAction","target":{"@type":"EntryPoint","urlTemplate":"https:\/\/rsrmoto.ee\/?s={search_term_string}"},"query-input":{"@type":"PropertyValueSpecification","valueRequired":true,"valueName":"search_term_string"}}],"inLanguage":"en-GB"},{"@type":"Organization","@id":"https:\/\/rsrmoto.ee\/#organization","name":"RSR Moto","url":"https:\/\/rsrmoto.ee\/","logo":{"@type":"ImageObject","inLanguage":"en-GB","@id":"https:\/\/rsrmoto.ee\/#\/schema\/logo\/image\/","url":"https:\/\/www.rsrmoto.ee\/wp-content\/uploads\/2024\/05\/mountain-300x300-1.png","contentUrl":"https:\/\/www.rsrmoto.ee\/wp-content\/uploads\/2024\/05\/mountain-300x300-1.png","width":300,"height":300,"caption":"RSR Moto"},"image":{"@id":"https:\/\/rsrmoto.ee\/#\/schema\/logo\/image\/"}}]}},"_links":{"self":[{"href":"https:\/\/rsrmoto.ee\/en\/wp-json\/wp\/v2\/product\/1763","targetHints":{"allow":["GET"]}}],"collection":[{"href":"https:\/\/rsrmoto.ee\/en\/wp-json\/wp\/v2\/product"}],"about":[{"href":"https:\/\/rsrmoto.ee\/en\/wp-json\/wp\/v2\/types\/product"}],"wp:featuredmedia":[{"embeddable":true,"href":"https:\/\/rsrmoto.ee\/en\/wp-json\/wp\/v2\/media\/1774"}],"wp:attachment":[{"href":"https:\/\/rsrmoto.ee\/en\/wp-json\/wp\/v2\/media?parent=1763"}],"wp:term":[{"taxonomy":"product_brand","embeddable":true,"href":"https:\/\/rsrmoto.ee\/en\/wp-json\/wp\/v2\/product_brand?post=1763"},{"taxonomy":"product_cat","embeddable":true,"href":"https:\/\/rsrmoto.ee\/en\/wp-json\/wp\/v2\/product_cat?post=1763"},{"taxonomy":"product_tag","embeddable":true,"href":"https:\/\/rsrmoto.ee\/en\/wp-json\/wp\/v2\/product_tag?post=1763"}],"curies":[{"name":"wp","href":"https:\/\/api.w.org\/{rel}","templated":true}]}}