{"id":1797,"date":"2024-05-08T15:41:11","date_gmt":"2024-05-08T12:41:11","guid":{"rendered":"https:\/\/www.rsrmoto.ee\/?post_type=product&#038;p=1797"},"modified":"2024-05-16T14:07:24","modified_gmt":"2024-05-16T11:07:24","slug":"waders-athletic-camoshadowblack","status":"publish","type":"product","link":"https:\/\/rsrmoto.ee\/en\/product\/waders-athletic-camoshadowblack\/","title":{"rendered":"Kahlamisp\u00fcksid &#8220;Athletic&#8221; Must"},"content":{"rendered":"<p>Athletic Waders on valmistatud v\u00e4ga vastupidavast materjalist neile, kes otsivad kaitset \u00e4\u00e4rmuslikes tingimustes. Neljakihiline HARD-TEX membraaniga kangas pakub 100% kaitset vee ja tuule eest. See talub 24 tundi tugevat vihma v\u00f5i pikaajalist vees viibimist. Teflon\u00ae kate takistab niiskuse imendumist ja muda kleepumist kahlajate k\u00fclge.<\/p>","protected":false},"excerpt":{"rendered":"<p>3M helkurelemendid tagavad ohutuse \u00f6\u00f6sel. D-kujulised r\u00f5ngad v\u00f5imaldavad kinnitada vajalikke t\u00f6\u00f6riistu, sisemised aasad aga hoiavad kahlajaid kuivamise ajal kindlalt kinni. Iga komplekt sisaldab veekindlat nutitelefoni \u00fcmbrist ja kandekotti.<\/p>","protected":false},"featured_media":1799,"template":"","meta":[],"product_brand":[],"product_cat":[107,15],"product_tag":[],"class_list":{"0":"post-1797","1":"product","2":"type-product","3":"status-publish","4":"has-post-thumbnail","6":"product_cat-kahlamispuksid","7":"product_cat-meestele","9":"first","10":"instock","11":"taxable","12":"shipping-taxable","13":"purchasable","14":"product-type-variable"},"ct_brands":[],"yoast_head":"<!-- This site is optimized with the Yoast SEO plugin v27.3 - https:\/\/yoast.com\/product\/yoast-seo-wordpress\/ -->\n<title>Kahlamisp\u00fcksid &quot;Athletic&quot; Must - RSR Moto<\/title>\n<meta name=\"robots\" content=\"index, follow, max-snippet:-1, max-image-preview:large, max-video-preview:-1\" \/>\n<link rel=\"canonical\" href=\"https:\/\/rsrmoto.ee\/en\/product\/waders-athletic-camoshadowblack\/\" \/>\n<meta property=\"og:locale\" content=\"en_GB\" \/>\n<meta property=\"og:type\" content=\"article\" \/>\n<meta property=\"og:title\" content=\"Kahlamisp\u00fcksid &quot;Athletic&quot; Must - RSR Moto\" \/>\n<meta property=\"og:description\" content=\"3M helkurelemendid tagavad ohutuse \u00f6\u00f6sel. D-kujulised r\u00f5ngad v\u00f5imaldavad kinnitada vajalikke t\u00f6\u00f6riistu, sisemised aasad aga hoiavad kahlajaid kuivamise ajal kindlalt kinni. Iga komplekt sisaldab veekindlat nutitelefoni \u00fcmbrist ja kandekotti.\" \/>\n<meta property=\"og:url\" content=\"https:\/\/rsrmoto.ee\/en\/product\/waders-athletic-camoshadowblack\/\" \/>\n<meta property=\"og:site_name\" content=\"RSR Moto\" \/>\n<meta property=\"article:modified_time\" content=\"2024-05-16T11:07:24+00:00\" \/>\n<meta property=\"og:image\" content=\"https:\/\/rsrmoto.ee\/wp-content\/uploads\/2024\/05\/psk9ukx1shbbujhe2frxk4t05nq82fwo.webp\" \/>\n\t<meta property=\"og:image:width\" content=\"1000\" \/>\n\t<meta property=\"og:image:height\" content=\"1000\" \/>\n\t<meta property=\"og:image:type\" content=\"image\/webp\" \/>\n<meta name=\"twitter:card\" content=\"summary_large_image\" \/>\n<script type=\"application\/ld+json\" class=\"yoast-schema-graph\">{\"@context\":\"https:\\\/\\\/schema.org\",\"@graph\":[{\"@type\":\"WebPage\",\"@id\":\"https:\\\/\\\/rsrmoto.ee\\\/toode\\\/waders-athletic-camoshadowblack\\\/\",\"url\":\"https:\\\/\\\/rsrmoto.ee\\\/toode\\\/waders-athletic-camoshadowblack\\\/\",\"name\":\"Kahlamisp\u00fcksid \\\"Athletic\\\" Must - RSR Moto\",\"isPartOf\":{\"@id\":\"https:\\\/\\\/rsrmoto.ee\\\/#website\"},\"primaryImageOfPage\":{\"@id\":\"https:\\\/\\\/rsrmoto.ee\\\/toode\\\/waders-athletic-camoshadowblack\\\/#primaryimage\"},\"image\":{\"@id\":\"https:\\\/\\\/rsrmoto.ee\\\/toode\\\/waders-athletic-camoshadowblack\\\/#primaryimage\"},\"thumbnailUrl\":\"https:\\\/\\\/rsrmoto.ee\\\/wp-content\\\/uploads\\\/2024\\\/05\\\/psk9ukx1shbbujhe2frxk4t05nq82fwo.webp\",\"datePublished\":\"2024-05-08T12:41:11+00:00\",\"dateModified\":\"2024-05-16T11:07:24+00:00\",\"breadcrumb\":{\"@id\":\"https:\\\/\\\/rsrmoto.ee\\\/toode\\\/waders-athletic-camoshadowblack\\\/#breadcrumb\"},\"inLanguage\":\"en-GB\",\"potentialAction\":[{\"@type\":\"ReadAction\",\"target\":[\"https:\\\/\\\/rsrmoto.ee\\\/toode\\\/waders-athletic-camoshadowblack\\\/\"]}]},{\"@type\":\"ImageObject\",\"inLanguage\":\"en-GB\",\"@id\":\"https:\\\/\\\/rsrmoto.ee\\\/toode\\\/waders-athletic-camoshadowblack\\\/#primaryimage\",\"url\":\"https:\\\/\\\/rsrmoto.ee\\\/wp-content\\\/uploads\\\/2024\\\/05\\\/psk9ukx1shbbujhe2frxk4t05nq82fwo.webp\",\"contentUrl\":\"https:\\\/\\\/rsrmoto.ee\\\/wp-content\\\/uploads\\\/2024\\\/05\\\/psk9ukx1shbbujhe2frxk4t05nq82fwo.webp\",\"width\":1000,\"height\":1000},{\"@type\":\"BreadcrumbList\",\"@id\":\"https:\\\/\\\/rsrmoto.ee\\\/toode\\\/waders-athletic-camoshadowblack\\\/#breadcrumb\",\"itemListElement\":[{\"@type\":\"ListItem\",\"position\":1,\"name\":\"Esileht\",\"item\":\"https:\\\/\\\/rsrmoto.ee\\\/\"},{\"@type\":\"ListItem\",\"position\":2,\"name\":\"Pood\",\"item\":\"https:\\\/\\\/rsrmoto.ee\\\/pood\\\/\"},{\"@type\":\"ListItem\",\"position\":3,\"name\":\"Kahlamisp\u00fcksid &#8220;Athletic&#8221; Must\"}]},{\"@type\":\"WebSite\",\"@id\":\"https:\\\/\\\/rsrmoto.ee\\\/#website\",\"url\":\"https:\\\/\\\/rsrmoto.ee\\\/\",\"name\":\"RSR Moto\",\"description\":\"Kvalitseetsed matka- ja kalastusriided\",\"publisher\":{\"@id\":\"https:\\\/\\\/rsrmoto.ee\\\/#organization\"},\"potentialAction\":[{\"@type\":\"SearchAction\",\"target\":{\"@type\":\"EntryPoint\",\"urlTemplate\":\"https:\\\/\\\/rsrmoto.ee\\\/?s={search_term_string}\"},\"query-input\":{\"@type\":\"PropertyValueSpecification\",\"valueRequired\":true,\"valueName\":\"search_term_string\"}}],\"inLanguage\":\"en-GB\"},{\"@type\":\"Organization\",\"@id\":\"https:\\\/\\\/rsrmoto.ee\\\/#organization\",\"name\":\"RSR Moto\",\"url\":\"https:\\\/\\\/rsrmoto.ee\\\/\",\"logo\":{\"@type\":\"ImageObject\",\"inLanguage\":\"en-GB\",\"@id\":\"https:\\\/\\\/rsrmoto.ee\\\/#\\\/schema\\\/logo\\\/image\\\/\",\"url\":\"https:\\\/\\\/www.rsrmoto.ee\\\/wp-content\\\/uploads\\\/2024\\\/05\\\/mountain-300x300-1.png\",\"contentUrl\":\"https:\\\/\\\/www.rsrmoto.ee\\\/wp-content\\\/uploads\\\/2024\\\/05\\\/mountain-300x300-1.png\",\"width\":300,\"height\":300,\"caption\":\"RSR Moto\"},\"image\":{\"@id\":\"https:\\\/\\\/rsrmoto.ee\\\/#\\\/schema\\\/logo\\\/image\\\/\"}}]}<\/script>\n<!-- \/ Yoast SEO plugin. -->","yoast_head_json":{"title":"Kahlamisp\u00fcksid \"Athletic\" Must - RSR Moto","robots":{"index":"index","follow":"follow","max-snippet":"max-snippet:-1","max-image-preview":"max-image-preview:large","max-video-preview":"max-video-preview:-1"},"canonical":"https:\/\/rsrmoto.ee\/en\/product\/waders-athletic-camoshadowblack\/","og_locale":"en_GB","og_type":"article","og_title":"Kahlamisp\u00fcksid \"Athletic\" Must - RSR Moto","og_description":"3M helkurelemendid tagavad ohutuse \u00f6\u00f6sel. D-kujulised r\u00f5ngad v\u00f5imaldavad kinnitada vajalikke t\u00f6\u00f6riistu, sisemised aasad aga hoiavad kahlajaid kuivamise ajal kindlalt kinni. Iga komplekt sisaldab veekindlat nutitelefoni \u00fcmbrist ja kandekotti.","og_url":"https:\/\/rsrmoto.ee\/en\/product\/waders-athletic-camoshadowblack\/","og_site_name":"RSR Moto","article_modified_time":"2024-05-16T11:07:24+00:00","og_image":[{"width":1000,"height":1000,"url":"https:\/\/rsrmoto.ee\/wp-content\/uploads\/2024\/05\/psk9ukx1shbbujhe2frxk4t05nq82fwo.webp","type":"image\/webp"}],"twitter_card":"summary_large_image","schema":{"@context":"https:\/\/schema.org","@graph":[{"@type":"WebPage","@id":"https:\/\/rsrmoto.ee\/toode\/waders-athletic-camoshadowblack\/","url":"https:\/\/rsrmoto.ee\/toode\/waders-athletic-camoshadowblack\/","name":"Kahlamisp\u00fcksid \"Athletic\" Must - RSR Moto","isPartOf":{"@id":"https:\/\/rsrmoto.ee\/#website"},"primaryImageOfPage":{"@id":"https:\/\/rsrmoto.ee\/toode\/waders-athletic-camoshadowblack\/#primaryimage"},"image":{"@id":"https:\/\/rsrmoto.ee\/toode\/waders-athletic-camoshadowblack\/#primaryimage"},"thumbnailUrl":"https:\/\/rsrmoto.ee\/wp-content\/uploads\/2024\/05\/psk9ukx1shbbujhe2frxk4t05nq82fwo.webp","datePublished":"2024-05-08T12:41:11+00:00","dateModified":"2024-05-16T11:07:24+00:00","breadcrumb":{"@id":"https:\/\/rsrmoto.ee\/toode\/waders-athletic-camoshadowblack\/#breadcrumb"},"inLanguage":"en-GB","potentialAction":[{"@type":"ReadAction","target":["https:\/\/rsrmoto.ee\/toode\/waders-athletic-camoshadowblack\/"]}]},{"@type":"ImageObject","inLanguage":"en-GB","@id":"https:\/\/rsrmoto.ee\/toode\/waders-athletic-camoshadowblack\/#primaryimage","url":"https:\/\/rsrmoto.ee\/wp-content\/uploads\/2024\/05\/psk9ukx1shbbujhe2frxk4t05nq82fwo.webp","contentUrl":"https:\/\/rsrmoto.ee\/wp-content\/uploads\/2024\/05\/psk9ukx1shbbujhe2frxk4t05nq82fwo.webp","width":1000,"height":1000},{"@type":"BreadcrumbList","@id":"https:\/\/rsrmoto.ee\/toode\/waders-athletic-camoshadowblack\/#breadcrumb","itemListElement":[{"@type":"ListItem","position":1,"name":"Esileht","item":"https:\/\/rsrmoto.ee\/"},{"@type":"ListItem","position":2,"name":"Pood","item":"https:\/\/rsrmoto.ee\/pood\/"},{"@type":"ListItem","position":3,"name":"Kahlamisp\u00fcksid &#8220;Athletic&#8221; Must"}]},{"@type":"WebSite","@id":"https:\/\/rsrmoto.ee\/#website","url":"https:\/\/rsrmoto.ee\/","name":"RSR Moto","description":"Kvalitseetsed matka- ja kalastusriided","publisher":{"@id":"https:\/\/rsrmoto.ee\/#organization"},"potentialAction":[{"@type":"SearchAction","target":{"@type":"EntryPoint","urlTemplate":"https:\/\/rsrmoto.ee\/?s={search_term_string}"},"query-input":{"@type":"PropertyValueSpecification","valueRequired":true,"valueName":"search_term_string"}}],"inLanguage":"en-GB"},{"@type":"Organization","@id":"https:\/\/rsrmoto.ee\/#organization","name":"RSR Moto","url":"https:\/\/rsrmoto.ee\/","logo":{"@type":"ImageObject","inLanguage":"en-GB","@id":"https:\/\/rsrmoto.ee\/#\/schema\/logo\/image\/","url":"https:\/\/www.rsrmoto.ee\/wp-content\/uploads\/2024\/05\/mountain-300x300-1.png","contentUrl":"https:\/\/www.rsrmoto.ee\/wp-content\/uploads\/2024\/05\/mountain-300x300-1.png","width":300,"height":300,"caption":"RSR Moto"},"image":{"@id":"https:\/\/rsrmoto.ee\/#\/schema\/logo\/image\/"}}]}},"_links":{"self":[{"href":"https:\/\/rsrmoto.ee\/en\/wp-json\/wp\/v2\/product\/1797","targetHints":{"allow":["GET"]}}],"collection":[{"href":"https:\/\/rsrmoto.ee\/en\/wp-json\/wp\/v2\/product"}],"about":[{"href":"https:\/\/rsrmoto.ee\/en\/wp-json\/wp\/v2\/types\/product"}],"wp:featuredmedia":[{"embeddable":true,"href":"https:\/\/rsrmoto.ee\/en\/wp-json\/wp\/v2\/media\/1799"}],"wp:attachment":[{"href":"https:\/\/rsrmoto.ee\/en\/wp-json\/wp\/v2\/media?parent=1797"}],"wp:term":[{"taxonomy":"product_brand","embeddable":true,"href":"https:\/\/rsrmoto.ee\/en\/wp-json\/wp\/v2\/product_brand?post=1797"},{"taxonomy":"product_cat","embeddable":true,"href":"https:\/\/rsrmoto.ee\/en\/wp-json\/wp\/v2\/product_cat?post=1797"},{"taxonomy":"product_tag","embeddable":true,"href":"https:\/\/rsrmoto.ee\/en\/wp-json\/wp\/v2\/product_tag?post=1797"}],"curies":[{"name":"wp","href":"https:\/\/api.w.org\/{rel}","templated":true}]}}