{"id":1810,"date":"2024-05-08T15:46:29","date_gmt":"2024-05-08T12:46:29","guid":{"rendered":"https:\/\/www.rsrmoto.ee\/?post_type=product&#038;p=1810"},"modified":"2024-05-16T14:09:08","modified_gmt":"2024-05-16T11:09:08","slug":"waders-proguide-khaki","status":"publish","type":"product","link":"https:\/\/rsrmoto.ee\/en\/product\/waders-proguide-khaki\/","title":{"rendered":"Kahlamisp\u00fcksid &#8220;Proguide&#8221; Roheline"},"content":{"rendered":"<p>Proguide Waders on PRO kalap\u00fc\u00fcgi kahlajad. Cordura tugevdus tagab suurep\u00e4rase vastupidavuse ja kulumiskindluse, tagades nende kahlajate pikema eluea. Cordura materjali kasutatakse p\u00f5lve-, s\u00e4\u00e4re- ja istmepiirkondades.<\/p>\n<p>HARD-TEX membraaniga viiekihiline kangas tagab 100% kaitse vee ja tuule eest. Vastupidav kangas s\u00e4ilitab maksimaalse mugavuse isegi 24-tunnise tugeva vihmasaju ajal. Mustust h\u00fclgav Teflon\u00ae kate kaitseb kleepuva muda eest; muda ei j\u00e4ta j\u00e4lgi ega triipe.<\/p>\n<p>Mahukad rinna- ja sisetaskud YKK lukuga kaitsevad v\u00e4\u00e4rtuslikke asju niiskuse eest. 3M helkurelemendid tagavad ohutuse pimedal ajal. D-kujulised r\u00f5ngad v\u00f5imaldavad kinnitada vajalikke t\u00f6\u00f6riistu, sisemised aasad aga hoiavad kahlajaid kuivamise ajal kindlalt kinni. Iga komplekt sisaldab veekindlat nutitelefoni \u00fcmbrist ja kandekotti.<\/p>","protected":false},"excerpt":{"rendered":"<p>Proguide kahlajate liigendatud l\u00f5ige tagab piiramatu liikumise. Kahjuritega on kaasas elastne v\u00f6\u00f6koht ja traksid, mis muudavad need kergesti kohandatavaks igale kehat\u00fc\u00fcbile. Mudeli funktsionaalne disain \u00fchendab endas l\u00e4bim\u00f5eldud detailid ja originaalsed v\u00e4rvilahendused. P\u00fckste alumine osa istub tihedalt s\u00e4\u00e4rega ja ei t\u00f5use, t\u00e4nu kummipaelale ja konksule saapa k\u00fclge kinnitamiseks. Sellel mudelil on spetsiaalne mikrofliisist voodriga k\u00e4tesoojendustasku. Taskus on ka tehnoloogiline ava vee \u00e4rajuhtimiseks.<\/p>","protected":false},"featured_media":1819,"template":"","meta":[],"product_brand":[],"product_cat":[107,15],"product_tag":[],"class_list":{"0":"post-1810","1":"product","2":"type-product","3":"status-publish","4":"has-post-thumbnail","6":"product_cat-kahlamispuksid","7":"product_cat-meestele","9":"first","10":"instock","11":"taxable","12":"shipping-taxable","13":"purchasable","14":"product-type-variable"},"ct_brands":[],"yoast_head":"<!-- This site is optimized with the Yoast SEO plugin v27.3 - https:\/\/yoast.com\/product\/yoast-seo-wordpress\/ -->\n<title>Kahlamisp\u00fcksid &quot;Proguide&quot; Roheline - RSR Moto<\/title>\n<meta name=\"robots\" content=\"index, follow, max-snippet:-1, max-image-preview:large, max-video-preview:-1\" \/>\n<link rel=\"canonical\" href=\"https:\/\/rsrmoto.ee\/en\/product\/waders-proguide-khaki\/\" \/>\n<meta property=\"og:locale\" content=\"en_GB\" \/>\n<meta property=\"og:type\" content=\"article\" \/>\n<meta property=\"og:title\" content=\"Kahlamisp\u00fcksid &quot;Proguide&quot; Roheline - RSR Moto\" \/>\n<meta property=\"og:description\" content=\"Proguide kahlajate liigendatud l\u00f5ige tagab piiramatu liikumise. Kahjuritega on kaasas elastne v\u00f6\u00f6koht ja traksid, mis muudavad need kergesti kohandatavaks igale kehat\u00fc\u00fcbile. Mudeli funktsionaalne disain \u00fchendab endas l\u00e4bim\u00f5eldud detailid ja originaalsed v\u00e4rvilahendused. P\u00fckste alumine osa istub tihedalt s\u00e4\u00e4rega ja ei t\u00f5use, t\u00e4nu kummipaelale ja konksule saapa k\u00fclge kinnitamiseks. Sellel mudelil on spetsiaalne mikrofliisist voodriga k\u00e4tesoojendustasku. Taskus on ka tehnoloogiline ava vee \u00e4rajuhtimiseks.\" \/>\n<meta property=\"og:url\" content=\"https:\/\/rsrmoto.ee\/en\/product\/waders-proguide-khaki\/\" \/>\n<meta property=\"og:site_name\" content=\"RSR Moto\" \/>\n<meta property=\"article:modified_time\" content=\"2024-05-16T11:09:08+00:00\" \/>\n<meta property=\"og:image\" content=\"https:\/\/rsrmoto.ee\/wp-content\/uploads\/2024\/05\/au7sogcio733x0gdoisqnscad2eu9u0l.webp\" \/>\n\t<meta property=\"og:image:width\" content=\"1000\" \/>\n\t<meta property=\"og:image:height\" content=\"1000\" \/>\n\t<meta property=\"og:image:type\" content=\"image\/webp\" \/>\n<meta name=\"twitter:card\" content=\"summary_large_image\" \/>\n<meta name=\"twitter:label1\" content=\"Estimated reading time\" \/>\n\t<meta name=\"twitter:data1\" content=\"1 minute\" \/>\n<script type=\"application\/ld+json\" class=\"yoast-schema-graph\">{\"@context\":\"https:\\\/\\\/schema.org\",\"@graph\":[{\"@type\":\"WebPage\",\"@id\":\"https:\\\/\\\/rsrmoto.ee\\\/toode\\\/waders-proguide-khaki\\\/\",\"url\":\"https:\\\/\\\/rsrmoto.ee\\\/toode\\\/waders-proguide-khaki\\\/\",\"name\":\"Kahlamisp\u00fcksid \\\"Proguide\\\" Roheline - RSR Moto\",\"isPartOf\":{\"@id\":\"https:\\\/\\\/rsrmoto.ee\\\/#website\"},\"primaryImageOfPage\":{\"@id\":\"https:\\\/\\\/rsrmoto.ee\\\/toode\\\/waders-proguide-khaki\\\/#primaryimage\"},\"image\":{\"@id\":\"https:\\\/\\\/rsrmoto.ee\\\/toode\\\/waders-proguide-khaki\\\/#primaryimage\"},\"thumbnailUrl\":\"https:\\\/\\\/rsrmoto.ee\\\/wp-content\\\/uploads\\\/2024\\\/05\\\/au7sogcio733x0gdoisqnscad2eu9u0l.webp\",\"datePublished\":\"2024-05-08T12:46:29+00:00\",\"dateModified\":\"2024-05-16T11:09:08+00:00\",\"breadcrumb\":{\"@id\":\"https:\\\/\\\/rsrmoto.ee\\\/toode\\\/waders-proguide-khaki\\\/#breadcrumb\"},\"inLanguage\":\"en-GB\",\"potentialAction\":[{\"@type\":\"ReadAction\",\"target\":[\"https:\\\/\\\/rsrmoto.ee\\\/toode\\\/waders-proguide-khaki\\\/\"]}]},{\"@type\":\"ImageObject\",\"inLanguage\":\"en-GB\",\"@id\":\"https:\\\/\\\/rsrmoto.ee\\\/toode\\\/waders-proguide-khaki\\\/#primaryimage\",\"url\":\"https:\\\/\\\/rsrmoto.ee\\\/wp-content\\\/uploads\\\/2024\\\/05\\\/au7sogcio733x0gdoisqnscad2eu9u0l.webp\",\"contentUrl\":\"https:\\\/\\\/rsrmoto.ee\\\/wp-content\\\/uploads\\\/2024\\\/05\\\/au7sogcio733x0gdoisqnscad2eu9u0l.webp\",\"width\":1000,\"height\":1000},{\"@type\":\"BreadcrumbList\",\"@id\":\"https:\\\/\\\/rsrmoto.ee\\\/toode\\\/waders-proguide-khaki\\\/#breadcrumb\",\"itemListElement\":[{\"@type\":\"ListItem\",\"position\":1,\"name\":\"Esileht\",\"item\":\"https:\\\/\\\/rsrmoto.ee\\\/\"},{\"@type\":\"ListItem\",\"position\":2,\"name\":\"Pood\",\"item\":\"https:\\\/\\\/rsrmoto.ee\\\/pood\\\/\"},{\"@type\":\"ListItem\",\"position\":3,\"name\":\"Kahlamisp\u00fcksid &#8220;Proguide&#8221; Roheline\"}]},{\"@type\":\"WebSite\",\"@id\":\"https:\\\/\\\/rsrmoto.ee\\\/#website\",\"url\":\"https:\\\/\\\/rsrmoto.ee\\\/\",\"name\":\"RSR Moto\",\"description\":\"Kvalitseetsed matka- ja kalastusriided\",\"publisher\":{\"@id\":\"https:\\\/\\\/rsrmoto.ee\\\/#organization\"},\"potentialAction\":[{\"@type\":\"SearchAction\",\"target\":{\"@type\":\"EntryPoint\",\"urlTemplate\":\"https:\\\/\\\/rsrmoto.ee\\\/?s={search_term_string}\"},\"query-input\":{\"@type\":\"PropertyValueSpecification\",\"valueRequired\":true,\"valueName\":\"search_term_string\"}}],\"inLanguage\":\"en-GB\"},{\"@type\":\"Organization\",\"@id\":\"https:\\\/\\\/rsrmoto.ee\\\/#organization\",\"name\":\"RSR Moto\",\"url\":\"https:\\\/\\\/rsrmoto.ee\\\/\",\"logo\":{\"@type\":\"ImageObject\",\"inLanguage\":\"en-GB\",\"@id\":\"https:\\\/\\\/rsrmoto.ee\\\/#\\\/schema\\\/logo\\\/image\\\/\",\"url\":\"https:\\\/\\\/www.rsrmoto.ee\\\/wp-content\\\/uploads\\\/2024\\\/05\\\/mountain-300x300-1.png\",\"contentUrl\":\"https:\\\/\\\/www.rsrmoto.ee\\\/wp-content\\\/uploads\\\/2024\\\/05\\\/mountain-300x300-1.png\",\"width\":300,\"height\":300,\"caption\":\"RSR Moto\"},\"image\":{\"@id\":\"https:\\\/\\\/rsrmoto.ee\\\/#\\\/schema\\\/logo\\\/image\\\/\"}}]}<\/script>\n<!-- \/ Yoast SEO plugin. -->","yoast_head_json":{"title":"Kahlamisp\u00fcksid \"Proguide\" Roheline - RSR Moto","robots":{"index":"index","follow":"follow","max-snippet":"max-snippet:-1","max-image-preview":"max-image-preview:large","max-video-preview":"max-video-preview:-1"},"canonical":"https:\/\/rsrmoto.ee\/en\/product\/waders-proguide-khaki\/","og_locale":"en_GB","og_type":"article","og_title":"Kahlamisp\u00fcksid \"Proguide\" Roheline - RSR Moto","og_description":"Proguide kahlajate liigendatud l\u00f5ige tagab piiramatu liikumise. Kahjuritega on kaasas elastne v\u00f6\u00f6koht ja traksid, mis muudavad need kergesti kohandatavaks igale kehat\u00fc\u00fcbile. Mudeli funktsionaalne disain \u00fchendab endas l\u00e4bim\u00f5eldud detailid ja originaalsed v\u00e4rvilahendused. P\u00fckste alumine osa istub tihedalt s\u00e4\u00e4rega ja ei t\u00f5use, t\u00e4nu kummipaelale ja konksule saapa k\u00fclge kinnitamiseks. Sellel mudelil on spetsiaalne mikrofliisist voodriga k\u00e4tesoojendustasku. Taskus on ka tehnoloogiline ava vee \u00e4rajuhtimiseks.","og_url":"https:\/\/rsrmoto.ee\/en\/product\/waders-proguide-khaki\/","og_site_name":"RSR Moto","article_modified_time":"2024-05-16T11:09:08+00:00","og_image":[{"width":1000,"height":1000,"url":"https:\/\/rsrmoto.ee\/wp-content\/uploads\/2024\/05\/au7sogcio733x0gdoisqnscad2eu9u0l.webp","type":"image\/webp"}],"twitter_card":"summary_large_image","twitter_misc":{"Estimated reading time":"1 minute"},"schema":{"@context":"https:\/\/schema.org","@graph":[{"@type":"WebPage","@id":"https:\/\/rsrmoto.ee\/toode\/waders-proguide-khaki\/","url":"https:\/\/rsrmoto.ee\/toode\/waders-proguide-khaki\/","name":"Kahlamisp\u00fcksid \"Proguide\" Roheline - RSR Moto","isPartOf":{"@id":"https:\/\/rsrmoto.ee\/#website"},"primaryImageOfPage":{"@id":"https:\/\/rsrmoto.ee\/toode\/waders-proguide-khaki\/#primaryimage"},"image":{"@id":"https:\/\/rsrmoto.ee\/toode\/waders-proguide-khaki\/#primaryimage"},"thumbnailUrl":"https:\/\/rsrmoto.ee\/wp-content\/uploads\/2024\/05\/au7sogcio733x0gdoisqnscad2eu9u0l.webp","datePublished":"2024-05-08T12:46:29+00:00","dateModified":"2024-05-16T11:09:08+00:00","breadcrumb":{"@id":"https:\/\/rsrmoto.ee\/toode\/waders-proguide-khaki\/#breadcrumb"},"inLanguage":"en-GB","potentialAction":[{"@type":"ReadAction","target":["https:\/\/rsrmoto.ee\/toode\/waders-proguide-khaki\/"]}]},{"@type":"ImageObject","inLanguage":"en-GB","@id":"https:\/\/rsrmoto.ee\/toode\/waders-proguide-khaki\/#primaryimage","url":"https:\/\/rsrmoto.ee\/wp-content\/uploads\/2024\/05\/au7sogcio733x0gdoisqnscad2eu9u0l.webp","contentUrl":"https:\/\/rsrmoto.ee\/wp-content\/uploads\/2024\/05\/au7sogcio733x0gdoisqnscad2eu9u0l.webp","width":1000,"height":1000},{"@type":"BreadcrumbList","@id":"https:\/\/rsrmoto.ee\/toode\/waders-proguide-khaki\/#breadcrumb","itemListElement":[{"@type":"ListItem","position":1,"name":"Esileht","item":"https:\/\/rsrmoto.ee\/"},{"@type":"ListItem","position":2,"name":"Pood","item":"https:\/\/rsrmoto.ee\/pood\/"},{"@type":"ListItem","position":3,"name":"Kahlamisp\u00fcksid &#8220;Proguide&#8221; Roheline"}]},{"@type":"WebSite","@id":"https:\/\/rsrmoto.ee\/#website","url":"https:\/\/rsrmoto.ee\/","name":"RSR Moto","description":"Kvalitseetsed matka- ja kalastusriided","publisher":{"@id":"https:\/\/rsrmoto.ee\/#organization"},"potentialAction":[{"@type":"SearchAction","target":{"@type":"EntryPoint","urlTemplate":"https:\/\/rsrmoto.ee\/?s={search_term_string}"},"query-input":{"@type":"PropertyValueSpecification","valueRequired":true,"valueName":"search_term_string"}}],"inLanguage":"en-GB"},{"@type":"Organization","@id":"https:\/\/rsrmoto.ee\/#organization","name":"RSR Moto","url":"https:\/\/rsrmoto.ee\/","logo":{"@type":"ImageObject","inLanguage":"en-GB","@id":"https:\/\/rsrmoto.ee\/#\/schema\/logo\/image\/","url":"https:\/\/www.rsrmoto.ee\/wp-content\/uploads\/2024\/05\/mountain-300x300-1.png","contentUrl":"https:\/\/www.rsrmoto.ee\/wp-content\/uploads\/2024\/05\/mountain-300x300-1.png","width":300,"height":300,"caption":"RSR Moto"},"image":{"@id":"https:\/\/rsrmoto.ee\/#\/schema\/logo\/image\/"}}]}},"_links":{"self":[{"href":"https:\/\/rsrmoto.ee\/en\/wp-json\/wp\/v2\/product\/1810","targetHints":{"allow":["GET"]}}],"collection":[{"href":"https:\/\/rsrmoto.ee\/en\/wp-json\/wp\/v2\/product"}],"about":[{"href":"https:\/\/rsrmoto.ee\/en\/wp-json\/wp\/v2\/types\/product"}],"wp:featuredmedia":[{"embeddable":true,"href":"https:\/\/rsrmoto.ee\/en\/wp-json\/wp\/v2\/media\/1819"}],"wp:attachment":[{"href":"https:\/\/rsrmoto.ee\/en\/wp-json\/wp\/v2\/media?parent=1810"}],"wp:term":[{"taxonomy":"product_brand","embeddable":true,"href":"https:\/\/rsrmoto.ee\/en\/wp-json\/wp\/v2\/product_brand?post=1810"},{"taxonomy":"product_cat","embeddable":true,"href":"https:\/\/rsrmoto.ee\/en\/wp-json\/wp\/v2\/product_cat?post=1810"},{"taxonomy":"product_tag","embeddable":true,"href":"https:\/\/rsrmoto.ee\/en\/wp-json\/wp\/v2\/product_tag?post=1810"}],"curies":[{"name":"wp","href":"https:\/\/api.w.org\/{rel}","templated":true}]}}