{"id":1833,"date":"2024-05-08T15:48:07","date_gmt":"2024-05-08T12:48:07","guid":{"rendered":"https:\/\/www.rsrmoto.ee\/?post_type=product&#038;p=1833"},"modified":"2024-05-16T14:07:12","modified_gmt":"2024-05-16T11:07:12","slug":"waders-aquamaster-red","status":"publish","type":"product","link":"https:\/\/rsrmoto.ee\/en\/product\/waders-aquamaster-red\/","title":{"rendered":"Kahlamisp\u00fcksid &#8220;Aquamaster&#8221; Punane"},"content":{"rendered":"<p>Aquamasteri kahlajad on loodud teie \u00f5uem\u00e4ngu t\u00f5stmiseks oma ainulaadse l\u00f5ike, erakordse mugavuse ja kasutajas\u00f5bralike funktsioonidega.<\/p>\n<p>Tugevast viiekihilisest membraankangast valmistatud kahlajad peavad vastu rasketes tingimustes. Nende vastupidavuse veelgi suurendamiseks oleme tugevdanud p\u00f5lve- ja jalgevahepiirkondi \u2013 piirkondi, mis on altid suurenenud stressile ja pingele. See tugevdus lisab t\u00e4iendava kaitsekihi, tagades pikaajalise j\u00f5udluse teie seikluste ajal.<\/p>\n<p>S\u00e4\u00e4rte siseosa, mis on eriti vastuv\u00f5tlik pidevale h\u00f5\u00f5rdumisele, on konstrueeritud ilma \u00f5mblusteta. See uuenduslik disain hoiab \u00e4ra membraani kulumise, pikendades oluliselt kahlajate eluiga.<\/p>\n<p>Aquamasteri kahlajad on t\u00e4is ka \u00f5ues\u00f5bralikke funktsioone. Avar t\u00f5mblukuga rinnatasku, mis on varustatud kaitsva klapiga, pakub piisavalt ruumi oluliste asjade hoidmiseks, hoides samal ajal vett ja muda eemal. Elastsed traksid ja v\u00f6\u00f6, millel on vastupidavad YKK-pandlad, tagavad kindla ja reguleeritava istuvuse, tagades optimaalse mugavuse kogu reisi v\u00e4ltel.<\/p>\n<p>Kaasas veekindel kott ja kandekott.<\/p>\n<p>&nbsp;<\/p>","protected":false},"excerpt":{"rendered":"<p>Viiekihiline HARD-TEX\u00ae membraaniga kangas<br \/>\nK\u00f5ik \u00f5mblused ja t\u00f5mblukud on kindlalt teibitud<br \/>\nTugevdatud sisemine s\u00e4\u00e4re, p\u00f5lve ja jalgevahe<br \/>\nT\u00e4iustatud l\u00f5ige ilma reie sise\u00f5mbluseta<br \/>\nMustust h\u00fclgav Teflon\u2122 kate<br \/>\nElastsed traksid ja YKK pandlaga v\u00f6\u00f6<br \/>\nUus suur veekindel tugeva lukuga rinnatasku<br \/>\nVeekindla lukuga lahtik\u00e4iv sisetasku<br \/>\nKuivatussilmused<br \/>\nErgonoomiline p\u00f5lvel\u00f5ige<br \/>\nSisseehitatud mugavad 0,16 tolli (4 mm) neopreenist papud tugevdatud tallaga<br \/>\n3M helkurelemendid<br \/>\nKaasas veekindel nutitelefoni kott<\/p>","protected":false},"featured_media":1858,"template":"","meta":[],"product_brand":[],"product_cat":[107,15],"product_tag":[],"class_list":{"0":"post-1833","1":"product","2":"type-product","3":"status-publish","4":"has-post-thumbnail","6":"product_cat-kahlamispuksid","7":"product_cat-meestele","9":"first","10":"instock","11":"taxable","12":"shipping-taxable","13":"purchasable","14":"product-type-variable"},"ct_brands":[],"yoast_head":"<!-- This site is optimized with the Yoast SEO plugin v27.3 - https:\/\/yoast.com\/product\/yoast-seo-wordpress\/ -->\n<title>Kahlamisp\u00fcksid &quot;Aquamaster&quot; Punane - RSR Moto<\/title>\n<meta name=\"robots\" content=\"index, follow, max-snippet:-1, max-image-preview:large, max-video-preview:-1\" \/>\n<link rel=\"canonical\" href=\"https:\/\/rsrmoto.ee\/en\/product\/waders-aquamaster-red\/\" \/>\n<meta property=\"og:locale\" content=\"en_GB\" \/>\n<meta property=\"og:type\" content=\"article\" \/>\n<meta property=\"og:title\" content=\"Kahlamisp\u00fcksid &quot;Aquamaster&quot; Punane - RSR Moto\" \/>\n<meta property=\"og:description\" content=\"Viiekihiline HARD-TEX\u00ae membraaniga kangas K\u00f5ik \u00f5mblused ja t\u00f5mblukud on kindlalt teibitud Tugevdatud sisemine s\u00e4\u00e4re, p\u00f5lve ja jalgevahe T\u00e4iustatud l\u00f5ige ilma reie sise\u00f5mbluseta Mustust h\u00fclgav Teflon\u2122 kate Elastsed traksid ja YKK pandlaga v\u00f6\u00f6 Uus suur veekindel tugeva lukuga rinnatasku Veekindla lukuga lahtik\u00e4iv sisetasku Kuivatussilmused Ergonoomiline p\u00f5lvel\u00f5ige Sisseehitatud mugavad 0,16 tolli (4 mm) neopreenist papud tugevdatud tallaga 3M helkurelemendid Kaasas veekindel nutitelefoni kott\" \/>\n<meta property=\"og:url\" content=\"https:\/\/rsrmoto.ee\/en\/product\/waders-aquamaster-red\/\" \/>\n<meta property=\"og:site_name\" content=\"RSR Moto\" \/>\n<meta property=\"article:modified_time\" content=\"2024-05-16T11:07:12+00:00\" \/>\n<meta property=\"og:image\" content=\"https:\/\/rsrmoto.ee\/wp-content\/uploads\/2024\/05\/yohe7tj7vyleflusx6vyfvwac3m9xu5a.webp\" \/>\n\t<meta property=\"og:image:width\" content=\"1000\" \/>\n\t<meta property=\"og:image:height\" content=\"1000\" \/>\n\t<meta property=\"og:image:type\" content=\"image\/webp\" \/>\n<meta name=\"twitter:card\" content=\"summary_large_image\" \/>\n<meta name=\"twitter:label1\" content=\"Estimated reading time\" \/>\n\t<meta name=\"twitter:data1\" content=\"1 minute\" \/>\n<script type=\"application\/ld+json\" class=\"yoast-schema-graph\">{\"@context\":\"https:\\\/\\\/schema.org\",\"@graph\":[{\"@type\":\"WebPage\",\"@id\":\"https:\\\/\\\/rsrmoto.ee\\\/toode\\\/waders-aquamaster-red\\\/\",\"url\":\"https:\\\/\\\/rsrmoto.ee\\\/toode\\\/waders-aquamaster-red\\\/\",\"name\":\"Kahlamisp\u00fcksid \\\"Aquamaster\\\" Punane - RSR Moto\",\"isPartOf\":{\"@id\":\"https:\\\/\\\/rsrmoto.ee\\\/#website\"},\"primaryImageOfPage\":{\"@id\":\"https:\\\/\\\/rsrmoto.ee\\\/toode\\\/waders-aquamaster-red\\\/#primaryimage\"},\"image\":{\"@id\":\"https:\\\/\\\/rsrmoto.ee\\\/toode\\\/waders-aquamaster-red\\\/#primaryimage\"},\"thumbnailUrl\":\"https:\\\/\\\/rsrmoto.ee\\\/wp-content\\\/uploads\\\/2024\\\/05\\\/yohe7tj7vyleflusx6vyfvwac3m9xu5a.webp\",\"datePublished\":\"2024-05-08T12:48:07+00:00\",\"dateModified\":\"2024-05-16T11:07:12+00:00\",\"breadcrumb\":{\"@id\":\"https:\\\/\\\/rsrmoto.ee\\\/toode\\\/waders-aquamaster-red\\\/#breadcrumb\"},\"inLanguage\":\"en-GB\",\"potentialAction\":[{\"@type\":\"ReadAction\",\"target\":[\"https:\\\/\\\/rsrmoto.ee\\\/toode\\\/waders-aquamaster-red\\\/\"]}]},{\"@type\":\"ImageObject\",\"inLanguage\":\"en-GB\",\"@id\":\"https:\\\/\\\/rsrmoto.ee\\\/toode\\\/waders-aquamaster-red\\\/#primaryimage\",\"url\":\"https:\\\/\\\/rsrmoto.ee\\\/wp-content\\\/uploads\\\/2024\\\/05\\\/yohe7tj7vyleflusx6vyfvwac3m9xu5a.webp\",\"contentUrl\":\"https:\\\/\\\/rsrmoto.ee\\\/wp-content\\\/uploads\\\/2024\\\/05\\\/yohe7tj7vyleflusx6vyfvwac3m9xu5a.webp\",\"width\":1000,\"height\":1000},{\"@type\":\"BreadcrumbList\",\"@id\":\"https:\\\/\\\/rsrmoto.ee\\\/toode\\\/waders-aquamaster-red\\\/#breadcrumb\",\"itemListElement\":[{\"@type\":\"ListItem\",\"position\":1,\"name\":\"Esileht\",\"item\":\"https:\\\/\\\/rsrmoto.ee\\\/\"},{\"@type\":\"ListItem\",\"position\":2,\"name\":\"Pood\",\"item\":\"https:\\\/\\\/rsrmoto.ee\\\/pood\\\/\"},{\"@type\":\"ListItem\",\"position\":3,\"name\":\"Kahlamisp\u00fcksid &#8220;Aquamaster&#8221; Punane\"}]},{\"@type\":\"WebSite\",\"@id\":\"https:\\\/\\\/rsrmoto.ee\\\/#website\",\"url\":\"https:\\\/\\\/rsrmoto.ee\\\/\",\"name\":\"RSR Moto\",\"description\":\"Kvalitseetsed matka- ja kalastusriided\",\"publisher\":{\"@id\":\"https:\\\/\\\/rsrmoto.ee\\\/#organization\"},\"potentialAction\":[{\"@type\":\"SearchAction\",\"target\":{\"@type\":\"EntryPoint\",\"urlTemplate\":\"https:\\\/\\\/rsrmoto.ee\\\/?s={search_term_string}\"},\"query-input\":{\"@type\":\"PropertyValueSpecification\",\"valueRequired\":true,\"valueName\":\"search_term_string\"}}],\"inLanguage\":\"en-GB\"},{\"@type\":\"Organization\",\"@id\":\"https:\\\/\\\/rsrmoto.ee\\\/#organization\",\"name\":\"RSR Moto\",\"url\":\"https:\\\/\\\/rsrmoto.ee\\\/\",\"logo\":{\"@type\":\"ImageObject\",\"inLanguage\":\"en-GB\",\"@id\":\"https:\\\/\\\/rsrmoto.ee\\\/#\\\/schema\\\/logo\\\/image\\\/\",\"url\":\"https:\\\/\\\/www.rsrmoto.ee\\\/wp-content\\\/uploads\\\/2024\\\/05\\\/mountain-300x300-1.png\",\"contentUrl\":\"https:\\\/\\\/www.rsrmoto.ee\\\/wp-content\\\/uploads\\\/2024\\\/05\\\/mountain-300x300-1.png\",\"width\":300,\"height\":300,\"caption\":\"RSR Moto\"},\"image\":{\"@id\":\"https:\\\/\\\/rsrmoto.ee\\\/#\\\/schema\\\/logo\\\/image\\\/\"}}]}<\/script>\n<!-- \/ Yoast SEO plugin. -->","yoast_head_json":{"title":"Kahlamisp\u00fcksid \"Aquamaster\" Punane - RSR Moto","robots":{"index":"index","follow":"follow","max-snippet":"max-snippet:-1","max-image-preview":"max-image-preview:large","max-video-preview":"max-video-preview:-1"},"canonical":"https:\/\/rsrmoto.ee\/en\/product\/waders-aquamaster-red\/","og_locale":"en_GB","og_type":"article","og_title":"Kahlamisp\u00fcksid \"Aquamaster\" Punane - RSR Moto","og_description":"Viiekihiline HARD-TEX\u00ae membraaniga kangas K\u00f5ik \u00f5mblused ja t\u00f5mblukud on kindlalt teibitud Tugevdatud sisemine s\u00e4\u00e4re, p\u00f5lve ja jalgevahe T\u00e4iustatud l\u00f5ige ilma reie sise\u00f5mbluseta Mustust h\u00fclgav Teflon\u2122 kate Elastsed traksid ja YKK pandlaga v\u00f6\u00f6 Uus suur veekindel tugeva lukuga rinnatasku Veekindla lukuga lahtik\u00e4iv sisetasku Kuivatussilmused Ergonoomiline p\u00f5lvel\u00f5ige Sisseehitatud mugavad 0,16 tolli (4 mm) neopreenist papud tugevdatud tallaga 3M helkurelemendid Kaasas veekindel nutitelefoni kott","og_url":"https:\/\/rsrmoto.ee\/en\/product\/waders-aquamaster-red\/","og_site_name":"RSR Moto","article_modified_time":"2024-05-16T11:07:12+00:00","og_image":[{"width":1000,"height":1000,"url":"https:\/\/rsrmoto.ee\/wp-content\/uploads\/2024\/05\/yohe7tj7vyleflusx6vyfvwac3m9xu5a.webp","type":"image\/webp"}],"twitter_card":"summary_large_image","twitter_misc":{"Estimated reading time":"1 minute"},"schema":{"@context":"https:\/\/schema.org","@graph":[{"@type":"WebPage","@id":"https:\/\/rsrmoto.ee\/toode\/waders-aquamaster-red\/","url":"https:\/\/rsrmoto.ee\/toode\/waders-aquamaster-red\/","name":"Kahlamisp\u00fcksid \"Aquamaster\" Punane - RSR Moto","isPartOf":{"@id":"https:\/\/rsrmoto.ee\/#website"},"primaryImageOfPage":{"@id":"https:\/\/rsrmoto.ee\/toode\/waders-aquamaster-red\/#primaryimage"},"image":{"@id":"https:\/\/rsrmoto.ee\/toode\/waders-aquamaster-red\/#primaryimage"},"thumbnailUrl":"https:\/\/rsrmoto.ee\/wp-content\/uploads\/2024\/05\/yohe7tj7vyleflusx6vyfvwac3m9xu5a.webp","datePublished":"2024-05-08T12:48:07+00:00","dateModified":"2024-05-16T11:07:12+00:00","breadcrumb":{"@id":"https:\/\/rsrmoto.ee\/toode\/waders-aquamaster-red\/#breadcrumb"},"inLanguage":"en-GB","potentialAction":[{"@type":"ReadAction","target":["https:\/\/rsrmoto.ee\/toode\/waders-aquamaster-red\/"]}]},{"@type":"ImageObject","inLanguage":"en-GB","@id":"https:\/\/rsrmoto.ee\/toode\/waders-aquamaster-red\/#primaryimage","url":"https:\/\/rsrmoto.ee\/wp-content\/uploads\/2024\/05\/yohe7tj7vyleflusx6vyfvwac3m9xu5a.webp","contentUrl":"https:\/\/rsrmoto.ee\/wp-content\/uploads\/2024\/05\/yohe7tj7vyleflusx6vyfvwac3m9xu5a.webp","width":1000,"height":1000},{"@type":"BreadcrumbList","@id":"https:\/\/rsrmoto.ee\/toode\/waders-aquamaster-red\/#breadcrumb","itemListElement":[{"@type":"ListItem","position":1,"name":"Esileht","item":"https:\/\/rsrmoto.ee\/"},{"@type":"ListItem","position":2,"name":"Pood","item":"https:\/\/rsrmoto.ee\/pood\/"},{"@type":"ListItem","position":3,"name":"Kahlamisp\u00fcksid &#8220;Aquamaster&#8221; Punane"}]},{"@type":"WebSite","@id":"https:\/\/rsrmoto.ee\/#website","url":"https:\/\/rsrmoto.ee\/","name":"RSR Moto","description":"Kvalitseetsed matka- ja kalastusriided","publisher":{"@id":"https:\/\/rsrmoto.ee\/#organization"},"potentialAction":[{"@type":"SearchAction","target":{"@type":"EntryPoint","urlTemplate":"https:\/\/rsrmoto.ee\/?s={search_term_string}"},"query-input":{"@type":"PropertyValueSpecification","valueRequired":true,"valueName":"search_term_string"}}],"inLanguage":"en-GB"},{"@type":"Organization","@id":"https:\/\/rsrmoto.ee\/#organization","name":"RSR Moto","url":"https:\/\/rsrmoto.ee\/","logo":{"@type":"ImageObject","inLanguage":"en-GB","@id":"https:\/\/rsrmoto.ee\/#\/schema\/logo\/image\/","url":"https:\/\/www.rsrmoto.ee\/wp-content\/uploads\/2024\/05\/mountain-300x300-1.png","contentUrl":"https:\/\/www.rsrmoto.ee\/wp-content\/uploads\/2024\/05\/mountain-300x300-1.png","width":300,"height":300,"caption":"RSR Moto"},"image":{"@id":"https:\/\/rsrmoto.ee\/#\/schema\/logo\/image\/"}}]}},"_links":{"self":[{"href":"https:\/\/rsrmoto.ee\/en\/wp-json\/wp\/v2\/product\/1833","targetHints":{"allow":["GET"]}}],"collection":[{"href":"https:\/\/rsrmoto.ee\/en\/wp-json\/wp\/v2\/product"}],"about":[{"href":"https:\/\/rsrmoto.ee\/en\/wp-json\/wp\/v2\/types\/product"}],"wp:featuredmedia":[{"embeddable":true,"href":"https:\/\/rsrmoto.ee\/en\/wp-json\/wp\/v2\/media\/1858"}],"wp:attachment":[{"href":"https:\/\/rsrmoto.ee\/en\/wp-json\/wp\/v2\/media?parent=1833"}],"wp:term":[{"taxonomy":"product_brand","embeddable":true,"href":"https:\/\/rsrmoto.ee\/en\/wp-json\/wp\/v2\/product_brand?post=1833"},{"taxonomy":"product_cat","embeddable":true,"href":"https:\/\/rsrmoto.ee\/en\/wp-json\/wp\/v2\/product_cat?post=1833"},{"taxonomy":"product_tag","embeddable":true,"href":"https:\/\/rsrmoto.ee\/en\/wp-json\/wp\/v2\/product_tag?post=1833"}],"curies":[{"name":"wp","href":"https:\/\/api.w.org\/{rel}","templated":true}]}}