{"id":1859,"date":"2024-05-08T15:53:52","date_gmt":"2024-05-08T12:53:52","guid":{"rendered":"https:\/\/www.rsrmoto.ee\/?post_type=product&#038;p=1859"},"modified":"2024-05-16T14:07:01","modified_gmt":"2024-05-16T11:07:01","slug":"waders-aquamaster-blue","status":"publish","type":"product","link":"https:\/\/rsrmoto.ee\/en\/product\/waders-aquamaster-blue\/","title":{"rendered":"Kahlamisp\u00fcksid &#8220;Aquamaster&#8221; Sinine"},"content":{"rendered":"<p>T\u00e4iustatud Aquamasteri kahlajad on t\u00f5eline m\u00e4ngumuutus, mis t\u00f5stab teie \u00f5uekogemuse uutesse k\u00f5rgustesse. Funktsiooniderikka disainiga, sealhulgas tugevdus k\u00f5rge pingega piirkondades ja jala sisemise piirkonna \u00f5mblusteta konstruktsioon, k\u00f5rvaldavad kahlajad potentsiaalsed n\u00f5rgad kohad ja suurendavad \u00fcldist vastupidavust seal, kus see on k\u00f5ige olulisem.<\/p>\n<p>VEEKINDLUS 25 000 mm<br \/>\nHINGAV KANGAS 7 000 g\/m\u00b2\/24h<\/p>\n<p>&nbsp;<\/p>","protected":false},"excerpt":{"rendered":"<p>Viiekihiline HARD-TEX\u00ae membraaniga kangas<br \/>\nK\u00f5ik \u00f5mblused ja t\u00f5mblukud on kindlalt teibitud<br \/>\nTugevdatud sisemine s\u00e4\u00e4re, p\u00f5lve ja jalgevahe<br \/>\nT\u00e4iustatud l\u00f5ige ilma reie sise\u00f5mbluseta<br \/>\nMustust h\u00fclgav Teflon\u2122 kate<br \/>\nElastsed traksid ja YKK pandlaga v\u00f6\u00f6<br \/>\nUus suur veekindel tugeva lukuga rinnatasku<br \/>\nVeekindla lukuga lahtik\u00e4iv sisetasku<br \/>\nKuivatussilmused<br \/>\nReguleeritav pingutusn\u00f6\u00f6riga \u00fclaosa, et v\u00e4ltida vee sissep\u00e4\u00e4su kohandatud sobivusega<br \/>\nErgonoomiline p\u00f5lvel\u00f5ige<br \/>\nSisseehitatud mugavad 0,16 tolli (4 mm) neopreenist papud tugevdatud tallaga<br \/>\n3M helkurelemendid<\/p>","protected":false},"featured_media":1872,"template":"","meta":[],"product_brand":[],"product_cat":[107,15],"product_tag":[],"class_list":{"0":"post-1859","1":"product","2":"type-product","3":"status-publish","4":"has-post-thumbnail","6":"product_cat-kahlamispuksid","7":"product_cat-meestele","9":"first","10":"instock","11":"taxable","12":"shipping-taxable","13":"purchasable","14":"product-type-variable"},"ct_brands":[],"yoast_head":"<!-- This site is optimized with the Yoast SEO plugin v27.3 - https:\/\/yoast.com\/product\/yoast-seo-wordpress\/ -->\n<title>Kahlamisp\u00fcksid &quot;Aquamaster&quot; Sinine - RSR Moto<\/title>\n<meta name=\"robots\" content=\"index, follow, max-snippet:-1, max-image-preview:large, max-video-preview:-1\" \/>\n<link rel=\"canonical\" href=\"https:\/\/rsrmoto.ee\/en\/product\/waders-aquamaster-blue\/\" \/>\n<meta property=\"og:locale\" content=\"en_GB\" \/>\n<meta property=\"og:type\" content=\"article\" \/>\n<meta property=\"og:title\" content=\"Kahlamisp\u00fcksid &quot;Aquamaster&quot; Sinine - RSR Moto\" \/>\n<meta property=\"og:description\" content=\"Viiekihiline HARD-TEX\u00ae membraaniga kangas K\u00f5ik \u00f5mblused ja t\u00f5mblukud on kindlalt teibitud Tugevdatud sisemine s\u00e4\u00e4re, p\u00f5lve ja jalgevahe T\u00e4iustatud l\u00f5ige ilma reie sise\u00f5mbluseta Mustust h\u00fclgav Teflon\u2122 kate Elastsed traksid ja YKK pandlaga v\u00f6\u00f6 Uus suur veekindel tugeva lukuga rinnatasku Veekindla lukuga lahtik\u00e4iv sisetasku Kuivatussilmused Reguleeritav pingutusn\u00f6\u00f6riga \u00fclaosa, et v\u00e4ltida vee sissep\u00e4\u00e4su kohandatud sobivusega Ergonoomiline p\u00f5lvel\u00f5ige Sisseehitatud mugavad 0,16 tolli (4 mm) neopreenist papud tugevdatud tallaga 3M helkurelemendid\" \/>\n<meta property=\"og:url\" content=\"https:\/\/rsrmoto.ee\/en\/product\/waders-aquamaster-blue\/\" \/>\n<meta property=\"og:site_name\" content=\"RSR Moto\" \/>\n<meta property=\"article:modified_time\" content=\"2024-05-16T11:07:01+00:00\" \/>\n<meta property=\"og:image\" content=\"https:\/\/rsrmoto.ee\/wp-content\/uploads\/2024\/05\/e4zrlfu1jh2b8qao6krzjry8lkunu58h.jpg\" \/>\n\t<meta property=\"og:image:width\" content=\"1000\" \/>\n\t<meta property=\"og:image:height\" content=\"1000\" \/>\n\t<meta property=\"og:image:type\" content=\"image\/jpeg\" \/>\n<meta name=\"twitter:card\" content=\"summary_large_image\" \/>\n<script type=\"application\/ld+json\" class=\"yoast-schema-graph\">{\"@context\":\"https:\\\/\\\/schema.org\",\"@graph\":[{\"@type\":\"WebPage\",\"@id\":\"https:\\\/\\\/rsrmoto.ee\\\/toode\\\/waders-aquamaster-blue\\\/\",\"url\":\"https:\\\/\\\/rsrmoto.ee\\\/toode\\\/waders-aquamaster-blue\\\/\",\"name\":\"Kahlamisp\u00fcksid \\\"Aquamaster\\\" Sinine - RSR Moto\",\"isPartOf\":{\"@id\":\"https:\\\/\\\/rsrmoto.ee\\\/#website\"},\"primaryImageOfPage\":{\"@id\":\"https:\\\/\\\/rsrmoto.ee\\\/toode\\\/waders-aquamaster-blue\\\/#primaryimage\"},\"image\":{\"@id\":\"https:\\\/\\\/rsrmoto.ee\\\/toode\\\/waders-aquamaster-blue\\\/#primaryimage\"},\"thumbnailUrl\":\"https:\\\/\\\/rsrmoto.ee\\\/wp-content\\\/uploads\\\/2024\\\/05\\\/e4zrlfu1jh2b8qao6krzjry8lkunu58h.jpg\",\"datePublished\":\"2024-05-08T12:53:52+00:00\",\"dateModified\":\"2024-05-16T11:07:01+00:00\",\"breadcrumb\":{\"@id\":\"https:\\\/\\\/rsrmoto.ee\\\/toode\\\/waders-aquamaster-blue\\\/#breadcrumb\"},\"inLanguage\":\"en-GB\",\"potentialAction\":[{\"@type\":\"ReadAction\",\"target\":[\"https:\\\/\\\/rsrmoto.ee\\\/toode\\\/waders-aquamaster-blue\\\/\"]}]},{\"@type\":\"ImageObject\",\"inLanguage\":\"en-GB\",\"@id\":\"https:\\\/\\\/rsrmoto.ee\\\/toode\\\/waders-aquamaster-blue\\\/#primaryimage\",\"url\":\"https:\\\/\\\/rsrmoto.ee\\\/wp-content\\\/uploads\\\/2024\\\/05\\\/e4zrlfu1jh2b8qao6krzjry8lkunu58h.jpg\",\"contentUrl\":\"https:\\\/\\\/rsrmoto.ee\\\/wp-content\\\/uploads\\\/2024\\\/05\\\/e4zrlfu1jh2b8qao6krzjry8lkunu58h.jpg\",\"width\":1000,\"height\":1000},{\"@type\":\"BreadcrumbList\",\"@id\":\"https:\\\/\\\/rsrmoto.ee\\\/toode\\\/waders-aquamaster-blue\\\/#breadcrumb\",\"itemListElement\":[{\"@type\":\"ListItem\",\"position\":1,\"name\":\"Esileht\",\"item\":\"https:\\\/\\\/rsrmoto.ee\\\/\"},{\"@type\":\"ListItem\",\"position\":2,\"name\":\"Pood\",\"item\":\"https:\\\/\\\/rsrmoto.ee\\\/pood\\\/\"},{\"@type\":\"ListItem\",\"position\":3,\"name\":\"Kahlamisp\u00fcksid &#8220;Aquamaster&#8221; Sinine\"}]},{\"@type\":\"WebSite\",\"@id\":\"https:\\\/\\\/rsrmoto.ee\\\/#website\",\"url\":\"https:\\\/\\\/rsrmoto.ee\\\/\",\"name\":\"RSR Moto\",\"description\":\"Kvalitseetsed matka- ja kalastusriided\",\"publisher\":{\"@id\":\"https:\\\/\\\/rsrmoto.ee\\\/#organization\"},\"potentialAction\":[{\"@type\":\"SearchAction\",\"target\":{\"@type\":\"EntryPoint\",\"urlTemplate\":\"https:\\\/\\\/rsrmoto.ee\\\/?s={search_term_string}\"},\"query-input\":{\"@type\":\"PropertyValueSpecification\",\"valueRequired\":true,\"valueName\":\"search_term_string\"}}],\"inLanguage\":\"en-GB\"},{\"@type\":\"Organization\",\"@id\":\"https:\\\/\\\/rsrmoto.ee\\\/#organization\",\"name\":\"RSR Moto\",\"url\":\"https:\\\/\\\/rsrmoto.ee\\\/\",\"logo\":{\"@type\":\"ImageObject\",\"inLanguage\":\"en-GB\",\"@id\":\"https:\\\/\\\/rsrmoto.ee\\\/#\\\/schema\\\/logo\\\/image\\\/\",\"url\":\"https:\\\/\\\/www.rsrmoto.ee\\\/wp-content\\\/uploads\\\/2024\\\/05\\\/mountain-300x300-1.png\",\"contentUrl\":\"https:\\\/\\\/www.rsrmoto.ee\\\/wp-content\\\/uploads\\\/2024\\\/05\\\/mountain-300x300-1.png\",\"width\":300,\"height\":300,\"caption\":\"RSR Moto\"},\"image\":{\"@id\":\"https:\\\/\\\/rsrmoto.ee\\\/#\\\/schema\\\/logo\\\/image\\\/\"}}]}<\/script>\n<!-- \/ Yoast SEO plugin. -->","yoast_head_json":{"title":"Kahlamisp\u00fcksid \"Aquamaster\" Sinine - RSR Moto","robots":{"index":"index","follow":"follow","max-snippet":"max-snippet:-1","max-image-preview":"max-image-preview:large","max-video-preview":"max-video-preview:-1"},"canonical":"https:\/\/rsrmoto.ee\/en\/product\/waders-aquamaster-blue\/","og_locale":"en_GB","og_type":"article","og_title":"Kahlamisp\u00fcksid \"Aquamaster\" Sinine - RSR Moto","og_description":"Viiekihiline HARD-TEX\u00ae membraaniga kangas K\u00f5ik \u00f5mblused ja t\u00f5mblukud on kindlalt teibitud Tugevdatud sisemine s\u00e4\u00e4re, p\u00f5lve ja jalgevahe T\u00e4iustatud l\u00f5ige ilma reie sise\u00f5mbluseta Mustust h\u00fclgav Teflon\u2122 kate Elastsed traksid ja YKK pandlaga v\u00f6\u00f6 Uus suur veekindel tugeva lukuga rinnatasku Veekindla lukuga lahtik\u00e4iv sisetasku Kuivatussilmused Reguleeritav pingutusn\u00f6\u00f6riga \u00fclaosa, et v\u00e4ltida vee sissep\u00e4\u00e4su kohandatud sobivusega Ergonoomiline p\u00f5lvel\u00f5ige Sisseehitatud mugavad 0,16 tolli (4 mm) neopreenist papud tugevdatud tallaga 3M helkurelemendid","og_url":"https:\/\/rsrmoto.ee\/en\/product\/waders-aquamaster-blue\/","og_site_name":"RSR Moto","article_modified_time":"2024-05-16T11:07:01+00:00","og_image":[{"width":1000,"height":1000,"url":"https:\/\/rsrmoto.ee\/wp-content\/uploads\/2024\/05\/e4zrlfu1jh2b8qao6krzjry8lkunu58h.jpg","type":"image\/jpeg"}],"twitter_card":"summary_large_image","schema":{"@context":"https:\/\/schema.org","@graph":[{"@type":"WebPage","@id":"https:\/\/rsrmoto.ee\/toode\/waders-aquamaster-blue\/","url":"https:\/\/rsrmoto.ee\/toode\/waders-aquamaster-blue\/","name":"Kahlamisp\u00fcksid \"Aquamaster\" Sinine - RSR Moto","isPartOf":{"@id":"https:\/\/rsrmoto.ee\/#website"},"primaryImageOfPage":{"@id":"https:\/\/rsrmoto.ee\/toode\/waders-aquamaster-blue\/#primaryimage"},"image":{"@id":"https:\/\/rsrmoto.ee\/toode\/waders-aquamaster-blue\/#primaryimage"},"thumbnailUrl":"https:\/\/rsrmoto.ee\/wp-content\/uploads\/2024\/05\/e4zrlfu1jh2b8qao6krzjry8lkunu58h.jpg","datePublished":"2024-05-08T12:53:52+00:00","dateModified":"2024-05-16T11:07:01+00:00","breadcrumb":{"@id":"https:\/\/rsrmoto.ee\/toode\/waders-aquamaster-blue\/#breadcrumb"},"inLanguage":"en-GB","potentialAction":[{"@type":"ReadAction","target":["https:\/\/rsrmoto.ee\/toode\/waders-aquamaster-blue\/"]}]},{"@type":"ImageObject","inLanguage":"en-GB","@id":"https:\/\/rsrmoto.ee\/toode\/waders-aquamaster-blue\/#primaryimage","url":"https:\/\/rsrmoto.ee\/wp-content\/uploads\/2024\/05\/e4zrlfu1jh2b8qao6krzjry8lkunu58h.jpg","contentUrl":"https:\/\/rsrmoto.ee\/wp-content\/uploads\/2024\/05\/e4zrlfu1jh2b8qao6krzjry8lkunu58h.jpg","width":1000,"height":1000},{"@type":"BreadcrumbList","@id":"https:\/\/rsrmoto.ee\/toode\/waders-aquamaster-blue\/#breadcrumb","itemListElement":[{"@type":"ListItem","position":1,"name":"Esileht","item":"https:\/\/rsrmoto.ee\/"},{"@type":"ListItem","position":2,"name":"Pood","item":"https:\/\/rsrmoto.ee\/pood\/"},{"@type":"ListItem","position":3,"name":"Kahlamisp\u00fcksid &#8220;Aquamaster&#8221; Sinine"}]},{"@type":"WebSite","@id":"https:\/\/rsrmoto.ee\/#website","url":"https:\/\/rsrmoto.ee\/","name":"RSR Moto","description":"Kvalitseetsed matka- ja kalastusriided","publisher":{"@id":"https:\/\/rsrmoto.ee\/#organization"},"potentialAction":[{"@type":"SearchAction","target":{"@type":"EntryPoint","urlTemplate":"https:\/\/rsrmoto.ee\/?s={search_term_string}"},"query-input":{"@type":"PropertyValueSpecification","valueRequired":true,"valueName":"search_term_string"}}],"inLanguage":"en-GB"},{"@type":"Organization","@id":"https:\/\/rsrmoto.ee\/#organization","name":"RSR Moto","url":"https:\/\/rsrmoto.ee\/","logo":{"@type":"ImageObject","inLanguage":"en-GB","@id":"https:\/\/rsrmoto.ee\/#\/schema\/logo\/image\/","url":"https:\/\/www.rsrmoto.ee\/wp-content\/uploads\/2024\/05\/mountain-300x300-1.png","contentUrl":"https:\/\/www.rsrmoto.ee\/wp-content\/uploads\/2024\/05\/mountain-300x300-1.png","width":300,"height":300,"caption":"RSR Moto"},"image":{"@id":"https:\/\/rsrmoto.ee\/#\/schema\/logo\/image\/"}}]}},"_links":{"self":[{"href":"https:\/\/rsrmoto.ee\/en\/wp-json\/wp\/v2\/product\/1859","targetHints":{"allow":["GET"]}}],"collection":[{"href":"https:\/\/rsrmoto.ee\/en\/wp-json\/wp\/v2\/product"}],"about":[{"href":"https:\/\/rsrmoto.ee\/en\/wp-json\/wp\/v2\/types\/product"}],"wp:featuredmedia":[{"embeddable":true,"href":"https:\/\/rsrmoto.ee\/en\/wp-json\/wp\/v2\/media\/1872"}],"wp:attachment":[{"href":"https:\/\/rsrmoto.ee\/en\/wp-json\/wp\/v2\/media?parent=1859"}],"wp:term":[{"taxonomy":"product_brand","embeddable":true,"href":"https:\/\/rsrmoto.ee\/en\/wp-json\/wp\/v2\/product_brand?post=1859"},{"taxonomy":"product_cat","embeddable":true,"href":"https:\/\/rsrmoto.ee\/en\/wp-json\/wp\/v2\/product_cat?post=1859"},{"taxonomy":"product_tag","embeddable":true,"href":"https:\/\/rsrmoto.ee\/en\/wp-json\/wp\/v2\/product_tag?post=1859"}],"curies":[{"name":"wp","href":"https:\/\/api.w.org\/{rel}","templated":true}]}}