{"id":2013,"date":"2024-05-08T16:11:38","date_gmt":"2024-05-08T13:11:38","guid":{"rendered":"https:\/\/www.rsrmoto.ee\/?post_type=product&#038;p=2013"},"modified":"2024-05-16T14:10:28","modified_gmt":"2024-05-16T11:10:28","slug":"waders-timber-darkgrey","status":"publish","type":"product","link":"https:\/\/rsrmoto.ee\/en\/product\/waders-timber-darkgrey\/","title":{"rendered":"Kahlamisp\u00fcksid &#8220;Timber&#8221; Tumehall"},"content":{"rendered":"<p>Kerged ja funktsionaalsed kahlajad, mis on loodud spetsiaalselt kaluritele. Need kahlajad vastavad k\u00f5igile olulistele n\u00f5uetele, pakkudes 100% veekindlat kaitset. Neil on reguleeritav pingutuspael, mis tagab parema istuvuse, ja sisemine lukuga tasku mugavaks hoiustamiseks. Minimaalsete \u00f5mblustega kahlajad tagavad suurema vastupidavuse.<\/p>\n<p>VEEKINDLUS 17 000 mm<br \/>\nHINGAV KANGAS 7 000 g\/m\u00b2\/24h<\/p>\n<p>&nbsp;<\/p>","protected":false},"excerpt":{"rendered":"<p>Vastupidav neljakihiline HARD-TEX\u00ae membraaniga kangas<br \/>\nK\u00f5ik \u00f5mblused ja t\u00f5mblukud on kindlalt teibitud<br \/>\nMustust h\u00fclgav Teflon\u2122 kate<br \/>\nTugevate pandlaga elastsed traksid<br \/>\nSisemine lukuga tasku<br \/>\nKuivatussilmused<br \/>\nReguleeritav pingutusn\u00f6\u00f6riga \u00fclaosa, et v\u00e4ltida vee sissep\u00e4\u00e4su kohandatud sobivusega<br \/>\nSisseehitatud mugavad 0,16 tolli (4 mm) neopreenist papud tugevdatud tallaga<\/p>","protected":false},"featured_media":2033,"template":"","meta":[],"product_brand":[],"product_cat":[107,15],"product_tag":[],"class_list":{"0":"post-2013","1":"product","2":"type-product","3":"status-publish","4":"has-post-thumbnail","6":"product_cat-kahlamispuksid","7":"product_cat-meestele","9":"first","10":"instock","11":"taxable","12":"shipping-taxable","13":"purchasable","14":"product-type-variable"},"ct_brands":[],"yoast_head":"<!-- This site is optimized with the Yoast SEO plugin v27.3 - https:\/\/yoast.com\/product\/yoast-seo-wordpress\/ -->\n<title>Kahlamisp\u00fcksid &quot;Timber&quot; Tumehall - RSR Moto<\/title>\n<meta name=\"robots\" content=\"index, follow, max-snippet:-1, max-image-preview:large, max-video-preview:-1\" \/>\n<link rel=\"canonical\" href=\"https:\/\/rsrmoto.ee\/en\/toode\/waders-timber-darkgrey\/\" \/>\n<meta property=\"og:locale\" content=\"en_GB\" \/>\n<meta property=\"og:type\" content=\"article\" \/>\n<meta property=\"og:title\" content=\"Kahlamisp\u00fcksid &quot;Timber&quot; Tumehall - RSR Moto\" \/>\n<meta property=\"og:description\" content=\"Vastupidav neljakihiline HARD-TEX\u00ae membraaniga kangas K\u00f5ik \u00f5mblused ja t\u00f5mblukud on kindlalt teibitud Mustust h\u00fclgav Teflon\u2122 kate Tugevate pandlaga elastsed traksid Sisemine lukuga tasku Kuivatussilmused Reguleeritav pingutusn\u00f6\u00f6riga \u00fclaosa, et v\u00e4ltida vee sissep\u00e4\u00e4su kohandatud sobivusega Sisseehitatud mugavad 0,16 tolli (4 mm) neopreenist papud tugevdatud tallaga\" \/>\n<meta property=\"og:url\" content=\"https:\/\/rsrmoto.ee\/en\/toode\/waders-timber-darkgrey\/\" \/>\n<meta property=\"og:site_name\" content=\"RSR Moto\" \/>\n<meta property=\"article:modified_time\" content=\"2024-05-16T11:10:28+00:00\" \/>\n<meta property=\"og:image\" content=\"https:\/\/rsrmoto.ee\/wp-content\/uploads\/2024\/05\/n3nla8t4cs7lx00jcex9e4bn1xscjmug.webp\" \/>\n\t<meta property=\"og:image:width\" content=\"1000\" \/>\n\t<meta property=\"og:image:height\" content=\"1000\" \/>\n\t<meta property=\"og:image:type\" content=\"image\/webp\" \/>\n<meta name=\"twitter:card\" content=\"summary_large_image\" \/>\n<script type=\"application\/ld+json\" class=\"yoast-schema-graph\">{\"@context\":\"https:\\\/\\\/schema.org\",\"@graph\":[{\"@type\":\"WebPage\",\"@id\":\"https:\\\/\\\/rsrmoto.ee\\\/en\\\/toode\\\/waders-timber-darkgrey\\\/\",\"url\":\"https:\\\/\\\/rsrmoto.ee\\\/en\\\/toode\\\/waders-timber-darkgrey\\\/\",\"name\":\"Kahlamisp\u00fcksid \\\"Timber\\\" Tumehall - RSR Moto\",\"isPartOf\":{\"@id\":\"https:\\\/\\\/rsrmoto.ee\\\/#website\"},\"primaryImageOfPage\":{\"@id\":\"https:\\\/\\\/rsrmoto.ee\\\/en\\\/toode\\\/waders-timber-darkgrey\\\/#primaryimage\"},\"image\":{\"@id\":\"https:\\\/\\\/rsrmoto.ee\\\/en\\\/toode\\\/waders-timber-darkgrey\\\/#primaryimage\"},\"thumbnailUrl\":\"https:\\\/\\\/rsrmoto.ee\\\/wp-content\\\/uploads\\\/2024\\\/05\\\/n3nla8t4cs7lx00jcex9e4bn1xscjmug.webp\",\"datePublished\":\"2024-05-08T13:11:38+00:00\",\"dateModified\":\"2024-05-16T11:10:28+00:00\",\"breadcrumb\":{\"@id\":\"https:\\\/\\\/rsrmoto.ee\\\/en\\\/toode\\\/waders-timber-darkgrey\\\/#breadcrumb\"},\"inLanguage\":\"en-GB\",\"potentialAction\":[{\"@type\":\"ReadAction\",\"target\":[\"https:\\\/\\\/rsrmoto.ee\\\/en\\\/toode\\\/waders-timber-darkgrey\\\/\"]}]},{\"@type\":\"ImageObject\",\"inLanguage\":\"en-GB\",\"@id\":\"https:\\\/\\\/rsrmoto.ee\\\/en\\\/toode\\\/waders-timber-darkgrey\\\/#primaryimage\",\"url\":\"https:\\\/\\\/rsrmoto.ee\\\/wp-content\\\/uploads\\\/2024\\\/05\\\/n3nla8t4cs7lx00jcex9e4bn1xscjmug.webp\",\"contentUrl\":\"https:\\\/\\\/rsrmoto.ee\\\/wp-content\\\/uploads\\\/2024\\\/05\\\/n3nla8t4cs7lx00jcex9e4bn1xscjmug.webp\",\"width\":1000,\"height\":1000},{\"@type\":\"BreadcrumbList\",\"@id\":\"https:\\\/\\\/rsrmoto.ee\\\/en\\\/toode\\\/waders-timber-darkgrey\\\/#breadcrumb\",\"itemListElement\":[{\"@type\":\"ListItem\",\"position\":1,\"name\":\"Esileht\",\"item\":\"https:\\\/\\\/rsrmoto.ee\\\/\"},{\"@type\":\"ListItem\",\"position\":2,\"name\":\"Pood\",\"item\":\"https:\\\/\\\/rsrmoto.ee\\\/pood\\\/\"},{\"@type\":\"ListItem\",\"position\":3,\"name\":\"Kahlamisp\u00fcksid &#8220;Timber&#8221; Tumehall\"}]},{\"@type\":\"WebSite\",\"@id\":\"https:\\\/\\\/rsrmoto.ee\\\/#website\",\"url\":\"https:\\\/\\\/rsrmoto.ee\\\/\",\"name\":\"RSR Moto\",\"description\":\"Kvalitseetsed matka- ja kalastusriided\",\"publisher\":{\"@id\":\"https:\\\/\\\/rsrmoto.ee\\\/#organization\"},\"potentialAction\":[{\"@type\":\"SearchAction\",\"target\":{\"@type\":\"EntryPoint\",\"urlTemplate\":\"https:\\\/\\\/rsrmoto.ee\\\/?s={search_term_string}\"},\"query-input\":{\"@type\":\"PropertyValueSpecification\",\"valueRequired\":true,\"valueName\":\"search_term_string\"}}],\"inLanguage\":\"en-GB\"},{\"@type\":\"Organization\",\"@id\":\"https:\\\/\\\/rsrmoto.ee\\\/#organization\",\"name\":\"RSR Moto\",\"url\":\"https:\\\/\\\/rsrmoto.ee\\\/\",\"logo\":{\"@type\":\"ImageObject\",\"inLanguage\":\"en-GB\",\"@id\":\"https:\\\/\\\/rsrmoto.ee\\\/#\\\/schema\\\/logo\\\/image\\\/\",\"url\":\"https:\\\/\\\/www.rsrmoto.ee\\\/wp-content\\\/uploads\\\/2024\\\/05\\\/mountain-300x300-1.png\",\"contentUrl\":\"https:\\\/\\\/www.rsrmoto.ee\\\/wp-content\\\/uploads\\\/2024\\\/05\\\/mountain-300x300-1.png\",\"width\":300,\"height\":300,\"caption\":\"RSR Moto\"},\"image\":{\"@id\":\"https:\\\/\\\/rsrmoto.ee\\\/#\\\/schema\\\/logo\\\/image\\\/\"}}]}<\/script>\n<!-- \/ Yoast SEO plugin. -->","yoast_head_json":{"title":"Kahlamisp\u00fcksid \"Timber\" Tumehall - RSR Moto","robots":{"index":"index","follow":"follow","max-snippet":"max-snippet:-1","max-image-preview":"max-image-preview:large","max-video-preview":"max-video-preview:-1"},"canonical":"https:\/\/rsrmoto.ee\/en\/toode\/waders-timber-darkgrey\/","og_locale":"en_GB","og_type":"article","og_title":"Kahlamisp\u00fcksid \"Timber\" Tumehall - RSR Moto","og_description":"Vastupidav neljakihiline HARD-TEX\u00ae membraaniga kangas K\u00f5ik \u00f5mblused ja t\u00f5mblukud on kindlalt teibitud Mustust h\u00fclgav Teflon\u2122 kate Tugevate pandlaga elastsed traksid Sisemine lukuga tasku Kuivatussilmused Reguleeritav pingutusn\u00f6\u00f6riga \u00fclaosa, et v\u00e4ltida vee sissep\u00e4\u00e4su kohandatud sobivusega Sisseehitatud mugavad 0,16 tolli (4 mm) neopreenist papud tugevdatud tallaga","og_url":"https:\/\/rsrmoto.ee\/en\/toode\/waders-timber-darkgrey\/","og_site_name":"RSR Moto","article_modified_time":"2024-05-16T11:10:28+00:00","og_image":[{"width":1000,"height":1000,"url":"https:\/\/rsrmoto.ee\/wp-content\/uploads\/2024\/05\/n3nla8t4cs7lx00jcex9e4bn1xscjmug.webp","type":"image\/webp"}],"twitter_card":"summary_large_image","schema":{"@context":"https:\/\/schema.org","@graph":[{"@type":"WebPage","@id":"https:\/\/rsrmoto.ee\/en\/toode\/waders-timber-darkgrey\/","url":"https:\/\/rsrmoto.ee\/en\/toode\/waders-timber-darkgrey\/","name":"Kahlamisp\u00fcksid \"Timber\" Tumehall - RSR Moto","isPartOf":{"@id":"https:\/\/rsrmoto.ee\/#website"},"primaryImageOfPage":{"@id":"https:\/\/rsrmoto.ee\/en\/toode\/waders-timber-darkgrey\/#primaryimage"},"image":{"@id":"https:\/\/rsrmoto.ee\/en\/toode\/waders-timber-darkgrey\/#primaryimage"},"thumbnailUrl":"https:\/\/rsrmoto.ee\/wp-content\/uploads\/2024\/05\/n3nla8t4cs7lx00jcex9e4bn1xscjmug.webp","datePublished":"2024-05-08T13:11:38+00:00","dateModified":"2024-05-16T11:10:28+00:00","breadcrumb":{"@id":"https:\/\/rsrmoto.ee\/en\/toode\/waders-timber-darkgrey\/#breadcrumb"},"inLanguage":"en-GB","potentialAction":[{"@type":"ReadAction","target":["https:\/\/rsrmoto.ee\/en\/toode\/waders-timber-darkgrey\/"]}]},{"@type":"ImageObject","inLanguage":"en-GB","@id":"https:\/\/rsrmoto.ee\/en\/toode\/waders-timber-darkgrey\/#primaryimage","url":"https:\/\/rsrmoto.ee\/wp-content\/uploads\/2024\/05\/n3nla8t4cs7lx00jcex9e4bn1xscjmug.webp","contentUrl":"https:\/\/rsrmoto.ee\/wp-content\/uploads\/2024\/05\/n3nla8t4cs7lx00jcex9e4bn1xscjmug.webp","width":1000,"height":1000},{"@type":"BreadcrumbList","@id":"https:\/\/rsrmoto.ee\/en\/toode\/waders-timber-darkgrey\/#breadcrumb","itemListElement":[{"@type":"ListItem","position":1,"name":"Esileht","item":"https:\/\/rsrmoto.ee\/"},{"@type":"ListItem","position":2,"name":"Pood","item":"https:\/\/rsrmoto.ee\/pood\/"},{"@type":"ListItem","position":3,"name":"Kahlamisp\u00fcksid &#8220;Timber&#8221; Tumehall"}]},{"@type":"WebSite","@id":"https:\/\/rsrmoto.ee\/#website","url":"https:\/\/rsrmoto.ee\/","name":"RSR Moto","description":"Kvalitseetsed matka- ja kalastusriided","publisher":{"@id":"https:\/\/rsrmoto.ee\/#organization"},"potentialAction":[{"@type":"SearchAction","target":{"@type":"EntryPoint","urlTemplate":"https:\/\/rsrmoto.ee\/?s={search_term_string}"},"query-input":{"@type":"PropertyValueSpecification","valueRequired":true,"valueName":"search_term_string"}}],"inLanguage":"en-GB"},{"@type":"Organization","@id":"https:\/\/rsrmoto.ee\/#organization","name":"RSR Moto","url":"https:\/\/rsrmoto.ee\/","logo":{"@type":"ImageObject","inLanguage":"en-GB","@id":"https:\/\/rsrmoto.ee\/#\/schema\/logo\/image\/","url":"https:\/\/www.rsrmoto.ee\/wp-content\/uploads\/2024\/05\/mountain-300x300-1.png","contentUrl":"https:\/\/www.rsrmoto.ee\/wp-content\/uploads\/2024\/05\/mountain-300x300-1.png","width":300,"height":300,"caption":"RSR Moto"},"image":{"@id":"https:\/\/rsrmoto.ee\/#\/schema\/logo\/image\/"}}]}},"_links":{"self":[{"href":"https:\/\/rsrmoto.ee\/en\/wp-json\/wp\/v2\/product\/2013","targetHints":{"allow":["GET"]}}],"collection":[{"href":"https:\/\/rsrmoto.ee\/en\/wp-json\/wp\/v2\/product"}],"about":[{"href":"https:\/\/rsrmoto.ee\/en\/wp-json\/wp\/v2\/types\/product"}],"wp:featuredmedia":[{"embeddable":true,"href":"https:\/\/rsrmoto.ee\/en\/wp-json\/wp\/v2\/media\/2033"}],"wp:attachment":[{"href":"https:\/\/rsrmoto.ee\/en\/wp-json\/wp\/v2\/media?parent=2013"}],"wp:term":[{"taxonomy":"product_brand","embeddable":true,"href":"https:\/\/rsrmoto.ee\/en\/wp-json\/wp\/v2\/product_brand?post=2013"},{"taxonomy":"product_cat","embeddable":true,"href":"https:\/\/rsrmoto.ee\/en\/wp-json\/wp\/v2\/product_cat?post=2013"},{"taxonomy":"product_tag","embeddable":true,"href":"https:\/\/rsrmoto.ee\/en\/wp-json\/wp\/v2\/product_tag?post=2013"}],"curies":[{"name":"wp","href":"https:\/\/api.w.org\/{rel}","templated":true}]}}