{"id":2191,"date":"2024-05-08T16:50:47","date_gmt":"2024-05-08T13:50:47","guid":{"rendered":"https:\/\/www.rsrmoto.ee\/?post_type=product&#038;p=2191"},"modified":"2024-05-16T14:33:11","modified_gmt":"2024-05-16T11:33:11","slug":"waders-airmankids-red","status":"publish","type":"product","link":"https:\/\/rsrmoto.ee\/en\/product\/waders-airmankids-red\/","title":{"rendered":"Kahlamisp\u00fcksid &#8220;AirmanKids&#8221; Punane"},"content":{"rendered":"<p>Airman Kidsi kahlajad on loodud selleks, et lapsed oleksid \u00f5ueseikluste ajal turvalised ja mugavad. Nendel kahlajatel on kerged ja t\u00f6\u00f6kindlad vastupidavast kummist saapad, millel on neopreenist kinga vooder, mis lisab mugavust ja amortiseerib p\u00f5rutusi. Mudavabad turvisemustrid takistavad liiva ja muda kinnij\u00e4\u00e4mist.<\/p>\n<p>&nbsp;<\/p>","protected":false},"excerpt":{"rendered":"<p>Neljakihiline HARD-TEX\u00ae membraaniga kangas<br \/>\nK\u00f5ik \u00f5mblused ja t\u00f5mblukud on kindlalt teibitud<br \/>\nSisseehitatud t\u00f6\u00f6kindlad neopreenvoodriga kummisaapad<br \/>\nMustust h\u00fclgav Teflon\u2122 kate<br \/>\nErgonoomiline p\u00f5lvel\u00f5ige<br \/>\nElastsed traksid ja YKK pandlaga v\u00f6\u00f6<br \/>\nVeekindla lukuga sisetasku<br \/>\nKuivatussilmused<br \/>\nVastupidavad kummisaapad neopreenist voodriga<br \/>\nSpetsiaalne mudavaba turvis<br \/>\n3M helkurelemendid reitel ja rinnal<br \/>\nKaasas on veekindel nutitelefoni kott<\/p>","protected":false},"featured_media":2200,"template":"","meta":[],"product_brand":[],"product_cat":[112,85],"product_tag":[],"class_list":{"0":"post-2191","1":"product","2":"type-product","3":"status-publish","4":"has-post-thumbnail","6":"product_cat-kahlamispuksid-lastele","7":"product_cat-lastele","9":"first","10":"instock","11":"taxable","12":"shipping-taxable","13":"purchasable","14":"product-type-variable"},"ct_brands":[],"yoast_head":"<!-- This site is optimized with the Yoast SEO plugin v27.3 - https:\/\/yoast.com\/product\/yoast-seo-wordpress\/ -->\n<title>Kahlamisp\u00fcksid &quot;AirmanKids&quot; Punane - RSR Moto<\/title>\n<meta name=\"robots\" content=\"index, follow, max-snippet:-1, max-image-preview:large, max-video-preview:-1\" \/>\n<link rel=\"canonical\" href=\"https:\/\/rsrmoto.ee\/en\/product\/waders-airmankids-red\/\" \/>\n<meta property=\"og:locale\" content=\"en_GB\" \/>\n<meta property=\"og:type\" content=\"article\" \/>\n<meta property=\"og:title\" content=\"Kahlamisp\u00fcksid &quot;AirmanKids&quot; Punane - RSR Moto\" \/>\n<meta property=\"og:description\" content=\"Neljakihiline HARD-TEX\u00ae membraaniga kangas K\u00f5ik \u00f5mblused ja t\u00f5mblukud on kindlalt teibitud Sisseehitatud t\u00f6\u00f6kindlad neopreenvoodriga kummisaapad Mustust h\u00fclgav Teflon\u2122 kate Ergonoomiline p\u00f5lvel\u00f5ige Elastsed traksid ja YKK pandlaga v\u00f6\u00f6 Veekindla lukuga sisetasku Kuivatussilmused Vastupidavad kummisaapad neopreenist voodriga Spetsiaalne mudavaba turvis 3M helkurelemendid reitel ja rinnal Kaasas on veekindel nutitelefoni kott\" \/>\n<meta property=\"og:url\" content=\"https:\/\/rsrmoto.ee\/en\/product\/waders-airmankids-red\/\" \/>\n<meta property=\"og:site_name\" content=\"RSR Moto\" \/>\n<meta property=\"article:modified_time\" content=\"2024-05-16T11:33:11+00:00\" \/>\n<meta property=\"og:image\" content=\"https:\/\/rsrmoto.ee\/wp-content\/uploads\/2024\/05\/1ddxqrx1ja8m7a0bfk0v8vf8ihstg8e0.webp\" \/>\n\t<meta property=\"og:image:width\" content=\"1000\" \/>\n\t<meta property=\"og:image:height\" content=\"1000\" \/>\n\t<meta property=\"og:image:type\" content=\"image\/webp\" \/>\n<meta name=\"twitter:card\" content=\"summary_large_image\" \/>\n<script type=\"application\/ld+json\" class=\"yoast-schema-graph\">{\"@context\":\"https:\\\/\\\/schema.org\",\"@graph\":[{\"@type\":\"WebPage\",\"@id\":\"https:\\\/\\\/rsrmoto.ee\\\/toode\\\/waders-airmankids-red\\\/\",\"url\":\"https:\\\/\\\/rsrmoto.ee\\\/toode\\\/waders-airmankids-red\\\/\",\"name\":\"Kahlamisp\u00fcksid \\\"AirmanKids\\\" Punane - RSR Moto\",\"isPartOf\":{\"@id\":\"https:\\\/\\\/rsrmoto.ee\\\/#website\"},\"primaryImageOfPage\":{\"@id\":\"https:\\\/\\\/rsrmoto.ee\\\/toode\\\/waders-airmankids-red\\\/#primaryimage\"},\"image\":{\"@id\":\"https:\\\/\\\/rsrmoto.ee\\\/toode\\\/waders-airmankids-red\\\/#primaryimage\"},\"thumbnailUrl\":\"https:\\\/\\\/rsrmoto.ee\\\/wp-content\\\/uploads\\\/2024\\\/05\\\/1ddxqrx1ja8m7a0bfk0v8vf8ihstg8e0.webp\",\"datePublished\":\"2024-05-08T13:50:47+00:00\",\"dateModified\":\"2024-05-16T11:33:11+00:00\",\"breadcrumb\":{\"@id\":\"https:\\\/\\\/rsrmoto.ee\\\/toode\\\/waders-airmankids-red\\\/#breadcrumb\"},\"inLanguage\":\"en-GB\",\"potentialAction\":[{\"@type\":\"ReadAction\",\"target\":[\"https:\\\/\\\/rsrmoto.ee\\\/toode\\\/waders-airmankids-red\\\/\"]}]},{\"@type\":\"ImageObject\",\"inLanguage\":\"en-GB\",\"@id\":\"https:\\\/\\\/rsrmoto.ee\\\/toode\\\/waders-airmankids-red\\\/#primaryimage\",\"url\":\"https:\\\/\\\/rsrmoto.ee\\\/wp-content\\\/uploads\\\/2024\\\/05\\\/1ddxqrx1ja8m7a0bfk0v8vf8ihstg8e0.webp\",\"contentUrl\":\"https:\\\/\\\/rsrmoto.ee\\\/wp-content\\\/uploads\\\/2024\\\/05\\\/1ddxqrx1ja8m7a0bfk0v8vf8ihstg8e0.webp\",\"width\":1000,\"height\":1000},{\"@type\":\"BreadcrumbList\",\"@id\":\"https:\\\/\\\/rsrmoto.ee\\\/toode\\\/waders-airmankids-red\\\/#breadcrumb\",\"itemListElement\":[{\"@type\":\"ListItem\",\"position\":1,\"name\":\"Esileht\",\"item\":\"https:\\\/\\\/rsrmoto.ee\\\/\"},{\"@type\":\"ListItem\",\"position\":2,\"name\":\"Pood\",\"item\":\"https:\\\/\\\/rsrmoto.ee\\\/pood\\\/\"},{\"@type\":\"ListItem\",\"position\":3,\"name\":\"Kahlamisp\u00fcksid &#8220;AirmanKids&#8221; Punane\"}]},{\"@type\":\"WebSite\",\"@id\":\"https:\\\/\\\/rsrmoto.ee\\\/#website\",\"url\":\"https:\\\/\\\/rsrmoto.ee\\\/\",\"name\":\"RSR Moto\",\"description\":\"Kvalitseetsed matka- ja kalastusriided\",\"publisher\":{\"@id\":\"https:\\\/\\\/rsrmoto.ee\\\/#organization\"},\"potentialAction\":[{\"@type\":\"SearchAction\",\"target\":{\"@type\":\"EntryPoint\",\"urlTemplate\":\"https:\\\/\\\/rsrmoto.ee\\\/?s={search_term_string}\"},\"query-input\":{\"@type\":\"PropertyValueSpecification\",\"valueRequired\":true,\"valueName\":\"search_term_string\"}}],\"inLanguage\":\"en-GB\"},{\"@type\":\"Organization\",\"@id\":\"https:\\\/\\\/rsrmoto.ee\\\/#organization\",\"name\":\"RSR Moto\",\"url\":\"https:\\\/\\\/rsrmoto.ee\\\/\",\"logo\":{\"@type\":\"ImageObject\",\"inLanguage\":\"en-GB\",\"@id\":\"https:\\\/\\\/rsrmoto.ee\\\/#\\\/schema\\\/logo\\\/image\\\/\",\"url\":\"https:\\\/\\\/www.rsrmoto.ee\\\/wp-content\\\/uploads\\\/2024\\\/05\\\/mountain-300x300-1.png\",\"contentUrl\":\"https:\\\/\\\/www.rsrmoto.ee\\\/wp-content\\\/uploads\\\/2024\\\/05\\\/mountain-300x300-1.png\",\"width\":300,\"height\":300,\"caption\":\"RSR Moto\"},\"image\":{\"@id\":\"https:\\\/\\\/rsrmoto.ee\\\/#\\\/schema\\\/logo\\\/image\\\/\"}}]}<\/script>\n<!-- \/ Yoast SEO plugin. -->","yoast_head_json":{"title":"Kahlamisp\u00fcksid \"AirmanKids\" Punane - RSR Moto","robots":{"index":"index","follow":"follow","max-snippet":"max-snippet:-1","max-image-preview":"max-image-preview:large","max-video-preview":"max-video-preview:-1"},"canonical":"https:\/\/rsrmoto.ee\/en\/product\/waders-airmankids-red\/","og_locale":"en_GB","og_type":"article","og_title":"Kahlamisp\u00fcksid \"AirmanKids\" Punane - RSR Moto","og_description":"Neljakihiline HARD-TEX\u00ae membraaniga kangas K\u00f5ik \u00f5mblused ja t\u00f5mblukud on kindlalt teibitud Sisseehitatud t\u00f6\u00f6kindlad neopreenvoodriga kummisaapad Mustust h\u00fclgav Teflon\u2122 kate Ergonoomiline p\u00f5lvel\u00f5ige Elastsed traksid ja YKK pandlaga v\u00f6\u00f6 Veekindla lukuga sisetasku Kuivatussilmused Vastupidavad kummisaapad neopreenist voodriga Spetsiaalne mudavaba turvis 3M helkurelemendid reitel ja rinnal Kaasas on veekindel nutitelefoni kott","og_url":"https:\/\/rsrmoto.ee\/en\/product\/waders-airmankids-red\/","og_site_name":"RSR Moto","article_modified_time":"2024-05-16T11:33:11+00:00","og_image":[{"width":1000,"height":1000,"url":"https:\/\/rsrmoto.ee\/wp-content\/uploads\/2024\/05\/1ddxqrx1ja8m7a0bfk0v8vf8ihstg8e0.webp","type":"image\/webp"}],"twitter_card":"summary_large_image","schema":{"@context":"https:\/\/schema.org","@graph":[{"@type":"WebPage","@id":"https:\/\/rsrmoto.ee\/toode\/waders-airmankids-red\/","url":"https:\/\/rsrmoto.ee\/toode\/waders-airmankids-red\/","name":"Kahlamisp\u00fcksid \"AirmanKids\" Punane - RSR Moto","isPartOf":{"@id":"https:\/\/rsrmoto.ee\/#website"},"primaryImageOfPage":{"@id":"https:\/\/rsrmoto.ee\/toode\/waders-airmankids-red\/#primaryimage"},"image":{"@id":"https:\/\/rsrmoto.ee\/toode\/waders-airmankids-red\/#primaryimage"},"thumbnailUrl":"https:\/\/rsrmoto.ee\/wp-content\/uploads\/2024\/05\/1ddxqrx1ja8m7a0bfk0v8vf8ihstg8e0.webp","datePublished":"2024-05-08T13:50:47+00:00","dateModified":"2024-05-16T11:33:11+00:00","breadcrumb":{"@id":"https:\/\/rsrmoto.ee\/toode\/waders-airmankids-red\/#breadcrumb"},"inLanguage":"en-GB","potentialAction":[{"@type":"ReadAction","target":["https:\/\/rsrmoto.ee\/toode\/waders-airmankids-red\/"]}]},{"@type":"ImageObject","inLanguage":"en-GB","@id":"https:\/\/rsrmoto.ee\/toode\/waders-airmankids-red\/#primaryimage","url":"https:\/\/rsrmoto.ee\/wp-content\/uploads\/2024\/05\/1ddxqrx1ja8m7a0bfk0v8vf8ihstg8e0.webp","contentUrl":"https:\/\/rsrmoto.ee\/wp-content\/uploads\/2024\/05\/1ddxqrx1ja8m7a0bfk0v8vf8ihstg8e0.webp","width":1000,"height":1000},{"@type":"BreadcrumbList","@id":"https:\/\/rsrmoto.ee\/toode\/waders-airmankids-red\/#breadcrumb","itemListElement":[{"@type":"ListItem","position":1,"name":"Esileht","item":"https:\/\/rsrmoto.ee\/"},{"@type":"ListItem","position":2,"name":"Pood","item":"https:\/\/rsrmoto.ee\/pood\/"},{"@type":"ListItem","position":3,"name":"Kahlamisp\u00fcksid &#8220;AirmanKids&#8221; Punane"}]},{"@type":"WebSite","@id":"https:\/\/rsrmoto.ee\/#website","url":"https:\/\/rsrmoto.ee\/","name":"RSR Moto","description":"Kvalitseetsed matka- ja kalastusriided","publisher":{"@id":"https:\/\/rsrmoto.ee\/#organization"},"potentialAction":[{"@type":"SearchAction","target":{"@type":"EntryPoint","urlTemplate":"https:\/\/rsrmoto.ee\/?s={search_term_string}"},"query-input":{"@type":"PropertyValueSpecification","valueRequired":true,"valueName":"search_term_string"}}],"inLanguage":"en-GB"},{"@type":"Organization","@id":"https:\/\/rsrmoto.ee\/#organization","name":"RSR Moto","url":"https:\/\/rsrmoto.ee\/","logo":{"@type":"ImageObject","inLanguage":"en-GB","@id":"https:\/\/rsrmoto.ee\/#\/schema\/logo\/image\/","url":"https:\/\/www.rsrmoto.ee\/wp-content\/uploads\/2024\/05\/mountain-300x300-1.png","contentUrl":"https:\/\/www.rsrmoto.ee\/wp-content\/uploads\/2024\/05\/mountain-300x300-1.png","width":300,"height":300,"caption":"RSR Moto"},"image":{"@id":"https:\/\/rsrmoto.ee\/#\/schema\/logo\/image\/"}}]}},"_links":{"self":[{"href":"https:\/\/rsrmoto.ee\/en\/wp-json\/wp\/v2\/product\/2191","targetHints":{"allow":["GET"]}}],"collection":[{"href":"https:\/\/rsrmoto.ee\/en\/wp-json\/wp\/v2\/product"}],"about":[{"href":"https:\/\/rsrmoto.ee\/en\/wp-json\/wp\/v2\/types\/product"}],"wp:featuredmedia":[{"embeddable":true,"href":"https:\/\/rsrmoto.ee\/en\/wp-json\/wp\/v2\/media\/2200"}],"wp:attachment":[{"href":"https:\/\/rsrmoto.ee\/en\/wp-json\/wp\/v2\/media?parent=2191"}],"wp:term":[{"taxonomy":"product_brand","embeddable":true,"href":"https:\/\/rsrmoto.ee\/en\/wp-json\/wp\/v2\/product_brand?post=2191"},{"taxonomy":"product_cat","embeddable":true,"href":"https:\/\/rsrmoto.ee\/en\/wp-json\/wp\/v2\/product_cat?post=2191"},{"taxonomy":"product_tag","embeddable":true,"href":"https:\/\/rsrmoto.ee\/en\/wp-json\/wp\/v2\/product_tag?post=2191"}],"curies":[{"name":"wp","href":"https:\/\/api.w.org\/{rel}","templated":true}]}}