{"id":2201,"date":"2024-05-08T16:53:38","date_gmt":"2024-05-08T13:53:38","guid":{"rendered":"https:\/\/www.rsrmoto.ee\/?post_type=product&#038;p=2201"},"modified":"2024-05-16T11:47:50","modified_gmt":"2024-05-16T08:47:50","slug":"boots-speedmaster-graphite","status":"publish","type":"product","link":"https:\/\/rsrmoto.ee\/en\/product\/boots-speedmaster-graphite\/","title":{"rendered":"Jalatsid &#8220;Speedmaster Graphite&#8221;"},"content":{"rendered":"<p>Parima \u00f5uekogemuse saamiseks t\u00e4iustatud SPEEDMASTERi kahlamissaapad on suurep\u00e4rased k\u00f5ikidel maastikel ja ilmastikutingimustes. Vastupidavate kulumiskindlate kangaste ja tugevdatud koega saapad pakuvad kauakestvat j\u00f5udlust, usaldusv\u00e4\u00e4rset jalakaitset v\u00e4liste l\u00f6\u00f6kide eest ja suurep\u00e4rast pahkluu toetust.<\/p>\n<p>&nbsp;<\/p>","protected":false},"excerpt":{"rendered":"<p>K\u00f5ige kulumiskindlamad materjalid suurema vastupidavuse ja pikema eluea tagamiseks<br \/>\nPikendatud saapakate parema pahkluu toetamiseks<br \/>\nPaksemad ja tugevamad paelad<br \/>\nVastupidav kummist v\u00e4listald<br \/>\nSpetsiaalne mudavaba turvis<br \/>\nSuur kannat\u00f5mme h\u00f5lbustab selga ja maha<br \/>\nNeopreenelemendid l\u00f6\u00f6kide summutamiseks ja mugavuseks<br \/>\nK\u00fclgedel v\u00e4ikesed augud vee \u00e4rajuhtimiseks ja kiireks kuivamiseks<br \/>\nUuendatud kaasaegne disain<br \/>\nPitsikonks D-r\u00f5nga kinnituskoht<\/p>","protected":false},"featured_media":2210,"template":"","meta":[],"product_brand":[],"product_cat":[29,15],"product_tag":[],"class_list":{"0":"post-2201","1":"product","2":"type-product","3":"status-publish","4":"has-post-thumbnail","6":"product_cat-jalatsid","7":"product_cat-meestele","9":"first","10":"instock","11":"taxable","12":"shipping-taxable","13":"purchasable","14":"product-type-variable"},"ct_brands":[],"yoast_head":"<!-- This site is optimized with the Yoast SEO plugin v27.3 - https:\/\/yoast.com\/product\/yoast-seo-wordpress\/ -->\n<title>Jalatsid &quot;Speedmaster Graphite&quot; - RSR Moto<\/title>\n<meta name=\"robots\" content=\"index, follow, max-snippet:-1, max-image-preview:large, max-video-preview:-1\" \/>\n<link rel=\"canonical\" href=\"https:\/\/rsrmoto.ee\/en\/product\/boots-speedmaster-graphite\/\" \/>\n<meta property=\"og:locale\" content=\"en_GB\" \/>\n<meta property=\"og:type\" content=\"article\" \/>\n<meta property=\"og:title\" content=\"Jalatsid &quot;Speedmaster Graphite&quot; - RSR Moto\" \/>\n<meta property=\"og:description\" content=\"K\u00f5ige kulumiskindlamad materjalid suurema vastupidavuse ja pikema eluea tagamiseks Pikendatud saapakate parema pahkluu toetamiseks Paksemad ja tugevamad paelad Vastupidav kummist v\u00e4listald Spetsiaalne mudavaba turvis Suur kannat\u00f5mme h\u00f5lbustab selga ja maha Neopreenelemendid l\u00f6\u00f6kide summutamiseks ja mugavuseks K\u00fclgedel v\u00e4ikesed augud vee \u00e4rajuhtimiseks ja kiireks kuivamiseks Uuendatud kaasaegne disain Pitsikonks D-r\u00f5nga kinnituskoht\" \/>\n<meta property=\"og:url\" content=\"https:\/\/rsrmoto.ee\/en\/product\/boots-speedmaster-graphite\/\" \/>\n<meta property=\"og:site_name\" content=\"RSR Moto\" \/>\n<meta property=\"article:modified_time\" content=\"2024-05-16T08:47:50+00:00\" \/>\n<meta property=\"og:image\" content=\"https:\/\/rsrmoto.ee\/wp-content\/uploads\/2024\/05\/ev67u0plcwozno8cgr9qjoxxsppkz0ay.webp\" \/>\n\t<meta property=\"og:image:width\" content=\"1000\" \/>\n\t<meta property=\"og:image:height\" content=\"1000\" \/>\n\t<meta property=\"og:image:type\" content=\"image\/webp\" \/>\n<meta name=\"twitter:card\" content=\"summary_large_image\" \/>\n<script type=\"application\/ld+json\" class=\"yoast-schema-graph\">{\"@context\":\"https:\\\/\\\/schema.org\",\"@graph\":[{\"@type\":\"WebPage\",\"@id\":\"https:\\\/\\\/rsrmoto.ee\\\/toode\\\/boots-speedmaster-graphite\\\/\",\"url\":\"https:\\\/\\\/rsrmoto.ee\\\/toode\\\/boots-speedmaster-graphite\\\/\",\"name\":\"Jalatsid \\\"Speedmaster Graphite\\\" - RSR Moto\",\"isPartOf\":{\"@id\":\"https:\\\/\\\/rsrmoto.ee\\\/#website\"},\"primaryImageOfPage\":{\"@id\":\"https:\\\/\\\/rsrmoto.ee\\\/toode\\\/boots-speedmaster-graphite\\\/#primaryimage\"},\"image\":{\"@id\":\"https:\\\/\\\/rsrmoto.ee\\\/toode\\\/boots-speedmaster-graphite\\\/#primaryimage\"},\"thumbnailUrl\":\"https:\\\/\\\/rsrmoto.ee\\\/wp-content\\\/uploads\\\/2024\\\/05\\\/ev67u0plcwozno8cgr9qjoxxsppkz0ay.webp\",\"datePublished\":\"2024-05-08T13:53:38+00:00\",\"dateModified\":\"2024-05-16T08:47:50+00:00\",\"breadcrumb\":{\"@id\":\"https:\\\/\\\/rsrmoto.ee\\\/toode\\\/boots-speedmaster-graphite\\\/#breadcrumb\"},\"inLanguage\":\"en-GB\",\"potentialAction\":[{\"@type\":\"ReadAction\",\"target\":[\"https:\\\/\\\/rsrmoto.ee\\\/toode\\\/boots-speedmaster-graphite\\\/\"]}]},{\"@type\":\"ImageObject\",\"inLanguage\":\"en-GB\",\"@id\":\"https:\\\/\\\/rsrmoto.ee\\\/toode\\\/boots-speedmaster-graphite\\\/#primaryimage\",\"url\":\"https:\\\/\\\/rsrmoto.ee\\\/wp-content\\\/uploads\\\/2024\\\/05\\\/ev67u0plcwozno8cgr9qjoxxsppkz0ay.webp\",\"contentUrl\":\"https:\\\/\\\/rsrmoto.ee\\\/wp-content\\\/uploads\\\/2024\\\/05\\\/ev67u0plcwozno8cgr9qjoxxsppkz0ay.webp\",\"width\":1000,\"height\":1000},{\"@type\":\"BreadcrumbList\",\"@id\":\"https:\\\/\\\/rsrmoto.ee\\\/toode\\\/boots-speedmaster-graphite\\\/#breadcrumb\",\"itemListElement\":[{\"@type\":\"ListItem\",\"position\":1,\"name\":\"Esileht\",\"item\":\"https:\\\/\\\/rsrmoto.ee\\\/\"},{\"@type\":\"ListItem\",\"position\":2,\"name\":\"Pood\",\"item\":\"https:\\\/\\\/rsrmoto.ee\\\/pood\\\/\"},{\"@type\":\"ListItem\",\"position\":3,\"name\":\"Jalatsid &#8220;Speedmaster Graphite&#8221;\"}]},{\"@type\":\"WebSite\",\"@id\":\"https:\\\/\\\/rsrmoto.ee\\\/#website\",\"url\":\"https:\\\/\\\/rsrmoto.ee\\\/\",\"name\":\"RSR Moto\",\"description\":\"Kvalitseetsed matka- ja kalastusriided\",\"publisher\":{\"@id\":\"https:\\\/\\\/rsrmoto.ee\\\/#organization\"},\"potentialAction\":[{\"@type\":\"SearchAction\",\"target\":{\"@type\":\"EntryPoint\",\"urlTemplate\":\"https:\\\/\\\/rsrmoto.ee\\\/?s={search_term_string}\"},\"query-input\":{\"@type\":\"PropertyValueSpecification\",\"valueRequired\":true,\"valueName\":\"search_term_string\"}}],\"inLanguage\":\"en-GB\"},{\"@type\":\"Organization\",\"@id\":\"https:\\\/\\\/rsrmoto.ee\\\/#organization\",\"name\":\"RSR Moto\",\"url\":\"https:\\\/\\\/rsrmoto.ee\\\/\",\"logo\":{\"@type\":\"ImageObject\",\"inLanguage\":\"en-GB\",\"@id\":\"https:\\\/\\\/rsrmoto.ee\\\/#\\\/schema\\\/logo\\\/image\\\/\",\"url\":\"https:\\\/\\\/www.rsrmoto.ee\\\/wp-content\\\/uploads\\\/2024\\\/05\\\/mountain-300x300-1.png\",\"contentUrl\":\"https:\\\/\\\/www.rsrmoto.ee\\\/wp-content\\\/uploads\\\/2024\\\/05\\\/mountain-300x300-1.png\",\"width\":300,\"height\":300,\"caption\":\"RSR Moto\"},\"image\":{\"@id\":\"https:\\\/\\\/rsrmoto.ee\\\/#\\\/schema\\\/logo\\\/image\\\/\"}}]}<\/script>\n<!-- \/ Yoast SEO plugin. -->","yoast_head_json":{"title":"Jalatsid \"Speedmaster Graphite\" - RSR Moto","robots":{"index":"index","follow":"follow","max-snippet":"max-snippet:-1","max-image-preview":"max-image-preview:large","max-video-preview":"max-video-preview:-1"},"canonical":"https:\/\/rsrmoto.ee\/en\/product\/boots-speedmaster-graphite\/","og_locale":"en_GB","og_type":"article","og_title":"Jalatsid \"Speedmaster Graphite\" - RSR Moto","og_description":"K\u00f5ige kulumiskindlamad materjalid suurema vastupidavuse ja pikema eluea tagamiseks Pikendatud saapakate parema pahkluu toetamiseks Paksemad ja tugevamad paelad Vastupidav kummist v\u00e4listald Spetsiaalne mudavaba turvis Suur kannat\u00f5mme h\u00f5lbustab selga ja maha Neopreenelemendid l\u00f6\u00f6kide summutamiseks ja mugavuseks K\u00fclgedel v\u00e4ikesed augud vee \u00e4rajuhtimiseks ja kiireks kuivamiseks Uuendatud kaasaegne disain Pitsikonks D-r\u00f5nga kinnituskoht","og_url":"https:\/\/rsrmoto.ee\/en\/product\/boots-speedmaster-graphite\/","og_site_name":"RSR Moto","article_modified_time":"2024-05-16T08:47:50+00:00","og_image":[{"width":1000,"height":1000,"url":"https:\/\/rsrmoto.ee\/wp-content\/uploads\/2024\/05\/ev67u0plcwozno8cgr9qjoxxsppkz0ay.webp","type":"image\/webp"}],"twitter_card":"summary_large_image","schema":{"@context":"https:\/\/schema.org","@graph":[{"@type":"WebPage","@id":"https:\/\/rsrmoto.ee\/toode\/boots-speedmaster-graphite\/","url":"https:\/\/rsrmoto.ee\/toode\/boots-speedmaster-graphite\/","name":"Jalatsid \"Speedmaster Graphite\" - RSR Moto","isPartOf":{"@id":"https:\/\/rsrmoto.ee\/#website"},"primaryImageOfPage":{"@id":"https:\/\/rsrmoto.ee\/toode\/boots-speedmaster-graphite\/#primaryimage"},"image":{"@id":"https:\/\/rsrmoto.ee\/toode\/boots-speedmaster-graphite\/#primaryimage"},"thumbnailUrl":"https:\/\/rsrmoto.ee\/wp-content\/uploads\/2024\/05\/ev67u0plcwozno8cgr9qjoxxsppkz0ay.webp","datePublished":"2024-05-08T13:53:38+00:00","dateModified":"2024-05-16T08:47:50+00:00","breadcrumb":{"@id":"https:\/\/rsrmoto.ee\/toode\/boots-speedmaster-graphite\/#breadcrumb"},"inLanguage":"en-GB","potentialAction":[{"@type":"ReadAction","target":["https:\/\/rsrmoto.ee\/toode\/boots-speedmaster-graphite\/"]}]},{"@type":"ImageObject","inLanguage":"en-GB","@id":"https:\/\/rsrmoto.ee\/toode\/boots-speedmaster-graphite\/#primaryimage","url":"https:\/\/rsrmoto.ee\/wp-content\/uploads\/2024\/05\/ev67u0plcwozno8cgr9qjoxxsppkz0ay.webp","contentUrl":"https:\/\/rsrmoto.ee\/wp-content\/uploads\/2024\/05\/ev67u0plcwozno8cgr9qjoxxsppkz0ay.webp","width":1000,"height":1000},{"@type":"BreadcrumbList","@id":"https:\/\/rsrmoto.ee\/toode\/boots-speedmaster-graphite\/#breadcrumb","itemListElement":[{"@type":"ListItem","position":1,"name":"Esileht","item":"https:\/\/rsrmoto.ee\/"},{"@type":"ListItem","position":2,"name":"Pood","item":"https:\/\/rsrmoto.ee\/pood\/"},{"@type":"ListItem","position":3,"name":"Jalatsid &#8220;Speedmaster Graphite&#8221;"}]},{"@type":"WebSite","@id":"https:\/\/rsrmoto.ee\/#website","url":"https:\/\/rsrmoto.ee\/","name":"RSR Moto","description":"Kvalitseetsed matka- ja kalastusriided","publisher":{"@id":"https:\/\/rsrmoto.ee\/#organization"},"potentialAction":[{"@type":"SearchAction","target":{"@type":"EntryPoint","urlTemplate":"https:\/\/rsrmoto.ee\/?s={search_term_string}"},"query-input":{"@type":"PropertyValueSpecification","valueRequired":true,"valueName":"search_term_string"}}],"inLanguage":"en-GB"},{"@type":"Organization","@id":"https:\/\/rsrmoto.ee\/#organization","name":"RSR Moto","url":"https:\/\/rsrmoto.ee\/","logo":{"@type":"ImageObject","inLanguage":"en-GB","@id":"https:\/\/rsrmoto.ee\/#\/schema\/logo\/image\/","url":"https:\/\/www.rsrmoto.ee\/wp-content\/uploads\/2024\/05\/mountain-300x300-1.png","contentUrl":"https:\/\/www.rsrmoto.ee\/wp-content\/uploads\/2024\/05\/mountain-300x300-1.png","width":300,"height":300,"caption":"RSR Moto"},"image":{"@id":"https:\/\/rsrmoto.ee\/#\/schema\/logo\/image\/"}}]}},"_links":{"self":[{"href":"https:\/\/rsrmoto.ee\/en\/wp-json\/wp\/v2\/product\/2201","targetHints":{"allow":["GET"]}}],"collection":[{"href":"https:\/\/rsrmoto.ee\/en\/wp-json\/wp\/v2\/product"}],"about":[{"href":"https:\/\/rsrmoto.ee\/en\/wp-json\/wp\/v2\/types\/product"}],"wp:featuredmedia":[{"embeddable":true,"href":"https:\/\/rsrmoto.ee\/en\/wp-json\/wp\/v2\/media\/2210"}],"wp:attachment":[{"href":"https:\/\/rsrmoto.ee\/en\/wp-json\/wp\/v2\/media?parent=2201"}],"wp:term":[{"taxonomy":"product_brand","embeddable":true,"href":"https:\/\/rsrmoto.ee\/en\/wp-json\/wp\/v2\/product_brand?post=2201"},{"taxonomy":"product_cat","embeddable":true,"href":"https:\/\/rsrmoto.ee\/en\/wp-json\/wp\/v2\/product_cat?post=2201"},{"taxonomy":"product_tag","embeddable":true,"href":"https:\/\/rsrmoto.ee\/en\/wp-json\/wp\/v2\/product_tag?post=2201"}],"curies":[{"name":"wp","href":"https:\/\/api.w.org\/{rel}","templated":true}]}}