{"id":2220,"date":"2024-05-08T16:57:53","date_gmt":"2024-05-08T13:57:53","guid":{"rendered":"https:\/\/www.rsrmoto.ee\/?post_type=product&#038;p=2220"},"modified":"2024-05-16T11:47:18","modified_gmt":"2024-05-16T08:47:18","slug":"boots-speedmaster-khaki-felt-sole","status":"publish","type":"product","link":"https:\/\/rsrmoto.ee\/en\/product\/boots-speedmaster-khaki-felt-sole\/","title":{"rendered":"Jalatsid &#8220;Speedmaster&#8221; Roheline (Vildist tald)"},"content":{"rendered":"<p>V\u00e4rskendatud SPEEDMASTER saapad on valmistatud kergest vastupidavast materjalist, mille varba- ja kannapiirkonnas on tugevdus, mis pakub t\u00e4iendavat kaitset vigastuste eest. Saapad hoiavad kindlalt pahkluust, pakkudes liikumise ajal stabiilsust ja mugavust. Vildist tald pakub usaldusv\u00e4\u00e4rset ja turvalist haardumist libedatel pindadel ning sobib kasutamiseks madalatel temperatuuridel. Suurendatud silmus lihtsaks kandmiseks muudab k\u00e4ivitamise protsessi kiireks ja mugavaks. Tugevad nailonist paelad kinnitavad kindlalt ja reguleerivad saabaste sobivust. V\u00e4rskendatud ja tihedam sisetald annab kandmisel lisamugavust. Samuti on mudelil n\u00fc\u00fcd kahlajate kinnitusr\u00f5ngas, mis muudab saapad veelgi mugavamaks ja funktsionaalsemaks.<\/p>","protected":false},"excerpt":{"rendered":"<p>Spetsiaalsed \u00e4ravooluavad aitavad hoida jalad kuivana ja mugavalt. Pange t\u00e4hele, et neid \u00e4ravooluavadega saapaid tohib kasutada ainult neopreensokkidega kahlajate puhul.<\/p>","protected":false},"featured_media":2229,"template":"","meta":[],"product_brand":[],"product_cat":[33,23],"product_tag":[],"class_list":{"0":"post-2220","1":"product","2":"type-product","3":"status-publish","4":"has-post-thumbnail","6":"product_cat-jalatsid-naistele","7":"product_cat-naistele","9":"first","10":"instock","11":"taxable","12":"shipping-taxable","13":"purchasable","14":"product-type-variable"},"ct_brands":[],"yoast_head":"<!-- This site is optimized with the Yoast SEO plugin v27.3 - https:\/\/yoast.com\/product\/yoast-seo-wordpress\/ -->\n<title>Jalatsid &quot;Speedmaster&quot; Roheline (Vildist tald) - RSR Moto<\/title>\n<meta name=\"robots\" content=\"index, follow, max-snippet:-1, max-image-preview:large, max-video-preview:-1\" \/>\n<link rel=\"canonical\" href=\"https:\/\/rsrmoto.ee\/en\/product\/boots-speedmaster-khaki-felt-sole\/\" \/>\n<meta property=\"og:locale\" content=\"en_GB\" \/>\n<meta property=\"og:type\" content=\"article\" \/>\n<meta property=\"og:title\" content=\"Jalatsid &quot;Speedmaster&quot; Roheline (Vildist tald) - RSR Moto\" \/>\n<meta property=\"og:description\" content=\"Spetsiaalsed \u00e4ravooluavad aitavad hoida jalad kuivana ja mugavalt. Pange t\u00e4hele, et neid \u00e4ravooluavadega saapaid tohib kasutada ainult neopreensokkidega kahlajate puhul.\" \/>\n<meta property=\"og:url\" content=\"https:\/\/rsrmoto.ee\/en\/product\/boots-speedmaster-khaki-felt-sole\/\" \/>\n<meta property=\"og:site_name\" content=\"RSR Moto\" \/>\n<meta property=\"article:modified_time\" content=\"2024-05-16T08:47:18+00:00\" \/>\n<meta property=\"og:image\" content=\"https:\/\/rsrmoto.ee\/wp-content\/uploads\/2024\/05\/k4h8cdyadhcxwy3ds8loncxvu0cql1sd.webp\" \/>\n\t<meta property=\"og:image:width\" content=\"1000\" \/>\n\t<meta property=\"og:image:height\" content=\"1000\" \/>\n\t<meta property=\"og:image:type\" content=\"image\/webp\" \/>\n<meta name=\"twitter:card\" content=\"summary_large_image\" \/>\n<script type=\"application\/ld+json\" class=\"yoast-schema-graph\">{\"@context\":\"https:\\\/\\\/schema.org\",\"@graph\":[{\"@type\":\"WebPage\",\"@id\":\"https:\\\/\\\/rsrmoto.ee\\\/toode\\\/boots-speedmaster-khaki-felt-sole\\\/\",\"url\":\"https:\\\/\\\/rsrmoto.ee\\\/toode\\\/boots-speedmaster-khaki-felt-sole\\\/\",\"name\":\"Jalatsid \\\"Speedmaster\\\" Roheline (Vildist tald) - RSR Moto\",\"isPartOf\":{\"@id\":\"https:\\\/\\\/rsrmoto.ee\\\/#website\"},\"primaryImageOfPage\":{\"@id\":\"https:\\\/\\\/rsrmoto.ee\\\/toode\\\/boots-speedmaster-khaki-felt-sole\\\/#primaryimage\"},\"image\":{\"@id\":\"https:\\\/\\\/rsrmoto.ee\\\/toode\\\/boots-speedmaster-khaki-felt-sole\\\/#primaryimage\"},\"thumbnailUrl\":\"https:\\\/\\\/rsrmoto.ee\\\/wp-content\\\/uploads\\\/2024\\\/05\\\/k4h8cdyadhcxwy3ds8loncxvu0cql1sd.webp\",\"datePublished\":\"2024-05-08T13:57:53+00:00\",\"dateModified\":\"2024-05-16T08:47:18+00:00\",\"breadcrumb\":{\"@id\":\"https:\\\/\\\/rsrmoto.ee\\\/toode\\\/boots-speedmaster-khaki-felt-sole\\\/#breadcrumb\"},\"inLanguage\":\"en-GB\",\"potentialAction\":[{\"@type\":\"ReadAction\",\"target\":[\"https:\\\/\\\/rsrmoto.ee\\\/toode\\\/boots-speedmaster-khaki-felt-sole\\\/\"]}]},{\"@type\":\"ImageObject\",\"inLanguage\":\"en-GB\",\"@id\":\"https:\\\/\\\/rsrmoto.ee\\\/toode\\\/boots-speedmaster-khaki-felt-sole\\\/#primaryimage\",\"url\":\"https:\\\/\\\/rsrmoto.ee\\\/wp-content\\\/uploads\\\/2024\\\/05\\\/k4h8cdyadhcxwy3ds8loncxvu0cql1sd.webp\",\"contentUrl\":\"https:\\\/\\\/rsrmoto.ee\\\/wp-content\\\/uploads\\\/2024\\\/05\\\/k4h8cdyadhcxwy3ds8loncxvu0cql1sd.webp\",\"width\":1000,\"height\":1000},{\"@type\":\"BreadcrumbList\",\"@id\":\"https:\\\/\\\/rsrmoto.ee\\\/toode\\\/boots-speedmaster-khaki-felt-sole\\\/#breadcrumb\",\"itemListElement\":[{\"@type\":\"ListItem\",\"position\":1,\"name\":\"Esileht\",\"item\":\"https:\\\/\\\/rsrmoto.ee\\\/\"},{\"@type\":\"ListItem\",\"position\":2,\"name\":\"Pood\",\"item\":\"https:\\\/\\\/rsrmoto.ee\\\/pood\\\/\"},{\"@type\":\"ListItem\",\"position\":3,\"name\":\"Jalatsid &#8220;Speedmaster&#8221; Roheline (Vildist tald)\"}]},{\"@type\":\"WebSite\",\"@id\":\"https:\\\/\\\/rsrmoto.ee\\\/#website\",\"url\":\"https:\\\/\\\/rsrmoto.ee\\\/\",\"name\":\"RSR Moto\",\"description\":\"Kvalitseetsed matka- ja kalastusriided\",\"publisher\":{\"@id\":\"https:\\\/\\\/rsrmoto.ee\\\/#organization\"},\"potentialAction\":[{\"@type\":\"SearchAction\",\"target\":{\"@type\":\"EntryPoint\",\"urlTemplate\":\"https:\\\/\\\/rsrmoto.ee\\\/?s={search_term_string}\"},\"query-input\":{\"@type\":\"PropertyValueSpecification\",\"valueRequired\":true,\"valueName\":\"search_term_string\"}}],\"inLanguage\":\"en-GB\"},{\"@type\":\"Organization\",\"@id\":\"https:\\\/\\\/rsrmoto.ee\\\/#organization\",\"name\":\"RSR Moto\",\"url\":\"https:\\\/\\\/rsrmoto.ee\\\/\",\"logo\":{\"@type\":\"ImageObject\",\"inLanguage\":\"en-GB\",\"@id\":\"https:\\\/\\\/rsrmoto.ee\\\/#\\\/schema\\\/logo\\\/image\\\/\",\"url\":\"https:\\\/\\\/www.rsrmoto.ee\\\/wp-content\\\/uploads\\\/2024\\\/05\\\/mountain-300x300-1.png\",\"contentUrl\":\"https:\\\/\\\/www.rsrmoto.ee\\\/wp-content\\\/uploads\\\/2024\\\/05\\\/mountain-300x300-1.png\",\"width\":300,\"height\":300,\"caption\":\"RSR Moto\"},\"image\":{\"@id\":\"https:\\\/\\\/rsrmoto.ee\\\/#\\\/schema\\\/logo\\\/image\\\/\"}}]}<\/script>\n<!-- \/ Yoast SEO plugin. -->","yoast_head_json":{"title":"Jalatsid \"Speedmaster\" Roheline (Vildist tald) - RSR Moto","robots":{"index":"index","follow":"follow","max-snippet":"max-snippet:-1","max-image-preview":"max-image-preview:large","max-video-preview":"max-video-preview:-1"},"canonical":"https:\/\/rsrmoto.ee\/en\/product\/boots-speedmaster-khaki-felt-sole\/","og_locale":"en_GB","og_type":"article","og_title":"Jalatsid \"Speedmaster\" Roheline (Vildist tald) - RSR Moto","og_description":"Spetsiaalsed \u00e4ravooluavad aitavad hoida jalad kuivana ja mugavalt. Pange t\u00e4hele, et neid \u00e4ravooluavadega saapaid tohib kasutada ainult neopreensokkidega kahlajate puhul.","og_url":"https:\/\/rsrmoto.ee\/en\/product\/boots-speedmaster-khaki-felt-sole\/","og_site_name":"RSR Moto","article_modified_time":"2024-05-16T08:47:18+00:00","og_image":[{"width":1000,"height":1000,"url":"https:\/\/rsrmoto.ee\/wp-content\/uploads\/2024\/05\/k4h8cdyadhcxwy3ds8loncxvu0cql1sd.webp","type":"image\/webp"}],"twitter_card":"summary_large_image","schema":{"@context":"https:\/\/schema.org","@graph":[{"@type":"WebPage","@id":"https:\/\/rsrmoto.ee\/toode\/boots-speedmaster-khaki-felt-sole\/","url":"https:\/\/rsrmoto.ee\/toode\/boots-speedmaster-khaki-felt-sole\/","name":"Jalatsid \"Speedmaster\" Roheline (Vildist tald) - RSR Moto","isPartOf":{"@id":"https:\/\/rsrmoto.ee\/#website"},"primaryImageOfPage":{"@id":"https:\/\/rsrmoto.ee\/toode\/boots-speedmaster-khaki-felt-sole\/#primaryimage"},"image":{"@id":"https:\/\/rsrmoto.ee\/toode\/boots-speedmaster-khaki-felt-sole\/#primaryimage"},"thumbnailUrl":"https:\/\/rsrmoto.ee\/wp-content\/uploads\/2024\/05\/k4h8cdyadhcxwy3ds8loncxvu0cql1sd.webp","datePublished":"2024-05-08T13:57:53+00:00","dateModified":"2024-05-16T08:47:18+00:00","breadcrumb":{"@id":"https:\/\/rsrmoto.ee\/toode\/boots-speedmaster-khaki-felt-sole\/#breadcrumb"},"inLanguage":"en-GB","potentialAction":[{"@type":"ReadAction","target":["https:\/\/rsrmoto.ee\/toode\/boots-speedmaster-khaki-felt-sole\/"]}]},{"@type":"ImageObject","inLanguage":"en-GB","@id":"https:\/\/rsrmoto.ee\/toode\/boots-speedmaster-khaki-felt-sole\/#primaryimage","url":"https:\/\/rsrmoto.ee\/wp-content\/uploads\/2024\/05\/k4h8cdyadhcxwy3ds8loncxvu0cql1sd.webp","contentUrl":"https:\/\/rsrmoto.ee\/wp-content\/uploads\/2024\/05\/k4h8cdyadhcxwy3ds8loncxvu0cql1sd.webp","width":1000,"height":1000},{"@type":"BreadcrumbList","@id":"https:\/\/rsrmoto.ee\/toode\/boots-speedmaster-khaki-felt-sole\/#breadcrumb","itemListElement":[{"@type":"ListItem","position":1,"name":"Esileht","item":"https:\/\/rsrmoto.ee\/"},{"@type":"ListItem","position":2,"name":"Pood","item":"https:\/\/rsrmoto.ee\/pood\/"},{"@type":"ListItem","position":3,"name":"Jalatsid &#8220;Speedmaster&#8221; Roheline (Vildist tald)"}]},{"@type":"WebSite","@id":"https:\/\/rsrmoto.ee\/#website","url":"https:\/\/rsrmoto.ee\/","name":"RSR Moto","description":"Kvalitseetsed matka- ja kalastusriided","publisher":{"@id":"https:\/\/rsrmoto.ee\/#organization"},"potentialAction":[{"@type":"SearchAction","target":{"@type":"EntryPoint","urlTemplate":"https:\/\/rsrmoto.ee\/?s={search_term_string}"},"query-input":{"@type":"PropertyValueSpecification","valueRequired":true,"valueName":"search_term_string"}}],"inLanguage":"en-GB"},{"@type":"Organization","@id":"https:\/\/rsrmoto.ee\/#organization","name":"RSR Moto","url":"https:\/\/rsrmoto.ee\/","logo":{"@type":"ImageObject","inLanguage":"en-GB","@id":"https:\/\/rsrmoto.ee\/#\/schema\/logo\/image\/","url":"https:\/\/www.rsrmoto.ee\/wp-content\/uploads\/2024\/05\/mountain-300x300-1.png","contentUrl":"https:\/\/www.rsrmoto.ee\/wp-content\/uploads\/2024\/05\/mountain-300x300-1.png","width":300,"height":300,"caption":"RSR Moto"},"image":{"@id":"https:\/\/rsrmoto.ee\/#\/schema\/logo\/image\/"}}]}},"_links":{"self":[{"href":"https:\/\/rsrmoto.ee\/en\/wp-json\/wp\/v2\/product\/2220","targetHints":{"allow":["GET"]}}],"collection":[{"href":"https:\/\/rsrmoto.ee\/en\/wp-json\/wp\/v2\/product"}],"about":[{"href":"https:\/\/rsrmoto.ee\/en\/wp-json\/wp\/v2\/types\/product"}],"wp:featuredmedia":[{"embeddable":true,"href":"https:\/\/rsrmoto.ee\/en\/wp-json\/wp\/v2\/media\/2229"}],"wp:attachment":[{"href":"https:\/\/rsrmoto.ee\/en\/wp-json\/wp\/v2\/media?parent=2220"}],"wp:term":[{"taxonomy":"product_brand","embeddable":true,"href":"https:\/\/rsrmoto.ee\/en\/wp-json\/wp\/v2\/product_brand?post=2220"},{"taxonomy":"product_cat","embeddable":true,"href":"https:\/\/rsrmoto.ee\/en\/wp-json\/wp\/v2\/product_cat?post=2220"},{"taxonomy":"product_tag","embeddable":true,"href":"https:\/\/rsrmoto.ee\/en\/wp-json\/wp\/v2\/product_tag?post=2220"}],"curies":[{"name":"wp","href":"https:\/\/api.w.org\/{rel}","templated":true}]}}