{"id":2313,"date":"2024-05-10T08:48:16","date_gmt":"2024-05-10T05:48:16","guid":{"rendered":"https:\/\/www.rsrmoto.ee\/?post_type=product&#038;p=2313"},"modified":"2024-05-16T11:48:32","modified_gmt":"2024-05-16T08:48:32","slug":"boots-tactic-graphite","status":"publish","type":"product","link":"https:\/\/rsrmoto.ee\/en\/product\/boots-tactic-graphite\/","title":{"rendered":"Jalatsid &#8220;Tactic Graphite&#8221;"},"content":{"rendered":"<p>TACTIC saapad sobivad suurep\u00e4raselt v\u00e4litegevusteks, nagu matkamine, matkamine, reisimine, jaht, kalap\u00fc\u00fck ja palju muud. Tugeva talla, vastupidava materjali ja mugava istuvusega saapad pakuvad usaldusv\u00e4\u00e4rset kaitset ja mugavust mis tahes tingimustes.<\/p>\n<p>Saapad on valmistatud vastupidavast materjalist, millel on OXFORD koe ja pol\u00fcuretaankate, mis pakuvad lisakaitset k\u00f5rge stressiga kohtades. Pahkluu piirkond on t\u00e4iendava mugavuse tagamiseks polsterdatud pehme polstriga. Kummist \u00fclekatted annavad lisatugevduse varbale ja kannale, suurendades saabaste vastupidavust. K\u00f5rge vars pakub jalgadele t\u00e4iendavat kaitset v\u00e4liste kahjustuste eest, mis omakorda hoiab \u00e4ra vigastused.<\/p>\n<p>Nendel saapadel on HARD-TEX membraan, mis tagab k\u00f5rge veekindluse ja hingavuse. Mudelil on funktsionaalne disain, mis sisaldab fikseeritud keelt, mis takistab liiva ja prahi sattumist saapa sisse, ning klassikalist n\u00f6\u00f6ri, mis tagab kindla istuvuse.<\/p>\n<p>&nbsp;<\/p>","protected":false},"excerpt":{"rendered":"<p>Nende saabaste vahetald on valmistatud EVA materjalist, mis tagab k\u00f5ndimisel suurep\u00e4rase pehmenduse. Tald on kujundatud isepuhastuv, agressiivse turvisemustriga, mis tagab usaldusv\u00e4\u00e4rse haardumise isegi rasketel pindadel, j\u00e4rskudel laskumistel ja t\u00f5usudel. Lisaks on kingadel spetsiaalne pehmendav sisetald, millel on hingav rakuline struktuur, pakkudes jalale anatoomilist tuge.<\/p>","protected":false},"featured_media":2326,"template":"","meta":[],"product_brand":[],"product_cat":[29,15],"product_tag":[],"class_list":{"0":"post-2313","1":"product","2":"type-product","3":"status-publish","4":"has-post-thumbnail","6":"product_cat-jalatsid","7":"product_cat-meestele","9":"first","10":"instock","11":"taxable","12":"shipping-taxable","13":"purchasable","14":"product-type-variable"},"ct_brands":[],"yoast_head":"<!-- This site is optimized with the Yoast SEO plugin v27.3 - https:\/\/yoast.com\/product\/yoast-seo-wordpress\/ -->\n<title>Jalatsid &quot;Tactic Graphite&quot; - RSR Moto<\/title>\n<meta name=\"robots\" content=\"index, follow, max-snippet:-1, max-image-preview:large, max-video-preview:-1\" \/>\n<link rel=\"canonical\" href=\"https:\/\/rsrmoto.ee\/en\/product\/boots-tactic-graphite\/\" \/>\n<meta property=\"og:locale\" content=\"en_GB\" \/>\n<meta property=\"og:type\" content=\"article\" \/>\n<meta property=\"og:title\" content=\"Jalatsid &quot;Tactic Graphite&quot; - RSR Moto\" \/>\n<meta property=\"og:description\" content=\"Nende saabaste vahetald on valmistatud EVA materjalist, mis tagab k\u00f5ndimisel suurep\u00e4rase pehmenduse. Tald on kujundatud isepuhastuv, agressiivse turvisemustriga, mis tagab usaldusv\u00e4\u00e4rse haardumise isegi rasketel pindadel, j\u00e4rskudel laskumistel ja t\u00f5usudel. Lisaks on kingadel spetsiaalne pehmendav sisetald, millel on hingav rakuline struktuur, pakkudes jalale anatoomilist tuge.\" \/>\n<meta property=\"og:url\" content=\"https:\/\/rsrmoto.ee\/en\/product\/boots-tactic-graphite\/\" \/>\n<meta property=\"og:site_name\" content=\"RSR Moto\" \/>\n<meta property=\"article:modified_time\" content=\"2024-05-16T08:48:32+00:00\" \/>\n<meta property=\"og:image\" content=\"https:\/\/rsrmoto.ee\/wp-content\/uploads\/2024\/05\/vlp92c10u1ig2lsnfth9grwxgqil7oea.webp\" \/>\n\t<meta property=\"og:image:width\" content=\"1000\" \/>\n\t<meta property=\"og:image:height\" content=\"1000\" \/>\n\t<meta property=\"og:image:type\" content=\"image\/webp\" \/>\n<meta name=\"twitter:card\" content=\"summary_large_image\" \/>\n<meta name=\"twitter:label1\" content=\"Estimated reading time\" \/>\n\t<meta name=\"twitter:data1\" content=\"1 minute\" \/>\n<script type=\"application\/ld+json\" class=\"yoast-schema-graph\">{\"@context\":\"https:\\\/\\\/schema.org\",\"@graph\":[{\"@type\":\"WebPage\",\"@id\":\"https:\\\/\\\/rsrmoto.ee\\\/toode\\\/boots-tactic-graphite\\\/\",\"url\":\"https:\\\/\\\/rsrmoto.ee\\\/toode\\\/boots-tactic-graphite\\\/\",\"name\":\"Jalatsid \\\"Tactic Graphite\\\" - RSR Moto\",\"isPartOf\":{\"@id\":\"https:\\\/\\\/rsrmoto.ee\\\/#website\"},\"primaryImageOfPage\":{\"@id\":\"https:\\\/\\\/rsrmoto.ee\\\/toode\\\/boots-tactic-graphite\\\/#primaryimage\"},\"image\":{\"@id\":\"https:\\\/\\\/rsrmoto.ee\\\/toode\\\/boots-tactic-graphite\\\/#primaryimage\"},\"thumbnailUrl\":\"https:\\\/\\\/rsrmoto.ee\\\/wp-content\\\/uploads\\\/2024\\\/05\\\/vlp92c10u1ig2lsnfth9grwxgqil7oea.webp\",\"datePublished\":\"2024-05-10T05:48:16+00:00\",\"dateModified\":\"2024-05-16T08:48:32+00:00\",\"breadcrumb\":{\"@id\":\"https:\\\/\\\/rsrmoto.ee\\\/toode\\\/boots-tactic-graphite\\\/#breadcrumb\"},\"inLanguage\":\"en-GB\",\"potentialAction\":[{\"@type\":\"ReadAction\",\"target\":[\"https:\\\/\\\/rsrmoto.ee\\\/toode\\\/boots-tactic-graphite\\\/\"]}]},{\"@type\":\"ImageObject\",\"inLanguage\":\"en-GB\",\"@id\":\"https:\\\/\\\/rsrmoto.ee\\\/toode\\\/boots-tactic-graphite\\\/#primaryimage\",\"url\":\"https:\\\/\\\/rsrmoto.ee\\\/wp-content\\\/uploads\\\/2024\\\/05\\\/vlp92c10u1ig2lsnfth9grwxgqil7oea.webp\",\"contentUrl\":\"https:\\\/\\\/rsrmoto.ee\\\/wp-content\\\/uploads\\\/2024\\\/05\\\/vlp92c10u1ig2lsnfth9grwxgqil7oea.webp\",\"width\":1000,\"height\":1000},{\"@type\":\"BreadcrumbList\",\"@id\":\"https:\\\/\\\/rsrmoto.ee\\\/toode\\\/boots-tactic-graphite\\\/#breadcrumb\",\"itemListElement\":[{\"@type\":\"ListItem\",\"position\":1,\"name\":\"Esileht\",\"item\":\"https:\\\/\\\/rsrmoto.ee\\\/\"},{\"@type\":\"ListItem\",\"position\":2,\"name\":\"Pood\",\"item\":\"https:\\\/\\\/rsrmoto.ee\\\/pood\\\/\"},{\"@type\":\"ListItem\",\"position\":3,\"name\":\"Jalatsid &#8220;Tactic Graphite&#8221;\"}]},{\"@type\":\"WebSite\",\"@id\":\"https:\\\/\\\/rsrmoto.ee\\\/#website\",\"url\":\"https:\\\/\\\/rsrmoto.ee\\\/\",\"name\":\"RSR Moto\",\"description\":\"Kvalitseetsed matka- ja kalastusriided\",\"publisher\":{\"@id\":\"https:\\\/\\\/rsrmoto.ee\\\/#organization\"},\"potentialAction\":[{\"@type\":\"SearchAction\",\"target\":{\"@type\":\"EntryPoint\",\"urlTemplate\":\"https:\\\/\\\/rsrmoto.ee\\\/?s={search_term_string}\"},\"query-input\":{\"@type\":\"PropertyValueSpecification\",\"valueRequired\":true,\"valueName\":\"search_term_string\"}}],\"inLanguage\":\"en-GB\"},{\"@type\":\"Organization\",\"@id\":\"https:\\\/\\\/rsrmoto.ee\\\/#organization\",\"name\":\"RSR Moto\",\"url\":\"https:\\\/\\\/rsrmoto.ee\\\/\",\"logo\":{\"@type\":\"ImageObject\",\"inLanguage\":\"en-GB\",\"@id\":\"https:\\\/\\\/rsrmoto.ee\\\/#\\\/schema\\\/logo\\\/image\\\/\",\"url\":\"https:\\\/\\\/www.rsrmoto.ee\\\/wp-content\\\/uploads\\\/2024\\\/05\\\/mountain-300x300-1.png\",\"contentUrl\":\"https:\\\/\\\/www.rsrmoto.ee\\\/wp-content\\\/uploads\\\/2024\\\/05\\\/mountain-300x300-1.png\",\"width\":300,\"height\":300,\"caption\":\"RSR Moto\"},\"image\":{\"@id\":\"https:\\\/\\\/rsrmoto.ee\\\/#\\\/schema\\\/logo\\\/image\\\/\"}}]}<\/script>\n<!-- \/ Yoast SEO plugin. -->","yoast_head_json":{"title":"Jalatsid \"Tactic Graphite\" - RSR Moto","robots":{"index":"index","follow":"follow","max-snippet":"max-snippet:-1","max-image-preview":"max-image-preview:large","max-video-preview":"max-video-preview:-1"},"canonical":"https:\/\/rsrmoto.ee\/en\/product\/boots-tactic-graphite\/","og_locale":"en_GB","og_type":"article","og_title":"Jalatsid \"Tactic Graphite\" - RSR Moto","og_description":"Nende saabaste vahetald on valmistatud EVA materjalist, mis tagab k\u00f5ndimisel suurep\u00e4rase pehmenduse. Tald on kujundatud isepuhastuv, agressiivse turvisemustriga, mis tagab usaldusv\u00e4\u00e4rse haardumise isegi rasketel pindadel, j\u00e4rskudel laskumistel ja t\u00f5usudel. Lisaks on kingadel spetsiaalne pehmendav sisetald, millel on hingav rakuline struktuur, pakkudes jalale anatoomilist tuge.","og_url":"https:\/\/rsrmoto.ee\/en\/product\/boots-tactic-graphite\/","og_site_name":"RSR Moto","article_modified_time":"2024-05-16T08:48:32+00:00","og_image":[{"width":1000,"height":1000,"url":"https:\/\/rsrmoto.ee\/wp-content\/uploads\/2024\/05\/vlp92c10u1ig2lsnfth9grwxgqil7oea.webp","type":"image\/webp"}],"twitter_card":"summary_large_image","twitter_misc":{"Estimated reading time":"1 minute"},"schema":{"@context":"https:\/\/schema.org","@graph":[{"@type":"WebPage","@id":"https:\/\/rsrmoto.ee\/toode\/boots-tactic-graphite\/","url":"https:\/\/rsrmoto.ee\/toode\/boots-tactic-graphite\/","name":"Jalatsid \"Tactic Graphite\" - RSR Moto","isPartOf":{"@id":"https:\/\/rsrmoto.ee\/#website"},"primaryImageOfPage":{"@id":"https:\/\/rsrmoto.ee\/toode\/boots-tactic-graphite\/#primaryimage"},"image":{"@id":"https:\/\/rsrmoto.ee\/toode\/boots-tactic-graphite\/#primaryimage"},"thumbnailUrl":"https:\/\/rsrmoto.ee\/wp-content\/uploads\/2024\/05\/vlp92c10u1ig2lsnfth9grwxgqil7oea.webp","datePublished":"2024-05-10T05:48:16+00:00","dateModified":"2024-05-16T08:48:32+00:00","breadcrumb":{"@id":"https:\/\/rsrmoto.ee\/toode\/boots-tactic-graphite\/#breadcrumb"},"inLanguage":"en-GB","potentialAction":[{"@type":"ReadAction","target":["https:\/\/rsrmoto.ee\/toode\/boots-tactic-graphite\/"]}]},{"@type":"ImageObject","inLanguage":"en-GB","@id":"https:\/\/rsrmoto.ee\/toode\/boots-tactic-graphite\/#primaryimage","url":"https:\/\/rsrmoto.ee\/wp-content\/uploads\/2024\/05\/vlp92c10u1ig2lsnfth9grwxgqil7oea.webp","contentUrl":"https:\/\/rsrmoto.ee\/wp-content\/uploads\/2024\/05\/vlp92c10u1ig2lsnfth9grwxgqil7oea.webp","width":1000,"height":1000},{"@type":"BreadcrumbList","@id":"https:\/\/rsrmoto.ee\/toode\/boots-tactic-graphite\/#breadcrumb","itemListElement":[{"@type":"ListItem","position":1,"name":"Esileht","item":"https:\/\/rsrmoto.ee\/"},{"@type":"ListItem","position":2,"name":"Pood","item":"https:\/\/rsrmoto.ee\/pood\/"},{"@type":"ListItem","position":3,"name":"Jalatsid &#8220;Tactic Graphite&#8221;"}]},{"@type":"WebSite","@id":"https:\/\/rsrmoto.ee\/#website","url":"https:\/\/rsrmoto.ee\/","name":"RSR Moto","description":"Kvalitseetsed matka- ja kalastusriided","publisher":{"@id":"https:\/\/rsrmoto.ee\/#organization"},"potentialAction":[{"@type":"SearchAction","target":{"@type":"EntryPoint","urlTemplate":"https:\/\/rsrmoto.ee\/?s={search_term_string}"},"query-input":{"@type":"PropertyValueSpecification","valueRequired":true,"valueName":"search_term_string"}}],"inLanguage":"en-GB"},{"@type":"Organization","@id":"https:\/\/rsrmoto.ee\/#organization","name":"RSR Moto","url":"https:\/\/rsrmoto.ee\/","logo":{"@type":"ImageObject","inLanguage":"en-GB","@id":"https:\/\/rsrmoto.ee\/#\/schema\/logo\/image\/","url":"https:\/\/www.rsrmoto.ee\/wp-content\/uploads\/2024\/05\/mountain-300x300-1.png","contentUrl":"https:\/\/www.rsrmoto.ee\/wp-content\/uploads\/2024\/05\/mountain-300x300-1.png","width":300,"height":300,"caption":"RSR Moto"},"image":{"@id":"https:\/\/rsrmoto.ee\/#\/schema\/logo\/image\/"}}]}},"_links":{"self":[{"href":"https:\/\/rsrmoto.ee\/en\/wp-json\/wp\/v2\/product\/2313","targetHints":{"allow":["GET"]}}],"collection":[{"href":"https:\/\/rsrmoto.ee\/en\/wp-json\/wp\/v2\/product"}],"about":[{"href":"https:\/\/rsrmoto.ee\/en\/wp-json\/wp\/v2\/types\/product"}],"wp:featuredmedia":[{"embeddable":true,"href":"https:\/\/rsrmoto.ee\/en\/wp-json\/wp\/v2\/media\/2326"}],"wp:attachment":[{"href":"https:\/\/rsrmoto.ee\/en\/wp-json\/wp\/v2\/media?parent=2313"}],"wp:term":[{"taxonomy":"product_brand","embeddable":true,"href":"https:\/\/rsrmoto.ee\/en\/wp-json\/wp\/v2\/product_brand?post=2313"},{"taxonomy":"product_cat","embeddable":true,"href":"https:\/\/rsrmoto.ee\/en\/wp-json\/wp\/v2\/product_cat?post=2313"},{"taxonomy":"product_tag","embeddable":true,"href":"https:\/\/rsrmoto.ee\/en\/wp-json\/wp\/v2\/product_tag?post=2313"}],"curies":[{"name":"wp","href":"https:\/\/api.w.org\/{rel}","templated":true}]}}