{"id":2431,"date":"2024-05-10T09:13:08","date_gmt":"2024-05-10T06:13:08","guid":{"rendered":"https:\/\/www.rsrmoto.ee\/?post_type=product&#038;p=2431"},"modified":"2024-05-16T11:57:08","modified_gmt":"2024-05-16T08:57:08","slug":"longsleeve-vizard-khaki","status":"publish","type":"product","link":"https:\/\/rsrmoto.ee\/en\/product\/longsleeve-vizard-khaki\/","title":{"rendered":"Pluus &#8220;Vizard&#8221; Roheline"},"content":{"rendered":"<p>Pikkade varrukatega s\u00e4rk on valmistatud hingavast ja kiiresti kuivavast kangast, mis pakub UPF 50 UV-kaitset. Sellel on putukaid t\u00f5rjuv tehnoloogia ja see on kaetud antibakteriaalse materjaliga, mis hoiab \u00e4ra ebameeldiva l\u00f5hna. Lamedad \u00f5mblused hoiavad \u00e4ra naha\u00e4rrituse ja h\u00f5\u00f5rdumise aktiivse treeningu v\u00f5i reisi ajal.<\/p>","protected":false},"excerpt":{"rendered":"<p>Lisaks on sellel sisseehitatud mask, mis aitab v\u00e4ltida mustuse ja tolmuosakeste sattumist n\u00e4ole ja kaelale. Silikoonist siset\u00fckid maski tagak\u00fcljel kinnitavad selle paigale ja takistavad liikumise ajal libisemist.<\/p>","protected":false},"featured_media":3792,"template":"","meta":[],"product_brand":[],"product_cat":[15,88],"product_tag":[],"class_list":{"0":"post-2431","1":"product","2":"type-product","3":"status-publish","4":"has-post-thumbnail","6":"product_cat-meestele","7":"product_cat-sargid","9":"first","10":"instock","11":"taxable","12":"shipping-taxable","13":"purchasable","14":"product-type-variable"},"ct_brands":[],"yoast_head":"<!-- This site is optimized with the Yoast SEO plugin v27.3 - https:\/\/yoast.com\/product\/yoast-seo-wordpress\/ -->\n<title>Pluus &quot;Vizard&quot; Roheline - RSR Moto<\/title>\n<meta name=\"robots\" content=\"index, follow, max-snippet:-1, max-image-preview:large, max-video-preview:-1\" \/>\n<link rel=\"canonical\" href=\"https:\/\/rsrmoto.ee\/en\/product\/longsleeve-vizard-khaki\/\" \/>\n<meta property=\"og:locale\" content=\"en_GB\" \/>\n<meta property=\"og:type\" content=\"article\" \/>\n<meta property=\"og:title\" content=\"Pluus &quot;Vizard&quot; Roheline - RSR Moto\" \/>\n<meta property=\"og:description\" content=\"Lisaks on sellel sisseehitatud mask, mis aitab v\u00e4ltida mustuse ja tolmuosakeste sattumist n\u00e4ole ja kaelale. Silikoonist siset\u00fckid maski tagak\u00fcljel kinnitavad selle paigale ja takistavad liikumise ajal libisemist.\" \/>\n<meta property=\"og:url\" content=\"https:\/\/rsrmoto.ee\/en\/product\/longsleeve-vizard-khaki\/\" \/>\n<meta property=\"og:site_name\" content=\"RSR Moto\" \/>\n<meta property=\"article:modified_time\" content=\"2024-05-16T08:57:08+00:00\" \/>\n<meta property=\"og:image\" content=\"https:\/\/rsrmoto.ee\/wp-content\/uploads\/2024\/05\/911snw5ws7yhcoxmmg2413a128h20avl-600x900-1.jpg\" \/>\n\t<meta property=\"og:image:width\" content=\"600\" \/>\n\t<meta property=\"og:image:height\" content=\"600\" \/>\n\t<meta property=\"og:image:type\" content=\"image\/jpeg\" \/>\n<meta name=\"twitter:card\" content=\"summary_large_image\" \/>\n<script type=\"application\/ld+json\" class=\"yoast-schema-graph\">{\"@context\":\"https:\\\/\\\/schema.org\",\"@graph\":[{\"@type\":\"WebPage\",\"@id\":\"https:\\\/\\\/rsrmoto.ee\\\/toode\\\/longsleeve-vizard-khaki\\\/\",\"url\":\"https:\\\/\\\/rsrmoto.ee\\\/toode\\\/longsleeve-vizard-khaki\\\/\",\"name\":\"Pluus \\\"Vizard\\\" Roheline - RSR Moto\",\"isPartOf\":{\"@id\":\"https:\\\/\\\/rsrmoto.ee\\\/#website\"},\"primaryImageOfPage\":{\"@id\":\"https:\\\/\\\/rsrmoto.ee\\\/toode\\\/longsleeve-vizard-khaki\\\/#primaryimage\"},\"image\":{\"@id\":\"https:\\\/\\\/rsrmoto.ee\\\/toode\\\/longsleeve-vizard-khaki\\\/#primaryimage\"},\"thumbnailUrl\":\"https:\\\/\\\/rsrmoto.ee\\\/wp-content\\\/uploads\\\/2024\\\/05\\\/911snw5ws7yhcoxmmg2413a128h20avl-600x900-1.jpg\",\"datePublished\":\"2024-05-10T06:13:08+00:00\",\"dateModified\":\"2024-05-16T08:57:08+00:00\",\"breadcrumb\":{\"@id\":\"https:\\\/\\\/rsrmoto.ee\\\/toode\\\/longsleeve-vizard-khaki\\\/#breadcrumb\"},\"inLanguage\":\"en-GB\",\"potentialAction\":[{\"@type\":\"ReadAction\",\"target\":[\"https:\\\/\\\/rsrmoto.ee\\\/toode\\\/longsleeve-vizard-khaki\\\/\"]}]},{\"@type\":\"ImageObject\",\"inLanguage\":\"en-GB\",\"@id\":\"https:\\\/\\\/rsrmoto.ee\\\/toode\\\/longsleeve-vizard-khaki\\\/#primaryimage\",\"url\":\"https:\\\/\\\/rsrmoto.ee\\\/wp-content\\\/uploads\\\/2024\\\/05\\\/911snw5ws7yhcoxmmg2413a128h20avl-600x900-1.jpg\",\"contentUrl\":\"https:\\\/\\\/rsrmoto.ee\\\/wp-content\\\/uploads\\\/2024\\\/05\\\/911snw5ws7yhcoxmmg2413a128h20avl-600x900-1.jpg\",\"width\":600,\"height\":600,\"caption\":\"Kvalitseetsed matka- ja kalastusriided\"},{\"@type\":\"BreadcrumbList\",\"@id\":\"https:\\\/\\\/rsrmoto.ee\\\/toode\\\/longsleeve-vizard-khaki\\\/#breadcrumb\",\"itemListElement\":[{\"@type\":\"ListItem\",\"position\":1,\"name\":\"Esileht\",\"item\":\"https:\\\/\\\/rsrmoto.ee\\\/\"},{\"@type\":\"ListItem\",\"position\":2,\"name\":\"Pood\",\"item\":\"https:\\\/\\\/rsrmoto.ee\\\/pood\\\/\"},{\"@type\":\"ListItem\",\"position\":3,\"name\":\"Pluus &#8220;Vizard&#8221; Roheline\"}]},{\"@type\":\"WebSite\",\"@id\":\"https:\\\/\\\/rsrmoto.ee\\\/#website\",\"url\":\"https:\\\/\\\/rsrmoto.ee\\\/\",\"name\":\"RSR Moto\",\"description\":\"Kvalitseetsed matka- ja kalastusriided\",\"publisher\":{\"@id\":\"https:\\\/\\\/rsrmoto.ee\\\/#organization\"},\"potentialAction\":[{\"@type\":\"SearchAction\",\"target\":{\"@type\":\"EntryPoint\",\"urlTemplate\":\"https:\\\/\\\/rsrmoto.ee\\\/?s={search_term_string}\"},\"query-input\":{\"@type\":\"PropertyValueSpecification\",\"valueRequired\":true,\"valueName\":\"search_term_string\"}}],\"inLanguage\":\"en-GB\"},{\"@type\":\"Organization\",\"@id\":\"https:\\\/\\\/rsrmoto.ee\\\/#organization\",\"name\":\"RSR Moto\",\"url\":\"https:\\\/\\\/rsrmoto.ee\\\/\",\"logo\":{\"@type\":\"ImageObject\",\"inLanguage\":\"en-GB\",\"@id\":\"https:\\\/\\\/rsrmoto.ee\\\/#\\\/schema\\\/logo\\\/image\\\/\",\"url\":\"https:\\\/\\\/www.rsrmoto.ee\\\/wp-content\\\/uploads\\\/2024\\\/05\\\/mountain-300x300-1.png\",\"contentUrl\":\"https:\\\/\\\/www.rsrmoto.ee\\\/wp-content\\\/uploads\\\/2024\\\/05\\\/mountain-300x300-1.png\",\"width\":300,\"height\":300,\"caption\":\"RSR Moto\"},\"image\":{\"@id\":\"https:\\\/\\\/rsrmoto.ee\\\/#\\\/schema\\\/logo\\\/image\\\/\"}}]}<\/script>\n<!-- \/ Yoast SEO plugin. -->","yoast_head_json":{"title":"Pluus \"Vizard\" Roheline - RSR Moto","robots":{"index":"index","follow":"follow","max-snippet":"max-snippet:-1","max-image-preview":"max-image-preview:large","max-video-preview":"max-video-preview:-1"},"canonical":"https:\/\/rsrmoto.ee\/en\/product\/longsleeve-vizard-khaki\/","og_locale":"en_GB","og_type":"article","og_title":"Pluus \"Vizard\" Roheline - RSR Moto","og_description":"Lisaks on sellel sisseehitatud mask, mis aitab v\u00e4ltida mustuse ja tolmuosakeste sattumist n\u00e4ole ja kaelale. Silikoonist siset\u00fckid maski tagak\u00fcljel kinnitavad selle paigale ja takistavad liikumise ajal libisemist.","og_url":"https:\/\/rsrmoto.ee\/en\/product\/longsleeve-vizard-khaki\/","og_site_name":"RSR Moto","article_modified_time":"2024-05-16T08:57:08+00:00","og_image":[{"width":600,"height":600,"url":"https:\/\/rsrmoto.ee\/wp-content\/uploads\/2024\/05\/911snw5ws7yhcoxmmg2413a128h20avl-600x900-1.jpg","type":"image\/jpeg"}],"twitter_card":"summary_large_image","schema":{"@context":"https:\/\/schema.org","@graph":[{"@type":"WebPage","@id":"https:\/\/rsrmoto.ee\/toode\/longsleeve-vizard-khaki\/","url":"https:\/\/rsrmoto.ee\/toode\/longsleeve-vizard-khaki\/","name":"Pluus \"Vizard\" Roheline - RSR Moto","isPartOf":{"@id":"https:\/\/rsrmoto.ee\/#website"},"primaryImageOfPage":{"@id":"https:\/\/rsrmoto.ee\/toode\/longsleeve-vizard-khaki\/#primaryimage"},"image":{"@id":"https:\/\/rsrmoto.ee\/toode\/longsleeve-vizard-khaki\/#primaryimage"},"thumbnailUrl":"https:\/\/rsrmoto.ee\/wp-content\/uploads\/2024\/05\/911snw5ws7yhcoxmmg2413a128h20avl-600x900-1.jpg","datePublished":"2024-05-10T06:13:08+00:00","dateModified":"2024-05-16T08:57:08+00:00","breadcrumb":{"@id":"https:\/\/rsrmoto.ee\/toode\/longsleeve-vizard-khaki\/#breadcrumb"},"inLanguage":"en-GB","potentialAction":[{"@type":"ReadAction","target":["https:\/\/rsrmoto.ee\/toode\/longsleeve-vizard-khaki\/"]}]},{"@type":"ImageObject","inLanguage":"en-GB","@id":"https:\/\/rsrmoto.ee\/toode\/longsleeve-vizard-khaki\/#primaryimage","url":"https:\/\/rsrmoto.ee\/wp-content\/uploads\/2024\/05\/911snw5ws7yhcoxmmg2413a128h20avl-600x900-1.jpg","contentUrl":"https:\/\/rsrmoto.ee\/wp-content\/uploads\/2024\/05\/911snw5ws7yhcoxmmg2413a128h20avl-600x900-1.jpg","width":600,"height":600,"caption":"Kvalitseetsed matka- ja kalastusriided"},{"@type":"BreadcrumbList","@id":"https:\/\/rsrmoto.ee\/toode\/longsleeve-vizard-khaki\/#breadcrumb","itemListElement":[{"@type":"ListItem","position":1,"name":"Esileht","item":"https:\/\/rsrmoto.ee\/"},{"@type":"ListItem","position":2,"name":"Pood","item":"https:\/\/rsrmoto.ee\/pood\/"},{"@type":"ListItem","position":3,"name":"Pluus &#8220;Vizard&#8221; Roheline"}]},{"@type":"WebSite","@id":"https:\/\/rsrmoto.ee\/#website","url":"https:\/\/rsrmoto.ee\/","name":"RSR Moto","description":"Kvalitseetsed matka- ja kalastusriided","publisher":{"@id":"https:\/\/rsrmoto.ee\/#organization"},"potentialAction":[{"@type":"SearchAction","target":{"@type":"EntryPoint","urlTemplate":"https:\/\/rsrmoto.ee\/?s={search_term_string}"},"query-input":{"@type":"PropertyValueSpecification","valueRequired":true,"valueName":"search_term_string"}}],"inLanguage":"en-GB"},{"@type":"Organization","@id":"https:\/\/rsrmoto.ee\/#organization","name":"RSR Moto","url":"https:\/\/rsrmoto.ee\/","logo":{"@type":"ImageObject","inLanguage":"en-GB","@id":"https:\/\/rsrmoto.ee\/#\/schema\/logo\/image\/","url":"https:\/\/www.rsrmoto.ee\/wp-content\/uploads\/2024\/05\/mountain-300x300-1.png","contentUrl":"https:\/\/www.rsrmoto.ee\/wp-content\/uploads\/2024\/05\/mountain-300x300-1.png","width":300,"height":300,"caption":"RSR Moto"},"image":{"@id":"https:\/\/rsrmoto.ee\/#\/schema\/logo\/image\/"}}]}},"_links":{"self":[{"href":"https:\/\/rsrmoto.ee\/en\/wp-json\/wp\/v2\/product\/2431","targetHints":{"allow":["GET"]}}],"collection":[{"href":"https:\/\/rsrmoto.ee\/en\/wp-json\/wp\/v2\/product"}],"about":[{"href":"https:\/\/rsrmoto.ee\/en\/wp-json\/wp\/v2\/types\/product"}],"wp:featuredmedia":[{"embeddable":true,"href":"https:\/\/rsrmoto.ee\/en\/wp-json\/wp\/v2\/media\/3792"}],"wp:attachment":[{"href":"https:\/\/rsrmoto.ee\/en\/wp-json\/wp\/v2\/media?parent=2431"}],"wp:term":[{"taxonomy":"product_brand","embeddable":true,"href":"https:\/\/rsrmoto.ee\/en\/wp-json\/wp\/v2\/product_brand?post=2431"},{"taxonomy":"product_cat","embeddable":true,"href":"https:\/\/rsrmoto.ee\/en\/wp-json\/wp\/v2\/product_cat?post=2431"},{"taxonomy":"product_tag","embeddable":true,"href":"https:\/\/rsrmoto.ee\/en\/wp-json\/wp\/v2\/product_tag?post=2431"}],"curies":[{"name":"wp","href":"https:\/\/api.w.org\/{rel}","templated":true}]}}