{"id":2467,"date":"2024-05-10T09:30:47","date_gmt":"2024-05-10T06:30:47","guid":{"rendered":"https:\/\/www.rsrmoto.ee\/?post_type=product&#038;p=2467"},"modified":"2024-05-16T11:43:22","modified_gmt":"2024-05-16T08:43:22","slug":"bag-explorer-khaki-100l","status":"publish","type":"product","link":"https:\/\/rsrmoto.ee\/en\/product\/bag-explorer-khaki-100l\/","title":{"rendered":"Kott &#8220;Explorer&#8221; Roheline 100L"},"content":{"rendered":"<p>Explorer on vastupidav, mustust ja vett h\u00fclgav kott ekstreemseteks ekspeditsioonideks. See on valmistatud erakordselt sitkest, k\u00fclmakindlast, kummeeritud PVC materjalist. Kaks t\u00f5mblukku v\u00f5imaldavad h\u00f5lpsat juurdep\u00e4\u00e4su varustusele ja lai klapp kaitseb seda niiskuse eest.<\/p>\n<p>&nbsp;<\/p>","protected":false},"excerpt":{"rendered":"<p>Kotil on usaldusv\u00e4\u00e4rsed anatoomilise kujuga rihmad, mis aitavad seda l\u00fchikestel vahemaadel seljas kanda. Selle koti peale- ja mahalaadimiseks on otsas ka mugav k\u00e4epide. Kotil on IP64 kaitseklass, mis t\u00e4hendab, et see talub kerget vihma\/lund ja pritsmeid.<\/p>","protected":false},"featured_media":3728,"template":"","meta":[],"product_brand":[],"product_cat":[90],"product_tag":[],"class_list":{"0":"post-2467","1":"product","2":"type-product","3":"status-publish","4":"has-post-thumbnail","6":"product_cat-muud-tooted","8":"first","9":"instock","10":"taxable","11":"shipping-taxable","12":"purchasable","13":"product-type-simple"},"ct_brands":[],"yoast_head":"<!-- This site is optimized with the Yoast SEO plugin v27.3 - https:\/\/yoast.com\/product\/yoast-seo-wordpress\/ -->\n<title>Kott &quot;Explorer&quot; Roheline 100L - RSR Moto<\/title>\n<meta name=\"robots\" content=\"index, follow, max-snippet:-1, max-image-preview:large, max-video-preview:-1\" \/>\n<link rel=\"canonical\" href=\"https:\/\/rsrmoto.ee\/en\/product\/bag-explorer-khaki-100l\/\" \/>\n<meta property=\"og:locale\" content=\"en_GB\" \/>\n<meta property=\"og:type\" content=\"article\" \/>\n<meta property=\"og:title\" content=\"Kott &quot;Explorer&quot; Roheline 100L - RSR Moto\" \/>\n<meta property=\"og:description\" content=\"Kotil on usaldusv\u00e4\u00e4rsed anatoomilise kujuga rihmad, mis aitavad seda l\u00fchikestel vahemaadel seljas kanda. Selle koti peale- ja mahalaadimiseks on otsas ka mugav k\u00e4epide. Kotil on IP64 kaitseklass, mis t\u00e4hendab, et see talub kerget vihma\/lund ja pritsmeid.\" \/>\n<meta property=\"og:url\" content=\"https:\/\/rsrmoto.ee\/en\/product\/bag-explorer-khaki-100l\/\" \/>\n<meta property=\"og:site_name\" content=\"RSR Moto\" \/>\n<meta property=\"article:modified_time\" content=\"2024-05-16T08:43:22+00:00\" \/>\n<meta property=\"og:image\" content=\"https:\/\/rsrmoto.ee\/wp-content\/uploads\/2024\/05\/9geve51n0l1kgb8rqpsnoe1r6wae81af.webp\" \/>\n\t<meta property=\"og:image:width\" content=\"1000\" \/>\n\t<meta property=\"og:image:height\" content=\"1000\" \/>\n\t<meta property=\"og:image:type\" content=\"image\/webp\" \/>\n<meta name=\"twitter:card\" content=\"summary_large_image\" \/>\n<script type=\"application\/ld+json\" class=\"yoast-schema-graph\">{\"@context\":\"https:\\\/\\\/schema.org\",\"@graph\":[{\"@type\":\"WebPage\",\"@id\":\"https:\\\/\\\/rsrmoto.ee\\\/toode\\\/bag-explorer-khaki-100l\\\/\",\"url\":\"https:\\\/\\\/rsrmoto.ee\\\/toode\\\/bag-explorer-khaki-100l\\\/\",\"name\":\"Kott \\\"Explorer\\\" Roheline 100L - RSR Moto\",\"isPartOf\":{\"@id\":\"https:\\\/\\\/rsrmoto.ee\\\/#website\"},\"primaryImageOfPage\":{\"@id\":\"https:\\\/\\\/rsrmoto.ee\\\/toode\\\/bag-explorer-khaki-100l\\\/#primaryimage\"},\"image\":{\"@id\":\"https:\\\/\\\/rsrmoto.ee\\\/toode\\\/bag-explorer-khaki-100l\\\/#primaryimage\"},\"thumbnailUrl\":\"https:\\\/\\\/rsrmoto.ee\\\/wp-content\\\/uploads\\\/2024\\\/05\\\/9geve51n0l1kgb8rqpsnoe1r6wae81af.webp\",\"datePublished\":\"2024-05-10T06:30:47+00:00\",\"dateModified\":\"2024-05-16T08:43:22+00:00\",\"breadcrumb\":{\"@id\":\"https:\\\/\\\/rsrmoto.ee\\\/toode\\\/bag-explorer-khaki-100l\\\/#breadcrumb\"},\"inLanguage\":\"en-GB\",\"potentialAction\":[{\"@type\":\"ReadAction\",\"target\":[\"https:\\\/\\\/rsrmoto.ee\\\/toode\\\/bag-explorer-khaki-100l\\\/\"]}]},{\"@type\":\"ImageObject\",\"inLanguage\":\"en-GB\",\"@id\":\"https:\\\/\\\/rsrmoto.ee\\\/toode\\\/bag-explorer-khaki-100l\\\/#primaryimage\",\"url\":\"https:\\\/\\\/rsrmoto.ee\\\/wp-content\\\/uploads\\\/2024\\\/05\\\/9geve51n0l1kgb8rqpsnoe1r6wae81af.webp\",\"contentUrl\":\"https:\\\/\\\/rsrmoto.ee\\\/wp-content\\\/uploads\\\/2024\\\/05\\\/9geve51n0l1kgb8rqpsnoe1r6wae81af.webp\",\"width\":1000,\"height\":1000,\"caption\":\"Kvalitseetsed matka- ja kalastusriided\"},{\"@type\":\"BreadcrumbList\",\"@id\":\"https:\\\/\\\/rsrmoto.ee\\\/toode\\\/bag-explorer-khaki-100l\\\/#breadcrumb\",\"itemListElement\":[{\"@type\":\"ListItem\",\"position\":1,\"name\":\"Esileht\",\"item\":\"https:\\\/\\\/rsrmoto.ee\\\/\"},{\"@type\":\"ListItem\",\"position\":2,\"name\":\"Pood\",\"item\":\"https:\\\/\\\/rsrmoto.ee\\\/pood\\\/\"},{\"@type\":\"ListItem\",\"position\":3,\"name\":\"Kott &#8220;Explorer&#8221; Roheline 100L\"}]},{\"@type\":\"WebSite\",\"@id\":\"https:\\\/\\\/rsrmoto.ee\\\/#website\",\"url\":\"https:\\\/\\\/rsrmoto.ee\\\/\",\"name\":\"RSR Moto\",\"description\":\"Kvalitseetsed matka- ja kalastusriided\",\"publisher\":{\"@id\":\"https:\\\/\\\/rsrmoto.ee\\\/#organization\"},\"potentialAction\":[{\"@type\":\"SearchAction\",\"target\":{\"@type\":\"EntryPoint\",\"urlTemplate\":\"https:\\\/\\\/rsrmoto.ee\\\/?s={search_term_string}\"},\"query-input\":{\"@type\":\"PropertyValueSpecification\",\"valueRequired\":true,\"valueName\":\"search_term_string\"}}],\"inLanguage\":\"en-GB\"},{\"@type\":\"Organization\",\"@id\":\"https:\\\/\\\/rsrmoto.ee\\\/#organization\",\"name\":\"RSR Moto\",\"url\":\"https:\\\/\\\/rsrmoto.ee\\\/\",\"logo\":{\"@type\":\"ImageObject\",\"inLanguage\":\"en-GB\",\"@id\":\"https:\\\/\\\/rsrmoto.ee\\\/#\\\/schema\\\/logo\\\/image\\\/\",\"url\":\"https:\\\/\\\/www.rsrmoto.ee\\\/wp-content\\\/uploads\\\/2024\\\/05\\\/mountain-300x300-1.png\",\"contentUrl\":\"https:\\\/\\\/www.rsrmoto.ee\\\/wp-content\\\/uploads\\\/2024\\\/05\\\/mountain-300x300-1.png\",\"width\":300,\"height\":300,\"caption\":\"RSR Moto\"},\"image\":{\"@id\":\"https:\\\/\\\/rsrmoto.ee\\\/#\\\/schema\\\/logo\\\/image\\\/\"}}]}<\/script>\n<!-- \/ Yoast SEO plugin. -->","yoast_head_json":{"title":"Kott \"Explorer\" Roheline 100L - RSR Moto","robots":{"index":"index","follow":"follow","max-snippet":"max-snippet:-1","max-image-preview":"max-image-preview:large","max-video-preview":"max-video-preview:-1"},"canonical":"https:\/\/rsrmoto.ee\/en\/product\/bag-explorer-khaki-100l\/","og_locale":"en_GB","og_type":"article","og_title":"Kott \"Explorer\" Roheline 100L - RSR Moto","og_description":"Kotil on usaldusv\u00e4\u00e4rsed anatoomilise kujuga rihmad, mis aitavad seda l\u00fchikestel vahemaadel seljas kanda. Selle koti peale- ja mahalaadimiseks on otsas ka mugav k\u00e4epide. Kotil on IP64 kaitseklass, mis t\u00e4hendab, et see talub kerget vihma\/lund ja pritsmeid.","og_url":"https:\/\/rsrmoto.ee\/en\/product\/bag-explorer-khaki-100l\/","og_site_name":"RSR Moto","article_modified_time":"2024-05-16T08:43:22+00:00","og_image":[{"width":1000,"height":1000,"url":"https:\/\/rsrmoto.ee\/wp-content\/uploads\/2024\/05\/9geve51n0l1kgb8rqpsnoe1r6wae81af.webp","type":"image\/webp"}],"twitter_card":"summary_large_image","schema":{"@context":"https:\/\/schema.org","@graph":[{"@type":"WebPage","@id":"https:\/\/rsrmoto.ee\/toode\/bag-explorer-khaki-100l\/","url":"https:\/\/rsrmoto.ee\/toode\/bag-explorer-khaki-100l\/","name":"Kott \"Explorer\" Roheline 100L - RSR Moto","isPartOf":{"@id":"https:\/\/rsrmoto.ee\/#website"},"primaryImageOfPage":{"@id":"https:\/\/rsrmoto.ee\/toode\/bag-explorer-khaki-100l\/#primaryimage"},"image":{"@id":"https:\/\/rsrmoto.ee\/toode\/bag-explorer-khaki-100l\/#primaryimage"},"thumbnailUrl":"https:\/\/rsrmoto.ee\/wp-content\/uploads\/2024\/05\/9geve51n0l1kgb8rqpsnoe1r6wae81af.webp","datePublished":"2024-05-10T06:30:47+00:00","dateModified":"2024-05-16T08:43:22+00:00","breadcrumb":{"@id":"https:\/\/rsrmoto.ee\/toode\/bag-explorer-khaki-100l\/#breadcrumb"},"inLanguage":"en-GB","potentialAction":[{"@type":"ReadAction","target":["https:\/\/rsrmoto.ee\/toode\/bag-explorer-khaki-100l\/"]}]},{"@type":"ImageObject","inLanguage":"en-GB","@id":"https:\/\/rsrmoto.ee\/toode\/bag-explorer-khaki-100l\/#primaryimage","url":"https:\/\/rsrmoto.ee\/wp-content\/uploads\/2024\/05\/9geve51n0l1kgb8rqpsnoe1r6wae81af.webp","contentUrl":"https:\/\/rsrmoto.ee\/wp-content\/uploads\/2024\/05\/9geve51n0l1kgb8rqpsnoe1r6wae81af.webp","width":1000,"height":1000,"caption":"Kvalitseetsed matka- ja kalastusriided"},{"@type":"BreadcrumbList","@id":"https:\/\/rsrmoto.ee\/toode\/bag-explorer-khaki-100l\/#breadcrumb","itemListElement":[{"@type":"ListItem","position":1,"name":"Esileht","item":"https:\/\/rsrmoto.ee\/"},{"@type":"ListItem","position":2,"name":"Pood","item":"https:\/\/rsrmoto.ee\/pood\/"},{"@type":"ListItem","position":3,"name":"Kott &#8220;Explorer&#8221; Roheline 100L"}]},{"@type":"WebSite","@id":"https:\/\/rsrmoto.ee\/#website","url":"https:\/\/rsrmoto.ee\/","name":"RSR Moto","description":"Kvalitseetsed matka- ja kalastusriided","publisher":{"@id":"https:\/\/rsrmoto.ee\/#organization"},"potentialAction":[{"@type":"SearchAction","target":{"@type":"EntryPoint","urlTemplate":"https:\/\/rsrmoto.ee\/?s={search_term_string}"},"query-input":{"@type":"PropertyValueSpecification","valueRequired":true,"valueName":"search_term_string"}}],"inLanguage":"en-GB"},{"@type":"Organization","@id":"https:\/\/rsrmoto.ee\/#organization","name":"RSR Moto","url":"https:\/\/rsrmoto.ee\/","logo":{"@type":"ImageObject","inLanguage":"en-GB","@id":"https:\/\/rsrmoto.ee\/#\/schema\/logo\/image\/","url":"https:\/\/www.rsrmoto.ee\/wp-content\/uploads\/2024\/05\/mountain-300x300-1.png","contentUrl":"https:\/\/www.rsrmoto.ee\/wp-content\/uploads\/2024\/05\/mountain-300x300-1.png","width":300,"height":300,"caption":"RSR Moto"},"image":{"@id":"https:\/\/rsrmoto.ee\/#\/schema\/logo\/image\/"}}]}},"_links":{"self":[{"href":"https:\/\/rsrmoto.ee\/en\/wp-json\/wp\/v2\/product\/2467","targetHints":{"allow":["GET"]}}],"collection":[{"href":"https:\/\/rsrmoto.ee\/en\/wp-json\/wp\/v2\/product"}],"about":[{"href":"https:\/\/rsrmoto.ee\/en\/wp-json\/wp\/v2\/types\/product"}],"wp:featuredmedia":[{"embeddable":true,"href":"https:\/\/rsrmoto.ee\/en\/wp-json\/wp\/v2\/media\/3728"}],"wp:attachment":[{"href":"https:\/\/rsrmoto.ee\/en\/wp-json\/wp\/v2\/media?parent=2467"}],"wp:term":[{"taxonomy":"product_brand","embeddable":true,"href":"https:\/\/rsrmoto.ee\/en\/wp-json\/wp\/v2\/product_brand?post=2467"},{"taxonomy":"product_cat","embeddable":true,"href":"https:\/\/rsrmoto.ee\/en\/wp-json\/wp\/v2\/product_cat?post=2467"},{"taxonomy":"product_tag","embeddable":true,"href":"https:\/\/rsrmoto.ee\/en\/wp-json\/wp\/v2\/product_tag?post=2467"}],"curies":[{"name":"wp","href":"https:\/\/api.w.org\/{rel}","templated":true}]}}