{"id":2632,"date":"2024-05-13T10:07:01","date_gmt":"2024-05-13T07:07:01","guid":{"rendered":"https:\/\/www.rsrmoto.ee\/?post_type=product&#038;p=2632"},"modified":"2024-05-16T11:45:29","modified_gmt":"2024-05-16T08:45:29","slug":"gloves-impact-graphitered","status":"publish","type":"product","link":"https:\/\/rsrmoto.ee\/en\/product\/gloves-impact-graphitered\/","title":{"rendered":"Kindad &#8220;Impact Graphite&#8221; Punane"},"content":{"rendered":"<p>Talveuurijatele m\u00f5eldud kindad pakuvad integreeritud HIPORA\u00ae membraaniga erakordset soojust ja veekindlat kaitset. T\u00e4iustatud isolatsiooni, ehtsast nahast peopesatugevdustega ja vastupidavate pol\u00fcmeermaterjalidega suure kulumispinnaga kohtades peavad need kindad vastu madalale temperatuurile ja k\u00f5rgele niiskusele. Reguleeritavate randmerihmade, ergonoomilise l\u00f5ike ja neopreenist k\u00e4tistega tagavad need kindla istuvuse. Helkurelemendid ja niiskust imav p\u00f6idlamaterjal suurendavad funktsionaalsust. Temperatuurivahemik: kuni -15\u00b0C.<\/p>\n<p>&nbsp;<\/p>","protected":false},"excerpt":{"rendered":"<p>THERMALRATE\u00ae isolatsioon 50 g\/m\u00b2<br \/>\nPeopesa ja s\u00f5rmeotsad on tugevdatud vastupidava ehtsa nahaga<br \/>\nVeekindel HIPORA\u00ae membraan<br \/>\nReguleeritavad k\u00e4tised<br \/>\nPehme mikrofliisvooder<br \/>\nPehme p\u00f6idlapadi niiskuse eemaldamiseks n\u00e4olt<br \/>\nAnatoomiline l\u00f5ige<\/p>","protected":false},"featured_media":2633,"template":"","meta":[],"product_brand":[],"product_cat":[24],"product_tag":[],"class_list":{"0":"post-2632","1":"product","2":"type-product","3":"status-publish","4":"has-post-thumbnail","6":"product_cat-kindad","8":"first","9":"instock","10":"taxable","11":"shipping-taxable","12":"purchasable","13":"product-type-variable"},"ct_brands":[],"yoast_head":"<!-- This site is optimized with the Yoast SEO plugin v27.3 - https:\/\/yoast.com\/product\/yoast-seo-wordpress\/ -->\n<title>Kindad &quot;Impact Graphite&quot; Punane - RSR Moto<\/title>\n<meta name=\"robots\" content=\"index, follow, max-snippet:-1, max-image-preview:large, max-video-preview:-1\" \/>\n<link rel=\"canonical\" href=\"https:\/\/rsrmoto.ee\/en\/product\/gloves-impact-graphitered\/\" \/>\n<meta property=\"og:locale\" content=\"en_GB\" \/>\n<meta property=\"og:type\" content=\"article\" \/>\n<meta property=\"og:title\" content=\"Kindad &quot;Impact Graphite&quot; Punane - RSR Moto\" \/>\n<meta property=\"og:description\" content=\"THERMALRATE\u00ae isolatsioon 50 g\/m\u00b2 Peopesa ja s\u00f5rmeotsad on tugevdatud vastupidava ehtsa nahaga Veekindel HIPORA\u00ae membraan Reguleeritavad k\u00e4tised Pehme mikrofliisvooder Pehme p\u00f6idlapadi niiskuse eemaldamiseks n\u00e4olt Anatoomiline l\u00f5ige\" \/>\n<meta property=\"og:url\" content=\"https:\/\/rsrmoto.ee\/en\/product\/gloves-impact-graphitered\/\" \/>\n<meta property=\"og:site_name\" content=\"RSR Moto\" \/>\n<meta property=\"article:modified_time\" content=\"2024-05-16T08:45:29+00:00\" \/>\n<meta property=\"og:image\" content=\"https:\/\/rsrmoto.ee\/wp-content\/uploads\/2024\/05\/48va3nc8s3q9np3us67vwjn370v9kzv8.webp\" \/>\n\t<meta property=\"og:image:width\" content=\"1000\" \/>\n\t<meta property=\"og:image:height\" content=\"1000\" \/>\n\t<meta property=\"og:image:type\" content=\"image\/webp\" \/>\n<meta name=\"twitter:card\" content=\"summary_large_image\" \/>\n<script type=\"application\/ld+json\" class=\"yoast-schema-graph\">{\"@context\":\"https:\\\/\\\/schema.org\",\"@graph\":[{\"@type\":\"WebPage\",\"@id\":\"https:\\\/\\\/rsrmoto.ee\\\/toode\\\/gloves-impact-graphitered\\\/\",\"url\":\"https:\\\/\\\/rsrmoto.ee\\\/toode\\\/gloves-impact-graphitered\\\/\",\"name\":\"Kindad \\\"Impact Graphite\\\" Punane - RSR Moto\",\"isPartOf\":{\"@id\":\"https:\\\/\\\/rsrmoto.ee\\\/#website\"},\"primaryImageOfPage\":{\"@id\":\"https:\\\/\\\/rsrmoto.ee\\\/toode\\\/gloves-impact-graphitered\\\/#primaryimage\"},\"image\":{\"@id\":\"https:\\\/\\\/rsrmoto.ee\\\/toode\\\/gloves-impact-graphitered\\\/#primaryimage\"},\"thumbnailUrl\":\"https:\\\/\\\/rsrmoto.ee\\\/wp-content\\\/uploads\\\/2024\\\/05\\\/48va3nc8s3q9np3us67vwjn370v9kzv8.webp\",\"datePublished\":\"2024-05-13T07:07:01+00:00\",\"dateModified\":\"2024-05-16T08:45:29+00:00\",\"breadcrumb\":{\"@id\":\"https:\\\/\\\/rsrmoto.ee\\\/toode\\\/gloves-impact-graphitered\\\/#breadcrumb\"},\"inLanguage\":\"en-GB\",\"potentialAction\":[{\"@type\":\"ReadAction\",\"target\":[\"https:\\\/\\\/rsrmoto.ee\\\/toode\\\/gloves-impact-graphitered\\\/\"]}]},{\"@type\":\"ImageObject\",\"inLanguage\":\"en-GB\",\"@id\":\"https:\\\/\\\/rsrmoto.ee\\\/toode\\\/gloves-impact-graphitered\\\/#primaryimage\",\"url\":\"https:\\\/\\\/rsrmoto.ee\\\/wp-content\\\/uploads\\\/2024\\\/05\\\/48va3nc8s3q9np3us67vwjn370v9kzv8.webp\",\"contentUrl\":\"https:\\\/\\\/rsrmoto.ee\\\/wp-content\\\/uploads\\\/2024\\\/05\\\/48va3nc8s3q9np3us67vwjn370v9kzv8.webp\",\"width\":1000,\"height\":1000},{\"@type\":\"BreadcrumbList\",\"@id\":\"https:\\\/\\\/rsrmoto.ee\\\/toode\\\/gloves-impact-graphitered\\\/#breadcrumb\",\"itemListElement\":[{\"@type\":\"ListItem\",\"position\":1,\"name\":\"Esileht\",\"item\":\"https:\\\/\\\/rsrmoto.ee\\\/\"},{\"@type\":\"ListItem\",\"position\":2,\"name\":\"Pood\",\"item\":\"https:\\\/\\\/rsrmoto.ee\\\/pood\\\/\"},{\"@type\":\"ListItem\",\"position\":3,\"name\":\"Kindad &#8220;Impact Graphite&#8221; Punane\"}]},{\"@type\":\"WebSite\",\"@id\":\"https:\\\/\\\/rsrmoto.ee\\\/#website\",\"url\":\"https:\\\/\\\/rsrmoto.ee\\\/\",\"name\":\"RSR Moto\",\"description\":\"Kvalitseetsed matka- ja kalastusriided\",\"publisher\":{\"@id\":\"https:\\\/\\\/rsrmoto.ee\\\/#organization\"},\"potentialAction\":[{\"@type\":\"SearchAction\",\"target\":{\"@type\":\"EntryPoint\",\"urlTemplate\":\"https:\\\/\\\/rsrmoto.ee\\\/?s={search_term_string}\"},\"query-input\":{\"@type\":\"PropertyValueSpecification\",\"valueRequired\":true,\"valueName\":\"search_term_string\"}}],\"inLanguage\":\"en-GB\"},{\"@type\":\"Organization\",\"@id\":\"https:\\\/\\\/rsrmoto.ee\\\/#organization\",\"name\":\"RSR Moto\",\"url\":\"https:\\\/\\\/rsrmoto.ee\\\/\",\"logo\":{\"@type\":\"ImageObject\",\"inLanguage\":\"en-GB\",\"@id\":\"https:\\\/\\\/rsrmoto.ee\\\/#\\\/schema\\\/logo\\\/image\\\/\",\"url\":\"https:\\\/\\\/www.rsrmoto.ee\\\/wp-content\\\/uploads\\\/2024\\\/05\\\/mountain-300x300-1.png\",\"contentUrl\":\"https:\\\/\\\/www.rsrmoto.ee\\\/wp-content\\\/uploads\\\/2024\\\/05\\\/mountain-300x300-1.png\",\"width\":300,\"height\":300,\"caption\":\"RSR Moto\"},\"image\":{\"@id\":\"https:\\\/\\\/rsrmoto.ee\\\/#\\\/schema\\\/logo\\\/image\\\/\"}}]}<\/script>\n<!-- \/ Yoast SEO plugin. -->","yoast_head_json":{"title":"Kindad \"Impact Graphite\" Punane - RSR Moto","robots":{"index":"index","follow":"follow","max-snippet":"max-snippet:-1","max-image-preview":"max-image-preview:large","max-video-preview":"max-video-preview:-1"},"canonical":"https:\/\/rsrmoto.ee\/en\/product\/gloves-impact-graphitered\/","og_locale":"en_GB","og_type":"article","og_title":"Kindad \"Impact Graphite\" Punane - RSR Moto","og_description":"THERMALRATE\u00ae isolatsioon 50 g\/m\u00b2 Peopesa ja s\u00f5rmeotsad on tugevdatud vastupidava ehtsa nahaga Veekindel HIPORA\u00ae membraan Reguleeritavad k\u00e4tised Pehme mikrofliisvooder Pehme p\u00f6idlapadi niiskuse eemaldamiseks n\u00e4olt Anatoomiline l\u00f5ige","og_url":"https:\/\/rsrmoto.ee\/en\/product\/gloves-impact-graphitered\/","og_site_name":"RSR Moto","article_modified_time":"2024-05-16T08:45:29+00:00","og_image":[{"width":1000,"height":1000,"url":"https:\/\/rsrmoto.ee\/wp-content\/uploads\/2024\/05\/48va3nc8s3q9np3us67vwjn370v9kzv8.webp","type":"image\/webp"}],"twitter_card":"summary_large_image","schema":{"@context":"https:\/\/schema.org","@graph":[{"@type":"WebPage","@id":"https:\/\/rsrmoto.ee\/toode\/gloves-impact-graphitered\/","url":"https:\/\/rsrmoto.ee\/toode\/gloves-impact-graphitered\/","name":"Kindad \"Impact Graphite\" Punane - RSR Moto","isPartOf":{"@id":"https:\/\/rsrmoto.ee\/#website"},"primaryImageOfPage":{"@id":"https:\/\/rsrmoto.ee\/toode\/gloves-impact-graphitered\/#primaryimage"},"image":{"@id":"https:\/\/rsrmoto.ee\/toode\/gloves-impact-graphitered\/#primaryimage"},"thumbnailUrl":"https:\/\/rsrmoto.ee\/wp-content\/uploads\/2024\/05\/48va3nc8s3q9np3us67vwjn370v9kzv8.webp","datePublished":"2024-05-13T07:07:01+00:00","dateModified":"2024-05-16T08:45:29+00:00","breadcrumb":{"@id":"https:\/\/rsrmoto.ee\/toode\/gloves-impact-graphitered\/#breadcrumb"},"inLanguage":"en-GB","potentialAction":[{"@type":"ReadAction","target":["https:\/\/rsrmoto.ee\/toode\/gloves-impact-graphitered\/"]}]},{"@type":"ImageObject","inLanguage":"en-GB","@id":"https:\/\/rsrmoto.ee\/toode\/gloves-impact-graphitered\/#primaryimage","url":"https:\/\/rsrmoto.ee\/wp-content\/uploads\/2024\/05\/48va3nc8s3q9np3us67vwjn370v9kzv8.webp","contentUrl":"https:\/\/rsrmoto.ee\/wp-content\/uploads\/2024\/05\/48va3nc8s3q9np3us67vwjn370v9kzv8.webp","width":1000,"height":1000},{"@type":"BreadcrumbList","@id":"https:\/\/rsrmoto.ee\/toode\/gloves-impact-graphitered\/#breadcrumb","itemListElement":[{"@type":"ListItem","position":1,"name":"Esileht","item":"https:\/\/rsrmoto.ee\/"},{"@type":"ListItem","position":2,"name":"Pood","item":"https:\/\/rsrmoto.ee\/pood\/"},{"@type":"ListItem","position":3,"name":"Kindad &#8220;Impact Graphite&#8221; Punane"}]},{"@type":"WebSite","@id":"https:\/\/rsrmoto.ee\/#website","url":"https:\/\/rsrmoto.ee\/","name":"RSR Moto","description":"Kvalitseetsed matka- ja kalastusriided","publisher":{"@id":"https:\/\/rsrmoto.ee\/#organization"},"potentialAction":[{"@type":"SearchAction","target":{"@type":"EntryPoint","urlTemplate":"https:\/\/rsrmoto.ee\/?s={search_term_string}"},"query-input":{"@type":"PropertyValueSpecification","valueRequired":true,"valueName":"search_term_string"}}],"inLanguage":"en-GB"},{"@type":"Organization","@id":"https:\/\/rsrmoto.ee\/#organization","name":"RSR Moto","url":"https:\/\/rsrmoto.ee\/","logo":{"@type":"ImageObject","inLanguage":"en-GB","@id":"https:\/\/rsrmoto.ee\/#\/schema\/logo\/image\/","url":"https:\/\/www.rsrmoto.ee\/wp-content\/uploads\/2024\/05\/mountain-300x300-1.png","contentUrl":"https:\/\/www.rsrmoto.ee\/wp-content\/uploads\/2024\/05\/mountain-300x300-1.png","width":300,"height":300,"caption":"RSR Moto"},"image":{"@id":"https:\/\/rsrmoto.ee\/#\/schema\/logo\/image\/"}}]}},"_links":{"self":[{"href":"https:\/\/rsrmoto.ee\/en\/wp-json\/wp\/v2\/product\/2632","targetHints":{"allow":["GET"]}}],"collection":[{"href":"https:\/\/rsrmoto.ee\/en\/wp-json\/wp\/v2\/product"}],"about":[{"href":"https:\/\/rsrmoto.ee\/en\/wp-json\/wp\/v2\/types\/product"}],"wp:featuredmedia":[{"embeddable":true,"href":"https:\/\/rsrmoto.ee\/en\/wp-json\/wp\/v2\/media\/2633"}],"wp:attachment":[{"href":"https:\/\/rsrmoto.ee\/en\/wp-json\/wp\/v2\/media?parent=2632"}],"wp:term":[{"taxonomy":"product_brand","embeddable":true,"href":"https:\/\/rsrmoto.ee\/en\/wp-json\/wp\/v2\/product_brand?post=2632"},{"taxonomy":"product_cat","embeddable":true,"href":"https:\/\/rsrmoto.ee\/en\/wp-json\/wp\/v2\/product_cat?post=2632"},{"taxonomy":"product_tag","embeddable":true,"href":"https:\/\/rsrmoto.ee\/en\/wp-json\/wp\/v2\/product_tag?post=2632"}],"curies":[{"name":"wp","href":"https:\/\/api.w.org\/{rel}","templated":true}]}}