{"id":2663,"date":"2024-05-13T10:14:23","date_gmt":"2024-05-13T07:14:23","guid":{"rendered":"https:\/\/www.rsrmoto.ee\/?post_type=product&#038;p=2663"},"modified":"2024-05-16T11:45:34","modified_gmt":"2024-05-16T08:45:34","slug":"gloves-lobster-graphiteyellow","status":"publish","type":"product","link":"https:\/\/rsrmoto.ee\/en\/product\/gloves-lobster-graphiteyellow\/","title":{"rendered":"Kindad &#8220;Lobster Graphite&#8221; Kollane"},"content":{"rendered":"<p>Spetsiaalselt talveavastajatele m\u00f5eldud Lobsteri kindad pakuvad erakordset soojust ja mugavust k\u00fclmades tingimustes. Uuenduslik poolitatud s\u00f5rmede disain \u00fchendab labakindade isolatsiooni kinnaste osavusega, v\u00f5imaldades varustust h\u00f5lpsalt kasutada. Veekindla HIPORA\u00ae membraani, THERMALRATE\u00ae isolatsiooni ja tugevdatud nahkpatjadega kindad pakuvad usaldusv\u00e4\u00e4rset kaitset, soojust ja vastupidavust. Pikendatud k\u00e4tised ja sisemine mikrofliisist kinnas tagavad maksimaalse soojuse ilma paindlikkust kahjustamata.<\/p>\n<p>&nbsp;<\/p>","protected":false},"excerpt":{"rendered":"<p>Peopesa ja s\u00f5rmeotsad on tugevdatud kulumiskindla kitsenahaga<br \/>\nVeekindel HIPORA\u00ae membraan<br \/>\nAnatoomiline l\u00f5ige<br \/>\nRandme ja pika manseti reguleerimine<br \/>\nElastne jalutusrihm kinda randmele kinnitamiseks<br \/>\nTemperatuurivahemik: nii madal kui -30\u00b0\u0421 (-22\u00b0F)<br \/>\nPehme mikrofliisvooder<\/p>","protected":false},"featured_media":2664,"template":"","meta":[],"product_brand":[],"product_cat":[24,15],"product_tag":[],"class_list":{"0":"post-2663","1":"product","2":"type-product","3":"status-publish","4":"has-post-thumbnail","6":"product_cat-kindad","7":"product_cat-meestele","9":"first","10":"instock","11":"taxable","12":"shipping-taxable","13":"purchasable","14":"product-type-variable"},"ct_brands":[],"yoast_head":"<!-- This site is optimized with the Yoast SEO plugin v27.3 - https:\/\/yoast.com\/product\/yoast-seo-wordpress\/ -->\n<title>Kindad &quot;Lobster Graphite&quot; Kollane - RSR Moto<\/title>\n<meta name=\"robots\" content=\"index, follow, max-snippet:-1, max-image-preview:large, max-video-preview:-1\" \/>\n<link rel=\"canonical\" href=\"https:\/\/rsrmoto.ee\/en\/product\/gloves-lobster-graphiteyellow\/\" \/>\n<meta property=\"og:locale\" content=\"en_GB\" \/>\n<meta property=\"og:type\" content=\"article\" \/>\n<meta property=\"og:title\" content=\"Kindad &quot;Lobster Graphite&quot; Kollane - RSR Moto\" \/>\n<meta property=\"og:description\" content=\"Peopesa ja s\u00f5rmeotsad on tugevdatud kulumiskindla kitsenahaga Veekindel HIPORA\u00ae membraan Anatoomiline l\u00f5ige Randme ja pika manseti reguleerimine Elastne jalutusrihm kinda randmele kinnitamiseks Temperatuurivahemik: nii madal kui -30\u00b0\u0421 (-22\u00b0F) Pehme mikrofliisvooder\" \/>\n<meta property=\"og:url\" content=\"https:\/\/rsrmoto.ee\/en\/product\/gloves-lobster-graphiteyellow\/\" \/>\n<meta property=\"og:site_name\" content=\"RSR Moto\" \/>\n<meta property=\"article:modified_time\" content=\"2024-05-16T08:45:34+00:00\" \/>\n<meta property=\"og:image\" content=\"https:\/\/rsrmoto.ee\/wp-content\/uploads\/2024\/05\/9f6nh7yd9kkcyycmti2gjdyb1awaht0c.webp\" \/>\n\t<meta property=\"og:image:width\" content=\"1000\" \/>\n\t<meta property=\"og:image:height\" content=\"1000\" \/>\n\t<meta property=\"og:image:type\" content=\"image\/webp\" \/>\n<meta name=\"twitter:card\" content=\"summary_large_image\" \/>\n<script type=\"application\/ld+json\" class=\"yoast-schema-graph\">{\"@context\":\"https:\\\/\\\/schema.org\",\"@graph\":[{\"@type\":\"WebPage\",\"@id\":\"https:\\\/\\\/rsrmoto.ee\\\/toode\\\/gloves-lobster-graphiteyellow\\\/\",\"url\":\"https:\\\/\\\/rsrmoto.ee\\\/toode\\\/gloves-lobster-graphiteyellow\\\/\",\"name\":\"Kindad \\\"Lobster Graphite\\\" Kollane - RSR Moto\",\"isPartOf\":{\"@id\":\"https:\\\/\\\/rsrmoto.ee\\\/#website\"},\"primaryImageOfPage\":{\"@id\":\"https:\\\/\\\/rsrmoto.ee\\\/toode\\\/gloves-lobster-graphiteyellow\\\/#primaryimage\"},\"image\":{\"@id\":\"https:\\\/\\\/rsrmoto.ee\\\/toode\\\/gloves-lobster-graphiteyellow\\\/#primaryimage\"},\"thumbnailUrl\":\"https:\\\/\\\/rsrmoto.ee\\\/wp-content\\\/uploads\\\/2024\\\/05\\\/9f6nh7yd9kkcyycmti2gjdyb1awaht0c.webp\",\"datePublished\":\"2024-05-13T07:14:23+00:00\",\"dateModified\":\"2024-05-16T08:45:34+00:00\",\"breadcrumb\":{\"@id\":\"https:\\\/\\\/rsrmoto.ee\\\/toode\\\/gloves-lobster-graphiteyellow\\\/#breadcrumb\"},\"inLanguage\":\"en-GB\",\"potentialAction\":[{\"@type\":\"ReadAction\",\"target\":[\"https:\\\/\\\/rsrmoto.ee\\\/toode\\\/gloves-lobster-graphiteyellow\\\/\"]}]},{\"@type\":\"ImageObject\",\"inLanguage\":\"en-GB\",\"@id\":\"https:\\\/\\\/rsrmoto.ee\\\/toode\\\/gloves-lobster-graphiteyellow\\\/#primaryimage\",\"url\":\"https:\\\/\\\/rsrmoto.ee\\\/wp-content\\\/uploads\\\/2024\\\/05\\\/9f6nh7yd9kkcyycmti2gjdyb1awaht0c.webp\",\"contentUrl\":\"https:\\\/\\\/rsrmoto.ee\\\/wp-content\\\/uploads\\\/2024\\\/05\\\/9f6nh7yd9kkcyycmti2gjdyb1awaht0c.webp\",\"width\":1000,\"height\":1000},{\"@type\":\"BreadcrumbList\",\"@id\":\"https:\\\/\\\/rsrmoto.ee\\\/toode\\\/gloves-lobster-graphiteyellow\\\/#breadcrumb\",\"itemListElement\":[{\"@type\":\"ListItem\",\"position\":1,\"name\":\"Esileht\",\"item\":\"https:\\\/\\\/rsrmoto.ee\\\/\"},{\"@type\":\"ListItem\",\"position\":2,\"name\":\"Pood\",\"item\":\"https:\\\/\\\/rsrmoto.ee\\\/pood\\\/\"},{\"@type\":\"ListItem\",\"position\":3,\"name\":\"Kindad &#8220;Lobster Graphite&#8221; Kollane\"}]},{\"@type\":\"WebSite\",\"@id\":\"https:\\\/\\\/rsrmoto.ee\\\/#website\",\"url\":\"https:\\\/\\\/rsrmoto.ee\\\/\",\"name\":\"RSR Moto\",\"description\":\"Kvalitseetsed matka- ja kalastusriided\",\"publisher\":{\"@id\":\"https:\\\/\\\/rsrmoto.ee\\\/#organization\"},\"potentialAction\":[{\"@type\":\"SearchAction\",\"target\":{\"@type\":\"EntryPoint\",\"urlTemplate\":\"https:\\\/\\\/rsrmoto.ee\\\/?s={search_term_string}\"},\"query-input\":{\"@type\":\"PropertyValueSpecification\",\"valueRequired\":true,\"valueName\":\"search_term_string\"}}],\"inLanguage\":\"en-GB\"},{\"@type\":\"Organization\",\"@id\":\"https:\\\/\\\/rsrmoto.ee\\\/#organization\",\"name\":\"RSR Moto\",\"url\":\"https:\\\/\\\/rsrmoto.ee\\\/\",\"logo\":{\"@type\":\"ImageObject\",\"inLanguage\":\"en-GB\",\"@id\":\"https:\\\/\\\/rsrmoto.ee\\\/#\\\/schema\\\/logo\\\/image\\\/\",\"url\":\"https:\\\/\\\/www.rsrmoto.ee\\\/wp-content\\\/uploads\\\/2024\\\/05\\\/mountain-300x300-1.png\",\"contentUrl\":\"https:\\\/\\\/www.rsrmoto.ee\\\/wp-content\\\/uploads\\\/2024\\\/05\\\/mountain-300x300-1.png\",\"width\":300,\"height\":300,\"caption\":\"RSR Moto\"},\"image\":{\"@id\":\"https:\\\/\\\/rsrmoto.ee\\\/#\\\/schema\\\/logo\\\/image\\\/\"}}]}<\/script>\n<!-- \/ Yoast SEO plugin. -->","yoast_head_json":{"title":"Kindad \"Lobster Graphite\" Kollane - RSR Moto","robots":{"index":"index","follow":"follow","max-snippet":"max-snippet:-1","max-image-preview":"max-image-preview:large","max-video-preview":"max-video-preview:-1"},"canonical":"https:\/\/rsrmoto.ee\/en\/product\/gloves-lobster-graphiteyellow\/","og_locale":"en_GB","og_type":"article","og_title":"Kindad \"Lobster Graphite\" Kollane - RSR Moto","og_description":"Peopesa ja s\u00f5rmeotsad on tugevdatud kulumiskindla kitsenahaga Veekindel HIPORA\u00ae membraan Anatoomiline l\u00f5ige Randme ja pika manseti reguleerimine Elastne jalutusrihm kinda randmele kinnitamiseks Temperatuurivahemik: nii madal kui -30\u00b0\u0421 (-22\u00b0F) Pehme mikrofliisvooder","og_url":"https:\/\/rsrmoto.ee\/en\/product\/gloves-lobster-graphiteyellow\/","og_site_name":"RSR Moto","article_modified_time":"2024-05-16T08:45:34+00:00","og_image":[{"width":1000,"height":1000,"url":"https:\/\/rsrmoto.ee\/wp-content\/uploads\/2024\/05\/9f6nh7yd9kkcyycmti2gjdyb1awaht0c.webp","type":"image\/webp"}],"twitter_card":"summary_large_image","schema":{"@context":"https:\/\/schema.org","@graph":[{"@type":"WebPage","@id":"https:\/\/rsrmoto.ee\/toode\/gloves-lobster-graphiteyellow\/","url":"https:\/\/rsrmoto.ee\/toode\/gloves-lobster-graphiteyellow\/","name":"Kindad \"Lobster Graphite\" Kollane - RSR Moto","isPartOf":{"@id":"https:\/\/rsrmoto.ee\/#website"},"primaryImageOfPage":{"@id":"https:\/\/rsrmoto.ee\/toode\/gloves-lobster-graphiteyellow\/#primaryimage"},"image":{"@id":"https:\/\/rsrmoto.ee\/toode\/gloves-lobster-graphiteyellow\/#primaryimage"},"thumbnailUrl":"https:\/\/rsrmoto.ee\/wp-content\/uploads\/2024\/05\/9f6nh7yd9kkcyycmti2gjdyb1awaht0c.webp","datePublished":"2024-05-13T07:14:23+00:00","dateModified":"2024-05-16T08:45:34+00:00","breadcrumb":{"@id":"https:\/\/rsrmoto.ee\/toode\/gloves-lobster-graphiteyellow\/#breadcrumb"},"inLanguage":"en-GB","potentialAction":[{"@type":"ReadAction","target":["https:\/\/rsrmoto.ee\/toode\/gloves-lobster-graphiteyellow\/"]}]},{"@type":"ImageObject","inLanguage":"en-GB","@id":"https:\/\/rsrmoto.ee\/toode\/gloves-lobster-graphiteyellow\/#primaryimage","url":"https:\/\/rsrmoto.ee\/wp-content\/uploads\/2024\/05\/9f6nh7yd9kkcyycmti2gjdyb1awaht0c.webp","contentUrl":"https:\/\/rsrmoto.ee\/wp-content\/uploads\/2024\/05\/9f6nh7yd9kkcyycmti2gjdyb1awaht0c.webp","width":1000,"height":1000},{"@type":"BreadcrumbList","@id":"https:\/\/rsrmoto.ee\/toode\/gloves-lobster-graphiteyellow\/#breadcrumb","itemListElement":[{"@type":"ListItem","position":1,"name":"Esileht","item":"https:\/\/rsrmoto.ee\/"},{"@type":"ListItem","position":2,"name":"Pood","item":"https:\/\/rsrmoto.ee\/pood\/"},{"@type":"ListItem","position":3,"name":"Kindad &#8220;Lobster Graphite&#8221; Kollane"}]},{"@type":"WebSite","@id":"https:\/\/rsrmoto.ee\/#website","url":"https:\/\/rsrmoto.ee\/","name":"RSR Moto","description":"Kvalitseetsed matka- ja kalastusriided","publisher":{"@id":"https:\/\/rsrmoto.ee\/#organization"},"potentialAction":[{"@type":"SearchAction","target":{"@type":"EntryPoint","urlTemplate":"https:\/\/rsrmoto.ee\/?s={search_term_string}"},"query-input":{"@type":"PropertyValueSpecification","valueRequired":true,"valueName":"search_term_string"}}],"inLanguage":"en-GB"},{"@type":"Organization","@id":"https:\/\/rsrmoto.ee\/#organization","name":"RSR Moto","url":"https:\/\/rsrmoto.ee\/","logo":{"@type":"ImageObject","inLanguage":"en-GB","@id":"https:\/\/rsrmoto.ee\/#\/schema\/logo\/image\/","url":"https:\/\/www.rsrmoto.ee\/wp-content\/uploads\/2024\/05\/mountain-300x300-1.png","contentUrl":"https:\/\/www.rsrmoto.ee\/wp-content\/uploads\/2024\/05\/mountain-300x300-1.png","width":300,"height":300,"caption":"RSR Moto"},"image":{"@id":"https:\/\/rsrmoto.ee\/#\/schema\/logo\/image\/"}}]}},"_links":{"self":[{"href":"https:\/\/rsrmoto.ee\/en\/wp-json\/wp\/v2\/product\/2663","targetHints":{"allow":["GET"]}}],"collection":[{"href":"https:\/\/rsrmoto.ee\/en\/wp-json\/wp\/v2\/product"}],"about":[{"href":"https:\/\/rsrmoto.ee\/en\/wp-json\/wp\/v2\/types\/product"}],"wp:featuredmedia":[{"embeddable":true,"href":"https:\/\/rsrmoto.ee\/en\/wp-json\/wp\/v2\/media\/2664"}],"wp:attachment":[{"href":"https:\/\/rsrmoto.ee\/en\/wp-json\/wp\/v2\/media?parent=2663"}],"wp:term":[{"taxonomy":"product_brand","embeddable":true,"href":"https:\/\/rsrmoto.ee\/en\/wp-json\/wp\/v2\/product_brand?post=2663"},{"taxonomy":"product_cat","embeddable":true,"href":"https:\/\/rsrmoto.ee\/en\/wp-json\/wp\/v2\/product_cat?post=2663"},{"taxonomy":"product_tag","embeddable":true,"href":"https:\/\/rsrmoto.ee\/en\/wp-json\/wp\/v2\/product_tag?post=2663"}],"curies":[{"name":"wp","href":"https:\/\/api.w.org\/{rel}","templated":true}]}}