{"id":2753,"date":"2024-05-13T10:36:19","date_gmt":"2024-05-13T07:36:19","guid":{"rendered":"https:\/\/www.rsrmoto.ee\/?post_type=product&#038;p=2753"},"modified":"2024-05-16T13:39:15","modified_gmt":"2024-05-16T10:39:15","slug":"overall-widetrack-camoarmy","status":"publish","type":"product","link":"https:\/\/rsrmoto.ee\/en\/product\/overall-widetrack-camoarmy\/","title":{"rendered":"Overall &#8220;Widetrack CamoArmy&#8221;"},"content":{"rendered":"<p>Finntrail Widetrack 22 kombinesoonid sobivad ideaalselt talviseks v\u00e4litegevuseks, pakkudes sooja juba -30\u00b0C temperatuuridel. Kulumiskindla kanga, Thinsulate isolatsiooni ja tihendatud \u00f5mblustega kaitsevad need k\u00fclma, tuule ja niiskuse eest. Ergonoomiline l\u00f5ige pakub mugavust ja vastupidavust, samal ajal kui tugevdatud k\u00f5rge kulumisalad suurendavad vastupidavust. Kombinesoonil on reguleeritavad traksid, p\u00f6idlavahega Lycra mansetid ja sisemised kedrid, mis hoiavad lund ja niiskust eemal. Mugavust lisavad niiskuskindel kahesuunaline t\u00f5mblukk, eemaldatav kapuuts ja erinevad taskud.<\/p>","protected":false},"excerpt":{"rendered":"<p>Mikrofliisist vooder tagak\u00fcljel annab lisasoojust. Need vastupidavad ja mugavad kombinesoonid on valmistatud spetsiaalsete tehnoloogiatega, et tagada vastupidavus.<\/p>","protected":false},"featured_media":2754,"template":"","meta":[],"product_brand":[],"product_cat":[26,15],"product_tag":[],"class_list":{"0":"post-2753","1":"product","2":"type-product","3":"status-publish","4":"has-post-thumbnail","6":"product_cat-komplektid","7":"product_cat-meestele","9":"first","10":"instock","11":"taxable","12":"shipping-taxable","13":"purchasable","14":"product-type-variable"},"ct_brands":[],"yoast_head":"<!-- This site is optimized with the Yoast SEO plugin v27.3 - https:\/\/yoast.com\/product\/yoast-seo-wordpress\/ -->\n<title>Overall &quot;Widetrack CamoArmy&quot; - RSR Moto<\/title>\n<meta name=\"robots\" content=\"index, follow, max-snippet:-1, max-image-preview:large, max-video-preview:-1\" \/>\n<link rel=\"canonical\" href=\"https:\/\/rsrmoto.ee\/en\/product\/overall-widetrack-camoarmy\/\" \/>\n<meta property=\"og:locale\" content=\"en_GB\" \/>\n<meta property=\"og:type\" content=\"article\" \/>\n<meta property=\"og:title\" content=\"Overall &quot;Widetrack CamoArmy&quot; - RSR Moto\" \/>\n<meta property=\"og:description\" content=\"Mikrofliisist vooder tagak\u00fcljel annab lisasoojust. Need vastupidavad ja mugavad kombinesoonid on valmistatud spetsiaalsete tehnoloogiatega, et tagada vastupidavus.\" \/>\n<meta property=\"og:url\" content=\"https:\/\/rsrmoto.ee\/en\/product\/overall-widetrack-camoarmy\/\" \/>\n<meta property=\"og:site_name\" content=\"RSR Moto\" \/>\n<meta property=\"article:modified_time\" content=\"2024-05-16T10:39:15+00:00\" \/>\n<meta property=\"og:image\" content=\"https:\/\/rsrmoto.ee\/wp-content\/uploads\/2024\/05\/i4a8q8mkuxclau64yr4j3hri3m4d2r06.png\" \/>\n\t<meta property=\"og:image:width\" content=\"1000\" \/>\n\t<meta property=\"og:image:height\" content=\"1000\" \/>\n\t<meta property=\"og:image:type\" content=\"image\/png\" \/>\n<meta name=\"twitter:card\" content=\"summary_large_image\" \/>\n<script type=\"application\/ld+json\" class=\"yoast-schema-graph\">{\"@context\":\"https:\\\/\\\/schema.org\",\"@graph\":[{\"@type\":\"WebPage\",\"@id\":\"https:\\\/\\\/rsrmoto.ee\\\/toode\\\/overall-widetrack-camoarmy\\\/\",\"url\":\"https:\\\/\\\/rsrmoto.ee\\\/toode\\\/overall-widetrack-camoarmy\\\/\",\"name\":\"Overall \\\"Widetrack CamoArmy\\\" - RSR Moto\",\"isPartOf\":{\"@id\":\"https:\\\/\\\/rsrmoto.ee\\\/#website\"},\"primaryImageOfPage\":{\"@id\":\"https:\\\/\\\/rsrmoto.ee\\\/toode\\\/overall-widetrack-camoarmy\\\/#primaryimage\"},\"image\":{\"@id\":\"https:\\\/\\\/rsrmoto.ee\\\/toode\\\/overall-widetrack-camoarmy\\\/#primaryimage\"},\"thumbnailUrl\":\"https:\\\/\\\/rsrmoto.ee\\\/wp-content\\\/uploads\\\/2024\\\/05\\\/i4a8q8mkuxclau64yr4j3hri3m4d2r06.png\",\"datePublished\":\"2024-05-13T07:36:19+00:00\",\"dateModified\":\"2024-05-16T10:39:15+00:00\",\"breadcrumb\":{\"@id\":\"https:\\\/\\\/rsrmoto.ee\\\/toode\\\/overall-widetrack-camoarmy\\\/#breadcrumb\"},\"inLanguage\":\"en-GB\",\"potentialAction\":[{\"@type\":\"ReadAction\",\"target\":[\"https:\\\/\\\/rsrmoto.ee\\\/toode\\\/overall-widetrack-camoarmy\\\/\"]}]},{\"@type\":\"ImageObject\",\"inLanguage\":\"en-GB\",\"@id\":\"https:\\\/\\\/rsrmoto.ee\\\/toode\\\/overall-widetrack-camoarmy\\\/#primaryimage\",\"url\":\"https:\\\/\\\/rsrmoto.ee\\\/wp-content\\\/uploads\\\/2024\\\/05\\\/i4a8q8mkuxclau64yr4j3hri3m4d2r06.png\",\"contentUrl\":\"https:\\\/\\\/rsrmoto.ee\\\/wp-content\\\/uploads\\\/2024\\\/05\\\/i4a8q8mkuxclau64yr4j3hri3m4d2r06.png\",\"width\":1000,\"height\":1000},{\"@type\":\"BreadcrumbList\",\"@id\":\"https:\\\/\\\/rsrmoto.ee\\\/toode\\\/overall-widetrack-camoarmy\\\/#breadcrumb\",\"itemListElement\":[{\"@type\":\"ListItem\",\"position\":1,\"name\":\"Esileht\",\"item\":\"https:\\\/\\\/rsrmoto.ee\\\/\"},{\"@type\":\"ListItem\",\"position\":2,\"name\":\"Pood\",\"item\":\"https:\\\/\\\/rsrmoto.ee\\\/pood\\\/\"},{\"@type\":\"ListItem\",\"position\":3,\"name\":\"Overall &#8220;Widetrack CamoArmy&#8221;\"}]},{\"@type\":\"WebSite\",\"@id\":\"https:\\\/\\\/rsrmoto.ee\\\/#website\",\"url\":\"https:\\\/\\\/rsrmoto.ee\\\/\",\"name\":\"RSR Moto\",\"description\":\"Kvalitseetsed matka- ja kalastusriided\",\"publisher\":{\"@id\":\"https:\\\/\\\/rsrmoto.ee\\\/#organization\"},\"potentialAction\":[{\"@type\":\"SearchAction\",\"target\":{\"@type\":\"EntryPoint\",\"urlTemplate\":\"https:\\\/\\\/rsrmoto.ee\\\/?s={search_term_string}\"},\"query-input\":{\"@type\":\"PropertyValueSpecification\",\"valueRequired\":true,\"valueName\":\"search_term_string\"}}],\"inLanguage\":\"en-GB\"},{\"@type\":\"Organization\",\"@id\":\"https:\\\/\\\/rsrmoto.ee\\\/#organization\",\"name\":\"RSR Moto\",\"url\":\"https:\\\/\\\/rsrmoto.ee\\\/\",\"logo\":{\"@type\":\"ImageObject\",\"inLanguage\":\"en-GB\",\"@id\":\"https:\\\/\\\/rsrmoto.ee\\\/#\\\/schema\\\/logo\\\/image\\\/\",\"url\":\"https:\\\/\\\/www.rsrmoto.ee\\\/wp-content\\\/uploads\\\/2024\\\/05\\\/mountain-300x300-1.png\",\"contentUrl\":\"https:\\\/\\\/www.rsrmoto.ee\\\/wp-content\\\/uploads\\\/2024\\\/05\\\/mountain-300x300-1.png\",\"width\":300,\"height\":300,\"caption\":\"RSR Moto\"},\"image\":{\"@id\":\"https:\\\/\\\/rsrmoto.ee\\\/#\\\/schema\\\/logo\\\/image\\\/\"}}]}<\/script>\n<!-- \/ Yoast SEO plugin. -->","yoast_head_json":{"title":"Overall \"Widetrack CamoArmy\" - RSR Moto","robots":{"index":"index","follow":"follow","max-snippet":"max-snippet:-1","max-image-preview":"max-image-preview:large","max-video-preview":"max-video-preview:-1"},"canonical":"https:\/\/rsrmoto.ee\/en\/product\/overall-widetrack-camoarmy\/","og_locale":"en_GB","og_type":"article","og_title":"Overall \"Widetrack CamoArmy\" - RSR Moto","og_description":"Mikrofliisist vooder tagak\u00fcljel annab lisasoojust. Need vastupidavad ja mugavad kombinesoonid on valmistatud spetsiaalsete tehnoloogiatega, et tagada vastupidavus.","og_url":"https:\/\/rsrmoto.ee\/en\/product\/overall-widetrack-camoarmy\/","og_site_name":"RSR Moto","article_modified_time":"2024-05-16T10:39:15+00:00","og_image":[{"width":1000,"height":1000,"url":"https:\/\/rsrmoto.ee\/wp-content\/uploads\/2024\/05\/i4a8q8mkuxclau64yr4j3hri3m4d2r06.png","type":"image\/png"}],"twitter_card":"summary_large_image","schema":{"@context":"https:\/\/schema.org","@graph":[{"@type":"WebPage","@id":"https:\/\/rsrmoto.ee\/toode\/overall-widetrack-camoarmy\/","url":"https:\/\/rsrmoto.ee\/toode\/overall-widetrack-camoarmy\/","name":"Overall \"Widetrack CamoArmy\" - RSR Moto","isPartOf":{"@id":"https:\/\/rsrmoto.ee\/#website"},"primaryImageOfPage":{"@id":"https:\/\/rsrmoto.ee\/toode\/overall-widetrack-camoarmy\/#primaryimage"},"image":{"@id":"https:\/\/rsrmoto.ee\/toode\/overall-widetrack-camoarmy\/#primaryimage"},"thumbnailUrl":"https:\/\/rsrmoto.ee\/wp-content\/uploads\/2024\/05\/i4a8q8mkuxclau64yr4j3hri3m4d2r06.png","datePublished":"2024-05-13T07:36:19+00:00","dateModified":"2024-05-16T10:39:15+00:00","breadcrumb":{"@id":"https:\/\/rsrmoto.ee\/toode\/overall-widetrack-camoarmy\/#breadcrumb"},"inLanguage":"en-GB","potentialAction":[{"@type":"ReadAction","target":["https:\/\/rsrmoto.ee\/toode\/overall-widetrack-camoarmy\/"]}]},{"@type":"ImageObject","inLanguage":"en-GB","@id":"https:\/\/rsrmoto.ee\/toode\/overall-widetrack-camoarmy\/#primaryimage","url":"https:\/\/rsrmoto.ee\/wp-content\/uploads\/2024\/05\/i4a8q8mkuxclau64yr4j3hri3m4d2r06.png","contentUrl":"https:\/\/rsrmoto.ee\/wp-content\/uploads\/2024\/05\/i4a8q8mkuxclau64yr4j3hri3m4d2r06.png","width":1000,"height":1000},{"@type":"BreadcrumbList","@id":"https:\/\/rsrmoto.ee\/toode\/overall-widetrack-camoarmy\/#breadcrumb","itemListElement":[{"@type":"ListItem","position":1,"name":"Esileht","item":"https:\/\/rsrmoto.ee\/"},{"@type":"ListItem","position":2,"name":"Pood","item":"https:\/\/rsrmoto.ee\/pood\/"},{"@type":"ListItem","position":3,"name":"Overall &#8220;Widetrack CamoArmy&#8221;"}]},{"@type":"WebSite","@id":"https:\/\/rsrmoto.ee\/#website","url":"https:\/\/rsrmoto.ee\/","name":"RSR Moto","description":"Kvalitseetsed matka- ja kalastusriided","publisher":{"@id":"https:\/\/rsrmoto.ee\/#organization"},"potentialAction":[{"@type":"SearchAction","target":{"@type":"EntryPoint","urlTemplate":"https:\/\/rsrmoto.ee\/?s={search_term_string}"},"query-input":{"@type":"PropertyValueSpecification","valueRequired":true,"valueName":"search_term_string"}}],"inLanguage":"en-GB"},{"@type":"Organization","@id":"https:\/\/rsrmoto.ee\/#organization","name":"RSR Moto","url":"https:\/\/rsrmoto.ee\/","logo":{"@type":"ImageObject","inLanguage":"en-GB","@id":"https:\/\/rsrmoto.ee\/#\/schema\/logo\/image\/","url":"https:\/\/www.rsrmoto.ee\/wp-content\/uploads\/2024\/05\/mountain-300x300-1.png","contentUrl":"https:\/\/www.rsrmoto.ee\/wp-content\/uploads\/2024\/05\/mountain-300x300-1.png","width":300,"height":300,"caption":"RSR Moto"},"image":{"@id":"https:\/\/rsrmoto.ee\/#\/schema\/logo\/image\/"}}]}},"_links":{"self":[{"href":"https:\/\/rsrmoto.ee\/en\/wp-json\/wp\/v2\/product\/2753","targetHints":{"allow":["GET"]}}],"collection":[{"href":"https:\/\/rsrmoto.ee\/en\/wp-json\/wp\/v2\/product"}],"about":[{"href":"https:\/\/rsrmoto.ee\/en\/wp-json\/wp\/v2\/types\/product"}],"wp:featuredmedia":[{"embeddable":true,"href":"https:\/\/rsrmoto.ee\/en\/wp-json\/wp\/v2\/media\/2754"}],"wp:attachment":[{"href":"https:\/\/rsrmoto.ee\/en\/wp-json\/wp\/v2\/media?parent=2753"}],"wp:term":[{"taxonomy":"product_brand","embeddable":true,"href":"https:\/\/rsrmoto.ee\/en\/wp-json\/wp\/v2\/product_brand?post=2753"},{"taxonomy":"product_cat","embeddable":true,"href":"https:\/\/rsrmoto.ee\/en\/wp-json\/wp\/v2\/product_cat?post=2753"},{"taxonomy":"product_tag","embeddable":true,"href":"https:\/\/rsrmoto.ee\/en\/wp-json\/wp\/v2\/product_tag?post=2753"}],"curies":[{"name":"wp","href":"https:\/\/api.w.org\/{rel}","templated":true}]}}