{"id":279,"date":"2020-03-18T15:35:09","date_gmt":"2020-03-18T15:35:09","guid":{"rendered":"https:\/\/demo.creativethemes.com\/blocksy\/modern-shop\/?post_type=product&#038;p=279"},"modified":"2024-04-25T19:44:46","modified_gmt":"2024-04-25T16:44:46","slug":"prolight-red-3502-suit","status":"publish","type":"product","link":"https:\/\/rsrmoto.ee\/en\/product\/prolight-red-3502-suit\/","title":{"rendered":"PROLIGHT Red 3502 Suit"},"content":{"rendered":"<p>Kerge ja kompaktne vihma\u00fclikond, mis on loodud maksimaalseks mugavuseks ning usaldusv\u00e4\u00e4rseks vee- ja mudakaitseks. Valmistatud vastupidavast 2,5-kihilisest kangast ja HARD-TEX membraanist, kaitseb teid karmide ilmastikutingimuste eest. Avarate taskute, kummist randmek\u00e4stega ja p\u00fcksimansettidega tagab see, et j\u00e4\u00e4te kuivaks. Ideaalne igaks seikluseks, see sobib igat t\u00fc\u00fcpi kottide v\u00f5i seljakottidega.<\/p>","protected":false},"excerpt":{"rendered":"<p><strong>Tehnoloogiad<\/strong><\/p>\n<ul>\n<li>Vastupidav membraankangas<\/li>\n<li>Mitmekihiline membraankangas<\/li>\n<li>Usaldusv\u00e4\u00e4rne mustust h\u00fclgav kate<\/li>\n<\/ul>","protected":false},"featured_media":778,"template":"","meta":[],"product_brand":[],"product_cat":[26,15],"product_tag":[],"class_list":{"0":"post-279","1":"product","2":"type-product","3":"status-publish","4":"has-post-thumbnail","6":"product_cat-komplektid","7":"product_cat-meestele","9":"first","10":"instock","11":"taxable","12":"shipping-taxable","13":"purchasable","14":"product-type-simple"},"ct_brands":[],"yoast_head":"<!-- This site is optimized with the Yoast SEO plugin v27.3 - https:\/\/yoast.com\/product\/yoast-seo-wordpress\/ -->\n<title>PROLIGHT Red 3502 Suit - RSR Moto<\/title>\n<meta name=\"robots\" content=\"index, follow, max-snippet:-1, max-image-preview:large, max-video-preview:-1\" \/>\n<link rel=\"canonical\" href=\"https:\/\/rsrmoto.ee\/en\/product\/prolight-red-3502-suit\/\" \/>\n<meta property=\"og:locale\" content=\"en_GB\" \/>\n<meta property=\"og:type\" content=\"article\" \/>\n<meta property=\"og:title\" content=\"PROLIGHT Red 3502 Suit - RSR Moto\" \/>\n<meta property=\"og:description\" content=\"Tehnoloogiad   Vastupidav membraankangas  Mitmekihiline membraankangas  Usaldusv\u00e4\u00e4rne mustust h\u00fclgav kate\" \/>\n<meta property=\"og:url\" content=\"https:\/\/rsrmoto.ee\/en\/product\/prolight-red-3502-suit\/\" \/>\n<meta property=\"og:site_name\" content=\"RSR Moto\" \/>\n<meta property=\"article:modified_time\" content=\"2024-04-25T16:44:46+00:00\" \/>\n<meta property=\"og:image\" content=\"https:\/\/rsrmoto.ee\/wp-content\/uploads\/2020\/03\/d434289617937c3f38f7a9466b071dda.webp\" \/>\n\t<meta property=\"og:image:width\" content=\"1000\" \/>\n\t<meta property=\"og:image:height\" content=\"1000\" \/>\n\t<meta property=\"og:image:type\" content=\"image\/webp\" \/>\n<meta name=\"twitter:card\" content=\"summary_large_image\" \/>\n<script type=\"application\/ld+json\" class=\"yoast-schema-graph\">{\"@context\":\"https:\\\/\\\/schema.org\",\"@graph\":[{\"@type\":\"WebPage\",\"@id\":\"https:\\\/\\\/rsrmoto.ee\\\/toode\\\/prolight-red-3502-suit\\\/\",\"url\":\"https:\\\/\\\/rsrmoto.ee\\\/toode\\\/prolight-red-3502-suit\\\/\",\"name\":\"PROLIGHT Red 3502 Suit - RSR Moto\",\"isPartOf\":{\"@id\":\"https:\\\/\\\/rsrmoto.ee\\\/#website\"},\"primaryImageOfPage\":{\"@id\":\"https:\\\/\\\/rsrmoto.ee\\\/toode\\\/prolight-red-3502-suit\\\/#primaryimage\"},\"image\":{\"@id\":\"https:\\\/\\\/rsrmoto.ee\\\/toode\\\/prolight-red-3502-suit\\\/#primaryimage\"},\"thumbnailUrl\":\"https:\\\/\\\/rsrmoto.ee\\\/wp-content\\\/uploads\\\/2020\\\/03\\\/d434289617937c3f38f7a9466b071dda.webp\",\"datePublished\":\"2020-03-18T15:35:09+00:00\",\"dateModified\":\"2024-04-25T16:44:46+00:00\",\"breadcrumb\":{\"@id\":\"https:\\\/\\\/rsrmoto.ee\\\/toode\\\/prolight-red-3502-suit\\\/#breadcrumb\"},\"inLanguage\":\"en-GB\",\"potentialAction\":[{\"@type\":\"ReadAction\",\"target\":[\"https:\\\/\\\/rsrmoto.ee\\\/toode\\\/prolight-red-3502-suit\\\/\"]}]},{\"@type\":\"ImageObject\",\"inLanguage\":\"en-GB\",\"@id\":\"https:\\\/\\\/rsrmoto.ee\\\/toode\\\/prolight-red-3502-suit\\\/#primaryimage\",\"url\":\"https:\\\/\\\/rsrmoto.ee\\\/wp-content\\\/uploads\\\/2020\\\/03\\\/d434289617937c3f38f7a9466b071dda.webp\",\"contentUrl\":\"https:\\\/\\\/rsrmoto.ee\\\/wp-content\\\/uploads\\\/2020\\\/03\\\/d434289617937c3f38f7a9466b071dda.webp\",\"width\":1000,\"height\":1000},{\"@type\":\"BreadcrumbList\",\"@id\":\"https:\\\/\\\/rsrmoto.ee\\\/toode\\\/prolight-red-3502-suit\\\/#breadcrumb\",\"itemListElement\":[{\"@type\":\"ListItem\",\"position\":1,\"name\":\"Esileht\",\"item\":\"https:\\\/\\\/rsrmoto.ee\\\/\"},{\"@type\":\"ListItem\",\"position\":2,\"name\":\"Pood\",\"item\":\"https:\\\/\\\/rsrmoto.ee\\\/pood\\\/\"},{\"@type\":\"ListItem\",\"position\":3,\"name\":\"PROLIGHT Red 3502 Suit\"}]},{\"@type\":\"WebSite\",\"@id\":\"https:\\\/\\\/rsrmoto.ee\\\/#website\",\"url\":\"https:\\\/\\\/rsrmoto.ee\\\/\",\"name\":\"RSR Moto\",\"description\":\"Kvalitseetsed matka- ja kalastusriided\",\"publisher\":{\"@id\":\"https:\\\/\\\/rsrmoto.ee\\\/#organization\"},\"potentialAction\":[{\"@type\":\"SearchAction\",\"target\":{\"@type\":\"EntryPoint\",\"urlTemplate\":\"https:\\\/\\\/rsrmoto.ee\\\/?s={search_term_string}\"},\"query-input\":{\"@type\":\"PropertyValueSpecification\",\"valueRequired\":true,\"valueName\":\"search_term_string\"}}],\"inLanguage\":\"en-GB\"},{\"@type\":\"Organization\",\"@id\":\"https:\\\/\\\/rsrmoto.ee\\\/#organization\",\"name\":\"RSR Moto\",\"url\":\"https:\\\/\\\/rsrmoto.ee\\\/\",\"logo\":{\"@type\":\"ImageObject\",\"inLanguage\":\"en-GB\",\"@id\":\"https:\\\/\\\/rsrmoto.ee\\\/#\\\/schema\\\/logo\\\/image\\\/\",\"url\":\"https:\\\/\\\/www.rsrmoto.ee\\\/wp-content\\\/uploads\\\/2024\\\/05\\\/mountain-300x300-1.png\",\"contentUrl\":\"https:\\\/\\\/www.rsrmoto.ee\\\/wp-content\\\/uploads\\\/2024\\\/05\\\/mountain-300x300-1.png\",\"width\":300,\"height\":300,\"caption\":\"RSR Moto\"},\"image\":{\"@id\":\"https:\\\/\\\/rsrmoto.ee\\\/#\\\/schema\\\/logo\\\/image\\\/\"}}]}<\/script>\n<!-- \/ Yoast SEO plugin. -->","yoast_head_json":{"title":"PROLIGHT Red 3502 Suit - RSR Moto","robots":{"index":"index","follow":"follow","max-snippet":"max-snippet:-1","max-image-preview":"max-image-preview:large","max-video-preview":"max-video-preview:-1"},"canonical":"https:\/\/rsrmoto.ee\/en\/product\/prolight-red-3502-suit\/","og_locale":"en_GB","og_type":"article","og_title":"PROLIGHT Red 3502 Suit - RSR Moto","og_description":"Tehnoloogiad   Vastupidav membraankangas  Mitmekihiline membraankangas  Usaldusv\u00e4\u00e4rne mustust h\u00fclgav kate","og_url":"https:\/\/rsrmoto.ee\/en\/product\/prolight-red-3502-suit\/","og_site_name":"RSR Moto","article_modified_time":"2024-04-25T16:44:46+00:00","og_image":[{"width":1000,"height":1000,"url":"https:\/\/rsrmoto.ee\/wp-content\/uploads\/2020\/03\/d434289617937c3f38f7a9466b071dda.webp","type":"image\/webp"}],"twitter_card":"summary_large_image","schema":{"@context":"https:\/\/schema.org","@graph":[{"@type":"WebPage","@id":"https:\/\/rsrmoto.ee\/toode\/prolight-red-3502-suit\/","url":"https:\/\/rsrmoto.ee\/toode\/prolight-red-3502-suit\/","name":"PROLIGHT Red 3502 Suit - RSR Moto","isPartOf":{"@id":"https:\/\/rsrmoto.ee\/#website"},"primaryImageOfPage":{"@id":"https:\/\/rsrmoto.ee\/toode\/prolight-red-3502-suit\/#primaryimage"},"image":{"@id":"https:\/\/rsrmoto.ee\/toode\/prolight-red-3502-suit\/#primaryimage"},"thumbnailUrl":"https:\/\/rsrmoto.ee\/wp-content\/uploads\/2020\/03\/d434289617937c3f38f7a9466b071dda.webp","datePublished":"2020-03-18T15:35:09+00:00","dateModified":"2024-04-25T16:44:46+00:00","breadcrumb":{"@id":"https:\/\/rsrmoto.ee\/toode\/prolight-red-3502-suit\/#breadcrumb"},"inLanguage":"en-GB","potentialAction":[{"@type":"ReadAction","target":["https:\/\/rsrmoto.ee\/toode\/prolight-red-3502-suit\/"]}]},{"@type":"ImageObject","inLanguage":"en-GB","@id":"https:\/\/rsrmoto.ee\/toode\/prolight-red-3502-suit\/#primaryimage","url":"https:\/\/rsrmoto.ee\/wp-content\/uploads\/2020\/03\/d434289617937c3f38f7a9466b071dda.webp","contentUrl":"https:\/\/rsrmoto.ee\/wp-content\/uploads\/2020\/03\/d434289617937c3f38f7a9466b071dda.webp","width":1000,"height":1000},{"@type":"BreadcrumbList","@id":"https:\/\/rsrmoto.ee\/toode\/prolight-red-3502-suit\/#breadcrumb","itemListElement":[{"@type":"ListItem","position":1,"name":"Esileht","item":"https:\/\/rsrmoto.ee\/"},{"@type":"ListItem","position":2,"name":"Pood","item":"https:\/\/rsrmoto.ee\/pood\/"},{"@type":"ListItem","position":3,"name":"PROLIGHT Red 3502 Suit"}]},{"@type":"WebSite","@id":"https:\/\/rsrmoto.ee\/#website","url":"https:\/\/rsrmoto.ee\/","name":"RSR Moto","description":"Kvalitseetsed matka- ja kalastusriided","publisher":{"@id":"https:\/\/rsrmoto.ee\/#organization"},"potentialAction":[{"@type":"SearchAction","target":{"@type":"EntryPoint","urlTemplate":"https:\/\/rsrmoto.ee\/?s={search_term_string}"},"query-input":{"@type":"PropertyValueSpecification","valueRequired":true,"valueName":"search_term_string"}}],"inLanguage":"en-GB"},{"@type":"Organization","@id":"https:\/\/rsrmoto.ee\/#organization","name":"RSR Moto","url":"https:\/\/rsrmoto.ee\/","logo":{"@type":"ImageObject","inLanguage":"en-GB","@id":"https:\/\/rsrmoto.ee\/#\/schema\/logo\/image\/","url":"https:\/\/www.rsrmoto.ee\/wp-content\/uploads\/2024\/05\/mountain-300x300-1.png","contentUrl":"https:\/\/www.rsrmoto.ee\/wp-content\/uploads\/2024\/05\/mountain-300x300-1.png","width":300,"height":300,"caption":"RSR Moto"},"image":{"@id":"https:\/\/rsrmoto.ee\/#\/schema\/logo\/image\/"}}]}},"_links":{"self":[{"href":"https:\/\/rsrmoto.ee\/en\/wp-json\/wp\/v2\/product\/279","targetHints":{"allow":["GET"]}}],"collection":[{"href":"https:\/\/rsrmoto.ee\/en\/wp-json\/wp\/v2\/product"}],"about":[{"href":"https:\/\/rsrmoto.ee\/en\/wp-json\/wp\/v2\/types\/product"}],"wp:featuredmedia":[{"embeddable":true,"href":"https:\/\/rsrmoto.ee\/en\/wp-json\/wp\/v2\/media\/778"}],"wp:attachment":[{"href":"https:\/\/rsrmoto.ee\/en\/wp-json\/wp\/v2\/media?parent=279"}],"wp:term":[{"taxonomy":"product_brand","embeddable":true,"href":"https:\/\/rsrmoto.ee\/en\/wp-json\/wp\/v2\/product_brand?post=279"},{"taxonomy":"product_cat","embeddable":true,"href":"https:\/\/rsrmoto.ee\/en\/wp-json\/wp\/v2\/product_cat?post=279"},{"taxonomy":"product_tag","embeddable":true,"href":"https:\/\/rsrmoto.ee\/en\/wp-json\/wp\/v2\/product_tag?post=279"}],"curies":[{"name":"wp","href":"https:\/\/api.w.org\/{rel}","templated":true}]}}