{"id":2842,"date":"2024-05-14T13:02:42","date_gmt":"2024-05-14T10:02:42","guid":{"rendered":"https:\/\/www.rsrmoto.ee\/?post_type=product&#038;p=2842"},"modified":"2024-05-16T16:08:53","modified_gmt":"2024-05-16T13:08:53","slug":"overall-widetrack-red","status":"publish","type":"product","link":"https:\/\/rsrmoto.ee\/en\/product\/overall-widetrack-red\/","title":{"rendered":"Kombinesoon &#8220;Widetrack&#8221; Punane"},"content":{"rendered":"<p>Soojad ja lumekindlad Finntrail Widetrack 22 kombinesoonid on m\u00f5eldud kasutamiseks j\u00e4rsu pakasega, kuni -30\u00b0C. T\u00e4nu uuele 2,5-kihilisele kulumiskindlale kangale koos HARDTEX membraaniga ja tehnoloogilise isolatsiooniga Thinsulate pakub \u00fclikond korralikku kaitset pakase, k\u00fclma tuule ja niiskuse sissep\u00e4\u00e4su eest. Kombinesoonil on ainulaadne ergonoomiline l\u00f5ige, milles on \u00fchendatud mugavus ja t\u00f6\u00f6kindlus. K\u00f5ik tugevalt kuluvad alad, sealhulgas p\u00f5lve- ja istmealad, sise- ja s\u00e4\u00e4repiirkonnad, on tugevdatud t\u00e4iendava kihiga vastupidavast materjalist.<\/p>\n<p>K\u00f5ik \u00f5mblused on tihendatud. Kombinesoon on varustatud traksidega mugavaks k\u00f5rguse reguleerimiseks. Sisemised Lycra mansetid p\u00f6idla vahega tagavad mugavuse ning kaitsevad tuule ja lume eest. Sisekedrid takistavad lume ja niiskuse sattumist kombinesooni ja saabaste sisse. Niiskuskindel kahesuunaline t\u00f5mblukk kaitseb vee sissetungimise eest ja v\u00f5imaldab toimingut lihtsalt teha. Kombinesoonil on eemaldatav ja reguleeritav kapuuts, h\u00fcgroskoopsest mikrofliisist krae, ventilatsioonis\u00fcsteem, reguleeritav v\u00f6\u00f6koht, k\u00f5rvaklappide sisemine aas, ergonoomiline p\u00f5lvel\u00f5ige, kaks avarat lukuga k\u00fcljetaskut, kaks lukuga rinnataskut, \u00fcks varrukatasku , \u00fcks sisemine lukuga tasku ja \u00fcks sisemine v\u00f5rktasku.<\/p>\n<p>&nbsp;<\/p>","protected":false},"excerpt":{"rendered":"<p>Tagumine vooder on valmistatud mikrofliisist t\u00e4iendava soojuse ja mugavuse tagamiseks. See mudel on loodud spetsiaalsete tehnoloogiate abil, mis tagavad mugavuse ja pika kasutusea.<\/p>","protected":false},"featured_media":2844,"template":"","meta":[],"product_brand":[],"product_cat":[26,30,15,111],"product_tag":[],"class_list":{"0":"post-2842","1":"product","2":"type-product","3":"status-publish","4":"has-post-thumbnail","6":"product_cat-komplektid","7":"product_cat-lumi","8":"product_cat-meestele","9":"product_cat-mootorsaani-riided","11":"first","12":"instock","13":"taxable","14":"shipping-taxable","15":"purchasable","16":"product-type-variable"},"ct_brands":[],"yoast_head":"<!-- This site is optimized with the Yoast SEO plugin v27.3 - https:\/\/yoast.com\/product\/yoast-seo-wordpress\/ -->\n<title>Kombinesoon &quot;Widetrack&quot; Punane - RSR Moto<\/title>\n<meta name=\"robots\" content=\"index, follow, max-snippet:-1, max-image-preview:large, max-video-preview:-1\" \/>\n<link rel=\"canonical\" href=\"https:\/\/rsrmoto.ee\/en\/product\/overall-widetrack-red\/\" \/>\n<meta property=\"og:locale\" content=\"en_GB\" \/>\n<meta property=\"og:type\" content=\"article\" \/>\n<meta property=\"og:title\" content=\"Kombinesoon &quot;Widetrack&quot; Punane - RSR Moto\" \/>\n<meta property=\"og:description\" content=\"Tagumine vooder on valmistatud mikrofliisist t\u00e4iendava soojuse ja mugavuse tagamiseks. See mudel on loodud spetsiaalsete tehnoloogiate abil, mis tagavad mugavuse ja pika kasutusea.\" \/>\n<meta property=\"og:url\" content=\"https:\/\/rsrmoto.ee\/en\/product\/overall-widetrack-red\/\" \/>\n<meta property=\"og:site_name\" content=\"RSR Moto\" \/>\n<meta property=\"article:modified_time\" content=\"2024-05-16T13:08:53+00:00\" \/>\n<meta property=\"og:image\" content=\"https:\/\/rsrmoto.ee\/wp-content\/uploads\/2024\/05\/eo1pamisu4v0wo2oabzry1zabkm1mcn4.webp\" \/>\n\t<meta property=\"og:image:width\" content=\"1000\" \/>\n\t<meta property=\"og:image:height\" content=\"1000\" \/>\n\t<meta property=\"og:image:type\" content=\"image\/webp\" \/>\n<meta name=\"twitter:card\" content=\"summary_large_image\" \/>\n<meta name=\"twitter:label1\" content=\"Estimated reading time\" \/>\n\t<meta name=\"twitter:data1\" content=\"1 minute\" \/>\n<script type=\"application\/ld+json\" class=\"yoast-schema-graph\">{\"@context\":\"https:\\\/\\\/schema.org\",\"@graph\":[{\"@type\":\"WebPage\",\"@id\":\"https:\\\/\\\/rsrmoto.ee\\\/toode\\\/overall-widetrack-red\\\/\",\"url\":\"https:\\\/\\\/rsrmoto.ee\\\/toode\\\/overall-widetrack-red\\\/\",\"name\":\"Kombinesoon \\\"Widetrack\\\" Punane - RSR Moto\",\"isPartOf\":{\"@id\":\"https:\\\/\\\/rsrmoto.ee\\\/#website\"},\"primaryImageOfPage\":{\"@id\":\"https:\\\/\\\/rsrmoto.ee\\\/toode\\\/overall-widetrack-red\\\/#primaryimage\"},\"image\":{\"@id\":\"https:\\\/\\\/rsrmoto.ee\\\/toode\\\/overall-widetrack-red\\\/#primaryimage\"},\"thumbnailUrl\":\"https:\\\/\\\/rsrmoto.ee\\\/wp-content\\\/uploads\\\/2024\\\/05\\\/eo1pamisu4v0wo2oabzry1zabkm1mcn4.webp\",\"datePublished\":\"2024-05-14T10:02:42+00:00\",\"dateModified\":\"2024-05-16T13:08:53+00:00\",\"breadcrumb\":{\"@id\":\"https:\\\/\\\/rsrmoto.ee\\\/toode\\\/overall-widetrack-red\\\/#breadcrumb\"},\"inLanguage\":\"en-GB\",\"potentialAction\":[{\"@type\":\"ReadAction\",\"target\":[\"https:\\\/\\\/rsrmoto.ee\\\/toode\\\/overall-widetrack-red\\\/\"]}]},{\"@type\":\"ImageObject\",\"inLanguage\":\"en-GB\",\"@id\":\"https:\\\/\\\/rsrmoto.ee\\\/toode\\\/overall-widetrack-red\\\/#primaryimage\",\"url\":\"https:\\\/\\\/rsrmoto.ee\\\/wp-content\\\/uploads\\\/2024\\\/05\\\/eo1pamisu4v0wo2oabzry1zabkm1mcn4.webp\",\"contentUrl\":\"https:\\\/\\\/rsrmoto.ee\\\/wp-content\\\/uploads\\\/2024\\\/05\\\/eo1pamisu4v0wo2oabzry1zabkm1mcn4.webp\",\"width\":1000,\"height\":1000},{\"@type\":\"BreadcrumbList\",\"@id\":\"https:\\\/\\\/rsrmoto.ee\\\/toode\\\/overall-widetrack-red\\\/#breadcrumb\",\"itemListElement\":[{\"@type\":\"ListItem\",\"position\":1,\"name\":\"Esileht\",\"item\":\"https:\\\/\\\/rsrmoto.ee\\\/\"},{\"@type\":\"ListItem\",\"position\":2,\"name\":\"Pood\",\"item\":\"https:\\\/\\\/rsrmoto.ee\\\/pood\\\/\"},{\"@type\":\"ListItem\",\"position\":3,\"name\":\"Kombinesoon &#8220;Widetrack&#8221; Punane\"}]},{\"@type\":\"WebSite\",\"@id\":\"https:\\\/\\\/rsrmoto.ee\\\/#website\",\"url\":\"https:\\\/\\\/rsrmoto.ee\\\/\",\"name\":\"RSR Moto\",\"description\":\"Kvalitseetsed matka- ja kalastusriided\",\"publisher\":{\"@id\":\"https:\\\/\\\/rsrmoto.ee\\\/#organization\"},\"potentialAction\":[{\"@type\":\"SearchAction\",\"target\":{\"@type\":\"EntryPoint\",\"urlTemplate\":\"https:\\\/\\\/rsrmoto.ee\\\/?s={search_term_string}\"},\"query-input\":{\"@type\":\"PropertyValueSpecification\",\"valueRequired\":true,\"valueName\":\"search_term_string\"}}],\"inLanguage\":\"en-GB\"},{\"@type\":\"Organization\",\"@id\":\"https:\\\/\\\/rsrmoto.ee\\\/#organization\",\"name\":\"RSR Moto\",\"url\":\"https:\\\/\\\/rsrmoto.ee\\\/\",\"logo\":{\"@type\":\"ImageObject\",\"inLanguage\":\"en-GB\",\"@id\":\"https:\\\/\\\/rsrmoto.ee\\\/#\\\/schema\\\/logo\\\/image\\\/\",\"url\":\"https:\\\/\\\/www.rsrmoto.ee\\\/wp-content\\\/uploads\\\/2024\\\/05\\\/mountain-300x300-1.png\",\"contentUrl\":\"https:\\\/\\\/www.rsrmoto.ee\\\/wp-content\\\/uploads\\\/2024\\\/05\\\/mountain-300x300-1.png\",\"width\":300,\"height\":300,\"caption\":\"RSR Moto\"},\"image\":{\"@id\":\"https:\\\/\\\/rsrmoto.ee\\\/#\\\/schema\\\/logo\\\/image\\\/\"}}]}<\/script>\n<!-- \/ Yoast SEO plugin. -->","yoast_head_json":{"title":"Kombinesoon \"Widetrack\" Punane - RSR Moto","robots":{"index":"index","follow":"follow","max-snippet":"max-snippet:-1","max-image-preview":"max-image-preview:large","max-video-preview":"max-video-preview:-1"},"canonical":"https:\/\/rsrmoto.ee\/en\/product\/overall-widetrack-red\/","og_locale":"en_GB","og_type":"article","og_title":"Kombinesoon \"Widetrack\" Punane - RSR Moto","og_description":"Tagumine vooder on valmistatud mikrofliisist t\u00e4iendava soojuse ja mugavuse tagamiseks. See mudel on loodud spetsiaalsete tehnoloogiate abil, mis tagavad mugavuse ja pika kasutusea.","og_url":"https:\/\/rsrmoto.ee\/en\/product\/overall-widetrack-red\/","og_site_name":"RSR Moto","article_modified_time":"2024-05-16T13:08:53+00:00","og_image":[{"width":1000,"height":1000,"url":"https:\/\/rsrmoto.ee\/wp-content\/uploads\/2024\/05\/eo1pamisu4v0wo2oabzry1zabkm1mcn4.webp","type":"image\/webp"}],"twitter_card":"summary_large_image","twitter_misc":{"Estimated reading time":"1 minute"},"schema":{"@context":"https:\/\/schema.org","@graph":[{"@type":"WebPage","@id":"https:\/\/rsrmoto.ee\/toode\/overall-widetrack-red\/","url":"https:\/\/rsrmoto.ee\/toode\/overall-widetrack-red\/","name":"Kombinesoon \"Widetrack\" Punane - RSR Moto","isPartOf":{"@id":"https:\/\/rsrmoto.ee\/#website"},"primaryImageOfPage":{"@id":"https:\/\/rsrmoto.ee\/toode\/overall-widetrack-red\/#primaryimage"},"image":{"@id":"https:\/\/rsrmoto.ee\/toode\/overall-widetrack-red\/#primaryimage"},"thumbnailUrl":"https:\/\/rsrmoto.ee\/wp-content\/uploads\/2024\/05\/eo1pamisu4v0wo2oabzry1zabkm1mcn4.webp","datePublished":"2024-05-14T10:02:42+00:00","dateModified":"2024-05-16T13:08:53+00:00","breadcrumb":{"@id":"https:\/\/rsrmoto.ee\/toode\/overall-widetrack-red\/#breadcrumb"},"inLanguage":"en-GB","potentialAction":[{"@type":"ReadAction","target":["https:\/\/rsrmoto.ee\/toode\/overall-widetrack-red\/"]}]},{"@type":"ImageObject","inLanguage":"en-GB","@id":"https:\/\/rsrmoto.ee\/toode\/overall-widetrack-red\/#primaryimage","url":"https:\/\/rsrmoto.ee\/wp-content\/uploads\/2024\/05\/eo1pamisu4v0wo2oabzry1zabkm1mcn4.webp","contentUrl":"https:\/\/rsrmoto.ee\/wp-content\/uploads\/2024\/05\/eo1pamisu4v0wo2oabzry1zabkm1mcn4.webp","width":1000,"height":1000},{"@type":"BreadcrumbList","@id":"https:\/\/rsrmoto.ee\/toode\/overall-widetrack-red\/#breadcrumb","itemListElement":[{"@type":"ListItem","position":1,"name":"Esileht","item":"https:\/\/rsrmoto.ee\/"},{"@type":"ListItem","position":2,"name":"Pood","item":"https:\/\/rsrmoto.ee\/pood\/"},{"@type":"ListItem","position":3,"name":"Kombinesoon &#8220;Widetrack&#8221; Punane"}]},{"@type":"WebSite","@id":"https:\/\/rsrmoto.ee\/#website","url":"https:\/\/rsrmoto.ee\/","name":"RSR Moto","description":"Kvalitseetsed matka- ja kalastusriided","publisher":{"@id":"https:\/\/rsrmoto.ee\/#organization"},"potentialAction":[{"@type":"SearchAction","target":{"@type":"EntryPoint","urlTemplate":"https:\/\/rsrmoto.ee\/?s={search_term_string}"},"query-input":{"@type":"PropertyValueSpecification","valueRequired":true,"valueName":"search_term_string"}}],"inLanguage":"en-GB"},{"@type":"Organization","@id":"https:\/\/rsrmoto.ee\/#organization","name":"RSR Moto","url":"https:\/\/rsrmoto.ee\/","logo":{"@type":"ImageObject","inLanguage":"en-GB","@id":"https:\/\/rsrmoto.ee\/#\/schema\/logo\/image\/","url":"https:\/\/www.rsrmoto.ee\/wp-content\/uploads\/2024\/05\/mountain-300x300-1.png","contentUrl":"https:\/\/www.rsrmoto.ee\/wp-content\/uploads\/2024\/05\/mountain-300x300-1.png","width":300,"height":300,"caption":"RSR Moto"},"image":{"@id":"https:\/\/rsrmoto.ee\/#\/schema\/logo\/image\/"}}]}},"_links":{"self":[{"href":"https:\/\/rsrmoto.ee\/en\/wp-json\/wp\/v2\/product\/2842","targetHints":{"allow":["GET"]}}],"collection":[{"href":"https:\/\/rsrmoto.ee\/en\/wp-json\/wp\/v2\/product"}],"about":[{"href":"https:\/\/rsrmoto.ee\/en\/wp-json\/wp\/v2\/types\/product"}],"wp:featuredmedia":[{"embeddable":true,"href":"https:\/\/rsrmoto.ee\/en\/wp-json\/wp\/v2\/media\/2844"}],"wp:attachment":[{"href":"https:\/\/rsrmoto.ee\/en\/wp-json\/wp\/v2\/media?parent=2842"}],"wp:term":[{"taxonomy":"product_brand","embeddable":true,"href":"https:\/\/rsrmoto.ee\/en\/wp-json\/wp\/v2\/product_brand?post=2842"},{"taxonomy":"product_cat","embeddable":true,"href":"https:\/\/rsrmoto.ee\/en\/wp-json\/wp\/v2\/product_cat?post=2842"},{"taxonomy":"product_tag","embeddable":true,"href":"https:\/\/rsrmoto.ee\/en\/wp-json\/wp\/v2\/product_tag?post=2842"}],"curies":[{"name":"wp","href":"https:\/\/api.w.org\/{rel}","templated":true}]}}