{"id":2863,"date":"2024-05-14T13:04:50","date_gmt":"2024-05-14T10:04:50","guid":{"rendered":"https:\/\/www.rsrmoto.ee\/?post_type=product&#038;p=2863"},"modified":"2024-05-16T13:39:23","modified_gmt":"2024-05-16T10:39:23","slug":"overall-widetrack-pro-graphite","status":"publish","type":"product","link":"https:\/\/rsrmoto.ee\/en\/product\/overall-widetrack-pro-graphite\/","title":{"rendered":"Overall &#8220;Widetrack Pro Graphite&#8221;"},"content":{"rendered":"<p>FINNTRAIL Widetrack PRO on loodud ekstreemsete talvetingimustega arvestamisel. See on ideaalne valik mootorsaanis\u00f5idu ja muude talviste tegevuste nautimiseks.<\/p>\n<p>Vastupidavatest kulumiskindlatest materjalidest valmistatud Widetrack PRO-l on 2,5-kihiline HARD-TEX membraan, millel on m\u00e4rkimisv\u00e4\u00e4rne veekindlus kuni 12000 mm ja hingavus 8000g\/m2\/24h. Selle v\u00e4liskihil on t\u00e4iendav vetth\u00fclgav kate m\u00e4rja lume ja vihma t\u00f5rjumiseks. Kerge, kiiresti kuivav sisevooder mikrofliisist sisestustega tagab optimaalse soojuse. \u00d5mbluste terviklikkus tagatakse t\u00e4ielikult teibitud \u00f5mblustega, mis tagab t\u00e4ielikult veekindla kombinesooni.<\/p>\n<p>Ergonoomilise l\u00f5ikega p\u00fcksid ja sportlikud varrukad tagavad piiramatu liikuvuse, niiskust imava mikrofliisiga vooderdatud mahukas krae pakub aga v\u00f5rratut mugavust, eriti kui seda kanda koos kaitsekiivriga.<\/p>\n<p>Nendel kombinesoonidel on Cordura tugevdused p\u00f5lvedel, tagak\u00fcljel, sise\u00f5mblusel ja p\u00fcksimansettidel, mis tagavad suurema vastupidavuse. Integreeritud p\u00f5lvevahust siset\u00fckk lisab lisakaitset.<\/p>\n<p>&nbsp;<\/p>","protected":false},"excerpt":{"rendered":"<p>Mugavuse ja funktsionaalsuse huvides on neil kombinesoonidel keskne kahesuunaline veekindel traktori t\u00f5mblukk, t\u00e4iendav tormiklapp, mis tagab kuivamise, ja allalastav istme funktsioon, mis h\u00f5lbustab seda, kui loodus kutsub. Kaenlaaluste ja kubeme piirkondade ventilatsiooniavad on varustatud veekindlate t\u00f5mblukkude ja sisemise v\u00f5rguga, et v\u00e4ltida lume sissep\u00e4\u00e4su, s\u00e4ilitades samal ajal hingavuse. Veekindlad t\u00f5mblukud kaunistavad k\u00fclje\u00f5mblusi, kaks reietaskut, kaks sooja voodriga k\u00fcljetaskut ja varrukatasku suusapassi jaoks. D-kujuliste poolringikujuliste r\u00f5ngastega v\u00f6\u00f6aasad v\u00f5imaldavad kinnitada mootorsaani Safety Tether Switchi ja k\u00e4ep\u00e4rane aas vasakul rinnal on m\u00f5eldud raadiosaatja kinnitamiseks. Helkurelemendid esi- ja tagak\u00fcljel suurendavad n\u00e4htavust h\u00e4maras s\u00f5itmise ajal, tagades ohutuse.<\/p>","protected":false},"featured_media":2868,"template":"","meta":[],"product_brand":[],"product_cat":[26,30,15],"product_tag":[],"class_list":{"0":"post-2863","1":"product","2":"type-product","3":"status-publish","4":"has-post-thumbnail","6":"product_cat-komplektid","7":"product_cat-lumi","8":"product_cat-meestele","10":"first","11":"instock","12":"taxable","13":"shipping-taxable","14":"purchasable","15":"product-type-variable"},"ct_brands":[],"yoast_head":"<!-- This site is optimized with the Yoast SEO plugin v27.3 - https:\/\/yoast.com\/product\/yoast-seo-wordpress\/ -->\n<title>Overall &quot;Widetrack Pro Graphite&quot; - RSR Moto<\/title>\n<meta name=\"robots\" content=\"index, follow, max-snippet:-1, max-image-preview:large, max-video-preview:-1\" \/>\n<link rel=\"canonical\" href=\"https:\/\/rsrmoto.ee\/en\/product\/overall-widetrack-pro-graphite\/\" \/>\n<meta property=\"og:locale\" content=\"en_GB\" \/>\n<meta property=\"og:type\" content=\"article\" \/>\n<meta property=\"og:title\" content=\"Overall &quot;Widetrack Pro Graphite&quot; - RSR Moto\" \/>\n<meta property=\"og:description\" content=\"Mugavuse ja funktsionaalsuse huvides on neil kombinesoonidel keskne kahesuunaline veekindel traktori t\u00f5mblukk, t\u00e4iendav tormiklapp, mis tagab kuivamise, ja allalastav istme funktsioon, mis h\u00f5lbustab seda, kui loodus kutsub. Kaenlaaluste ja kubeme piirkondade ventilatsiooniavad on varustatud veekindlate t\u00f5mblukkude ja sisemise v\u00f5rguga, et v\u00e4ltida lume sissep\u00e4\u00e4su, s\u00e4ilitades samal ajal hingavuse. Veekindlad t\u00f5mblukud kaunistavad k\u00fclje\u00f5mblusi, kaks reietaskut, kaks sooja voodriga k\u00fcljetaskut ja varrukatasku suusapassi jaoks. D-kujuliste poolringikujuliste r\u00f5ngastega v\u00f6\u00f6aasad v\u00f5imaldavad kinnitada mootorsaani Safety Tether Switchi ja k\u00e4ep\u00e4rane aas vasakul rinnal on m\u00f5eldud raadiosaatja kinnitamiseks. Helkurelemendid esi- ja tagak\u00fcljel suurendavad n\u00e4htavust h\u00e4maras s\u00f5itmise ajal, tagades ohutuse.\" \/>\n<meta property=\"og:url\" content=\"https:\/\/rsrmoto.ee\/en\/product\/overall-widetrack-pro-graphite\/\" \/>\n<meta property=\"og:site_name\" content=\"RSR Moto\" \/>\n<meta property=\"article:modified_time\" content=\"2024-05-16T10:39:23+00:00\" \/>\n<meta property=\"og:image\" content=\"https:\/\/rsrmoto.ee\/wp-content\/uploads\/2024\/05\/vhn9nb8rblxlp0vdpqsl6uqtrnvcl28r.webp\" \/>\n\t<meta property=\"og:image:width\" content=\"1000\" \/>\n\t<meta property=\"og:image:height\" content=\"1000\" \/>\n\t<meta property=\"og:image:type\" content=\"image\/webp\" \/>\n<meta name=\"twitter:card\" content=\"summary_large_image\" \/>\n<meta name=\"twitter:label1\" content=\"Estimated reading time\" \/>\n\t<meta name=\"twitter:data1\" content=\"1 minute\" \/>\n<script type=\"application\/ld+json\" class=\"yoast-schema-graph\">{\"@context\":\"https:\\\/\\\/schema.org\",\"@graph\":[{\"@type\":\"WebPage\",\"@id\":\"https:\\\/\\\/rsrmoto.ee\\\/toode\\\/overall-widetrack-pro-graphite\\\/\",\"url\":\"https:\\\/\\\/rsrmoto.ee\\\/toode\\\/overall-widetrack-pro-graphite\\\/\",\"name\":\"Overall \\\"Widetrack Pro Graphite\\\" - RSR Moto\",\"isPartOf\":{\"@id\":\"https:\\\/\\\/rsrmoto.ee\\\/#website\"},\"primaryImageOfPage\":{\"@id\":\"https:\\\/\\\/rsrmoto.ee\\\/toode\\\/overall-widetrack-pro-graphite\\\/#primaryimage\"},\"image\":{\"@id\":\"https:\\\/\\\/rsrmoto.ee\\\/toode\\\/overall-widetrack-pro-graphite\\\/#primaryimage\"},\"thumbnailUrl\":\"https:\\\/\\\/rsrmoto.ee\\\/wp-content\\\/uploads\\\/2024\\\/05\\\/vhn9nb8rblxlp0vdpqsl6uqtrnvcl28r.webp\",\"datePublished\":\"2024-05-14T10:04:50+00:00\",\"dateModified\":\"2024-05-16T10:39:23+00:00\",\"breadcrumb\":{\"@id\":\"https:\\\/\\\/rsrmoto.ee\\\/toode\\\/overall-widetrack-pro-graphite\\\/#breadcrumb\"},\"inLanguage\":\"en-GB\",\"potentialAction\":[{\"@type\":\"ReadAction\",\"target\":[\"https:\\\/\\\/rsrmoto.ee\\\/toode\\\/overall-widetrack-pro-graphite\\\/\"]}]},{\"@type\":\"ImageObject\",\"inLanguage\":\"en-GB\",\"@id\":\"https:\\\/\\\/rsrmoto.ee\\\/toode\\\/overall-widetrack-pro-graphite\\\/#primaryimage\",\"url\":\"https:\\\/\\\/rsrmoto.ee\\\/wp-content\\\/uploads\\\/2024\\\/05\\\/vhn9nb8rblxlp0vdpqsl6uqtrnvcl28r.webp\",\"contentUrl\":\"https:\\\/\\\/rsrmoto.ee\\\/wp-content\\\/uploads\\\/2024\\\/05\\\/vhn9nb8rblxlp0vdpqsl6uqtrnvcl28r.webp\",\"width\":1000,\"height\":1000},{\"@type\":\"BreadcrumbList\",\"@id\":\"https:\\\/\\\/rsrmoto.ee\\\/toode\\\/overall-widetrack-pro-graphite\\\/#breadcrumb\",\"itemListElement\":[{\"@type\":\"ListItem\",\"position\":1,\"name\":\"Esileht\",\"item\":\"https:\\\/\\\/rsrmoto.ee\\\/\"},{\"@type\":\"ListItem\",\"position\":2,\"name\":\"Pood\",\"item\":\"https:\\\/\\\/rsrmoto.ee\\\/pood\\\/\"},{\"@type\":\"ListItem\",\"position\":3,\"name\":\"Overall &#8220;Widetrack Pro Graphite&#8221;\"}]},{\"@type\":\"WebSite\",\"@id\":\"https:\\\/\\\/rsrmoto.ee\\\/#website\",\"url\":\"https:\\\/\\\/rsrmoto.ee\\\/\",\"name\":\"RSR Moto\",\"description\":\"Kvalitseetsed matka- ja kalastusriided\",\"publisher\":{\"@id\":\"https:\\\/\\\/rsrmoto.ee\\\/#organization\"},\"potentialAction\":[{\"@type\":\"SearchAction\",\"target\":{\"@type\":\"EntryPoint\",\"urlTemplate\":\"https:\\\/\\\/rsrmoto.ee\\\/?s={search_term_string}\"},\"query-input\":{\"@type\":\"PropertyValueSpecification\",\"valueRequired\":true,\"valueName\":\"search_term_string\"}}],\"inLanguage\":\"en-GB\"},{\"@type\":\"Organization\",\"@id\":\"https:\\\/\\\/rsrmoto.ee\\\/#organization\",\"name\":\"RSR Moto\",\"url\":\"https:\\\/\\\/rsrmoto.ee\\\/\",\"logo\":{\"@type\":\"ImageObject\",\"inLanguage\":\"en-GB\",\"@id\":\"https:\\\/\\\/rsrmoto.ee\\\/#\\\/schema\\\/logo\\\/image\\\/\",\"url\":\"https:\\\/\\\/www.rsrmoto.ee\\\/wp-content\\\/uploads\\\/2024\\\/05\\\/mountain-300x300-1.png\",\"contentUrl\":\"https:\\\/\\\/www.rsrmoto.ee\\\/wp-content\\\/uploads\\\/2024\\\/05\\\/mountain-300x300-1.png\",\"width\":300,\"height\":300,\"caption\":\"RSR Moto\"},\"image\":{\"@id\":\"https:\\\/\\\/rsrmoto.ee\\\/#\\\/schema\\\/logo\\\/image\\\/\"}}]}<\/script>\n<!-- \/ Yoast SEO plugin. -->","yoast_head_json":{"title":"Overall \"Widetrack Pro Graphite\" - RSR Moto","robots":{"index":"index","follow":"follow","max-snippet":"max-snippet:-1","max-image-preview":"max-image-preview:large","max-video-preview":"max-video-preview:-1"},"canonical":"https:\/\/rsrmoto.ee\/en\/product\/overall-widetrack-pro-graphite\/","og_locale":"en_GB","og_type":"article","og_title":"Overall \"Widetrack Pro Graphite\" - RSR Moto","og_description":"Mugavuse ja funktsionaalsuse huvides on neil kombinesoonidel keskne kahesuunaline veekindel traktori t\u00f5mblukk, t\u00e4iendav tormiklapp, mis tagab kuivamise, ja allalastav istme funktsioon, mis h\u00f5lbustab seda, kui loodus kutsub. Kaenlaaluste ja kubeme piirkondade ventilatsiooniavad on varustatud veekindlate t\u00f5mblukkude ja sisemise v\u00f5rguga, et v\u00e4ltida lume sissep\u00e4\u00e4su, s\u00e4ilitades samal ajal hingavuse. Veekindlad t\u00f5mblukud kaunistavad k\u00fclje\u00f5mblusi, kaks reietaskut, kaks sooja voodriga k\u00fcljetaskut ja varrukatasku suusapassi jaoks. D-kujuliste poolringikujuliste r\u00f5ngastega v\u00f6\u00f6aasad v\u00f5imaldavad kinnitada mootorsaani Safety Tether Switchi ja k\u00e4ep\u00e4rane aas vasakul rinnal on m\u00f5eldud raadiosaatja kinnitamiseks. Helkurelemendid esi- ja tagak\u00fcljel suurendavad n\u00e4htavust h\u00e4maras s\u00f5itmise ajal, tagades ohutuse.","og_url":"https:\/\/rsrmoto.ee\/en\/product\/overall-widetrack-pro-graphite\/","og_site_name":"RSR Moto","article_modified_time":"2024-05-16T10:39:23+00:00","og_image":[{"width":1000,"height":1000,"url":"https:\/\/rsrmoto.ee\/wp-content\/uploads\/2024\/05\/vhn9nb8rblxlp0vdpqsl6uqtrnvcl28r.webp","type":"image\/webp"}],"twitter_card":"summary_large_image","twitter_misc":{"Estimated reading time":"1 minute"},"schema":{"@context":"https:\/\/schema.org","@graph":[{"@type":"WebPage","@id":"https:\/\/rsrmoto.ee\/toode\/overall-widetrack-pro-graphite\/","url":"https:\/\/rsrmoto.ee\/toode\/overall-widetrack-pro-graphite\/","name":"Overall \"Widetrack Pro Graphite\" - RSR Moto","isPartOf":{"@id":"https:\/\/rsrmoto.ee\/#website"},"primaryImageOfPage":{"@id":"https:\/\/rsrmoto.ee\/toode\/overall-widetrack-pro-graphite\/#primaryimage"},"image":{"@id":"https:\/\/rsrmoto.ee\/toode\/overall-widetrack-pro-graphite\/#primaryimage"},"thumbnailUrl":"https:\/\/rsrmoto.ee\/wp-content\/uploads\/2024\/05\/vhn9nb8rblxlp0vdpqsl6uqtrnvcl28r.webp","datePublished":"2024-05-14T10:04:50+00:00","dateModified":"2024-05-16T10:39:23+00:00","breadcrumb":{"@id":"https:\/\/rsrmoto.ee\/toode\/overall-widetrack-pro-graphite\/#breadcrumb"},"inLanguage":"en-GB","potentialAction":[{"@type":"ReadAction","target":["https:\/\/rsrmoto.ee\/toode\/overall-widetrack-pro-graphite\/"]}]},{"@type":"ImageObject","inLanguage":"en-GB","@id":"https:\/\/rsrmoto.ee\/toode\/overall-widetrack-pro-graphite\/#primaryimage","url":"https:\/\/rsrmoto.ee\/wp-content\/uploads\/2024\/05\/vhn9nb8rblxlp0vdpqsl6uqtrnvcl28r.webp","contentUrl":"https:\/\/rsrmoto.ee\/wp-content\/uploads\/2024\/05\/vhn9nb8rblxlp0vdpqsl6uqtrnvcl28r.webp","width":1000,"height":1000},{"@type":"BreadcrumbList","@id":"https:\/\/rsrmoto.ee\/toode\/overall-widetrack-pro-graphite\/#breadcrumb","itemListElement":[{"@type":"ListItem","position":1,"name":"Esileht","item":"https:\/\/rsrmoto.ee\/"},{"@type":"ListItem","position":2,"name":"Pood","item":"https:\/\/rsrmoto.ee\/pood\/"},{"@type":"ListItem","position":3,"name":"Overall &#8220;Widetrack Pro Graphite&#8221;"}]},{"@type":"WebSite","@id":"https:\/\/rsrmoto.ee\/#website","url":"https:\/\/rsrmoto.ee\/","name":"RSR Moto","description":"Kvalitseetsed matka- ja kalastusriided","publisher":{"@id":"https:\/\/rsrmoto.ee\/#organization"},"potentialAction":[{"@type":"SearchAction","target":{"@type":"EntryPoint","urlTemplate":"https:\/\/rsrmoto.ee\/?s={search_term_string}"},"query-input":{"@type":"PropertyValueSpecification","valueRequired":true,"valueName":"search_term_string"}}],"inLanguage":"en-GB"},{"@type":"Organization","@id":"https:\/\/rsrmoto.ee\/#organization","name":"RSR Moto","url":"https:\/\/rsrmoto.ee\/","logo":{"@type":"ImageObject","inLanguage":"en-GB","@id":"https:\/\/rsrmoto.ee\/#\/schema\/logo\/image\/","url":"https:\/\/www.rsrmoto.ee\/wp-content\/uploads\/2024\/05\/mountain-300x300-1.png","contentUrl":"https:\/\/www.rsrmoto.ee\/wp-content\/uploads\/2024\/05\/mountain-300x300-1.png","width":300,"height":300,"caption":"RSR Moto"},"image":{"@id":"https:\/\/rsrmoto.ee\/#\/schema\/logo\/image\/"}}]}},"_links":{"self":[{"href":"https:\/\/rsrmoto.ee\/en\/wp-json\/wp\/v2\/product\/2863","targetHints":{"allow":["GET"]}}],"collection":[{"href":"https:\/\/rsrmoto.ee\/en\/wp-json\/wp\/v2\/product"}],"about":[{"href":"https:\/\/rsrmoto.ee\/en\/wp-json\/wp\/v2\/types\/product"}],"wp:featuredmedia":[{"embeddable":true,"href":"https:\/\/rsrmoto.ee\/en\/wp-json\/wp\/v2\/media\/2868"}],"wp:attachment":[{"href":"https:\/\/rsrmoto.ee\/en\/wp-json\/wp\/v2\/media?parent=2863"}],"wp:term":[{"taxonomy":"product_brand","embeddable":true,"href":"https:\/\/rsrmoto.ee\/en\/wp-json\/wp\/v2\/product_brand?post=2863"},{"taxonomy":"product_cat","embeddable":true,"href":"https:\/\/rsrmoto.ee\/en\/wp-json\/wp\/v2\/product_cat?post=2863"},{"taxonomy":"product_tag","embeddable":true,"href":"https:\/\/rsrmoto.ee\/en\/wp-json\/wp\/v2\/product_tag?post=2863"}],"curies":[{"name":"wp","href":"https:\/\/api.w.org\/{rel}","templated":true}]}}