{"id":2888,"date":"2024-05-14T13:07:10","date_gmt":"2024-05-14T10:07:10","guid":{"rendered":"https:\/\/www.rsrmoto.ee\/?post_type=product&#038;p=2888"},"modified":"2024-05-16T13:51:13","modified_gmt":"2024-05-16T10:51:13","slug":"suit-escape-darkgrey","status":"publish","type":"product","link":"https:\/\/rsrmoto.ee\/en\/product\/suit-escape-darkgrey\/","title":{"rendered":"Komplekt &#8220;Escape&#8221; Tume-hall"},"content":{"rendered":"<p>FINNTRAIL Escape isoleeritud kombinesoonid on loodud ohutuse tagamiseks \u00f5hukesel j\u00e4\u00e4l s\u00f5itmisel v\u00f5i j\u00e4\u00e4p\u00fc\u00fcgil. Ainulaadne F.I.L.L. s\u00fcsteem aitab vees pinnal p\u00fcsida. Need on spetsiaalselt loodud pakkuma mugavust ja kaitset temperatuuridel kuni -40 \u00b0C.<\/p>\n<p>Escape isolatsiooniga kombinesoonid on valmistatud vastupidavast, kulumiskindlast materjalist 2,5-kihilise HARD-TEX membraaniga, mis tagab erakordse veekindluse kuni 12000mm ja hingavuse 8000g\/m2\/24h. Selle v\u00e4liskihil on t\u00e4iendav vetth\u00fclgav kate, mis tagab t\u00e4ieliku kaitse m\u00e4rja lume ja vihma eest.<\/p>\n<p>FINNTRAIL Escape isoleeritud kombinesoonil on kiiresti kuivav mikrofliisist vooder ja t\u00e4iustatud Thermalrate isolatsioon. Tugevdused kulumispiirkondades tagavad vastupidavuse.<\/p>\n<p>Ainulaadne F.I.L.L. s\u00fcsteem aitab s\u00e4ilitada ujuvust vee peal, \u00fchekihiline kile jopes ja kilekiht p\u00fckste v\u00f6\u00f6piirkonnas. See s\u00fcsteem loob \u00f5huvaakumi keha ja v\u00e4limise riidekihi vahele. Kombinesoonil on ka kaks rihmaga haaratsihma, mis h\u00f5lbustavad p\u00e4\u00e4stmiseks juurdep\u00e4\u00e4su.<\/p>\n<p>Nendel kombinesoonidel on anatoomiline disain, mis v\u00f5tab arvesse k\u00f5iki talvevarustuse n\u00f5udeid: anatoomilise l\u00f5ikega p\u00fcksid, ergonoomilised varrukad k\u00e4te piiramatuks liikumiseks ja niiskust imava mikrofliisiga vooderdatud mahukas krae mugavuse tagamiseks, eriti kaitsekiivri kandmisel.<\/p>\n<p>FINNTRAIL Escape isoleeritud kombinesoonil on palju funktsioone, mis muudavad talvised seiklused mugavaks ja praktiliseks. Kombinesoonil on lukuga sisetasku, lisaava ja aas k\u00f5rvaklappide jaoks ning mahukas v\u00f5rktasku. P\u00fckstel on reguleeritavad traksid, venivad k\u00fcljesisud, lumekedrid ning veekindlad t\u00f5mblukud k\u00fclje\u00f5mblustel ja reietaskutel. Traktori keskne t\u00f5mblukk ja klapp tagavad usaldusv\u00e4\u00e4rse kaitse vee ja tuule eest, integreeritud p\u00f5lvevahust siset\u00fckk lisab aga mugavust ja kaitset.<\/p>\n<p>&nbsp;<\/p>","protected":false},"excerpt":{"rendered":"<p>Peegeldavad elemendid ees ja taga suurendavad n\u00e4htavust h\u00e4maras s\u00f5itmise ajal. FINNTRAIL Escape kombinesoonis on t\u00e4nu kvaliteetsetele materjalidele \u00fchendatud maksimaalne funktsionaalsus ja k\u00f5rge tehniline j\u00f5udlus, mist\u00f5ttu on see ideaalne uuendus teie talvisteks seiklusteks.<\/p>","protected":false},"featured_media":2893,"template":"","meta":[],"product_brand":[],"product_cat":[26,30,15],"product_tag":[],"class_list":{"0":"post-2888","1":"product","2":"type-product","3":"status-publish","4":"has-post-thumbnail","6":"product_cat-komplektid","7":"product_cat-lumi","8":"product_cat-meestele","10":"first","11":"instock","12":"taxable","13":"shipping-taxable","14":"purchasable","15":"product-type-variable"},"ct_brands":[],"yoast_head":"<!-- This site is optimized with the Yoast SEO plugin v27.3 - https:\/\/yoast.com\/product\/yoast-seo-wordpress\/ -->\n<title>Komplekt &quot;Escape&quot; Tume-hall - RSR Moto<\/title>\n<meta name=\"robots\" content=\"index, follow, max-snippet:-1, max-image-preview:large, max-video-preview:-1\" \/>\n<link rel=\"canonical\" href=\"https:\/\/rsrmoto.ee\/en\/product\/suit-escape-darkgrey\/\" \/>\n<meta property=\"og:locale\" content=\"en_GB\" \/>\n<meta property=\"og:type\" content=\"article\" \/>\n<meta property=\"og:title\" content=\"Komplekt &quot;Escape&quot; Tume-hall - RSR Moto\" \/>\n<meta property=\"og:description\" content=\"Peegeldavad elemendid ees ja taga suurendavad n\u00e4htavust h\u00e4maras s\u00f5itmise ajal. FINNTRAIL Escape kombinesoonis on t\u00e4nu kvaliteetsetele materjalidele \u00fchendatud maksimaalne funktsionaalsus ja k\u00f5rge tehniline j\u00f5udlus, mist\u00f5ttu on see ideaalne uuendus teie talvisteks seiklusteks.\" \/>\n<meta property=\"og:url\" content=\"https:\/\/rsrmoto.ee\/en\/product\/suit-escape-darkgrey\/\" \/>\n<meta property=\"og:site_name\" content=\"RSR Moto\" \/>\n<meta property=\"article:modified_time\" content=\"2024-05-16T10:51:13+00:00\" \/>\n<meta property=\"og:image\" content=\"https:\/\/rsrmoto.ee\/wp-content\/uploads\/2024\/05\/4lehe3543zm472835mxsl9rs8jrq32c7.webp\" \/>\n\t<meta property=\"og:image:width\" content=\"1000\" \/>\n\t<meta property=\"og:image:height\" content=\"1000\" \/>\n\t<meta property=\"og:image:type\" content=\"image\/webp\" \/>\n<meta name=\"twitter:card\" content=\"summary_large_image\" \/>\n<meta name=\"twitter:label1\" content=\"Estimated reading time\" \/>\n\t<meta name=\"twitter:data1\" content=\"1 minute\" \/>\n<script type=\"application\/ld+json\" class=\"yoast-schema-graph\">{\"@context\":\"https:\\\/\\\/schema.org\",\"@graph\":[{\"@type\":\"WebPage\",\"@id\":\"https:\\\/\\\/rsrmoto.ee\\\/toode\\\/suit-escape-darkgrey\\\/\",\"url\":\"https:\\\/\\\/rsrmoto.ee\\\/toode\\\/suit-escape-darkgrey\\\/\",\"name\":\"Komplekt \\\"Escape\\\" Tume-hall - RSR Moto\",\"isPartOf\":{\"@id\":\"https:\\\/\\\/rsrmoto.ee\\\/#website\"},\"primaryImageOfPage\":{\"@id\":\"https:\\\/\\\/rsrmoto.ee\\\/toode\\\/suit-escape-darkgrey\\\/#primaryimage\"},\"image\":{\"@id\":\"https:\\\/\\\/rsrmoto.ee\\\/toode\\\/suit-escape-darkgrey\\\/#primaryimage\"},\"thumbnailUrl\":\"https:\\\/\\\/rsrmoto.ee\\\/wp-content\\\/uploads\\\/2024\\\/05\\\/4lehe3543zm472835mxsl9rs8jrq32c7.webp\",\"datePublished\":\"2024-05-14T10:07:10+00:00\",\"dateModified\":\"2024-05-16T10:51:13+00:00\",\"breadcrumb\":{\"@id\":\"https:\\\/\\\/rsrmoto.ee\\\/toode\\\/suit-escape-darkgrey\\\/#breadcrumb\"},\"inLanguage\":\"en-GB\",\"potentialAction\":[{\"@type\":\"ReadAction\",\"target\":[\"https:\\\/\\\/rsrmoto.ee\\\/toode\\\/suit-escape-darkgrey\\\/\"]}]},{\"@type\":\"ImageObject\",\"inLanguage\":\"en-GB\",\"@id\":\"https:\\\/\\\/rsrmoto.ee\\\/toode\\\/suit-escape-darkgrey\\\/#primaryimage\",\"url\":\"https:\\\/\\\/rsrmoto.ee\\\/wp-content\\\/uploads\\\/2024\\\/05\\\/4lehe3543zm472835mxsl9rs8jrq32c7.webp\",\"contentUrl\":\"https:\\\/\\\/rsrmoto.ee\\\/wp-content\\\/uploads\\\/2024\\\/05\\\/4lehe3543zm472835mxsl9rs8jrq32c7.webp\",\"width\":1000,\"height\":1000},{\"@type\":\"BreadcrumbList\",\"@id\":\"https:\\\/\\\/rsrmoto.ee\\\/toode\\\/suit-escape-darkgrey\\\/#breadcrumb\",\"itemListElement\":[{\"@type\":\"ListItem\",\"position\":1,\"name\":\"Esileht\",\"item\":\"https:\\\/\\\/rsrmoto.ee\\\/\"},{\"@type\":\"ListItem\",\"position\":2,\"name\":\"Pood\",\"item\":\"https:\\\/\\\/rsrmoto.ee\\\/pood\\\/\"},{\"@type\":\"ListItem\",\"position\":3,\"name\":\"Komplekt &#8220;Escape&#8221; Tume-hall\"}]},{\"@type\":\"WebSite\",\"@id\":\"https:\\\/\\\/rsrmoto.ee\\\/#website\",\"url\":\"https:\\\/\\\/rsrmoto.ee\\\/\",\"name\":\"RSR Moto\",\"description\":\"Kvalitseetsed matka- ja kalastusriided\",\"publisher\":{\"@id\":\"https:\\\/\\\/rsrmoto.ee\\\/#organization\"},\"potentialAction\":[{\"@type\":\"SearchAction\",\"target\":{\"@type\":\"EntryPoint\",\"urlTemplate\":\"https:\\\/\\\/rsrmoto.ee\\\/?s={search_term_string}\"},\"query-input\":{\"@type\":\"PropertyValueSpecification\",\"valueRequired\":true,\"valueName\":\"search_term_string\"}}],\"inLanguage\":\"en-GB\"},{\"@type\":\"Organization\",\"@id\":\"https:\\\/\\\/rsrmoto.ee\\\/#organization\",\"name\":\"RSR Moto\",\"url\":\"https:\\\/\\\/rsrmoto.ee\\\/\",\"logo\":{\"@type\":\"ImageObject\",\"inLanguage\":\"en-GB\",\"@id\":\"https:\\\/\\\/rsrmoto.ee\\\/#\\\/schema\\\/logo\\\/image\\\/\",\"url\":\"https:\\\/\\\/www.rsrmoto.ee\\\/wp-content\\\/uploads\\\/2024\\\/05\\\/mountain-300x300-1.png\",\"contentUrl\":\"https:\\\/\\\/www.rsrmoto.ee\\\/wp-content\\\/uploads\\\/2024\\\/05\\\/mountain-300x300-1.png\",\"width\":300,\"height\":300,\"caption\":\"RSR Moto\"},\"image\":{\"@id\":\"https:\\\/\\\/rsrmoto.ee\\\/#\\\/schema\\\/logo\\\/image\\\/\"}}]}<\/script>\n<!-- \/ Yoast SEO plugin. -->","yoast_head_json":{"title":"Komplekt \"Escape\" Tume-hall - RSR Moto","robots":{"index":"index","follow":"follow","max-snippet":"max-snippet:-1","max-image-preview":"max-image-preview:large","max-video-preview":"max-video-preview:-1"},"canonical":"https:\/\/rsrmoto.ee\/en\/product\/suit-escape-darkgrey\/","og_locale":"en_GB","og_type":"article","og_title":"Komplekt \"Escape\" Tume-hall - RSR Moto","og_description":"Peegeldavad elemendid ees ja taga suurendavad n\u00e4htavust h\u00e4maras s\u00f5itmise ajal. FINNTRAIL Escape kombinesoonis on t\u00e4nu kvaliteetsetele materjalidele \u00fchendatud maksimaalne funktsionaalsus ja k\u00f5rge tehniline j\u00f5udlus, mist\u00f5ttu on see ideaalne uuendus teie talvisteks seiklusteks.","og_url":"https:\/\/rsrmoto.ee\/en\/product\/suit-escape-darkgrey\/","og_site_name":"RSR Moto","article_modified_time":"2024-05-16T10:51:13+00:00","og_image":[{"width":1000,"height":1000,"url":"https:\/\/rsrmoto.ee\/wp-content\/uploads\/2024\/05\/4lehe3543zm472835mxsl9rs8jrq32c7.webp","type":"image\/webp"}],"twitter_card":"summary_large_image","twitter_misc":{"Estimated reading time":"1 minute"},"schema":{"@context":"https:\/\/schema.org","@graph":[{"@type":"WebPage","@id":"https:\/\/rsrmoto.ee\/toode\/suit-escape-darkgrey\/","url":"https:\/\/rsrmoto.ee\/toode\/suit-escape-darkgrey\/","name":"Komplekt \"Escape\" Tume-hall - RSR Moto","isPartOf":{"@id":"https:\/\/rsrmoto.ee\/#website"},"primaryImageOfPage":{"@id":"https:\/\/rsrmoto.ee\/toode\/suit-escape-darkgrey\/#primaryimage"},"image":{"@id":"https:\/\/rsrmoto.ee\/toode\/suit-escape-darkgrey\/#primaryimage"},"thumbnailUrl":"https:\/\/rsrmoto.ee\/wp-content\/uploads\/2024\/05\/4lehe3543zm472835mxsl9rs8jrq32c7.webp","datePublished":"2024-05-14T10:07:10+00:00","dateModified":"2024-05-16T10:51:13+00:00","breadcrumb":{"@id":"https:\/\/rsrmoto.ee\/toode\/suit-escape-darkgrey\/#breadcrumb"},"inLanguage":"en-GB","potentialAction":[{"@type":"ReadAction","target":["https:\/\/rsrmoto.ee\/toode\/suit-escape-darkgrey\/"]}]},{"@type":"ImageObject","inLanguage":"en-GB","@id":"https:\/\/rsrmoto.ee\/toode\/suit-escape-darkgrey\/#primaryimage","url":"https:\/\/rsrmoto.ee\/wp-content\/uploads\/2024\/05\/4lehe3543zm472835mxsl9rs8jrq32c7.webp","contentUrl":"https:\/\/rsrmoto.ee\/wp-content\/uploads\/2024\/05\/4lehe3543zm472835mxsl9rs8jrq32c7.webp","width":1000,"height":1000},{"@type":"BreadcrumbList","@id":"https:\/\/rsrmoto.ee\/toode\/suit-escape-darkgrey\/#breadcrumb","itemListElement":[{"@type":"ListItem","position":1,"name":"Esileht","item":"https:\/\/rsrmoto.ee\/"},{"@type":"ListItem","position":2,"name":"Pood","item":"https:\/\/rsrmoto.ee\/pood\/"},{"@type":"ListItem","position":3,"name":"Komplekt &#8220;Escape&#8221; Tume-hall"}]},{"@type":"WebSite","@id":"https:\/\/rsrmoto.ee\/#website","url":"https:\/\/rsrmoto.ee\/","name":"RSR Moto","description":"Kvalitseetsed matka- ja kalastusriided","publisher":{"@id":"https:\/\/rsrmoto.ee\/#organization"},"potentialAction":[{"@type":"SearchAction","target":{"@type":"EntryPoint","urlTemplate":"https:\/\/rsrmoto.ee\/?s={search_term_string}"},"query-input":{"@type":"PropertyValueSpecification","valueRequired":true,"valueName":"search_term_string"}}],"inLanguage":"en-GB"},{"@type":"Organization","@id":"https:\/\/rsrmoto.ee\/#organization","name":"RSR Moto","url":"https:\/\/rsrmoto.ee\/","logo":{"@type":"ImageObject","inLanguage":"en-GB","@id":"https:\/\/rsrmoto.ee\/#\/schema\/logo\/image\/","url":"https:\/\/www.rsrmoto.ee\/wp-content\/uploads\/2024\/05\/mountain-300x300-1.png","contentUrl":"https:\/\/www.rsrmoto.ee\/wp-content\/uploads\/2024\/05\/mountain-300x300-1.png","width":300,"height":300,"caption":"RSR Moto"},"image":{"@id":"https:\/\/rsrmoto.ee\/#\/schema\/logo\/image\/"}}]}},"_links":{"self":[{"href":"https:\/\/rsrmoto.ee\/en\/wp-json\/wp\/v2\/product\/2888","targetHints":{"allow":["GET"]}}],"collection":[{"href":"https:\/\/rsrmoto.ee\/en\/wp-json\/wp\/v2\/product"}],"about":[{"href":"https:\/\/rsrmoto.ee\/en\/wp-json\/wp\/v2\/types\/product"}],"wp:featuredmedia":[{"embeddable":true,"href":"https:\/\/rsrmoto.ee\/en\/wp-json\/wp\/v2\/media\/2893"}],"wp:attachment":[{"href":"https:\/\/rsrmoto.ee\/en\/wp-json\/wp\/v2\/media?parent=2888"}],"wp:term":[{"taxonomy":"product_brand","embeddable":true,"href":"https:\/\/rsrmoto.ee\/en\/wp-json\/wp\/v2\/product_brand?post=2888"},{"taxonomy":"product_cat","embeddable":true,"href":"https:\/\/rsrmoto.ee\/en\/wp-json\/wp\/v2\/product_cat?post=2888"},{"taxonomy":"product_tag","embeddable":true,"href":"https:\/\/rsrmoto.ee\/en\/wp-json\/wp\/v2\/product_tag?post=2888"}],"curies":[{"name":"wp","href":"https:\/\/api.w.org\/{rel}","templated":true}]}}