{"id":2910,"date":"2024-05-14T13:09:25","date_gmt":"2024-05-14T10:09:25","guid":{"rendered":"https:\/\/www.rsrmoto.ee\/?post_type=product&#038;p=2910"},"modified":"2024-05-16T13:52:16","modified_gmt":"2024-05-16T10:52:16","slug":"suit-powerman-3752-red","status":"publish","type":"product","link":"https:\/\/rsrmoto.ee\/en\/product\/suit-powerman-3752-red\/","title":{"rendered":"Komplekt &#8220;Powerman&#8221; 3752 Punane"},"content":{"rendered":"<p>Soe ja lumekindel Finntrail Powerman 22 \u00fclikond on m\u00f5eldud kasutamiseks j\u00e4rsu pakasega, temperatuuridel kuni -30\u00b0C. \u00dclikonnal on ainulaadne ergonoomiline l\u00f5ige. T\u00e4nu uuele 2,5-kihilisele kulumiskindlale kangale koos HARD-TEX membraaniga ja tehnoloogilise isolatsiooniga Thermalrate pakub \u00fclikond korralikku kaitset pakase, k\u00fclma tuule ja niiskuse sissep\u00e4\u00e4su eest.<\/p>\n<p>K\u00f5ik tugevalt kuluvad alad, sealhulgas p\u00f5lve- ja istmepiirkonnad, sise- ja s\u00e4\u00e4repiirkonnad, on tugevdatud t\u00e4iendava kihiga vastupidavast materjalist. K\u00f5ik \u00f5mblused on tihendatud. Jopel on paremaks soojusvahetuseks fliisvooder, \u00e4rav\u00f5etav kapuuts, h\u00fcgroskoopne mikrofliiskrae, ventilatsioonis\u00fcsteem, reguleeritav v\u00f6\u00f6koht, lumekindel seelik, sisemised Lycra k\u00e4tised p\u00f6idla vahega, kaks mahukat lukuga k\u00fcljetaskut, kaks lukuga rinnataskud, \u00fcks lukuga sisetasku ja \u00fcks sisemine v\u00f5rktasku.<\/p>","protected":false},"excerpt":{"rendered":"<p>Tagumine vooder on valmistatud mikrofliisist t\u00e4iendava soojuse ja mugavuse tagamiseks. Pudip\u00f5llekombinesoon on varustatud traksidega s\u00e4\u00e4re pikkuse reguleerimiseks, kahe k\u00fcljetasku ja \u00fche lukuga rinnatasku, ergonoomilise p\u00f5lvel\u00f5ike, sisemiste lumekindlate kedrite ja reguleeritava v\u00f6\u00f6kohaga.<\/p>","protected":false},"featured_media":2917,"template":"","meta":[],"product_brand":[],"product_cat":[30,15],"product_tag":[],"class_list":{"0":"post-2910","1":"product","2":"type-product","3":"status-publish","4":"has-post-thumbnail","6":"product_cat-lumi","7":"product_cat-meestele","9":"first","10":"instock","11":"taxable","12":"shipping-taxable","13":"purchasable","14":"product-type-variable"},"ct_brands":[],"yoast_head":"<!-- This site is optimized with the Yoast SEO plugin v27.3 - https:\/\/yoast.com\/product\/yoast-seo-wordpress\/ -->\n<title>Komplekt &quot;Powerman&quot; 3752 Punane - RSR Moto<\/title>\n<meta name=\"robots\" content=\"index, follow, max-snippet:-1, max-image-preview:large, max-video-preview:-1\" \/>\n<link rel=\"canonical\" href=\"https:\/\/rsrmoto.ee\/en\/product\/suit-powerman-3752-red\/\" \/>\n<meta property=\"og:locale\" content=\"en_GB\" \/>\n<meta property=\"og:type\" content=\"article\" \/>\n<meta property=\"og:title\" content=\"Komplekt &quot;Powerman&quot; 3752 Punane - RSR Moto\" \/>\n<meta property=\"og:description\" content=\"Tagumine vooder on valmistatud mikrofliisist t\u00e4iendava soojuse ja mugavuse tagamiseks. Pudip\u00f5llekombinesoon on varustatud traksidega s\u00e4\u00e4re pikkuse reguleerimiseks, kahe k\u00fcljetasku ja \u00fche lukuga rinnatasku, ergonoomilise p\u00f5lvel\u00f5ike, sisemiste lumekindlate kedrite ja reguleeritava v\u00f6\u00f6kohaga.\" \/>\n<meta property=\"og:url\" content=\"https:\/\/rsrmoto.ee\/en\/product\/suit-powerman-3752-red\/\" \/>\n<meta property=\"og:site_name\" content=\"RSR Moto\" \/>\n<meta property=\"article:modified_time\" content=\"2024-05-16T10:52:16+00:00\" \/>\n<meta property=\"og:image\" content=\"https:\/\/rsrmoto.ee\/wp-content\/uploads\/2024\/05\/eeyg1h8aoao2ne6hrauzajxkqeissgfo.webp\" \/>\n\t<meta property=\"og:image:width\" content=\"1000\" \/>\n\t<meta property=\"og:image:height\" content=\"1000\" \/>\n\t<meta property=\"og:image:type\" content=\"image\/webp\" \/>\n<meta name=\"twitter:card\" content=\"summary_large_image\" \/>\n<meta name=\"twitter:label1\" content=\"Estimated reading time\" \/>\n\t<meta name=\"twitter:data1\" content=\"1 minute\" \/>\n<script type=\"application\/ld+json\" class=\"yoast-schema-graph\">{\"@context\":\"https:\\\/\\\/schema.org\",\"@graph\":[{\"@type\":\"WebPage\",\"@id\":\"https:\\\/\\\/rsrmoto.ee\\\/toode\\\/suit-powerman-3752-red\\\/\",\"url\":\"https:\\\/\\\/rsrmoto.ee\\\/toode\\\/suit-powerman-3752-red\\\/\",\"name\":\"Komplekt \\\"Powerman\\\" 3752 Punane - RSR Moto\",\"isPartOf\":{\"@id\":\"https:\\\/\\\/rsrmoto.ee\\\/#website\"},\"primaryImageOfPage\":{\"@id\":\"https:\\\/\\\/rsrmoto.ee\\\/toode\\\/suit-powerman-3752-red\\\/#primaryimage\"},\"image\":{\"@id\":\"https:\\\/\\\/rsrmoto.ee\\\/toode\\\/suit-powerman-3752-red\\\/#primaryimage\"},\"thumbnailUrl\":\"https:\\\/\\\/rsrmoto.ee\\\/wp-content\\\/uploads\\\/2024\\\/05\\\/eeyg1h8aoao2ne6hrauzajxkqeissgfo.webp\",\"datePublished\":\"2024-05-14T10:09:25+00:00\",\"dateModified\":\"2024-05-16T10:52:16+00:00\",\"breadcrumb\":{\"@id\":\"https:\\\/\\\/rsrmoto.ee\\\/toode\\\/suit-powerman-3752-red\\\/#breadcrumb\"},\"inLanguage\":\"en-GB\",\"potentialAction\":[{\"@type\":\"ReadAction\",\"target\":[\"https:\\\/\\\/rsrmoto.ee\\\/toode\\\/suit-powerman-3752-red\\\/\"]}]},{\"@type\":\"ImageObject\",\"inLanguage\":\"en-GB\",\"@id\":\"https:\\\/\\\/rsrmoto.ee\\\/toode\\\/suit-powerman-3752-red\\\/#primaryimage\",\"url\":\"https:\\\/\\\/rsrmoto.ee\\\/wp-content\\\/uploads\\\/2024\\\/05\\\/eeyg1h8aoao2ne6hrauzajxkqeissgfo.webp\",\"contentUrl\":\"https:\\\/\\\/rsrmoto.ee\\\/wp-content\\\/uploads\\\/2024\\\/05\\\/eeyg1h8aoao2ne6hrauzajxkqeissgfo.webp\",\"width\":1000,\"height\":1000},{\"@type\":\"BreadcrumbList\",\"@id\":\"https:\\\/\\\/rsrmoto.ee\\\/toode\\\/suit-powerman-3752-red\\\/#breadcrumb\",\"itemListElement\":[{\"@type\":\"ListItem\",\"position\":1,\"name\":\"Esileht\",\"item\":\"https:\\\/\\\/rsrmoto.ee\\\/\"},{\"@type\":\"ListItem\",\"position\":2,\"name\":\"Pood\",\"item\":\"https:\\\/\\\/rsrmoto.ee\\\/pood\\\/\"},{\"@type\":\"ListItem\",\"position\":3,\"name\":\"Komplekt &#8220;Powerman&#8221; 3752 Punane\"}]},{\"@type\":\"WebSite\",\"@id\":\"https:\\\/\\\/rsrmoto.ee\\\/#website\",\"url\":\"https:\\\/\\\/rsrmoto.ee\\\/\",\"name\":\"RSR Moto\",\"description\":\"Kvalitseetsed matka- ja kalastusriided\",\"publisher\":{\"@id\":\"https:\\\/\\\/rsrmoto.ee\\\/#organization\"},\"potentialAction\":[{\"@type\":\"SearchAction\",\"target\":{\"@type\":\"EntryPoint\",\"urlTemplate\":\"https:\\\/\\\/rsrmoto.ee\\\/?s={search_term_string}\"},\"query-input\":{\"@type\":\"PropertyValueSpecification\",\"valueRequired\":true,\"valueName\":\"search_term_string\"}}],\"inLanguage\":\"en-GB\"},{\"@type\":\"Organization\",\"@id\":\"https:\\\/\\\/rsrmoto.ee\\\/#organization\",\"name\":\"RSR Moto\",\"url\":\"https:\\\/\\\/rsrmoto.ee\\\/\",\"logo\":{\"@type\":\"ImageObject\",\"inLanguage\":\"en-GB\",\"@id\":\"https:\\\/\\\/rsrmoto.ee\\\/#\\\/schema\\\/logo\\\/image\\\/\",\"url\":\"https:\\\/\\\/www.rsrmoto.ee\\\/wp-content\\\/uploads\\\/2024\\\/05\\\/mountain-300x300-1.png\",\"contentUrl\":\"https:\\\/\\\/www.rsrmoto.ee\\\/wp-content\\\/uploads\\\/2024\\\/05\\\/mountain-300x300-1.png\",\"width\":300,\"height\":300,\"caption\":\"RSR Moto\"},\"image\":{\"@id\":\"https:\\\/\\\/rsrmoto.ee\\\/#\\\/schema\\\/logo\\\/image\\\/\"}}]}<\/script>\n<!-- \/ Yoast SEO plugin. -->","yoast_head_json":{"title":"Komplekt \"Powerman\" 3752 Punane - RSR Moto","robots":{"index":"index","follow":"follow","max-snippet":"max-snippet:-1","max-image-preview":"max-image-preview:large","max-video-preview":"max-video-preview:-1"},"canonical":"https:\/\/rsrmoto.ee\/en\/product\/suit-powerman-3752-red\/","og_locale":"en_GB","og_type":"article","og_title":"Komplekt \"Powerman\" 3752 Punane - RSR Moto","og_description":"Tagumine vooder on valmistatud mikrofliisist t\u00e4iendava soojuse ja mugavuse tagamiseks. Pudip\u00f5llekombinesoon on varustatud traksidega s\u00e4\u00e4re pikkuse reguleerimiseks, kahe k\u00fcljetasku ja \u00fche lukuga rinnatasku, ergonoomilise p\u00f5lvel\u00f5ike, sisemiste lumekindlate kedrite ja reguleeritava v\u00f6\u00f6kohaga.","og_url":"https:\/\/rsrmoto.ee\/en\/product\/suit-powerman-3752-red\/","og_site_name":"RSR Moto","article_modified_time":"2024-05-16T10:52:16+00:00","og_image":[{"width":1000,"height":1000,"url":"https:\/\/rsrmoto.ee\/wp-content\/uploads\/2024\/05\/eeyg1h8aoao2ne6hrauzajxkqeissgfo.webp","type":"image\/webp"}],"twitter_card":"summary_large_image","twitter_misc":{"Estimated reading time":"1 minute"},"schema":{"@context":"https:\/\/schema.org","@graph":[{"@type":"WebPage","@id":"https:\/\/rsrmoto.ee\/toode\/suit-powerman-3752-red\/","url":"https:\/\/rsrmoto.ee\/toode\/suit-powerman-3752-red\/","name":"Komplekt \"Powerman\" 3752 Punane - RSR Moto","isPartOf":{"@id":"https:\/\/rsrmoto.ee\/#website"},"primaryImageOfPage":{"@id":"https:\/\/rsrmoto.ee\/toode\/suit-powerman-3752-red\/#primaryimage"},"image":{"@id":"https:\/\/rsrmoto.ee\/toode\/suit-powerman-3752-red\/#primaryimage"},"thumbnailUrl":"https:\/\/rsrmoto.ee\/wp-content\/uploads\/2024\/05\/eeyg1h8aoao2ne6hrauzajxkqeissgfo.webp","datePublished":"2024-05-14T10:09:25+00:00","dateModified":"2024-05-16T10:52:16+00:00","breadcrumb":{"@id":"https:\/\/rsrmoto.ee\/toode\/suit-powerman-3752-red\/#breadcrumb"},"inLanguage":"en-GB","potentialAction":[{"@type":"ReadAction","target":["https:\/\/rsrmoto.ee\/toode\/suit-powerman-3752-red\/"]}]},{"@type":"ImageObject","inLanguage":"en-GB","@id":"https:\/\/rsrmoto.ee\/toode\/suit-powerman-3752-red\/#primaryimage","url":"https:\/\/rsrmoto.ee\/wp-content\/uploads\/2024\/05\/eeyg1h8aoao2ne6hrauzajxkqeissgfo.webp","contentUrl":"https:\/\/rsrmoto.ee\/wp-content\/uploads\/2024\/05\/eeyg1h8aoao2ne6hrauzajxkqeissgfo.webp","width":1000,"height":1000},{"@type":"BreadcrumbList","@id":"https:\/\/rsrmoto.ee\/toode\/suit-powerman-3752-red\/#breadcrumb","itemListElement":[{"@type":"ListItem","position":1,"name":"Esileht","item":"https:\/\/rsrmoto.ee\/"},{"@type":"ListItem","position":2,"name":"Pood","item":"https:\/\/rsrmoto.ee\/pood\/"},{"@type":"ListItem","position":3,"name":"Komplekt &#8220;Powerman&#8221; 3752 Punane"}]},{"@type":"WebSite","@id":"https:\/\/rsrmoto.ee\/#website","url":"https:\/\/rsrmoto.ee\/","name":"RSR Moto","description":"Kvalitseetsed matka- ja kalastusriided","publisher":{"@id":"https:\/\/rsrmoto.ee\/#organization"},"potentialAction":[{"@type":"SearchAction","target":{"@type":"EntryPoint","urlTemplate":"https:\/\/rsrmoto.ee\/?s={search_term_string}"},"query-input":{"@type":"PropertyValueSpecification","valueRequired":true,"valueName":"search_term_string"}}],"inLanguage":"en-GB"},{"@type":"Organization","@id":"https:\/\/rsrmoto.ee\/#organization","name":"RSR Moto","url":"https:\/\/rsrmoto.ee\/","logo":{"@type":"ImageObject","inLanguage":"en-GB","@id":"https:\/\/rsrmoto.ee\/#\/schema\/logo\/image\/","url":"https:\/\/www.rsrmoto.ee\/wp-content\/uploads\/2024\/05\/mountain-300x300-1.png","contentUrl":"https:\/\/www.rsrmoto.ee\/wp-content\/uploads\/2024\/05\/mountain-300x300-1.png","width":300,"height":300,"caption":"RSR Moto"},"image":{"@id":"https:\/\/rsrmoto.ee\/#\/schema\/logo\/image\/"}}]}},"_links":{"self":[{"href":"https:\/\/rsrmoto.ee\/en\/wp-json\/wp\/v2\/product\/2910","targetHints":{"allow":["GET"]}}],"collection":[{"href":"https:\/\/rsrmoto.ee\/en\/wp-json\/wp\/v2\/product"}],"about":[{"href":"https:\/\/rsrmoto.ee\/en\/wp-json\/wp\/v2\/types\/product"}],"wp:featuredmedia":[{"embeddable":true,"href":"https:\/\/rsrmoto.ee\/en\/wp-json\/wp\/v2\/media\/2917"}],"wp:attachment":[{"href":"https:\/\/rsrmoto.ee\/en\/wp-json\/wp\/v2\/media?parent=2910"}],"wp:term":[{"taxonomy":"product_brand","embeddable":true,"href":"https:\/\/rsrmoto.ee\/en\/wp-json\/wp\/v2\/product_brand?post=2910"},{"taxonomy":"product_cat","embeddable":true,"href":"https:\/\/rsrmoto.ee\/en\/wp-json\/wp\/v2\/product_cat?post=2910"},{"taxonomy":"product_tag","embeddable":true,"href":"https:\/\/rsrmoto.ee\/en\/wp-json\/wp\/v2\/product_tag?post=2910"}],"curies":[{"name":"wp","href":"https:\/\/api.w.org\/{rel}","templated":true}]}}