{"id":2981,"date":"2024-05-14T13:16:59","date_gmt":"2024-05-14T10:16:59","guid":{"rendered":"https:\/\/www.rsrmoto.ee\/?post_type=product&#038;p=2981"},"modified":"2024-05-16T16:08:47","modified_gmt":"2024-05-16T13:08:47","slug":"overall-float-blue","status":"publish","type":"product","link":"https:\/\/rsrmoto.ee\/en\/product\/overall-float-blue\/","title":{"rendered":"Kombinesoon &#8220;Float&#8221; Sinine"},"content":{"rendered":"<p>Finntrail Float 22 kombinesoonid sobivad suurep\u00e4raselt talvisteks v\u00e4litegevusteks nagu \u00f5hukese j\u00e4\u00e4ga liikumine, talvine kalap\u00fc\u00fck ja mootorsaaniga s\u00f5itmine, tagades ohutuse meie ainulaadse F.I.L.L. tehnoloogia, mis pakub t\u00e4iendavat flotatsiooniabi. Neid ujuvaid lumekindlaid kombinesooni saab kasutada kuni -30\u00b0C temperatuuridel. Uue 2,5-kihilise kulumiskindla kanga, HARD-TEX membraani ja Thermalrate isolatsiooniga valmistatud need pakuvad suurep\u00e4rast kaitset k\u00fclma, k\u00fclma tuule ja niiskuse eest.<\/p>\n<p>Tugeva materjaliga tugevdatud kulumispiirkondades, nagu p\u00f5lved ja istmed, on kombinesoonil tihendatud \u00f5mblused. Reguleeritavad traksid ja p\u00f6idlavahedega sisemised Lycra mansetid pakuvad mugavust ning kaitsevad tuule ja lume eest. S\u00e4\u00e4re sisekedrid hoiavad lume ja niiskuse eemal, niiskuskindel kahesuunaline t\u00f5mblukk aga tagab mugavuse.<\/p>\n<p>&nbsp;<\/p>","protected":false},"excerpt":{"rendered":"<p>Eemaldatava ja reguleeritava kapuutsiga, h\u00fcgroskoopse mikrofliiskraega ja erinevate taskutega, sealhulgas sisemise aasaga k\u00f5rvaklappide jaoks, pakuvad need kombinesoonid funktsionaalsust ja mugavust. Mikrofliisist seljavooder tagab lisasoojuse. See spetsiaalsete tehnoloogiatega disainitud mudel tagab teie talviste seikluste jaoks mugavuse ja vastupidavuse.<\/p>","protected":false},"featured_media":2992,"template":"","meta":[],"product_brand":[],"product_cat":[26,30,15,111],"product_tag":[],"class_list":{"0":"post-2981","1":"product","2":"type-product","3":"status-publish","4":"has-post-thumbnail","6":"product_cat-komplektid","7":"product_cat-lumi","8":"product_cat-meestele","9":"product_cat-mootorsaani-riided","11":"first","12":"instock","13":"taxable","14":"shipping-taxable","15":"purchasable","16":"product-type-variable"},"ct_brands":[],"yoast_head":"<!-- This site is optimized with the Yoast SEO plugin v27.3 - https:\/\/yoast.com\/product\/yoast-seo-wordpress\/ -->\n<title>Kombinesoon &quot;Float&quot; Sinine - RSR Moto<\/title>\n<meta name=\"robots\" content=\"index, follow, max-snippet:-1, max-image-preview:large, max-video-preview:-1\" \/>\n<link rel=\"canonical\" href=\"https:\/\/rsrmoto.ee\/en\/product\/overall-float-blue\/\" \/>\n<meta property=\"og:locale\" content=\"en_GB\" \/>\n<meta property=\"og:type\" content=\"article\" \/>\n<meta property=\"og:title\" content=\"Kombinesoon &quot;Float&quot; Sinine - RSR Moto\" \/>\n<meta property=\"og:description\" content=\"Eemaldatava ja reguleeritava kapuutsiga, h\u00fcgroskoopse mikrofliiskraega ja erinevate taskutega, sealhulgas sisemise aasaga k\u00f5rvaklappide jaoks, pakuvad need kombinesoonid funktsionaalsust ja mugavust. Mikrofliisist seljavooder tagab lisasoojuse. See spetsiaalsete tehnoloogiatega disainitud mudel tagab teie talviste seikluste jaoks mugavuse ja vastupidavuse.\" \/>\n<meta property=\"og:url\" content=\"https:\/\/rsrmoto.ee\/en\/product\/overall-float-blue\/\" \/>\n<meta property=\"og:site_name\" content=\"RSR Moto\" \/>\n<meta property=\"article:modified_time\" content=\"2024-05-16T13:08:47+00:00\" \/>\n<meta property=\"og:image\" content=\"https:\/\/rsrmoto.ee\/wp-content\/uploads\/2024\/05\/o6nu8247498jtkgdl9vt04jhu3n1pzss.png\" \/>\n\t<meta property=\"og:image:width\" content=\"1000\" \/>\n\t<meta property=\"og:image:height\" content=\"1000\" \/>\n\t<meta property=\"og:image:type\" content=\"image\/png\" \/>\n<meta name=\"twitter:card\" content=\"summary_large_image\" \/>\n<meta name=\"twitter:label1\" content=\"Estimated reading time\" \/>\n\t<meta name=\"twitter:data1\" content=\"1 minute\" \/>\n<script type=\"application\/ld+json\" class=\"yoast-schema-graph\">{\"@context\":\"https:\\\/\\\/schema.org\",\"@graph\":[{\"@type\":\"WebPage\",\"@id\":\"https:\\\/\\\/rsrmoto.ee\\\/toode\\\/overall-float-blue\\\/\",\"url\":\"https:\\\/\\\/rsrmoto.ee\\\/toode\\\/overall-float-blue\\\/\",\"name\":\"Kombinesoon \\\"Float\\\" Sinine - RSR Moto\",\"isPartOf\":{\"@id\":\"https:\\\/\\\/rsrmoto.ee\\\/#website\"},\"primaryImageOfPage\":{\"@id\":\"https:\\\/\\\/rsrmoto.ee\\\/toode\\\/overall-float-blue\\\/#primaryimage\"},\"image\":{\"@id\":\"https:\\\/\\\/rsrmoto.ee\\\/toode\\\/overall-float-blue\\\/#primaryimage\"},\"thumbnailUrl\":\"https:\\\/\\\/rsrmoto.ee\\\/wp-content\\\/uploads\\\/2024\\\/05\\\/o6nu8247498jtkgdl9vt04jhu3n1pzss.png\",\"datePublished\":\"2024-05-14T10:16:59+00:00\",\"dateModified\":\"2024-05-16T13:08:47+00:00\",\"breadcrumb\":{\"@id\":\"https:\\\/\\\/rsrmoto.ee\\\/toode\\\/overall-float-blue\\\/#breadcrumb\"},\"inLanguage\":\"en-GB\",\"potentialAction\":[{\"@type\":\"ReadAction\",\"target\":[\"https:\\\/\\\/rsrmoto.ee\\\/toode\\\/overall-float-blue\\\/\"]}]},{\"@type\":\"ImageObject\",\"inLanguage\":\"en-GB\",\"@id\":\"https:\\\/\\\/rsrmoto.ee\\\/toode\\\/overall-float-blue\\\/#primaryimage\",\"url\":\"https:\\\/\\\/rsrmoto.ee\\\/wp-content\\\/uploads\\\/2024\\\/05\\\/o6nu8247498jtkgdl9vt04jhu3n1pzss.png\",\"contentUrl\":\"https:\\\/\\\/rsrmoto.ee\\\/wp-content\\\/uploads\\\/2024\\\/05\\\/o6nu8247498jtkgdl9vt04jhu3n1pzss.png\",\"width\":1000,\"height\":1000},{\"@type\":\"BreadcrumbList\",\"@id\":\"https:\\\/\\\/rsrmoto.ee\\\/toode\\\/overall-float-blue\\\/#breadcrumb\",\"itemListElement\":[{\"@type\":\"ListItem\",\"position\":1,\"name\":\"Esileht\",\"item\":\"https:\\\/\\\/rsrmoto.ee\\\/\"},{\"@type\":\"ListItem\",\"position\":2,\"name\":\"Pood\",\"item\":\"https:\\\/\\\/rsrmoto.ee\\\/pood\\\/\"},{\"@type\":\"ListItem\",\"position\":3,\"name\":\"Kombinesoon &#8220;Float&#8221; Sinine\"}]},{\"@type\":\"WebSite\",\"@id\":\"https:\\\/\\\/rsrmoto.ee\\\/#website\",\"url\":\"https:\\\/\\\/rsrmoto.ee\\\/\",\"name\":\"RSR Moto\",\"description\":\"Kvalitseetsed matka- ja kalastusriided\",\"publisher\":{\"@id\":\"https:\\\/\\\/rsrmoto.ee\\\/#organization\"},\"potentialAction\":[{\"@type\":\"SearchAction\",\"target\":{\"@type\":\"EntryPoint\",\"urlTemplate\":\"https:\\\/\\\/rsrmoto.ee\\\/?s={search_term_string}\"},\"query-input\":{\"@type\":\"PropertyValueSpecification\",\"valueRequired\":true,\"valueName\":\"search_term_string\"}}],\"inLanguage\":\"en-GB\"},{\"@type\":\"Organization\",\"@id\":\"https:\\\/\\\/rsrmoto.ee\\\/#organization\",\"name\":\"RSR Moto\",\"url\":\"https:\\\/\\\/rsrmoto.ee\\\/\",\"logo\":{\"@type\":\"ImageObject\",\"inLanguage\":\"en-GB\",\"@id\":\"https:\\\/\\\/rsrmoto.ee\\\/#\\\/schema\\\/logo\\\/image\\\/\",\"url\":\"https:\\\/\\\/www.rsrmoto.ee\\\/wp-content\\\/uploads\\\/2024\\\/05\\\/mountain-300x300-1.png\",\"contentUrl\":\"https:\\\/\\\/www.rsrmoto.ee\\\/wp-content\\\/uploads\\\/2024\\\/05\\\/mountain-300x300-1.png\",\"width\":300,\"height\":300,\"caption\":\"RSR Moto\"},\"image\":{\"@id\":\"https:\\\/\\\/rsrmoto.ee\\\/#\\\/schema\\\/logo\\\/image\\\/\"}}]}<\/script>\n<!-- \/ Yoast SEO plugin. -->","yoast_head_json":{"title":"Kombinesoon \"Float\" Sinine - RSR Moto","robots":{"index":"index","follow":"follow","max-snippet":"max-snippet:-1","max-image-preview":"max-image-preview:large","max-video-preview":"max-video-preview:-1"},"canonical":"https:\/\/rsrmoto.ee\/en\/product\/overall-float-blue\/","og_locale":"en_GB","og_type":"article","og_title":"Kombinesoon \"Float\" Sinine - RSR Moto","og_description":"Eemaldatava ja reguleeritava kapuutsiga, h\u00fcgroskoopse mikrofliiskraega ja erinevate taskutega, sealhulgas sisemise aasaga k\u00f5rvaklappide jaoks, pakuvad need kombinesoonid funktsionaalsust ja mugavust. Mikrofliisist seljavooder tagab lisasoojuse. See spetsiaalsete tehnoloogiatega disainitud mudel tagab teie talviste seikluste jaoks mugavuse ja vastupidavuse.","og_url":"https:\/\/rsrmoto.ee\/en\/product\/overall-float-blue\/","og_site_name":"RSR Moto","article_modified_time":"2024-05-16T13:08:47+00:00","og_image":[{"width":1000,"height":1000,"url":"https:\/\/rsrmoto.ee\/wp-content\/uploads\/2024\/05\/o6nu8247498jtkgdl9vt04jhu3n1pzss.png","type":"image\/png"}],"twitter_card":"summary_large_image","twitter_misc":{"Estimated reading time":"1 minute"},"schema":{"@context":"https:\/\/schema.org","@graph":[{"@type":"WebPage","@id":"https:\/\/rsrmoto.ee\/toode\/overall-float-blue\/","url":"https:\/\/rsrmoto.ee\/toode\/overall-float-blue\/","name":"Kombinesoon \"Float\" Sinine - RSR Moto","isPartOf":{"@id":"https:\/\/rsrmoto.ee\/#website"},"primaryImageOfPage":{"@id":"https:\/\/rsrmoto.ee\/toode\/overall-float-blue\/#primaryimage"},"image":{"@id":"https:\/\/rsrmoto.ee\/toode\/overall-float-blue\/#primaryimage"},"thumbnailUrl":"https:\/\/rsrmoto.ee\/wp-content\/uploads\/2024\/05\/o6nu8247498jtkgdl9vt04jhu3n1pzss.png","datePublished":"2024-05-14T10:16:59+00:00","dateModified":"2024-05-16T13:08:47+00:00","breadcrumb":{"@id":"https:\/\/rsrmoto.ee\/toode\/overall-float-blue\/#breadcrumb"},"inLanguage":"en-GB","potentialAction":[{"@type":"ReadAction","target":["https:\/\/rsrmoto.ee\/toode\/overall-float-blue\/"]}]},{"@type":"ImageObject","inLanguage":"en-GB","@id":"https:\/\/rsrmoto.ee\/toode\/overall-float-blue\/#primaryimage","url":"https:\/\/rsrmoto.ee\/wp-content\/uploads\/2024\/05\/o6nu8247498jtkgdl9vt04jhu3n1pzss.png","contentUrl":"https:\/\/rsrmoto.ee\/wp-content\/uploads\/2024\/05\/o6nu8247498jtkgdl9vt04jhu3n1pzss.png","width":1000,"height":1000},{"@type":"BreadcrumbList","@id":"https:\/\/rsrmoto.ee\/toode\/overall-float-blue\/#breadcrumb","itemListElement":[{"@type":"ListItem","position":1,"name":"Esileht","item":"https:\/\/rsrmoto.ee\/"},{"@type":"ListItem","position":2,"name":"Pood","item":"https:\/\/rsrmoto.ee\/pood\/"},{"@type":"ListItem","position":3,"name":"Kombinesoon &#8220;Float&#8221; Sinine"}]},{"@type":"WebSite","@id":"https:\/\/rsrmoto.ee\/#website","url":"https:\/\/rsrmoto.ee\/","name":"RSR Moto","description":"Kvalitseetsed matka- ja kalastusriided","publisher":{"@id":"https:\/\/rsrmoto.ee\/#organization"},"potentialAction":[{"@type":"SearchAction","target":{"@type":"EntryPoint","urlTemplate":"https:\/\/rsrmoto.ee\/?s={search_term_string}"},"query-input":{"@type":"PropertyValueSpecification","valueRequired":true,"valueName":"search_term_string"}}],"inLanguage":"en-GB"},{"@type":"Organization","@id":"https:\/\/rsrmoto.ee\/#organization","name":"RSR Moto","url":"https:\/\/rsrmoto.ee\/","logo":{"@type":"ImageObject","inLanguage":"en-GB","@id":"https:\/\/rsrmoto.ee\/#\/schema\/logo\/image\/","url":"https:\/\/www.rsrmoto.ee\/wp-content\/uploads\/2024\/05\/mountain-300x300-1.png","contentUrl":"https:\/\/www.rsrmoto.ee\/wp-content\/uploads\/2024\/05\/mountain-300x300-1.png","width":300,"height":300,"caption":"RSR Moto"},"image":{"@id":"https:\/\/rsrmoto.ee\/#\/schema\/logo\/image\/"}}]}},"_links":{"self":[{"href":"https:\/\/rsrmoto.ee\/en\/wp-json\/wp\/v2\/product\/2981","targetHints":{"allow":["GET"]}}],"collection":[{"href":"https:\/\/rsrmoto.ee\/en\/wp-json\/wp\/v2\/product"}],"about":[{"href":"https:\/\/rsrmoto.ee\/en\/wp-json\/wp\/v2\/types\/product"}],"wp:featuredmedia":[{"embeddable":true,"href":"https:\/\/rsrmoto.ee\/en\/wp-json\/wp\/v2\/media\/2992"}],"wp:attachment":[{"href":"https:\/\/rsrmoto.ee\/en\/wp-json\/wp\/v2\/media?parent=2981"}],"wp:term":[{"taxonomy":"product_brand","embeddable":true,"href":"https:\/\/rsrmoto.ee\/en\/wp-json\/wp\/v2\/product_brand?post=2981"},{"taxonomy":"product_cat","embeddable":true,"href":"https:\/\/rsrmoto.ee\/en\/wp-json\/wp\/v2\/product_cat?post=2981"},{"taxonomy":"product_tag","embeddable":true,"href":"https:\/\/rsrmoto.ee\/en\/wp-json\/wp\/v2\/product_tag?post=2981"}],"curies":[{"name":"wp","href":"https:\/\/api.w.org\/{rel}","templated":true}]}}