{"id":3009,"date":"2024-05-14T13:20:15","date_gmt":"2024-05-14T10:20:15","guid":{"rendered":"https:\/\/www.rsrmoto.ee\/?post_type=product&#038;p=3009"},"modified":"2024-05-16T16:08:43","modified_gmt":"2024-05-16T13:08:43","slug":"overall-float-red","status":"publish","type":"product","link":"https:\/\/rsrmoto.ee\/en\/product\/overall-float-red\/","title":{"rendered":"Kombinesoon &#8220;Float&#8221; Punane"},"content":{"rendered":"<p>Finntrail Floati kombinesoonid sobivad suurep\u00e4raselt talviseks \u00f5uetegevuseks nagu talvine kalap\u00fc\u00fck, mootorsaaniga s\u00f5itmine ja \u00f5hukesel j\u00e4\u00e4l liikumine. Need ujuvad lumekindlad kombinesoonid tagavad ohutuse ja meelerahu j\u00e4isel maastikul. Varustatud meie ainulaadse F.I.L.L. tehnoloogia, pakuvad nad t\u00e4iendavat flotatsiooniabi. Nii madalatele temperatuuridele kui -30\u00b0C m\u00f5eldud kombinesoonil on uus 2,5-kihiline kulumiskindel kangas, millel on HARD-TEX membraan ja Thermalrate isolatsioon, mis tagab kaitse k\u00fclma, k\u00fclma tuule ja niiskuse eest. Tugevdatud kulumisalad, tihendatud \u00f5mblused ja traksid k\u00f5rguse reguleerimiseks suurendavad vastupidavust. P\u00f6idlavahega sisemised Lycra mansetid ja s\u00e4\u00e4re sisemised kedrid pakuvad mugavust ja kaitset. Mugavust lisab niiskuskindel kahesuunaline t\u00f5mblukk. Kombinesoonil on eemaldatav ja reguleeritav kapuuts, h\u00fcgroskoopne mikrofliisist krae, ventilatsioonis\u00fcsteem ja mitu taskut.<\/p>","protected":false},"excerpt":{"rendered":"<p>Mikrofliisist seljavooder tagab lisasoojuse ja mugavuse. Spetsiaalsete tehnoloogiatega disainitud kombinesoonid lubavad talvistel seiklustel kestvat mugavust ja j\u00f5udlust.<\/p>","protected":false},"featured_media":3011,"template":"","meta":[],"product_brand":[],"product_cat":[26,30,15,111],"product_tag":[],"class_list":{"0":"post-3009","1":"product","2":"type-product","3":"status-publish","4":"has-post-thumbnail","6":"product_cat-komplektid","7":"product_cat-lumi","8":"product_cat-meestele","9":"product_cat-mootorsaani-riided","11":"first","12":"instock","13":"taxable","14":"shipping-taxable","15":"purchasable","16":"product-type-variable"},"ct_brands":[],"yoast_head":"<!-- This site is optimized with the Yoast SEO plugin v27.3 - https:\/\/yoast.com\/product\/yoast-seo-wordpress\/ -->\n<title>Kombinesoon &quot;Float&quot; Punane - RSR Moto<\/title>\n<meta name=\"robots\" content=\"index, follow, max-snippet:-1, max-image-preview:large, max-video-preview:-1\" \/>\n<link rel=\"canonical\" href=\"https:\/\/rsrmoto.ee\/en\/product\/overall-float-red\/\" \/>\n<meta property=\"og:locale\" content=\"en_GB\" \/>\n<meta property=\"og:type\" content=\"article\" \/>\n<meta property=\"og:title\" content=\"Kombinesoon &quot;Float&quot; Punane - RSR Moto\" \/>\n<meta property=\"og:description\" content=\"Mikrofliisist seljavooder tagab lisasoojuse ja mugavuse. Spetsiaalsete tehnoloogiatega disainitud kombinesoonid lubavad talvistel seiklustel kestvat mugavust ja j\u00f5udlust.\" \/>\n<meta property=\"og:url\" content=\"https:\/\/rsrmoto.ee\/en\/product\/overall-float-red\/\" \/>\n<meta property=\"og:site_name\" content=\"RSR Moto\" \/>\n<meta property=\"article:modified_time\" content=\"2024-05-16T13:08:43+00:00\" \/>\n<meta property=\"og:image\" content=\"https:\/\/rsrmoto.ee\/wp-content\/uploads\/2024\/05\/vw765xucdzi1i4iw0q1tkdfub3849j7g.webp\" \/>\n\t<meta property=\"og:image:width\" content=\"1000\" \/>\n\t<meta property=\"og:image:height\" content=\"1000\" \/>\n\t<meta property=\"og:image:type\" content=\"image\/webp\" \/>\n<meta name=\"twitter:card\" content=\"summary_large_image\" \/>\n<meta name=\"twitter:label1\" content=\"Estimated reading time\" \/>\n\t<meta name=\"twitter:data1\" content=\"1 minute\" \/>\n<script type=\"application\/ld+json\" class=\"yoast-schema-graph\">{\"@context\":\"https:\\\/\\\/schema.org\",\"@graph\":[{\"@type\":\"WebPage\",\"@id\":\"https:\\\/\\\/rsrmoto.ee\\\/toode\\\/overall-float-red\\\/\",\"url\":\"https:\\\/\\\/rsrmoto.ee\\\/toode\\\/overall-float-red\\\/\",\"name\":\"Kombinesoon \\\"Float\\\" Punane - RSR Moto\",\"isPartOf\":{\"@id\":\"https:\\\/\\\/rsrmoto.ee\\\/#website\"},\"primaryImageOfPage\":{\"@id\":\"https:\\\/\\\/rsrmoto.ee\\\/toode\\\/overall-float-red\\\/#primaryimage\"},\"image\":{\"@id\":\"https:\\\/\\\/rsrmoto.ee\\\/toode\\\/overall-float-red\\\/#primaryimage\"},\"thumbnailUrl\":\"https:\\\/\\\/rsrmoto.ee\\\/wp-content\\\/uploads\\\/2024\\\/05\\\/vw765xucdzi1i4iw0q1tkdfub3849j7g.webp\",\"datePublished\":\"2024-05-14T10:20:15+00:00\",\"dateModified\":\"2024-05-16T13:08:43+00:00\",\"breadcrumb\":{\"@id\":\"https:\\\/\\\/rsrmoto.ee\\\/toode\\\/overall-float-red\\\/#breadcrumb\"},\"inLanguage\":\"en-GB\",\"potentialAction\":[{\"@type\":\"ReadAction\",\"target\":[\"https:\\\/\\\/rsrmoto.ee\\\/toode\\\/overall-float-red\\\/\"]}]},{\"@type\":\"ImageObject\",\"inLanguage\":\"en-GB\",\"@id\":\"https:\\\/\\\/rsrmoto.ee\\\/toode\\\/overall-float-red\\\/#primaryimage\",\"url\":\"https:\\\/\\\/rsrmoto.ee\\\/wp-content\\\/uploads\\\/2024\\\/05\\\/vw765xucdzi1i4iw0q1tkdfub3849j7g.webp\",\"contentUrl\":\"https:\\\/\\\/rsrmoto.ee\\\/wp-content\\\/uploads\\\/2024\\\/05\\\/vw765xucdzi1i4iw0q1tkdfub3849j7g.webp\",\"width\":1000,\"height\":1000},{\"@type\":\"BreadcrumbList\",\"@id\":\"https:\\\/\\\/rsrmoto.ee\\\/toode\\\/overall-float-red\\\/#breadcrumb\",\"itemListElement\":[{\"@type\":\"ListItem\",\"position\":1,\"name\":\"Esileht\",\"item\":\"https:\\\/\\\/rsrmoto.ee\\\/\"},{\"@type\":\"ListItem\",\"position\":2,\"name\":\"Pood\",\"item\":\"https:\\\/\\\/rsrmoto.ee\\\/pood\\\/\"},{\"@type\":\"ListItem\",\"position\":3,\"name\":\"Kombinesoon &#8220;Float&#8221; Punane\"}]},{\"@type\":\"WebSite\",\"@id\":\"https:\\\/\\\/rsrmoto.ee\\\/#website\",\"url\":\"https:\\\/\\\/rsrmoto.ee\\\/\",\"name\":\"RSR Moto\",\"description\":\"Kvalitseetsed matka- ja kalastusriided\",\"publisher\":{\"@id\":\"https:\\\/\\\/rsrmoto.ee\\\/#organization\"},\"potentialAction\":[{\"@type\":\"SearchAction\",\"target\":{\"@type\":\"EntryPoint\",\"urlTemplate\":\"https:\\\/\\\/rsrmoto.ee\\\/?s={search_term_string}\"},\"query-input\":{\"@type\":\"PropertyValueSpecification\",\"valueRequired\":true,\"valueName\":\"search_term_string\"}}],\"inLanguage\":\"en-GB\"},{\"@type\":\"Organization\",\"@id\":\"https:\\\/\\\/rsrmoto.ee\\\/#organization\",\"name\":\"RSR Moto\",\"url\":\"https:\\\/\\\/rsrmoto.ee\\\/\",\"logo\":{\"@type\":\"ImageObject\",\"inLanguage\":\"en-GB\",\"@id\":\"https:\\\/\\\/rsrmoto.ee\\\/#\\\/schema\\\/logo\\\/image\\\/\",\"url\":\"https:\\\/\\\/www.rsrmoto.ee\\\/wp-content\\\/uploads\\\/2024\\\/05\\\/mountain-300x300-1.png\",\"contentUrl\":\"https:\\\/\\\/www.rsrmoto.ee\\\/wp-content\\\/uploads\\\/2024\\\/05\\\/mountain-300x300-1.png\",\"width\":300,\"height\":300,\"caption\":\"RSR Moto\"},\"image\":{\"@id\":\"https:\\\/\\\/rsrmoto.ee\\\/#\\\/schema\\\/logo\\\/image\\\/\"}}]}<\/script>\n<!-- \/ Yoast SEO plugin. -->","yoast_head_json":{"title":"Kombinesoon \"Float\" Punane - RSR Moto","robots":{"index":"index","follow":"follow","max-snippet":"max-snippet:-1","max-image-preview":"max-image-preview:large","max-video-preview":"max-video-preview:-1"},"canonical":"https:\/\/rsrmoto.ee\/en\/product\/overall-float-red\/","og_locale":"en_GB","og_type":"article","og_title":"Kombinesoon \"Float\" Punane - RSR Moto","og_description":"Mikrofliisist seljavooder tagab lisasoojuse ja mugavuse. Spetsiaalsete tehnoloogiatega disainitud kombinesoonid lubavad talvistel seiklustel kestvat mugavust ja j\u00f5udlust.","og_url":"https:\/\/rsrmoto.ee\/en\/product\/overall-float-red\/","og_site_name":"RSR Moto","article_modified_time":"2024-05-16T13:08:43+00:00","og_image":[{"width":1000,"height":1000,"url":"https:\/\/rsrmoto.ee\/wp-content\/uploads\/2024\/05\/vw765xucdzi1i4iw0q1tkdfub3849j7g.webp","type":"image\/webp"}],"twitter_card":"summary_large_image","twitter_misc":{"Estimated reading time":"1 minute"},"schema":{"@context":"https:\/\/schema.org","@graph":[{"@type":"WebPage","@id":"https:\/\/rsrmoto.ee\/toode\/overall-float-red\/","url":"https:\/\/rsrmoto.ee\/toode\/overall-float-red\/","name":"Kombinesoon \"Float\" Punane - RSR Moto","isPartOf":{"@id":"https:\/\/rsrmoto.ee\/#website"},"primaryImageOfPage":{"@id":"https:\/\/rsrmoto.ee\/toode\/overall-float-red\/#primaryimage"},"image":{"@id":"https:\/\/rsrmoto.ee\/toode\/overall-float-red\/#primaryimage"},"thumbnailUrl":"https:\/\/rsrmoto.ee\/wp-content\/uploads\/2024\/05\/vw765xucdzi1i4iw0q1tkdfub3849j7g.webp","datePublished":"2024-05-14T10:20:15+00:00","dateModified":"2024-05-16T13:08:43+00:00","breadcrumb":{"@id":"https:\/\/rsrmoto.ee\/toode\/overall-float-red\/#breadcrumb"},"inLanguage":"en-GB","potentialAction":[{"@type":"ReadAction","target":["https:\/\/rsrmoto.ee\/toode\/overall-float-red\/"]}]},{"@type":"ImageObject","inLanguage":"en-GB","@id":"https:\/\/rsrmoto.ee\/toode\/overall-float-red\/#primaryimage","url":"https:\/\/rsrmoto.ee\/wp-content\/uploads\/2024\/05\/vw765xucdzi1i4iw0q1tkdfub3849j7g.webp","contentUrl":"https:\/\/rsrmoto.ee\/wp-content\/uploads\/2024\/05\/vw765xucdzi1i4iw0q1tkdfub3849j7g.webp","width":1000,"height":1000},{"@type":"BreadcrumbList","@id":"https:\/\/rsrmoto.ee\/toode\/overall-float-red\/#breadcrumb","itemListElement":[{"@type":"ListItem","position":1,"name":"Esileht","item":"https:\/\/rsrmoto.ee\/"},{"@type":"ListItem","position":2,"name":"Pood","item":"https:\/\/rsrmoto.ee\/pood\/"},{"@type":"ListItem","position":3,"name":"Kombinesoon &#8220;Float&#8221; Punane"}]},{"@type":"WebSite","@id":"https:\/\/rsrmoto.ee\/#website","url":"https:\/\/rsrmoto.ee\/","name":"RSR Moto","description":"Kvalitseetsed matka- ja kalastusriided","publisher":{"@id":"https:\/\/rsrmoto.ee\/#organization"},"potentialAction":[{"@type":"SearchAction","target":{"@type":"EntryPoint","urlTemplate":"https:\/\/rsrmoto.ee\/?s={search_term_string}"},"query-input":{"@type":"PropertyValueSpecification","valueRequired":true,"valueName":"search_term_string"}}],"inLanguage":"en-GB"},{"@type":"Organization","@id":"https:\/\/rsrmoto.ee\/#organization","name":"RSR Moto","url":"https:\/\/rsrmoto.ee\/","logo":{"@type":"ImageObject","inLanguage":"en-GB","@id":"https:\/\/rsrmoto.ee\/#\/schema\/logo\/image\/","url":"https:\/\/www.rsrmoto.ee\/wp-content\/uploads\/2024\/05\/mountain-300x300-1.png","contentUrl":"https:\/\/www.rsrmoto.ee\/wp-content\/uploads\/2024\/05\/mountain-300x300-1.png","width":300,"height":300,"caption":"RSR Moto"},"image":{"@id":"https:\/\/rsrmoto.ee\/#\/schema\/logo\/image\/"}}]}},"_links":{"self":[{"href":"https:\/\/rsrmoto.ee\/en\/wp-json\/wp\/v2\/product\/3009","targetHints":{"allow":["GET"]}}],"collection":[{"href":"https:\/\/rsrmoto.ee\/en\/wp-json\/wp\/v2\/product"}],"about":[{"href":"https:\/\/rsrmoto.ee\/en\/wp-json\/wp\/v2\/types\/product"}],"wp:featuredmedia":[{"embeddable":true,"href":"https:\/\/rsrmoto.ee\/en\/wp-json\/wp\/v2\/media\/3011"}],"wp:attachment":[{"href":"https:\/\/rsrmoto.ee\/en\/wp-json\/wp\/v2\/media?parent=3009"}],"wp:term":[{"taxonomy":"product_brand","embeddable":true,"href":"https:\/\/rsrmoto.ee\/en\/wp-json\/wp\/v2\/product_brand?post=3009"},{"taxonomy":"product_cat","embeddable":true,"href":"https:\/\/rsrmoto.ee\/en\/wp-json\/wp\/v2\/product_cat?post=3009"},{"taxonomy":"product_tag","embeddable":true,"href":"https:\/\/rsrmoto.ee\/en\/wp-json\/wp\/v2\/product_tag?post=3009"}],"curies":[{"name":"wp","href":"https:\/\/api.w.org\/{rel}","templated":true}]}}