{"id":3029,"date":"2024-05-14T13:30:31","date_gmt":"2024-05-14T10:30:31","guid":{"rendered":"https:\/\/www.rsrmoto.ee\/?post_type=product&#038;p=3029"},"modified":"2024-05-16T16:08:40","modified_gmt":"2024-05-16T13:08:40","slug":"overall-rachel-bluelime","status":"publish","type":"product","link":"https:\/\/rsrmoto.ee\/en\/product\/overall-rachel-bluelime\/","title":{"rendered":"Kombinesoond &#8220;Rachel&#8221; Sinine-heleroheline"},"content":{"rendered":"<p>Mootorsaaniga s\u00f5itmiseks m\u00f5eldud soojad naiste Finntrail Racheli kombinesoonid on m\u00f5eldud kasutamiseks pakasega, kuni -20\u00ba\u0421. T\u00e4nu 2,5-kihilisele HARD-TEX membraaniga kulumiskindlale kangale ja tehnoloogilisele Thermalrate isolatsioonile pakub kombinesoon kaitset pakase, j\u00e4ise tuule ja niiskuse l\u00e4bitungimise eest. Kombinesoonil on ainulaadne anatoomiline l\u00f5ige, mis \u00fchendab endas mugavuse ja t\u00f6\u00f6kindluse. S\u00e4\u00e4rte sise- ja alaosa on varustatud tugevast KEVLAR materjalist valmistatud lisatugevdusega. K\u00f5ik \u00f5mblused on hermeetiliselt liimitud.<\/p>\n<p>Kombinesoon on t\u00e4iendava mugavuse tagamiseks varustatud reguleeritava pikkusega integreeritud traksidega. Sisemised p\u00f6idlaauguga l\u00fckra mansetid pakuvad mugavust ning kaitsevad tuule ja lume sissep\u00e4\u00e4su eest. Kombinesooni sisekedrid takistavad lume ja niiskuse sattumist kombinesooni ja saabastesse. Niiskuskindel kahe liuguriga t\u00f5mblukk kaitseb vee sissep\u00e4\u00e4su eest. Kombinesoonil on kahes tasapinnas reguleeritav kapuuts, h\u00fcgroskoopne mikrofliisist krae, kaitsev\u00f5rguga ventilatsioonis\u00fcsteem, sisemised k\u00f5rvaklapid, liigendatud 3D p\u00f5lved, kaks sooja lukuga k\u00fcljetaskut, kaks lukuga puusataskut, tasku k\u00fcljes. varrukas, \u00fcks lukuga sisetasku ja \u00fcks mahukas v\u00f5rgust sisetasku ning \u201cpommiluuk\u201d, mis teeb oma vajaduste tegemise lihtsaks.<\/p>\n<p>Kombineeritud vooder on valmistatud mikrofliismaterjalist sisestustega, mis tagavad t\u00e4iendava soojuse ja mugavuse. See mudel kasutab tehnoloogiaid, mis tagavad mugavuse ja pika kasutusea.<\/p>","protected":false},"excerpt":{"rendered":"<p>Kombineeritud vooder on valmistatud mikrofliismaterjalist sisestustega, mis tagavad t\u00e4iendava soojuse ja mugavuse. See mudel kasutab tehnoloogiaid, mis tagavad mugavuse ja pika kasutusea.<\/p>","protected":false},"featured_media":3040,"template":"","meta":[],"product_brand":[],"product_cat":[34,30,111,23],"product_tag":[],"class_list":{"0":"post-3029","1":"product","2":"type-product","3":"status-publish","4":"has-post-thumbnail","6":"product_cat-komplektid-naistele","7":"product_cat-lumi","8":"product_cat-mootorsaani-riided","9":"product_cat-naistele","11":"first","12":"instock","13":"taxable","14":"shipping-taxable","15":"purchasable","16":"product-type-variable"},"ct_brands":[],"yoast_head":"<!-- This site is optimized with the Yoast SEO plugin v27.3 - https:\/\/yoast.com\/product\/yoast-seo-wordpress\/ -->\n<title>Kombinesoond &quot;Rachel&quot; Sinine-heleroheline - RSR Moto<\/title>\n<meta name=\"robots\" content=\"index, follow, max-snippet:-1, max-image-preview:large, max-video-preview:-1\" \/>\n<link rel=\"canonical\" href=\"https:\/\/rsrmoto.ee\/en\/product\/overall-rachel-bluelime\/\" \/>\n<meta property=\"og:locale\" content=\"en_GB\" \/>\n<meta property=\"og:type\" content=\"article\" \/>\n<meta property=\"og:title\" content=\"Kombinesoond &quot;Rachel&quot; Sinine-heleroheline - RSR Moto\" \/>\n<meta property=\"og:description\" content=\"Kombineeritud vooder on valmistatud mikrofliismaterjalist sisestustega, mis tagavad t\u00e4iendava soojuse ja mugavuse. See mudel kasutab tehnoloogiaid, mis tagavad mugavuse ja pika kasutusea.\" \/>\n<meta property=\"og:url\" content=\"https:\/\/rsrmoto.ee\/en\/product\/overall-rachel-bluelime\/\" \/>\n<meta property=\"og:site_name\" content=\"RSR Moto\" \/>\n<meta property=\"article:modified_time\" content=\"2024-05-16T13:08:40+00:00\" \/>\n<meta property=\"og:image\" content=\"https:\/\/rsrmoto.ee\/wp-content\/uploads\/2024\/05\/xdoc0mbxwz1q2wny8e6psu6nzetv5hzf.webp\" \/>\n\t<meta property=\"og:image:width\" content=\"1000\" \/>\n\t<meta property=\"og:image:height\" content=\"1000\" \/>\n\t<meta property=\"og:image:type\" content=\"image\/webp\" \/>\n<meta name=\"twitter:card\" content=\"summary_large_image\" \/>\n<meta name=\"twitter:label1\" content=\"Estimated reading time\" \/>\n\t<meta name=\"twitter:data1\" content=\"2 minutes\" \/>\n<script type=\"application\/ld+json\" class=\"yoast-schema-graph\">{\"@context\":\"https:\\\/\\\/schema.org\",\"@graph\":[{\"@type\":\"WebPage\",\"@id\":\"https:\\\/\\\/rsrmoto.ee\\\/toode\\\/overall-rachel-bluelime\\\/\",\"url\":\"https:\\\/\\\/rsrmoto.ee\\\/toode\\\/overall-rachel-bluelime\\\/\",\"name\":\"Kombinesoond \\\"Rachel\\\" Sinine-heleroheline - RSR Moto\",\"isPartOf\":{\"@id\":\"https:\\\/\\\/rsrmoto.ee\\\/#website\"},\"primaryImageOfPage\":{\"@id\":\"https:\\\/\\\/rsrmoto.ee\\\/toode\\\/overall-rachel-bluelime\\\/#primaryimage\"},\"image\":{\"@id\":\"https:\\\/\\\/rsrmoto.ee\\\/toode\\\/overall-rachel-bluelime\\\/#primaryimage\"},\"thumbnailUrl\":\"https:\\\/\\\/rsrmoto.ee\\\/wp-content\\\/uploads\\\/2024\\\/05\\\/xdoc0mbxwz1q2wny8e6psu6nzetv5hzf.webp\",\"datePublished\":\"2024-05-14T10:30:31+00:00\",\"dateModified\":\"2024-05-16T13:08:40+00:00\",\"breadcrumb\":{\"@id\":\"https:\\\/\\\/rsrmoto.ee\\\/toode\\\/overall-rachel-bluelime\\\/#breadcrumb\"},\"inLanguage\":\"en-GB\",\"potentialAction\":[{\"@type\":\"ReadAction\",\"target\":[\"https:\\\/\\\/rsrmoto.ee\\\/toode\\\/overall-rachel-bluelime\\\/\"]}]},{\"@type\":\"ImageObject\",\"inLanguage\":\"en-GB\",\"@id\":\"https:\\\/\\\/rsrmoto.ee\\\/toode\\\/overall-rachel-bluelime\\\/#primaryimage\",\"url\":\"https:\\\/\\\/rsrmoto.ee\\\/wp-content\\\/uploads\\\/2024\\\/05\\\/xdoc0mbxwz1q2wny8e6psu6nzetv5hzf.webp\",\"contentUrl\":\"https:\\\/\\\/rsrmoto.ee\\\/wp-content\\\/uploads\\\/2024\\\/05\\\/xdoc0mbxwz1q2wny8e6psu6nzetv5hzf.webp\",\"width\":1000,\"height\":1000},{\"@type\":\"BreadcrumbList\",\"@id\":\"https:\\\/\\\/rsrmoto.ee\\\/toode\\\/overall-rachel-bluelime\\\/#breadcrumb\",\"itemListElement\":[{\"@type\":\"ListItem\",\"position\":1,\"name\":\"Esileht\",\"item\":\"https:\\\/\\\/rsrmoto.ee\\\/\"},{\"@type\":\"ListItem\",\"position\":2,\"name\":\"Pood\",\"item\":\"https:\\\/\\\/rsrmoto.ee\\\/pood\\\/\"},{\"@type\":\"ListItem\",\"position\":3,\"name\":\"Kombinesoond &#8220;Rachel&#8221; Sinine-heleroheline\"}]},{\"@type\":\"WebSite\",\"@id\":\"https:\\\/\\\/rsrmoto.ee\\\/#website\",\"url\":\"https:\\\/\\\/rsrmoto.ee\\\/\",\"name\":\"RSR Moto\",\"description\":\"Kvalitseetsed matka- ja kalastusriided\",\"publisher\":{\"@id\":\"https:\\\/\\\/rsrmoto.ee\\\/#organization\"},\"potentialAction\":[{\"@type\":\"SearchAction\",\"target\":{\"@type\":\"EntryPoint\",\"urlTemplate\":\"https:\\\/\\\/rsrmoto.ee\\\/?s={search_term_string}\"},\"query-input\":{\"@type\":\"PropertyValueSpecification\",\"valueRequired\":true,\"valueName\":\"search_term_string\"}}],\"inLanguage\":\"en-GB\"},{\"@type\":\"Organization\",\"@id\":\"https:\\\/\\\/rsrmoto.ee\\\/#organization\",\"name\":\"RSR Moto\",\"url\":\"https:\\\/\\\/rsrmoto.ee\\\/\",\"logo\":{\"@type\":\"ImageObject\",\"inLanguage\":\"en-GB\",\"@id\":\"https:\\\/\\\/rsrmoto.ee\\\/#\\\/schema\\\/logo\\\/image\\\/\",\"url\":\"https:\\\/\\\/www.rsrmoto.ee\\\/wp-content\\\/uploads\\\/2024\\\/05\\\/mountain-300x300-1.png\",\"contentUrl\":\"https:\\\/\\\/www.rsrmoto.ee\\\/wp-content\\\/uploads\\\/2024\\\/05\\\/mountain-300x300-1.png\",\"width\":300,\"height\":300,\"caption\":\"RSR Moto\"},\"image\":{\"@id\":\"https:\\\/\\\/rsrmoto.ee\\\/#\\\/schema\\\/logo\\\/image\\\/\"}}]}<\/script>\n<!-- \/ Yoast SEO plugin. -->","yoast_head_json":{"title":"Kombinesoond \"Rachel\" Sinine-heleroheline - RSR Moto","robots":{"index":"index","follow":"follow","max-snippet":"max-snippet:-1","max-image-preview":"max-image-preview:large","max-video-preview":"max-video-preview:-1"},"canonical":"https:\/\/rsrmoto.ee\/en\/product\/overall-rachel-bluelime\/","og_locale":"en_GB","og_type":"article","og_title":"Kombinesoond \"Rachel\" Sinine-heleroheline - RSR Moto","og_description":"Kombineeritud vooder on valmistatud mikrofliismaterjalist sisestustega, mis tagavad t\u00e4iendava soojuse ja mugavuse. See mudel kasutab tehnoloogiaid, mis tagavad mugavuse ja pika kasutusea.","og_url":"https:\/\/rsrmoto.ee\/en\/product\/overall-rachel-bluelime\/","og_site_name":"RSR Moto","article_modified_time":"2024-05-16T13:08:40+00:00","og_image":[{"width":1000,"height":1000,"url":"https:\/\/rsrmoto.ee\/wp-content\/uploads\/2024\/05\/xdoc0mbxwz1q2wny8e6psu6nzetv5hzf.webp","type":"image\/webp"}],"twitter_card":"summary_large_image","twitter_misc":{"Estimated reading time":"2 minutes"},"schema":{"@context":"https:\/\/schema.org","@graph":[{"@type":"WebPage","@id":"https:\/\/rsrmoto.ee\/toode\/overall-rachel-bluelime\/","url":"https:\/\/rsrmoto.ee\/toode\/overall-rachel-bluelime\/","name":"Kombinesoond \"Rachel\" Sinine-heleroheline - RSR Moto","isPartOf":{"@id":"https:\/\/rsrmoto.ee\/#website"},"primaryImageOfPage":{"@id":"https:\/\/rsrmoto.ee\/toode\/overall-rachel-bluelime\/#primaryimage"},"image":{"@id":"https:\/\/rsrmoto.ee\/toode\/overall-rachel-bluelime\/#primaryimage"},"thumbnailUrl":"https:\/\/rsrmoto.ee\/wp-content\/uploads\/2024\/05\/xdoc0mbxwz1q2wny8e6psu6nzetv5hzf.webp","datePublished":"2024-05-14T10:30:31+00:00","dateModified":"2024-05-16T13:08:40+00:00","breadcrumb":{"@id":"https:\/\/rsrmoto.ee\/toode\/overall-rachel-bluelime\/#breadcrumb"},"inLanguage":"en-GB","potentialAction":[{"@type":"ReadAction","target":["https:\/\/rsrmoto.ee\/toode\/overall-rachel-bluelime\/"]}]},{"@type":"ImageObject","inLanguage":"en-GB","@id":"https:\/\/rsrmoto.ee\/toode\/overall-rachel-bluelime\/#primaryimage","url":"https:\/\/rsrmoto.ee\/wp-content\/uploads\/2024\/05\/xdoc0mbxwz1q2wny8e6psu6nzetv5hzf.webp","contentUrl":"https:\/\/rsrmoto.ee\/wp-content\/uploads\/2024\/05\/xdoc0mbxwz1q2wny8e6psu6nzetv5hzf.webp","width":1000,"height":1000},{"@type":"BreadcrumbList","@id":"https:\/\/rsrmoto.ee\/toode\/overall-rachel-bluelime\/#breadcrumb","itemListElement":[{"@type":"ListItem","position":1,"name":"Esileht","item":"https:\/\/rsrmoto.ee\/"},{"@type":"ListItem","position":2,"name":"Pood","item":"https:\/\/rsrmoto.ee\/pood\/"},{"@type":"ListItem","position":3,"name":"Kombinesoond &#8220;Rachel&#8221; Sinine-heleroheline"}]},{"@type":"WebSite","@id":"https:\/\/rsrmoto.ee\/#website","url":"https:\/\/rsrmoto.ee\/","name":"RSR Moto","description":"Kvalitseetsed matka- ja kalastusriided","publisher":{"@id":"https:\/\/rsrmoto.ee\/#organization"},"potentialAction":[{"@type":"SearchAction","target":{"@type":"EntryPoint","urlTemplate":"https:\/\/rsrmoto.ee\/?s={search_term_string}"},"query-input":{"@type":"PropertyValueSpecification","valueRequired":true,"valueName":"search_term_string"}}],"inLanguage":"en-GB"},{"@type":"Organization","@id":"https:\/\/rsrmoto.ee\/#organization","name":"RSR Moto","url":"https:\/\/rsrmoto.ee\/","logo":{"@type":"ImageObject","inLanguage":"en-GB","@id":"https:\/\/rsrmoto.ee\/#\/schema\/logo\/image\/","url":"https:\/\/www.rsrmoto.ee\/wp-content\/uploads\/2024\/05\/mountain-300x300-1.png","contentUrl":"https:\/\/www.rsrmoto.ee\/wp-content\/uploads\/2024\/05\/mountain-300x300-1.png","width":300,"height":300,"caption":"RSR Moto"},"image":{"@id":"https:\/\/rsrmoto.ee\/#\/schema\/logo\/image\/"}}]}},"_links":{"self":[{"href":"https:\/\/rsrmoto.ee\/en\/wp-json\/wp\/v2\/product\/3029","targetHints":{"allow":["GET"]}}],"collection":[{"href":"https:\/\/rsrmoto.ee\/en\/wp-json\/wp\/v2\/product"}],"about":[{"href":"https:\/\/rsrmoto.ee\/en\/wp-json\/wp\/v2\/types\/product"}],"wp:featuredmedia":[{"embeddable":true,"href":"https:\/\/rsrmoto.ee\/en\/wp-json\/wp\/v2\/media\/3040"}],"wp:attachment":[{"href":"https:\/\/rsrmoto.ee\/en\/wp-json\/wp\/v2\/media?parent=3029"}],"wp:term":[{"taxonomy":"product_brand","embeddable":true,"href":"https:\/\/rsrmoto.ee\/en\/wp-json\/wp\/v2\/product_brand?post=3029"},{"taxonomy":"product_cat","embeddable":true,"href":"https:\/\/rsrmoto.ee\/en\/wp-json\/wp\/v2\/product_cat?post=3029"},{"taxonomy":"product_tag","embeddable":true,"href":"https:\/\/rsrmoto.ee\/en\/wp-json\/wp\/v2\/product_tag?post=3029"}],"curies":[{"name":"wp","href":"https:\/\/api.w.org\/{rel}","templated":true}]}}