{"id":3106,"date":"2024-05-14T13:40:33","date_gmt":"2024-05-14T10:40:33","guid":{"rendered":"https:\/\/www.rsrmoto.ee\/?post_type=product&#038;p=3106"},"modified":"2024-06-13T15:57:34","modified_gmt":"2024-06-13T12:57:34","slug":"boots-blizzard-graphitepink","status":"publish","type":"product","link":"https:\/\/rsrmoto.ee\/en\/product\/boots-blizzard-graphitepink\/","title":{"rendered":"Jalatsid &#8220;Blizzard Graphite&#8221; Roosa"},"content":{"rendered":"<p>FINNTRAIL Blizzard saapad on tehnoloogiliselt v\u00e4ga arenenud ja t\u00f6\u00f6kindel toode mootorsaanihuvilistele, mis on loodud spetsiaalselt ekstreemsetes oludes kasutamiseks. Veekindel ja hingav HARD-TEX membraan<br \/>\n, mis on saapa sisse integreeritud, hoiab jalad kuivana ning isolatsioon tihedusega 1200 g\/m2 hoiab neid soojana ka k\u00f5ige madalamatel temperatuuridel.<\/p>","protected":false},"excerpt":{"rendered":"<p>See mudel on mootorsaanijalatsite turul hinna ja kvaliteedi kombinatsiooni poolest konkurentsitu.<\/p>","protected":false},"featured_media":3107,"template":"","meta":[],"product_brand":[],"product_cat":[33,30,23],"product_tag":[],"class_list":{"0":"post-3106","1":"product","2":"type-product","3":"status-publish","4":"has-post-thumbnail","6":"product_cat-jalatsid-naistele","7":"product_cat-lumi","8":"product_cat-naistele","10":"first","11":"instock","12":"taxable","13":"shipping-taxable","14":"purchasable","15":"product-type-variable"},"ct_brands":[],"yoast_head":"<!-- This site is optimized with the Yoast SEO plugin v27.3 - https:\/\/yoast.com\/product\/yoast-seo-wordpress\/ -->\n<title>Jalatsid &quot;Blizzard Graphite&quot; Roosa - RSR Moto<\/title>\n<meta name=\"description\" content=\"FINNTRAIL Blizzard saapad on tehnoloogiliselt v\u00e4ga arenenud ja t\u00f6\u00f6kindel toode mootorsaanihuvilistele, mis on loodud spetsiaalselt ekstreemsetes\" \/>\n<meta name=\"robots\" content=\"index, follow, max-snippet:-1, max-image-preview:large, max-video-preview:-1\" \/>\n<link rel=\"canonical\" href=\"https:\/\/rsrmoto.ee\/en\/product\/boots-blizzard-graphitepink\/\" \/>\n<meta property=\"og:locale\" content=\"en_GB\" \/>\n<meta property=\"og:type\" content=\"article\" \/>\n<meta property=\"og:title\" content=\"Jalatsid &quot;Blizzard Graphite&quot; Roosa - RSR Moto\" \/>\n<meta property=\"og:description\" content=\"FINNTRAIL Blizzard saapad on tehnoloogiliselt v\u00e4ga arenenud ja t\u00f6\u00f6kindel toode mootorsaanihuvilistele, mis on loodud spetsiaalselt ekstreemsetes\" \/>\n<meta property=\"og:url\" content=\"https:\/\/rsrmoto.ee\/en\/product\/boots-blizzard-graphitepink\/\" \/>\n<meta property=\"og:site_name\" content=\"RSR Moto\" \/>\n<meta property=\"article:modified_time\" content=\"2024-06-13T12:57:34+00:00\" \/>\n<meta property=\"og:image\" content=\"https:\/\/rsrmoto.ee\/wp-content\/uploads\/2024\/05\/jkw7r58akyg54ny8vy4l028sikpn7qxo.webp\" \/>\n\t<meta property=\"og:image:width\" content=\"1000\" \/>\n\t<meta property=\"og:image:height\" content=\"1000\" \/>\n\t<meta property=\"og:image:type\" content=\"image\/webp\" \/>\n<meta name=\"twitter:card\" content=\"summary_large_image\" \/>\n<meta name=\"twitter:label1\" content=\"Estimated reading time\" \/>\n\t<meta name=\"twitter:data1\" content=\"1 minute\" \/>\n<script type=\"application\/ld+json\" class=\"yoast-schema-graph\">{\"@context\":\"https:\\\/\\\/schema.org\",\"@graph\":[{\"@type\":\"WebPage\",\"@id\":\"https:\\\/\\\/rsrmoto.ee\\\/toode\\\/boots-blizzard-graphitepink\\\/\",\"url\":\"https:\\\/\\\/rsrmoto.ee\\\/toode\\\/boots-blizzard-graphitepink\\\/\",\"name\":\"Jalatsid \\\"Blizzard Graphite\\\" Roosa - RSR Moto\",\"isPartOf\":{\"@id\":\"https:\\\/\\\/rsrmoto.ee\\\/#website\"},\"primaryImageOfPage\":{\"@id\":\"https:\\\/\\\/rsrmoto.ee\\\/toode\\\/boots-blizzard-graphitepink\\\/#primaryimage\"},\"image\":{\"@id\":\"https:\\\/\\\/rsrmoto.ee\\\/toode\\\/boots-blizzard-graphitepink\\\/#primaryimage\"},\"thumbnailUrl\":\"https:\\\/\\\/rsrmoto.ee\\\/wp-content\\\/uploads\\\/2024\\\/05\\\/jkw7r58akyg54ny8vy4l028sikpn7qxo.webp\",\"datePublished\":\"2024-05-14T10:40:33+00:00\",\"dateModified\":\"2024-06-13T12:57:34+00:00\",\"description\":\"FINNTRAIL Blizzard saapad on tehnoloogiliselt v\u00e4ga arenenud ja t\u00f6\u00f6kindel toode mootorsaanihuvilistele, mis on loodud spetsiaalselt ekstreemsetes\",\"breadcrumb\":{\"@id\":\"https:\\\/\\\/rsrmoto.ee\\\/toode\\\/boots-blizzard-graphitepink\\\/#breadcrumb\"},\"inLanguage\":\"en-GB\",\"potentialAction\":[{\"@type\":\"ReadAction\",\"target\":[\"https:\\\/\\\/rsrmoto.ee\\\/toode\\\/boots-blizzard-graphitepink\\\/\"]}]},{\"@type\":\"ImageObject\",\"inLanguage\":\"en-GB\",\"@id\":\"https:\\\/\\\/rsrmoto.ee\\\/toode\\\/boots-blizzard-graphitepink\\\/#primaryimage\",\"url\":\"https:\\\/\\\/rsrmoto.ee\\\/wp-content\\\/uploads\\\/2024\\\/05\\\/jkw7r58akyg54ny8vy4l028sikpn7qxo.webp\",\"contentUrl\":\"https:\\\/\\\/rsrmoto.ee\\\/wp-content\\\/uploads\\\/2024\\\/05\\\/jkw7r58akyg54ny8vy4l028sikpn7qxo.webp\",\"width\":1000,\"height\":1000},{\"@type\":\"BreadcrumbList\",\"@id\":\"https:\\\/\\\/rsrmoto.ee\\\/toode\\\/boots-blizzard-graphitepink\\\/#breadcrumb\",\"itemListElement\":[{\"@type\":\"ListItem\",\"position\":1,\"name\":\"Esileht\",\"item\":\"https:\\\/\\\/rsrmoto.ee\\\/\"},{\"@type\":\"ListItem\",\"position\":2,\"name\":\"Pood\",\"item\":\"https:\\\/\\\/rsrmoto.ee\\\/pood\\\/\"},{\"@type\":\"ListItem\",\"position\":3,\"name\":\"Jalatsid &#8220;Blizzard Graphite&#8221; Roosa\"}]},{\"@type\":\"WebSite\",\"@id\":\"https:\\\/\\\/rsrmoto.ee\\\/#website\",\"url\":\"https:\\\/\\\/rsrmoto.ee\\\/\",\"name\":\"RSR Moto\",\"description\":\"Kvalitseetsed matka- ja kalastusriided\",\"publisher\":{\"@id\":\"https:\\\/\\\/rsrmoto.ee\\\/#organization\"},\"potentialAction\":[{\"@type\":\"SearchAction\",\"target\":{\"@type\":\"EntryPoint\",\"urlTemplate\":\"https:\\\/\\\/rsrmoto.ee\\\/?s={search_term_string}\"},\"query-input\":{\"@type\":\"PropertyValueSpecification\",\"valueRequired\":true,\"valueName\":\"search_term_string\"}}],\"inLanguage\":\"en-GB\"},{\"@type\":\"Organization\",\"@id\":\"https:\\\/\\\/rsrmoto.ee\\\/#organization\",\"name\":\"RSR Moto\",\"url\":\"https:\\\/\\\/rsrmoto.ee\\\/\",\"logo\":{\"@type\":\"ImageObject\",\"inLanguage\":\"en-GB\",\"@id\":\"https:\\\/\\\/rsrmoto.ee\\\/#\\\/schema\\\/logo\\\/image\\\/\",\"url\":\"https:\\\/\\\/www.rsrmoto.ee\\\/wp-content\\\/uploads\\\/2024\\\/05\\\/mountain-300x300-1.png\",\"contentUrl\":\"https:\\\/\\\/www.rsrmoto.ee\\\/wp-content\\\/uploads\\\/2024\\\/05\\\/mountain-300x300-1.png\",\"width\":300,\"height\":300,\"caption\":\"RSR Moto\"},\"image\":{\"@id\":\"https:\\\/\\\/rsrmoto.ee\\\/#\\\/schema\\\/logo\\\/image\\\/\"}}]}<\/script>\n<!-- \/ Yoast SEO plugin. -->","yoast_head_json":{"title":"Jalatsid \"Blizzard Graphite\" Roosa - RSR Moto","description":"FINNTRAIL Blizzard saapad on tehnoloogiliselt v\u00e4ga arenenud ja t\u00f6\u00f6kindel toode mootorsaanihuvilistele, mis on loodud spetsiaalselt ekstreemsetes","robots":{"index":"index","follow":"follow","max-snippet":"max-snippet:-1","max-image-preview":"max-image-preview:large","max-video-preview":"max-video-preview:-1"},"canonical":"https:\/\/rsrmoto.ee\/en\/product\/boots-blizzard-graphitepink\/","og_locale":"en_GB","og_type":"article","og_title":"Jalatsid \"Blizzard Graphite\" Roosa - RSR Moto","og_description":"FINNTRAIL Blizzard saapad on tehnoloogiliselt v\u00e4ga arenenud ja t\u00f6\u00f6kindel toode mootorsaanihuvilistele, mis on loodud spetsiaalselt ekstreemsetes","og_url":"https:\/\/rsrmoto.ee\/en\/product\/boots-blizzard-graphitepink\/","og_site_name":"RSR Moto","article_modified_time":"2024-06-13T12:57:34+00:00","og_image":[{"width":1000,"height":1000,"url":"https:\/\/rsrmoto.ee\/wp-content\/uploads\/2024\/05\/jkw7r58akyg54ny8vy4l028sikpn7qxo.webp","type":"image\/webp"}],"twitter_card":"summary_large_image","twitter_misc":{"Estimated reading time":"1 minute"},"schema":{"@context":"https:\/\/schema.org","@graph":[{"@type":"WebPage","@id":"https:\/\/rsrmoto.ee\/toode\/boots-blizzard-graphitepink\/","url":"https:\/\/rsrmoto.ee\/toode\/boots-blizzard-graphitepink\/","name":"Jalatsid \"Blizzard Graphite\" Roosa - RSR Moto","isPartOf":{"@id":"https:\/\/rsrmoto.ee\/#website"},"primaryImageOfPage":{"@id":"https:\/\/rsrmoto.ee\/toode\/boots-blizzard-graphitepink\/#primaryimage"},"image":{"@id":"https:\/\/rsrmoto.ee\/toode\/boots-blizzard-graphitepink\/#primaryimage"},"thumbnailUrl":"https:\/\/rsrmoto.ee\/wp-content\/uploads\/2024\/05\/jkw7r58akyg54ny8vy4l028sikpn7qxo.webp","datePublished":"2024-05-14T10:40:33+00:00","dateModified":"2024-06-13T12:57:34+00:00","description":"FINNTRAIL Blizzard saapad on tehnoloogiliselt v\u00e4ga arenenud ja t\u00f6\u00f6kindel toode mootorsaanihuvilistele, mis on loodud spetsiaalselt ekstreemsetes","breadcrumb":{"@id":"https:\/\/rsrmoto.ee\/toode\/boots-blizzard-graphitepink\/#breadcrumb"},"inLanguage":"en-GB","potentialAction":[{"@type":"ReadAction","target":["https:\/\/rsrmoto.ee\/toode\/boots-blizzard-graphitepink\/"]}]},{"@type":"ImageObject","inLanguage":"en-GB","@id":"https:\/\/rsrmoto.ee\/toode\/boots-blizzard-graphitepink\/#primaryimage","url":"https:\/\/rsrmoto.ee\/wp-content\/uploads\/2024\/05\/jkw7r58akyg54ny8vy4l028sikpn7qxo.webp","contentUrl":"https:\/\/rsrmoto.ee\/wp-content\/uploads\/2024\/05\/jkw7r58akyg54ny8vy4l028sikpn7qxo.webp","width":1000,"height":1000},{"@type":"BreadcrumbList","@id":"https:\/\/rsrmoto.ee\/toode\/boots-blizzard-graphitepink\/#breadcrumb","itemListElement":[{"@type":"ListItem","position":1,"name":"Esileht","item":"https:\/\/rsrmoto.ee\/"},{"@type":"ListItem","position":2,"name":"Pood","item":"https:\/\/rsrmoto.ee\/pood\/"},{"@type":"ListItem","position":3,"name":"Jalatsid &#8220;Blizzard Graphite&#8221; Roosa"}]},{"@type":"WebSite","@id":"https:\/\/rsrmoto.ee\/#website","url":"https:\/\/rsrmoto.ee\/","name":"RSR Moto","description":"Kvalitseetsed matka- ja kalastusriided","publisher":{"@id":"https:\/\/rsrmoto.ee\/#organization"},"potentialAction":[{"@type":"SearchAction","target":{"@type":"EntryPoint","urlTemplate":"https:\/\/rsrmoto.ee\/?s={search_term_string}"},"query-input":{"@type":"PropertyValueSpecification","valueRequired":true,"valueName":"search_term_string"}}],"inLanguage":"en-GB"},{"@type":"Organization","@id":"https:\/\/rsrmoto.ee\/#organization","name":"RSR Moto","url":"https:\/\/rsrmoto.ee\/","logo":{"@type":"ImageObject","inLanguage":"en-GB","@id":"https:\/\/rsrmoto.ee\/#\/schema\/logo\/image\/","url":"https:\/\/www.rsrmoto.ee\/wp-content\/uploads\/2024\/05\/mountain-300x300-1.png","contentUrl":"https:\/\/www.rsrmoto.ee\/wp-content\/uploads\/2024\/05\/mountain-300x300-1.png","width":300,"height":300,"caption":"RSR Moto"},"image":{"@id":"https:\/\/rsrmoto.ee\/#\/schema\/logo\/image\/"}}]}},"_links":{"self":[{"href":"https:\/\/rsrmoto.ee\/en\/wp-json\/wp\/v2\/product\/3106","targetHints":{"allow":["GET"]}}],"collection":[{"href":"https:\/\/rsrmoto.ee\/en\/wp-json\/wp\/v2\/product"}],"about":[{"href":"https:\/\/rsrmoto.ee\/en\/wp-json\/wp\/v2\/types\/product"}],"wp:featuredmedia":[{"embeddable":true,"href":"https:\/\/rsrmoto.ee\/en\/wp-json\/wp\/v2\/media\/3107"}],"wp:attachment":[{"href":"https:\/\/rsrmoto.ee\/en\/wp-json\/wp\/v2\/media?parent=3106"}],"wp:term":[{"taxonomy":"product_brand","embeddable":true,"href":"https:\/\/rsrmoto.ee\/en\/wp-json\/wp\/v2\/product_brand?post=3106"},{"taxonomy":"product_cat","embeddable":true,"href":"https:\/\/rsrmoto.ee\/en\/wp-json\/wp\/v2\/product_cat?post=3106"},{"taxonomy":"product_tag","embeddable":true,"href":"https:\/\/rsrmoto.ee\/en\/wp-json\/wp\/v2\/product_tag?post=3106"}],"curies":[{"name":"wp","href":"https:\/\/api.w.org\/{rel}","templated":true}]}}