{"id":3111,"date":"2024-05-14T14:22:10","date_gmt":"2024-05-14T11:22:10","guid":{"rendered":"https:\/\/www.rsrmoto.ee\/?post_type=product&#038;p=3111"},"modified":"2024-06-13T15:57:19","modified_gmt":"2024-06-13T12:57:19","slug":"boots-blizzard-graphite","status":"publish","type":"product","link":"https:\/\/rsrmoto.ee\/en\/product\/boots-blizzard-graphite\/","title":{"rendered":"Jalatsid &#8220;Blizzard Graphite&#8221;"},"content":{"rendered":"<p>Mootorsaani saapad Blizzard on m\u00f5eldud ekstreemsete ilmastikutingimuste jaoks. Nendel saapadel on vastupidav v\u00e4liskest ja eemaldatav isoleeritud sisesaabas, mis v\u00f5imaldab p\u00e4rast kasutamist kergesti kuivatada. V\u00e4liskestal on integreeritud Hard-Tex membraan. Saabaste ninaosa on t\u00e4iendava kaitse tagamiseks tugevdatud tugeva kummikattega. Saapadel on mugav pits reguleerimine, et need sobiksid ideaalselt. Tallal on EVA kiht, mis tagab maksimaalse pehmenduse, isolatsiooni ja stabiilsuse. Saabaste tagak\u00fcljel on ka lisaaas, mis h\u00f5lbustab jalga ja mahav\u00f5tmist.<\/p>\n<p>&nbsp;<\/p>","protected":false},"excerpt":{"rendered":"<p>Sisetesaapal on 1200g puuvillane isolatsioon, integreeritud HighLoft materjaliga jalaosa, mugav elastne keel ning Achilleuse k\u00f5\u00f5luse ja pahkluu tugis\u00fcsteem. Saapa tagak\u00fcljel on ka mugav aas. Nendel saapadel on elav ja sportlik disain, mis t\u00f5mbab kindlasti t\u00e4helepanu.<\/p>","protected":false},"featured_media":3127,"template":"","meta":[],"product_brand":[],"product_cat":[29,30,15],"product_tag":[],"class_list":{"0":"post-3111","1":"product","2":"type-product","3":"status-publish","4":"has-post-thumbnail","6":"product_cat-jalatsid","7":"product_cat-lumi","8":"product_cat-meestele","10":"first","11":"instock","12":"taxable","13":"shipping-taxable","14":"purchasable","15":"product-type-variable"},"ct_brands":[],"yoast_head":"<!-- This site is optimized with the Yoast SEO plugin v27.3 - https:\/\/yoast.com\/product\/yoast-seo-wordpress\/ -->\n<title>Jalatsid &quot;Blizzard Graphite&quot; - RSR Moto<\/title>\n<meta name=\"description\" content=\"Mootorsaani saapad Blizzard on m\u00f5eldud ekstreemsete ilmastikutingimuste jaoks. Nendel saapadel on vastupidav v\u00e4liskest ja eemaldatav isoleeritud sisesaabas,\" \/>\n<meta name=\"robots\" content=\"index, follow, max-snippet:-1, max-image-preview:large, max-video-preview:-1\" \/>\n<link rel=\"canonical\" href=\"https:\/\/rsrmoto.ee\/en\/product\/boots-blizzard-graphite\/\" \/>\n<meta property=\"og:locale\" content=\"en_GB\" \/>\n<meta property=\"og:type\" content=\"article\" \/>\n<meta property=\"og:title\" content=\"Jalatsid &quot;Blizzard Graphite&quot; - RSR Moto\" \/>\n<meta property=\"og:description\" content=\"Mootorsaani saapad Blizzard on m\u00f5eldud ekstreemsete ilmastikutingimuste jaoks. Nendel saapadel on vastupidav v\u00e4liskest ja eemaldatav isoleeritud sisesaabas,\" \/>\n<meta property=\"og:url\" content=\"https:\/\/rsrmoto.ee\/en\/product\/boots-blizzard-graphite\/\" \/>\n<meta property=\"og:site_name\" content=\"RSR Moto\" \/>\n<meta property=\"article:modified_time\" content=\"2024-06-13T12:57:19+00:00\" \/>\n<meta property=\"og:image\" content=\"https:\/\/rsrmoto.ee\/wp-content\/uploads\/2024\/05\/9pblf89418c4e0p0ux8jasnzt3h7njgd.webp\" \/>\n\t<meta property=\"og:image:width\" content=\"1200\" \/>\n\t<meta property=\"og:image:height\" content=\"1200\" \/>\n\t<meta property=\"og:image:type\" content=\"image\/webp\" \/>\n<meta name=\"twitter:card\" content=\"summary_large_image\" \/>\n<meta name=\"twitter:label1\" content=\"Estimated reading time\" \/>\n\t<meta name=\"twitter:data1\" content=\"1 minute\" \/>\n<script type=\"application\/ld+json\" class=\"yoast-schema-graph\">{\"@context\":\"https:\\\/\\\/schema.org\",\"@graph\":[{\"@type\":\"WebPage\",\"@id\":\"https:\\\/\\\/rsrmoto.ee\\\/toode\\\/boots-blizzard-graphite\\\/\",\"url\":\"https:\\\/\\\/rsrmoto.ee\\\/toode\\\/boots-blizzard-graphite\\\/\",\"name\":\"Jalatsid \\\"Blizzard Graphite\\\" - RSR Moto\",\"isPartOf\":{\"@id\":\"https:\\\/\\\/rsrmoto.ee\\\/#website\"},\"primaryImageOfPage\":{\"@id\":\"https:\\\/\\\/rsrmoto.ee\\\/toode\\\/boots-blizzard-graphite\\\/#primaryimage\"},\"image\":{\"@id\":\"https:\\\/\\\/rsrmoto.ee\\\/toode\\\/boots-blizzard-graphite\\\/#primaryimage\"},\"thumbnailUrl\":\"https:\\\/\\\/rsrmoto.ee\\\/wp-content\\\/uploads\\\/2024\\\/05\\\/9pblf89418c4e0p0ux8jasnzt3h7njgd.webp\",\"datePublished\":\"2024-05-14T11:22:10+00:00\",\"dateModified\":\"2024-06-13T12:57:19+00:00\",\"description\":\"Mootorsaani saapad Blizzard on m\u00f5eldud ekstreemsete ilmastikutingimuste jaoks. Nendel saapadel on vastupidav v\u00e4liskest ja eemaldatav isoleeritud sisesaabas,\",\"breadcrumb\":{\"@id\":\"https:\\\/\\\/rsrmoto.ee\\\/toode\\\/boots-blizzard-graphite\\\/#breadcrumb\"},\"inLanguage\":\"en-GB\",\"potentialAction\":[{\"@type\":\"ReadAction\",\"target\":[\"https:\\\/\\\/rsrmoto.ee\\\/toode\\\/boots-blizzard-graphite\\\/\"]}]},{\"@type\":\"ImageObject\",\"inLanguage\":\"en-GB\",\"@id\":\"https:\\\/\\\/rsrmoto.ee\\\/toode\\\/boots-blizzard-graphite\\\/#primaryimage\",\"url\":\"https:\\\/\\\/rsrmoto.ee\\\/wp-content\\\/uploads\\\/2024\\\/05\\\/9pblf89418c4e0p0ux8jasnzt3h7njgd.webp\",\"contentUrl\":\"https:\\\/\\\/rsrmoto.ee\\\/wp-content\\\/uploads\\\/2024\\\/05\\\/9pblf89418c4e0p0ux8jasnzt3h7njgd.webp\",\"width\":1200,\"height\":1200},{\"@type\":\"BreadcrumbList\",\"@id\":\"https:\\\/\\\/rsrmoto.ee\\\/toode\\\/boots-blizzard-graphite\\\/#breadcrumb\",\"itemListElement\":[{\"@type\":\"ListItem\",\"position\":1,\"name\":\"Esileht\",\"item\":\"https:\\\/\\\/rsrmoto.ee\\\/\"},{\"@type\":\"ListItem\",\"position\":2,\"name\":\"Pood\",\"item\":\"https:\\\/\\\/rsrmoto.ee\\\/pood\\\/\"},{\"@type\":\"ListItem\",\"position\":3,\"name\":\"Jalatsid &#8220;Blizzard Graphite&#8221;\"}]},{\"@type\":\"WebSite\",\"@id\":\"https:\\\/\\\/rsrmoto.ee\\\/#website\",\"url\":\"https:\\\/\\\/rsrmoto.ee\\\/\",\"name\":\"RSR Moto\",\"description\":\"Kvalitseetsed matka- ja kalastusriided\",\"publisher\":{\"@id\":\"https:\\\/\\\/rsrmoto.ee\\\/#organization\"},\"potentialAction\":[{\"@type\":\"SearchAction\",\"target\":{\"@type\":\"EntryPoint\",\"urlTemplate\":\"https:\\\/\\\/rsrmoto.ee\\\/?s={search_term_string}\"},\"query-input\":{\"@type\":\"PropertyValueSpecification\",\"valueRequired\":true,\"valueName\":\"search_term_string\"}}],\"inLanguage\":\"en-GB\"},{\"@type\":\"Organization\",\"@id\":\"https:\\\/\\\/rsrmoto.ee\\\/#organization\",\"name\":\"RSR Moto\",\"url\":\"https:\\\/\\\/rsrmoto.ee\\\/\",\"logo\":{\"@type\":\"ImageObject\",\"inLanguage\":\"en-GB\",\"@id\":\"https:\\\/\\\/rsrmoto.ee\\\/#\\\/schema\\\/logo\\\/image\\\/\",\"url\":\"https:\\\/\\\/www.rsrmoto.ee\\\/wp-content\\\/uploads\\\/2024\\\/05\\\/mountain-300x300-1.png\",\"contentUrl\":\"https:\\\/\\\/www.rsrmoto.ee\\\/wp-content\\\/uploads\\\/2024\\\/05\\\/mountain-300x300-1.png\",\"width\":300,\"height\":300,\"caption\":\"RSR Moto\"},\"image\":{\"@id\":\"https:\\\/\\\/rsrmoto.ee\\\/#\\\/schema\\\/logo\\\/image\\\/\"}}]}<\/script>\n<!-- \/ Yoast SEO plugin. -->","yoast_head_json":{"title":"Jalatsid \"Blizzard Graphite\" - RSR Moto","description":"Mootorsaani saapad Blizzard on m\u00f5eldud ekstreemsete ilmastikutingimuste jaoks. Nendel saapadel on vastupidav v\u00e4liskest ja eemaldatav isoleeritud sisesaabas,","robots":{"index":"index","follow":"follow","max-snippet":"max-snippet:-1","max-image-preview":"max-image-preview:large","max-video-preview":"max-video-preview:-1"},"canonical":"https:\/\/rsrmoto.ee\/en\/product\/boots-blizzard-graphite\/","og_locale":"en_GB","og_type":"article","og_title":"Jalatsid \"Blizzard Graphite\" - RSR Moto","og_description":"Mootorsaani saapad Blizzard on m\u00f5eldud ekstreemsete ilmastikutingimuste jaoks. Nendel saapadel on vastupidav v\u00e4liskest ja eemaldatav isoleeritud sisesaabas,","og_url":"https:\/\/rsrmoto.ee\/en\/product\/boots-blizzard-graphite\/","og_site_name":"RSR Moto","article_modified_time":"2024-06-13T12:57:19+00:00","og_image":[{"width":1200,"height":1200,"url":"https:\/\/rsrmoto.ee\/wp-content\/uploads\/2024\/05\/9pblf89418c4e0p0ux8jasnzt3h7njgd.webp","type":"image\/webp"}],"twitter_card":"summary_large_image","twitter_misc":{"Estimated reading time":"1 minute"},"schema":{"@context":"https:\/\/schema.org","@graph":[{"@type":"WebPage","@id":"https:\/\/rsrmoto.ee\/toode\/boots-blizzard-graphite\/","url":"https:\/\/rsrmoto.ee\/toode\/boots-blizzard-graphite\/","name":"Jalatsid \"Blizzard Graphite\" - RSR Moto","isPartOf":{"@id":"https:\/\/rsrmoto.ee\/#website"},"primaryImageOfPage":{"@id":"https:\/\/rsrmoto.ee\/toode\/boots-blizzard-graphite\/#primaryimage"},"image":{"@id":"https:\/\/rsrmoto.ee\/toode\/boots-blizzard-graphite\/#primaryimage"},"thumbnailUrl":"https:\/\/rsrmoto.ee\/wp-content\/uploads\/2024\/05\/9pblf89418c4e0p0ux8jasnzt3h7njgd.webp","datePublished":"2024-05-14T11:22:10+00:00","dateModified":"2024-06-13T12:57:19+00:00","description":"Mootorsaani saapad Blizzard on m\u00f5eldud ekstreemsete ilmastikutingimuste jaoks. Nendel saapadel on vastupidav v\u00e4liskest ja eemaldatav isoleeritud sisesaabas,","breadcrumb":{"@id":"https:\/\/rsrmoto.ee\/toode\/boots-blizzard-graphite\/#breadcrumb"},"inLanguage":"en-GB","potentialAction":[{"@type":"ReadAction","target":["https:\/\/rsrmoto.ee\/toode\/boots-blizzard-graphite\/"]}]},{"@type":"ImageObject","inLanguage":"en-GB","@id":"https:\/\/rsrmoto.ee\/toode\/boots-blizzard-graphite\/#primaryimage","url":"https:\/\/rsrmoto.ee\/wp-content\/uploads\/2024\/05\/9pblf89418c4e0p0ux8jasnzt3h7njgd.webp","contentUrl":"https:\/\/rsrmoto.ee\/wp-content\/uploads\/2024\/05\/9pblf89418c4e0p0ux8jasnzt3h7njgd.webp","width":1200,"height":1200},{"@type":"BreadcrumbList","@id":"https:\/\/rsrmoto.ee\/toode\/boots-blizzard-graphite\/#breadcrumb","itemListElement":[{"@type":"ListItem","position":1,"name":"Esileht","item":"https:\/\/rsrmoto.ee\/"},{"@type":"ListItem","position":2,"name":"Pood","item":"https:\/\/rsrmoto.ee\/pood\/"},{"@type":"ListItem","position":3,"name":"Jalatsid &#8220;Blizzard Graphite&#8221;"}]},{"@type":"WebSite","@id":"https:\/\/rsrmoto.ee\/#website","url":"https:\/\/rsrmoto.ee\/","name":"RSR Moto","description":"Kvalitseetsed matka- ja kalastusriided","publisher":{"@id":"https:\/\/rsrmoto.ee\/#organization"},"potentialAction":[{"@type":"SearchAction","target":{"@type":"EntryPoint","urlTemplate":"https:\/\/rsrmoto.ee\/?s={search_term_string}"},"query-input":{"@type":"PropertyValueSpecification","valueRequired":true,"valueName":"search_term_string"}}],"inLanguage":"en-GB"},{"@type":"Organization","@id":"https:\/\/rsrmoto.ee\/#organization","name":"RSR Moto","url":"https:\/\/rsrmoto.ee\/","logo":{"@type":"ImageObject","inLanguage":"en-GB","@id":"https:\/\/rsrmoto.ee\/#\/schema\/logo\/image\/","url":"https:\/\/www.rsrmoto.ee\/wp-content\/uploads\/2024\/05\/mountain-300x300-1.png","contentUrl":"https:\/\/www.rsrmoto.ee\/wp-content\/uploads\/2024\/05\/mountain-300x300-1.png","width":300,"height":300,"caption":"RSR Moto"},"image":{"@id":"https:\/\/rsrmoto.ee\/#\/schema\/logo\/image\/"}}]}},"_links":{"self":[{"href":"https:\/\/rsrmoto.ee\/en\/wp-json\/wp\/v2\/product\/3111","targetHints":{"allow":["GET"]}}],"collection":[{"href":"https:\/\/rsrmoto.ee\/en\/wp-json\/wp\/v2\/product"}],"about":[{"href":"https:\/\/rsrmoto.ee\/en\/wp-json\/wp\/v2\/types\/product"}],"wp:featuredmedia":[{"embeddable":true,"href":"https:\/\/rsrmoto.ee\/en\/wp-json\/wp\/v2\/media\/3127"}],"wp:attachment":[{"href":"https:\/\/rsrmoto.ee\/en\/wp-json\/wp\/v2\/media?parent=3111"}],"wp:term":[{"taxonomy":"product_brand","embeddable":true,"href":"https:\/\/rsrmoto.ee\/en\/wp-json\/wp\/v2\/product_brand?post=3111"},{"taxonomy":"product_cat","embeddable":true,"href":"https:\/\/rsrmoto.ee\/en\/wp-json\/wp\/v2\/product_cat?post=3111"},{"taxonomy":"product_tag","embeddable":true,"href":"https:\/\/rsrmoto.ee\/en\/wp-json\/wp\/v2\/product_tag?post=3111"}],"curies":[{"name":"wp","href":"https:\/\/api.w.org\/{rel}","templated":true}]}}