{"id":3175,"date":"2024-05-14T14:33:11","date_gmt":"2024-05-14T11:33:11","guid":{"rendered":"https:\/\/www.rsrmoto.ee\/?post_type=product&#038;p=3175"},"modified":"2024-06-13T15:56:22","modified_gmt":"2024-06-13T12:56:22","slug":"thermal-jacket-master-graphite","status":"publish","type":"product","link":"https:\/\/rsrmoto.ee\/en\/product\/thermal-jacket-master-graphite\/","title":{"rendered":"Termo jope &#8220;Master&#8221; Graphite"},"content":{"rendered":"<p>See termiline Master jope on \u00fclimalt soe ja kerge. Saate seda kasutada eriti sooja kihina ATV ja UTV s\u00f5itmisel v\u00f5i tavalise jopena linnas ringi liikudes. Tehnoloogiline DuPont Sorona\u00ae isolatsioon tagab parimad soojusomadused. Niiskuskindel pealiskangas kaitseb kerge vihma ja tuule eest. T\u00e4nu oma kergele kaalule ja kompaktsele suurusele saate jope h\u00f5lpsasti kanda k\u00f5ikjal, kus soovite. Soovitatav kanda koos ALL SEASON, THERMO-S v\u00f5i SUBZERO termopesuga.<\/p>\n<p>&nbsp;<\/p>","protected":false},"excerpt":{"rendered":"<p>Kerge ja pakitav<br \/>\nNiiskuskindel pealiskiht<br \/>\nTehnoloogiline DuPont Sorona\u00ae isolatsioon<\/p>","protected":false},"featured_media":3176,"template":"","meta":[],"product_brand":[],"product_cat":[28,15],"product_tag":[],"class_list":{"0":"post-3175","1":"product","2":"type-product","3":"status-publish","4":"has-post-thumbnail","6":"product_cat-jakid","7":"product_cat-meestele","9":"first","10":"instock","11":"taxable","12":"shipping-taxable","13":"purchasable","14":"product-type-variable"},"ct_brands":[],"yoast_head":"<!-- This site is optimized with the Yoast SEO plugin v27.3 - https:\/\/yoast.com\/product\/yoast-seo-wordpress\/ -->\n<title>Termo jope &quot;Master&quot; Graphite - RSR Moto<\/title>\n<meta name=\"description\" content=\"See termiline Master jope on \u00fclimalt soe ja kerge. Saate seda kasutada eriti sooja kihina ATV ja UTV s\u00f5itmisel v\u00f5i tavalise jopena linnas ringi liikudes.\" \/>\n<meta name=\"robots\" content=\"index, follow, max-snippet:-1, max-image-preview:large, max-video-preview:-1\" \/>\n<link rel=\"canonical\" href=\"https:\/\/rsrmoto.ee\/en\/product\/thermal-jacket-master-graphite\/\" \/>\n<meta property=\"og:locale\" content=\"en_GB\" \/>\n<meta property=\"og:type\" content=\"article\" \/>\n<meta property=\"og:title\" content=\"Termo jope &quot;Master&quot; Graphite - RSR Moto\" \/>\n<meta property=\"og:description\" content=\"See termiline Master jope on \u00fclimalt soe ja kerge. Saate seda kasutada eriti sooja kihina ATV ja UTV s\u00f5itmisel v\u00f5i tavalise jopena linnas ringi liikudes.\" \/>\n<meta property=\"og:url\" content=\"https:\/\/rsrmoto.ee\/en\/product\/thermal-jacket-master-graphite\/\" \/>\n<meta property=\"og:site_name\" content=\"RSR Moto\" \/>\n<meta property=\"article:modified_time\" content=\"2024-06-13T12:56:22+00:00\" \/>\n<meta property=\"og:image\" content=\"https:\/\/rsrmoto.ee\/wp-content\/uploads\/2024\/05\/cwvpdyad7510adrraivnbrw605jces92.jpg\" \/>\n\t<meta property=\"og:image:width\" content=\"1000\" \/>\n\t<meta property=\"og:image:height\" content=\"1000\" \/>\n\t<meta property=\"og:image:type\" content=\"image\/jpeg\" \/>\n<meta name=\"twitter:card\" content=\"summary_large_image\" \/>\n<meta name=\"twitter:label1\" content=\"Estimated reading time\" \/>\n\t<meta name=\"twitter:data1\" content=\"1 minute\" \/>\n<script type=\"application\/ld+json\" class=\"yoast-schema-graph\">{\"@context\":\"https:\\\/\\\/schema.org\",\"@graph\":[{\"@type\":\"WebPage\",\"@id\":\"https:\\\/\\\/rsrmoto.ee\\\/toode\\\/thermal-jacket-master-graphite\\\/\",\"url\":\"https:\\\/\\\/rsrmoto.ee\\\/toode\\\/thermal-jacket-master-graphite\\\/\",\"name\":\"Termo jope \\\"Master\\\" Graphite - RSR Moto\",\"isPartOf\":{\"@id\":\"https:\\\/\\\/rsrmoto.ee\\\/#website\"},\"primaryImageOfPage\":{\"@id\":\"https:\\\/\\\/rsrmoto.ee\\\/toode\\\/thermal-jacket-master-graphite\\\/#primaryimage\"},\"image\":{\"@id\":\"https:\\\/\\\/rsrmoto.ee\\\/toode\\\/thermal-jacket-master-graphite\\\/#primaryimage\"},\"thumbnailUrl\":\"https:\\\/\\\/rsrmoto.ee\\\/wp-content\\\/uploads\\\/2024\\\/05\\\/cwvpdyad7510adrraivnbrw605jces92.jpg\",\"datePublished\":\"2024-05-14T11:33:11+00:00\",\"dateModified\":\"2024-06-13T12:56:22+00:00\",\"description\":\"See termiline Master jope on \u00fclimalt soe ja kerge. Saate seda kasutada eriti sooja kihina ATV ja UTV s\u00f5itmisel v\u00f5i tavalise jopena linnas ringi liikudes.\",\"breadcrumb\":{\"@id\":\"https:\\\/\\\/rsrmoto.ee\\\/toode\\\/thermal-jacket-master-graphite\\\/#breadcrumb\"},\"inLanguage\":\"en-GB\",\"potentialAction\":[{\"@type\":\"ReadAction\",\"target\":[\"https:\\\/\\\/rsrmoto.ee\\\/toode\\\/thermal-jacket-master-graphite\\\/\"]}]},{\"@type\":\"ImageObject\",\"inLanguage\":\"en-GB\",\"@id\":\"https:\\\/\\\/rsrmoto.ee\\\/toode\\\/thermal-jacket-master-graphite\\\/#primaryimage\",\"url\":\"https:\\\/\\\/rsrmoto.ee\\\/wp-content\\\/uploads\\\/2024\\\/05\\\/cwvpdyad7510adrraivnbrw605jces92.jpg\",\"contentUrl\":\"https:\\\/\\\/rsrmoto.ee\\\/wp-content\\\/uploads\\\/2024\\\/05\\\/cwvpdyad7510adrraivnbrw605jces92.jpg\",\"width\":1000,\"height\":1000},{\"@type\":\"BreadcrumbList\",\"@id\":\"https:\\\/\\\/rsrmoto.ee\\\/toode\\\/thermal-jacket-master-graphite\\\/#breadcrumb\",\"itemListElement\":[{\"@type\":\"ListItem\",\"position\":1,\"name\":\"Esileht\",\"item\":\"https:\\\/\\\/rsrmoto.ee\\\/\"},{\"@type\":\"ListItem\",\"position\":2,\"name\":\"Pood\",\"item\":\"https:\\\/\\\/rsrmoto.ee\\\/pood\\\/\"},{\"@type\":\"ListItem\",\"position\":3,\"name\":\"Termo jope &#8220;Master&#8221; Graphite\"}]},{\"@type\":\"WebSite\",\"@id\":\"https:\\\/\\\/rsrmoto.ee\\\/#website\",\"url\":\"https:\\\/\\\/rsrmoto.ee\\\/\",\"name\":\"RSR Moto\",\"description\":\"Kvalitseetsed matka- ja kalastusriided\",\"publisher\":{\"@id\":\"https:\\\/\\\/rsrmoto.ee\\\/#organization\"},\"potentialAction\":[{\"@type\":\"SearchAction\",\"target\":{\"@type\":\"EntryPoint\",\"urlTemplate\":\"https:\\\/\\\/rsrmoto.ee\\\/?s={search_term_string}\"},\"query-input\":{\"@type\":\"PropertyValueSpecification\",\"valueRequired\":true,\"valueName\":\"search_term_string\"}}],\"inLanguage\":\"en-GB\"},{\"@type\":\"Organization\",\"@id\":\"https:\\\/\\\/rsrmoto.ee\\\/#organization\",\"name\":\"RSR Moto\",\"url\":\"https:\\\/\\\/rsrmoto.ee\\\/\",\"logo\":{\"@type\":\"ImageObject\",\"inLanguage\":\"en-GB\",\"@id\":\"https:\\\/\\\/rsrmoto.ee\\\/#\\\/schema\\\/logo\\\/image\\\/\",\"url\":\"https:\\\/\\\/www.rsrmoto.ee\\\/wp-content\\\/uploads\\\/2024\\\/05\\\/mountain-300x300-1.png\",\"contentUrl\":\"https:\\\/\\\/www.rsrmoto.ee\\\/wp-content\\\/uploads\\\/2024\\\/05\\\/mountain-300x300-1.png\",\"width\":300,\"height\":300,\"caption\":\"RSR Moto\"},\"image\":{\"@id\":\"https:\\\/\\\/rsrmoto.ee\\\/#\\\/schema\\\/logo\\\/image\\\/\"}}]}<\/script>\n<!-- \/ Yoast SEO plugin. -->","yoast_head_json":{"title":"Termo jope \"Master\" Graphite - RSR Moto","description":"See termiline Master jope on \u00fclimalt soe ja kerge. Saate seda kasutada eriti sooja kihina ATV ja UTV s\u00f5itmisel v\u00f5i tavalise jopena linnas ringi liikudes.","robots":{"index":"index","follow":"follow","max-snippet":"max-snippet:-1","max-image-preview":"max-image-preview:large","max-video-preview":"max-video-preview:-1"},"canonical":"https:\/\/rsrmoto.ee\/en\/product\/thermal-jacket-master-graphite\/","og_locale":"en_GB","og_type":"article","og_title":"Termo jope \"Master\" Graphite - RSR Moto","og_description":"See termiline Master jope on \u00fclimalt soe ja kerge. Saate seda kasutada eriti sooja kihina ATV ja UTV s\u00f5itmisel v\u00f5i tavalise jopena linnas ringi liikudes.","og_url":"https:\/\/rsrmoto.ee\/en\/product\/thermal-jacket-master-graphite\/","og_site_name":"RSR Moto","article_modified_time":"2024-06-13T12:56:22+00:00","og_image":[{"width":1000,"height":1000,"url":"https:\/\/rsrmoto.ee\/wp-content\/uploads\/2024\/05\/cwvpdyad7510adrraivnbrw605jces92.jpg","type":"image\/jpeg"}],"twitter_card":"summary_large_image","twitter_misc":{"Estimated reading time":"1 minute"},"schema":{"@context":"https:\/\/schema.org","@graph":[{"@type":"WebPage","@id":"https:\/\/rsrmoto.ee\/toode\/thermal-jacket-master-graphite\/","url":"https:\/\/rsrmoto.ee\/toode\/thermal-jacket-master-graphite\/","name":"Termo jope \"Master\" Graphite - RSR Moto","isPartOf":{"@id":"https:\/\/rsrmoto.ee\/#website"},"primaryImageOfPage":{"@id":"https:\/\/rsrmoto.ee\/toode\/thermal-jacket-master-graphite\/#primaryimage"},"image":{"@id":"https:\/\/rsrmoto.ee\/toode\/thermal-jacket-master-graphite\/#primaryimage"},"thumbnailUrl":"https:\/\/rsrmoto.ee\/wp-content\/uploads\/2024\/05\/cwvpdyad7510adrraivnbrw605jces92.jpg","datePublished":"2024-05-14T11:33:11+00:00","dateModified":"2024-06-13T12:56:22+00:00","description":"See termiline Master jope on \u00fclimalt soe ja kerge. Saate seda kasutada eriti sooja kihina ATV ja UTV s\u00f5itmisel v\u00f5i tavalise jopena linnas ringi liikudes.","breadcrumb":{"@id":"https:\/\/rsrmoto.ee\/toode\/thermal-jacket-master-graphite\/#breadcrumb"},"inLanguage":"en-GB","potentialAction":[{"@type":"ReadAction","target":["https:\/\/rsrmoto.ee\/toode\/thermal-jacket-master-graphite\/"]}]},{"@type":"ImageObject","inLanguage":"en-GB","@id":"https:\/\/rsrmoto.ee\/toode\/thermal-jacket-master-graphite\/#primaryimage","url":"https:\/\/rsrmoto.ee\/wp-content\/uploads\/2024\/05\/cwvpdyad7510adrraivnbrw605jces92.jpg","contentUrl":"https:\/\/rsrmoto.ee\/wp-content\/uploads\/2024\/05\/cwvpdyad7510adrraivnbrw605jces92.jpg","width":1000,"height":1000},{"@type":"BreadcrumbList","@id":"https:\/\/rsrmoto.ee\/toode\/thermal-jacket-master-graphite\/#breadcrumb","itemListElement":[{"@type":"ListItem","position":1,"name":"Esileht","item":"https:\/\/rsrmoto.ee\/"},{"@type":"ListItem","position":2,"name":"Pood","item":"https:\/\/rsrmoto.ee\/pood\/"},{"@type":"ListItem","position":3,"name":"Termo jope &#8220;Master&#8221; Graphite"}]},{"@type":"WebSite","@id":"https:\/\/rsrmoto.ee\/#website","url":"https:\/\/rsrmoto.ee\/","name":"RSR Moto","description":"Kvalitseetsed matka- ja kalastusriided","publisher":{"@id":"https:\/\/rsrmoto.ee\/#organization"},"potentialAction":[{"@type":"SearchAction","target":{"@type":"EntryPoint","urlTemplate":"https:\/\/rsrmoto.ee\/?s={search_term_string}"},"query-input":{"@type":"PropertyValueSpecification","valueRequired":true,"valueName":"search_term_string"}}],"inLanguage":"en-GB"},{"@type":"Organization","@id":"https:\/\/rsrmoto.ee\/#organization","name":"RSR Moto","url":"https:\/\/rsrmoto.ee\/","logo":{"@type":"ImageObject","inLanguage":"en-GB","@id":"https:\/\/rsrmoto.ee\/#\/schema\/logo\/image\/","url":"https:\/\/www.rsrmoto.ee\/wp-content\/uploads\/2024\/05\/mountain-300x300-1.png","contentUrl":"https:\/\/www.rsrmoto.ee\/wp-content\/uploads\/2024\/05\/mountain-300x300-1.png","width":300,"height":300,"caption":"RSR Moto"},"image":{"@id":"https:\/\/rsrmoto.ee\/#\/schema\/logo\/image\/"}}]}},"_links":{"self":[{"href":"https:\/\/rsrmoto.ee\/en\/wp-json\/wp\/v2\/product\/3175","targetHints":{"allow":["GET"]}}],"collection":[{"href":"https:\/\/rsrmoto.ee\/en\/wp-json\/wp\/v2\/product"}],"about":[{"href":"https:\/\/rsrmoto.ee\/en\/wp-json\/wp\/v2\/types\/product"}],"wp:featuredmedia":[{"embeddable":true,"href":"https:\/\/rsrmoto.ee\/en\/wp-json\/wp\/v2\/media\/3176"}],"wp:attachment":[{"href":"https:\/\/rsrmoto.ee\/en\/wp-json\/wp\/v2\/media?parent=3175"}],"wp:term":[{"taxonomy":"product_brand","embeddable":true,"href":"https:\/\/rsrmoto.ee\/en\/wp-json\/wp\/v2\/product_brand?post=3175"},{"taxonomy":"product_cat","embeddable":true,"href":"https:\/\/rsrmoto.ee\/en\/wp-json\/wp\/v2\/product_cat?post=3175"},{"taxonomy":"product_tag","embeddable":true,"href":"https:\/\/rsrmoto.ee\/en\/wp-json\/wp\/v2\/product_tag?post=3175"}],"curies":[{"name":"wp","href":"https:\/\/api.w.org\/{rel}","templated":true}]}}