{"id":3196,"date":"2024-05-14T14:44:15","date_gmt":"2024-05-14T11:44:15","guid":{"rendered":"https:\/\/www.rsrmoto.ee\/?post_type=product&#038;p=3196"},"modified":"2024-06-13T15:56:06","modified_gmt":"2024-06-13T12:56:06","slug":"thermal-jacket-master-hood-darkblue","status":"publish","type":"product","link":"https:\/\/rsrmoto.ee\/en\/product\/thermal-jacket-master-hood-darkblue\/","title":{"rendered":"Termo jope &#8220;Master Hood&#8221; Tumesinine"},"content":{"rendered":"<p>Kerge isoleeritud kapuutsiga jakk toimib laitmatult isoleeriva vahekihina v\u00f5i seda saab kanda trendika \u00fcler\u00f5ivana. Kasutades tipptasemel DuPont Sorona\u00ae isolatsiooni, tagab see jope optimaalse soojusjaotuse ilma mahus j\u00e4releandmisi tegemata. Selle pealiskangas on m\u00e4rkimisv\u00e4\u00e4rsete vetth\u00fclgavate omadustega, tagades vankumatu kaitse kerge vihma ja tuuleiilide eest. Jopel on mugav pakitav funktsioon, mis h\u00f5lbustab teie reisipagasis probleemivaba hoiukohta.<\/p>\n<p>&nbsp;<\/p>","protected":false},"excerpt":{"rendered":"<p>Kerge ja pakitav<br \/>\n200 g\/m\u00b2 DuPont Sorona\u00ae isolatsioon<br \/>\nMugav kanda kapuutsiga jope<\/p>","protected":false},"featured_media":3198,"template":"","meta":[],"product_brand":[],"product_cat":[28,15],"product_tag":[],"class_list":{"0":"post-3196","1":"product","2":"type-product","3":"status-publish","4":"has-post-thumbnail","6":"product_cat-jakid","7":"product_cat-meestele","9":"first","10":"instock","11":"taxable","12":"shipping-taxable","13":"purchasable","14":"product-type-variable"},"ct_brands":[],"yoast_head":"<!-- This site is optimized with the Yoast SEO plugin v27.3 - https:\/\/yoast.com\/product\/yoast-seo-wordpress\/ -->\n<title>Termo jope &quot;Master Hood&quot; Tumesinine - RSR Moto<\/title>\n<meta name=\"description\" content=\"Kerge isoleeritud kapuutsiga jakk toimib laitmatult isoleeriva vahekihina v\u00f5i seda saab kanda trendika \u00fcler\u00f5ivana. Kasutades tipptasemel DuPont Sorona\u00ae\" \/>\n<meta name=\"robots\" content=\"index, follow, max-snippet:-1, max-image-preview:large, max-video-preview:-1\" \/>\n<link rel=\"canonical\" href=\"https:\/\/rsrmoto.ee\/en\/product\/thermal-jacket-master-hood-darkblue\/\" \/>\n<meta property=\"og:locale\" content=\"en_GB\" \/>\n<meta property=\"og:type\" content=\"article\" \/>\n<meta property=\"og:title\" content=\"Termo jope &quot;Master Hood&quot; Tumesinine - RSR Moto\" \/>\n<meta property=\"og:description\" content=\"Kerge isoleeritud kapuutsiga jakk toimib laitmatult isoleeriva vahekihina v\u00f5i seda saab kanda trendika \u00fcler\u00f5ivana. Kasutades tipptasemel DuPont Sorona\u00ae\" \/>\n<meta property=\"og:url\" content=\"https:\/\/rsrmoto.ee\/en\/product\/thermal-jacket-master-hood-darkblue\/\" \/>\n<meta property=\"og:site_name\" content=\"RSR Moto\" \/>\n<meta property=\"article:modified_time\" content=\"2024-06-13T12:56:06+00:00\" \/>\n<meta property=\"og:image\" content=\"https:\/\/rsrmoto.ee\/wp-content\/uploads\/2024\/05\/0et2rbt496uwq6ow0d2s244ilfl5wjef.webp\" \/>\n\t<meta property=\"og:image:width\" content=\"1000\" \/>\n\t<meta property=\"og:image:height\" content=\"1000\" \/>\n\t<meta property=\"og:image:type\" content=\"image\/webp\" \/>\n<meta name=\"twitter:card\" content=\"summary_large_image\" \/>\n<meta name=\"twitter:label1\" content=\"Estimated reading time\" \/>\n\t<meta name=\"twitter:data1\" content=\"1 minute\" \/>\n<script type=\"application\/ld+json\" class=\"yoast-schema-graph\">{\"@context\":\"https:\\\/\\\/schema.org\",\"@graph\":[{\"@type\":\"WebPage\",\"@id\":\"https:\\\/\\\/rsrmoto.ee\\\/toode\\\/thermal-jacket-master-hood-darkblue\\\/\",\"url\":\"https:\\\/\\\/rsrmoto.ee\\\/toode\\\/thermal-jacket-master-hood-darkblue\\\/\",\"name\":\"Termo jope \\\"Master Hood\\\" Tumesinine - RSR Moto\",\"isPartOf\":{\"@id\":\"https:\\\/\\\/rsrmoto.ee\\\/#website\"},\"primaryImageOfPage\":{\"@id\":\"https:\\\/\\\/rsrmoto.ee\\\/toode\\\/thermal-jacket-master-hood-darkblue\\\/#primaryimage\"},\"image\":{\"@id\":\"https:\\\/\\\/rsrmoto.ee\\\/toode\\\/thermal-jacket-master-hood-darkblue\\\/#primaryimage\"},\"thumbnailUrl\":\"https:\\\/\\\/rsrmoto.ee\\\/wp-content\\\/uploads\\\/2024\\\/05\\\/0et2rbt496uwq6ow0d2s244ilfl5wjef.webp\",\"datePublished\":\"2024-05-14T11:44:15+00:00\",\"dateModified\":\"2024-06-13T12:56:06+00:00\",\"description\":\"Kerge isoleeritud kapuutsiga jakk toimib laitmatult isoleeriva vahekihina v\u00f5i seda saab kanda trendika \u00fcler\u00f5ivana. Kasutades tipptasemel DuPont Sorona\u00ae\",\"breadcrumb\":{\"@id\":\"https:\\\/\\\/rsrmoto.ee\\\/toode\\\/thermal-jacket-master-hood-darkblue\\\/#breadcrumb\"},\"inLanguage\":\"en-GB\",\"potentialAction\":[{\"@type\":\"ReadAction\",\"target\":[\"https:\\\/\\\/rsrmoto.ee\\\/toode\\\/thermal-jacket-master-hood-darkblue\\\/\"]}]},{\"@type\":\"ImageObject\",\"inLanguage\":\"en-GB\",\"@id\":\"https:\\\/\\\/rsrmoto.ee\\\/toode\\\/thermal-jacket-master-hood-darkblue\\\/#primaryimage\",\"url\":\"https:\\\/\\\/rsrmoto.ee\\\/wp-content\\\/uploads\\\/2024\\\/05\\\/0et2rbt496uwq6ow0d2s244ilfl5wjef.webp\",\"contentUrl\":\"https:\\\/\\\/rsrmoto.ee\\\/wp-content\\\/uploads\\\/2024\\\/05\\\/0et2rbt496uwq6ow0d2s244ilfl5wjef.webp\",\"width\":1000,\"height\":1000},{\"@type\":\"BreadcrumbList\",\"@id\":\"https:\\\/\\\/rsrmoto.ee\\\/toode\\\/thermal-jacket-master-hood-darkblue\\\/#breadcrumb\",\"itemListElement\":[{\"@type\":\"ListItem\",\"position\":1,\"name\":\"Esileht\",\"item\":\"https:\\\/\\\/rsrmoto.ee\\\/\"},{\"@type\":\"ListItem\",\"position\":2,\"name\":\"Pood\",\"item\":\"https:\\\/\\\/rsrmoto.ee\\\/pood\\\/\"},{\"@type\":\"ListItem\",\"position\":3,\"name\":\"Termo jope &#8220;Master Hood&#8221; Tumesinine\"}]},{\"@type\":\"WebSite\",\"@id\":\"https:\\\/\\\/rsrmoto.ee\\\/#website\",\"url\":\"https:\\\/\\\/rsrmoto.ee\\\/\",\"name\":\"RSR Moto\",\"description\":\"Kvalitseetsed matka- ja kalastusriided\",\"publisher\":{\"@id\":\"https:\\\/\\\/rsrmoto.ee\\\/#organization\"},\"potentialAction\":[{\"@type\":\"SearchAction\",\"target\":{\"@type\":\"EntryPoint\",\"urlTemplate\":\"https:\\\/\\\/rsrmoto.ee\\\/?s={search_term_string}\"},\"query-input\":{\"@type\":\"PropertyValueSpecification\",\"valueRequired\":true,\"valueName\":\"search_term_string\"}}],\"inLanguage\":\"en-GB\"},{\"@type\":\"Organization\",\"@id\":\"https:\\\/\\\/rsrmoto.ee\\\/#organization\",\"name\":\"RSR Moto\",\"url\":\"https:\\\/\\\/rsrmoto.ee\\\/\",\"logo\":{\"@type\":\"ImageObject\",\"inLanguage\":\"en-GB\",\"@id\":\"https:\\\/\\\/rsrmoto.ee\\\/#\\\/schema\\\/logo\\\/image\\\/\",\"url\":\"https:\\\/\\\/www.rsrmoto.ee\\\/wp-content\\\/uploads\\\/2024\\\/05\\\/mountain-300x300-1.png\",\"contentUrl\":\"https:\\\/\\\/www.rsrmoto.ee\\\/wp-content\\\/uploads\\\/2024\\\/05\\\/mountain-300x300-1.png\",\"width\":300,\"height\":300,\"caption\":\"RSR Moto\"},\"image\":{\"@id\":\"https:\\\/\\\/rsrmoto.ee\\\/#\\\/schema\\\/logo\\\/image\\\/\"}}]}<\/script>\n<!-- \/ Yoast SEO plugin. -->","yoast_head_json":{"title":"Termo jope \"Master Hood\" Tumesinine - RSR Moto","description":"Kerge isoleeritud kapuutsiga jakk toimib laitmatult isoleeriva vahekihina v\u00f5i seda saab kanda trendika \u00fcler\u00f5ivana. Kasutades tipptasemel DuPont Sorona\u00ae","robots":{"index":"index","follow":"follow","max-snippet":"max-snippet:-1","max-image-preview":"max-image-preview:large","max-video-preview":"max-video-preview:-1"},"canonical":"https:\/\/rsrmoto.ee\/en\/product\/thermal-jacket-master-hood-darkblue\/","og_locale":"en_GB","og_type":"article","og_title":"Termo jope \"Master Hood\" Tumesinine - RSR Moto","og_description":"Kerge isoleeritud kapuutsiga jakk toimib laitmatult isoleeriva vahekihina v\u00f5i seda saab kanda trendika \u00fcler\u00f5ivana. Kasutades tipptasemel DuPont Sorona\u00ae","og_url":"https:\/\/rsrmoto.ee\/en\/product\/thermal-jacket-master-hood-darkblue\/","og_site_name":"RSR Moto","article_modified_time":"2024-06-13T12:56:06+00:00","og_image":[{"width":1000,"height":1000,"url":"https:\/\/rsrmoto.ee\/wp-content\/uploads\/2024\/05\/0et2rbt496uwq6ow0d2s244ilfl5wjef.webp","type":"image\/webp"}],"twitter_card":"summary_large_image","twitter_misc":{"Estimated reading time":"1 minute"},"schema":{"@context":"https:\/\/schema.org","@graph":[{"@type":"WebPage","@id":"https:\/\/rsrmoto.ee\/toode\/thermal-jacket-master-hood-darkblue\/","url":"https:\/\/rsrmoto.ee\/toode\/thermal-jacket-master-hood-darkblue\/","name":"Termo jope \"Master Hood\" Tumesinine - RSR Moto","isPartOf":{"@id":"https:\/\/rsrmoto.ee\/#website"},"primaryImageOfPage":{"@id":"https:\/\/rsrmoto.ee\/toode\/thermal-jacket-master-hood-darkblue\/#primaryimage"},"image":{"@id":"https:\/\/rsrmoto.ee\/toode\/thermal-jacket-master-hood-darkblue\/#primaryimage"},"thumbnailUrl":"https:\/\/rsrmoto.ee\/wp-content\/uploads\/2024\/05\/0et2rbt496uwq6ow0d2s244ilfl5wjef.webp","datePublished":"2024-05-14T11:44:15+00:00","dateModified":"2024-06-13T12:56:06+00:00","description":"Kerge isoleeritud kapuutsiga jakk toimib laitmatult isoleeriva vahekihina v\u00f5i seda saab kanda trendika \u00fcler\u00f5ivana. Kasutades tipptasemel DuPont Sorona\u00ae","breadcrumb":{"@id":"https:\/\/rsrmoto.ee\/toode\/thermal-jacket-master-hood-darkblue\/#breadcrumb"},"inLanguage":"en-GB","potentialAction":[{"@type":"ReadAction","target":["https:\/\/rsrmoto.ee\/toode\/thermal-jacket-master-hood-darkblue\/"]}]},{"@type":"ImageObject","inLanguage":"en-GB","@id":"https:\/\/rsrmoto.ee\/toode\/thermal-jacket-master-hood-darkblue\/#primaryimage","url":"https:\/\/rsrmoto.ee\/wp-content\/uploads\/2024\/05\/0et2rbt496uwq6ow0d2s244ilfl5wjef.webp","contentUrl":"https:\/\/rsrmoto.ee\/wp-content\/uploads\/2024\/05\/0et2rbt496uwq6ow0d2s244ilfl5wjef.webp","width":1000,"height":1000},{"@type":"BreadcrumbList","@id":"https:\/\/rsrmoto.ee\/toode\/thermal-jacket-master-hood-darkblue\/#breadcrumb","itemListElement":[{"@type":"ListItem","position":1,"name":"Esileht","item":"https:\/\/rsrmoto.ee\/"},{"@type":"ListItem","position":2,"name":"Pood","item":"https:\/\/rsrmoto.ee\/pood\/"},{"@type":"ListItem","position":3,"name":"Termo jope &#8220;Master Hood&#8221; Tumesinine"}]},{"@type":"WebSite","@id":"https:\/\/rsrmoto.ee\/#website","url":"https:\/\/rsrmoto.ee\/","name":"RSR Moto","description":"Kvalitseetsed matka- ja kalastusriided","publisher":{"@id":"https:\/\/rsrmoto.ee\/#organization"},"potentialAction":[{"@type":"SearchAction","target":{"@type":"EntryPoint","urlTemplate":"https:\/\/rsrmoto.ee\/?s={search_term_string}"},"query-input":{"@type":"PropertyValueSpecification","valueRequired":true,"valueName":"search_term_string"}}],"inLanguage":"en-GB"},{"@type":"Organization","@id":"https:\/\/rsrmoto.ee\/#organization","name":"RSR Moto","url":"https:\/\/rsrmoto.ee\/","logo":{"@type":"ImageObject","inLanguage":"en-GB","@id":"https:\/\/rsrmoto.ee\/#\/schema\/logo\/image\/","url":"https:\/\/www.rsrmoto.ee\/wp-content\/uploads\/2024\/05\/mountain-300x300-1.png","contentUrl":"https:\/\/www.rsrmoto.ee\/wp-content\/uploads\/2024\/05\/mountain-300x300-1.png","width":300,"height":300,"caption":"RSR Moto"},"image":{"@id":"https:\/\/rsrmoto.ee\/#\/schema\/logo\/image\/"}}]}},"_links":{"self":[{"href":"https:\/\/rsrmoto.ee\/en\/wp-json\/wp\/v2\/product\/3196","targetHints":{"allow":["GET"]}}],"collection":[{"href":"https:\/\/rsrmoto.ee\/en\/wp-json\/wp\/v2\/product"}],"about":[{"href":"https:\/\/rsrmoto.ee\/en\/wp-json\/wp\/v2\/types\/product"}],"wp:featuredmedia":[{"embeddable":true,"href":"https:\/\/rsrmoto.ee\/en\/wp-json\/wp\/v2\/media\/3198"}],"wp:attachment":[{"href":"https:\/\/rsrmoto.ee\/en\/wp-json\/wp\/v2\/media?parent=3196"}],"wp:term":[{"taxonomy":"product_brand","embeddable":true,"href":"https:\/\/rsrmoto.ee\/en\/wp-json\/wp\/v2\/product_brand?post=3196"},{"taxonomy":"product_cat","embeddable":true,"href":"https:\/\/rsrmoto.ee\/en\/wp-json\/wp\/v2\/product_cat?post=3196"},{"taxonomy":"product_tag","embeddable":true,"href":"https:\/\/rsrmoto.ee\/en\/wp-json\/wp\/v2\/product_tag?post=3196"}],"curies":[{"name":"wp","href":"https:\/\/api.w.org\/{rel}","templated":true}]}}