{"id":3247,"date":"2024-05-14T14:58:12","date_gmt":"2024-05-14T11:58:12","guid":{"rendered":"https:\/\/www.rsrmoto.ee\/?post_type=product&#038;p=3247"},"modified":"2024-06-13T15:55:22","modified_gmt":"2024-06-13T12:55:22","slug":"thermal-underwear-allseason","status":"publish","type":"product","link":"https:\/\/rsrmoto.ee\/en\/product\/thermal-underwear-allseason\/","title":{"rendered":"Soe aluspesu &#8220;Allseason&#8221;"},"content":{"rendered":"<p>Uuendatud All Season termopesu sobib igasugustesse temperatuuritingimustesse. See on valmistatud tehnoloogiliselt arenenud h\u00fcpoallergeensest materjalist ja sellel pole \u00f5mblusi, mis muudab selle tihedalt istuvaks ja v\u00e4listab h\u00f5\u00f5rdumise. See aluspesu t\u00f6\u00f6tati algselt v\u00e4lja professionaalidele kui esimene varustuskiht kahlajate all karmides tingimustes. Materjal juhib t\u00f5husalt niiskust suurenenud higistamise piirkondadest eemale. Anatoomiline l\u00f5ige, mis on spetsiaalselt loodud kehale h\u00e4sti istuma.<\/p>","protected":false},"excerpt":{"rendered":"<p>Spetsifikatsioon<br \/>\nKihistamise t\u00fc\u00fcp:<br \/>\nAluskiht<br \/>\nTemperatuuri tingimused:<br \/>\n-15\u00b0C kuni +15\u00b0C<\/p>","protected":false},"featured_media":3249,"template":"","meta":[],"product_brand":[],"product_cat":[30,15,16,99],"product_tag":[],"class_list":{"0":"post-3247","1":"product","2":"type-product","3":"status-publish","4":"has-post-thumbnail","6":"product_cat-lumi","7":"product_cat-meestele","8":"product_cat-metsarajale","9":"product_cat-soe-aluspesu","11":"first","12":"instock","13":"taxable","14":"shipping-taxable","15":"purchasable","16":"product-type-variable"},"ct_brands":[],"yoast_head":"<!-- This site is optimized with the Yoast SEO plugin v27.3 - https:\/\/yoast.com\/product\/yoast-seo-wordpress\/ -->\n<title>Soe aluspesu &quot;Allseason&quot; - RSR Moto<\/title>\n<meta name=\"description\" content=\"Uuendatud All Season termopesu sobib igasugustesse temperatuuritingimustesse. See on valmistatud tehnoloogiliselt arenenud h\u00fcpoallergeensest materjalist\" \/>\n<meta name=\"robots\" content=\"index, follow, max-snippet:-1, max-image-preview:large, max-video-preview:-1\" \/>\n<link rel=\"canonical\" href=\"https:\/\/rsrmoto.ee\/en\/product\/thermal-underwear-allseason\/\" \/>\n<meta property=\"og:locale\" content=\"en_GB\" \/>\n<meta property=\"og:type\" content=\"article\" \/>\n<meta property=\"og:title\" content=\"Soe aluspesu &quot;Allseason&quot; - RSR Moto\" \/>\n<meta property=\"og:description\" content=\"Uuendatud All Season termopesu sobib igasugustesse temperatuuritingimustesse. See on valmistatud tehnoloogiliselt arenenud h\u00fcpoallergeensest materjalist\" \/>\n<meta property=\"og:url\" content=\"https:\/\/rsrmoto.ee\/en\/product\/thermal-underwear-allseason\/\" \/>\n<meta property=\"og:site_name\" content=\"RSR Moto\" \/>\n<meta property=\"article:modified_time\" content=\"2024-06-13T12:55:22+00:00\" \/>\n<meta property=\"og:image\" content=\"https:\/\/rsrmoto.ee\/wp-content\/uploads\/2024\/05\/qc0zu9j01z1ixdo9xu5th7zj26nhknsr.webp\" \/>\n\t<meta property=\"og:image:width\" content=\"1000\" \/>\n\t<meta property=\"og:image:height\" content=\"1000\" \/>\n\t<meta property=\"og:image:type\" content=\"image\/webp\" \/>\n<meta name=\"twitter:card\" content=\"summary_large_image\" \/>\n<meta name=\"twitter:label1\" content=\"Estimated reading time\" \/>\n\t<meta name=\"twitter:data1\" content=\"1 minute\" \/>\n<script type=\"application\/ld+json\" class=\"yoast-schema-graph\">{\"@context\":\"https:\\\/\\\/schema.org\",\"@graph\":[{\"@type\":\"WebPage\",\"@id\":\"https:\\\/\\\/rsrmoto.ee\\\/toode\\\/thermal-underwear-allseason\\\/\",\"url\":\"https:\\\/\\\/rsrmoto.ee\\\/toode\\\/thermal-underwear-allseason\\\/\",\"name\":\"Soe aluspesu \\\"Allseason\\\" - RSR Moto\",\"isPartOf\":{\"@id\":\"https:\\\/\\\/rsrmoto.ee\\\/#website\"},\"primaryImageOfPage\":{\"@id\":\"https:\\\/\\\/rsrmoto.ee\\\/toode\\\/thermal-underwear-allseason\\\/#primaryimage\"},\"image\":{\"@id\":\"https:\\\/\\\/rsrmoto.ee\\\/toode\\\/thermal-underwear-allseason\\\/#primaryimage\"},\"thumbnailUrl\":\"https:\\\/\\\/rsrmoto.ee\\\/wp-content\\\/uploads\\\/2024\\\/05\\\/qc0zu9j01z1ixdo9xu5th7zj26nhknsr.webp\",\"datePublished\":\"2024-05-14T11:58:12+00:00\",\"dateModified\":\"2024-06-13T12:55:22+00:00\",\"description\":\"Uuendatud All Season termopesu sobib igasugustesse temperatuuritingimustesse. See on valmistatud tehnoloogiliselt arenenud h\u00fcpoallergeensest materjalist\",\"breadcrumb\":{\"@id\":\"https:\\\/\\\/rsrmoto.ee\\\/toode\\\/thermal-underwear-allseason\\\/#breadcrumb\"},\"inLanguage\":\"en-GB\",\"potentialAction\":[{\"@type\":\"ReadAction\",\"target\":[\"https:\\\/\\\/rsrmoto.ee\\\/toode\\\/thermal-underwear-allseason\\\/\"]}]},{\"@type\":\"ImageObject\",\"inLanguage\":\"en-GB\",\"@id\":\"https:\\\/\\\/rsrmoto.ee\\\/toode\\\/thermal-underwear-allseason\\\/#primaryimage\",\"url\":\"https:\\\/\\\/rsrmoto.ee\\\/wp-content\\\/uploads\\\/2024\\\/05\\\/qc0zu9j01z1ixdo9xu5th7zj26nhknsr.webp\",\"contentUrl\":\"https:\\\/\\\/rsrmoto.ee\\\/wp-content\\\/uploads\\\/2024\\\/05\\\/qc0zu9j01z1ixdo9xu5th7zj26nhknsr.webp\",\"width\":1000,\"height\":1000},{\"@type\":\"BreadcrumbList\",\"@id\":\"https:\\\/\\\/rsrmoto.ee\\\/toode\\\/thermal-underwear-allseason\\\/#breadcrumb\",\"itemListElement\":[{\"@type\":\"ListItem\",\"position\":1,\"name\":\"Esileht\",\"item\":\"https:\\\/\\\/rsrmoto.ee\\\/\"},{\"@type\":\"ListItem\",\"position\":2,\"name\":\"Pood\",\"item\":\"https:\\\/\\\/rsrmoto.ee\\\/pood\\\/\"},{\"@type\":\"ListItem\",\"position\":3,\"name\":\"Soe aluspesu &#8220;Allseason&#8221;\"}]},{\"@type\":\"WebSite\",\"@id\":\"https:\\\/\\\/rsrmoto.ee\\\/#website\",\"url\":\"https:\\\/\\\/rsrmoto.ee\\\/\",\"name\":\"RSR Moto\",\"description\":\"Kvalitseetsed matka- ja kalastusriided\",\"publisher\":{\"@id\":\"https:\\\/\\\/rsrmoto.ee\\\/#organization\"},\"potentialAction\":[{\"@type\":\"SearchAction\",\"target\":{\"@type\":\"EntryPoint\",\"urlTemplate\":\"https:\\\/\\\/rsrmoto.ee\\\/?s={search_term_string}\"},\"query-input\":{\"@type\":\"PropertyValueSpecification\",\"valueRequired\":true,\"valueName\":\"search_term_string\"}}],\"inLanguage\":\"en-GB\"},{\"@type\":\"Organization\",\"@id\":\"https:\\\/\\\/rsrmoto.ee\\\/#organization\",\"name\":\"RSR Moto\",\"url\":\"https:\\\/\\\/rsrmoto.ee\\\/\",\"logo\":{\"@type\":\"ImageObject\",\"inLanguage\":\"en-GB\",\"@id\":\"https:\\\/\\\/rsrmoto.ee\\\/#\\\/schema\\\/logo\\\/image\\\/\",\"url\":\"https:\\\/\\\/www.rsrmoto.ee\\\/wp-content\\\/uploads\\\/2024\\\/05\\\/mountain-300x300-1.png\",\"contentUrl\":\"https:\\\/\\\/www.rsrmoto.ee\\\/wp-content\\\/uploads\\\/2024\\\/05\\\/mountain-300x300-1.png\",\"width\":300,\"height\":300,\"caption\":\"RSR Moto\"},\"image\":{\"@id\":\"https:\\\/\\\/rsrmoto.ee\\\/#\\\/schema\\\/logo\\\/image\\\/\"}}]}<\/script>\n<!-- \/ Yoast SEO plugin. -->","yoast_head_json":{"title":"Soe aluspesu \"Allseason\" - RSR Moto","description":"Uuendatud All Season termopesu sobib igasugustesse temperatuuritingimustesse. See on valmistatud tehnoloogiliselt arenenud h\u00fcpoallergeensest materjalist","robots":{"index":"index","follow":"follow","max-snippet":"max-snippet:-1","max-image-preview":"max-image-preview:large","max-video-preview":"max-video-preview:-1"},"canonical":"https:\/\/rsrmoto.ee\/en\/product\/thermal-underwear-allseason\/","og_locale":"en_GB","og_type":"article","og_title":"Soe aluspesu \"Allseason\" - RSR Moto","og_description":"Uuendatud All Season termopesu sobib igasugustesse temperatuuritingimustesse. See on valmistatud tehnoloogiliselt arenenud h\u00fcpoallergeensest materjalist","og_url":"https:\/\/rsrmoto.ee\/en\/product\/thermal-underwear-allseason\/","og_site_name":"RSR Moto","article_modified_time":"2024-06-13T12:55:22+00:00","og_image":[{"width":1000,"height":1000,"url":"https:\/\/rsrmoto.ee\/wp-content\/uploads\/2024\/05\/qc0zu9j01z1ixdo9xu5th7zj26nhknsr.webp","type":"image\/webp"}],"twitter_card":"summary_large_image","twitter_misc":{"Estimated reading time":"1 minute"},"schema":{"@context":"https:\/\/schema.org","@graph":[{"@type":"WebPage","@id":"https:\/\/rsrmoto.ee\/toode\/thermal-underwear-allseason\/","url":"https:\/\/rsrmoto.ee\/toode\/thermal-underwear-allseason\/","name":"Soe aluspesu \"Allseason\" - RSR Moto","isPartOf":{"@id":"https:\/\/rsrmoto.ee\/#website"},"primaryImageOfPage":{"@id":"https:\/\/rsrmoto.ee\/toode\/thermal-underwear-allseason\/#primaryimage"},"image":{"@id":"https:\/\/rsrmoto.ee\/toode\/thermal-underwear-allseason\/#primaryimage"},"thumbnailUrl":"https:\/\/rsrmoto.ee\/wp-content\/uploads\/2024\/05\/qc0zu9j01z1ixdo9xu5th7zj26nhknsr.webp","datePublished":"2024-05-14T11:58:12+00:00","dateModified":"2024-06-13T12:55:22+00:00","description":"Uuendatud All Season termopesu sobib igasugustesse temperatuuritingimustesse. See on valmistatud tehnoloogiliselt arenenud h\u00fcpoallergeensest materjalist","breadcrumb":{"@id":"https:\/\/rsrmoto.ee\/toode\/thermal-underwear-allseason\/#breadcrumb"},"inLanguage":"en-GB","potentialAction":[{"@type":"ReadAction","target":["https:\/\/rsrmoto.ee\/toode\/thermal-underwear-allseason\/"]}]},{"@type":"ImageObject","inLanguage":"en-GB","@id":"https:\/\/rsrmoto.ee\/toode\/thermal-underwear-allseason\/#primaryimage","url":"https:\/\/rsrmoto.ee\/wp-content\/uploads\/2024\/05\/qc0zu9j01z1ixdo9xu5th7zj26nhknsr.webp","contentUrl":"https:\/\/rsrmoto.ee\/wp-content\/uploads\/2024\/05\/qc0zu9j01z1ixdo9xu5th7zj26nhknsr.webp","width":1000,"height":1000},{"@type":"BreadcrumbList","@id":"https:\/\/rsrmoto.ee\/toode\/thermal-underwear-allseason\/#breadcrumb","itemListElement":[{"@type":"ListItem","position":1,"name":"Esileht","item":"https:\/\/rsrmoto.ee\/"},{"@type":"ListItem","position":2,"name":"Pood","item":"https:\/\/rsrmoto.ee\/pood\/"},{"@type":"ListItem","position":3,"name":"Soe aluspesu &#8220;Allseason&#8221;"}]},{"@type":"WebSite","@id":"https:\/\/rsrmoto.ee\/#website","url":"https:\/\/rsrmoto.ee\/","name":"RSR Moto","description":"Kvalitseetsed matka- ja kalastusriided","publisher":{"@id":"https:\/\/rsrmoto.ee\/#organization"},"potentialAction":[{"@type":"SearchAction","target":{"@type":"EntryPoint","urlTemplate":"https:\/\/rsrmoto.ee\/?s={search_term_string}"},"query-input":{"@type":"PropertyValueSpecification","valueRequired":true,"valueName":"search_term_string"}}],"inLanguage":"en-GB"},{"@type":"Organization","@id":"https:\/\/rsrmoto.ee\/#organization","name":"RSR Moto","url":"https:\/\/rsrmoto.ee\/","logo":{"@type":"ImageObject","inLanguage":"en-GB","@id":"https:\/\/rsrmoto.ee\/#\/schema\/logo\/image\/","url":"https:\/\/www.rsrmoto.ee\/wp-content\/uploads\/2024\/05\/mountain-300x300-1.png","contentUrl":"https:\/\/www.rsrmoto.ee\/wp-content\/uploads\/2024\/05\/mountain-300x300-1.png","width":300,"height":300,"caption":"RSR Moto"},"image":{"@id":"https:\/\/rsrmoto.ee\/#\/schema\/logo\/image\/"}}]}},"_links":{"self":[{"href":"https:\/\/rsrmoto.ee\/en\/wp-json\/wp\/v2\/product\/3247","targetHints":{"allow":["GET"]}}],"collection":[{"href":"https:\/\/rsrmoto.ee\/en\/wp-json\/wp\/v2\/product"}],"about":[{"href":"https:\/\/rsrmoto.ee\/en\/wp-json\/wp\/v2\/types\/product"}],"wp:featuredmedia":[{"embeddable":true,"href":"https:\/\/rsrmoto.ee\/en\/wp-json\/wp\/v2\/media\/3249"}],"wp:attachment":[{"href":"https:\/\/rsrmoto.ee\/en\/wp-json\/wp\/v2\/media?parent=3247"}],"wp:term":[{"taxonomy":"product_brand","embeddable":true,"href":"https:\/\/rsrmoto.ee\/en\/wp-json\/wp\/v2\/product_brand?post=3247"},{"taxonomy":"product_cat","embeddable":true,"href":"https:\/\/rsrmoto.ee\/en\/wp-json\/wp\/v2\/product_cat?post=3247"},{"taxonomy":"product_tag","embeddable":true,"href":"https:\/\/rsrmoto.ee\/en\/wp-json\/wp\/v2\/product_tag?post=3247"}],"curies":[{"name":"wp","href":"https:\/\/api.w.org\/{rel}","templated":true}]}}