{"id":3301,"date":"2024-05-14T15:10:50","date_gmt":"2024-05-14T12:10:50","guid":{"rendered":"https:\/\/www.rsrmoto.ee\/?post_type=product&#038;p=3301"},"modified":"2024-06-13T15:54:18","modified_gmt":"2024-06-13T12:54:18","slug":"thermal-underwear-subzero-women","status":"publish","type":"product","link":"https:\/\/rsrmoto.ee\/en\/product\/thermal-underwear-subzero-women\/","title":{"rendered":"Soe aluspesu &#8220;Subzero&#8221; Naistele"},"content":{"rendered":"<p>K\u00f5ige soojem aluskiht, mis on loodud spetsiaalselt naistele, kes naudivad looduse avastamist: parim valik soojuse ja mugavuse osas. K\u00f5rge t\u00f5mblukuga krae ja anatoomilise l\u00f5ikega see tagab turvalise ja tiheda istuvuse, kaitstes teid jaheda \u00f5huvoolu eest. Lamedate \u00f5mbluste kasutamine hoiab \u00e4ra v\u00f5imaliku ebamugavustunde h\u00f5\u00f5rdumise, v\u00f5imaldades teil keskenduda oma seiklustele ilma segamiseta.<\/p>\n<p>&nbsp;<\/p>","protected":false},"excerpt":{"rendered":"<p>Temperatuurivahemik: -30\u00b0C kuni 0\u00b0\u0421<br \/>\nWAFFLE-KNIT\u00ae fliis<br \/>\nLamedad \u00f5mblused<br \/>\nK\u00f5rge lukuga krae<br \/>\nKohandatud naistele<\/p>","protected":false},"featured_media":3309,"template":"","meta":[],"product_brand":[],"product_cat":[30,16,23,36],"product_tag":[],"class_list":{"0":"post-3301","1":"product","2":"type-product","3":"status-publish","4":"has-post-thumbnail","6":"product_cat-lumi","7":"product_cat-metsarajale","8":"product_cat-naistele","9":"product_cat-termoriided-naistele","11":"first","12":"instock","13":"taxable","14":"shipping-taxable","15":"purchasable","16":"product-type-variable"},"ct_brands":[],"yoast_head":"<!-- This site is optimized with the Yoast SEO plugin v27.3 - https:\/\/yoast.com\/product\/yoast-seo-wordpress\/ -->\n<title>Soe aluspesu &quot;Subzero&quot; Naistele - RSR Moto<\/title>\n<meta name=\"description\" content=\"K\u00f5ige soojem aluskiht, mis on loodud spetsiaalselt naistele, kes naudivad looduse avastamist: parim valik soojuse ja mugavuse osas. K\u00f5rge t\u00f5mblukuga\" \/>\n<meta name=\"robots\" content=\"index, follow, max-snippet:-1, max-image-preview:large, max-video-preview:-1\" \/>\n<link rel=\"canonical\" href=\"https:\/\/rsrmoto.ee\/en\/product\/thermal-underwear-subzero-women\/\" \/>\n<meta property=\"og:locale\" content=\"en_GB\" \/>\n<meta property=\"og:type\" content=\"article\" \/>\n<meta property=\"og:title\" content=\"Soe aluspesu &quot;Subzero&quot; Naistele - RSR Moto\" \/>\n<meta property=\"og:description\" content=\"K\u00f5ige soojem aluskiht, mis on loodud spetsiaalselt naistele, kes naudivad looduse avastamist: parim valik soojuse ja mugavuse osas. K\u00f5rge t\u00f5mblukuga\" \/>\n<meta property=\"og:url\" content=\"https:\/\/rsrmoto.ee\/en\/product\/thermal-underwear-subzero-women\/\" \/>\n<meta property=\"og:site_name\" content=\"RSR Moto\" \/>\n<meta property=\"article:modified_time\" content=\"2024-06-13T12:54:18+00:00\" \/>\n<meta property=\"og:image\" content=\"https:\/\/rsrmoto.ee\/wp-content\/uploads\/2024\/05\/4caqbs2fo0tcwkei2qx4nyaystgft1ib.webp\" \/>\n\t<meta property=\"og:image:width\" content=\"1000\" \/>\n\t<meta property=\"og:image:height\" content=\"1000\" \/>\n\t<meta property=\"og:image:type\" content=\"image\/webp\" \/>\n<meta name=\"twitter:card\" content=\"summary_large_image\" \/>\n<meta name=\"twitter:label1\" content=\"Estimated reading time\" \/>\n\t<meta name=\"twitter:data1\" content=\"1 minute\" \/>\n<script type=\"application\/ld+json\" class=\"yoast-schema-graph\">{\"@context\":\"https:\\\/\\\/schema.org\",\"@graph\":[{\"@type\":\"WebPage\",\"@id\":\"https:\\\/\\\/rsrmoto.ee\\\/toode\\\/thermal-underwear-subzero-women\\\/\",\"url\":\"https:\\\/\\\/rsrmoto.ee\\\/toode\\\/thermal-underwear-subzero-women\\\/\",\"name\":\"Soe aluspesu \\\"Subzero\\\" Naistele - RSR Moto\",\"isPartOf\":{\"@id\":\"https:\\\/\\\/rsrmoto.ee\\\/#website\"},\"primaryImageOfPage\":{\"@id\":\"https:\\\/\\\/rsrmoto.ee\\\/toode\\\/thermal-underwear-subzero-women\\\/#primaryimage\"},\"image\":{\"@id\":\"https:\\\/\\\/rsrmoto.ee\\\/toode\\\/thermal-underwear-subzero-women\\\/#primaryimage\"},\"thumbnailUrl\":\"https:\\\/\\\/rsrmoto.ee\\\/wp-content\\\/uploads\\\/2024\\\/05\\\/4caqbs2fo0tcwkei2qx4nyaystgft1ib.webp\",\"datePublished\":\"2024-05-14T12:10:50+00:00\",\"dateModified\":\"2024-06-13T12:54:18+00:00\",\"description\":\"K\u00f5ige soojem aluskiht, mis on loodud spetsiaalselt naistele, kes naudivad looduse avastamist: parim valik soojuse ja mugavuse osas. K\u00f5rge t\u00f5mblukuga\",\"breadcrumb\":{\"@id\":\"https:\\\/\\\/rsrmoto.ee\\\/toode\\\/thermal-underwear-subzero-women\\\/#breadcrumb\"},\"inLanguage\":\"en-GB\",\"potentialAction\":[{\"@type\":\"ReadAction\",\"target\":[\"https:\\\/\\\/rsrmoto.ee\\\/toode\\\/thermal-underwear-subzero-women\\\/\"]}]},{\"@type\":\"ImageObject\",\"inLanguage\":\"en-GB\",\"@id\":\"https:\\\/\\\/rsrmoto.ee\\\/toode\\\/thermal-underwear-subzero-women\\\/#primaryimage\",\"url\":\"https:\\\/\\\/rsrmoto.ee\\\/wp-content\\\/uploads\\\/2024\\\/05\\\/4caqbs2fo0tcwkei2qx4nyaystgft1ib.webp\",\"contentUrl\":\"https:\\\/\\\/rsrmoto.ee\\\/wp-content\\\/uploads\\\/2024\\\/05\\\/4caqbs2fo0tcwkei2qx4nyaystgft1ib.webp\",\"width\":1000,\"height\":1000},{\"@type\":\"BreadcrumbList\",\"@id\":\"https:\\\/\\\/rsrmoto.ee\\\/toode\\\/thermal-underwear-subzero-women\\\/#breadcrumb\",\"itemListElement\":[{\"@type\":\"ListItem\",\"position\":1,\"name\":\"Esileht\",\"item\":\"https:\\\/\\\/rsrmoto.ee\\\/\"},{\"@type\":\"ListItem\",\"position\":2,\"name\":\"Pood\",\"item\":\"https:\\\/\\\/rsrmoto.ee\\\/pood\\\/\"},{\"@type\":\"ListItem\",\"position\":3,\"name\":\"Soe aluspesu &#8220;Subzero&#8221; Naistele\"}]},{\"@type\":\"WebSite\",\"@id\":\"https:\\\/\\\/rsrmoto.ee\\\/#website\",\"url\":\"https:\\\/\\\/rsrmoto.ee\\\/\",\"name\":\"RSR Moto\",\"description\":\"Kvalitseetsed matka- ja kalastusriided\",\"publisher\":{\"@id\":\"https:\\\/\\\/rsrmoto.ee\\\/#organization\"},\"potentialAction\":[{\"@type\":\"SearchAction\",\"target\":{\"@type\":\"EntryPoint\",\"urlTemplate\":\"https:\\\/\\\/rsrmoto.ee\\\/?s={search_term_string}\"},\"query-input\":{\"@type\":\"PropertyValueSpecification\",\"valueRequired\":true,\"valueName\":\"search_term_string\"}}],\"inLanguage\":\"en-GB\"},{\"@type\":\"Organization\",\"@id\":\"https:\\\/\\\/rsrmoto.ee\\\/#organization\",\"name\":\"RSR Moto\",\"url\":\"https:\\\/\\\/rsrmoto.ee\\\/\",\"logo\":{\"@type\":\"ImageObject\",\"inLanguage\":\"en-GB\",\"@id\":\"https:\\\/\\\/rsrmoto.ee\\\/#\\\/schema\\\/logo\\\/image\\\/\",\"url\":\"https:\\\/\\\/www.rsrmoto.ee\\\/wp-content\\\/uploads\\\/2024\\\/05\\\/mountain-300x300-1.png\",\"contentUrl\":\"https:\\\/\\\/www.rsrmoto.ee\\\/wp-content\\\/uploads\\\/2024\\\/05\\\/mountain-300x300-1.png\",\"width\":300,\"height\":300,\"caption\":\"RSR Moto\"},\"image\":{\"@id\":\"https:\\\/\\\/rsrmoto.ee\\\/#\\\/schema\\\/logo\\\/image\\\/\"}}]}<\/script>\n<!-- \/ Yoast SEO plugin. -->","yoast_head_json":{"title":"Soe aluspesu \"Subzero\" Naistele - RSR Moto","description":"K\u00f5ige soojem aluskiht, mis on loodud spetsiaalselt naistele, kes naudivad looduse avastamist: parim valik soojuse ja mugavuse osas. K\u00f5rge t\u00f5mblukuga","robots":{"index":"index","follow":"follow","max-snippet":"max-snippet:-1","max-image-preview":"max-image-preview:large","max-video-preview":"max-video-preview:-1"},"canonical":"https:\/\/rsrmoto.ee\/en\/product\/thermal-underwear-subzero-women\/","og_locale":"en_GB","og_type":"article","og_title":"Soe aluspesu \"Subzero\" Naistele - RSR Moto","og_description":"K\u00f5ige soojem aluskiht, mis on loodud spetsiaalselt naistele, kes naudivad looduse avastamist: parim valik soojuse ja mugavuse osas. K\u00f5rge t\u00f5mblukuga","og_url":"https:\/\/rsrmoto.ee\/en\/product\/thermal-underwear-subzero-women\/","og_site_name":"RSR Moto","article_modified_time":"2024-06-13T12:54:18+00:00","og_image":[{"width":1000,"height":1000,"url":"https:\/\/rsrmoto.ee\/wp-content\/uploads\/2024\/05\/4caqbs2fo0tcwkei2qx4nyaystgft1ib.webp","type":"image\/webp"}],"twitter_card":"summary_large_image","twitter_misc":{"Estimated reading time":"1 minute"},"schema":{"@context":"https:\/\/schema.org","@graph":[{"@type":"WebPage","@id":"https:\/\/rsrmoto.ee\/toode\/thermal-underwear-subzero-women\/","url":"https:\/\/rsrmoto.ee\/toode\/thermal-underwear-subzero-women\/","name":"Soe aluspesu \"Subzero\" Naistele - RSR Moto","isPartOf":{"@id":"https:\/\/rsrmoto.ee\/#website"},"primaryImageOfPage":{"@id":"https:\/\/rsrmoto.ee\/toode\/thermal-underwear-subzero-women\/#primaryimage"},"image":{"@id":"https:\/\/rsrmoto.ee\/toode\/thermal-underwear-subzero-women\/#primaryimage"},"thumbnailUrl":"https:\/\/rsrmoto.ee\/wp-content\/uploads\/2024\/05\/4caqbs2fo0tcwkei2qx4nyaystgft1ib.webp","datePublished":"2024-05-14T12:10:50+00:00","dateModified":"2024-06-13T12:54:18+00:00","description":"K\u00f5ige soojem aluskiht, mis on loodud spetsiaalselt naistele, kes naudivad looduse avastamist: parim valik soojuse ja mugavuse osas. K\u00f5rge t\u00f5mblukuga","breadcrumb":{"@id":"https:\/\/rsrmoto.ee\/toode\/thermal-underwear-subzero-women\/#breadcrumb"},"inLanguage":"en-GB","potentialAction":[{"@type":"ReadAction","target":["https:\/\/rsrmoto.ee\/toode\/thermal-underwear-subzero-women\/"]}]},{"@type":"ImageObject","inLanguage":"en-GB","@id":"https:\/\/rsrmoto.ee\/toode\/thermal-underwear-subzero-women\/#primaryimage","url":"https:\/\/rsrmoto.ee\/wp-content\/uploads\/2024\/05\/4caqbs2fo0tcwkei2qx4nyaystgft1ib.webp","contentUrl":"https:\/\/rsrmoto.ee\/wp-content\/uploads\/2024\/05\/4caqbs2fo0tcwkei2qx4nyaystgft1ib.webp","width":1000,"height":1000},{"@type":"BreadcrumbList","@id":"https:\/\/rsrmoto.ee\/toode\/thermal-underwear-subzero-women\/#breadcrumb","itemListElement":[{"@type":"ListItem","position":1,"name":"Esileht","item":"https:\/\/rsrmoto.ee\/"},{"@type":"ListItem","position":2,"name":"Pood","item":"https:\/\/rsrmoto.ee\/pood\/"},{"@type":"ListItem","position":3,"name":"Soe aluspesu &#8220;Subzero&#8221; Naistele"}]},{"@type":"WebSite","@id":"https:\/\/rsrmoto.ee\/#website","url":"https:\/\/rsrmoto.ee\/","name":"RSR Moto","description":"Kvalitseetsed matka- ja kalastusriided","publisher":{"@id":"https:\/\/rsrmoto.ee\/#organization"},"potentialAction":[{"@type":"SearchAction","target":{"@type":"EntryPoint","urlTemplate":"https:\/\/rsrmoto.ee\/?s={search_term_string}"},"query-input":{"@type":"PropertyValueSpecification","valueRequired":true,"valueName":"search_term_string"}}],"inLanguage":"en-GB"},{"@type":"Organization","@id":"https:\/\/rsrmoto.ee\/#organization","name":"RSR Moto","url":"https:\/\/rsrmoto.ee\/","logo":{"@type":"ImageObject","inLanguage":"en-GB","@id":"https:\/\/rsrmoto.ee\/#\/schema\/logo\/image\/","url":"https:\/\/www.rsrmoto.ee\/wp-content\/uploads\/2024\/05\/mountain-300x300-1.png","contentUrl":"https:\/\/www.rsrmoto.ee\/wp-content\/uploads\/2024\/05\/mountain-300x300-1.png","width":300,"height":300,"caption":"RSR Moto"},"image":{"@id":"https:\/\/rsrmoto.ee\/#\/schema\/logo\/image\/"}}]}},"_links":{"self":[{"href":"https:\/\/rsrmoto.ee\/en\/wp-json\/wp\/v2\/product\/3301","targetHints":{"allow":["GET"]}}],"collection":[{"href":"https:\/\/rsrmoto.ee\/en\/wp-json\/wp\/v2\/product"}],"about":[{"href":"https:\/\/rsrmoto.ee\/en\/wp-json\/wp\/v2\/types\/product"}],"wp:featuredmedia":[{"embeddable":true,"href":"https:\/\/rsrmoto.ee\/en\/wp-json\/wp\/v2\/media\/3309"}],"wp:attachment":[{"href":"https:\/\/rsrmoto.ee\/en\/wp-json\/wp\/v2\/media?parent=3301"}],"wp:term":[{"taxonomy":"product_brand","embeddable":true,"href":"https:\/\/rsrmoto.ee\/en\/wp-json\/wp\/v2\/product_brand?post=3301"},{"taxonomy":"product_cat","embeddable":true,"href":"https:\/\/rsrmoto.ee\/en\/wp-json\/wp\/v2\/product_cat?post=3301"},{"taxonomy":"product_tag","embeddable":true,"href":"https:\/\/rsrmoto.ee\/en\/wp-json\/wp\/v2\/product_tag?post=3301"}],"curies":[{"name":"wp","href":"https:\/\/api.w.org\/{rel}","templated":true}]}}